{"id":11460,"date":"2023-06-15T11:12:52","date_gmt":"2023-06-15T09:12:52","guid":{"rendered":"https:\/\/www.stalam.com\/i-am-the-revolution\/"},"modified":"2024-06-07T10:36:44","modified_gmt":"2024-06-07T08:36:44","slug":"i-am-the-revolution","status":"publish","type":"page","link":"https:\/\/www.stalam.com\/es\/i-am-the-revolution\/","title":{"rendered":"I am the revolution"},"content":{"rendered":"\n<div class=\"fascia-bread-title bgcolor-white \">\n    <div class=\"container-fascia-bread-title\">\n        <p id=\"breadcrumbs\"><span><span><a href=\"https:\/\/www.stalam.com\/es\/\">Home<\/a><\/span><\/span><\/p>                <h1 class=\"title-big\">I am the revolution<\/h1>\n    <\/div>\n<\/div>\n\n\n\n\n<p>Stalam es la primera empresa en presentar una soluci\u00f3n de generador basado en estado s\u00f3lido, en lugar de triodo, en un equipo de radiofrecuencia. El equipo RF es una soluci\u00f3n de alta eficiencia para atemperar\/descongelar, secar y pasteurizar.<\/p>\n\n\n\n<div style=\"height:50px\" aria-hidden=\"true\" class=\"wp-block-spacer\"><\/div>\n\n\n\n<figure class=\"wp-block-embed is-type-video is-provider-youtube wp-block-embed-youtube wp-embed-aspect-16-9 wp-has-aspect-ratio\"><div class=\"wp-block-embed__wrapper\">\n<iframe loading=\"lazy\" title=\"I AM THE REVOLUTION - SOLID STATE GENERATOR\" width=\"1200\" height=\"675\" src=\"https:\/\/www.youtube.com\/embed\/sSQ-ePwF0Mc?feature=oembed\" frameborder=\"0\" allow=\"accelerometer; autoplay; clipboard-write; encrypted-media; gyroscope; picture-in-picture; web-share\" referrerpolicy=\"strict-origin-when-cross-origin\" allowfullscreen><\/iframe>\n<\/div><\/figure>\n","protected":false},"excerpt":{"rendered":"<p>Stalam es la primera empresa en presentar una soluci\u00f3n de generador basado en estado [&hellip;]<\/p>\n","protected":false},"author":1,"featured_media":0,"parent":0,"menu_order":0,"comment_status":"closed","ping_status":"closed","template":"","meta":{"_acf_changed":false,"content-type":"","footnotes":""},"class_list":["post-11460","page","type-page","status-publish","hentry"],"acf":[],"yoast_head":"<!-- This site is optimized with the Yoast SEO Premium plugin v23.9 (Yoast SEO v27.3) - https:\/\/yoast.com\/product\/yoast-seo-premium-wordpress\/ -->\n<title>I am the revolution | Stalam<\/title>\n<meta name=\"description\" content=\"Stalam es la primera empresa en presentar una soluci\u00f3n de generador basado en estado s\u00f3lido, en lugar de triodo, en un equipo de radiofrecuencia. El equipo RF es una soluci\u00f3n de alta eficiencia para atemperar\/descongelar, secar y pasteurizar.\" \/>\n<meta name=\"robots\" content=\"index, follow, max-snippet:-1, max-image-preview:large, max-video-preview:-1\" \/>\n<link rel=\"canonical\" href=\"https:\/\/www.stalam.com\/en\/i-am-the-revolution\/\" \/>\n<meta property=\"og:locale\" content=\"es_ES\" \/>\n<meta property=\"og:type\" content=\"article\" \/>\n<meta property=\"og:title\" content=\"I am the revolution\" \/>\n<meta property=\"og:description\" content=\"Stalam es la primera empresa en presentar una soluci\u00f3n de generador basado en estado s\u00f3lido, en lugar de triodo, en un equipo de radiofrecuencia. El equipo RF es una soluci\u00f3n de alta eficiencia para atemperar\/descongelar, secar y pasteurizar.\" \/>\n<meta property=\"og:url\" content=\"https:\/\/www.stalam.com\/en\/i-am-the-revolution\/\" \/>\n<meta property=\"og:site_name\" content=\"Stalam\" \/>\n<meta property=\"article:publisher\" content=\"https:\/\/www.facebook.com\/Stalam-184036235760438\/\" \/>\n<meta property=\"article:modified_time\" content=\"2024-06-07T08:36:44+00:00\" \/>\n<meta property=\"og:image\" content=\"https:\/\/www.stalam.com\/wp-content\/uploads\/2023\/06\/stalam-logo.png\" \/>\n\t<meta property=\"og:image:width\" content=\"634\" \/>\n\t<meta property=\"og:image:height\" content=\"176\" \/>\n\t<meta property=\"og:image:type\" content=\"image\/png\" \/>\n<meta name=\"twitter:card\" content=\"summary_large_image\" \/>\n<meta name=\"twitter:label1\" content=\"Tiempo de lectura\" \/>\n\t<meta name=\"twitter:data1\" content=\"1 minuto\" \/>\n<script type=\"application\/ld+json\" class=\"yoast-schema-graph\">{\"@context\":\"https:\\\/\\\/schema.org\",\"@graph\":[{\"@type\":\"WebPage\",\"@id\":\"https:\\\/\\\/www.stalam.com\\\/en\\\/i-am-the-revolution\\\/\",\"url\":\"https:\\\/\\\/www.stalam.com\\\/en\\\/i-am-the-revolution\\\/\",\"name\":\"I am the revolution | Stalam\",\"isPartOf\":{\"@id\":\"https:\\\/\\\/www.stalam.com\\\/#website\"},\"datePublished\":\"2023-06-15T09:12:52+00:00\",\"dateModified\":\"2024-06-07T08:36:44+00:00\",\"description\":\"Stalam es la primera empresa en presentar una soluci\u00f3n de generador basado en estado s\u00f3lido, en lugar de triodo, en un equipo de radiofrecuencia. El equipo RF es una soluci\u00f3n de alta eficiencia para atemperar\\\/descongelar, secar y pasteurizar.\",\"breadcrumb\":{\"@id\":\"https:\\\/\\\/www.stalam.com\\\/en\\\/i-am-the-revolution\\\/#breadcrumb\"},\"inLanguage\":\"es\",\"potentialAction\":[{\"@type\":\"ReadAction\",\"target\":[\"https:\\\/\\\/www.stalam.com\\\/en\\\/i-am-the-revolution\\\/\"]}]},{\"@type\":\"BreadcrumbList\",\"@id\":\"https:\\\/\\\/www.stalam.com\\\/en\\\/i-am-the-revolution\\\/#breadcrumb\",\"itemListElement\":[{\"@type\":\"ListItem\",\"position\":1,\"name\":\"Home\",\"item\":\"https:\\\/\\\/www.stalam.com\\\/es\\\/\"},{\"@type\":\"ListItem\",\"position\":2,\"name\":\"I am the revolution\"}]},{\"@type\":\"WebSite\",\"@id\":\"https:\\\/\\\/www.stalam.com\\\/#website\",\"url\":\"https:\\\/\\\/www.stalam.com\\\/\",\"name\":\"Stalam\",\"description\":\"\",\"publisher\":{\"@id\":\"https:\\\/\\\/www.stalam.com\\\/#organization\"},\"potentialAction\":[{\"@type\":\"SearchAction\",\"target\":{\"@type\":\"EntryPoint\",\"urlTemplate\":\"https:\\\/\\\/www.stalam.com\\\/?s={search_term_string}\"},\"query-input\":{\"@type\":\"PropertyValueSpecification\",\"valueRequired\":true,\"valueName\":\"search_term_string\"}}],\"inLanguage\":\"es\"},{\"@type\":\"Organization\",\"@id\":\"https:\\\/\\\/www.stalam.com\\\/#organization\",\"name\":\"Stalam\",\"url\":\"https:\\\/\\\/www.stalam.com\\\/\",\"logo\":{\"@type\":\"ImageObject\",\"inLanguage\":\"es\",\"@id\":\"https:\\\/\\\/www.stalam.com\\\/#\\\/schema\\\/logo\\\/image\\\/\",\"url\":\"https:\\\/\\\/www.stalam.com\\\/wp-content\\\/uploads\\\/2023\\\/06\\\/stalam-logo.png\",\"contentUrl\":\"https:\\\/\\\/www.stalam.com\\\/wp-content\\\/uploads\\\/2023\\\/06\\\/stalam-logo.png\",\"width\":634,\"height\":176,\"caption\":\"Stalam\"},\"image\":{\"@id\":\"https:\\\/\\\/www.stalam.com\\\/#\\\/schema\\\/logo\\\/image\\\/\"},\"sameAs\":[\"https:\\\/\\\/www.facebook.com\\\/Stalam-184036235760438\\\/\",\"https:\\\/\\\/www.linkedin.com\\\/company\\\/stalam\\\/\",\"https:\\\/\\\/www.youtube.com\\\/channel\\\/UCcl2pZ10KrADorPJccCu43Q\"]}]}<\/script>\n<!-- \/ Yoast SEO Premium plugin. -->","yoast_head_json":{"title":"I am the revolution | Stalam","description":"Stalam es la primera empresa en presentar una soluci\u00f3n de generador basado en estado s\u00f3lido, en lugar de triodo, en un equipo de radiofrecuencia. El equipo RF es una soluci\u00f3n de alta eficiencia para atemperar\/descongelar, secar y pasteurizar.","robots":{"index":"index","follow":"follow","max-snippet":"max-snippet:-1","max-image-preview":"max-image-preview:large","max-video-preview":"max-video-preview:-1"},"canonical":"https:\/\/www.stalam.com\/en\/i-am-the-revolution\/","og_locale":"es_ES","og_type":"article","og_title":"I am the revolution","og_description":"Stalam es la primera empresa en presentar una soluci\u00f3n de generador basado en estado s\u00f3lido, en lugar de triodo, en un equipo de radiofrecuencia. El equipo RF es una soluci\u00f3n de alta eficiencia para atemperar\/descongelar, secar y pasteurizar.","og_url":"https:\/\/www.stalam.com\/en\/i-am-the-revolution\/","og_site_name":"Stalam","article_publisher":"https:\/\/www.facebook.com\/Stalam-184036235760438\/","article_modified_time":"2024-06-07T08:36:44+00:00","og_image":[{"width":634,"height":176,"url":"https:\/\/www.stalam.com\/wp-content\/uploads\/2023\/06\/stalam-logo.png","type":"image\/png"}],"twitter_card":"summary_large_image","twitter_misc":{"Tiempo de lectura":"1 minuto"},"schema":{"@context":"https:\/\/schema.org","@graph":[{"@type":"WebPage","@id":"https:\/\/www.stalam.com\/en\/i-am-the-revolution\/","url":"https:\/\/www.stalam.com\/en\/i-am-the-revolution\/","name":"I am the revolution | Stalam","isPartOf":{"@id":"https:\/\/www.stalam.com\/#website"},"datePublished":"2023-06-15T09:12:52+00:00","dateModified":"2024-06-07T08:36:44+00:00","description":"Stalam es la primera empresa en presentar una soluci\u00f3n de generador basado en estado s\u00f3lido, en lugar de triodo, en un equipo de radiofrecuencia. El equipo RF es una soluci\u00f3n de alta eficiencia para atemperar\/descongelar, secar y pasteurizar.","breadcrumb":{"@id":"https:\/\/www.stalam.com\/en\/i-am-the-revolution\/#breadcrumb"},"inLanguage":"es","potentialAction":[{"@type":"ReadAction","target":["https:\/\/www.stalam.com\/en\/i-am-the-revolution\/"]}]},{"@type":"BreadcrumbList","@id":"https:\/\/www.stalam.com\/en\/i-am-the-revolution\/#breadcrumb","itemListElement":[{"@type":"ListItem","position":1,"name":"Home","item":"https:\/\/www.stalam.com\/es\/"},{"@type":"ListItem","position":2,"name":"I am the revolution"}]},{"@type":"WebSite","@id":"https:\/\/www.stalam.com\/#website","url":"https:\/\/www.stalam.com\/","name":"Stalam","description":"","publisher":{"@id":"https:\/\/www.stalam.com\/#organization"},"potentialAction":[{"@type":"SearchAction","target":{"@type":"EntryPoint","urlTemplate":"https:\/\/www.stalam.com\/?s={search_term_string}"},"query-input":{"@type":"PropertyValueSpecification","valueRequired":true,"valueName":"search_term_string"}}],"inLanguage":"es"},{"@type":"Organization","@id":"https:\/\/www.stalam.com\/#organization","name":"Stalam","url":"https:\/\/www.stalam.com\/","logo":{"@type":"ImageObject","inLanguage":"es","@id":"https:\/\/www.stalam.com\/#\/schema\/logo\/image\/","url":"https:\/\/www.stalam.com\/wp-content\/uploads\/2023\/06\/stalam-logo.png","contentUrl":"https:\/\/www.stalam.com\/wp-content\/uploads\/2023\/06\/stalam-logo.png","width":634,"height":176,"caption":"Stalam"},"image":{"@id":"https:\/\/www.stalam.com\/#\/schema\/logo\/image\/"},"sameAs":["https:\/\/www.facebook.com\/Stalam-184036235760438\/","https:\/\/www.linkedin.com\/company\/stalam\/","https:\/\/www.youtube.com\/channel\/UCcl2pZ10KrADorPJccCu43Q"]}]}},"_links":{"self":[{"href":"https:\/\/www.stalam.com\/es\/wp-json\/wp\/v2\/pages\/11460","targetHints":{"allow":["GET"]}}],"collection":[{"href":"https:\/\/www.stalam.com\/es\/wp-json\/wp\/v2\/pages"}],"about":[{"href":"https:\/\/www.stalam.com\/es\/wp-json\/wp\/v2\/types\/page"}],"author":[{"embeddable":true,"href":"https:\/\/www.stalam.com\/es\/wp-json\/wp\/v2\/users\/1"}],"replies":[{"embeddable":true,"href":"https:\/\/www.stalam.com\/es\/wp-json\/wp\/v2\/comments?post=11460"}],"version-history":[{"count":1,"href":"https:\/\/www.stalam.com\/es\/wp-json\/wp\/v2\/pages\/11460\/revisions"}],"predecessor-version":[{"id":11461,"href":"https:\/\/www.stalam.com\/es\/wp-json\/wp\/v2\/pages\/11460\/revisions\/11461"}],"wp:attachment":[{"href":"https:\/\/www.stalam.com\/es\/wp-json\/wp\/v2\/media?parent=11460"}],"curies":[{"name":"wp","href":"https:\/\/api.w.org\/{rel}","templated":true}]}}