{"id":11550,"date":"2024-01-30T15:20:57","date_gmt":"2024-01-30T14:20:57","guid":{"rendered":"https:\/\/www.stalam.com\/?page_id=11550"},"modified":"2025-01-14T14:31:53","modified_gmt":"2025-01-14T13:31:53","slug":"pasteurizacion-de-productos-liquidos","status":"publish","type":"page","link":"https:\/\/www.stalam.com\/es\/alimentario\/pasteurizacion-de-productos-liquidos\/","title":{"rendered":"Pasteurizaci\u00f3n de productos l\u00edquidos"},"content":{"rendered":"\n<div class=\"fascia-bread-title bgcolor-white \">\n    <div class=\"container-fascia-bread-title\">\n        <p id=\"breadcrumbs\"><span><span><a href=\"https:\/\/www.stalam.com\/es\/\">Home<\/a><\/span><\/span><\/p>                    <span class=\"title\">Alimentario<\/span>\n                <h1 class=\"title-big\">Pasteurizaci\u00f3n de productos l\u00edquidos<\/h1>\n    <\/div>\n<\/div>\n\n\n\n<div class=\"fascia-img-header\">\n    <img loading=\"lazy\" decoding=\"async\" src=\"https:\/\/www.stalam.com\/wp-content\/uploads\/2023\/05\/pastorization-and-sterilization-equipment-liquid-in-the-tube-2.jpg\" alt=\"\" width=\"600\" height=\"400\">\n<\/div>\n\n\n\n\n<div class=\"wp-block-columns col-fullwidth is-layout-flex wp-container-core-columns-is-layout-9d6595d7 wp-block-columns-is-layout-flex\">\n<div class=\"wp-block-column is-layout-flow wp-block-column-is-layout-flow\" style=\"flex-basis:33.3%\"><div class=\"sidebar-prodotti-container\"><div class=\"topbar-prodotti\" id=\"topbar\"><ul><li class=\"page_item page-item-3811 page_item_has_children\"><a href=\"https:\/\/www.stalam.com\/es\/alimentario\/usos-para-panaderias-industriales\/\">Usos para panader\u00edas industriales<\/a><\/li>\n<li class=\"page_item page-item-3822 page_item_has_children\"><a href=\"https:\/\/www.stalam.com\/es\/alimentario\/atemperado-y-descongelacion\/\">Atemperado y descongelacion<\/a><\/li>\n<li class=\"page_item page-item-3815 page_item_has_children\"><a href=\"https:\/\/www.stalam.com\/es\/alimentario\/desinfestacion-y-desinfeccion\/\">Desinfestaci\u00f3n y desinfecci\u00f3n<\/a><\/li>\n<li class=\"page_item page-item-3818 page_item_has_children\"><a href=\"https:\/\/www.stalam.com\/es\/alimentario\/pasteurizacion-y-esterilizacion\/\">Pasteurizaci\u00f3n y esterilizaci\u00f3n<\/a><\/li>\n<li class=\"page_item page-item-11550 page_item_has_children\"><a href=\"https:\/\/www.stalam.com\/es\/alimentario\/pasteurizacion-de-productos-liquidos\/\">Pasteurizaci\u00f3n de productos l\u00edquidos<\/a><\/li>\n<li class=\"page_item page-item-14825 page_item_has_children\"><a href=\"https:\/\/www.stalam.com\/es\/alimentario\/rellenado-y-precoccion\/\">Rellenado y precocci\u00f3n de productos l\u00edquidos<\/a><\/li>\n<a href=\"https:\/\/www.stalam.com\/richiesta-catalogo\/\" class=\"btn btn-filled-r\">Descargar cat\u00e1logo<\/a><\/ul><\/div><div class=\"sidebar-prodotti-left\"><p class=\"grandparent-page\">Alimentario<\/p><ul><li class=\"page_item page-item-3811 page_item_has_children\"><a href=\"https:\/\/www.stalam.com\/es\/alimentario\/usos-para-panaderias-industriales\/\">Usos para panader\u00edas industriales<\/a>\n<ul class='children'>\n\t<li class=\"page_item page-item-3812\"><a href=\"https:\/\/www.stalam.com\/es\/alimentario\/usos-para-panaderias-industriales\/secado-en-el-post-horneado-wavedry\/\">Secado en el post-horneado \u00abWAVEDRY+\u00bb<\/a><\/li>\n\t<li class=\"page_item page-item-3813\"><a href=\"https:\/\/www.stalam.com\/es\/alimentario\/usos-para-panaderias-industriales\/horno-para-pan-de-corteza-blanca-wavebake\/\">Horno para pan de corteza blanca \u00abWAVEBAKE+\u00bb<\/a><\/li>\n\t<li class=\"page_item page-item-3814\"><a href=\"https:\/\/www.stalam.com\/es\/alimentario\/usos-para-panaderias-industriales\/equipo-de-pasteurizacion-wavesan\/\">Equipo de pasteurizaci\u00f3n \u00abWAVESAN+\u00bb<\/a><\/li>\n<\/ul>\n<\/li>\n<li class=\"page_item page-item-3822 page_item_has_children\"><a href=\"https:\/\/www.stalam.com\/es\/alimentario\/atemperado-y-descongelacion\/\">Atemperado y descongelacion<\/a>\n<ul class='children'>\n\t<li class=\"page_item page-item-14947\"><a href=\"https:\/\/www.stalam.com\/es\/alimentario\/atemperado-y-descongelacion\/coldwave-2-0-the-new-generation\/\">\u00abCOLDWAVE+\u00bb 2.0 The New Generation<\/a><\/li>\n\t<li class=\"page_item page-item-3823\"><a href=\"https:\/\/www.stalam.com\/es\/alimentario\/atemperado-y-descongelacion\/equipo-de-descongelacion-rapida-de-carne-coldwave\/\">Equipo de descongelaci\u00f3n r\u00e1pida de carne \u00abCOLDWAVE+\u00bb<\/a><\/li>\n\t<li class=\"page_item page-item-3824\"><a href=\"https:\/\/www.stalam.com\/es\/alimentario\/atemperado-y-descongelacion\/equipo-de-descongelacion-rapida-para-pescados-y-mariscos-coldwave\/\">Equipo de descongelaci\u00f3n r\u00e1pida para pescados y mariscos \u00ab COLDWAVE+\u00bb<\/a><\/li>\n\t<li class=\"page_item page-item-3825\"><a href=\"https:\/\/www.stalam.com\/es\/alimentario\/atemperado-y-descongelacion\/equipo-de-descongelacion-rapida-de-verduras-frutas-y-otros-productos-coldwave\/\">Equipo de descongelaci\u00f3n r\u00e1pida de verduras, frutas y otros productos \u00abCOLDWAVE+\u00bb<\/a><\/li>\n\t<li class=\"page_item page-item-8941\"><a href=\"https:\/\/www.stalam.com\/es\/alimentario\/atemperado-y-descongelacion\/calculadora-de-recuperacion-de-perdidas-por-goteo\/\">Calculadora \u00abDrip Loss Payback\u00bb<\/a><\/li>\n<\/ul>\n<\/li>\n<li class=\"page_item page-item-3815 page_item_has_children\"><a href=\"https:\/\/www.stalam.com\/es\/alimentario\/desinfestacion-y-desinfeccion\/\">Desinfestaci\u00f3n y desinfecci\u00f3n<\/a>\n<ul class='children'>\n\t<li class=\"page_item page-item-3816\"><a href=\"https:\/\/www.stalam.com\/es\/alimentario\/desinfestacion-y-desinfeccion\/equipo-de-desinfestacion-y-desinfeccion-industrial-sanicrop\/\">Equipo de desinfestaci\u00f3n y desinfecci\u00f3n industrial \u00abSANICROP+\u00bb<\/a><\/li>\n\t<li class=\"page_item page-item-3817\"><a href=\"https:\/\/www.stalam.com\/es\/alimentario\/desinfestacion-y-desinfeccion\/desinfeccion-de-rf-de-especias-hierbas-aromaticas-y-medicinales-sanileaf\/\">Desinfecci\u00f3n de RF de especias, hierbas arom\u00e1ticas y medicinales \u00abSANILEAF+\u00bb<\/a><\/li>\n<\/ul>\n<\/li>\n<li class=\"page_item page-item-3818 page_item_has_children\"><a href=\"https:\/\/www.stalam.com\/es\/alimentario\/pasteurizacion-y-esterilizacion\/\">Pasteurizaci\u00f3n y esterilizaci\u00f3n<\/a>\n<ul class='children'>\n\t<li class=\"page_item page-item-3819\"><a href=\"https:\/\/www.stalam.com\/es\/alimentario\/pasteurizacion-y-esterilizacion\/pasteurizadores-para-productos-envasados-sanipack\/\">Pasteurizadores para productos envasados \u00abSANIPACK+\u00bb<\/a><\/li>\n<\/ul>\n<\/li>\n<li class=\"page_item page-item-11550 page_item_has_children\"><a href=\"https:\/\/www.stalam.com\/es\/alimentario\/pasteurizacion-de-productos-liquidos\/\">Pasteurizaci\u00f3n de productos l\u00edquidos<\/a>\n<ul class='children'>\n\t<li class=\"page_item page-item-3821\"><a href=\"https:\/\/www.stalam.com\/es\/alimentario\/pasteurizacion-de-productos-liquidos\/pasteurizadores-para-productos-liquidos-en-tuberia-sanifluid\/\">Pasteurizadores para productos l\u00edquidos en tuber\u00eda \u00abSANIFLUID+\u00bb<\/a><\/li>\n\t<li class=\"page_item page-item-3820\"><a href=\"https:\/\/www.stalam.com\/es\/alimentario\/pasteurizacion-de-productos-liquidos\/pasteurizador-para-huevo-liquido-eggpure\/\">Pasteurizador para huevo l\u00edquido \u00abEGGPURE+\u00bb<\/a><\/li>\n<\/ul>\n<\/li>\n<li class=\"page_item page-item-14825 page_item_has_children\"><a href=\"https:\/\/www.stalam.com\/es\/alimentario\/rellenado-y-precoccion\/\">Rellenado y precocci\u00f3n de productos l\u00edquidos<\/a>\n<ul class='children'>\n\t<li class=\"page_item page-item-14831\"><a href=\"https:\/\/www.stalam.com\/es\/alimentario\/rellenado-y-precoccion\/calentador-tipo-tubo-meatflow\/\">Calentador r\u00e1pido tipo tubo \u201cMEATFLOW+\u201d<\/a><\/li>\n<\/ul>\n<\/li>\n<a href=\"https:\/\/www.stalam.com\/richiesta-catalogo\/\" class=\"btn btn-filled-r\">Descargar cat\u00e1logo<\/a><\/ul><\/div><\/div>\n<\/div>\n\n\n\n<div class=\"wp-block-column is-layout-flow wp-block-column-is-layout-flow\"><div class=\"fascia-testo-dimg-vantaggi\">\n    <p>La demanda del mercado de productos naturales pero microbiol\u00f3gicamente seguros y los requisitos de la moderna log\u00edstica de distribuci\u00f3n de alimentos han obligado a la industria a investigar y desarrollar nuevos procesos para la inactivaci\u00f3n de microorganismos y enzimas, capaces de cumplir estos dos requisitos aparentemente contrastantes: alimentos seguros. con una larga vida \u00fatil y un sabor fresco.<\/p>\n<p>Durante las \u00faltimas d\u00e9cadas, Stalam ha introducido la tecnolog\u00eda de radiofrecuencia (RF) en muchos procesos t\u00e9rmicos y de secado industriales y es la primera empresa del mundo que ha desarrollado equipos de pasteurizaci\u00f3n y esterilizaci\u00f3n continua por RF para l\u00edquidos en el tubo (en el \u00faltimo caso, el proceso puede extenderse hasta lograr la esterilizaci\u00f3n completa).<\/p>\n\n            <div class=\"grid-img\">\n                            <a href=\"https:\/\/www.stalam.com\/wp-content\/uploads\/2023\/05\/RFL70kW.jpg\" class=\"swipebox\" data-rel=\"lightbox-image-bGlnaHRib3gtaW1hZ2UtMA==\" data-rl_title=\"\" data-rl_caption=\"\" title=\"\">\n                    <img loading=\"lazy\" decoding=\"async\" src=\"https:\/\/www.stalam.com\/wp-content\/uploads\/2023\/05\/RFL70kW.jpg\" alt=\"\" width=\"600\" height=\"400\">\n                <\/a>\n                                        <a href=\"https:\/\/www.stalam.com\/wp-content\/uploads\/2024\/01\/IMG_0640.jpg\" class=\"swipebox\" data-rel=\"lightbox-image-bGlnaHRib3gtaW1hZ2UtMA==\" data-rl_title=\"\" data-rl_caption=\"\" title=\"\">\n                    <img loading=\"lazy\" decoding=\"async\" src=\"https:\/\/www.stalam.com\/wp-content\/uploads\/2024\/01\/IMG_0640.jpg\" alt=\"\" width=\"600\" height=\"400\">\n                <\/a>\n                    <\/div>\n    \n    \n    \n<\/div>\n\n\n<div style=\"height:50px\" aria-hidden=\"true\" class=\"wp-block-spacer\"><\/div>\n<\/div>\n<\/div>\n","protected":false},"excerpt":{"rendered":"","protected":false},"author":2,"featured_media":0,"parent":3810,"menu_order":6,"comment_status":"closed","ping_status":"closed","template":"","meta":{"_acf_changed":false,"content-type":"","footnotes":""},"class_list":["post-11550","page","type-page","status-publish","hentry"],"acf":[],"yoast_head":"<!-- This site is optimized with the Yoast SEO Premium plugin v23.9 (Yoast SEO v25.7) - https:\/\/yoast.com\/wordpress\/plugins\/seo\/ -->\n<title>Pasteurizaci\u00f3n de productos l\u00edquidos | Stalam<\/title>\n<meta name=\"description\" content=\"Stalam ha introducido la tecnolog\u00eda de radiofrecuencia (RF) en muchos procesos t\u00e9rmicos y de secado industriales y es la primera empresa del mundo que ha desarrollado equipos de pasteurizaci\u00f3n y esterilizaci\u00f3n continua por RF para l\u00edquidos en el tubo.\" \/>\n<meta name=\"robots\" content=\"index, follow, max-snippet:-1, max-image-preview:large, max-video-preview:-1\" \/>\n<link rel=\"canonical\" href=\"https:\/\/www.stalam.com\/es\/alimentario\/pasteurizacion-de-productos-liquidos\/\" \/>\n<meta property=\"og:locale\" content=\"es_ES\" \/>\n<meta property=\"og:type\" content=\"article\" \/>\n<meta property=\"og:title\" content=\"Pasteurizaci\u00f3n de productos l\u00edquidos\" \/>\n<meta property=\"og:description\" content=\"Stalam ha introducido la tecnolog\u00eda de radiofrecuencia (RF) en muchos procesos t\u00e9rmicos y de secado industriales y es la primera empresa del mundo que ha desarrollado equipos de pasteurizaci\u00f3n y esterilizaci\u00f3n continua por RF para l\u00edquidos en el tubo.\" \/>\n<meta property=\"og:url\" content=\"https:\/\/www.stalam.com\/es\/alimentario\/pasteurizacion-de-productos-liquidos\/\" \/>\n<meta property=\"og:site_name\" content=\"Stalam\" \/>\n<meta property=\"article:publisher\" content=\"https:\/\/www.facebook.com\/Stalam-184036235760438\/\" \/>\n<meta property=\"article:modified_time\" content=\"2025-01-14T13:31:53+00:00\" \/>\n<meta property=\"og:image\" content=\"https:\/\/www.stalam.com\/wp-content\/uploads\/2023\/06\/stalam-logo.png\" \/>\n\t<meta property=\"og:image:width\" content=\"634\" \/>\n\t<meta property=\"og:image:height\" content=\"176\" \/>\n\t<meta property=\"og:image:type\" content=\"image\/png\" \/>\n<meta name=\"twitter:card\" content=\"summary_large_image\" \/>\n<meta name=\"twitter:label1\" content=\"Tiempo de lectura\" \/>\n\t<meta name=\"twitter:data1\" content=\"1 minuto\" \/>\n<script type=\"application\/ld+json\" class=\"yoast-schema-graph\">{\"@context\":\"https:\/\/schema.org\",\"@graph\":[{\"@type\":\"WebPage\",\"@id\":\"https:\/\/www.stalam.com\/es\/alimentario\/pasteurizacion-de-productos-liquidos\/\",\"url\":\"https:\/\/www.stalam.com\/es\/alimentario\/pasteurizacion-de-productos-liquidos\/\",\"name\":\"Pasteurizaci\u00f3n de productos l\u00edquidos | Stalam\",\"isPartOf\":{\"@id\":\"https:\/\/www.stalam.com\/#website\"},\"datePublished\":\"2024-01-30T14:20:57+00:00\",\"dateModified\":\"2025-01-14T13:31:53+00:00\",\"description\":\"Stalam ha introducido la tecnolog\u00eda de radiofrecuencia (RF) en muchos procesos t\u00e9rmicos y de secado industriales y es la primera empresa del mundo que ha desarrollado equipos de pasteurizaci\u00f3n y esterilizaci\u00f3n continua por RF para l\u00edquidos en el tubo.\",\"breadcrumb\":{\"@id\":\"https:\/\/www.stalam.com\/es\/alimentario\/pasteurizacion-de-productos-liquidos\/#breadcrumb\"},\"inLanguage\":\"es\",\"potentialAction\":[{\"@type\":\"ReadAction\",\"target\":[\"https:\/\/www.stalam.com\/es\/alimentario\/pasteurizacion-de-productos-liquidos\/\"]}]},{\"@type\":\"BreadcrumbList\",\"@id\":\"https:\/\/www.stalam.com\/es\/alimentario\/pasteurizacion-de-productos-liquidos\/#breadcrumb\",\"itemListElement\":[{\"@type\":\"ListItem\",\"position\":1,\"name\":\"Home\",\"item\":\"https:\/\/www.stalam.com\/es\/\"},{\"@type\":\"ListItem\",\"position\":2,\"name\":\"Alimentario\",\"item\":\"https:\/\/www.stalam.com\/es\/alimentario\/\"},{\"@type\":\"ListItem\",\"position\":3,\"name\":\"Pasteurizaci\u00f3n de productos l\u00edquidos\"}]},{\"@type\":\"WebSite\",\"@id\":\"https:\/\/www.stalam.com\/#website\",\"url\":\"https:\/\/www.stalam.com\/\",\"name\":\"Stalam\",\"description\":\"\",\"publisher\":{\"@id\":\"https:\/\/www.stalam.com\/#organization\"},\"potentialAction\":[{\"@type\":\"SearchAction\",\"target\":{\"@type\":\"EntryPoint\",\"urlTemplate\":\"https:\/\/www.stalam.com\/?s={search_term_string}\"},\"query-input\":{\"@type\":\"PropertyValueSpecification\",\"valueRequired\":true,\"valueName\":\"search_term_string\"}}],\"inLanguage\":\"es\"},{\"@type\":\"Organization\",\"@id\":\"https:\/\/www.stalam.com\/#organization\",\"name\":\"Stalam\",\"url\":\"https:\/\/www.stalam.com\/\",\"logo\":{\"@type\":\"ImageObject\",\"inLanguage\":\"es\",\"@id\":\"https:\/\/www.stalam.com\/#\/schema\/logo\/image\/\",\"url\":\"https:\/\/www.stalam.com\/wp-content\/uploads\/2023\/06\/stalam-logo.png\",\"contentUrl\":\"https:\/\/www.stalam.com\/wp-content\/uploads\/2023\/06\/stalam-logo.png\",\"width\":634,\"height\":176,\"caption\":\"Stalam\"},\"image\":{\"@id\":\"https:\/\/www.stalam.com\/#\/schema\/logo\/image\/\"},\"sameAs\":[\"https:\/\/www.facebook.com\/Stalam-184036235760438\/\",\"https:\/\/www.linkedin.com\/company\/stalam\/\",\"https:\/\/www.youtube.com\/channel\/UCcl2pZ10KrADorPJccCu43Q\"]}]}<\/script>\n<!-- \/ Yoast SEO Premium plugin. -->","yoast_head_json":{"title":"Pasteurizaci\u00f3n de productos l\u00edquidos | Stalam","description":"Stalam ha introducido la tecnolog\u00eda de radiofrecuencia (RF) en muchos procesos t\u00e9rmicos y de secado industriales y es la primera empresa del mundo que ha desarrollado equipos de pasteurizaci\u00f3n y esterilizaci\u00f3n continua por RF para l\u00edquidos en el tubo.","robots":{"index":"index","follow":"follow","max-snippet":"max-snippet:-1","max-image-preview":"max-image-preview:large","max-video-preview":"max-video-preview:-1"},"canonical":"https:\/\/www.stalam.com\/es\/alimentario\/pasteurizacion-de-productos-liquidos\/","og_locale":"es_ES","og_type":"article","og_title":"Pasteurizaci\u00f3n de productos l\u00edquidos","og_description":"Stalam ha introducido la tecnolog\u00eda de radiofrecuencia (RF) en muchos procesos t\u00e9rmicos y de secado industriales y es la primera empresa del mundo que ha desarrollado equipos de pasteurizaci\u00f3n y esterilizaci\u00f3n continua por RF para l\u00edquidos en el tubo.","og_url":"https:\/\/www.stalam.com\/es\/alimentario\/pasteurizacion-de-productos-liquidos\/","og_site_name":"Stalam","article_publisher":"https:\/\/www.facebook.com\/Stalam-184036235760438\/","article_modified_time":"2025-01-14T13:31:53+00:00","og_image":[{"width":634,"height":176,"url":"https:\/\/www.stalam.com\/wp-content\/uploads\/2023\/06\/stalam-logo.png","type":"image\/png"}],"twitter_card":"summary_large_image","twitter_misc":{"Tiempo de lectura":"1 minuto"},"schema":{"@context":"https:\/\/schema.org","@graph":[{"@type":"WebPage","@id":"https:\/\/www.stalam.com\/es\/alimentario\/pasteurizacion-de-productos-liquidos\/","url":"https:\/\/www.stalam.com\/es\/alimentario\/pasteurizacion-de-productos-liquidos\/","name":"Pasteurizaci\u00f3n de productos l\u00edquidos | Stalam","isPartOf":{"@id":"https:\/\/www.stalam.com\/#website"},"datePublished":"2024-01-30T14:20:57+00:00","dateModified":"2025-01-14T13:31:53+00:00","description":"Stalam ha introducido la tecnolog\u00eda de radiofrecuencia (RF) en muchos procesos t\u00e9rmicos y de secado industriales y es la primera empresa del mundo que ha desarrollado equipos de pasteurizaci\u00f3n y esterilizaci\u00f3n continua por RF para l\u00edquidos en el tubo.","breadcrumb":{"@id":"https:\/\/www.stalam.com\/es\/alimentario\/pasteurizacion-de-productos-liquidos\/#breadcrumb"},"inLanguage":"es","potentialAction":[{"@type":"ReadAction","target":["https:\/\/www.stalam.com\/es\/alimentario\/pasteurizacion-de-productos-liquidos\/"]}]},{"@type":"BreadcrumbList","@id":"https:\/\/www.stalam.com\/es\/alimentario\/pasteurizacion-de-productos-liquidos\/#breadcrumb","itemListElement":[{"@type":"ListItem","position":1,"name":"Home","item":"https:\/\/www.stalam.com\/es\/"},{"@type":"ListItem","position":2,"name":"Alimentario","item":"https:\/\/www.stalam.com\/es\/alimentario\/"},{"@type":"ListItem","position":3,"name":"Pasteurizaci\u00f3n de productos l\u00edquidos"}]},{"@type":"WebSite","@id":"https:\/\/www.stalam.com\/#website","url":"https:\/\/www.stalam.com\/","name":"Stalam","description":"","publisher":{"@id":"https:\/\/www.stalam.com\/#organization"},"potentialAction":[{"@type":"SearchAction","target":{"@type":"EntryPoint","urlTemplate":"https:\/\/www.stalam.com\/?s={search_term_string}"},"query-input":{"@type":"PropertyValueSpecification","valueRequired":true,"valueName":"search_term_string"}}],"inLanguage":"es"},{"@type":"Organization","@id":"https:\/\/www.stalam.com\/#organization","name":"Stalam","url":"https:\/\/www.stalam.com\/","logo":{"@type":"ImageObject","inLanguage":"es","@id":"https:\/\/www.stalam.com\/#\/schema\/logo\/image\/","url":"https:\/\/www.stalam.com\/wp-content\/uploads\/2023\/06\/stalam-logo.png","contentUrl":"https:\/\/www.stalam.com\/wp-content\/uploads\/2023\/06\/stalam-logo.png","width":634,"height":176,"caption":"Stalam"},"image":{"@id":"https:\/\/www.stalam.com\/#\/schema\/logo\/image\/"},"sameAs":["https:\/\/www.facebook.com\/Stalam-184036235760438\/","https:\/\/www.linkedin.com\/company\/stalam\/","https:\/\/www.youtube.com\/channel\/UCcl2pZ10KrADorPJccCu43Q"]}]}},"_links":{"self":[{"href":"https:\/\/www.stalam.com\/es\/wp-json\/wp\/v2\/pages\/11550","targetHints":{"allow":["GET"]}}],"collection":[{"href":"https:\/\/www.stalam.com\/es\/wp-json\/wp\/v2\/pages"}],"about":[{"href":"https:\/\/www.stalam.com\/es\/wp-json\/wp\/v2\/types\/page"}],"author":[{"embeddable":true,"href":"https:\/\/www.stalam.com\/es\/wp-json\/wp\/v2\/users\/2"}],"replies":[{"embeddable":true,"href":"https:\/\/www.stalam.com\/es\/wp-json\/wp\/v2\/comments?post=11550"}],"version-history":[{"count":17,"href":"https:\/\/www.stalam.com\/es\/wp-json\/wp\/v2\/pages\/11550\/revisions"}],"predecessor-version":[{"id":13892,"href":"https:\/\/www.stalam.com\/es\/wp-json\/wp\/v2\/pages\/11550\/revisions\/13892"}],"up":[{"embeddable":true,"href":"https:\/\/www.stalam.com\/es\/wp-json\/wp\/v2\/pages\/3810"}],"wp:attachment":[{"href":"https:\/\/www.stalam.com\/es\/wp-json\/wp\/v2\/media?parent=11550"}],"curies":[{"name":"wp","href":"https:\/\/api.w.org\/{rel}","templated":true}]}}