{"id":14831,"date":"2025-03-12T15:01:53","date_gmt":"2025-03-12T14:01:53","guid":{"rendered":"https:\/\/www.stalam.com\/?page_id=14831"},"modified":"2025-04-15T14:17:16","modified_gmt":"2025-04-15T12:17:16","slug":"calentador-tipo-tubo-meatflow","status":"publish","type":"page","link":"https:\/\/www.stalam.com\/es\/alimentario\/rellenado-y-precoccion\/calentador-tipo-tubo-meatflow\/","title":{"rendered":"Calentador r\u00e1pido tipo tubo \u201cMEATFLOW+\u201d"},"content":{"rendered":"\n<div class=\"fascia-bread-title bgcolor-white \">\n    <div class=\"container-fascia-bread-title\">\n        <p id=\"breadcrumbs\"><span><span><a href=\"https:\/\/www.stalam.com\/es\/\">Home<\/a><\/span><\/span><\/p>                    <span class=\"title\">ALIMENTARIO<\/span>\n                <h1 class=\"title-big\">Calentador r\u00e1pido tipo tubo \u201cMEATFLOW+\u201d<\/h1>\n    <\/div>\n<\/div>\n\n\n\n<div class=\"fascia-img-header\">\n    <img loading=\"lazy\" decoding=\"async\" src=\"https:\/\/www.stalam.com\/wp-content\/uploads\/2025\/03\/MF_BANNER.jpg\" alt=\"\" width=\"600\" height=\"400\">\n<\/div>\n\n\n\n\n<div class=\"wp-block-columns col-fullwidth is-layout-flex wp-container-core-columns-is-layout-9d6595d7 wp-block-columns-is-layout-flex\">\n<div class=\"wp-block-column is-layout-flow wp-block-column-is-layout-flow\" style=\"flex-basis:33.33%\"><div class=\"sidebar-prodotti-container\"><div class=\"topbar-prodotti\" id=\"topbar\"><ul><li class=\"page_item page-item-3811 page_item_has_children\"><a href=\"https:\/\/www.stalam.com\/es\/alimentario\/usos-para-panaderias-industriales\/\">Usos para panader\u00edas industriales<\/a><\/li>\n<li class=\"page_item page-item-3822 page_item_has_children\"><a href=\"https:\/\/www.stalam.com\/es\/alimentario\/atemperado-y-descongelacion\/\">Atemperado y descongelacion<\/a><\/li>\n<li class=\"page_item page-item-3815 page_item_has_children\"><a href=\"https:\/\/www.stalam.com\/es\/alimentario\/desinfestacion-y-desinfeccion\/\">Desinfestaci\u00f3n y desinfecci\u00f3n<\/a><\/li>\n<li class=\"page_item page-item-3818 page_item_has_children\"><a href=\"https:\/\/www.stalam.com\/es\/alimentario\/pasteurizacion-y-esterilizacion\/\">Pasteurizaci\u00f3n y esterilizaci\u00f3n<\/a><\/li>\n<li class=\"page_item page-item-11550 page_item_has_children\"><a href=\"https:\/\/www.stalam.com\/es\/alimentario\/pasteurizacion-de-productos-liquidos\/\">Pasteurizaci\u00f3n de productos l\u00edquidos<\/a><\/li>\n<li class=\"page_item page-item-14825 page_item_has_children\"><a href=\"https:\/\/www.stalam.com\/es\/alimentario\/rellenado-y-precoccion\/\">Rellenado y precocci\u00f3n de productos l\u00edquidos<\/a><\/li>\n<a href=\"https:\/\/www.stalam.com\/richiesta-catalogo\/\" class=\"btn btn-filled-r\">Descargar cat\u00e1logo<\/a><\/ul><\/div><div class=\"sidebar-prodotti-left\"><p class=\"grandparent-page\">Alimentario<\/p><ul><li class=\"page_item page-item-3811 page_item_has_children\"><a href=\"https:\/\/www.stalam.com\/es\/alimentario\/usos-para-panaderias-industriales\/\">Usos para panader\u00edas industriales<\/a>\n<ul class='children'>\n\t<li class=\"page_item page-item-3812\"><a href=\"https:\/\/www.stalam.com\/es\/alimentario\/usos-para-panaderias-industriales\/secado-en-el-post-horneado-wavedry\/\">Secado en el post-horneado \u00abWAVEDRY+\u00bb<\/a><\/li>\n\t<li class=\"page_item page-item-3813\"><a href=\"https:\/\/www.stalam.com\/es\/alimentario\/usos-para-panaderias-industriales\/horno-para-pan-de-corteza-blanca-wavebake\/\">Horno para pan de corteza blanca \u00abWAVEBAKE+\u00bb<\/a><\/li>\n\t<li class=\"page_item page-item-3814\"><a href=\"https:\/\/www.stalam.com\/es\/alimentario\/usos-para-panaderias-industriales\/equipo-de-pasteurizacion-wavesan\/\">Equipo de pasteurizaci\u00f3n \u00abWAVESAN+\u00bb<\/a><\/li>\n<\/ul>\n<\/li>\n<li class=\"page_item page-item-3822 page_item_has_children\"><a href=\"https:\/\/www.stalam.com\/es\/alimentario\/atemperado-y-descongelacion\/\">Atemperado y descongelacion<\/a>\n<ul class='children'>\n\t<li class=\"page_item page-item-14947\"><a href=\"https:\/\/www.stalam.com\/es\/alimentario\/atemperado-y-descongelacion\/coldwave-2-0-the-new-generation\/\">\u00abCOLDWAVE+\u00bb 2.0 The New Generation<\/a><\/li>\n\t<li class=\"page_item page-item-3823\"><a href=\"https:\/\/www.stalam.com\/es\/alimentario\/atemperado-y-descongelacion\/equipo-de-descongelacion-rapida-de-carne-coldwave\/\">Equipo de descongelaci\u00f3n r\u00e1pida de carne \u00abCOLDWAVE+\u00bb<\/a><\/li>\n\t<li class=\"page_item page-item-3824\"><a href=\"https:\/\/www.stalam.com\/es\/alimentario\/atemperado-y-descongelacion\/equipo-de-descongelacion-rapida-para-pescados-y-mariscos-coldwave\/\">Equipo de descongelaci\u00f3n r\u00e1pida para pescados y mariscos \u00ab COLDWAVE+\u00bb<\/a><\/li>\n\t<li class=\"page_item page-item-3825\"><a href=\"https:\/\/www.stalam.com\/es\/alimentario\/atemperado-y-descongelacion\/equipo-de-descongelacion-rapida-de-verduras-frutas-y-otros-productos-coldwave\/\">Equipo de descongelaci\u00f3n r\u00e1pida de verduras, frutas y otros productos \u00abCOLDWAVE+\u00bb<\/a><\/li>\n\t<li class=\"page_item page-item-8941\"><a href=\"https:\/\/www.stalam.com\/es\/alimentario\/atemperado-y-descongelacion\/calculadora-de-recuperacion-de-perdidas-por-goteo\/\">Calculadora \u00abDrip Loss Payback\u00bb<\/a><\/li>\n<\/ul>\n<\/li>\n<li class=\"page_item page-item-3815 page_item_has_children\"><a href=\"https:\/\/www.stalam.com\/es\/alimentario\/desinfestacion-y-desinfeccion\/\">Desinfestaci\u00f3n y desinfecci\u00f3n<\/a>\n<ul class='children'>\n\t<li class=\"page_item page-item-3816\"><a href=\"https:\/\/www.stalam.com\/es\/alimentario\/desinfestacion-y-desinfeccion\/equipo-de-desinfestacion-y-desinfeccion-industrial-sanicrop\/\">Equipo de desinfestaci\u00f3n y desinfecci\u00f3n industrial \u00abSANICROP+\u00bb<\/a><\/li>\n\t<li class=\"page_item page-item-3817\"><a href=\"https:\/\/www.stalam.com\/es\/alimentario\/desinfestacion-y-desinfeccion\/desinfeccion-de-rf-de-especias-hierbas-aromaticas-y-medicinales-sanileaf\/\">Desinfecci\u00f3n de RF de especias, hierbas arom\u00e1ticas y medicinales \u00abSANILEAF+\u00bb<\/a><\/li>\n<\/ul>\n<\/li>\n<li class=\"page_item page-item-3818 page_item_has_children\"><a href=\"https:\/\/www.stalam.com\/es\/alimentario\/pasteurizacion-y-esterilizacion\/\">Pasteurizaci\u00f3n y esterilizaci\u00f3n<\/a>\n<ul class='children'>\n\t<li class=\"page_item page-item-3819\"><a href=\"https:\/\/www.stalam.com\/es\/alimentario\/pasteurizacion-y-esterilizacion\/pasteurizadores-para-productos-envasados-sanipack\/\">Pasteurizadores para productos envasados \u00abSANIPACK+\u00bb<\/a><\/li>\n<\/ul>\n<\/li>\n<li class=\"page_item page-item-11550 page_item_has_children\"><a href=\"https:\/\/www.stalam.com\/es\/alimentario\/pasteurizacion-de-productos-liquidos\/\">Pasteurizaci\u00f3n de productos l\u00edquidos<\/a>\n<ul class='children'>\n\t<li class=\"page_item page-item-3821\"><a href=\"https:\/\/www.stalam.com\/es\/alimentario\/pasteurizacion-de-productos-liquidos\/pasteurizadores-para-productos-liquidos-en-tuberia-sanifluid\/\">Pasteurizadores para productos l\u00edquidos en tuber\u00eda \u00abSANIFLUID+\u00bb<\/a><\/li>\n\t<li class=\"page_item page-item-3820\"><a href=\"https:\/\/www.stalam.com\/es\/alimentario\/pasteurizacion-de-productos-liquidos\/pasteurizador-para-huevo-liquido-eggpure\/\">Pasteurizador para huevo l\u00edquido \u00abEGGPURE+\u00bb<\/a><\/li>\n<\/ul>\n<\/li>\n<li class=\"page_item page-item-14825 page_item_has_children\"><a href=\"https:\/\/www.stalam.com\/es\/alimentario\/rellenado-y-precoccion\/\">Rellenado y precocci\u00f3n de productos l\u00edquidos<\/a>\n<ul class='children'>\n\t<li class=\"page_item page-item-14831\"><a href=\"https:\/\/www.stalam.com\/es\/alimentario\/rellenado-y-precoccion\/calentador-tipo-tubo-meatflow\/\">Calentador r\u00e1pido tipo tubo \u201cMEATFLOW+\u201d<\/a><\/li>\n<\/ul>\n<\/li>\n<a href=\"https:\/\/www.stalam.com\/richiesta-catalogo\/\" class=\"btn btn-filled-r\">Descargar cat\u00e1logo<\/a><\/ul><\/div><\/div>\n<\/div>\n\n\n\n<div class=\"wp-block-column is-layout-flow wp-block-column-is-layout-flow\" style=\"flex-basis:66.66%\"><div class=\"fascia-testo-btns-imgs\">\n    <p>MEATFLOW+ es un calentador por radiofrecuencia (RF) tipo tubo, dise\u00f1ado espec\u00edficamente para el calentamiento r\u00e1pido, uniforme y preciso de carne picada, emulsiones c\u00e1rnicas, suspensiones c\u00e1rnicas y sopas, incluso aquellas que contienen trozos o dados. Garantiza resultados consistentes con un control preciso de la temperatura, preservando al mismo tiempo las caracter\u00edsticas microbiol\u00f3gicas y sensoriales de los productos c\u00e1rnicos.<br \/>\n&nbsp;<br \/>\nEsta m\u00e1quina compacta se integra perfectamente en l\u00edneas de producci\u00f3n automatizadas, permitiendo procesos de calentamiento higi\u00e9nicos y eficientes. Gracias a su capacidad para evitar tanto el sobrecalentamiento como el calentamiento insuficiente, MEATFLOW+ mejora la velocidad y la fiabilidad de la producci\u00f3n, convirti\u00e9ndose en una herramienta indispensable para el procesamiento industrial de alimentos.<br \/>\n&nbsp;<br \/>\nIdeal para aplicaciones de calentamiento y precocci\u00f3n, MEATFLOW+ es perfecto para procesos como el r\u00e1pido aumento de temperatura de productos a base de carne picada, como salchichas, perritos calientes y nuggets.<br \/>\n&nbsp;<br \/>\nMEATFLOW+ maximiza la eficiencia energ\u00e9tica, optimizando el consumo de recursos y reduciendo los costes operativos. Esta innovadora soluci\u00f3n no solo ofrece resultados de calentamiento de alta calidad, sino que tambi\u00e9n apoya los objetivos de sostenibilidad en las operaciones de producci\u00f3n alimentaria, ya que funciona completamente con electricidad.<br \/>\n&nbsp;<\/p>\n\n            <div class=\"grid-img\">\n\n                            <a href=\"https:\/\/www.stalam.com\/wp-content\/uploads\/2025\/03\/MF002.jpg\" class=\"swipebox\" data-rel=\"lightbox-image-bGlnaHRib3gtaW1hZ2UtMA==\" data-rl_title=\"\" data-rl_caption=\"\" title=\"\">\n                    <img decoding=\"async\" loading=\"lazy\" src=\"https:\/\/www.stalam.com\/wp-content\/uploads\/2025\/03\/MF002.jpg\" alt=\"\" width=\"600\" height=\"400\">\n                <\/a>\n                            <a href=\"https:\/\/www.stalam.com\/wp-content\/uploads\/2025\/03\/MF000.jpg\" class=\"swipebox\" data-rel=\"lightbox-image-bGlnaHRib3gtaW1hZ2UtMA==\" data-rl_title=\"\" data-rl_caption=\"\" title=\"\">\n                    <img decoding=\"async\" loading=\"lazy\" src=\"https:\/\/www.stalam.com\/wp-content\/uploads\/2025\/03\/MF000.jpg\" alt=\"\" width=\"600\" height=\"400\">\n                <\/a>\n            \n        <\/div>\n    \n    \n<\/div>\n\n\n<div class=\"wp-block-columns is-layout-flex wp-container-core-columns-is-layout-9d6595d7 wp-block-columns-is-layout-flex\">\n<div class=\"wp-block-column is-layout-flow wp-block-column-is-layout-flow\"><div class=\"fascia-testo-btns-imgs\">\n    <h2><strong>Funciones potenciales:<\/strong><\/h2>\n<ul>\n<li>Pasteurizaci\u00f3n y esterilizaci\u00f3n<\/li>\n<li>Precalentamiento para aumentar la capacidad de cocci\u00f3n<\/li>\n<li>Tratamiento enzim\u00e1tico o desnaturalizaci\u00f3n de prote\u00ednas<\/li>\n<li>Tratamiento de l\u00edpidos<\/li>\n<li>Proceso t\u00e9rmico para formado y moldeado<\/li>\n<li>Emulsificaci\u00f3n y estabilizaci\u00f3n<\/li>\n<\/ul>\n\n    \n            <div class=\"container-btns\">\n                            <a href=\"https:\/\/www.stalam.com\/es\/informacion-requerida\/?producto=MEATFLOW\" title=\"Solicitar info\" class=\"btn btn-filled-r\">\n                    Solicitar info                <\/a>\n                                        <a href=\"https:\/\/www.stalam.com\/wp-content\/uploads\/2025\/04\/tabella.pdf\" title=\"Datos T\u00e9cnicos\" class=\"btn btn-filled-t\">\n                    Datos T\u00e9cnicos                <\/a>\n                    <\/div>\n    \n<\/div><\/div>\n\n\n\n<div class=\"wp-block-column is-layout-flow wp-block-column-is-layout-flow\"><div class=\"fascia-testo-btns-imgs\">\n    <h2><strong>Aplicaciones:<\/strong><\/h2>\n<ul>\n<li>Carne picada y emulsiones<br \/>(salchichas, embutidos curados, perritos calientes, nuggets, pastel de carne, terrinas, etc.)<\/li>\n<li>Prote\u00ednas alternativas<br \/>(carne vegetal, snacks, etc.)<\/li>\n<li>Salsas y sopas<br \/>(salsas a base de carne, sopas, guisos, etc.)<\/li>\n<li>Alimentos para mascotas y animales<br \/>(alimentos h\u00famedos, terrinas, snacks, sticks, salchichas, etc.)<\/li>\n\n    \n    \n<\/div><\/div>\n<\/div>\n<\/div>\n<\/div>\n","protected":false},"excerpt":{"rendered":"","protected":false},"author":2,"featured_media":0,"parent":14825,"menu_order":0,"comment_status":"closed","ping_status":"closed","template":"","meta":{"_acf_changed":false,"content-type":"","footnotes":""},"class_list":["post-14831","page","type-page","status-publish","hentry"],"acf":[],"yoast_head":"<!-- This site is optimized with the Yoast SEO Premium plugin v23.9 (Yoast SEO v27.3) - https:\/\/yoast.com\/product\/yoast-seo-premium-wordpress\/ -->\n<title>Calentador r\u00e1pido tipo tubo \u201cMEATFLOW+\u201d | Stalam<\/title>\n<meta name=\"description\" content=\"MEATFLOW+ es un calentador por RF tipo tubo que garantiza un calentamiento r\u00e1pido y preciso de carne picada y emulsiones, mejorando la eficiencia, calidad y sostenibilidad en la producci\u00f3n industrial.\" \/>\n<meta name=\"robots\" content=\"index, follow, max-snippet:-1, max-image-preview:large, max-video-preview:-1\" \/>\n<link rel=\"canonical\" href=\"https:\/\/www.stalam.com\/es\/alimentario\/rellenado-y-precoccion\/calentador-tipo-tubo-meatflow\/\" \/>\n<meta property=\"og:locale\" content=\"es_ES\" \/>\n<meta property=\"og:type\" content=\"article\" \/>\n<meta property=\"og:title\" content=\"Calentador r\u00e1pido tipo tubo \u201cMEATFLOW+\u201d\" \/>\n<meta property=\"og:description\" content=\"MEATFLOW+ es un calentador por RF tipo tubo que garantiza un calentamiento r\u00e1pido y preciso de carne picada y emulsiones, mejorando la eficiencia, calidad y sostenibilidad en la producci\u00f3n industrial.\" \/>\n<meta property=\"og:url\" content=\"https:\/\/www.stalam.com\/es\/alimentario\/rellenado-y-precoccion\/calentador-tipo-tubo-meatflow\/\" \/>\n<meta property=\"og:site_name\" content=\"Stalam\" \/>\n<meta property=\"article:publisher\" content=\"https:\/\/www.facebook.com\/Stalam-184036235760438\/\" \/>\n<meta property=\"article:modified_time\" content=\"2025-04-15T12:17:16+00:00\" \/>\n<meta property=\"og:image\" content=\"https:\/\/www.stalam.com\/wp-content\/uploads\/2023\/06\/stalam-logo.png\" \/>\n\t<meta property=\"og:image:width\" content=\"634\" \/>\n\t<meta property=\"og:image:height\" content=\"176\" \/>\n\t<meta property=\"og:image:type\" content=\"image\/png\" \/>\n<meta name=\"twitter:card\" content=\"summary_large_image\" \/>\n<script type=\"application\/ld+json\" class=\"yoast-schema-graph\">{\"@context\":\"https:\\\/\\\/schema.org\",\"@graph\":[{\"@type\":\"WebPage\",\"@id\":\"https:\\\/\\\/www.stalam.com\\\/es\\\/alimentario\\\/rellenado-y-precoccion\\\/calentador-tipo-tubo-meatflow\\\/\",\"url\":\"https:\\\/\\\/www.stalam.com\\\/es\\\/alimentario\\\/rellenado-y-precoccion\\\/calentador-tipo-tubo-meatflow\\\/\",\"name\":\"Calentador r\u00e1pido tipo tubo \u201cMEATFLOW+\u201d | Stalam\",\"isPartOf\":{\"@id\":\"https:\\\/\\\/www.stalam.com\\\/#website\"},\"datePublished\":\"2025-03-12T14:01:53+00:00\",\"dateModified\":\"2025-04-15T12:17:16+00:00\",\"description\":\"MEATFLOW+ es un calentador por RF tipo tubo que garantiza un calentamiento r\u00e1pido y preciso de carne picada y emulsiones, mejorando la eficiencia, calidad y sostenibilidad en la producci\u00f3n industrial.\",\"breadcrumb\":{\"@id\":\"https:\\\/\\\/www.stalam.com\\\/es\\\/alimentario\\\/rellenado-y-precoccion\\\/calentador-tipo-tubo-meatflow\\\/#breadcrumb\"},\"inLanguage\":\"es\",\"potentialAction\":[{\"@type\":\"ReadAction\",\"target\":[\"https:\\\/\\\/www.stalam.com\\\/es\\\/alimentario\\\/rellenado-y-precoccion\\\/calentador-tipo-tubo-meatflow\\\/\"]}]},{\"@type\":\"BreadcrumbList\",\"@id\":\"https:\\\/\\\/www.stalam.com\\\/es\\\/alimentario\\\/rellenado-y-precoccion\\\/calentador-tipo-tubo-meatflow\\\/#breadcrumb\",\"itemListElement\":[{\"@type\":\"ListItem\",\"position\":1,\"name\":\"Home\",\"item\":\"https:\\\/\\\/www.stalam.com\\\/es\\\/\"},{\"@type\":\"ListItem\",\"position\":2,\"name\":\"Alimentario\",\"item\":\"https:\\\/\\\/www.stalam.com\\\/es\\\/alimentario\\\/\"},{\"@type\":\"ListItem\",\"position\":3,\"name\":\"Rellenado y precocci\u00f3n de productos l\u00edquidos\",\"item\":\"https:\\\/\\\/www.stalam.com\\\/es\\\/alimentario\\\/rellenado-y-precoccion\\\/\"},{\"@type\":\"ListItem\",\"position\":4,\"name\":\"Calentador r\u00e1pido tipo tubo \u201cMEATFLOW+\u201d\"}]},{\"@type\":\"WebSite\",\"@id\":\"https:\\\/\\\/www.stalam.com\\\/#website\",\"url\":\"https:\\\/\\\/www.stalam.com\\\/\",\"name\":\"Stalam\",\"description\":\"\",\"publisher\":{\"@id\":\"https:\\\/\\\/www.stalam.com\\\/#organization\"},\"potentialAction\":[{\"@type\":\"SearchAction\",\"target\":{\"@type\":\"EntryPoint\",\"urlTemplate\":\"https:\\\/\\\/www.stalam.com\\\/?s={search_term_string}\"},\"query-input\":{\"@type\":\"PropertyValueSpecification\",\"valueRequired\":true,\"valueName\":\"search_term_string\"}}],\"inLanguage\":\"es\"},{\"@type\":\"Organization\",\"@id\":\"https:\\\/\\\/www.stalam.com\\\/#organization\",\"name\":\"Stalam\",\"url\":\"https:\\\/\\\/www.stalam.com\\\/\",\"logo\":{\"@type\":\"ImageObject\",\"inLanguage\":\"es\",\"@id\":\"https:\\\/\\\/www.stalam.com\\\/#\\\/schema\\\/logo\\\/image\\\/\",\"url\":\"https:\\\/\\\/www.stalam.com\\\/wp-content\\\/uploads\\\/2023\\\/06\\\/stalam-logo.png\",\"contentUrl\":\"https:\\\/\\\/www.stalam.com\\\/wp-content\\\/uploads\\\/2023\\\/06\\\/stalam-logo.png\",\"width\":634,\"height\":176,\"caption\":\"Stalam\"},\"image\":{\"@id\":\"https:\\\/\\\/www.stalam.com\\\/#\\\/schema\\\/logo\\\/image\\\/\"},\"sameAs\":[\"https:\\\/\\\/www.facebook.com\\\/Stalam-184036235760438\\\/\",\"https:\\\/\\\/www.linkedin.com\\\/company\\\/stalam\\\/\",\"https:\\\/\\\/www.youtube.com\\\/channel\\\/UCcl2pZ10KrADorPJccCu43Q\"]}]}<\/script>\n<!-- \/ Yoast SEO Premium plugin. -->","yoast_head_json":{"title":"Calentador r\u00e1pido tipo tubo \u201cMEATFLOW+\u201d | Stalam","description":"MEATFLOW+ es un calentador por RF tipo tubo que garantiza un calentamiento r\u00e1pido y preciso de carne picada y emulsiones, mejorando la eficiencia, calidad y sostenibilidad en la producci\u00f3n industrial.","robots":{"index":"index","follow":"follow","max-snippet":"max-snippet:-1","max-image-preview":"max-image-preview:large","max-video-preview":"max-video-preview:-1"},"canonical":"https:\/\/www.stalam.com\/es\/alimentario\/rellenado-y-precoccion\/calentador-tipo-tubo-meatflow\/","og_locale":"es_ES","og_type":"article","og_title":"Calentador r\u00e1pido tipo tubo \u201cMEATFLOW+\u201d","og_description":"MEATFLOW+ es un calentador por RF tipo tubo que garantiza un calentamiento r\u00e1pido y preciso de carne picada y emulsiones, mejorando la eficiencia, calidad y sostenibilidad en la producci\u00f3n industrial.","og_url":"https:\/\/www.stalam.com\/es\/alimentario\/rellenado-y-precoccion\/calentador-tipo-tubo-meatflow\/","og_site_name":"Stalam","article_publisher":"https:\/\/www.facebook.com\/Stalam-184036235760438\/","article_modified_time":"2025-04-15T12:17:16+00:00","og_image":[{"width":634,"height":176,"url":"https:\/\/www.stalam.com\/wp-content\/uploads\/2023\/06\/stalam-logo.png","type":"image\/png"}],"twitter_card":"summary_large_image","schema":{"@context":"https:\/\/schema.org","@graph":[{"@type":"WebPage","@id":"https:\/\/www.stalam.com\/es\/alimentario\/rellenado-y-precoccion\/calentador-tipo-tubo-meatflow\/","url":"https:\/\/www.stalam.com\/es\/alimentario\/rellenado-y-precoccion\/calentador-tipo-tubo-meatflow\/","name":"Calentador r\u00e1pido tipo tubo \u201cMEATFLOW+\u201d | Stalam","isPartOf":{"@id":"https:\/\/www.stalam.com\/#website"},"datePublished":"2025-03-12T14:01:53+00:00","dateModified":"2025-04-15T12:17:16+00:00","description":"MEATFLOW+ es un calentador por RF tipo tubo que garantiza un calentamiento r\u00e1pido y preciso de carne picada y emulsiones, mejorando la eficiencia, calidad y sostenibilidad en la producci\u00f3n industrial.","breadcrumb":{"@id":"https:\/\/www.stalam.com\/es\/alimentario\/rellenado-y-precoccion\/calentador-tipo-tubo-meatflow\/#breadcrumb"},"inLanguage":"es","potentialAction":[{"@type":"ReadAction","target":["https:\/\/www.stalam.com\/es\/alimentario\/rellenado-y-precoccion\/calentador-tipo-tubo-meatflow\/"]}]},{"@type":"BreadcrumbList","@id":"https:\/\/www.stalam.com\/es\/alimentario\/rellenado-y-precoccion\/calentador-tipo-tubo-meatflow\/#breadcrumb","itemListElement":[{"@type":"ListItem","position":1,"name":"Home","item":"https:\/\/www.stalam.com\/es\/"},{"@type":"ListItem","position":2,"name":"Alimentario","item":"https:\/\/www.stalam.com\/es\/alimentario\/"},{"@type":"ListItem","position":3,"name":"Rellenado y precocci\u00f3n de productos l\u00edquidos","item":"https:\/\/www.stalam.com\/es\/alimentario\/rellenado-y-precoccion\/"},{"@type":"ListItem","position":4,"name":"Calentador r\u00e1pido tipo tubo \u201cMEATFLOW+\u201d"}]},{"@type":"WebSite","@id":"https:\/\/www.stalam.com\/#website","url":"https:\/\/www.stalam.com\/","name":"Stalam","description":"","publisher":{"@id":"https:\/\/www.stalam.com\/#organization"},"potentialAction":[{"@type":"SearchAction","target":{"@type":"EntryPoint","urlTemplate":"https:\/\/www.stalam.com\/?s={search_term_string}"},"query-input":{"@type":"PropertyValueSpecification","valueRequired":true,"valueName":"search_term_string"}}],"inLanguage":"es"},{"@type":"Organization","@id":"https:\/\/www.stalam.com\/#organization","name":"Stalam","url":"https:\/\/www.stalam.com\/","logo":{"@type":"ImageObject","inLanguage":"es","@id":"https:\/\/www.stalam.com\/#\/schema\/logo\/image\/","url":"https:\/\/www.stalam.com\/wp-content\/uploads\/2023\/06\/stalam-logo.png","contentUrl":"https:\/\/www.stalam.com\/wp-content\/uploads\/2023\/06\/stalam-logo.png","width":634,"height":176,"caption":"Stalam"},"image":{"@id":"https:\/\/www.stalam.com\/#\/schema\/logo\/image\/"},"sameAs":["https:\/\/www.facebook.com\/Stalam-184036235760438\/","https:\/\/www.linkedin.com\/company\/stalam\/","https:\/\/www.youtube.com\/channel\/UCcl2pZ10KrADorPJccCu43Q"]}]}},"_links":{"self":[{"href":"https:\/\/www.stalam.com\/es\/wp-json\/wp\/v2\/pages\/14831","targetHints":{"allow":["GET"]}}],"collection":[{"href":"https:\/\/www.stalam.com\/es\/wp-json\/wp\/v2\/pages"}],"about":[{"href":"https:\/\/www.stalam.com\/es\/wp-json\/wp\/v2\/types\/page"}],"author":[{"embeddable":true,"href":"https:\/\/www.stalam.com\/es\/wp-json\/wp\/v2\/users\/2"}],"replies":[{"embeddable":true,"href":"https:\/\/www.stalam.com\/es\/wp-json\/wp\/v2\/comments?post=14831"}],"version-history":[{"count":6,"href":"https:\/\/www.stalam.com\/es\/wp-json\/wp\/v2\/pages\/14831\/revisions"}],"predecessor-version":[{"id":14837,"href":"https:\/\/www.stalam.com\/es\/wp-json\/wp\/v2\/pages\/14831\/revisions\/14837"}],"up":[{"embeddable":true,"href":"https:\/\/www.stalam.com\/es\/wp-json\/wp\/v2\/pages\/14825"}],"wp:attachment":[{"href":"https:\/\/www.stalam.com\/es\/wp-json\/wp\/v2\/media?parent=14831"}],"curies":[{"name":"wp","href":"https:\/\/api.w.org\/{rel}","templated":true}]}}