{"id":3679,"date":"2023-03-11T21:28:35","date_gmt":"2023-03-11T20:28:35","guid":{"rendered":"https:\/\/www.stalam.com\/tessile\/"},"modified":"2025-05-27T09:26:56","modified_gmt":"2025-05-27T07:26:56","slug":"textil","status":"publish","type":"page","link":"https:\/\/www.stalam.com\/es\/textil\/","title":{"rendered":"Textil"},"content":{"rendered":"\n<div class=\"fascia-bread-title bgcolor-grey \">\n    <div class=\"container-fascia-bread-title\">\n        <p id=\"breadcrumbs\"><span><span><a href=\"https:\/\/www.stalam.com\/es\/\">Home<\/a><\/span><\/span><\/p>                <h1 class=\"title-big\">Textil<\/h1>\n    <\/div>\n<\/div>\n\n\n\n<div class=\"fascia-img-header\">\n    <img loading=\"lazy\" decoding=\"async\" src=\"https:\/\/www.stalam.com\/wp-content\/uploads\/2023\/05\/Textile.jpg\" alt=\"\" width=\"600\" height=\"400\">\n<\/div>\n\n\n\n\n<div class=\"wp-block-columns col-fullwidth is-layout-flex wp-container-core-columns-is-layout-9d6595d7 wp-block-columns-is-layout-flex\">\n<div class=\"wp-block-column is-layout-flow wp-block-column-is-layout-flow\" style=\"flex-basis:33.33%\"><div class=\"sidebar-prodotti-container\"><div class=\"topbar-prodotti\" id=\"topbar\"><ul><li class=\"page_item page-item-3680 page_item_has_children\"><a href=\"https:\/\/www.stalam.com\/es\/textil\/secadores-para-bobinas-de-hilo-y-mechas\/\">Secadores para bobinas de hilo y mechas<\/a><\/li>\n<li class=\"page_item page-item-3686 page_item_has_children\"><a href=\"https:\/\/www.stalam.com\/es\/textil\/secadores-para-fibras-sueltas-cintas-de-hilo-mechas-e-hilos-en-madejas\/\">Secadores para fibras sueltas, cintas de hilo\/mechas e hilos en madejas<\/a><\/li>\n<li class=\"page_item page-item-3690 page_item_has_children\"><a href=\"https:\/\/www.stalam.com\/es\/textil\/secadores-de-tejidos\/\">Secadores de tejidos<\/a><\/li>\n<li class=\"page_item page-item-3692 page_item_has_children\"><a href=\"https:\/\/www.stalam.com\/es\/textil\/secadores-para-medias-y-leotardos\/\">Secadores para medias y leotardos<\/a><\/li>\n<li class=\"page_item page-item-3694\"><a href=\"https:\/\/www.stalam.com\/es\/textil\/otras-aplicaciones-textiles\/\">Otras aplicaciones textiles<\/a><\/li>\n<a href=\"https:\/\/www.stalam.com\/richiesta-catalogo\/\" class=\"btn btn-filled-r\">Descargar cat\u00e1logo<\/a><\/ul><\/div><div class=\"sidebar-prodotti-left\"><p class=\"grandparent-page\">Textil<\/p><ul><li class=\"page_item page-item-3680 page_item_has_children\"><a href=\"https:\/\/www.stalam.com\/es\/textil\/secadores-para-bobinas-de-hilo-y-mechas\/\">Secadores para bobinas de hilo y mechas<\/a><\/li>\n<li class=\"page_item page-item-3686 page_item_has_children\"><a href=\"https:\/\/www.stalam.com\/es\/textil\/secadores-para-fibras-sueltas-cintas-de-hilo-mechas-e-hilos-en-madejas\/\">Secadores para fibras sueltas, cintas de hilo\/mechas e hilos en madejas<\/a><\/li>\n<li class=\"page_item page-item-3690 page_item_has_children\"><a href=\"https:\/\/www.stalam.com\/es\/textil\/secadores-de-tejidos\/\">Secadores de tejidos<\/a><\/li>\n<li class=\"page_item page-item-3692 page_item_has_children\"><a href=\"https:\/\/www.stalam.com\/es\/textil\/secadores-para-medias-y-leotardos\/\">Secadores para medias y leotardos<\/a><\/li>\n<li class=\"page_item page-item-3694\"><a href=\"https:\/\/www.stalam.com\/es\/textil\/otras-aplicaciones-textiles\/\">Otras aplicaciones textiles<\/a><\/li>\n<a href=\"https:\/\/www.stalam.com\/richiesta-catalogo\/\" class=\"btn btn-filled-r\">Descargar cat\u00e1logo<\/a><\/ul><\/div><\/div>\n<\/div>\n\n\n\n<div class=\"wp-block-column is-layout-flow wp-block-column-is-layout-flow\" style=\"flex-basis:66.66%\"><div class=\"fascia-tit-text-video\">\n    <div class=\"container-fascia-tit-text-video\">\n\n                    <span class=\"title\">Secadores de RF para aplicaciones textiles<\/span>\n        \n        <p>L\u00edder mundial en el secado de radiofrecuencia y tecnolog\u00edas de procesamiento t\u00e9rmico, Stalam ofrece la m\u00e1s amplia y avanzada gama de secadores para la industria textil, que permiten que los usuarios obtengan los m\u00e1ximos beneficios de la tecnolog\u00eda de radiofrecuencia en t\u00e9rminos de calidad de los productos acabados, reducci\u00f3n en los costes operativos, alta flexibilidad y una excepcional fiabilidad.<\/p>\n<p>En la actualidad, hay m\u00e1s de 2.000 secadores textiles Stalam en funcionamiento en m\u00e1s de 50 pa\u00edses, con una potencia nominal de entre 3 y 320 kW: desde una sencilla m\u00e1quina accionada manualmente, hasta una l\u00ednea completamente robotizada con control computarizado y sistemas de supervisi\u00f3n. <\/p>\n\n                    <iframe src=\"https:\/\/www.youtube.com\/embed\/bsXodH5Q2Jw\" frameborder=\"0\"><\/iframe>\n        \n    <\/div>\n<\/div>\n\n<\/div>\n<\/div>\n\n\n\n<div class=\"tripletext-col bgcolor-grey \">\n            <span class=\"title\">Las principales caracter\u00edsticas de los extraordinarios secadores textiles de Stalam<\/span>\n    \n    <div class=\"grid-3\">\n        <div class=\"col\">\n            <span class=\"title\">Generadores fiables y eficaces<\/span>\n            <p>Los generadores de RF est\u00e1n completamente dise\u00f1ados y fabricados por Stalam; son de tipo de \u00abcomponentes concentrados\u00bb (de alta resistencia), con una alta eficiencia (m\u00e1s del 70 % de tasa de conversi\u00f3n de energ\u00eda) y una fiabilidad excepcional; todos los componentes y los circuitos son de f\u00e1cil y r\u00e1pido acceso.<\/p>\n        <\/div>\n        <div class=\"col\">\n            <span class=\"title\">Sistema de refrigeraci\u00f3n completamente integrado<\/span>\n            <p>El sistema de refrigeraci\u00f3n de los generadores de RF est\u00e1 compuesto por un circuito de agua doble totalmente integrado y ha sido dise\u00f1ado para asegurar la m\u00e1xima vida \u00fatil de los triodos y no requiere mantenimiento peri\u00f3dico. Stalam tambi\u00e9n suministra, a pedido, generadores dotados de un sistema de refrigeraci\u00f3n de aire forzado (que en algunas aplicaciones es una caracter\u00edstica est\u00e1ndar).<\/p>\n        <\/div>\n        <div class=\"col\">\n            <span class=\"title\">Sistema de electrodos\u200b fijo o con m\u00faltiples posiciones<\/span>\n            <p>Los secadores de Stalam no requieren subir o bajar continuamente el electrodo superior para ajustar la potencia de RF: el electrodo es fijo o se coloca autom\u00e1ticamente a alturas predeterminadas seg\u00fan el tama\u00f1o del producto que se debe secar.<\/p>\n        <\/div>\n    <\/div>\n<\/div>\n\n\n<div class=\"tripletext-col bgcolor-white \">\n    \n    <div class=\"grid-3\">\n        <div class=\"col\">\n            <span class=\"title\">Ajuste de potencia de RF controlado por PLC <\/span>\n            <p>El ajuste de potencia de RF se efect\u00faa mediante el PLC que controla la energ\u00eda suministrada para el secado del producto a trav\u00e9s de un condensador variable, situado en el propio generador de RF, de forma precisa y fiable. La intuitiva pantalla t\u00e1ctil HMI permite configurar r\u00e1pidamente y sin error los par\u00e1metros de secado m\u00e1s adecuados para cada producto.<\/p>\n        <\/div>\n        <div class=\"col\">\n            <span class=\"title\">Densidad de baja potencia<\/span>\n            <p>La densidad de potencia es realmente baja: de 5 a 15 kW(RF)\/m\u00b2 de superficie del electrodo. Por lo tanto, el proceso de calentamiento\/evaporaci\u00f3n es extremadamente delicado y la calidad del producto secado aumenta notablemente.<\/p>\n        <\/div>\n        <div class=\"col\">\n            <span class=\"title\">Dise\u00f1o modular<\/span>\n            <p>El dise\u00f1o es modular, es decir, que los secadores de alta capacidad est\u00e1n formados por dos o m\u00e1s m\u00f3dulos de secado conectados en serie. En cualquier momento se pueden a\u00f1adir m\u00f3dulos adicionales al primero, lo que permite un gran ahorro en inversi\u00f3n de capital y espacio.<\/p>\n        <\/div>\n    <\/div>\n<\/div>\n\n\n<div class=\"tripletext-col bgcolor-grey \">\n    \n    <div class=\"grid-3\">\n        <div class=\"col\">\n            <span class=\"title\">Vida \u00fatil larga incluso en entornos rigurosos<\/span>\n            <p>Los materiales de fabricaci\u00f3n son principalmente acero inoxidable y aluminio para garantizar una larga vida \u00fatil del secador incluso en ambientes de trabajo dif\u00edciles. Todos los componentes el\u00e9ctricos y electr\u00f3nicos est\u00e1n sobredimensionados y son de las mejores marcas internacionales para garantizar el m\u00e1ximo nivel de fiabilidad.<\/p>\n        <\/div>\n        <div class=\"col\">\n            <span class=\"title\">Funcionamiento seguro<\/span>\n            <p>Adem\u00e1s del cumplimiento obligatorio de la vigente normativa de seguridad mec\u00e1nica y el\u00e9ctrica, los secadores RF de Stalam est\u00e1n equipados con un campo electromagn\u00e9tico espec\u00edfico que evita fugas y sistemas de supresi\u00f3n de interferencias de RF con el fin de cumplir con las m\u00e1s estrictas normas de compatibilidad electromagn\u00e9tica vigentes en los diferentes pa\u00edses.<\/p>\n        <\/div>\n        <div class=\"col\">\n            <span class=\"title\"><\/span>\n                    <\/div>\n    <\/div>\n<\/div>\n\n\n<div class=\"doubletext-col bgcolor-white \">\n            <span class=\"title\">Principales ventajas de la tecnolog\u00eda de secado RF de Stalam<\/span>\n    \n    <div class=\"grid-2\">\n        <div class=\"col\">\n                            <span class=\"title\">Calidad excelente de los productos secados<\/span>\n                        <p>Se han eliminado todos los problemas causados por la transmisi\u00f3n del calor, caracter\u00edsticos de los sistemas de secado convencionales por circulaci\u00f3n de aire caliente; de esta forma, el producto se seca r\u00e1pidamente y de manera uniforme hasta alcanzar el nivel deseado de humedad residual con un efecto de evaporaci\u00f3n y de aumento de volumen beneficioso de las fibras que mejora notablemente las propiedades f\u00edsicas como la elasticidad, la suavidad, el tacto y el efecto de color.<\/p>\n        <\/div>\n        <div class=\"col\">\n                            <span class=\"title\">Alta eficiencia energ\u00e9tica<\/span>\n                        <p>La energ\u00eda electromagn\u00e9tica se transfiere directamente a todo el producto h\u00famedo sin p\u00e9rdidas en los alrededores y se puede aprovechar por completo para el proceso de secado. Adem\u00e1s, la transferencia de energ\u00eda no se ve afectada negativamente por los par\u00e1metros variables como el tama\u00f1o o la densidad del producto, por lo que seca r\u00e1pidamente y con el m\u00ednimo consumo de energ\u00eda.<\/p>\n        <\/div>\n    <\/div>\n<\/div>\n\n\n<div class=\"fascia-newsletter bgcolor-grey \">\n    <div class=\"container-newsletter\">\n                    <span class=\"title\">\u00bfLe gustar\u00eda conocer m\u00e1s sobre nuestras soluciones?<\/span>\n        \n                    <a href=\"https:\/\/www.stalam.com\/es\/informacion-requerida\/?area=Textil\" title=\"Solicitar Informaci\u00f3n\" class=\"btn btn-filled-r\">\n                Solicitar Informaci\u00f3n            <\/a>\n            <\/div>\n<\/div>\n\n","protected":false},"excerpt":{"rendered":"","protected":false},"author":1,"featured_media":0,"parent":0,"menu_order":156,"comment_status":"closed","ping_status":"closed","template":"","meta":{"_acf_changed":false,"content-type":"","footnotes":""},"class_list":["post-3679","page","type-page","status-publish","hentry"],"acf":[],"yoast_head":"<!-- This site is optimized with the Yoast SEO Premium plugin v23.9 (Yoast SEO v27.3) - https:\/\/yoast.com\/product\/yoast-seo-premium-wordpress\/ -->\n<title>Aplicaci\u00f3n de nuestra tecnolog\u00eda a Textil | Stalam<\/title>\n<meta name=\"description\" content=\"Descubre la aplicaci\u00f3n de nuestra tecnolog\u00eda de radiofrecuencia a Textil!\" \/>\n<meta name=\"robots\" content=\"index, follow, max-snippet:-1, max-image-preview:large, max-video-preview:-1\" \/>\n<link rel=\"canonical\" href=\"https:\/\/www.stalam.com\/es\/textil\/\" \/>\n<meta property=\"og:locale\" content=\"es_ES\" \/>\n<meta property=\"og:type\" content=\"article\" \/>\n<meta property=\"og:title\" content=\"Textil\" \/>\n<meta property=\"og:description\" content=\"Descubre la aplicaci\u00f3n de nuestra tecnolog\u00eda de radiofrecuencia a Textil!\" \/>\n<meta property=\"og:url\" content=\"https:\/\/www.stalam.com\/es\/textil\/\" \/>\n<meta property=\"og:site_name\" content=\"Stalam\" \/>\n<meta property=\"article:publisher\" content=\"https:\/\/www.facebook.com\/Stalam-184036235760438\/\" \/>\n<meta property=\"article:modified_time\" content=\"2025-05-27T07:26:56+00:00\" \/>\n<meta property=\"og:image\" content=\"https:\/\/www.stalam.com\/wp-content\/uploads\/2023\/06\/stalam-logo.png\" \/>\n\t<meta property=\"og:image:width\" content=\"634\" \/>\n\t<meta property=\"og:image:height\" content=\"176\" \/>\n\t<meta property=\"og:image:type\" content=\"image\/png\" \/>\n<meta name=\"twitter:card\" content=\"summary_large_image\" \/>\n<meta name=\"twitter:label1\" content=\"Tiempo de lectura\" \/>\n\t<meta name=\"twitter:data1\" content=\"1 minuto\" \/>\n<script type=\"application\/ld+json\" class=\"yoast-schema-graph\">{\"@context\":\"https:\\\/\\\/schema.org\",\"@graph\":[{\"@type\":\"WebPage\",\"@id\":\"https:\\\/\\\/www.stalam.com\\\/es\\\/textil\\\/\",\"url\":\"https:\\\/\\\/www.stalam.com\\\/es\\\/textil\\\/\",\"name\":\"Aplicaci\u00f3n de nuestra tecnolog\u00eda a Textil | Stalam\",\"isPartOf\":{\"@id\":\"https:\\\/\\\/www.stalam.com\\\/#website\"},\"datePublished\":\"2023-03-11T20:28:35+00:00\",\"dateModified\":\"2025-05-27T07:26:56+00:00\",\"description\":\"Descubre la aplicaci\u00f3n de nuestra tecnolog\u00eda de radiofrecuencia a Textil!\",\"breadcrumb\":{\"@id\":\"https:\\\/\\\/www.stalam.com\\\/es\\\/textil\\\/#breadcrumb\"},\"inLanguage\":\"es\",\"potentialAction\":[{\"@type\":\"ReadAction\",\"target\":[\"https:\\\/\\\/www.stalam.com\\\/es\\\/textil\\\/\"]}]},{\"@type\":\"BreadcrumbList\",\"@id\":\"https:\\\/\\\/www.stalam.com\\\/es\\\/textil\\\/#breadcrumb\",\"itemListElement\":[{\"@type\":\"ListItem\",\"position\":1,\"name\":\"Home\",\"item\":\"https:\\\/\\\/www.stalam.com\\\/es\\\/\"},{\"@type\":\"ListItem\",\"position\":2,\"name\":\"Textil\"}]},{\"@type\":\"WebSite\",\"@id\":\"https:\\\/\\\/www.stalam.com\\\/#website\",\"url\":\"https:\\\/\\\/www.stalam.com\\\/\",\"name\":\"Stalam\",\"description\":\"\",\"publisher\":{\"@id\":\"https:\\\/\\\/www.stalam.com\\\/#organization\"},\"potentialAction\":[{\"@type\":\"SearchAction\",\"target\":{\"@type\":\"EntryPoint\",\"urlTemplate\":\"https:\\\/\\\/www.stalam.com\\\/?s={search_term_string}\"},\"query-input\":{\"@type\":\"PropertyValueSpecification\",\"valueRequired\":true,\"valueName\":\"search_term_string\"}}],\"inLanguage\":\"es\"},{\"@type\":\"Organization\",\"@id\":\"https:\\\/\\\/www.stalam.com\\\/#organization\",\"name\":\"Stalam\",\"url\":\"https:\\\/\\\/www.stalam.com\\\/\",\"logo\":{\"@type\":\"ImageObject\",\"inLanguage\":\"es\",\"@id\":\"https:\\\/\\\/www.stalam.com\\\/#\\\/schema\\\/logo\\\/image\\\/\",\"url\":\"https:\\\/\\\/www.stalam.com\\\/wp-content\\\/uploads\\\/2023\\\/06\\\/stalam-logo.png\",\"contentUrl\":\"https:\\\/\\\/www.stalam.com\\\/wp-content\\\/uploads\\\/2023\\\/06\\\/stalam-logo.png\",\"width\":634,\"height\":176,\"caption\":\"Stalam\"},\"image\":{\"@id\":\"https:\\\/\\\/www.stalam.com\\\/#\\\/schema\\\/logo\\\/image\\\/\"},\"sameAs\":[\"https:\\\/\\\/www.facebook.com\\\/Stalam-184036235760438\\\/\",\"https:\\\/\\\/www.linkedin.com\\\/company\\\/stalam\\\/\",\"https:\\\/\\\/www.youtube.com\\\/channel\\\/UCcl2pZ10KrADorPJccCu43Q\"]}]}<\/script>\n<!-- \/ Yoast SEO Premium plugin. -->","yoast_head_json":{"title":"Aplicaci\u00f3n de nuestra tecnolog\u00eda a Textil | Stalam","description":"Descubre la aplicaci\u00f3n de nuestra tecnolog\u00eda de radiofrecuencia a Textil!","robots":{"index":"index","follow":"follow","max-snippet":"max-snippet:-1","max-image-preview":"max-image-preview:large","max-video-preview":"max-video-preview:-1"},"canonical":"https:\/\/www.stalam.com\/es\/textil\/","og_locale":"es_ES","og_type":"article","og_title":"Textil","og_description":"Descubre la aplicaci\u00f3n de nuestra tecnolog\u00eda de radiofrecuencia a Textil!","og_url":"https:\/\/www.stalam.com\/es\/textil\/","og_site_name":"Stalam","article_publisher":"https:\/\/www.facebook.com\/Stalam-184036235760438\/","article_modified_time":"2025-05-27T07:26:56+00:00","og_image":[{"width":634,"height":176,"url":"https:\/\/www.stalam.com\/wp-content\/uploads\/2023\/06\/stalam-logo.png","type":"image\/png"}],"twitter_card":"summary_large_image","twitter_misc":{"Tiempo de lectura":"1 minuto"},"schema":{"@context":"https:\/\/schema.org","@graph":[{"@type":"WebPage","@id":"https:\/\/www.stalam.com\/es\/textil\/","url":"https:\/\/www.stalam.com\/es\/textil\/","name":"Aplicaci\u00f3n de nuestra tecnolog\u00eda a Textil | Stalam","isPartOf":{"@id":"https:\/\/www.stalam.com\/#website"},"datePublished":"2023-03-11T20:28:35+00:00","dateModified":"2025-05-27T07:26:56+00:00","description":"Descubre la aplicaci\u00f3n de nuestra tecnolog\u00eda de radiofrecuencia a Textil!","breadcrumb":{"@id":"https:\/\/www.stalam.com\/es\/textil\/#breadcrumb"},"inLanguage":"es","potentialAction":[{"@type":"ReadAction","target":["https:\/\/www.stalam.com\/es\/textil\/"]}]},{"@type":"BreadcrumbList","@id":"https:\/\/www.stalam.com\/es\/textil\/#breadcrumb","itemListElement":[{"@type":"ListItem","position":1,"name":"Home","item":"https:\/\/www.stalam.com\/es\/"},{"@type":"ListItem","position":2,"name":"Textil"}]},{"@type":"WebSite","@id":"https:\/\/www.stalam.com\/#website","url":"https:\/\/www.stalam.com\/","name":"Stalam","description":"","publisher":{"@id":"https:\/\/www.stalam.com\/#organization"},"potentialAction":[{"@type":"SearchAction","target":{"@type":"EntryPoint","urlTemplate":"https:\/\/www.stalam.com\/?s={search_term_string}"},"query-input":{"@type":"PropertyValueSpecification","valueRequired":true,"valueName":"search_term_string"}}],"inLanguage":"es"},{"@type":"Organization","@id":"https:\/\/www.stalam.com\/#organization","name":"Stalam","url":"https:\/\/www.stalam.com\/","logo":{"@type":"ImageObject","inLanguage":"es","@id":"https:\/\/www.stalam.com\/#\/schema\/logo\/image\/","url":"https:\/\/www.stalam.com\/wp-content\/uploads\/2023\/06\/stalam-logo.png","contentUrl":"https:\/\/www.stalam.com\/wp-content\/uploads\/2023\/06\/stalam-logo.png","width":634,"height":176,"caption":"Stalam"},"image":{"@id":"https:\/\/www.stalam.com\/#\/schema\/logo\/image\/"},"sameAs":["https:\/\/www.facebook.com\/Stalam-184036235760438\/","https:\/\/www.linkedin.com\/company\/stalam\/","https:\/\/www.youtube.com\/channel\/UCcl2pZ10KrADorPJccCu43Q"]}]}},"_links":{"self":[{"href":"https:\/\/www.stalam.com\/es\/wp-json\/wp\/v2\/pages\/3679","targetHints":{"allow":["GET"]}}],"collection":[{"href":"https:\/\/www.stalam.com\/es\/wp-json\/wp\/v2\/pages"}],"about":[{"href":"https:\/\/www.stalam.com\/es\/wp-json\/wp\/v2\/types\/page"}],"author":[{"embeddable":true,"href":"https:\/\/www.stalam.com\/es\/wp-json\/wp\/v2\/users\/1"}],"replies":[{"embeddable":true,"href":"https:\/\/www.stalam.com\/es\/wp-json\/wp\/v2\/comments?post=3679"}],"version-history":[{"count":8,"href":"https:\/\/www.stalam.com\/es\/wp-json\/wp\/v2\/pages\/3679\/revisions"}],"predecessor-version":[{"id":15164,"href":"https:\/\/www.stalam.com\/es\/wp-json\/wp\/v2\/pages\/3679\/revisions\/15164"}],"wp:attachment":[{"href":"https:\/\/www.stalam.com\/es\/wp-json\/wp\/v2\/media?parent=3679"}],"curies":[{"name":"wp","href":"https:\/\/api.w.org\/{rel}","templated":true}]}}