{"id":3682,"date":"2023-05-12T14:08:26","date_gmt":"2023-05-12T12:08:26","guid":{"rendered":"https:\/\/www.stalam.com\/tessile\/essiccatoi-per-rocche-e-tops\/essiccatoi-serie-rf-e-rfa\/"},"modified":"2025-06-10T15:36:10","modified_gmt":"2025-06-10T13:36:10","slug":"secadores-serie-rf-y-rfa","status":"publish","type":"page","link":"https:\/\/www.stalam.com\/es\/textil\/secadores-para-bobinas-de-hilo-y-mechas\/secadores-serie-rf-y-rfa\/","title":{"rendered":"Secadores serie \u00abRF\u00bb y \u00abRFA\u00bb"},"content":{"rendered":"\n<div class=\"fascia-bread-title bgcolor-grey \">\n    <div class=\"container-fascia-bread-title\">\n        <p id=\"breadcrumbs\"><span><span><a href=\"https:\/\/www.stalam.com\/es\/\">Home<\/a><\/span><\/span><\/p>                    <span class=\"title\">TEXTIL<\/span>\n                <h1 class=\"title-big\">Secadores serie \u00abRF\u00bb y \u00abRFA\u00bb<\/h1>\n    <\/div>\n<\/div>\n\n\n\n<div class=\"fascia-img-header\">\n    <img loading=\"lazy\" decoding=\"async\" src=\"https:\/\/www.stalam.com\/wp-content\/uploads\/2023\/05\/Essiccatoi-serie-22RF22-e-22RFA22.jpg\" alt=\"\" width=\"600\" height=\"400\">\n<\/div>\n\n\n\n\n<div class=\"wp-block-columns col-fullwidth is-layout-flex wp-container-core-columns-is-layout-9d6595d7 wp-block-columns-is-layout-flex\">\n<div class=\"wp-block-column is-layout-flow wp-block-column-is-layout-flow\" style=\"flex-basis:33.33%\"><div class=\"sidebar-prodotti-container\"><div class=\"topbar-prodotti\" id=\"topbar\"><ul><li class=\"page_item page-item-3680 page_item_has_children\"><a href=\"https:\/\/www.stalam.com\/es\/textil\/secadores-para-bobinas-de-hilo-y-mechas\/\">Secadores para bobinas de hilo y mechas<\/a><\/li>\n<li class=\"page_item page-item-3686 page_item_has_children\"><a href=\"https:\/\/www.stalam.com\/es\/textil\/secadores-para-fibras-sueltas-cintas-de-hilo-mechas-e-hilos-en-madejas\/\">Secadores para fibras sueltas, cintas de hilo\/mechas e hilos en madejas<\/a><\/li>\n<li class=\"page_item page-item-3690 page_item_has_children\"><a href=\"https:\/\/www.stalam.com\/es\/textil\/secadores-de-tejidos\/\">Secadores de tejidos<\/a><\/li>\n<li class=\"page_item page-item-3692 page_item_has_children\"><a href=\"https:\/\/www.stalam.com\/es\/textil\/secadores-para-medias-y-leotardos\/\">Secadores para medias y leotardos<\/a><\/li>\n<li class=\"page_item page-item-3694\"><a href=\"https:\/\/www.stalam.com\/es\/textil\/otras-aplicaciones-textiles\/\">Otras aplicaciones textiles<\/a><\/li>\n<a href=\"https:\/\/www.stalam.com\/richiesta-catalogo\/\" class=\"btn btn-filled-r\">Descargar cat\u00e1logo<\/a><\/ul><\/div><div class=\"sidebar-prodotti-left\"><p class=\"grandparent-page\">Textil<\/p><ul><li class=\"page_item page-item-3680 page_item_has_children\"><a href=\"https:\/\/www.stalam.com\/es\/textil\/secadores-para-bobinas-de-hilo-y-mechas\/\">Secadores para bobinas de hilo y mechas<\/a>\n<ul class='children'>\n\t<li class=\"page_item page-item-3682\"><a href=\"https:\/\/www.stalam.com\/es\/textil\/secadores-para-bobinas-de-hilo-y-mechas\/secadores-serie-rf-y-rfa\/\">Secadores serie \u00abRF\u00bb y \u00abRFA\u00bb<\/a><\/li>\n\t<li class=\"page_item page-item-3681\"><a href=\"https:\/\/www.stalam.com\/es\/textil\/secadores-para-bobinas-de-hilo-y-mechas\/secadores-serie-rf-eco\/\">Secadores serie \u00abRF ECO+\u00bb<\/a><\/li>\n\t<li class=\"page_item page-item-3683\"><a href=\"https:\/\/www.stalam.com\/es\/textil\/secadores-para-bobinas-de-hilo-y-mechas\/secadores-serie-tcrf\/\">Secadores serie \u00abTCRF\u00bb<\/a><\/li>\n\t<li class=\"page_item page-item-3684\"><a href=\"https:\/\/www.stalam.com\/es\/textil\/secadores-para-bobinas-de-hilo-y-mechas\/secador-rf-c\/\">Secador \u00abRF\/C\u00bb<\/a><\/li>\n\t<li class=\"page_item page-item-3685\"><a href=\"https:\/\/www.stalam.com\/es\/textil\/secadores-para-bobinas-de-hilo-y-mechas\/secador-rfa-hp\/\">Secador \u00abRFA\/HP\u00bb<\/a><\/li>\n<\/ul>\n<\/li>\n<li class=\"page_item page-item-3686 page_item_has_children\"><a href=\"https:\/\/www.stalam.com\/es\/textil\/secadores-para-fibras-sueltas-cintas-de-hilo-mechas-e-hilos-en-madejas\/\">Secadores para fibras sueltas, cintas de hilo\/mechas e hilos en madejas<\/a>\n<ul class='children'>\n\t<li class=\"page_item page-item-3688\"><a href=\"https:\/\/www.stalam.com\/es\/textil\/secadores-para-fibras-sueltas-cintas-de-hilo-mechas-e-hilos-en-madejas\/secadores-serie-rfa-s-combo-twin-power\/\">Secadores serie \u00abRFA\/S COMBO\u00bb Twin-Power<\/a><\/li>\n\t<li class=\"page_item page-item-3689\"><a href=\"https:\/\/www.stalam.com\/es\/textil\/secadores-para-fibras-sueltas-cintas-de-hilo-mechas-e-hilos-en-madejas\/secadores-serie-rf\/\">Secadores serie \u00abRF\u00bb<\/a><\/li>\n\t<li class=\"page_item page-item-3687\"><a href=\"https:\/\/www.stalam.com\/es\/textil\/secadores-para-fibras-sueltas-cintas-de-hilo-mechas-e-hilos-en-madejas\/secadores-serie-ltrf-y-rfa-s\/\">Secadores serie \u00abLTRF\u00bb y \u00abRFA\/S\u00bb<\/a><\/li>\n<\/ul>\n<\/li>\n<li class=\"page_item page-item-3690 page_item_has_children\"><a href=\"https:\/\/www.stalam.com\/es\/textil\/secadores-de-tejidos\/\">Secadores de tejidos<\/a>\n<ul class='children'>\n\t<li class=\"page_item page-item-3691\"><a href=\"https:\/\/www.stalam.com\/es\/textil\/secadores-de-tejidos\/secadores-de-tejidos-rf-t\/\">Secadores de tejidos \u00abRF\/T\u00bb<\/a><\/li>\n<\/ul>\n<\/li>\n<li class=\"page_item page-item-3692 page_item_has_children\"><a href=\"https:\/\/www.stalam.com\/es\/textil\/secadores-para-medias-y-leotardos\/\">Secadores para medias y leotardos<\/a>\n<ul class='children'>\n\t<li class=\"page_item page-item-3693\"><a href=\"https:\/\/www.stalam.com\/es\/textil\/secadores-para-medias-y-leotardos\/secadores-para-medias-y-leotardos\/\">Secadores para medias y leotardos<\/a><\/li>\n<\/ul>\n<\/li>\n<li class=\"page_item page-item-3694\"><a href=\"https:\/\/www.stalam.com\/es\/textil\/otras-aplicaciones-textiles\/\">Otras aplicaciones textiles<\/a><\/li>\n<a href=\"https:\/\/www.stalam.com\/richiesta-catalogo\/\" class=\"btn btn-filled-r\">Descargar cat\u00e1logo<\/a><\/ul><\/div><\/div>\n<\/div>\n\n\n\n<div class=\"wp-block-column is-layout-flow wp-block-column-is-layout-flow\" style=\"flex-basis:66.66%\"><div class=\"fascia-testo-btns-imgs\">\n    <p>Con m\u00e1s de 1 800 unidades en funcionamiento, los secadores de la serie \u00abRF\u00bb son los m\u00e1s vendidos de Stalam. Son secadores universales especialmente indicados para ovillos y bobinas de hilos tambien para fibras peinadas (mechas) en forma de bobina y ovillo.<\/p>\n<p>&nbsp;<\/p>\n<p>Casi todas las combinaciones de fibras naturales, artificiales y sint\u00e9ticas, puras o mezcladas, de cualquier forma y cantidad, puede secarse perfectamente hasta obtener el nivel deseado de humedad residual con una eficacia y unos resultados extraordinarios que no se pueden obtener con ningun sistema convencional de secado.<\/p>\n<p>&nbsp;<\/p>\n<p>En la serie de secadores \u00abRFA\u00bb (asistidos por radiofrecuencia), el tratamiento RF se combina con un sistema de circulaci\u00f3n de aire caliente tradicional.<\/p>\n<p>&nbsp;<\/p>\n<p>A lo largo de los a\u00f1os, se han introducido varias innovaciones en las series de secadores \u00abRF\u00bb y \u00abRFA\u00bb, como el amplio uso del acero inoxidable en el interior del t\u00fanel de secado, una correa transportadora nueva y un sistema de tensado, la correa transportadora modular de polipropileno, el sistema de electrodos superior con m\u00faltiples posiciones, la nueva tarjeta electr\u00f3nica para controlar los par\u00e1metros de funcionamiento del generador de RF y el PLC mediante un software para tener un control completamente automatizado del proceso de secado.<\/p>\n<p>&nbsp;<\/p>\n<p>Los avanzados secadores \u00abRF\u00bb y \u00abRFA\u00bb de Stalam permiten ahorrar hasta un 10-15 % en costos operativos en comparaci\u00f3n con otros secadores de radiofrecuencia est\u00e1ndares disponibles en el mercado global.<\/p>\n<p>&nbsp;<\/p>\n\n            <div class=\"grid-img\">\n\n                            <a href=\"https:\/\/www.stalam.com\/wp-content\/uploads\/2023\/05\/150_KW_high-mod-RGB.jpg\" class=\"swipebox\" data-rel=\"lightbox-image-bGlnaHRib3gtaW1hZ2UtMA==\" data-rl_title=\"\" data-rl_caption=\"\" title=\"\">\n                    <img decoding=\"async\" loading=\"lazy\" src=\"https:\/\/www.stalam.com\/wp-content\/uploads\/2023\/05\/150_KW_high-mod-RGB.jpg\" alt=\"\" width=\"600\" height=\"400\">\n                <\/a>\n                            <a href=\"https:\/\/www.stalam.com\/wp-content\/uploads\/2023\/05\/RF-drying-1.jpg\" class=\"swipebox\" data-rel=\"lightbox-image-bGlnaHRib3gtaW1hZ2UtMA==\" data-rl_title=\"\" data-rl_caption=\"\" title=\"\">\n                    <img decoding=\"async\" loading=\"lazy\" src=\"https:\/\/www.stalam.com\/wp-content\/uploads\/2023\/05\/RF-drying-1.jpg\" alt=\"\" width=\"600\" height=\"400\">\n                <\/a>\n                            <a href=\"https:\/\/www.stalam.com\/wp-content\/uploads\/2023\/05\/IMG_20171220_125408.jpg\" class=\"swipebox\" data-rel=\"lightbox-image-bGlnaHRib3gtaW1hZ2UtMA==\" data-rl_title=\"\" data-rl_caption=\"\" title=\"\">\n                    <img decoding=\"async\" loading=\"lazy\" src=\"https:\/\/www.stalam.com\/wp-content\/uploads\/2023\/05\/IMG_20171220_125408.jpg\" alt=\"\" width=\"600\" height=\"400\">\n                <\/a>\n                            <a href=\"https:\/\/www.stalam.com\/wp-content\/uploads\/2023\/05\/RF-drying-of-tops-1.jpg\" class=\"swipebox\" data-rel=\"lightbox-image-bGlnaHRib3gtaW1hZ2UtMA==\" data-rl_title=\"\" data-rl_caption=\"\" title=\"\">\n                    <img decoding=\"async\" loading=\"lazy\" src=\"https:\/\/www.stalam.com\/wp-content\/uploads\/2023\/05\/RF-drying-of-tops-1.jpg\" alt=\"\" width=\"600\" height=\"400\">\n                <\/a>\n            \n        <\/div>\n    \n            <div class=\"container-btns\">\n                            <a href=\"\/es\/informacion-requerida\/?producto=Secadores serie \u00abRF\u00bb y \u00abRFA\u00bb\" title=\"SOLICITAR INFORMACI\u00d3N\" class=\"btn btn-filled-r\">\n                    SOLICITAR INFORMACI\u00d3N                <\/a>\n                                        <a href=\"\/wp-content\/uploads\/2023\/05\/RF-dryers-series-0619.pdf\" title=\"DATOS T\u00c9CNICOS\" class=\"btn btn-filled-t\">\n                    DATOS T\u00c9CNICOS                <\/a>\n                    <\/div>\n    \n<\/div><\/div>\n<\/div>\n\n\n\n<div class=\"fascia-newsletter bgcolor-grey \">\n    <div class=\"container-newsletter\">\n                    <span class=\"title\">\u00bfLe gustar\u00eda conocer m\u00e1s sobre nuestras soluciones?<\/span>\n        \n                    <a href=\"https:\/\/www.stalam.com\/es\/informacion-requerida\/\" title=\"Solicitar informaci\u00f3n\" class=\"btn btn-filled-r\">\n                Solicitar informaci\u00f3n            <\/a>\n            <\/div>\n<\/div>\n\n","protected":false},"excerpt":{"rendered":"","protected":false},"author":1,"featured_media":0,"parent":3680,"menu_order":1,"comment_status":"closed","ping_status":"closed","template":"","meta":{"_acf_changed":false,"content-type":"","footnotes":""},"class_list":["post-3682","page","type-page","status-publish","hentry"],"acf":[],"yoast_head":"<!-- This site is optimized with the Yoast SEO Premium plugin v23.9 (Yoast SEO v27.3) - https:\/\/yoast.com\/product\/yoast-seo-premium-wordpress\/ -->\n<title>Radio Frecuencia para Textil, Secadores serie \u00abRF\u00bb y \u00abRFA\u00bb | Stalam<\/title>\n<meta name=\"description\" content=\"Descubre Los secadores \u00abRF\u00bb y \u00abRFA\u00bb de Stalam para hilos en ovillos y bobinas y para fibras peinadas (mechas) en forma de bobina y ovillo, soluci\u00f3n de stalam para Textil!\" \/>\n<meta name=\"robots\" content=\"index, follow, max-snippet:-1, max-image-preview:large, max-video-preview:-1\" \/>\n<link rel=\"canonical\" href=\"https:\/\/www.stalam.com\/es\/textil\/secadores-para-bobinas-de-hilo-y-mechas\/secadores-serie-rf-y-rfa\/\" \/>\n<meta property=\"og:locale\" content=\"es_ES\" \/>\n<meta property=\"og:type\" content=\"article\" \/>\n<meta property=\"og:title\" content=\"Secadores serie \u00abRF\u00bb y \u00abRFA\u00bb\" \/>\n<meta property=\"og:description\" content=\"Descubre Los secadores \u00abRF\u00bb y \u00abRFA\u00bb de Stalam para hilos en ovillos y bobinas y para fibras peinadas (mechas) en forma de bobina y ovillo, soluci\u00f3n de stalam para Textil!\" \/>\n<meta property=\"og:url\" content=\"https:\/\/www.stalam.com\/es\/textil\/secadores-para-bobinas-de-hilo-y-mechas\/secadores-serie-rf-y-rfa\/\" \/>\n<meta property=\"og:site_name\" content=\"Stalam\" \/>\n<meta property=\"article:publisher\" content=\"https:\/\/www.facebook.com\/Stalam-184036235760438\/\" \/>\n<meta property=\"article:modified_time\" content=\"2025-06-10T13:36:10+00:00\" \/>\n<meta property=\"og:image\" content=\"https:\/\/www.stalam.com\/wp-content\/uploads\/2023\/06\/stalam-logo.png\" \/>\n\t<meta property=\"og:image:width\" content=\"634\" \/>\n\t<meta property=\"og:image:height\" content=\"176\" \/>\n\t<meta property=\"og:image:type\" content=\"image\/png\" \/>\n<meta name=\"twitter:card\" content=\"summary_large_image\" \/>\n<meta name=\"twitter:label1\" content=\"Tiempo de lectura\" \/>\n\t<meta name=\"twitter:data1\" content=\"1 minuto\" \/>\n<script type=\"application\/ld+json\" class=\"yoast-schema-graph\">{\"@context\":\"https:\\\/\\\/schema.org\",\"@graph\":[{\"@type\":\"WebPage\",\"@id\":\"https:\\\/\\\/www.stalam.com\\\/es\\\/textil\\\/secadores-para-bobinas-de-hilo-y-mechas\\\/secadores-serie-rf-y-rfa\\\/\",\"url\":\"https:\\\/\\\/www.stalam.com\\\/es\\\/textil\\\/secadores-para-bobinas-de-hilo-y-mechas\\\/secadores-serie-rf-y-rfa\\\/\",\"name\":\"Radio Frecuencia para Textil, Secadores serie \u00abRF\u00bb y \u00abRFA\u00bb | Stalam\",\"isPartOf\":{\"@id\":\"https:\\\/\\\/www.stalam.com\\\/#website\"},\"datePublished\":\"2023-05-12T12:08:26+00:00\",\"dateModified\":\"2025-06-10T13:36:10+00:00\",\"description\":\"Descubre Los secadores \u00abRF\u00bb y \u00abRFA\u00bb de Stalam para hilos en ovillos y bobinas y para fibras peinadas (mechas) en forma de bobina y ovillo, soluci\u00f3n de stalam para Textil!\",\"breadcrumb\":{\"@id\":\"https:\\\/\\\/www.stalam.com\\\/es\\\/textil\\\/secadores-para-bobinas-de-hilo-y-mechas\\\/secadores-serie-rf-y-rfa\\\/#breadcrumb\"},\"inLanguage\":\"es\",\"potentialAction\":[{\"@type\":\"ReadAction\",\"target\":[\"https:\\\/\\\/www.stalam.com\\\/es\\\/textil\\\/secadores-para-bobinas-de-hilo-y-mechas\\\/secadores-serie-rf-y-rfa\\\/\"]}]},{\"@type\":\"BreadcrumbList\",\"@id\":\"https:\\\/\\\/www.stalam.com\\\/es\\\/textil\\\/secadores-para-bobinas-de-hilo-y-mechas\\\/secadores-serie-rf-y-rfa\\\/#breadcrumb\",\"itemListElement\":[{\"@type\":\"ListItem\",\"position\":1,\"name\":\"Home\",\"item\":\"https:\\\/\\\/www.stalam.com\\\/es\\\/\"},{\"@type\":\"ListItem\",\"position\":2,\"name\":\"Textil\",\"item\":\"https:\\\/\\\/www.stalam.com\\\/es\\\/textil\\\/\"},{\"@type\":\"ListItem\",\"position\":3,\"name\":\"Secadores para bobinas de hilo y mechas\",\"item\":\"https:\\\/\\\/www.stalam.com\\\/es\\\/textil\\\/secadores-para-bobinas-de-hilo-y-mechas\\\/\"},{\"@type\":\"ListItem\",\"position\":4,\"name\":\"Secadores serie \u00abRF\u00bb y \u00abRFA\u00bb\"}]},{\"@type\":\"WebSite\",\"@id\":\"https:\\\/\\\/www.stalam.com\\\/#website\",\"url\":\"https:\\\/\\\/www.stalam.com\\\/\",\"name\":\"Stalam\",\"description\":\"\",\"publisher\":{\"@id\":\"https:\\\/\\\/www.stalam.com\\\/#organization\"},\"potentialAction\":[{\"@type\":\"SearchAction\",\"target\":{\"@type\":\"EntryPoint\",\"urlTemplate\":\"https:\\\/\\\/www.stalam.com\\\/?s={search_term_string}\"},\"query-input\":{\"@type\":\"PropertyValueSpecification\",\"valueRequired\":true,\"valueName\":\"search_term_string\"}}],\"inLanguage\":\"es\"},{\"@type\":\"Organization\",\"@id\":\"https:\\\/\\\/www.stalam.com\\\/#organization\",\"name\":\"Stalam\",\"url\":\"https:\\\/\\\/www.stalam.com\\\/\",\"logo\":{\"@type\":\"ImageObject\",\"inLanguage\":\"es\",\"@id\":\"https:\\\/\\\/www.stalam.com\\\/#\\\/schema\\\/logo\\\/image\\\/\",\"url\":\"https:\\\/\\\/www.stalam.com\\\/wp-content\\\/uploads\\\/2023\\\/06\\\/stalam-logo.png\",\"contentUrl\":\"https:\\\/\\\/www.stalam.com\\\/wp-content\\\/uploads\\\/2023\\\/06\\\/stalam-logo.png\",\"width\":634,\"height\":176,\"caption\":\"Stalam\"},\"image\":{\"@id\":\"https:\\\/\\\/www.stalam.com\\\/#\\\/schema\\\/logo\\\/image\\\/\"},\"sameAs\":[\"https:\\\/\\\/www.facebook.com\\\/Stalam-184036235760438\\\/\",\"https:\\\/\\\/www.linkedin.com\\\/company\\\/stalam\\\/\",\"https:\\\/\\\/www.youtube.com\\\/channel\\\/UCcl2pZ10KrADorPJccCu43Q\"]}]}<\/script>\n<!-- \/ Yoast SEO Premium plugin. -->","yoast_head_json":{"title":"Radio Frecuencia para Textil, Secadores serie \u00abRF\u00bb y \u00abRFA\u00bb | Stalam","description":"Descubre Los secadores \u00abRF\u00bb y \u00abRFA\u00bb de Stalam para hilos en ovillos y bobinas y para fibras peinadas (mechas) en forma de bobina y ovillo, soluci\u00f3n de stalam para Textil!","robots":{"index":"index","follow":"follow","max-snippet":"max-snippet:-1","max-image-preview":"max-image-preview:large","max-video-preview":"max-video-preview:-1"},"canonical":"https:\/\/www.stalam.com\/es\/textil\/secadores-para-bobinas-de-hilo-y-mechas\/secadores-serie-rf-y-rfa\/","og_locale":"es_ES","og_type":"article","og_title":"Secadores serie \u00abRF\u00bb y \u00abRFA\u00bb","og_description":"Descubre Los secadores \u00abRF\u00bb y \u00abRFA\u00bb de Stalam para hilos en ovillos y bobinas y para fibras peinadas (mechas) en forma de bobina y ovillo, soluci\u00f3n de stalam para Textil!","og_url":"https:\/\/www.stalam.com\/es\/textil\/secadores-para-bobinas-de-hilo-y-mechas\/secadores-serie-rf-y-rfa\/","og_site_name":"Stalam","article_publisher":"https:\/\/www.facebook.com\/Stalam-184036235760438\/","article_modified_time":"2025-06-10T13:36:10+00:00","og_image":[{"width":634,"height":176,"url":"https:\/\/www.stalam.com\/wp-content\/uploads\/2023\/06\/stalam-logo.png","type":"image\/png"}],"twitter_card":"summary_large_image","twitter_misc":{"Tiempo de lectura":"1 minuto"},"schema":{"@context":"https:\/\/schema.org","@graph":[{"@type":"WebPage","@id":"https:\/\/www.stalam.com\/es\/textil\/secadores-para-bobinas-de-hilo-y-mechas\/secadores-serie-rf-y-rfa\/","url":"https:\/\/www.stalam.com\/es\/textil\/secadores-para-bobinas-de-hilo-y-mechas\/secadores-serie-rf-y-rfa\/","name":"Radio Frecuencia para Textil, Secadores serie \u00abRF\u00bb y \u00abRFA\u00bb | Stalam","isPartOf":{"@id":"https:\/\/www.stalam.com\/#website"},"datePublished":"2023-05-12T12:08:26+00:00","dateModified":"2025-06-10T13:36:10+00:00","description":"Descubre Los secadores \u00abRF\u00bb y \u00abRFA\u00bb de Stalam para hilos en ovillos y bobinas y para fibras peinadas (mechas) en forma de bobina y ovillo, soluci\u00f3n de stalam para Textil!","breadcrumb":{"@id":"https:\/\/www.stalam.com\/es\/textil\/secadores-para-bobinas-de-hilo-y-mechas\/secadores-serie-rf-y-rfa\/#breadcrumb"},"inLanguage":"es","potentialAction":[{"@type":"ReadAction","target":["https:\/\/www.stalam.com\/es\/textil\/secadores-para-bobinas-de-hilo-y-mechas\/secadores-serie-rf-y-rfa\/"]}]},{"@type":"BreadcrumbList","@id":"https:\/\/www.stalam.com\/es\/textil\/secadores-para-bobinas-de-hilo-y-mechas\/secadores-serie-rf-y-rfa\/#breadcrumb","itemListElement":[{"@type":"ListItem","position":1,"name":"Home","item":"https:\/\/www.stalam.com\/es\/"},{"@type":"ListItem","position":2,"name":"Textil","item":"https:\/\/www.stalam.com\/es\/textil\/"},{"@type":"ListItem","position":3,"name":"Secadores para bobinas de hilo y mechas","item":"https:\/\/www.stalam.com\/es\/textil\/secadores-para-bobinas-de-hilo-y-mechas\/"},{"@type":"ListItem","position":4,"name":"Secadores serie \u00abRF\u00bb y \u00abRFA\u00bb"}]},{"@type":"WebSite","@id":"https:\/\/www.stalam.com\/#website","url":"https:\/\/www.stalam.com\/","name":"Stalam","description":"","publisher":{"@id":"https:\/\/www.stalam.com\/#organization"},"potentialAction":[{"@type":"SearchAction","target":{"@type":"EntryPoint","urlTemplate":"https:\/\/www.stalam.com\/?s={search_term_string}"},"query-input":{"@type":"PropertyValueSpecification","valueRequired":true,"valueName":"search_term_string"}}],"inLanguage":"es"},{"@type":"Organization","@id":"https:\/\/www.stalam.com\/#organization","name":"Stalam","url":"https:\/\/www.stalam.com\/","logo":{"@type":"ImageObject","inLanguage":"es","@id":"https:\/\/www.stalam.com\/#\/schema\/logo\/image\/","url":"https:\/\/www.stalam.com\/wp-content\/uploads\/2023\/06\/stalam-logo.png","contentUrl":"https:\/\/www.stalam.com\/wp-content\/uploads\/2023\/06\/stalam-logo.png","width":634,"height":176,"caption":"Stalam"},"image":{"@id":"https:\/\/www.stalam.com\/#\/schema\/logo\/image\/"},"sameAs":["https:\/\/www.facebook.com\/Stalam-184036235760438\/","https:\/\/www.linkedin.com\/company\/stalam\/","https:\/\/www.youtube.com\/channel\/UCcl2pZ10KrADorPJccCu43Q"]}]}},"_links":{"self":[{"href":"https:\/\/www.stalam.com\/es\/wp-json\/wp\/v2\/pages\/3682","targetHints":{"allow":["GET"]}}],"collection":[{"href":"https:\/\/www.stalam.com\/es\/wp-json\/wp\/v2\/pages"}],"about":[{"href":"https:\/\/www.stalam.com\/es\/wp-json\/wp\/v2\/types\/page"}],"author":[{"embeddable":true,"href":"https:\/\/www.stalam.com\/es\/wp-json\/wp\/v2\/users\/1"}],"replies":[{"embeddable":true,"href":"https:\/\/www.stalam.com\/es\/wp-json\/wp\/v2\/comments?post=3682"}],"version-history":[{"count":7,"href":"https:\/\/www.stalam.com\/es\/wp-json\/wp\/v2\/pages\/3682\/revisions"}],"predecessor-version":[{"id":15451,"href":"https:\/\/www.stalam.com\/es\/wp-json\/wp\/v2\/pages\/3682\/revisions\/15451"}],"up":[{"embeddable":true,"href":"https:\/\/www.stalam.com\/es\/wp-json\/wp\/v2\/pages\/3680"}],"wp:attachment":[{"href":"https:\/\/www.stalam.com\/es\/wp-json\/wp\/v2\/media?parent=3682"}],"curies":[{"name":"wp","href":"https:\/\/api.w.org\/{rel}","templated":true}]}}