{"id":3684,"date":"2023-05-18T15:13:21","date_gmt":"2023-05-18T13:13:21","guid":{"rendered":"https:\/\/www.stalam.com\/tessile\/essiccatoi-per-rocche-e-tops\/essiccatoio-rf-c\/"},"modified":"2025-06-10T15:37:30","modified_gmt":"2025-06-10T13:37:30","slug":"secador-rf-c","status":"publish","type":"page","link":"https:\/\/www.stalam.com\/es\/textil\/secadores-para-bobinas-de-hilo-y-mechas\/secador-rf-c\/","title":{"rendered":"Secador \u00abRF\/C\u00bb"},"content":{"rendered":"\n<div class=\"fascia-bread-title bgcolor-grey \">\n    <div class=\"container-fascia-bread-title\">\n        <p id=\"breadcrumbs\"><span><span><a href=\"https:\/\/www.stalam.com\/es\/\">Home<\/a><\/span><\/span><\/p>                    <span class=\"title\">TEXTIL<\/span>\n                <h1 class=\"title-big\">Secador \u00abRF\/C\u00bb<\/h1>\n    <\/div>\n<\/div>\n\n\n\n<div class=\"fascia-img-header\">\n    <img loading=\"lazy\" decoding=\"async\" src=\"https:\/\/www.stalam.com\/wp-content\/uploads\/2023\/05\/Essiccatoio-22RFC22.jpg\" alt=\"\" width=\"600\" height=\"400\">\n<\/div>\n\n\n\n\n<div class=\"wp-block-columns col-fullwidth is-layout-flex wp-container-core-columns-is-layout-9d6595d7 wp-block-columns-is-layout-flex\">\n<div class=\"wp-block-column is-layout-flow wp-block-column-is-layout-flow\" style=\"flex-basis:33.33%\"><div class=\"sidebar-prodotti-container\"><div class=\"topbar-prodotti\" id=\"topbar\"><ul><li class=\"page_item page-item-3680 page_item_has_children\"><a href=\"https:\/\/www.stalam.com\/es\/textil\/secadores-para-bobinas-de-hilo-y-mechas\/\">Secadores para bobinas de hilo y mechas<\/a><\/li>\n<li class=\"page_item page-item-3686 page_item_has_children\"><a href=\"https:\/\/www.stalam.com\/es\/textil\/secadores-para-fibras-sueltas-cintas-de-hilo-mechas-e-hilos-en-madejas\/\">Secadores para fibras sueltas, cintas de hilo\/mechas e hilos en madejas<\/a><\/li>\n<li class=\"page_item page-item-3690 page_item_has_children\"><a href=\"https:\/\/www.stalam.com\/es\/textil\/secadores-de-tejidos\/\">Secadores de tejidos<\/a><\/li>\n<li class=\"page_item page-item-3692 page_item_has_children\"><a href=\"https:\/\/www.stalam.com\/es\/textil\/secadores-para-medias-y-leotardos\/\">Secadores para medias y leotardos<\/a><\/li>\n<li class=\"page_item page-item-3694\"><a href=\"https:\/\/www.stalam.com\/es\/textil\/otras-aplicaciones-textiles\/\">Otras aplicaciones textiles<\/a><\/li>\n<a href=\"https:\/\/www.stalam.com\/richiesta-catalogo\/\" class=\"btn btn-filled-r\">Descargar cat\u00e1logo<\/a><\/ul><\/div><div class=\"sidebar-prodotti-left\"><p class=\"grandparent-page\">Textil<\/p><ul><li class=\"page_item page-item-3680 page_item_has_children\"><a href=\"https:\/\/www.stalam.com\/es\/textil\/secadores-para-bobinas-de-hilo-y-mechas\/\">Secadores para bobinas de hilo y mechas<\/a>\n<ul class='children'>\n\t<li class=\"page_item page-item-3682\"><a href=\"https:\/\/www.stalam.com\/es\/textil\/secadores-para-bobinas-de-hilo-y-mechas\/secadores-serie-rf-y-rfa\/\">Secadores serie \u00abRF\u00bb y \u00abRFA\u00bb<\/a><\/li>\n\t<li class=\"page_item page-item-3681\"><a href=\"https:\/\/www.stalam.com\/es\/textil\/secadores-para-bobinas-de-hilo-y-mechas\/secadores-serie-rf-eco\/\">Secadores serie \u00abRF ECO+\u00bb<\/a><\/li>\n\t<li class=\"page_item page-item-3683\"><a href=\"https:\/\/www.stalam.com\/es\/textil\/secadores-para-bobinas-de-hilo-y-mechas\/secadores-serie-tcrf\/\">Secadores serie \u00abTCRF\u00bb<\/a><\/li>\n\t<li class=\"page_item page-item-3684\"><a href=\"https:\/\/www.stalam.com\/es\/textil\/secadores-para-bobinas-de-hilo-y-mechas\/secador-rf-c\/\">Secador \u00abRF\/C\u00bb<\/a><\/li>\n\t<li class=\"page_item page-item-3685\"><a href=\"https:\/\/www.stalam.com\/es\/textil\/secadores-para-bobinas-de-hilo-y-mechas\/secador-rfa-hp\/\">Secador \u00abRFA\/HP\u00bb<\/a><\/li>\n<\/ul>\n<\/li>\n<li class=\"page_item page-item-3686 page_item_has_children\"><a href=\"https:\/\/www.stalam.com\/es\/textil\/secadores-para-fibras-sueltas-cintas-de-hilo-mechas-e-hilos-en-madejas\/\">Secadores para fibras sueltas, cintas de hilo\/mechas e hilos en madejas<\/a>\n<ul class='children'>\n\t<li class=\"page_item page-item-3688\"><a href=\"https:\/\/www.stalam.com\/es\/textil\/secadores-para-fibras-sueltas-cintas-de-hilo-mechas-e-hilos-en-madejas\/secadores-serie-rfa-s-combo-twin-power\/\">Secadores serie \u00abRFA\/S COMBO\u00bb Twin-Power<\/a><\/li>\n\t<li class=\"page_item page-item-3689\"><a href=\"https:\/\/www.stalam.com\/es\/textil\/secadores-para-fibras-sueltas-cintas-de-hilo-mechas-e-hilos-en-madejas\/secadores-serie-rf\/\">Secadores serie \u00abRF\u00bb<\/a><\/li>\n\t<li class=\"page_item page-item-3687\"><a href=\"https:\/\/www.stalam.com\/es\/textil\/secadores-para-fibras-sueltas-cintas-de-hilo-mechas-e-hilos-en-madejas\/secadores-serie-ltrf-y-rfa-s\/\">Secadores serie \u00abLTRF\u00bb y \u00abRFA\/S\u00bb<\/a><\/li>\n<\/ul>\n<\/li>\n<li class=\"page_item page-item-3690 page_item_has_children\"><a href=\"https:\/\/www.stalam.com\/es\/textil\/secadores-de-tejidos\/\">Secadores de tejidos<\/a>\n<ul class='children'>\n\t<li class=\"page_item page-item-3691\"><a href=\"https:\/\/www.stalam.com\/es\/textil\/secadores-de-tejidos\/secadores-de-tejidos-rf-t\/\">Secadores de tejidos \u00abRF\/T\u00bb<\/a><\/li>\n<\/ul>\n<\/li>\n<li class=\"page_item page-item-3692 page_item_has_children\"><a href=\"https:\/\/www.stalam.com\/es\/textil\/secadores-para-medias-y-leotardos\/\">Secadores para medias y leotardos<\/a>\n<ul class='children'>\n\t<li class=\"page_item page-item-3693\"><a href=\"https:\/\/www.stalam.com\/es\/textil\/secadores-para-medias-y-leotardos\/secadores-para-medias-y-leotardos\/\">Secadores para medias y leotardos<\/a><\/li>\n<\/ul>\n<\/li>\n<li class=\"page_item page-item-3694\"><a href=\"https:\/\/www.stalam.com\/es\/textil\/otras-aplicaciones-textiles\/\">Otras aplicaciones textiles<\/a><\/li>\n<a href=\"https:\/\/www.stalam.com\/richiesta-catalogo\/\" class=\"btn btn-filled-r\">Descargar cat\u00e1logo<\/a><\/ul><\/div><\/div>\n<\/div>\n\n\n\n<div class=\"wp-block-column is-layout-flow wp-block-column-is-layout-flow\" style=\"flex-basis:66.66%\"><div class=\"fascia-testo-btns-imgs\">\n    <p>Este innovador secador de radiofrecuencia de tipo continuo para columnas de te\u00f1ido de las bobinas de hilo ha sido dise\u00f1ado para simplificar la log\u00edstica en el \u00e1rea de te\u00f1ido y minimizar la manipulaci\u00f3n del producto y los gastos.<\/p>\n<p>&nbsp;<\/p>\n<p>Las columnas de te\u00f1ido se introducen y sacan de la c\u00e1mara de secado de la m\u00e1quina de \u00abRF\/C\u00bb en posici\u00f3n vertical mediante un sistema por carrusel en movimientos escalonados. El ritmo se puede ajustar seg\u00fan las necesidades espec\u00edficas para el secado del producto, tales como: tipo de hilo, peso de la bobina, contenido de humedad, etc.<\/p>\n<p>&nbsp;<\/p>\n<p>La estaci\u00f3n de carga y descarga del producto se encuentra en la parte frontal del secador. En esta posici\u00f3n, el operador, o un dispositivo de gesti\u00f3n robotizado, puede cargar las columnas de te\u00f1ido de las bobinas h\u00famedas directamente del hidroextractor y descargar las bobinas secas en la estaci\u00f3n de producto acabado.<\/p>\n<p>&nbsp;<\/p>\n<p>Todos los par\u00e1metros de funcionamiento del equipo (potencia RF, velocidad de carrusel, etc.) se gestionan mediante un PLC a trav\u00e9s de un panel de control de pantalla t\u00e1ctil.<\/p>\n\n            <div class=\"grid-img\">\n\n                            <a href=\"https:\/\/www.stalam.com\/wp-content\/uploads\/2023\/05\/RFC.jpg\" class=\"swipebox\" data-rel=\"lightbox-image-bGlnaHRib3gtaW1hZ2UtMA==\" data-rl_title=\"\" data-rl_caption=\"\" title=\"\">\n                    <img decoding=\"async\" loading=\"lazy\" src=\"https:\/\/www.stalam.com\/wp-content\/uploads\/2023\/05\/RFC.jpg\" alt=\"\" width=\"600\" height=\"400\">\n                <\/a>\n                            <a href=\"https:\/\/www.stalam.com\/wp-content\/uploads\/2023\/05\/DSC00651-mod.jpg\" class=\"swipebox\" data-rel=\"lightbox-image-bGlnaHRib3gtaW1hZ2UtMA==\" data-rl_title=\"\" data-rl_caption=\"\" title=\"\">\n                    <img decoding=\"async\" loading=\"lazy\" src=\"https:\/\/www.stalam.com\/wp-content\/uploads\/2023\/05\/DSC00651-mod.jpg\" alt=\"\" width=\"600\" height=\"400\">\n                <\/a>\n            \n        <\/div>\n    \n            <div class=\"container-btns\">\n                            <a href=\"\/es\/informacion-requerida\/?producto=Secador \u00abRF\/C\u00bb\" title=\"SOLICITAR INFORMACI\u00d3N\" class=\"btn btn-filled-r\">\n                    SOLICITAR INFORMACI\u00d3N                <\/a>\n                                        <a href=\"\/wp-content\/uploads\/2023\/06\/RF-C.pdf\" title=\"DATOS T\u00c9CNICOS\" class=\"btn btn-filled-t\">\n                    DATOS T\u00c9CNICOS                <\/a>\n                    <\/div>\n    \n<\/div><\/div>\n<\/div>\n\n\n\n<div class=\"fascia-newsletter bgcolor-grey \">\n    <div class=\"container-newsletter\">\n                    <span class=\"title\">\u00bfLe gustar\u00eda conocer m\u00e1s sobre nuestras soluciones?<\/span>\n        \n                    <a href=\"https:\/\/www.stalam.com\/es\/informacion-requerida\/\" title=\"Solicitar informaci\u00f3n\" class=\"btn btn-filled-r\">\n                Solicitar informaci\u00f3n            <\/a>\n            <\/div>\n<\/div>\n\n","protected":false},"excerpt":{"rendered":"","protected":false},"author":1,"featured_media":0,"parent":3680,"menu_order":4,"comment_status":"closed","ping_status":"closed","template":"","meta":{"_acf_changed":false,"content-type":"","footnotes":""},"class_list":["post-3684","page","type-page","status-publish","hentry"],"acf":[],"yoast_head":"<!-- This site is optimized with the Yoast SEO Premium plugin v23.9 (Yoast SEO v27.3) - https:\/\/yoast.com\/product\/yoast-seo-premium-wordpress\/ -->\n<title>Secador \u00abRF\/C\u00bb | Stalam<\/title>\n<meta name=\"description\" content=\"Descubre Secador \u00abRF\/C\u00bb: secador de radiofrecuencia de tipo continuo para columnas de bobinas de hilo, soluci\u00f3n de stalam para Textil!\" \/>\n<meta name=\"robots\" content=\"index, follow, max-snippet:-1, max-image-preview:large, max-video-preview:-1\" \/>\n<link rel=\"canonical\" href=\"https:\/\/www.stalam.com\/es\/textil\/secadores-para-bobinas-de-hilo-y-mechas\/secador-rf-c\/\" \/>\n<meta property=\"og:locale\" content=\"es_ES\" \/>\n<meta property=\"og:type\" content=\"article\" \/>\n<meta property=\"og:title\" content=\"Secador \u00abRF\/C\u00bb\" \/>\n<meta property=\"og:description\" content=\"Descubre Secador \u00abRF\/C\u00bb: secador de radiofrecuencia de tipo continuo para columnas de bobinas de hilo, soluci\u00f3n de stalam para Textil!\" \/>\n<meta property=\"og:url\" content=\"https:\/\/www.stalam.com\/es\/textil\/secadores-para-bobinas-de-hilo-y-mechas\/secador-rf-c\/\" \/>\n<meta property=\"og:site_name\" content=\"Stalam\" \/>\n<meta property=\"article:publisher\" content=\"https:\/\/www.facebook.com\/Stalam-184036235760438\/\" \/>\n<meta property=\"article:modified_time\" content=\"2025-06-10T13:37:30+00:00\" \/>\n<meta property=\"og:image\" content=\"https:\/\/www.stalam.com\/wp-content\/uploads\/2023\/06\/stalam-logo.png\" \/>\n\t<meta property=\"og:image:width\" content=\"634\" \/>\n\t<meta property=\"og:image:height\" content=\"176\" \/>\n\t<meta property=\"og:image:type\" content=\"image\/png\" \/>\n<meta name=\"twitter:card\" content=\"summary_large_image\" \/>\n<meta name=\"twitter:label1\" content=\"Tiempo de lectura\" \/>\n\t<meta name=\"twitter:data1\" content=\"1 minuto\" \/>\n<script type=\"application\/ld+json\" class=\"yoast-schema-graph\">{\"@context\":\"https:\\\/\\\/schema.org\",\"@graph\":[{\"@type\":\"WebPage\",\"@id\":\"https:\\\/\\\/www.stalam.com\\\/es\\\/textil\\\/secadores-para-bobinas-de-hilo-y-mechas\\\/secador-rf-c\\\/\",\"url\":\"https:\\\/\\\/www.stalam.com\\\/es\\\/textil\\\/secadores-para-bobinas-de-hilo-y-mechas\\\/secador-rf-c\\\/\",\"name\":\"Secador \u00abRF\\\/C\u00bb | Stalam\",\"isPartOf\":{\"@id\":\"https:\\\/\\\/www.stalam.com\\\/#website\"},\"datePublished\":\"2023-05-18T13:13:21+00:00\",\"dateModified\":\"2025-06-10T13:37:30+00:00\",\"description\":\"Descubre Secador \u00abRF\\\/C\u00bb: secador de radiofrecuencia de tipo continuo para columnas de bobinas de hilo, soluci\u00f3n de stalam para Textil!\",\"breadcrumb\":{\"@id\":\"https:\\\/\\\/www.stalam.com\\\/es\\\/textil\\\/secadores-para-bobinas-de-hilo-y-mechas\\\/secador-rf-c\\\/#breadcrumb\"},\"inLanguage\":\"es\",\"potentialAction\":[{\"@type\":\"ReadAction\",\"target\":[\"https:\\\/\\\/www.stalam.com\\\/es\\\/textil\\\/secadores-para-bobinas-de-hilo-y-mechas\\\/secador-rf-c\\\/\"]}]},{\"@type\":\"BreadcrumbList\",\"@id\":\"https:\\\/\\\/www.stalam.com\\\/es\\\/textil\\\/secadores-para-bobinas-de-hilo-y-mechas\\\/secador-rf-c\\\/#breadcrumb\",\"itemListElement\":[{\"@type\":\"ListItem\",\"position\":1,\"name\":\"Home\",\"item\":\"https:\\\/\\\/www.stalam.com\\\/es\\\/\"},{\"@type\":\"ListItem\",\"position\":2,\"name\":\"Textil\",\"item\":\"https:\\\/\\\/www.stalam.com\\\/es\\\/textil\\\/\"},{\"@type\":\"ListItem\",\"position\":3,\"name\":\"Secadores para bobinas de hilo y mechas\",\"item\":\"https:\\\/\\\/www.stalam.com\\\/es\\\/textil\\\/secadores-para-bobinas-de-hilo-y-mechas\\\/\"},{\"@type\":\"ListItem\",\"position\":4,\"name\":\"Secador \u00abRF\\\/C\u00bb\"}]},{\"@type\":\"WebSite\",\"@id\":\"https:\\\/\\\/www.stalam.com\\\/#website\",\"url\":\"https:\\\/\\\/www.stalam.com\\\/\",\"name\":\"Stalam\",\"description\":\"\",\"publisher\":{\"@id\":\"https:\\\/\\\/www.stalam.com\\\/#organization\"},\"potentialAction\":[{\"@type\":\"SearchAction\",\"target\":{\"@type\":\"EntryPoint\",\"urlTemplate\":\"https:\\\/\\\/www.stalam.com\\\/?s={search_term_string}\"},\"query-input\":{\"@type\":\"PropertyValueSpecification\",\"valueRequired\":true,\"valueName\":\"search_term_string\"}}],\"inLanguage\":\"es\"},{\"@type\":\"Organization\",\"@id\":\"https:\\\/\\\/www.stalam.com\\\/#organization\",\"name\":\"Stalam\",\"url\":\"https:\\\/\\\/www.stalam.com\\\/\",\"logo\":{\"@type\":\"ImageObject\",\"inLanguage\":\"es\",\"@id\":\"https:\\\/\\\/www.stalam.com\\\/#\\\/schema\\\/logo\\\/image\\\/\",\"url\":\"https:\\\/\\\/www.stalam.com\\\/wp-content\\\/uploads\\\/2023\\\/06\\\/stalam-logo.png\",\"contentUrl\":\"https:\\\/\\\/www.stalam.com\\\/wp-content\\\/uploads\\\/2023\\\/06\\\/stalam-logo.png\",\"width\":634,\"height\":176,\"caption\":\"Stalam\"},\"image\":{\"@id\":\"https:\\\/\\\/www.stalam.com\\\/#\\\/schema\\\/logo\\\/image\\\/\"},\"sameAs\":[\"https:\\\/\\\/www.facebook.com\\\/Stalam-184036235760438\\\/\",\"https:\\\/\\\/www.linkedin.com\\\/company\\\/stalam\\\/\",\"https:\\\/\\\/www.youtube.com\\\/channel\\\/UCcl2pZ10KrADorPJccCu43Q\"]}]}<\/script>\n<!-- \/ Yoast SEO Premium plugin. -->","yoast_head_json":{"title":"Secador \u00abRF\/C\u00bb | Stalam","description":"Descubre Secador \u00abRF\/C\u00bb: secador de radiofrecuencia de tipo continuo para columnas de bobinas de hilo, soluci\u00f3n de stalam para Textil!","robots":{"index":"index","follow":"follow","max-snippet":"max-snippet:-1","max-image-preview":"max-image-preview:large","max-video-preview":"max-video-preview:-1"},"canonical":"https:\/\/www.stalam.com\/es\/textil\/secadores-para-bobinas-de-hilo-y-mechas\/secador-rf-c\/","og_locale":"es_ES","og_type":"article","og_title":"Secador \u00abRF\/C\u00bb","og_description":"Descubre Secador \u00abRF\/C\u00bb: secador de radiofrecuencia de tipo continuo para columnas de bobinas de hilo, soluci\u00f3n de stalam para Textil!","og_url":"https:\/\/www.stalam.com\/es\/textil\/secadores-para-bobinas-de-hilo-y-mechas\/secador-rf-c\/","og_site_name":"Stalam","article_publisher":"https:\/\/www.facebook.com\/Stalam-184036235760438\/","article_modified_time":"2025-06-10T13:37:30+00:00","og_image":[{"width":634,"height":176,"url":"https:\/\/www.stalam.com\/wp-content\/uploads\/2023\/06\/stalam-logo.png","type":"image\/png"}],"twitter_card":"summary_large_image","twitter_misc":{"Tiempo de lectura":"1 minuto"},"schema":{"@context":"https:\/\/schema.org","@graph":[{"@type":"WebPage","@id":"https:\/\/www.stalam.com\/es\/textil\/secadores-para-bobinas-de-hilo-y-mechas\/secador-rf-c\/","url":"https:\/\/www.stalam.com\/es\/textil\/secadores-para-bobinas-de-hilo-y-mechas\/secador-rf-c\/","name":"Secador \u00abRF\/C\u00bb | Stalam","isPartOf":{"@id":"https:\/\/www.stalam.com\/#website"},"datePublished":"2023-05-18T13:13:21+00:00","dateModified":"2025-06-10T13:37:30+00:00","description":"Descubre Secador \u00abRF\/C\u00bb: secador de radiofrecuencia de tipo continuo para columnas de bobinas de hilo, soluci\u00f3n de stalam para Textil!","breadcrumb":{"@id":"https:\/\/www.stalam.com\/es\/textil\/secadores-para-bobinas-de-hilo-y-mechas\/secador-rf-c\/#breadcrumb"},"inLanguage":"es","potentialAction":[{"@type":"ReadAction","target":["https:\/\/www.stalam.com\/es\/textil\/secadores-para-bobinas-de-hilo-y-mechas\/secador-rf-c\/"]}]},{"@type":"BreadcrumbList","@id":"https:\/\/www.stalam.com\/es\/textil\/secadores-para-bobinas-de-hilo-y-mechas\/secador-rf-c\/#breadcrumb","itemListElement":[{"@type":"ListItem","position":1,"name":"Home","item":"https:\/\/www.stalam.com\/es\/"},{"@type":"ListItem","position":2,"name":"Textil","item":"https:\/\/www.stalam.com\/es\/textil\/"},{"@type":"ListItem","position":3,"name":"Secadores para bobinas de hilo y mechas","item":"https:\/\/www.stalam.com\/es\/textil\/secadores-para-bobinas-de-hilo-y-mechas\/"},{"@type":"ListItem","position":4,"name":"Secador \u00abRF\/C\u00bb"}]},{"@type":"WebSite","@id":"https:\/\/www.stalam.com\/#website","url":"https:\/\/www.stalam.com\/","name":"Stalam","description":"","publisher":{"@id":"https:\/\/www.stalam.com\/#organization"},"potentialAction":[{"@type":"SearchAction","target":{"@type":"EntryPoint","urlTemplate":"https:\/\/www.stalam.com\/?s={search_term_string}"},"query-input":{"@type":"PropertyValueSpecification","valueRequired":true,"valueName":"search_term_string"}}],"inLanguage":"es"},{"@type":"Organization","@id":"https:\/\/www.stalam.com\/#organization","name":"Stalam","url":"https:\/\/www.stalam.com\/","logo":{"@type":"ImageObject","inLanguage":"es","@id":"https:\/\/www.stalam.com\/#\/schema\/logo\/image\/","url":"https:\/\/www.stalam.com\/wp-content\/uploads\/2023\/06\/stalam-logo.png","contentUrl":"https:\/\/www.stalam.com\/wp-content\/uploads\/2023\/06\/stalam-logo.png","width":634,"height":176,"caption":"Stalam"},"image":{"@id":"https:\/\/www.stalam.com\/#\/schema\/logo\/image\/"},"sameAs":["https:\/\/www.facebook.com\/Stalam-184036235760438\/","https:\/\/www.linkedin.com\/company\/stalam\/","https:\/\/www.youtube.com\/channel\/UCcl2pZ10KrADorPJccCu43Q"]}]}},"_links":{"self":[{"href":"https:\/\/www.stalam.com\/es\/wp-json\/wp\/v2\/pages\/3684","targetHints":{"allow":["GET"]}}],"collection":[{"href":"https:\/\/www.stalam.com\/es\/wp-json\/wp\/v2\/pages"}],"about":[{"href":"https:\/\/www.stalam.com\/es\/wp-json\/wp\/v2\/types\/page"}],"author":[{"embeddable":true,"href":"https:\/\/www.stalam.com\/es\/wp-json\/wp\/v2\/users\/1"}],"replies":[{"embeddable":true,"href":"https:\/\/www.stalam.com\/es\/wp-json\/wp\/v2\/comments?post=3684"}],"version-history":[{"count":7,"href":"https:\/\/www.stalam.com\/es\/wp-json\/wp\/v2\/pages\/3684\/revisions"}],"predecessor-version":[{"id":15462,"href":"https:\/\/www.stalam.com\/es\/wp-json\/wp\/v2\/pages\/3684\/revisions\/15462"}],"up":[{"embeddable":true,"href":"https:\/\/www.stalam.com\/es\/wp-json\/wp\/v2\/pages\/3680"}],"wp:attachment":[{"href":"https:\/\/www.stalam.com\/es\/wp-json\/wp\/v2\/media?parent=3684"}],"curies":[{"name":"wp","href":"https:\/\/api.w.org\/{rel}","templated":true}]}}