{"id":3685,"date":"2023-05-18T15:13:22","date_gmt":"2023-05-18T13:13:22","guid":{"rendered":"https:\/\/www.stalam.com\/tessile\/essiccatoi-per-rocche-e-tops\/essiccatoio-rfa-hp\/"},"modified":"2025-06-10T15:37:44","modified_gmt":"2025-06-10T13:37:44","slug":"secador-rfa-hp","status":"publish","type":"page","link":"https:\/\/www.stalam.com\/es\/textil\/secadores-para-bobinas-de-hilo-y-mechas\/secador-rfa-hp\/","title":{"rendered":"Secador \u00abRFA\/HP\u00bb"},"content":{"rendered":"\n<div class=\"fascia-bread-title bgcolor-grey \">\n    <div class=\"container-fascia-bread-title\">\n        <p id=\"breadcrumbs\"><span><span><a href=\"https:\/\/www.stalam.com\/es\/\">Home<\/a><\/span><\/span><\/p>                    <span class=\"title\">TEXTIL<\/span>\n                <h1 class=\"title-big\">Secador \u00abRFA\/HP\u00bb<\/h1>\n    <\/div>\n<\/div>\n\n\n\n<div class=\"fascia-img-header\">\n    <img loading=\"lazy\" decoding=\"async\" src=\"https:\/\/www.stalam.com\/wp-content\/uploads\/2023\/05\/Essiccatoio-22RFAHP22.jpg\" alt=\"\" width=\"600\" height=\"400\">\n<\/div>\n\n\n\n\n<div class=\"wp-block-columns col-fullwidth is-layout-flex wp-container-core-columns-is-layout-9d6595d7 wp-block-columns-is-layout-flex\">\n<div class=\"wp-block-column is-layout-flow wp-block-column-is-layout-flow\" style=\"flex-basis:33.33%\"><div class=\"sidebar-prodotti-container\"><div class=\"topbar-prodotti\" id=\"topbar\"><ul><li class=\"page_item page-item-3680 page_item_has_children\"><a href=\"https:\/\/www.stalam.com\/es\/textil\/secadores-para-bobinas-de-hilo-y-mechas\/\">Secadores para bobinas de hilo y mechas<\/a><\/li>\n<li class=\"page_item page-item-3686 page_item_has_children\"><a href=\"https:\/\/www.stalam.com\/es\/textil\/secadores-para-fibras-sueltas-cintas-de-hilo-mechas-e-hilos-en-madejas\/\">Secadores para fibras sueltas, cintas de hilo\/mechas e hilos en madejas<\/a><\/li>\n<li class=\"page_item page-item-3690 page_item_has_children\"><a href=\"https:\/\/www.stalam.com\/es\/textil\/secadores-de-tejidos\/\">Secadores de tejidos<\/a><\/li>\n<li class=\"page_item page-item-3692 page_item_has_children\"><a href=\"https:\/\/www.stalam.com\/es\/textil\/secadores-para-medias-y-leotardos\/\">Secadores para medias y leotardos<\/a><\/li>\n<li class=\"page_item page-item-3694\"><a href=\"https:\/\/www.stalam.com\/es\/textil\/otras-aplicaciones-textiles\/\">Otras aplicaciones textiles<\/a><\/li>\n<a href=\"https:\/\/www.stalam.com\/richiesta-catalogo\/\" class=\"btn btn-filled-r\">Descargar cat\u00e1logo<\/a><\/ul><\/div><div class=\"sidebar-prodotti-left\"><p class=\"grandparent-page\">Textil<\/p><ul><li class=\"page_item page-item-3680 page_item_has_children\"><a href=\"https:\/\/www.stalam.com\/es\/textil\/secadores-para-bobinas-de-hilo-y-mechas\/\">Secadores para bobinas de hilo y mechas<\/a>\n<ul class='children'>\n\t<li class=\"page_item page-item-3682\"><a href=\"https:\/\/www.stalam.com\/es\/textil\/secadores-para-bobinas-de-hilo-y-mechas\/secadores-serie-rf-y-rfa\/\">Secadores serie \u00abRF\u00bb y \u00abRFA\u00bb<\/a><\/li>\n\t<li class=\"page_item page-item-3681\"><a href=\"https:\/\/www.stalam.com\/es\/textil\/secadores-para-bobinas-de-hilo-y-mechas\/secadores-serie-rf-eco\/\">Secadores serie \u00abRF ECO+\u00bb<\/a><\/li>\n\t<li class=\"page_item page-item-3683\"><a href=\"https:\/\/www.stalam.com\/es\/textil\/secadores-para-bobinas-de-hilo-y-mechas\/secadores-serie-tcrf\/\">Secadores serie \u00abTCRF\u00bb<\/a><\/li>\n\t<li class=\"page_item page-item-3684\"><a href=\"https:\/\/www.stalam.com\/es\/textil\/secadores-para-bobinas-de-hilo-y-mechas\/secador-rf-c\/\">Secador \u00abRF\/C\u00bb<\/a><\/li>\n\t<li class=\"page_item page-item-3685\"><a href=\"https:\/\/www.stalam.com\/es\/textil\/secadores-para-bobinas-de-hilo-y-mechas\/secador-rfa-hp\/\">Secador \u00abRFA\/HP\u00bb<\/a><\/li>\n<\/ul>\n<\/li>\n<li class=\"page_item page-item-3686 page_item_has_children\"><a href=\"https:\/\/www.stalam.com\/es\/textil\/secadores-para-fibras-sueltas-cintas-de-hilo-mechas-e-hilos-en-madejas\/\">Secadores para fibras sueltas, cintas de hilo\/mechas e hilos en madejas<\/a>\n<ul class='children'>\n\t<li class=\"page_item page-item-3688\"><a href=\"https:\/\/www.stalam.com\/es\/textil\/secadores-para-fibras-sueltas-cintas-de-hilo-mechas-e-hilos-en-madejas\/secadores-serie-rfa-s-combo-twin-power\/\">Secadores serie \u00abRFA\/S COMBO\u00bb Twin-Power<\/a><\/li>\n\t<li class=\"page_item page-item-3689\"><a href=\"https:\/\/www.stalam.com\/es\/textil\/secadores-para-fibras-sueltas-cintas-de-hilo-mechas-e-hilos-en-madejas\/secadores-serie-rf\/\">Secadores serie \u00abRF\u00bb<\/a><\/li>\n\t<li class=\"page_item page-item-3687\"><a href=\"https:\/\/www.stalam.com\/es\/textil\/secadores-para-fibras-sueltas-cintas-de-hilo-mechas-e-hilos-en-madejas\/secadores-serie-ltrf-y-rfa-s\/\">Secadores serie \u00abLTRF\u00bb y \u00abRFA\/S\u00bb<\/a><\/li>\n<\/ul>\n<\/li>\n<li class=\"page_item page-item-3690 page_item_has_children\"><a href=\"https:\/\/www.stalam.com\/es\/textil\/secadores-de-tejidos\/\">Secadores de tejidos<\/a>\n<ul class='children'>\n\t<li class=\"page_item page-item-3691\"><a href=\"https:\/\/www.stalam.com\/es\/textil\/secadores-de-tejidos\/secadores-de-tejidos-rf-t\/\">Secadores de tejidos \u00abRF\/T\u00bb<\/a><\/li>\n<\/ul>\n<\/li>\n<li class=\"page_item page-item-3692 page_item_has_children\"><a href=\"https:\/\/www.stalam.com\/es\/textil\/secadores-para-medias-y-leotardos\/\">Secadores para medias y leotardos<\/a>\n<ul class='children'>\n\t<li class=\"page_item page-item-3693\"><a href=\"https:\/\/www.stalam.com\/es\/textil\/secadores-para-medias-y-leotardos\/secadores-para-medias-y-leotardos\/\">Secadores para medias y leotardos<\/a><\/li>\n<\/ul>\n<\/li>\n<li class=\"page_item page-item-3694\"><a href=\"https:\/\/www.stalam.com\/es\/textil\/otras-aplicaciones-textiles\/\">Otras aplicaciones textiles<\/a><\/li>\n<a href=\"https:\/\/www.stalam.com\/richiesta-catalogo\/\" class=\"btn btn-filled-r\">Descargar cat\u00e1logo<\/a><\/ul><\/div><\/div>\n<\/div>\n\n\n\n<div class=\"wp-block-column is-layout-flow wp-block-column-is-layout-flow\" style=\"flex-basis:66.66%\"><div class=\"fascia-testo-btns-imgs\">\n    <p>Este revolucionario equipo de secado, dise\u00f1ado espec\u00edficamente para bobinas de hilo, combina la tecnolog\u00eda de radiofrecuencia con un sistema de circulaci\u00f3n de aire forzado a trav\u00e9s del producto en un secador con cinta transportadora.<\/p>\n<p>&nbsp;<\/p>\n<p>Es la primera vez en todo el mundo que el flujo de aire se puede obtener en bobinas de hilo con un rendimiento continuo de los equipos de secado.<\/p>\n<p>&nbsp;<\/p>\n<p>El secador \u00abRFA\/HP\u00bb cuenta con la productividad horaria m\u00e1s alta entre todos los secadores de radiofrecuencia con el mismo tama\u00f1o de generador RF pero con una temperatura de secado reducida.<\/p>\n<p>&nbsp;<\/p>\n<p>El aire forzado que pasa a trav\u00e9s del producto se calienta a la temperatura deseada sin el uso de ning\u00fan dispositivo externo (adicional) de energ\u00eda recuperando el calor disipado por el generador de RF. Tanto la energ\u00eda de RF como el aire forzado caliente que pasa a trav\u00e9s del producto contribuyen a que se evapore el agua. Este proceso combinado, aparte de ser extremadamente eficiente, permite un control preciso de la temperatura interna del producto optimizando, de esta forma, los resultados de la calidad de secado.<\/p>\n<p>&nbsp;<\/p>\n<p>La eficacia del aire tanto en el generador de enfriamiento como en el secado del producto puede mejorarse a\u00fan m\u00e1s mediante una bomba de calor en el sistema para que el aire ambiental se pueda tratar en 4 fases diferentes antes de ser forzado a trav\u00e9s del hilo: filtrado, enfriamiento y deshumidificaci\u00f3n, recuperaci\u00f3n de calor desde el generador de RF y recuperaci\u00f3n de calor de la bomba de calor.<\/p>\n<p>&nbsp;<\/p>\n<p>El funcionamiento del secador es completamente autom\u00e1tico y se gestiona a trav\u00e9s de un PLC que guarda las varias \u00abrecetas\u00bb para los diferentes tipos de bobinas de hilo. Las funciones adicionales que se pueden a\u00f1adir bajo solicitud son las siguientes: esc\u00e1ner de c\u00f3digo de barras para la identificaci\u00f3n del producto y autoajustes de la m\u00e1quina, y conexi\u00f3n de m\u00f3dem para la comunicaci\u00f3n en l\u00ednea y la resoluci\u00f3n de problemas, entre otros.<\/p>\n<p>&nbsp;<\/p>\n<p>Las extraordinarias funciones y rendimiento del secador \u00abRFA\/HP\u00bb demuestran, una vez m\u00e1s, que Stalam es el fabricante m\u00e1s innovador y visionario de equipos e secado de RF para la industria textil mundial.<\/p>\n\n            <div class=\"grid-img\">\n\n                            <a href=\"https:\/\/www.stalam.com\/wp-content\/uploads\/2023\/05\/RFA_HP90kW.jpg\" class=\"swipebox\" data-rel=\"lightbox-image-bGlnaHRib3gtaW1hZ2UtMA==\" data-rl_title=\"\" data-rl_caption=\"\" title=\"\">\n                    <img decoding=\"async\" loading=\"lazy\" src=\"https:\/\/www.stalam.com\/wp-content\/uploads\/2023\/05\/RFA_HP90kW.jpg\" alt=\"\" width=\"600\" height=\"400\">\n                <\/a>\n                            <a href=\"https:\/\/www.stalam.com\/wp-content\/uploads\/2023\/05\/IMG00195.jpg\" class=\"swipebox\" data-rel=\"lightbox-image-bGlnaHRib3gtaW1hZ2UtMA==\" data-rl_title=\"\" data-rl_caption=\"\" title=\"\">\n                    <img decoding=\"async\" loading=\"lazy\" src=\"https:\/\/www.stalam.com\/wp-content\/uploads\/2023\/05\/IMG00195.jpg\" alt=\"\" width=\"600\" height=\"400\">\n                <\/a>\n                            <a href=\"https:\/\/www.stalam.com\/wp-content\/uploads\/2023\/05\/IMG_8211-mod.jpg\" class=\"swipebox\" data-rel=\"lightbox-image-bGlnaHRib3gtaW1hZ2UtMA==\" data-rl_title=\"\" data-rl_caption=\"\" title=\"\">\n                    <img decoding=\"async\" loading=\"lazy\" src=\"https:\/\/www.stalam.com\/wp-content\/uploads\/2023\/05\/IMG_8211-mod.jpg\" alt=\"\" width=\"600\" height=\"400\">\n                <\/a>\n                            <a href=\"https:\/\/www.stalam.com\/wp-content\/uploads\/2023\/05\/IMG00194.jpg\" class=\"swipebox\" data-rel=\"lightbox-image-bGlnaHRib3gtaW1hZ2UtMA==\" data-rl_title=\"\" data-rl_caption=\"\" title=\"\">\n                    <img decoding=\"async\" loading=\"lazy\" src=\"https:\/\/www.stalam.com\/wp-content\/uploads\/2023\/05\/IMG00194.jpg\" alt=\"\" width=\"600\" height=\"400\">\n                <\/a>\n            \n        <\/div>\n    \n            <div class=\"container-btns\">\n                            <a href=\"\/es\/informacion-requerida\/?producto=Secador \u00abRFA\/HP\u00bb\" title=\"SOLICITAR INFORMACI\u00d3N\" class=\"btn btn-filled-r\">\n                    SOLICITAR INFORMACI\u00d3N                <\/a>\n                                        <a href=\"\/wp-content\/uploads\/2023\/05\/RFHP.pdf\" title=\"DATOS T\u00c9CNICOS\" class=\"btn btn-filled-t\">\n                    DATOS T\u00c9CNICOS                <\/a>\n                    <\/div>\n    \n<\/div><\/div>\n<\/div>\n\n\n\n<div class=\"fascia-newsletter bgcolor-grey \">\n    <div class=\"container-newsletter\">\n                    <span class=\"title\">\u00bfLe gustar\u00eda conocer m\u00e1s sobre nuestras soluciones?<\/span>\n        \n                    <a href=\"https:\/\/www.stalam.com\/es\/informacion-requerida\/\" title=\"Solicitar informaci\u00f3n\" class=\"btn btn-filled-r\">\n                Solicitar informaci\u00f3n            <\/a>\n            <\/div>\n<\/div>\n\n","protected":false},"excerpt":{"rendered":"","protected":false},"author":1,"featured_media":0,"parent":3680,"menu_order":5,"comment_status":"closed","ping_status":"closed","template":"","meta":{"_acf_changed":false,"content-type":"","footnotes":""},"class_list":["post-3685","page","type-page","status-publish","hentry"],"acf":[],"yoast_head":"<!-- This site is optimized with the Yoast SEO Premium plugin v23.9 (Yoast SEO v27.3) - https:\/\/yoast.com\/product\/yoast-seo-premium-wordpress\/ -->\n<title>Secador \u00abRFA\/HP\u00bb | Stalam<\/title>\n<meta name=\"description\" content=\"Descubre \u00abRFA\/HP\u00bb para bobinas de hilo con un sistema de circulaci\u00f3n de aire forzado en un secador con cinta transportadora, soluci\u00f3n de stalam para Textil!\" \/>\n<meta name=\"robots\" content=\"index, follow, max-snippet:-1, max-image-preview:large, max-video-preview:-1\" \/>\n<link rel=\"canonical\" href=\"https:\/\/www.stalam.com\/es\/textil\/secadores-para-bobinas-de-hilo-y-mechas\/secador-rfa-hp\/\" \/>\n<meta property=\"og:locale\" content=\"es_ES\" \/>\n<meta property=\"og:type\" content=\"article\" \/>\n<meta property=\"og:title\" content=\"Secador \u00abRFA\/HP\u00bb\" \/>\n<meta property=\"og:description\" content=\"Descubre \u00abRFA\/HP\u00bb para bobinas de hilo con un sistema de circulaci\u00f3n de aire forzado en un secador con cinta transportadora, soluci\u00f3n de stalam para Textil!\" \/>\n<meta property=\"og:url\" content=\"https:\/\/www.stalam.com\/es\/textil\/secadores-para-bobinas-de-hilo-y-mechas\/secador-rfa-hp\/\" \/>\n<meta property=\"og:site_name\" content=\"Stalam\" \/>\n<meta property=\"article:publisher\" content=\"https:\/\/www.facebook.com\/Stalam-184036235760438\/\" \/>\n<meta property=\"article:modified_time\" content=\"2025-06-10T13:37:44+00:00\" \/>\n<meta property=\"og:image\" content=\"https:\/\/www.stalam.com\/wp-content\/uploads\/2023\/06\/stalam-logo.png\" \/>\n\t<meta property=\"og:image:width\" content=\"634\" \/>\n\t<meta property=\"og:image:height\" content=\"176\" \/>\n\t<meta property=\"og:image:type\" content=\"image\/png\" \/>\n<meta name=\"twitter:card\" content=\"summary_large_image\" \/>\n<meta name=\"twitter:label1\" content=\"Tiempo de lectura\" \/>\n\t<meta name=\"twitter:data1\" content=\"1 minuto\" \/>\n<script type=\"application\/ld+json\" class=\"yoast-schema-graph\">{\"@context\":\"https:\\\/\\\/schema.org\",\"@graph\":[{\"@type\":\"WebPage\",\"@id\":\"https:\\\/\\\/www.stalam.com\\\/es\\\/textil\\\/secadores-para-bobinas-de-hilo-y-mechas\\\/secador-rfa-hp\\\/\",\"url\":\"https:\\\/\\\/www.stalam.com\\\/es\\\/textil\\\/secadores-para-bobinas-de-hilo-y-mechas\\\/secador-rfa-hp\\\/\",\"name\":\"Secador \u00abRFA\\\/HP\u00bb | Stalam\",\"isPartOf\":{\"@id\":\"https:\\\/\\\/www.stalam.com\\\/#website\"},\"datePublished\":\"2023-05-18T13:13:22+00:00\",\"dateModified\":\"2025-06-10T13:37:44+00:00\",\"description\":\"Descubre \u00abRFA\\\/HP\u00bb para bobinas de hilo con un sistema de circulaci\u00f3n de aire forzado en un secador con cinta transportadora, soluci\u00f3n de stalam para Textil!\",\"breadcrumb\":{\"@id\":\"https:\\\/\\\/www.stalam.com\\\/es\\\/textil\\\/secadores-para-bobinas-de-hilo-y-mechas\\\/secador-rfa-hp\\\/#breadcrumb\"},\"inLanguage\":\"es\",\"potentialAction\":[{\"@type\":\"ReadAction\",\"target\":[\"https:\\\/\\\/www.stalam.com\\\/es\\\/textil\\\/secadores-para-bobinas-de-hilo-y-mechas\\\/secador-rfa-hp\\\/\"]}]},{\"@type\":\"BreadcrumbList\",\"@id\":\"https:\\\/\\\/www.stalam.com\\\/es\\\/textil\\\/secadores-para-bobinas-de-hilo-y-mechas\\\/secador-rfa-hp\\\/#breadcrumb\",\"itemListElement\":[{\"@type\":\"ListItem\",\"position\":1,\"name\":\"Home\",\"item\":\"https:\\\/\\\/www.stalam.com\\\/es\\\/\"},{\"@type\":\"ListItem\",\"position\":2,\"name\":\"Textil\",\"item\":\"https:\\\/\\\/www.stalam.com\\\/es\\\/textil\\\/\"},{\"@type\":\"ListItem\",\"position\":3,\"name\":\"Secadores para bobinas de hilo y mechas\",\"item\":\"https:\\\/\\\/www.stalam.com\\\/es\\\/textil\\\/secadores-para-bobinas-de-hilo-y-mechas\\\/\"},{\"@type\":\"ListItem\",\"position\":4,\"name\":\"Secador \u00abRFA\\\/HP\u00bb\"}]},{\"@type\":\"WebSite\",\"@id\":\"https:\\\/\\\/www.stalam.com\\\/#website\",\"url\":\"https:\\\/\\\/www.stalam.com\\\/\",\"name\":\"Stalam\",\"description\":\"\",\"publisher\":{\"@id\":\"https:\\\/\\\/www.stalam.com\\\/#organization\"},\"potentialAction\":[{\"@type\":\"SearchAction\",\"target\":{\"@type\":\"EntryPoint\",\"urlTemplate\":\"https:\\\/\\\/www.stalam.com\\\/?s={search_term_string}\"},\"query-input\":{\"@type\":\"PropertyValueSpecification\",\"valueRequired\":true,\"valueName\":\"search_term_string\"}}],\"inLanguage\":\"es\"},{\"@type\":\"Organization\",\"@id\":\"https:\\\/\\\/www.stalam.com\\\/#organization\",\"name\":\"Stalam\",\"url\":\"https:\\\/\\\/www.stalam.com\\\/\",\"logo\":{\"@type\":\"ImageObject\",\"inLanguage\":\"es\",\"@id\":\"https:\\\/\\\/www.stalam.com\\\/#\\\/schema\\\/logo\\\/image\\\/\",\"url\":\"https:\\\/\\\/www.stalam.com\\\/wp-content\\\/uploads\\\/2023\\\/06\\\/stalam-logo.png\",\"contentUrl\":\"https:\\\/\\\/www.stalam.com\\\/wp-content\\\/uploads\\\/2023\\\/06\\\/stalam-logo.png\",\"width\":634,\"height\":176,\"caption\":\"Stalam\"},\"image\":{\"@id\":\"https:\\\/\\\/www.stalam.com\\\/#\\\/schema\\\/logo\\\/image\\\/\"},\"sameAs\":[\"https:\\\/\\\/www.facebook.com\\\/Stalam-184036235760438\\\/\",\"https:\\\/\\\/www.linkedin.com\\\/company\\\/stalam\\\/\",\"https:\\\/\\\/www.youtube.com\\\/channel\\\/UCcl2pZ10KrADorPJccCu43Q\"]}]}<\/script>\n<!-- \/ Yoast SEO Premium plugin. -->","yoast_head_json":{"title":"Secador \u00abRFA\/HP\u00bb | Stalam","description":"Descubre \u00abRFA\/HP\u00bb para bobinas de hilo con un sistema de circulaci\u00f3n de aire forzado en un secador con cinta transportadora, soluci\u00f3n de stalam para Textil!","robots":{"index":"index","follow":"follow","max-snippet":"max-snippet:-1","max-image-preview":"max-image-preview:large","max-video-preview":"max-video-preview:-1"},"canonical":"https:\/\/www.stalam.com\/es\/textil\/secadores-para-bobinas-de-hilo-y-mechas\/secador-rfa-hp\/","og_locale":"es_ES","og_type":"article","og_title":"Secador \u00abRFA\/HP\u00bb","og_description":"Descubre \u00abRFA\/HP\u00bb para bobinas de hilo con un sistema de circulaci\u00f3n de aire forzado en un secador con cinta transportadora, soluci\u00f3n de stalam para Textil!","og_url":"https:\/\/www.stalam.com\/es\/textil\/secadores-para-bobinas-de-hilo-y-mechas\/secador-rfa-hp\/","og_site_name":"Stalam","article_publisher":"https:\/\/www.facebook.com\/Stalam-184036235760438\/","article_modified_time":"2025-06-10T13:37:44+00:00","og_image":[{"width":634,"height":176,"url":"https:\/\/www.stalam.com\/wp-content\/uploads\/2023\/06\/stalam-logo.png","type":"image\/png"}],"twitter_card":"summary_large_image","twitter_misc":{"Tiempo de lectura":"1 minuto"},"schema":{"@context":"https:\/\/schema.org","@graph":[{"@type":"WebPage","@id":"https:\/\/www.stalam.com\/es\/textil\/secadores-para-bobinas-de-hilo-y-mechas\/secador-rfa-hp\/","url":"https:\/\/www.stalam.com\/es\/textil\/secadores-para-bobinas-de-hilo-y-mechas\/secador-rfa-hp\/","name":"Secador \u00abRFA\/HP\u00bb | Stalam","isPartOf":{"@id":"https:\/\/www.stalam.com\/#website"},"datePublished":"2023-05-18T13:13:22+00:00","dateModified":"2025-06-10T13:37:44+00:00","description":"Descubre \u00abRFA\/HP\u00bb para bobinas de hilo con un sistema de circulaci\u00f3n de aire forzado en un secador con cinta transportadora, soluci\u00f3n de stalam para Textil!","breadcrumb":{"@id":"https:\/\/www.stalam.com\/es\/textil\/secadores-para-bobinas-de-hilo-y-mechas\/secador-rfa-hp\/#breadcrumb"},"inLanguage":"es","potentialAction":[{"@type":"ReadAction","target":["https:\/\/www.stalam.com\/es\/textil\/secadores-para-bobinas-de-hilo-y-mechas\/secador-rfa-hp\/"]}]},{"@type":"BreadcrumbList","@id":"https:\/\/www.stalam.com\/es\/textil\/secadores-para-bobinas-de-hilo-y-mechas\/secador-rfa-hp\/#breadcrumb","itemListElement":[{"@type":"ListItem","position":1,"name":"Home","item":"https:\/\/www.stalam.com\/es\/"},{"@type":"ListItem","position":2,"name":"Textil","item":"https:\/\/www.stalam.com\/es\/textil\/"},{"@type":"ListItem","position":3,"name":"Secadores para bobinas de hilo y mechas","item":"https:\/\/www.stalam.com\/es\/textil\/secadores-para-bobinas-de-hilo-y-mechas\/"},{"@type":"ListItem","position":4,"name":"Secador \u00abRFA\/HP\u00bb"}]},{"@type":"WebSite","@id":"https:\/\/www.stalam.com\/#website","url":"https:\/\/www.stalam.com\/","name":"Stalam","description":"","publisher":{"@id":"https:\/\/www.stalam.com\/#organization"},"potentialAction":[{"@type":"SearchAction","target":{"@type":"EntryPoint","urlTemplate":"https:\/\/www.stalam.com\/?s={search_term_string}"},"query-input":{"@type":"PropertyValueSpecification","valueRequired":true,"valueName":"search_term_string"}}],"inLanguage":"es"},{"@type":"Organization","@id":"https:\/\/www.stalam.com\/#organization","name":"Stalam","url":"https:\/\/www.stalam.com\/","logo":{"@type":"ImageObject","inLanguage":"es","@id":"https:\/\/www.stalam.com\/#\/schema\/logo\/image\/","url":"https:\/\/www.stalam.com\/wp-content\/uploads\/2023\/06\/stalam-logo.png","contentUrl":"https:\/\/www.stalam.com\/wp-content\/uploads\/2023\/06\/stalam-logo.png","width":634,"height":176,"caption":"Stalam"},"image":{"@id":"https:\/\/www.stalam.com\/#\/schema\/logo\/image\/"},"sameAs":["https:\/\/www.facebook.com\/Stalam-184036235760438\/","https:\/\/www.linkedin.com\/company\/stalam\/","https:\/\/www.youtube.com\/channel\/UCcl2pZ10KrADorPJccCu43Q"]}]}},"_links":{"self":[{"href":"https:\/\/www.stalam.com\/es\/wp-json\/wp\/v2\/pages\/3685","targetHints":{"allow":["GET"]}}],"collection":[{"href":"https:\/\/www.stalam.com\/es\/wp-json\/wp\/v2\/pages"}],"about":[{"href":"https:\/\/www.stalam.com\/es\/wp-json\/wp\/v2\/types\/page"}],"author":[{"embeddable":true,"href":"https:\/\/www.stalam.com\/es\/wp-json\/wp\/v2\/users\/1"}],"replies":[{"embeddable":true,"href":"https:\/\/www.stalam.com\/es\/wp-json\/wp\/v2\/comments?post=3685"}],"version-history":[{"count":7,"href":"https:\/\/www.stalam.com\/es\/wp-json\/wp\/v2\/pages\/3685\/revisions"}],"predecessor-version":[{"id":15464,"href":"https:\/\/www.stalam.com\/es\/wp-json\/wp\/v2\/pages\/3685\/revisions\/15464"}],"up":[{"embeddable":true,"href":"https:\/\/www.stalam.com\/es\/wp-json\/wp\/v2\/pages\/3680"}],"wp:attachment":[{"href":"https:\/\/www.stalam.com\/es\/wp-json\/wp\/v2\/media?parent=3685"}],"curies":[{"name":"wp","href":"https:\/\/api.w.org\/{rel}","templated":true}]}}