{"id":3689,"date":"2023-05-18T15:17:58","date_gmt":"2023-05-18T13:17:58","guid":{"rendered":"https:\/\/www.stalam.com\/tessile\/essiccatoi-per-fibre-sciolte-nastri-svolti-e-filati-in-matasse\/essiccatoi-serie-rfa-s-combo-twin-power\/"},"modified":"2025-06-10T15:37:01","modified_gmt":"2025-06-10T13:37:01","slug":"secadores-serie-rf","status":"publish","type":"page","link":"https:\/\/www.stalam.com\/es\/textil\/secadores-para-fibras-sueltas-cintas-de-hilo-mechas-e-hilos-en-madejas\/secadores-serie-rf\/","title":{"rendered":"Secadores serie \u00abRF\u00bb"},"content":{"rendered":"\n<div class=\"fascia-bread-title bgcolor-grey \">\n    <div class=\"container-fascia-bread-title\">\n        <p id=\"breadcrumbs\"><span><span><a href=\"https:\/\/www.stalam.com\/es\/\">Home<\/a><\/span><\/span><\/p>                    <span class=\"title\">TEXTIL<\/span>\n                <h1 class=\"title-big\">Secadores serie \u00abRF\u00bb<\/h1>\n    <\/div>\n<\/div>\n\n\n\n<div class=\"fascia-img-header\">\n    <img loading=\"lazy\" decoding=\"async\" src=\"https:\/\/www.stalam.com\/wp-content\/uploads\/2023\/05\/Dryers-for-loose-stock-tow-top-slivers-and-yarns-in-hanks-6.jpg\" alt=\"\" width=\"600\" height=\"400\">\n<\/div>\n\n\n\n\n<div class=\"wp-block-columns col-fullwidth is-layout-flex wp-container-core-columns-is-layout-9d6595d7 wp-block-columns-is-layout-flex\">\n<div class=\"wp-block-column is-layout-flow wp-block-column-is-layout-flow\" style=\"flex-basis:33.33%\"><div class=\"sidebar-prodotti-container\"><div class=\"topbar-prodotti\" id=\"topbar\"><ul><li class=\"page_item page-item-3680 page_item_has_children\"><a href=\"https:\/\/www.stalam.com\/es\/textil\/secadores-para-bobinas-de-hilo-y-mechas\/\">Secadores para bobinas de hilo y mechas<\/a><\/li>\n<li class=\"page_item page-item-3686 page_item_has_children\"><a href=\"https:\/\/www.stalam.com\/es\/textil\/secadores-para-fibras-sueltas-cintas-de-hilo-mechas-e-hilos-en-madejas\/\">Secadores para fibras sueltas, cintas de hilo\/mechas e hilos en madejas<\/a><\/li>\n<li class=\"page_item page-item-3690 page_item_has_children\"><a href=\"https:\/\/www.stalam.com\/es\/textil\/secadores-de-tejidos\/\">Secadores de tejidos<\/a><\/li>\n<li class=\"page_item page-item-3692 page_item_has_children\"><a href=\"https:\/\/www.stalam.com\/es\/textil\/secadores-para-medias-y-leotardos\/\">Secadores para medias y leotardos<\/a><\/li>\n<li class=\"page_item page-item-3694\"><a href=\"https:\/\/www.stalam.com\/es\/textil\/otras-aplicaciones-textiles\/\">Otras aplicaciones textiles<\/a><\/li>\n<a href=\"https:\/\/www.stalam.com\/richiesta-catalogo\/\" class=\"btn btn-filled-r\">Descargar cat\u00e1logo<\/a><\/ul><\/div><div class=\"sidebar-prodotti-left\"><p class=\"grandparent-page\">Textil<\/p><ul><li class=\"page_item page-item-3680 page_item_has_children\"><a href=\"https:\/\/www.stalam.com\/es\/textil\/secadores-para-bobinas-de-hilo-y-mechas\/\">Secadores para bobinas de hilo y mechas<\/a>\n<ul class='children'>\n\t<li class=\"page_item page-item-3682\"><a href=\"https:\/\/www.stalam.com\/es\/textil\/secadores-para-bobinas-de-hilo-y-mechas\/secadores-serie-rf-y-rfa\/\">Secadores serie \u00abRF\u00bb y \u00abRFA\u00bb<\/a><\/li>\n\t<li class=\"page_item page-item-3681\"><a href=\"https:\/\/www.stalam.com\/es\/textil\/secadores-para-bobinas-de-hilo-y-mechas\/secadores-serie-rf-eco\/\">Secadores serie \u00abRF ECO+\u00bb<\/a><\/li>\n\t<li class=\"page_item page-item-3683\"><a href=\"https:\/\/www.stalam.com\/es\/textil\/secadores-para-bobinas-de-hilo-y-mechas\/secadores-serie-tcrf\/\">Secadores serie \u00abTCRF\u00bb<\/a><\/li>\n\t<li class=\"page_item page-item-3684\"><a href=\"https:\/\/www.stalam.com\/es\/textil\/secadores-para-bobinas-de-hilo-y-mechas\/secador-rf-c\/\">Secador \u00abRF\/C\u00bb<\/a><\/li>\n\t<li class=\"page_item page-item-3685\"><a href=\"https:\/\/www.stalam.com\/es\/textil\/secadores-para-bobinas-de-hilo-y-mechas\/secador-rfa-hp\/\">Secador \u00abRFA\/HP\u00bb<\/a><\/li>\n<\/ul>\n<\/li>\n<li class=\"page_item page-item-3686 page_item_has_children\"><a href=\"https:\/\/www.stalam.com\/es\/textil\/secadores-para-fibras-sueltas-cintas-de-hilo-mechas-e-hilos-en-madejas\/\">Secadores para fibras sueltas, cintas de hilo\/mechas e hilos en madejas<\/a>\n<ul class='children'>\n\t<li class=\"page_item page-item-3688\"><a href=\"https:\/\/www.stalam.com\/es\/textil\/secadores-para-fibras-sueltas-cintas-de-hilo-mechas-e-hilos-en-madejas\/secadores-serie-rfa-s-combo-twin-power\/\">Secadores serie \u00abRFA\/S COMBO\u00bb Twin-Power<\/a><\/li>\n\t<li class=\"page_item page-item-3689\"><a href=\"https:\/\/www.stalam.com\/es\/textil\/secadores-para-fibras-sueltas-cintas-de-hilo-mechas-e-hilos-en-madejas\/secadores-serie-rf\/\">Secadores serie \u00abRF\u00bb<\/a><\/li>\n\t<li class=\"page_item page-item-3687\"><a href=\"https:\/\/www.stalam.com\/es\/textil\/secadores-para-fibras-sueltas-cintas-de-hilo-mechas-e-hilos-en-madejas\/secadores-serie-ltrf-y-rfa-s\/\">Secadores serie \u00abLTRF\u00bb y \u00abRFA\/S\u00bb<\/a><\/li>\n<\/ul>\n<\/li>\n<li class=\"page_item page-item-3690 page_item_has_children\"><a href=\"https:\/\/www.stalam.com\/es\/textil\/secadores-de-tejidos\/\">Secadores de tejidos<\/a>\n<ul class='children'>\n\t<li class=\"page_item page-item-3691\"><a href=\"https:\/\/www.stalam.com\/es\/textil\/secadores-de-tejidos\/secadores-de-tejidos-rf-t\/\">Secadores de tejidos \u00abRF\/T\u00bb<\/a><\/li>\n<\/ul>\n<\/li>\n<li class=\"page_item page-item-3692 page_item_has_children\"><a href=\"https:\/\/www.stalam.com\/es\/textil\/secadores-para-medias-y-leotardos\/\">Secadores para medias y leotardos<\/a>\n<ul class='children'>\n\t<li class=\"page_item page-item-3693\"><a href=\"https:\/\/www.stalam.com\/es\/textil\/secadores-para-medias-y-leotardos\/secadores-para-medias-y-leotardos\/\">Secadores para medias y leotardos<\/a><\/li>\n<\/ul>\n<\/li>\n<li class=\"page_item page-item-3694\"><a href=\"https:\/\/www.stalam.com\/es\/textil\/otras-aplicaciones-textiles\/\">Otras aplicaciones textiles<\/a><\/li>\n<a href=\"https:\/\/www.stalam.com\/richiesta-catalogo\/\" class=\"btn btn-filled-r\">Descargar cat\u00e1logo<\/a><\/ul><\/div><\/div>\n<\/div>\n\n\n\n<div class=\"wp-block-column is-layout-flow wp-block-column-is-layout-flow\" style=\"flex-basis:66.66%\"><div class=\"fascia-testo-btns-imgs\">\n    <p>Los secadores de la serie \u00abRF\u00bb, similares a los utilizados para el secado de ovillos de hilo y mechas, generalmente se utilizan para el secado de hilos en madejas, cintas de hilo\/estopa desenrolladas, fibras sueltas y otros productos textiles \u00absueltos\u00bb.<\/p>\n<p>&nbsp;<\/p>\n<p>Las madejas, despu\u00e9s de te\u00f1irlas y realizar la hidroextracci\u00f3n centr\u00edfuga o escurrido en l\u00ednea, se pueden secar perfectamente sin ning\u00fan movimiento o sin flujo de aire, evitando, de esta forma, el enredo de los hilos (un inconveniente t\u00edpico de los secadores de aire caliente) y facilitado la operaci\u00f3n de devanado.<\/p>\n<p>&nbsp;<\/p>\n<p>Las cintas de estopa, despu\u00e9s de la tintura y la hidroextracci\u00f3n en forma de tortas de prensa, y las cintas de hilos, despu\u00e9s de la tintura y la hidroextracci\u00f3n en \u00abgrandes formas\u00bb o te\u00f1idas como bobinas\/ovillos est\u00e1ndar y luego sometidas a un lavado a contracorriente y escurridas, se pueden secar dobladas sobre la cinta transportadora del secador RF: se obtiene una distribuci\u00f3n perfecta de la humedad residual dentro de la cinta, lo que se traduce en un aumento de la eficiencia de la estopa craqueada o en las operaciones de intersecci\u00f3n\/cepillado de los hilos. Adem\u00e1s, los efectos del laminado, t\u00edpicos de los secadores de tambor, son eliminados.<\/p>\n<p>&nbsp;<\/p>\n<p>El secado de RF de fibras sueltas despu\u00e9s de la carbonizaci\u00f3n, decoloraci\u00f3n o te\u00f1ido y la hidroextracci\u00f3n centr\u00edfuga continua o por lotes, tambi\u00e9n tiene muchas ventajas. Las fibras se pueden cargar directamente en la cinta transportadora del secador o incluso dentro de sacos permeables. La reducci\u00f3n de las p\u00e9rdidas de producto, la uniformidad de secado, la mejora de las caracter\u00edsticas f\u00edsico-mec\u00e1nicas de las fibras y, como consecuencia, unas operaciones de cardado\/peinado\/hilado m\u00e1s eficientes dan como resultado un mayor rendimiento m\u00e9trico de los hilos en hasta un 2 %.<\/p>\n<p>&nbsp;<\/p>\n\n            <div class=\"grid-img\">\n\n                            <a href=\"https:\/\/www.stalam.com\/wp-content\/uploads\/2023\/05\/150_KW_high-mod-RGB.jpg\" class=\"swipebox\" data-rel=\"lightbox-image-bGlnaHRib3gtaW1hZ2UtMA==\" data-rl_title=\"\" data-rl_caption=\"\" title=\"\">\n                    <img decoding=\"async\" loading=\"lazy\" src=\"https:\/\/www.stalam.com\/wp-content\/uploads\/2023\/05\/150_KW_high-mod-RGB.jpg\" alt=\"\" width=\"600\" height=\"400\">\n                <\/a>\n                            <a href=\"https:\/\/www.stalam.com\/wp-content\/uploads\/2023\/05\/RF-drying-1.jpg\" class=\"swipebox\" data-rel=\"lightbox-image-bGlnaHRib3gtaW1hZ2UtMA==\" data-rl_title=\"\" data-rl_caption=\"\" title=\"\">\n                    <img decoding=\"async\" loading=\"lazy\" src=\"https:\/\/www.stalam.com\/wp-content\/uploads\/2023\/05\/RF-drying-1.jpg\" alt=\"\" width=\"600\" height=\"400\">\n                <\/a>\n                            <a href=\"https:\/\/www.stalam.com\/wp-content\/uploads\/2023\/05\/IMG_20171220_125408.jpg\" class=\"swipebox\" data-rel=\"lightbox-image-bGlnaHRib3gtaW1hZ2UtMA==\" data-rl_title=\"\" data-rl_caption=\"\" title=\"\">\n                    <img decoding=\"async\" loading=\"lazy\" src=\"https:\/\/www.stalam.com\/wp-content\/uploads\/2023\/05\/IMG_20171220_125408.jpg\" alt=\"\" width=\"600\" height=\"400\">\n                <\/a>\n                            <a href=\"https:\/\/www.stalam.com\/wp-content\/uploads\/2023\/05\/Loading-of-Stalam-RF-dryer.jpg\" class=\"swipebox\" data-rel=\"lightbox-image-bGlnaHRib3gtaW1hZ2UtMA==\" data-rl_title=\"\" data-rl_caption=\"\" title=\"\">\n                    <img decoding=\"async\" loading=\"lazy\" src=\"https:\/\/www.stalam.com\/wp-content\/uploads\/2023\/05\/Loading-of-Stalam-RF-dryer.jpg\" alt=\"\" width=\"600\" height=\"400\">\n                <\/a>\n            \n        <\/div>\n    \n            <div class=\"container-btns\">\n                            <a href=\"\/es\/informacion-requerida\/?producto=Secadores serie \u00abRF\u00bb\" title=\"SOLICITAR INFORMACI\u00d3N\" class=\"btn btn-filled-r\">\n                    SOLICITAR INFORMACI\u00d3N                <\/a>\n                                        <a href=\"https:\/\/www.stalam.com\/wp-content\/uploads\/2023\/07\/LEAFLET_RF_SERIES_DRYERS.pdf\" title=\"DATOS T\u00c9CNICOS\" class=\"btn btn-filled-t\">\n                    DATOS T\u00c9CNICOS                <\/a>\n                    <\/div>\n    \n<\/div><\/div>\n<\/div>\n\n\n\n<div class=\"fascia-newsletter bgcolor-grey \">\n    <div class=\"container-newsletter\">\n                    <span class=\"title\">\u00bfLe gustar\u00eda conocer m\u00e1s sobre nuestras soluciones?<\/span>\n        \n                    <a href=\"https:\/\/www.stalam.com\/es\/informacion-requerida\/\" title=\"Solicitar informaci\u00f3n\" class=\"btn btn-filled-r\">\n                Solicitar informaci\u00f3n            <\/a>\n            <\/div>\n<\/div>\n\n","protected":false},"excerpt":{"rendered":"","protected":false},"author":1,"featured_media":0,"parent":3686,"menu_order":2,"comment_status":"closed","ping_status":"closed","template":"","meta":{"_acf_changed":false,"content-type":"","footnotes":""},"class_list":["post-3689","page","type-page","status-publish","hentry"],"acf":[],"yoast_head":"<!-- This site is optimized with the Yoast SEO Premium plugin v23.9 (Yoast SEO v27.3) - https:\/\/yoast.com\/product\/yoast-seo-premium-wordpress\/ -->\n<title>Radio Frecuencia para Textil, Secadores serie \u00abRF\u00bb | Stalam<\/title>\n<meta name=\"description\" content=\"Descubre Serie de \u00abRF\u00bb para hilos en madejas, cintas de hilo\/estopa desenrolladas, fibras sueltas y otros productos textiles \u00absueltos\u00bb, soluci\u00f3n de stalam para Textil!\" \/>\n<meta name=\"robots\" content=\"index, follow, max-snippet:-1, max-image-preview:large, max-video-preview:-1\" \/>\n<link rel=\"canonical\" href=\"https:\/\/www.stalam.com\/es\/textil\/secadores-para-fibras-sueltas-cintas-de-hilo-mechas-e-hilos-en-madejas\/secadores-serie-rf\/\" \/>\n<meta property=\"og:locale\" content=\"es_ES\" \/>\n<meta property=\"og:type\" content=\"article\" \/>\n<meta property=\"og:title\" content=\"Secadores serie \u00abRF\u00bb\" \/>\n<meta property=\"og:description\" content=\"Descubre Serie de \u00abRF\u00bb para hilos en madejas, cintas de hilo\/estopa desenrolladas, fibras sueltas y otros productos textiles \u00absueltos\u00bb, soluci\u00f3n de stalam para Textil!\" \/>\n<meta property=\"og:url\" content=\"https:\/\/www.stalam.com\/es\/textil\/secadores-para-fibras-sueltas-cintas-de-hilo-mechas-e-hilos-en-madejas\/secadores-serie-rf\/\" \/>\n<meta property=\"og:site_name\" content=\"Stalam\" \/>\n<meta property=\"article:publisher\" content=\"https:\/\/www.facebook.com\/Stalam-184036235760438\/\" \/>\n<meta property=\"article:modified_time\" content=\"2025-06-10T13:37:01+00:00\" \/>\n<meta property=\"og:image\" content=\"https:\/\/www.stalam.com\/wp-content\/uploads\/2023\/06\/stalam-logo.png\" \/>\n\t<meta property=\"og:image:width\" content=\"634\" \/>\n\t<meta property=\"og:image:height\" content=\"176\" \/>\n\t<meta property=\"og:image:type\" content=\"image\/png\" \/>\n<meta name=\"twitter:card\" content=\"summary_large_image\" \/>\n<meta name=\"twitter:label1\" content=\"Tiempo de lectura\" \/>\n\t<meta name=\"twitter:data1\" content=\"1 minuto\" \/>\n<script type=\"application\/ld+json\" class=\"yoast-schema-graph\">{\"@context\":\"https:\\\/\\\/schema.org\",\"@graph\":[{\"@type\":\"WebPage\",\"@id\":\"https:\\\/\\\/www.stalam.com\\\/es\\\/textil\\\/secadores-para-fibras-sueltas-cintas-de-hilo-mechas-e-hilos-en-madejas\\\/secadores-serie-rf\\\/\",\"url\":\"https:\\\/\\\/www.stalam.com\\\/es\\\/textil\\\/secadores-para-fibras-sueltas-cintas-de-hilo-mechas-e-hilos-en-madejas\\\/secadores-serie-rf\\\/\",\"name\":\"Radio Frecuencia para Textil, Secadores serie \u00abRF\u00bb | Stalam\",\"isPartOf\":{\"@id\":\"https:\\\/\\\/www.stalam.com\\\/#website\"},\"datePublished\":\"2023-05-18T13:17:58+00:00\",\"dateModified\":\"2025-06-10T13:37:01+00:00\",\"description\":\"Descubre Serie de \u00abRF\u00bb para hilos en madejas, cintas de hilo\\\/estopa desenrolladas, fibras sueltas y otros productos textiles \u00absueltos\u00bb, soluci\u00f3n de stalam para Textil!\",\"breadcrumb\":{\"@id\":\"https:\\\/\\\/www.stalam.com\\\/es\\\/textil\\\/secadores-para-fibras-sueltas-cintas-de-hilo-mechas-e-hilos-en-madejas\\\/secadores-serie-rf\\\/#breadcrumb\"},\"inLanguage\":\"es\",\"potentialAction\":[{\"@type\":\"ReadAction\",\"target\":[\"https:\\\/\\\/www.stalam.com\\\/es\\\/textil\\\/secadores-para-fibras-sueltas-cintas-de-hilo-mechas-e-hilos-en-madejas\\\/secadores-serie-rf\\\/\"]}]},{\"@type\":\"BreadcrumbList\",\"@id\":\"https:\\\/\\\/www.stalam.com\\\/es\\\/textil\\\/secadores-para-fibras-sueltas-cintas-de-hilo-mechas-e-hilos-en-madejas\\\/secadores-serie-rf\\\/#breadcrumb\",\"itemListElement\":[{\"@type\":\"ListItem\",\"position\":1,\"name\":\"Home\",\"item\":\"https:\\\/\\\/www.stalam.com\\\/es\\\/\"},{\"@type\":\"ListItem\",\"position\":2,\"name\":\"Textil\",\"item\":\"https:\\\/\\\/www.stalam.com\\\/es\\\/textil\\\/\"},{\"@type\":\"ListItem\",\"position\":3,\"name\":\"Secadores para fibras sueltas, cintas de hilo\\\/mechas e hilos en madejas\",\"item\":\"https:\\\/\\\/www.stalam.com\\\/es\\\/textil\\\/secadores-para-fibras-sueltas-cintas-de-hilo-mechas-e-hilos-en-madejas\\\/\"},{\"@type\":\"ListItem\",\"position\":4,\"name\":\"Secadores serie \u00abRF\u00bb\"}]},{\"@type\":\"WebSite\",\"@id\":\"https:\\\/\\\/www.stalam.com\\\/#website\",\"url\":\"https:\\\/\\\/www.stalam.com\\\/\",\"name\":\"Stalam\",\"description\":\"\",\"publisher\":{\"@id\":\"https:\\\/\\\/www.stalam.com\\\/#organization\"},\"potentialAction\":[{\"@type\":\"SearchAction\",\"target\":{\"@type\":\"EntryPoint\",\"urlTemplate\":\"https:\\\/\\\/www.stalam.com\\\/?s={search_term_string}\"},\"query-input\":{\"@type\":\"PropertyValueSpecification\",\"valueRequired\":true,\"valueName\":\"search_term_string\"}}],\"inLanguage\":\"es\"},{\"@type\":\"Organization\",\"@id\":\"https:\\\/\\\/www.stalam.com\\\/#organization\",\"name\":\"Stalam\",\"url\":\"https:\\\/\\\/www.stalam.com\\\/\",\"logo\":{\"@type\":\"ImageObject\",\"inLanguage\":\"es\",\"@id\":\"https:\\\/\\\/www.stalam.com\\\/#\\\/schema\\\/logo\\\/image\\\/\",\"url\":\"https:\\\/\\\/www.stalam.com\\\/wp-content\\\/uploads\\\/2023\\\/06\\\/stalam-logo.png\",\"contentUrl\":\"https:\\\/\\\/www.stalam.com\\\/wp-content\\\/uploads\\\/2023\\\/06\\\/stalam-logo.png\",\"width\":634,\"height\":176,\"caption\":\"Stalam\"},\"image\":{\"@id\":\"https:\\\/\\\/www.stalam.com\\\/#\\\/schema\\\/logo\\\/image\\\/\"},\"sameAs\":[\"https:\\\/\\\/www.facebook.com\\\/Stalam-184036235760438\\\/\",\"https:\\\/\\\/www.linkedin.com\\\/company\\\/stalam\\\/\",\"https:\\\/\\\/www.youtube.com\\\/channel\\\/UCcl2pZ10KrADorPJccCu43Q\"]}]}<\/script>\n<!-- \/ Yoast SEO Premium plugin. -->","yoast_head_json":{"title":"Radio Frecuencia para Textil, Secadores serie \u00abRF\u00bb | Stalam","description":"Descubre Serie de \u00abRF\u00bb para hilos en madejas, cintas de hilo\/estopa desenrolladas, fibras sueltas y otros productos textiles \u00absueltos\u00bb, soluci\u00f3n de stalam para Textil!","robots":{"index":"index","follow":"follow","max-snippet":"max-snippet:-1","max-image-preview":"max-image-preview:large","max-video-preview":"max-video-preview:-1"},"canonical":"https:\/\/www.stalam.com\/es\/textil\/secadores-para-fibras-sueltas-cintas-de-hilo-mechas-e-hilos-en-madejas\/secadores-serie-rf\/","og_locale":"es_ES","og_type":"article","og_title":"Secadores serie \u00abRF\u00bb","og_description":"Descubre Serie de \u00abRF\u00bb para hilos en madejas, cintas de hilo\/estopa desenrolladas, fibras sueltas y otros productos textiles \u00absueltos\u00bb, soluci\u00f3n de stalam para Textil!","og_url":"https:\/\/www.stalam.com\/es\/textil\/secadores-para-fibras-sueltas-cintas-de-hilo-mechas-e-hilos-en-madejas\/secadores-serie-rf\/","og_site_name":"Stalam","article_publisher":"https:\/\/www.facebook.com\/Stalam-184036235760438\/","article_modified_time":"2025-06-10T13:37:01+00:00","og_image":[{"width":634,"height":176,"url":"https:\/\/www.stalam.com\/wp-content\/uploads\/2023\/06\/stalam-logo.png","type":"image\/png"}],"twitter_card":"summary_large_image","twitter_misc":{"Tiempo de lectura":"1 minuto"},"schema":{"@context":"https:\/\/schema.org","@graph":[{"@type":"WebPage","@id":"https:\/\/www.stalam.com\/es\/textil\/secadores-para-fibras-sueltas-cintas-de-hilo-mechas-e-hilos-en-madejas\/secadores-serie-rf\/","url":"https:\/\/www.stalam.com\/es\/textil\/secadores-para-fibras-sueltas-cintas-de-hilo-mechas-e-hilos-en-madejas\/secadores-serie-rf\/","name":"Radio Frecuencia para Textil, Secadores serie \u00abRF\u00bb | Stalam","isPartOf":{"@id":"https:\/\/www.stalam.com\/#website"},"datePublished":"2023-05-18T13:17:58+00:00","dateModified":"2025-06-10T13:37:01+00:00","description":"Descubre Serie de \u00abRF\u00bb para hilos en madejas, cintas de hilo\/estopa desenrolladas, fibras sueltas y otros productos textiles \u00absueltos\u00bb, soluci\u00f3n de stalam para Textil!","breadcrumb":{"@id":"https:\/\/www.stalam.com\/es\/textil\/secadores-para-fibras-sueltas-cintas-de-hilo-mechas-e-hilos-en-madejas\/secadores-serie-rf\/#breadcrumb"},"inLanguage":"es","potentialAction":[{"@type":"ReadAction","target":["https:\/\/www.stalam.com\/es\/textil\/secadores-para-fibras-sueltas-cintas-de-hilo-mechas-e-hilos-en-madejas\/secadores-serie-rf\/"]}]},{"@type":"BreadcrumbList","@id":"https:\/\/www.stalam.com\/es\/textil\/secadores-para-fibras-sueltas-cintas-de-hilo-mechas-e-hilos-en-madejas\/secadores-serie-rf\/#breadcrumb","itemListElement":[{"@type":"ListItem","position":1,"name":"Home","item":"https:\/\/www.stalam.com\/es\/"},{"@type":"ListItem","position":2,"name":"Textil","item":"https:\/\/www.stalam.com\/es\/textil\/"},{"@type":"ListItem","position":3,"name":"Secadores para fibras sueltas, cintas de hilo\/mechas e hilos en madejas","item":"https:\/\/www.stalam.com\/es\/textil\/secadores-para-fibras-sueltas-cintas-de-hilo-mechas-e-hilos-en-madejas\/"},{"@type":"ListItem","position":4,"name":"Secadores serie \u00abRF\u00bb"}]},{"@type":"WebSite","@id":"https:\/\/www.stalam.com\/#website","url":"https:\/\/www.stalam.com\/","name":"Stalam","description":"","publisher":{"@id":"https:\/\/www.stalam.com\/#organization"},"potentialAction":[{"@type":"SearchAction","target":{"@type":"EntryPoint","urlTemplate":"https:\/\/www.stalam.com\/?s={search_term_string}"},"query-input":{"@type":"PropertyValueSpecification","valueRequired":true,"valueName":"search_term_string"}}],"inLanguage":"es"},{"@type":"Organization","@id":"https:\/\/www.stalam.com\/#organization","name":"Stalam","url":"https:\/\/www.stalam.com\/","logo":{"@type":"ImageObject","inLanguage":"es","@id":"https:\/\/www.stalam.com\/#\/schema\/logo\/image\/","url":"https:\/\/www.stalam.com\/wp-content\/uploads\/2023\/06\/stalam-logo.png","contentUrl":"https:\/\/www.stalam.com\/wp-content\/uploads\/2023\/06\/stalam-logo.png","width":634,"height":176,"caption":"Stalam"},"image":{"@id":"https:\/\/www.stalam.com\/#\/schema\/logo\/image\/"},"sameAs":["https:\/\/www.facebook.com\/Stalam-184036235760438\/","https:\/\/www.linkedin.com\/company\/stalam\/","https:\/\/www.youtube.com\/channel\/UCcl2pZ10KrADorPJccCu43Q"]}]}},"_links":{"self":[{"href":"https:\/\/www.stalam.com\/es\/wp-json\/wp\/v2\/pages\/3689","targetHints":{"allow":["GET"]}}],"collection":[{"href":"https:\/\/www.stalam.com\/es\/wp-json\/wp\/v2\/pages"}],"about":[{"href":"https:\/\/www.stalam.com\/es\/wp-json\/wp\/v2\/types\/page"}],"author":[{"embeddable":true,"href":"https:\/\/www.stalam.com\/es\/wp-json\/wp\/v2\/users\/1"}],"replies":[{"embeddable":true,"href":"https:\/\/www.stalam.com\/es\/wp-json\/wp\/v2\/comments?post=3689"}],"version-history":[{"count":8,"href":"https:\/\/www.stalam.com\/es\/wp-json\/wp\/v2\/pages\/3689\/revisions"}],"predecessor-version":[{"id":15458,"href":"https:\/\/www.stalam.com\/es\/wp-json\/wp\/v2\/pages\/3689\/revisions\/15458"}],"up":[{"embeddable":true,"href":"https:\/\/www.stalam.com\/es\/wp-json\/wp\/v2\/pages\/3686"}],"wp:attachment":[{"href":"https:\/\/www.stalam.com\/es\/wp-json\/wp\/v2\/media?parent=3689"}],"curies":[{"name":"wp","href":"https:\/\/api.w.org\/{rel}","templated":true}]}}