{"id":3694,"date":"2023-05-15T13:27:09","date_gmt":"2023-05-15T11:27:09","guid":{"rendered":"https:\/\/www.stalam.com\/tessile\/altre-applicazioni-tessili\/"},"modified":"2025-06-10T12:31:38","modified_gmt":"2025-06-10T10:31:38","slug":"otras-aplicaciones-textiles","status":"publish","type":"page","link":"https:\/\/www.stalam.com\/es\/textil\/otras-aplicaciones-textiles\/","title":{"rendered":"Otras aplicaciones textiles"},"content":{"rendered":"\n<div class=\"fascia-bread-title bgcolor-grey \">\n    <div class=\"container-fascia-bread-title\">\n        <p id=\"breadcrumbs\"><span><span><a href=\"https:\/\/www.stalam.com\/es\/\">Home<\/a><\/span><\/span><\/p>                    <span class=\"title\">TEXTIL<\/span>\n                <h1 class=\"title-big\">Otras aplicaciones textiles<\/h1>\n    <\/div>\n<\/div>\n\n\n\n<div class=\"fascia-img-header\">\n    <img loading=\"lazy\" decoding=\"async\" src=\"https:\/\/www.stalam.com\/wp-content\/uploads\/2023\/05\/Felts-textile-2-1.jpg\" alt=\"\" width=\"600\" height=\"400\">\n<\/div>\n\n\n\n\n<div class=\"wp-block-columns col-fullwidth is-layout-flex wp-container-core-columns-is-layout-9d6595d7 wp-block-columns-is-layout-flex\">\n<div class=\"wp-block-column is-layout-flow wp-block-column-is-layout-flow\" style=\"flex-basis:33.33%\"><div class=\"sidebar-prodotti-container\"><div class=\"topbar-prodotti\" id=\"topbar\"><ul><li class=\"page_item page-item-3680 page_item_has_children\"><a href=\"https:\/\/www.stalam.com\/es\/textil\/secadores-para-bobinas-de-hilo-y-mechas\/\">Secadores para bobinas de hilo y mechas<\/a><\/li>\n<li class=\"page_item page-item-3686 page_item_has_children\"><a href=\"https:\/\/www.stalam.com\/es\/textil\/secadores-para-fibras-sueltas-cintas-de-hilo-mechas-e-hilos-en-madejas\/\">Secadores para fibras sueltas, cintas de hilo\/mechas e hilos en madejas<\/a><\/li>\n<li class=\"page_item page-item-3690 page_item_has_children\"><a href=\"https:\/\/www.stalam.com\/es\/textil\/secadores-de-tejidos\/\">Secadores de tejidos<\/a><\/li>\n<li class=\"page_item page-item-3692 page_item_has_children\"><a href=\"https:\/\/www.stalam.com\/es\/textil\/secadores-para-medias-y-leotardos\/\">Secadores para medias y leotardos<\/a><\/li>\n<li class=\"page_item page-item-3694\"><a href=\"https:\/\/www.stalam.com\/es\/textil\/otras-aplicaciones-textiles\/\">Otras aplicaciones textiles<\/a><\/li>\n<a href=\"https:\/\/www.stalam.com\/richiesta-catalogo\/\" class=\"btn btn-filled-r\">Descargar cat\u00e1logo<\/a><\/ul><\/div><div class=\"sidebar-prodotti-left\"><p class=\"grandparent-page\">Textil<\/p><ul><li class=\"page_item page-item-3680 page_item_has_children\"><a href=\"https:\/\/www.stalam.com\/es\/textil\/secadores-para-bobinas-de-hilo-y-mechas\/\">Secadores para bobinas de hilo y mechas<\/a>\n<ul class='children'>\n\t<li class=\"page_item page-item-3682\"><a href=\"https:\/\/www.stalam.com\/es\/textil\/secadores-para-bobinas-de-hilo-y-mechas\/secadores-serie-rf-y-rfa\/\">Secadores serie \u00abRF\u00bb y \u00abRFA\u00bb<\/a><\/li>\n\t<li class=\"page_item page-item-3681\"><a href=\"https:\/\/www.stalam.com\/es\/textil\/secadores-para-bobinas-de-hilo-y-mechas\/secadores-serie-rf-eco\/\">Secadores serie \u00abRF ECO+\u00bb<\/a><\/li>\n\t<li class=\"page_item page-item-3683\"><a href=\"https:\/\/www.stalam.com\/es\/textil\/secadores-para-bobinas-de-hilo-y-mechas\/secadores-serie-tcrf\/\">Secadores serie \u00abTCRF\u00bb<\/a><\/li>\n\t<li class=\"page_item page-item-3684\"><a href=\"https:\/\/www.stalam.com\/es\/textil\/secadores-para-bobinas-de-hilo-y-mechas\/secador-rf-c\/\">Secador \u00abRF\/C\u00bb<\/a><\/li>\n\t<li class=\"page_item page-item-3685\"><a href=\"https:\/\/www.stalam.com\/es\/textil\/secadores-para-bobinas-de-hilo-y-mechas\/secador-rfa-hp\/\">Secador \u00abRFA\/HP\u00bb<\/a><\/li>\n<\/ul>\n<\/li>\n<li class=\"page_item page-item-3686 page_item_has_children\"><a href=\"https:\/\/www.stalam.com\/es\/textil\/secadores-para-fibras-sueltas-cintas-de-hilo-mechas-e-hilos-en-madejas\/\">Secadores para fibras sueltas, cintas de hilo\/mechas e hilos en madejas<\/a>\n<ul class='children'>\n\t<li class=\"page_item page-item-3688\"><a href=\"https:\/\/www.stalam.com\/es\/textil\/secadores-para-fibras-sueltas-cintas-de-hilo-mechas-e-hilos-en-madejas\/secadores-serie-rfa-s-combo-twin-power\/\">Secadores serie \u00abRFA\/S COMBO\u00bb Twin-Power<\/a><\/li>\n\t<li class=\"page_item page-item-3689\"><a href=\"https:\/\/www.stalam.com\/es\/textil\/secadores-para-fibras-sueltas-cintas-de-hilo-mechas-e-hilos-en-madejas\/secadores-serie-rf\/\">Secadores serie \u00abRF\u00bb<\/a><\/li>\n\t<li class=\"page_item page-item-3687\"><a href=\"https:\/\/www.stalam.com\/es\/textil\/secadores-para-fibras-sueltas-cintas-de-hilo-mechas-e-hilos-en-madejas\/secadores-serie-ltrf-y-rfa-s\/\">Secadores serie \u00abLTRF\u00bb y \u00abRFA\/S\u00bb<\/a><\/li>\n<\/ul>\n<\/li>\n<li class=\"page_item page-item-3690 page_item_has_children\"><a href=\"https:\/\/www.stalam.com\/es\/textil\/secadores-de-tejidos\/\">Secadores de tejidos<\/a>\n<ul class='children'>\n\t<li class=\"page_item page-item-3691\"><a href=\"https:\/\/www.stalam.com\/es\/textil\/secadores-de-tejidos\/secadores-de-tejidos-rf-t\/\">Secadores de tejidos \u00abRF\/T\u00bb<\/a><\/li>\n<\/ul>\n<\/li>\n<li class=\"page_item page-item-3692 page_item_has_children\"><a href=\"https:\/\/www.stalam.com\/es\/textil\/secadores-para-medias-y-leotardos\/\">Secadores para medias y leotardos<\/a>\n<ul class='children'>\n\t<li class=\"page_item page-item-3693\"><a href=\"https:\/\/www.stalam.com\/es\/textil\/secadores-para-medias-y-leotardos\/secadores-para-medias-y-leotardos\/\">Secadores para medias y leotardos<\/a><\/li>\n<\/ul>\n<\/li>\n<li class=\"page_item page-item-3694\"><a href=\"https:\/\/www.stalam.com\/es\/textil\/otras-aplicaciones-textiles\/\">Otras aplicaciones textiles<\/a><\/li>\n<a href=\"https:\/\/www.stalam.com\/richiesta-catalogo\/\" class=\"btn btn-filled-r\">Descargar cat\u00e1logo<\/a><\/ul><\/div><\/div>\n<\/div>\n\n\n\n<div class=\"wp-block-column is-layout-flow wp-block-column-is-layout-flow\" style=\"flex-basis:66.66%\"><div class=\"fascia-testo-dimg-vantaggi\">\n    <p>Teniendo en cuenta que la mayor\u00eda de los sustratos sin una conductividad el\u00e9ctrica (por ejemplo, diel\u00e9ctrica) que contienen agua puede secarse r\u00e1pidamente, de manera uniforme, eficiente y con resultados de una calidad \u00f3ptima mediante radiofrecuencia, a lo largo de los a\u00f1os, Stalam ha desarrollado y suministrado equipos espec\u00edficos de secado indicados para procesar una amplia gama de textiles , t\u00e9cnicos y productos relacionados.<\/p>\n\n            <div class=\"grid-img\">\n                            <a href=\"https:\/\/www.stalam.com\/wp-content\/uploads\/2023\/05\/app-tessili.png\" class=\"swipebox\" data-rel=\"lightbox-image-bGlnaHRib3gtaW1hZ2UtMA==\" data-rl_title=\"\" data-rl_caption=\"\" title=\"\">\n                    <img loading=\"lazy\" decoding=\"async\" src=\"https:\/\/www.stalam.com\/wp-content\/uploads\/2023\/05\/app-tessili.png\" alt=\"\" width=\"600\" height=\"400\">\n                <\/a>\n                                <\/div>\n    \n            <span class=\"title\">Aplicaciones<\/span>\n    \n            <div class=\"lista-vantaggi\">\n\n            \n                <div class=\"single-van\">\n                    <img loading=\"lazy\" decoding=\"async\" src=\"\/wp-content\/uploads\/2023\/05\/list-type-vantaggi.png\" alt=\"\" width=\"600\" height=\"400\">\n                    <span>Secado de fibras de algod\u00f3n hidr\u00f3filo decoloradas para usos m\u00e9dicos, sanitarios y cosm\u00e9ticos<\/span>\n                <\/div>\n\n            \n                <div class=\"single-van\">\n                    <img loading=\"lazy\" decoding=\"async\" src=\"\/wp-content\/uploads\/2023\/05\/list-type-vantaggi.png\" alt=\"\" width=\"600\" height=\"400\">\n                    <span>Secado de c\u00e1\u00f1amo crudo o procesado\/te\u00f1ido, lino, ramio, fibra de coco, yute y fibras de sisal<\/span>\n                <\/div>\n\n            \n                <div class=\"single-van\">\n                    <img loading=\"lazy\" decoding=\"async\" src=\"\/wp-content\/uploads\/2023\/05\/list-type-vantaggi.png\" alt=\"\" width=\"600\" height=\"400\">\n                    <span>Secado de carretes de hilado mojado de lino tanto fuera de l\u00ednea en bandejas adecuadas o en l\u00ednea con la m\u00e1quina de tejer<\/span>\n                <\/div>\n\n            \n                <div class=\"single-van\">\n                    <img loading=\"lazy\" decoding=\"async\" src=\"\/wp-content\/uploads\/2023\/05\/list-type-vantaggi.png\" alt=\"\" width=\"600\" height=\"400\">\n                    <span>Secado a baja temperatura de madejas de seda cruda despu\u00e9s de los procesos de humectaci\u00f3n\/lubricaci\u00f3n y antes de torcerlas<\/span>\n                <\/div>\n\n            \n                <div class=\"single-van\">\n                    <img loading=\"lazy\" decoding=\"async\" src=\"\/wp-content\/uploads\/2023\/05\/list-type-vantaggi.png\" alt=\"\" width=\"600\" height=\"400\">\n                    <span>Secado de capullos de seda y desechos de seda despu\u00e9s de la carbonizaci\u00f3n<\/span>\n                <\/div>\n\n            \n                <div class=\"single-van\">\n                    <img loading=\"lazy\" decoding=\"async\" src=\"\/wp-content\/uploads\/2023\/05\/list-type-vantaggi.png\" alt=\"\" width=\"600\" height=\"400\">\n                    <span>Secado de bandas el\u00e1sticas te\u00f1idas, tejidos finos, encaje, tiras, cuerdas, etc.<\/span>\n                <\/div>\n\n            \n                <div class=\"single-van\">\n                    <img loading=\"lazy\" decoding=\"async\" src=\"\/wp-content\/uploads\/2023\/05\/list-type-vantaggi.png\" alt=\"\" width=\"600\" height=\"400\">\n                    <span>Secado de prendas te\u00f1idas, chombas, calcetines de deporte, art\u00edculos de cuero, etc. especialmente no se desea el efecto tumbling<\/span>\n                <\/div>\n\n            \n                <div class=\"single-van\">\n                    <img loading=\"lazy\" decoding=\"async\" src=\"\/wp-content\/uploads\/2023\/05\/list-type-vantaggi.png\" alt=\"\" width=\"600\" height=\"400\">\n                    <span>Secado de fieltros de lana para ropa o uso industrial, despu\u00e9s de la impregnaci\u00f3n, en forma de hojas y discos<\/span>\n                <\/div>\n\n            \n                <div class=\"single-van\">\n                    <img loading=\"lazy\" decoding=\"async\" src=\"\/wp-content\/uploads\/2023\/05\/list-type-vantaggi.png\" alt=\"\" width=\"600\" height=\"400\">\n                    <span>Secado de desechos y trapos de hilos lavados e hidroextra\u00eddos<\/span>\n                <\/div>\n\n            \n                <div class=\"single-van\">\n                    <img loading=\"lazy\" decoding=\"async\" src=\"\/wp-content\/uploads\/2023\/05\/list-type-vantaggi.png\" alt=\"\" width=\"600\" height=\"400\">\n                    <span>el secado y calentamiento previo de desperdicios de fibras sint\u00e9ticas o defectuosas (principalmente PA, PES, PP) despu\u00e9s del lavado para ser reciclarse en forma de pellet, fuera de l\u00ednea o en l\u00ednea con el equipo de extrusi\u00f3n<\/span>\n                <\/div>\n\n            \n                <div class=\"single-van\">\n                    <img loading=\"lazy\" decoding=\"async\" src=\"\/wp-content\/uploads\/2023\/05\/list-type-vantaggi.png\" alt=\"\" width=\"600\" height=\"400\">\n                    <span>el secado de fibras de refuerzo cortas y de alta porosidad (celulosa, aramida, vidrio, etc.)<\/span>\n                <\/div>\n\n            \n                <div class=\"single-van\">\n                    <img loading=\"lazy\" decoding=\"async\" src=\"\/wp-content\/uploads\/2023\/05\/list-type-vantaggi.png\" alt=\"\" width=\"600\" height=\"400\">\n                    <span>el secado y calentamiento previo de desperdicios de fibras sint\u00e9ticas o defectuosas (principalmente PA, PES, PP) despu\u00e9s del lavado para ser reciclarse en forma de pellet, fuera de l\u00ednea o en l\u00ednea con el equipo de extrusi\u00f3n<\/span>\n                <\/div>\n\n            \n        <\/div>\n    \n<\/div>\n\n\n<div style=\"height:60px\" aria-hidden=\"true\" class=\"wp-block-spacer\"><\/div>\n\n\n<div class=\"fascia-testo-btns-imgs\">\n    <p>&nbsp;<\/p>\n<p><span class=\"title\">Pruebe su producto en nuestro laboratorio!<\/span><\/p>\n<p>&nbsp;<\/p>\n<p>El laboratorio de pruebas de Stalam es una parte integral de nuestro departamento de I+D y los departamentos de ingenier\u00eda. A trav\u00e9s de pruebas y an\u00e1lisis de los resultados, nuestros expertos pueden estudiar en detalle las caracter\u00edsticas y el comportamiento de un producto en el campo de la radiofrecuencia, adem\u00e1s de evaluar la viabilidad t\u00e9cnica y econ\u00f3mica de procesos t\u00e9rmicos y de secado sobre substratos espec\u00edficos basados en las necesidades de los clientes. Del mismo modo, nuestros ingenieros pueden identificar los mejores par\u00e1metros de proceso y las especificaciones t\u00e9cnicas de los equipos de RF m\u00e1s adecuados para realizar esos procesos.<\/p>\n<p>&nbsp;<\/p>\n<p>El laboratorio de I+D de Stalam est\u00e1 equipado con una amplia gama de m\u00e1quinas experimentales disponibles para demostraciones y pruebas de productos. Dichas pruebas y demostraciones pueden realizarse en nuestra sede o en las instalaciones de nuestros clientes seg\u00fan corresponda. Algunas de estas m\u00e1quinas tambi\u00e9n est\u00e1n disponibles para alquiler para fines de desarrollo de productos y procesos o pruebas sistem\u00e1ticas de las sesiones.<\/p>\n<p>&nbsp;<\/p>\n<p>Nuestro equipo t\u00e9cnico altamente calificado ayudar\u00e1 a los clientes a desarrollar soluciones de procesos mejores, m\u00e1s innovadoras y rentables.<\/p>\n<p>&nbsp;<\/p>\n\n            <div class=\"grid-img\">\n\n                            <a href=\"https:\/\/www.stalam.com\/wp-content\/uploads\/2023\/05\/app-tessili2.jpeg\" class=\"swipebox\" data-rel=\"lightbox-image-bGlnaHRib3gtaW1hZ2UtMA==\" data-rl_title=\"\" data-rl_caption=\"\" title=\"\">\n                    <img decoding=\"async\" loading=\"lazy\" src=\"https:\/\/www.stalam.com\/wp-content\/uploads\/2023\/05\/app-tessili2.jpeg\" alt=\"\" width=\"600\" height=\"400\">\n                <\/a>\n            \n        <\/div>\n    \n            <div class=\"container-btns\">\n                            <a href=\"\/es\/contacto\/\" title=\"RESERVE UNA PRUEBA!\" class=\"btn btn-filled-r\">\n                    RESERVE UNA PRUEBA!                <\/a>\n                                <\/div>\n    \n<\/div><\/div>\n<\/div>\n\n\n<div class=\"images-slider-container\">\n\n    <span class=\"title\">Galer\u00eda de fotos<\/span>\n\n    <div class=\"images-slider__row\">\n                    <div class=\"images-slider__single\">\n                <div class=\"images-slider__single-contents\">\n                    <img data-flickity-lazyload=\"https:\/\/www.stalam.com\/wp-content\/uploads\/2023\/05\/Dryers-for-linen.jpg\" class=\"skip-lazy\" alt=\"slider image\" width=\"400\" height=\"600\" \/>\n                    Secadores para bobinas de lino                <\/div>\n\n            <\/div>\n                    <div class=\"images-slider__single\">\n                <div class=\"images-slider__single-contents\">\n                    <img data-flickity-lazyload=\"https:\/\/www.stalam.com\/wp-content\/uploads\/2023\/05\/feltro.jpg\" class=\"skip-lazy\" alt=\"slider image\" width=\"400\" height=\"600\" \/>\n                    Secadores de radiofrecuencia para fieltros                <\/div>\n\n            <\/div>\n                    <div class=\"images-slider__single\">\n                <div class=\"images-slider__single-contents\">\n                    <img data-flickity-lazyload=\"https:\/\/www.stalam.com\/wp-content\/uploads\/2023\/05\/GRD_0113.jpg\" class=\"skip-lazy\" alt=\"slider image\" width=\"400\" height=\"600\" \/>\n                    Secadores para bobinas de lino                <\/div>\n\n            <\/div>\n                    <div class=\"images-slider__single\">\n                <div class=\"images-slider__single-contents\">\n                    <img data-flickity-lazyload=\"https:\/\/www.stalam.com\/wp-content\/uploads\/2023\/05\/Linen-spool-drying-low.jpg\" class=\"skip-lazy\" alt=\"slider image\" width=\"400\" height=\"600\" \/>\n                    Secadoras de ropa                <\/div>\n\n            <\/div>\n                    <div class=\"images-slider__single\">\n                <div class=\"images-slider__single-contents\">\n                    <img data-flickity-lazyload=\"https:\/\/www.stalam.com\/wp-content\/uploads\/2023\/05\/RF15kW.jpg\" class=\"skip-lazy\" alt=\"slider image\" width=\"400\" height=\"600\" \/>\n                    Secadores RF en l\u00ednea para bobinas de lino hiladas en h\u00famedo                <\/div>\n\n            <\/div>\n                    <div class=\"images-slider__single\">\n                <div class=\"images-slider__single-contents\">\n                    <img data-flickity-lazyload=\"https:\/\/www.stalam.com\/wp-content\/uploads\/2023\/05\/RF60kW_felts.jpg\" class=\"skip-lazy\" alt=\"slider image\" width=\"400\" height=\"600\" \/>\n                    Secadores de fieltro                <\/div>\n\n            <\/div>\n                    <div class=\"images-slider__single\">\n                <div class=\"images-slider__single-contents\">\n                    <img data-flickity-lazyload=\"https:\/\/www.stalam.com\/wp-content\/uploads\/2023\/05\/Stalam-RF-dryers-1.jpg\" class=\"skip-lazy\" alt=\"slider image\" width=\"400\" height=\"600\" \/>\n                    Secadores para bobinas de lino                <\/div>\n\n            <\/div>\n        \n    <\/div>\n<\/div>\n\n\n\n<div class=\"fascia-newsletter bgcolor-grey \">\n    <div class=\"container-newsletter\">\n                    <span class=\"title\">\u00bfLe gustar\u00eda conocer m\u00e1s sobre nuestras soluciones?<\/span>\n        \n                    <a href=\"https:\/\/www.stalam.com\/es\/informacion-requerida\/?area=Textil&#038;prodotto=Otras aplicaciones textiles\" title=\"Solicitar informaci\u00f3n\" class=\"btn btn-filled-r\">\n                Solicitar informaci\u00f3n            <\/a>\n            <\/div>\n<\/div>\n\n\n\n\n<p><\/p>\n","protected":false},"excerpt":{"rendered":"","protected":false},"author":1,"featured_media":0,"parent":3679,"menu_order":241,"comment_status":"closed","ping_status":"closed","template":"","meta":{"_acf_changed":false,"content-type":"","footnotes":""},"class_list":["post-3694","page","type-page","status-publish","hentry"],"acf":[],"yoast_head":"<!-- This site is optimized with the Yoast SEO Premium plugin v23.9 (Yoast SEO v27.3) - https:\/\/yoast.com\/product\/yoast-seo-premium-wordpress\/ -->\n<title>Otras aplicaciones textiles, Productos y Servicios | Stalam<\/title>\n<meta name=\"description\" content=\"Descubre la aplicaci\u00f3n de nuestra tecnolog\u00eda de radiofrecuencia a otras aplicaciones textiles\" \/>\n<meta name=\"robots\" content=\"index, follow, max-snippet:-1, max-image-preview:large, max-video-preview:-1\" \/>\n<link rel=\"canonical\" href=\"https:\/\/www.stalam.com\/es\/textil\/otras-aplicaciones-textiles\/\" \/>\n<meta property=\"og:locale\" content=\"es_ES\" \/>\n<meta property=\"og:type\" content=\"article\" \/>\n<meta property=\"og:title\" content=\"Otras aplicaciones textiles\" \/>\n<meta property=\"og:description\" content=\"Descubre la aplicaci\u00f3n de nuestra tecnolog\u00eda de radiofrecuencia a otras aplicaciones textiles\" \/>\n<meta property=\"og:url\" content=\"https:\/\/www.stalam.com\/es\/textil\/otras-aplicaciones-textiles\/\" \/>\n<meta property=\"og:site_name\" content=\"Stalam\" \/>\n<meta property=\"article:publisher\" content=\"https:\/\/www.facebook.com\/Stalam-184036235760438\/\" \/>\n<meta property=\"article:modified_time\" content=\"2025-06-10T10:31:38+00:00\" \/>\n<meta property=\"og:image\" content=\"https:\/\/www.stalam.com\/wp-content\/uploads\/2023\/06\/stalam-logo.png\" \/>\n\t<meta property=\"og:image:width\" content=\"634\" \/>\n\t<meta property=\"og:image:height\" content=\"176\" \/>\n\t<meta property=\"og:image:type\" content=\"image\/png\" \/>\n<meta name=\"twitter:card\" content=\"summary_large_image\" \/>\n<meta name=\"twitter:label1\" content=\"Tiempo de lectura\" \/>\n\t<meta name=\"twitter:data1\" content=\"1 minuto\" \/>\n<script type=\"application\/ld+json\" class=\"yoast-schema-graph\">{\"@context\":\"https:\\\/\\\/schema.org\",\"@graph\":[{\"@type\":\"WebPage\",\"@id\":\"https:\\\/\\\/www.stalam.com\\\/es\\\/textil\\\/otras-aplicaciones-textiles\\\/\",\"url\":\"https:\\\/\\\/www.stalam.com\\\/es\\\/textil\\\/otras-aplicaciones-textiles\\\/\",\"name\":\"Otras aplicaciones textiles, Productos y Servicios | Stalam\",\"isPartOf\":{\"@id\":\"https:\\\/\\\/www.stalam.com\\\/#website\"},\"datePublished\":\"2023-05-15T11:27:09+00:00\",\"dateModified\":\"2025-06-10T10:31:38+00:00\",\"description\":\"Descubre la aplicaci\u00f3n de nuestra tecnolog\u00eda de radiofrecuencia a otras aplicaciones textiles\",\"breadcrumb\":{\"@id\":\"https:\\\/\\\/www.stalam.com\\\/es\\\/textil\\\/otras-aplicaciones-textiles\\\/#breadcrumb\"},\"inLanguage\":\"es\",\"potentialAction\":[{\"@type\":\"ReadAction\",\"target\":[\"https:\\\/\\\/www.stalam.com\\\/es\\\/textil\\\/otras-aplicaciones-textiles\\\/\"]}]},{\"@type\":\"BreadcrumbList\",\"@id\":\"https:\\\/\\\/www.stalam.com\\\/es\\\/textil\\\/otras-aplicaciones-textiles\\\/#breadcrumb\",\"itemListElement\":[{\"@type\":\"ListItem\",\"position\":1,\"name\":\"Home\",\"item\":\"https:\\\/\\\/www.stalam.com\\\/es\\\/\"},{\"@type\":\"ListItem\",\"position\":2,\"name\":\"Textil\",\"item\":\"https:\\\/\\\/www.stalam.com\\\/es\\\/textil\\\/\"},{\"@type\":\"ListItem\",\"position\":3,\"name\":\"Otras aplicaciones textiles\"}]},{\"@type\":\"WebSite\",\"@id\":\"https:\\\/\\\/www.stalam.com\\\/#website\",\"url\":\"https:\\\/\\\/www.stalam.com\\\/\",\"name\":\"Stalam\",\"description\":\"\",\"publisher\":{\"@id\":\"https:\\\/\\\/www.stalam.com\\\/#organization\"},\"potentialAction\":[{\"@type\":\"SearchAction\",\"target\":{\"@type\":\"EntryPoint\",\"urlTemplate\":\"https:\\\/\\\/www.stalam.com\\\/?s={search_term_string}\"},\"query-input\":{\"@type\":\"PropertyValueSpecification\",\"valueRequired\":true,\"valueName\":\"search_term_string\"}}],\"inLanguage\":\"es\"},{\"@type\":\"Organization\",\"@id\":\"https:\\\/\\\/www.stalam.com\\\/#organization\",\"name\":\"Stalam\",\"url\":\"https:\\\/\\\/www.stalam.com\\\/\",\"logo\":{\"@type\":\"ImageObject\",\"inLanguage\":\"es\",\"@id\":\"https:\\\/\\\/www.stalam.com\\\/#\\\/schema\\\/logo\\\/image\\\/\",\"url\":\"https:\\\/\\\/www.stalam.com\\\/wp-content\\\/uploads\\\/2023\\\/06\\\/stalam-logo.png\",\"contentUrl\":\"https:\\\/\\\/www.stalam.com\\\/wp-content\\\/uploads\\\/2023\\\/06\\\/stalam-logo.png\",\"width\":634,\"height\":176,\"caption\":\"Stalam\"},\"image\":{\"@id\":\"https:\\\/\\\/www.stalam.com\\\/#\\\/schema\\\/logo\\\/image\\\/\"},\"sameAs\":[\"https:\\\/\\\/www.facebook.com\\\/Stalam-184036235760438\\\/\",\"https:\\\/\\\/www.linkedin.com\\\/company\\\/stalam\\\/\",\"https:\\\/\\\/www.youtube.com\\\/channel\\\/UCcl2pZ10KrADorPJccCu43Q\"]}]}<\/script>\n<!-- \/ Yoast SEO Premium plugin. -->","yoast_head_json":{"title":"Otras aplicaciones textiles, Productos y Servicios | Stalam","description":"Descubre la aplicaci\u00f3n de nuestra tecnolog\u00eda de radiofrecuencia a otras aplicaciones textiles","robots":{"index":"index","follow":"follow","max-snippet":"max-snippet:-1","max-image-preview":"max-image-preview:large","max-video-preview":"max-video-preview:-1"},"canonical":"https:\/\/www.stalam.com\/es\/textil\/otras-aplicaciones-textiles\/","og_locale":"es_ES","og_type":"article","og_title":"Otras aplicaciones textiles","og_description":"Descubre la aplicaci\u00f3n de nuestra tecnolog\u00eda de radiofrecuencia a otras aplicaciones textiles","og_url":"https:\/\/www.stalam.com\/es\/textil\/otras-aplicaciones-textiles\/","og_site_name":"Stalam","article_publisher":"https:\/\/www.facebook.com\/Stalam-184036235760438\/","article_modified_time":"2025-06-10T10:31:38+00:00","og_image":[{"width":634,"height":176,"url":"https:\/\/www.stalam.com\/wp-content\/uploads\/2023\/06\/stalam-logo.png","type":"image\/png"}],"twitter_card":"summary_large_image","twitter_misc":{"Tiempo de lectura":"1 minuto"},"schema":{"@context":"https:\/\/schema.org","@graph":[{"@type":"WebPage","@id":"https:\/\/www.stalam.com\/es\/textil\/otras-aplicaciones-textiles\/","url":"https:\/\/www.stalam.com\/es\/textil\/otras-aplicaciones-textiles\/","name":"Otras aplicaciones textiles, Productos y Servicios | Stalam","isPartOf":{"@id":"https:\/\/www.stalam.com\/#website"},"datePublished":"2023-05-15T11:27:09+00:00","dateModified":"2025-06-10T10:31:38+00:00","description":"Descubre la aplicaci\u00f3n de nuestra tecnolog\u00eda de radiofrecuencia a otras aplicaciones textiles","breadcrumb":{"@id":"https:\/\/www.stalam.com\/es\/textil\/otras-aplicaciones-textiles\/#breadcrumb"},"inLanguage":"es","potentialAction":[{"@type":"ReadAction","target":["https:\/\/www.stalam.com\/es\/textil\/otras-aplicaciones-textiles\/"]}]},{"@type":"BreadcrumbList","@id":"https:\/\/www.stalam.com\/es\/textil\/otras-aplicaciones-textiles\/#breadcrumb","itemListElement":[{"@type":"ListItem","position":1,"name":"Home","item":"https:\/\/www.stalam.com\/es\/"},{"@type":"ListItem","position":2,"name":"Textil","item":"https:\/\/www.stalam.com\/es\/textil\/"},{"@type":"ListItem","position":3,"name":"Otras aplicaciones textiles"}]},{"@type":"WebSite","@id":"https:\/\/www.stalam.com\/#website","url":"https:\/\/www.stalam.com\/","name":"Stalam","description":"","publisher":{"@id":"https:\/\/www.stalam.com\/#organization"},"potentialAction":[{"@type":"SearchAction","target":{"@type":"EntryPoint","urlTemplate":"https:\/\/www.stalam.com\/?s={search_term_string}"},"query-input":{"@type":"PropertyValueSpecification","valueRequired":true,"valueName":"search_term_string"}}],"inLanguage":"es"},{"@type":"Organization","@id":"https:\/\/www.stalam.com\/#organization","name":"Stalam","url":"https:\/\/www.stalam.com\/","logo":{"@type":"ImageObject","inLanguage":"es","@id":"https:\/\/www.stalam.com\/#\/schema\/logo\/image\/","url":"https:\/\/www.stalam.com\/wp-content\/uploads\/2023\/06\/stalam-logo.png","contentUrl":"https:\/\/www.stalam.com\/wp-content\/uploads\/2023\/06\/stalam-logo.png","width":634,"height":176,"caption":"Stalam"},"image":{"@id":"https:\/\/www.stalam.com\/#\/schema\/logo\/image\/"},"sameAs":["https:\/\/www.facebook.com\/Stalam-184036235760438\/","https:\/\/www.linkedin.com\/company\/stalam\/","https:\/\/www.youtube.com\/channel\/UCcl2pZ10KrADorPJccCu43Q"]}]}},"_links":{"self":[{"href":"https:\/\/www.stalam.com\/es\/wp-json\/wp\/v2\/pages\/3694","targetHints":{"allow":["GET"]}}],"collection":[{"href":"https:\/\/www.stalam.com\/es\/wp-json\/wp\/v2\/pages"}],"about":[{"href":"https:\/\/www.stalam.com\/es\/wp-json\/wp\/v2\/types\/page"}],"author":[{"embeddable":true,"href":"https:\/\/www.stalam.com\/es\/wp-json\/wp\/v2\/users\/1"}],"replies":[{"embeddable":true,"href":"https:\/\/www.stalam.com\/es\/wp-json\/wp\/v2\/comments?post=3694"}],"version-history":[{"count":9,"href":"https:\/\/www.stalam.com\/es\/wp-json\/wp\/v2\/pages\/3694\/revisions"}],"predecessor-version":[{"id":15406,"href":"https:\/\/www.stalam.com\/es\/wp-json\/wp\/v2\/pages\/3694\/revisions\/15406"}],"up":[{"embeddable":true,"href":"https:\/\/www.stalam.com\/es\/wp-json\/wp\/v2\/pages\/3679"}],"wp:attachment":[{"href":"https:\/\/www.stalam.com\/es\/wp-json\/wp\/v2\/media?parent=3694"}],"curies":[{"name":"wp","href":"https:\/\/api.w.org\/{rel}","templated":true}]}}