{"id":3774,"date":"2023-05-15T13:25:19","date_gmt":"2023-05-15T11:25:19","guid":{"rendered":"https:\/\/www.stalam.com\/tecnico\/"},"modified":"2025-05-27T09:28:05","modified_gmt":"2025-05-27T07:28:05","slug":"tecnico","status":"publish","type":"page","link":"https:\/\/www.stalam.com\/es\/tecnico\/","title":{"rendered":"Tecnico"},"content":{"rendered":"\n<div class=\"fascia-bread-title bgcolor-grey \">\n    <div class=\"container-fascia-bread-title\">\n        <p id=\"breadcrumbs\"><span><span><a href=\"https:\/\/www.stalam.com\/es\/\">Home<\/a><\/span><\/span><\/p>                <h1 class=\"title-big\">Tecnico<\/h1>\n    <\/div>\n<\/div>\n\n\n\n<div class=\"fascia-img-header\">\n    <img loading=\"lazy\" decoding=\"async\" src=\"https:\/\/www.stalam.com\/wp-content\/uploads\/2023\/05\/Dryers-for-glass-fibres-4-2.jpg\" alt=\"\" width=\"600\" height=\"400\">\n<\/div>\n\n\n\n\n<div class=\"wp-block-columns col-fullwidth is-layout-flex wp-container-core-columns-is-layout-9d6595d7 wp-block-columns-is-layout-flex\">\n<div class=\"wp-block-column is-layout-flow wp-block-column-is-layout-flow\" style=\"flex-basis:33.33%\"><div class=\"sidebar-prodotti-container\"><div class=\"topbar-prodotti\" id=\"topbar\"><ul><li class=\"page_item page-item-3777 page_item_has_children\"><a href=\"https:\/\/www.stalam.com\/es\/tecnico\/secadores-para-fibra-de-vidrio\/\">Secadores para fibra de vidrio<\/a><\/li>\n<li class=\"page_item page-item-3779 page_item_has_children\"><a href=\"https:\/\/www.stalam.com\/es\/tecnico\/aparatos-de-vulcanizacion-y-secadores-para-latex-sbr-y-otras-espumas-de-polimeros\/\">Aparatos de vulcanizaci\u00f3n y secadores para l\u00e1tex, SBR y otras espumas de pol\u00edmeros<\/a><\/li>\n<li class=\"page_item page-item-3775 page_item_has_children\"><a href=\"https:\/\/www.stalam.com\/es\/tecnico\/secadores-de-fieltros-y-otros-textiles-no-tejidos\/\">Secadores de fieltros y otros textiles no tejidos<\/a><\/li>\n<li class=\"page_item page-item-3782\"><a href=\"https:\/\/www.stalam.com\/es\/tecnico\/otras-aplicaciones-en-textiles-tecnicos\/\">Otras aplicaciones en textiles t\u00e9cnicos<\/a><\/li>\n<a href=\"https:\/\/www.stalam.com\/richiesta-catalogo\/\" class=\"btn btn-filled-r\">Descargar cat\u00e1logo<\/a><\/ul><\/div><div class=\"sidebar-prodotti-left\"><p class=\"grandparent-page\">Tecnico<\/p><ul><li class=\"page_item page-item-3777 page_item_has_children\"><a href=\"https:\/\/www.stalam.com\/es\/tecnico\/secadores-para-fibra-de-vidrio\/\">Secadores para fibra de vidrio<\/a><\/li>\n<li class=\"page_item page-item-3779 page_item_has_children\"><a href=\"https:\/\/www.stalam.com\/es\/tecnico\/aparatos-de-vulcanizacion-y-secadores-para-latex-sbr-y-otras-espumas-de-polimeros\/\">Aparatos de vulcanizaci\u00f3n y secadores para l\u00e1tex, SBR y otras espumas de pol\u00edmeros<\/a><\/li>\n<li class=\"page_item page-item-3775 page_item_has_children\"><a href=\"https:\/\/www.stalam.com\/es\/tecnico\/secadores-de-fieltros-y-otros-textiles-no-tejidos\/\">Secadores de fieltros y otros textiles no tejidos<\/a><\/li>\n<li class=\"page_item page-item-3782\"><a href=\"https:\/\/www.stalam.com\/es\/tecnico\/otras-aplicaciones-en-textiles-tecnicos\/\">Otras aplicaciones en textiles t\u00e9cnicos<\/a><\/li>\n<a href=\"https:\/\/www.stalam.com\/richiesta-catalogo\/\" class=\"btn btn-filled-r\">Descargar cat\u00e1logo<\/a><\/ul><\/div><\/div>\n<\/div>\n\n\n\n<div class=\"wp-block-column is-layout-flow wp-block-column-is-layout-flow\" style=\"flex-basis:66.66%\"><div class=\"fascia-testo-dimg-vantaggi\">\n    <p><span class=\"title\">Equipos de radiofrecuencia para textiles t\u00e9cnicos<br \/>\n<\/span><\/p>\n<p>&nbsp;<\/p>\n<p>El equipo de RF Stalam es el \u00abest\u00e1ndar\u00bb para el secado r\u00e1pido y eficiente de fibras de vidrio, l\u00e1tex natural y espumas SBR, espumas PU m\u00e9dica, fieltros y otros textiles sin tejer. Stalam tambi\u00e9n ha desarrollado equipos de radiofrecuencia espec\u00edficos para realizar innovadores procesos t\u00e9rmicos como la formaci\u00f3n de cintas para fibras de vidrio y la vulcanizaci\u00f3n de espumas de l\u00e1tex. El proceso de secado de radiofrecuencia es end\u00f3geno (el calor se genera directamente en el producto h\u00famedo y no se transfiere lentamente desde una fuente de calor externa), selectivo (la energ\u00eda de RF la absorbe el agua en el interior del producto y no por el producto en s\u00ed) y est\u00e1 controlado (la cantidad de energ\u00eda transferida al producto se puede dosificar con exactitud).<\/p>\n<p>&nbsp;<\/p>\n<p>Gracias a estas caracter\u00edsticas, el secado de RF de textiles t\u00e9cnicos y textiles no tejidos, tras varios tratamientos h\u00famedos como el lavado, relleno, te\u00f1ido, hilado h\u00famedo, afieltrado, impregnaci\u00f3n, recubrimiento, etc. tiene muchas ventajas en comparaci\u00f3n con las tecnolog\u00edas de secado convencionales basadas en la transferencia de calor, como, en particular, una mayor eficiencia energ\u00e9tica, una mayor velocidad de secado y una mejor calidad de los productos secos.<\/p>\n<p>&nbsp;<\/p>\n\n            <div class=\"grid-img\">\n                            <a href=\"https:\/\/www.stalam.com\/wp-content\/uploads\/2023\/05\/Glass-fibres-2.jpg\" class=\"swipebox\" data-rel=\"lightbox-image-bGlnaHRib3gtaW1hZ2UtMA==\" data-rl_title=\"\" data-rl_caption=\"\" title=\"\">\n                    <img loading=\"lazy\" decoding=\"async\" src=\"https:\/\/www.stalam.com\/wp-content\/uploads\/2023\/05\/Glass-fibres-2.jpg\" alt=\"\" width=\"600\" height=\"400\">\n                <\/a>\n                                        <a href=\"https:\/\/www.stalam.com\/wp-content\/uploads\/2023\/05\/latex.jpg\" class=\"swipebox\" data-rel=\"lightbox-image-bGlnaHRib3gtaW1hZ2UtMA==\" data-rl_title=\"\" data-rl_caption=\"\" title=\"\">\n                    <img loading=\"lazy\" decoding=\"async\" src=\"https:\/\/www.stalam.com\/wp-content\/uploads\/2023\/05\/latex.jpg\" alt=\"\" width=\"600\" height=\"400\">\n                <\/a>\n                    <\/div>\n    \n    \n    \n<\/div><\/div>\n<\/div>\n\n\n\n<div class=\"tripletext-col bgcolor-grey \">\n            <span class=\"title\">Principales caracter\u00edsticas de los extraordinarios secadores Stalam para productos textiles t\u00e9cnicos<\/span>\n    \n    <div class=\"grid-3\">\n        <div class=\"col\">\n            <span class=\"title\">Generadores confiables y eficaces<\/span>\n            <p>Los generadores de RF est\u00e1n completamente dise\u00f1ados y fabricados por Stalam; son de tipo de \u00abcomponentes concentrados\u00bb (de alta resistencia), con una alta eficiencia (m\u00e1s del 70 % de tasa de conversi\u00f3n de energ\u00eda) y una confiabilidad excepcional; todos los componentes y los circuitos son de f\u00e1cil y r\u00e1pido acceso.<\/p>\n        <\/div>\n        <div class=\"col\">\n            <span class=\"title\">Sistema de refrigeraci\u00f3n completamente integrado<\/span>\n            <p>El sistema de refrigeraci\u00f3n de los generadores de RF est\u00e1 compuesto por un circuito de agua doble totalmente integrado y ha sido dise\u00f1ado para asegurar la m\u00e1xima vida \u00fatil de los triodos y no requiere mantenimiento peri\u00f3dico. Stalam tambi\u00e9n suministra, a pedido, generadores dotados de un sistema de refrigeraci\u00f3n de aire forzado (es una caracter\u00edstica est\u00e1ndar).<\/p>\n        <\/div>\n        <div class=\"col\">\n            <span class=\"title\">Sistema de electrodos\u200b fijo o con m\u00faltiples posiciones<\/span>\n            <p>Los secadores de Stalam no requieren subir o bajar continuamente el electrodo superior para ajustar la potencia de RF: el electrodo es fijo o se coloca autom\u00e1ticamente a alturas predeterminadas seg\u00fan el tama\u00f1o del producto que se debe secar.<\/p>\n        <\/div>\n    <\/div>\n<\/div>\n\n\n<div class=\"tripletext-col bgcolor-white \">\n    \n    <div class=\"grid-3\">\n        <div class=\"col\">\n            <span class=\"title\">Ajuste de potencia de RF controlado por PLC <\/span>\n            <p>El ajuste de potencia de RF se efect\u00faa mediante el PLC que controla la energ\u00eda suministrada para el secado del producto a trav\u00e9s de un condensador variable, situado en el propio generador de RF, de forma precisa y fiable. La intuitiva pantalla t\u00e1ctil HMI permite configurar r\u00e1pidamente y sin error los par\u00e1metros de secado m\u00e1s adecuados para cada producto.<\/p>\n        <\/div>\n        <div class=\"col\">\n            <span class=\"title\">Densidad de baja potencia<\/span>\n            <p>La densidad de potencia es realmente baja: de 5 a 15 kW(RF)\/m2 de superficie del electrodo. Por lo tanto, el proceso de calentamiento\/ evaporaci\u00f3n es extremadamente delicado y la calidad del producto secado aumenta notablemente.<\/p>\n        <\/div>\n        <div class=\"col\">\n            <span class=\"title\">Dise\u00f1o modular<\/span>\n            <p>El dise\u00f1o es modular, es decir, que los secadores de alta capacidad est\u00e1n formados por dos o m\u00e1s m\u00f3dulos de secado conectados en serie. En cualquier momento se pueden a\u00f1adir m\u00f3dulos adicionales al primero, lo que permite un gran ahorro en inversi\u00f3n de capital y espacio.<\/p>\n        <\/div>\n    <\/div>\n<\/div>\n\n\n<div class=\"tripletext-col bgcolor-grey \">\n    \n    <div class=\"grid-3\">\n        <div class=\"col\">\n            <span class=\"title\">Larga vida \u00fatil incluso en entornos arduos<\/span>\n            <p>Los materiales de fabricaci\u00f3n son principalmente acero inoxidable y aluminio para garantizar una larga vida \u00fatil del secador incluso en ambientes de trabajo dif\u00edciles. Todos los componentes el\u00e9ctricos y electr\u00f3nicos est\u00e1n sobredimensionados y se caracterizan por las mejores pr\u00e1cticas internacionales para garantizar el m\u00e1ximo nivel de confiabilidad.<\/p>\n        <\/div>\n        <div class=\"col\">\n            <span class=\"title\">Funcionamiento seguro<\/span>\n            <p>Adem\u00e1s del cumplimiento obligatorio de la vigente normativa de seguridad mec\u00e1nica y el\u00e9ctrica, los secadores RF de Stalam est\u00e1n equipados con un campo electromagn\u00e9tico espec\u00edfico que evita fugas y sistemas de supresi\u00f3n de interferencias de RF con el fin de cumplir con las m\u00e1s estrictas normas de compatibilidad electromagn\u00e9tica vigentes en los diferentes pa\u00edses.<\/p>\n        <\/div>\n        <div class=\"col\">\n            <span class=\"title\"><\/span>\n                    <\/div>\n    <\/div>\n<\/div>\n\n\n<div class=\"doubletext-col bgcolor-white \">\n            <span class=\"title\">Beneficios a simple vista<\/span>\n    \n    <div class=\"grid-2\">\n        <div class=\"col\">\n                        <ul>\n<li>Secado r\u00e1pido y uniforme<\/li>\n<li>Contenido de humedad residual perfectamente controlado (+\/-1 %)<\/li>\n<li>Ninguna influencia de las condiciones atmosf\u00e9ricas durante el secado<\/li>\n<li>No hay estr\u00e9s t\u00e9rmico o mec\u00e1nico en el sustrato<\/li>\n<li>No descolore, no amarillea y no hay ninguna migraci\u00f3n de productos qu\u00edmicos<\/li>\n<li>Tiempo m\u00ednimo de acondicionamiento<\/li>\n<li>Excelente flexibilidad operacional<\/li>\n<\/ul>\n        <\/div>\n        <div class=\"col\">\n                        <ul>\n<li>Construcci\u00f3n modular para satisfacer cualquier exigencia de producci\u00f3n<\/li>\n<li>Funcionamiento f\u00e1cil y respetuoso con el medio ambiente<\/li>\n<li>Funcionamiento en l\u00ednea y justo a tiempo<\/li>\n<li>Arranque\/parada inmediatos (sin la necesidad de calentarlo\/enfriarlo previamente)<\/li>\n<li>Fiabilidad extraordinaria incluso en entornos de trabajo rigurosos<\/li>\n<li>Funcionamiento gen\u00e9rico de bajo costo<\/li>\n<\/ul>\n        <\/div>\n    <\/div>\n<\/div>\n\n\n<div class=\"fascia-newsletter bgcolor-grey \">\n    <div class=\"container-newsletter\">\n                    <span class=\"title\">\u00bfLe gustar\u00eda conocer m\u00e1s sobre nuestras soluciones?<\/span>\n        \n                    <a href=\"https:\/\/www.stalam.com\/es\/informacion-requerida\/?area=Tecnico\" title=\"Solicitar Informaci\u00f3n\" class=\"btn btn-filled-r\">\n                Solicitar Informaci\u00f3n            <\/a>\n            <\/div>\n<\/div>\n\n","protected":false},"excerpt":{"rendered":"","protected":false},"author":1,"featured_media":0,"parent":0,"menu_order":140,"comment_status":"closed","ping_status":"closed","template":"","meta":{"_acf_changed":false,"content-type":"","footnotes":""},"class_list":["post-3774","page","type-page","status-publish","hentry"],"acf":[],"yoast_head":"<!-- This site is optimized with the Yoast SEO Premium plugin v23.9 (Yoast SEO v27.3) - https:\/\/yoast.com\/product\/yoast-seo-premium-wordpress\/ -->\n<title>Aplicaci\u00f3n de nuestra tecnolog\u00eda a T\u00e9cnico | Stalam<\/title>\n<meta name=\"description\" content=\"Descubre la aplicaci\u00f3n de nuestra tecnolog\u00eda de radiofrecuencia a T\u00e9cnico!\" \/>\n<meta name=\"robots\" content=\"index, follow, max-snippet:-1, max-image-preview:large, max-video-preview:-1\" \/>\n<link rel=\"canonical\" href=\"https:\/\/www.stalam.com\/es\/tecnico\/\" \/>\n<meta property=\"og:locale\" content=\"es_ES\" \/>\n<meta property=\"og:type\" content=\"article\" \/>\n<meta property=\"og:title\" content=\"Tecnico\" \/>\n<meta property=\"og:description\" content=\"Descubre la aplicaci\u00f3n de nuestra tecnolog\u00eda de radiofrecuencia a T\u00e9cnico!\" \/>\n<meta property=\"og:url\" content=\"https:\/\/www.stalam.com\/es\/tecnico\/\" \/>\n<meta property=\"og:site_name\" content=\"Stalam\" \/>\n<meta property=\"article:publisher\" content=\"https:\/\/www.facebook.com\/Stalam-184036235760438\/\" \/>\n<meta property=\"article:modified_time\" content=\"2025-05-27T07:28:05+00:00\" \/>\n<meta property=\"og:image\" content=\"https:\/\/www.stalam.com\/wp-content\/uploads\/2023\/06\/stalam-logo.png\" \/>\n\t<meta property=\"og:image:width\" content=\"634\" \/>\n\t<meta property=\"og:image:height\" content=\"176\" \/>\n\t<meta property=\"og:image:type\" content=\"image\/png\" \/>\n<meta name=\"twitter:card\" content=\"summary_large_image\" \/>\n<meta name=\"twitter:label1\" content=\"Tiempo de lectura\" \/>\n\t<meta name=\"twitter:data1\" content=\"1 minuto\" \/>\n<script type=\"application\/ld+json\" class=\"yoast-schema-graph\">{\"@context\":\"https:\\\/\\\/schema.org\",\"@graph\":[{\"@type\":\"WebPage\",\"@id\":\"https:\\\/\\\/www.stalam.com\\\/es\\\/tecnico\\\/\",\"url\":\"https:\\\/\\\/www.stalam.com\\\/es\\\/tecnico\\\/\",\"name\":\"Aplicaci\u00f3n de nuestra tecnolog\u00eda a T\u00e9cnico | Stalam\",\"isPartOf\":{\"@id\":\"https:\\\/\\\/www.stalam.com\\\/#website\"},\"datePublished\":\"2023-05-15T11:25:19+00:00\",\"dateModified\":\"2025-05-27T07:28:05+00:00\",\"description\":\"Descubre la aplicaci\u00f3n de nuestra tecnolog\u00eda de radiofrecuencia a T\u00e9cnico!\",\"breadcrumb\":{\"@id\":\"https:\\\/\\\/www.stalam.com\\\/es\\\/tecnico\\\/#breadcrumb\"},\"inLanguage\":\"es\",\"potentialAction\":[{\"@type\":\"ReadAction\",\"target\":[\"https:\\\/\\\/www.stalam.com\\\/es\\\/tecnico\\\/\"]}]},{\"@type\":\"BreadcrumbList\",\"@id\":\"https:\\\/\\\/www.stalam.com\\\/es\\\/tecnico\\\/#breadcrumb\",\"itemListElement\":[{\"@type\":\"ListItem\",\"position\":1,\"name\":\"Home\",\"item\":\"https:\\\/\\\/www.stalam.com\\\/es\\\/\"},{\"@type\":\"ListItem\",\"position\":2,\"name\":\"Tecnico\"}]},{\"@type\":\"WebSite\",\"@id\":\"https:\\\/\\\/www.stalam.com\\\/#website\",\"url\":\"https:\\\/\\\/www.stalam.com\\\/\",\"name\":\"Stalam\",\"description\":\"\",\"publisher\":{\"@id\":\"https:\\\/\\\/www.stalam.com\\\/#organization\"},\"potentialAction\":[{\"@type\":\"SearchAction\",\"target\":{\"@type\":\"EntryPoint\",\"urlTemplate\":\"https:\\\/\\\/www.stalam.com\\\/?s={search_term_string}\"},\"query-input\":{\"@type\":\"PropertyValueSpecification\",\"valueRequired\":true,\"valueName\":\"search_term_string\"}}],\"inLanguage\":\"es\"},{\"@type\":\"Organization\",\"@id\":\"https:\\\/\\\/www.stalam.com\\\/#organization\",\"name\":\"Stalam\",\"url\":\"https:\\\/\\\/www.stalam.com\\\/\",\"logo\":{\"@type\":\"ImageObject\",\"inLanguage\":\"es\",\"@id\":\"https:\\\/\\\/www.stalam.com\\\/#\\\/schema\\\/logo\\\/image\\\/\",\"url\":\"https:\\\/\\\/www.stalam.com\\\/wp-content\\\/uploads\\\/2023\\\/06\\\/stalam-logo.png\",\"contentUrl\":\"https:\\\/\\\/www.stalam.com\\\/wp-content\\\/uploads\\\/2023\\\/06\\\/stalam-logo.png\",\"width\":634,\"height\":176,\"caption\":\"Stalam\"},\"image\":{\"@id\":\"https:\\\/\\\/www.stalam.com\\\/#\\\/schema\\\/logo\\\/image\\\/\"},\"sameAs\":[\"https:\\\/\\\/www.facebook.com\\\/Stalam-184036235760438\\\/\",\"https:\\\/\\\/www.linkedin.com\\\/company\\\/stalam\\\/\",\"https:\\\/\\\/www.youtube.com\\\/channel\\\/UCcl2pZ10KrADorPJccCu43Q\"]}]}<\/script>\n<!-- \/ Yoast SEO Premium plugin. -->","yoast_head_json":{"title":"Aplicaci\u00f3n de nuestra tecnolog\u00eda a T\u00e9cnico | Stalam","description":"Descubre la aplicaci\u00f3n de nuestra tecnolog\u00eda de radiofrecuencia a T\u00e9cnico!","robots":{"index":"index","follow":"follow","max-snippet":"max-snippet:-1","max-image-preview":"max-image-preview:large","max-video-preview":"max-video-preview:-1"},"canonical":"https:\/\/www.stalam.com\/es\/tecnico\/","og_locale":"es_ES","og_type":"article","og_title":"Tecnico","og_description":"Descubre la aplicaci\u00f3n de nuestra tecnolog\u00eda de radiofrecuencia a T\u00e9cnico!","og_url":"https:\/\/www.stalam.com\/es\/tecnico\/","og_site_name":"Stalam","article_publisher":"https:\/\/www.facebook.com\/Stalam-184036235760438\/","article_modified_time":"2025-05-27T07:28:05+00:00","og_image":[{"width":634,"height":176,"url":"https:\/\/www.stalam.com\/wp-content\/uploads\/2023\/06\/stalam-logo.png","type":"image\/png"}],"twitter_card":"summary_large_image","twitter_misc":{"Tiempo de lectura":"1 minuto"},"schema":{"@context":"https:\/\/schema.org","@graph":[{"@type":"WebPage","@id":"https:\/\/www.stalam.com\/es\/tecnico\/","url":"https:\/\/www.stalam.com\/es\/tecnico\/","name":"Aplicaci\u00f3n de nuestra tecnolog\u00eda a T\u00e9cnico | Stalam","isPartOf":{"@id":"https:\/\/www.stalam.com\/#website"},"datePublished":"2023-05-15T11:25:19+00:00","dateModified":"2025-05-27T07:28:05+00:00","description":"Descubre la aplicaci\u00f3n de nuestra tecnolog\u00eda de radiofrecuencia a T\u00e9cnico!","breadcrumb":{"@id":"https:\/\/www.stalam.com\/es\/tecnico\/#breadcrumb"},"inLanguage":"es","potentialAction":[{"@type":"ReadAction","target":["https:\/\/www.stalam.com\/es\/tecnico\/"]}]},{"@type":"BreadcrumbList","@id":"https:\/\/www.stalam.com\/es\/tecnico\/#breadcrumb","itemListElement":[{"@type":"ListItem","position":1,"name":"Home","item":"https:\/\/www.stalam.com\/es\/"},{"@type":"ListItem","position":2,"name":"Tecnico"}]},{"@type":"WebSite","@id":"https:\/\/www.stalam.com\/#website","url":"https:\/\/www.stalam.com\/","name":"Stalam","description":"","publisher":{"@id":"https:\/\/www.stalam.com\/#organization"},"potentialAction":[{"@type":"SearchAction","target":{"@type":"EntryPoint","urlTemplate":"https:\/\/www.stalam.com\/?s={search_term_string}"},"query-input":{"@type":"PropertyValueSpecification","valueRequired":true,"valueName":"search_term_string"}}],"inLanguage":"es"},{"@type":"Organization","@id":"https:\/\/www.stalam.com\/#organization","name":"Stalam","url":"https:\/\/www.stalam.com\/","logo":{"@type":"ImageObject","inLanguage":"es","@id":"https:\/\/www.stalam.com\/#\/schema\/logo\/image\/","url":"https:\/\/www.stalam.com\/wp-content\/uploads\/2023\/06\/stalam-logo.png","contentUrl":"https:\/\/www.stalam.com\/wp-content\/uploads\/2023\/06\/stalam-logo.png","width":634,"height":176,"caption":"Stalam"},"image":{"@id":"https:\/\/www.stalam.com\/#\/schema\/logo\/image\/"},"sameAs":["https:\/\/www.facebook.com\/Stalam-184036235760438\/","https:\/\/www.linkedin.com\/company\/stalam\/","https:\/\/www.youtube.com\/channel\/UCcl2pZ10KrADorPJccCu43Q"]}]}},"_links":{"self":[{"href":"https:\/\/www.stalam.com\/es\/wp-json\/wp\/v2\/pages\/3774","targetHints":{"allow":["GET"]}}],"collection":[{"href":"https:\/\/www.stalam.com\/es\/wp-json\/wp\/v2\/pages"}],"about":[{"href":"https:\/\/www.stalam.com\/es\/wp-json\/wp\/v2\/types\/page"}],"author":[{"embeddable":true,"href":"https:\/\/www.stalam.com\/es\/wp-json\/wp\/v2\/users\/1"}],"replies":[{"embeddable":true,"href":"https:\/\/www.stalam.com\/es\/wp-json\/wp\/v2\/comments?post=3774"}],"version-history":[{"count":9,"href":"https:\/\/www.stalam.com\/es\/wp-json\/wp\/v2\/pages\/3774\/revisions"}],"predecessor-version":[{"id":15165,"href":"https:\/\/www.stalam.com\/es\/wp-json\/wp\/v2\/pages\/3774\/revisions\/15165"}],"wp:attachment":[{"href":"https:\/\/www.stalam.com\/es\/wp-json\/wp\/v2\/media?parent=3774"}],"curies":[{"name":"wp","href":"https:\/\/api.w.org\/{rel}","templated":true}]}}