{"id":3775,"date":"2023-05-22T10:13:46","date_gmt":"2023-05-22T08:13:46","guid":{"rendered":"https:\/\/www.stalam.com\/tecnico\/essiccatoi-per-feltri-e-altri-non-tessuti\/"},"modified":"2025-06-10T14:38:48","modified_gmt":"2025-06-10T12:38:48","slug":"secadores-de-fieltros-y-otros-textiles-no-tejidos","status":"publish","type":"page","link":"https:\/\/www.stalam.com\/es\/tecnico\/secadores-de-fieltros-y-otros-textiles-no-tejidos\/","title":{"rendered":"Secadores de fieltros y otros textiles no tejidos"},"content":{"rendered":"\n<div class=\"fascia-bread-title bgcolor-grey \">\n    <div class=\"container-fascia-bread-title\">\n        <p id=\"breadcrumbs\"><span><span><a href=\"https:\/\/www.stalam.com\/es\/\">Home<\/a><\/span><\/span><\/p>                    <span class=\"title\">TECNICO<\/span>\n                <h1 class=\"title-big\">Secadores de fieltros y otros textiles no tejidos<\/h1>\n    <\/div>\n<\/div>\n\n\n\n<div class=\"fascia-img-header\">\n    <img loading=\"lazy\" decoding=\"async\" src=\"https:\/\/www.stalam.com\/wp-content\/uploads\/2023\/05\/Felts-non-wovens-3.jpg\" alt=\"\" width=\"600\" height=\"400\">\n<\/div>\n\n\n\n\n<div class=\"wp-block-columns col-fullwidth is-layout-flex wp-container-core-columns-is-layout-9d6595d7 wp-block-columns-is-layout-flex\">\n<div class=\"wp-block-column is-layout-flow wp-block-column-is-layout-flow\" style=\"flex-basis:33.33%\"><div class=\"sidebar-prodotti-container\"><div class=\"topbar-prodotti\" id=\"topbar\"><ul><li class=\"page_item page-item-3777 page_item_has_children\"><a href=\"https:\/\/www.stalam.com\/es\/tecnico\/secadores-para-fibra-de-vidrio\/\">Secadores para fibra de vidrio<\/a><\/li>\n<li class=\"page_item page-item-3779 page_item_has_children\"><a href=\"https:\/\/www.stalam.com\/es\/tecnico\/aparatos-de-vulcanizacion-y-secadores-para-latex-sbr-y-otras-espumas-de-polimeros\/\">Aparatos de vulcanizaci\u00f3n y secadores para l\u00e1tex, SBR y otras espumas de pol\u00edmeros<\/a><\/li>\n<li class=\"page_item page-item-3775 page_item_has_children\"><a href=\"https:\/\/www.stalam.com\/es\/tecnico\/secadores-de-fieltros-y-otros-textiles-no-tejidos\/\">Secadores de fieltros y otros textiles no tejidos<\/a><\/li>\n<li class=\"page_item page-item-3782\"><a href=\"https:\/\/www.stalam.com\/es\/tecnico\/otras-aplicaciones-en-textiles-tecnicos\/\">Otras aplicaciones en textiles t\u00e9cnicos<\/a><\/li>\n<a href=\"https:\/\/www.stalam.com\/richiesta-catalogo\/\" class=\"btn btn-filled-r\">Descargar cat\u00e1logo<\/a><\/ul><\/div><div class=\"sidebar-prodotti-left\"><p class=\"grandparent-page\">Tecnico<\/p><ul><li class=\"page_item page-item-3777 page_item_has_children\"><a href=\"https:\/\/www.stalam.com\/es\/tecnico\/secadores-para-fibra-de-vidrio\/\">Secadores para fibra de vidrio<\/a>\n<ul class='children'>\n\t<li class=\"page_item page-item-3778\"><a href=\"https:\/\/www.stalam.com\/es\/tecnico\/secadores-para-fibra-de-vidrio\/secadores-de-rf-para-fibra-de-vidrio\/\">Secadores de RF para fibra de vidrio<\/a><\/li>\n<\/ul>\n<\/li>\n<li class=\"page_item page-item-3779 page_item_has_children\"><a href=\"https:\/\/www.stalam.com\/es\/tecnico\/aparatos-de-vulcanizacion-y-secadores-para-latex-sbr-y-otras-espumas-de-polimeros\/\">Aparatos de vulcanizaci\u00f3n y secadores para l\u00e1tex, SBR y otras espumas de pol\u00edmeros<\/a>\n<ul class='children'>\n\t<li class=\"page_item page-item-3780\"><a href=\"https:\/\/www.stalam.com\/es\/tecnico\/aparatos-de-vulcanizacion-y-secadores-para-latex-sbr-y-otras-espumas-de-polimeros\/secadores-para-latex-y-otras-espumas-de-polimeros\/\">Secadores para l\u00e1tex y otras espumas de pol\u00edmeros<\/a><\/li>\n\t<li class=\"page_item page-item-3781\"><a href=\"https:\/\/www.stalam.com\/es\/tecnico\/aparatos-de-vulcanizacion-y-secadores-para-latex-sbr-y-otras-espumas-de-polimeros\/aparatos-de-vulcanizacion-de-rf-para-latex-natural-y-espuma-de-sbr\/\">Aparatos de vulcanizaci\u00f3n de RF para l\u00e1tex natural y espuma de SBR<\/a><\/li>\n<\/ul>\n<\/li>\n<li class=\"page_item page-item-3775 page_item_has_children\"><a href=\"https:\/\/www.stalam.com\/es\/tecnico\/secadores-de-fieltros-y-otros-textiles-no-tejidos\/\">Secadores de fieltros y otros textiles no tejidos<\/a>\n<ul class='children'>\n\t<li class=\"page_item page-item-3776\"><a href=\"https:\/\/www.stalam.com\/es\/tecnico\/secadores-de-fieltros-y-otros-textiles-no-tejidos\/secadores-de-fieltros-y-otros-textiles-no-tejidos\/\">Secadores de fieltros y otros textiles no tejidos<\/a><\/li>\n<\/ul>\n<\/li>\n<li class=\"page_item page-item-3782\"><a href=\"https:\/\/www.stalam.com\/es\/tecnico\/otras-aplicaciones-en-textiles-tecnicos\/\">Otras aplicaciones en textiles t\u00e9cnicos<\/a><\/li>\n<a href=\"https:\/\/www.stalam.com\/richiesta-catalogo\/\" class=\"btn btn-filled-r\">Descargar cat\u00e1logo<\/a><\/ul><\/div><\/div>\n<\/div>\n\n\n\n<div class=\"wp-block-column is-layout-flow wp-block-column-is-layout-flow\" style=\"flex-basis:66.66%\"><div class=\"fascia-testo-dimg-vantaggi\">\n    <p>A menudo, los fieltros y los textiles no tejidos son densos y gruesos. Los sistemas de secado tradicionales basados en la circulaci\u00f3n de aire caliente no son eficientes en transferir la energ\u00eda necesaria para la evaporaci\u00f3n del agua o posibles reacciones qu\u00edmicas (por ejemplo, la fusi\u00f3n o el termoendurecimiento de resinas) a las capas internas del producto.<\/p>\n<p>&nbsp;<\/p>\n<p>Por lo tanto, estos secadores pueden ser muy largos y, en algunos casos, el proceso de secado es tan lento que no puede llevarse a cabo en l\u00ednea, sino solo en hornos por lotes. Por ejemplo, los discos de fieltro de lana con un grosor de entre 6 a 12 cm que se utilizan en la industria de la automoci\u00f3n para pulir carrocer\u00eda, necesitan varios d\u00edas para secarse, despu\u00e9s de la impregnaci\u00f3n, en armarios de aire caliente.<\/p>\n<p>&nbsp;<\/p>\n<p>El secado de radiofrecuencia supera dichas dificultades y permite secar tambi\u00e9n estos productos de forma r\u00e1pida, eficiente y con resultados con calidad extraordinaria (sin deteriorar la superficie debido a un sobrecalentamiento, sin manchas de humedad, sin migraci\u00f3n de productos qu\u00edmicos, etc.). Los discos de fieltro mencionados se pueden secar en tan solo 2 horas.<\/p>\n\n    \n    \n    \n<\/div><\/div>\n<\/div>\n\n\n\n<div class=\"fascia-prodotti bgcolor-grey \">\n    <div class=\"container-prodotti\">\n        \n            <div class=\"prodotti-card\">\n    <img decoding=\"async\" loading=\"lazy\" src=\"https:\/\/www.stalam.com\/wp-content\/uploads\/2023\/05\/RF60kW_felts-2.jpg\" alt=\"\" width=\"600\" height=\"400\">\n\n    <div class=\"flex-text\">\n        <p>TECNICO<\/p>\n        <span class=\"text-bold\">Secadores de fieltros y otros textiles no tejidos <\/span>\n        <p>Secadores RF de fieltros y otros textiles no tejidos<\/p>\n        <a href=\"\/es\/tecnico\/secadores-de-fieltros-y-otros-textiles-no-tejidos\/secadores-de-fieltros-y-otros-textiles-no-tejidos\/\" title=\"DESCUBRIR M\u00c1S\" class=\"btn btn-filled-r\">\n            DESCUBRIR M\u00c1S        <\/a>\n    <\/div>\n<\/div>\n\n\n            <\/div>\n<\/div>\n\n\n<div class=\"images-slider-container\">\n\n    <span class=\"title\">Galer\u00eda de fotos<\/span>\n\n    <div class=\"images-slider__row\">\n                    <div class=\"images-slider__single\">\n                <div class=\"images-slider__single-contents\">\n                    <img data-flickity-lazyload=\"https:\/\/www.stalam.com\/wp-content\/uploads\/2023\/05\/RF60kW_felts-1.jpg\" class=\"skip-lazy\" alt=\"slider image\" width=\"400\" height=\"600\" \/>\n                    Secadores de fieltro                <\/div>\n\n            <\/div>\n                    <div class=\"images-slider__single\">\n                <div class=\"images-slider__single-contents\">\n                    <img data-flickity-lazyload=\"https:\/\/www.stalam.com\/wp-content\/uploads\/2023\/05\/IMG_20160829_150212.jpg\" class=\"skip-lazy\" alt=\"slider image\" width=\"400\" height=\"600\" \/>\n                    Secadores para otras telas no tejidas                <\/div>\n\n            <\/div>\n                    <div class=\"images-slider__single\">\n                <div class=\"images-slider__single-contents\">\n                    <img data-flickity-lazyload=\"https:\/\/www.stalam.com\/wp-content\/uploads\/2023\/05\/feltro-1.jpg\" class=\"skip-lazy\" alt=\"slider image\" width=\"400\" height=\"600\" \/>\n                    Secadores de fieltro                <\/div>\n\n            <\/div>\n        \n    <\/div>\n<\/div>\n\n\n\n<div class=\"fascia-newsletter bgcolor-grey \">\n    <div class=\"container-newsletter\">\n                    <span class=\"title\">\u00bfLe gustar\u00eda conocer m\u00e1s sobre nuestras soluciones?<\/span>\n        \n                    <a href=\"https:\/\/www.stalam.com\/es\/informacion-requerida\/?area=Tecnico&#038;prodotto=Secadores de fieltros\" title=\"Solicitar informaci\u00f3n\" class=\"btn btn-filled-r\">\n                Solicitar informaci\u00f3n            <\/a>\n            <\/div>\n<\/div>\n\n","protected":false},"excerpt":{"rendered":"","protected":false},"author":1,"featured_media":0,"parent":3774,"menu_order":3,"comment_status":"closed","ping_status":"closed","template":"","meta":{"_acf_changed":false,"content-type":"","footnotes":""},"class_list":["post-3775","page","type-page","status-publish","hentry"],"acf":[],"yoast_head":"<!-- This site is optimized with the Yoast SEO Premium plugin v23.9 (Yoast SEO v27.3) - https:\/\/yoast.com\/product\/yoast-seo-premium-wordpress\/ -->\n<title>Secadores de fieltros y otros textiles no tejidos, Productos y Servicios | Stalam<\/title>\n<meta name=\"description\" content=\"Descubre la aplicaci\u00f3n de nuestra tecnolog\u00eda de radiofrecuencia a secadores de fieltros y otros textiles no tejidos\" \/>\n<meta name=\"robots\" content=\"index, follow, max-snippet:-1, max-image-preview:large, max-video-preview:-1\" \/>\n<link rel=\"canonical\" href=\"https:\/\/www.stalam.com\/es\/tecnico\/secadores-de-fieltros-y-otros-textiles-no-tejidos\/\" \/>\n<meta property=\"og:locale\" content=\"es_ES\" \/>\n<meta property=\"og:type\" content=\"article\" \/>\n<meta property=\"og:title\" content=\"Secadores de fieltros y otros textiles no tejidos\" \/>\n<meta property=\"og:description\" content=\"Descubre la aplicaci\u00f3n de nuestra tecnolog\u00eda de radiofrecuencia a secadores de fieltros y otros textiles no tejidos\" \/>\n<meta property=\"og:url\" content=\"https:\/\/www.stalam.com\/es\/tecnico\/secadores-de-fieltros-y-otros-textiles-no-tejidos\/\" \/>\n<meta property=\"og:site_name\" content=\"Stalam\" \/>\n<meta property=\"article:publisher\" content=\"https:\/\/www.facebook.com\/Stalam-184036235760438\/\" \/>\n<meta property=\"article:modified_time\" content=\"2025-06-10T12:38:48+00:00\" \/>\n<meta property=\"og:image\" content=\"https:\/\/www.stalam.com\/wp-content\/uploads\/2023\/06\/stalam-logo.png\" \/>\n\t<meta property=\"og:image:width\" content=\"634\" \/>\n\t<meta property=\"og:image:height\" content=\"176\" \/>\n\t<meta property=\"og:image:type\" content=\"image\/png\" \/>\n<meta name=\"twitter:card\" content=\"summary_large_image\" \/>\n<meta name=\"twitter:label1\" content=\"Tiempo de lectura\" \/>\n\t<meta name=\"twitter:data1\" content=\"1 minuto\" \/>\n<script type=\"application\/ld+json\" class=\"yoast-schema-graph\">{\"@context\":\"https:\\\/\\\/schema.org\",\"@graph\":[{\"@type\":\"WebPage\",\"@id\":\"https:\\\/\\\/www.stalam.com\\\/es\\\/tecnico\\\/secadores-de-fieltros-y-otros-textiles-no-tejidos\\\/\",\"url\":\"https:\\\/\\\/www.stalam.com\\\/es\\\/tecnico\\\/secadores-de-fieltros-y-otros-textiles-no-tejidos\\\/\",\"name\":\"Secadores de fieltros y otros textiles no tejidos, Productos y Servicios | Stalam\",\"isPartOf\":{\"@id\":\"https:\\\/\\\/www.stalam.com\\\/#website\"},\"datePublished\":\"2023-05-22T08:13:46+00:00\",\"dateModified\":\"2025-06-10T12:38:48+00:00\",\"description\":\"Descubre la aplicaci\u00f3n de nuestra tecnolog\u00eda de radiofrecuencia a secadores de fieltros y otros textiles no tejidos\",\"breadcrumb\":{\"@id\":\"https:\\\/\\\/www.stalam.com\\\/es\\\/tecnico\\\/secadores-de-fieltros-y-otros-textiles-no-tejidos\\\/#breadcrumb\"},\"inLanguage\":\"es\",\"potentialAction\":[{\"@type\":\"ReadAction\",\"target\":[\"https:\\\/\\\/www.stalam.com\\\/es\\\/tecnico\\\/secadores-de-fieltros-y-otros-textiles-no-tejidos\\\/\"]}]},{\"@type\":\"BreadcrumbList\",\"@id\":\"https:\\\/\\\/www.stalam.com\\\/es\\\/tecnico\\\/secadores-de-fieltros-y-otros-textiles-no-tejidos\\\/#breadcrumb\",\"itemListElement\":[{\"@type\":\"ListItem\",\"position\":1,\"name\":\"Home\",\"item\":\"https:\\\/\\\/www.stalam.com\\\/es\\\/\"},{\"@type\":\"ListItem\",\"position\":2,\"name\":\"Tecnico\",\"item\":\"https:\\\/\\\/www.stalam.com\\\/es\\\/tecnico\\\/\"},{\"@type\":\"ListItem\",\"position\":3,\"name\":\"Secadores de fieltros y otros textiles no tejidos\"}]},{\"@type\":\"WebSite\",\"@id\":\"https:\\\/\\\/www.stalam.com\\\/#website\",\"url\":\"https:\\\/\\\/www.stalam.com\\\/\",\"name\":\"Stalam\",\"description\":\"\",\"publisher\":{\"@id\":\"https:\\\/\\\/www.stalam.com\\\/#organization\"},\"potentialAction\":[{\"@type\":\"SearchAction\",\"target\":{\"@type\":\"EntryPoint\",\"urlTemplate\":\"https:\\\/\\\/www.stalam.com\\\/?s={search_term_string}\"},\"query-input\":{\"@type\":\"PropertyValueSpecification\",\"valueRequired\":true,\"valueName\":\"search_term_string\"}}],\"inLanguage\":\"es\"},{\"@type\":\"Organization\",\"@id\":\"https:\\\/\\\/www.stalam.com\\\/#organization\",\"name\":\"Stalam\",\"url\":\"https:\\\/\\\/www.stalam.com\\\/\",\"logo\":{\"@type\":\"ImageObject\",\"inLanguage\":\"es\",\"@id\":\"https:\\\/\\\/www.stalam.com\\\/#\\\/schema\\\/logo\\\/image\\\/\",\"url\":\"https:\\\/\\\/www.stalam.com\\\/wp-content\\\/uploads\\\/2023\\\/06\\\/stalam-logo.png\",\"contentUrl\":\"https:\\\/\\\/www.stalam.com\\\/wp-content\\\/uploads\\\/2023\\\/06\\\/stalam-logo.png\",\"width\":634,\"height\":176,\"caption\":\"Stalam\"},\"image\":{\"@id\":\"https:\\\/\\\/www.stalam.com\\\/#\\\/schema\\\/logo\\\/image\\\/\"},\"sameAs\":[\"https:\\\/\\\/www.facebook.com\\\/Stalam-184036235760438\\\/\",\"https:\\\/\\\/www.linkedin.com\\\/company\\\/stalam\\\/\",\"https:\\\/\\\/www.youtube.com\\\/channel\\\/UCcl2pZ10KrADorPJccCu43Q\"]}]}<\/script>\n<!-- \/ Yoast SEO Premium plugin. -->","yoast_head_json":{"title":"Secadores de fieltros y otros textiles no tejidos, Productos y Servicios | Stalam","description":"Descubre la aplicaci\u00f3n de nuestra tecnolog\u00eda de radiofrecuencia a secadores de fieltros y otros textiles no tejidos","robots":{"index":"index","follow":"follow","max-snippet":"max-snippet:-1","max-image-preview":"max-image-preview:large","max-video-preview":"max-video-preview:-1"},"canonical":"https:\/\/www.stalam.com\/es\/tecnico\/secadores-de-fieltros-y-otros-textiles-no-tejidos\/","og_locale":"es_ES","og_type":"article","og_title":"Secadores de fieltros y otros textiles no tejidos","og_description":"Descubre la aplicaci\u00f3n de nuestra tecnolog\u00eda de radiofrecuencia a secadores de fieltros y otros textiles no tejidos","og_url":"https:\/\/www.stalam.com\/es\/tecnico\/secadores-de-fieltros-y-otros-textiles-no-tejidos\/","og_site_name":"Stalam","article_publisher":"https:\/\/www.facebook.com\/Stalam-184036235760438\/","article_modified_time":"2025-06-10T12:38:48+00:00","og_image":[{"width":634,"height":176,"url":"https:\/\/www.stalam.com\/wp-content\/uploads\/2023\/06\/stalam-logo.png","type":"image\/png"}],"twitter_card":"summary_large_image","twitter_misc":{"Tiempo de lectura":"1 minuto"},"schema":{"@context":"https:\/\/schema.org","@graph":[{"@type":"WebPage","@id":"https:\/\/www.stalam.com\/es\/tecnico\/secadores-de-fieltros-y-otros-textiles-no-tejidos\/","url":"https:\/\/www.stalam.com\/es\/tecnico\/secadores-de-fieltros-y-otros-textiles-no-tejidos\/","name":"Secadores de fieltros y otros textiles no tejidos, Productos y Servicios | Stalam","isPartOf":{"@id":"https:\/\/www.stalam.com\/#website"},"datePublished":"2023-05-22T08:13:46+00:00","dateModified":"2025-06-10T12:38:48+00:00","description":"Descubre la aplicaci\u00f3n de nuestra tecnolog\u00eda de radiofrecuencia a secadores de fieltros y otros textiles no tejidos","breadcrumb":{"@id":"https:\/\/www.stalam.com\/es\/tecnico\/secadores-de-fieltros-y-otros-textiles-no-tejidos\/#breadcrumb"},"inLanguage":"es","potentialAction":[{"@type":"ReadAction","target":["https:\/\/www.stalam.com\/es\/tecnico\/secadores-de-fieltros-y-otros-textiles-no-tejidos\/"]}]},{"@type":"BreadcrumbList","@id":"https:\/\/www.stalam.com\/es\/tecnico\/secadores-de-fieltros-y-otros-textiles-no-tejidos\/#breadcrumb","itemListElement":[{"@type":"ListItem","position":1,"name":"Home","item":"https:\/\/www.stalam.com\/es\/"},{"@type":"ListItem","position":2,"name":"Tecnico","item":"https:\/\/www.stalam.com\/es\/tecnico\/"},{"@type":"ListItem","position":3,"name":"Secadores de fieltros y otros textiles no tejidos"}]},{"@type":"WebSite","@id":"https:\/\/www.stalam.com\/#website","url":"https:\/\/www.stalam.com\/","name":"Stalam","description":"","publisher":{"@id":"https:\/\/www.stalam.com\/#organization"},"potentialAction":[{"@type":"SearchAction","target":{"@type":"EntryPoint","urlTemplate":"https:\/\/www.stalam.com\/?s={search_term_string}"},"query-input":{"@type":"PropertyValueSpecification","valueRequired":true,"valueName":"search_term_string"}}],"inLanguage":"es"},{"@type":"Organization","@id":"https:\/\/www.stalam.com\/#organization","name":"Stalam","url":"https:\/\/www.stalam.com\/","logo":{"@type":"ImageObject","inLanguage":"es","@id":"https:\/\/www.stalam.com\/#\/schema\/logo\/image\/","url":"https:\/\/www.stalam.com\/wp-content\/uploads\/2023\/06\/stalam-logo.png","contentUrl":"https:\/\/www.stalam.com\/wp-content\/uploads\/2023\/06\/stalam-logo.png","width":634,"height":176,"caption":"Stalam"},"image":{"@id":"https:\/\/www.stalam.com\/#\/schema\/logo\/image\/"},"sameAs":["https:\/\/www.facebook.com\/Stalam-184036235760438\/","https:\/\/www.linkedin.com\/company\/stalam\/","https:\/\/www.youtube.com\/channel\/UCcl2pZ10KrADorPJccCu43Q"]}]}},"_links":{"self":[{"href":"https:\/\/www.stalam.com\/es\/wp-json\/wp\/v2\/pages\/3775","targetHints":{"allow":["GET"]}}],"collection":[{"href":"https:\/\/www.stalam.com\/es\/wp-json\/wp\/v2\/pages"}],"about":[{"href":"https:\/\/www.stalam.com\/es\/wp-json\/wp\/v2\/types\/page"}],"author":[{"embeddable":true,"href":"https:\/\/www.stalam.com\/es\/wp-json\/wp\/v2\/users\/1"}],"replies":[{"embeddable":true,"href":"https:\/\/www.stalam.com\/es\/wp-json\/wp\/v2\/comments?post=3775"}],"version-history":[{"count":11,"href":"https:\/\/www.stalam.com\/es\/wp-json\/wp\/v2\/pages\/3775\/revisions"}],"predecessor-version":[{"id":15409,"href":"https:\/\/www.stalam.com\/es\/wp-json\/wp\/v2\/pages\/3775\/revisions\/15409"}],"up":[{"embeddable":true,"href":"https:\/\/www.stalam.com\/es\/wp-json\/wp\/v2\/pages\/3774"}],"wp:attachment":[{"href":"https:\/\/www.stalam.com\/es\/wp-json\/wp\/v2\/media?parent=3775"}],"curies":[{"name":"wp","href":"https:\/\/api.w.org\/{rel}","templated":true}]}}