{"id":3777,"date":"2023-05-22T10:13:45","date_gmt":"2023-05-22T08:13:45","guid":{"rendered":"https:\/\/www.stalam.com\/tecnico\/essiccatoi-per-fibra-di-vetro\/"},"modified":"2025-06-10T14:36:13","modified_gmt":"2025-06-10T12:36:13","slug":"secadores-para-fibra-de-vidrio","status":"publish","type":"page","link":"https:\/\/www.stalam.com\/es\/tecnico\/secadores-para-fibra-de-vidrio\/","title":{"rendered":"Secadores para fibra de vidrio"},"content":{"rendered":"\n<div class=\"fascia-bread-title bgcolor-grey \">\n    <div class=\"container-fascia-bread-title\">\n        <p id=\"breadcrumbs\"><span><span><a href=\"https:\/\/www.stalam.com\/es\/\">Home<\/a><\/span><\/span><\/p>                    <span class=\"title\">TECNICO<\/span>\n                <h1 class=\"title-big\">Secadores para fibra de vidrio<\/h1>\n    <\/div>\n<\/div>\n\n\n\n<div class=\"fascia-img-header\">\n    <img loading=\"lazy\" decoding=\"async\" src=\"https:\/\/www.stalam.com\/wp-content\/uploads\/2023\/05\/Dryers-for-glass-fibres-4-1.jpg\" alt=\"\" width=\"600\" height=\"400\">\n<\/div>\n\n\n\n\n<div class=\"wp-block-columns col-fullwidth is-layout-flex wp-container-core-columns-is-layout-9d6595d7 wp-block-columns-is-layout-flex\">\n<div class=\"wp-block-column is-layout-flow wp-block-column-is-layout-flow\" style=\"flex-basis:33.33%\"><div class=\"sidebar-prodotti-container\"><div class=\"topbar-prodotti\" id=\"topbar\"><ul><li class=\"page_item page-item-3777 page_item_has_children\"><a href=\"https:\/\/www.stalam.com\/es\/tecnico\/secadores-para-fibra-de-vidrio\/\">Secadores para fibra de vidrio<\/a><\/li>\n<li class=\"page_item page-item-3779 page_item_has_children\"><a href=\"https:\/\/www.stalam.com\/es\/tecnico\/aparatos-de-vulcanizacion-y-secadores-para-latex-sbr-y-otras-espumas-de-polimeros\/\">Aparatos de vulcanizaci\u00f3n y secadores para l\u00e1tex, SBR y otras espumas de pol\u00edmeros<\/a><\/li>\n<li class=\"page_item page-item-3775 page_item_has_children\"><a href=\"https:\/\/www.stalam.com\/es\/tecnico\/secadores-de-fieltros-y-otros-textiles-no-tejidos\/\">Secadores de fieltros y otros textiles no tejidos<\/a><\/li>\n<li class=\"page_item page-item-3782\"><a href=\"https:\/\/www.stalam.com\/es\/tecnico\/otras-aplicaciones-en-textiles-tecnicos\/\">Otras aplicaciones en textiles t\u00e9cnicos<\/a><\/li>\n<a href=\"https:\/\/www.stalam.com\/richiesta-catalogo\/\" class=\"btn btn-filled-r\">Descargar cat\u00e1logo<\/a><\/ul><\/div><div class=\"sidebar-prodotti-left\"><p class=\"grandparent-page\">Tecnico<\/p><ul><li class=\"page_item page-item-3777 page_item_has_children\"><a href=\"https:\/\/www.stalam.com\/es\/tecnico\/secadores-para-fibra-de-vidrio\/\">Secadores para fibra de vidrio<\/a>\n<ul class='children'>\n\t<li class=\"page_item page-item-3778\"><a href=\"https:\/\/www.stalam.com\/es\/tecnico\/secadores-para-fibra-de-vidrio\/secadores-de-rf-para-fibra-de-vidrio\/\">Secadores de RF para fibra de vidrio<\/a><\/li>\n<\/ul>\n<\/li>\n<li class=\"page_item page-item-3779 page_item_has_children\"><a href=\"https:\/\/www.stalam.com\/es\/tecnico\/aparatos-de-vulcanizacion-y-secadores-para-latex-sbr-y-otras-espumas-de-polimeros\/\">Aparatos de vulcanizaci\u00f3n y secadores para l\u00e1tex, SBR y otras espumas de pol\u00edmeros<\/a>\n<ul class='children'>\n\t<li class=\"page_item page-item-3780\"><a href=\"https:\/\/www.stalam.com\/es\/tecnico\/aparatos-de-vulcanizacion-y-secadores-para-latex-sbr-y-otras-espumas-de-polimeros\/secadores-para-latex-y-otras-espumas-de-polimeros\/\">Secadores para l\u00e1tex y otras espumas de pol\u00edmeros<\/a><\/li>\n\t<li class=\"page_item page-item-3781\"><a href=\"https:\/\/www.stalam.com\/es\/tecnico\/aparatos-de-vulcanizacion-y-secadores-para-latex-sbr-y-otras-espumas-de-polimeros\/aparatos-de-vulcanizacion-de-rf-para-latex-natural-y-espuma-de-sbr\/\">Aparatos de vulcanizaci\u00f3n de RF para l\u00e1tex natural y espuma de SBR<\/a><\/li>\n<\/ul>\n<\/li>\n<li class=\"page_item page-item-3775 page_item_has_children\"><a href=\"https:\/\/www.stalam.com\/es\/tecnico\/secadores-de-fieltros-y-otros-textiles-no-tejidos\/\">Secadores de fieltros y otros textiles no tejidos<\/a>\n<ul class='children'>\n\t<li class=\"page_item page-item-3776\"><a href=\"https:\/\/www.stalam.com\/es\/tecnico\/secadores-de-fieltros-y-otros-textiles-no-tejidos\/secadores-de-fieltros-y-otros-textiles-no-tejidos\/\">Secadores de fieltros y otros textiles no tejidos<\/a><\/li>\n<\/ul>\n<\/li>\n<li class=\"page_item page-item-3782\"><a href=\"https:\/\/www.stalam.com\/es\/tecnico\/otras-aplicaciones-en-textiles-tecnicos\/\">Otras aplicaciones en textiles t\u00e9cnicos<\/a><\/li>\n<a href=\"https:\/\/www.stalam.com\/richiesta-catalogo\/\" class=\"btn btn-filled-r\">Descargar cat\u00e1logo<\/a><\/ul><\/div><\/div>\n<\/div>\n\n\n\n<div class=\"wp-block-column is-layout-flow wp-block-column-is-layout-flow\" style=\"flex-basis:66.66%\"><div class=\"fascia-testo-dimg-vantaggi\">\n    <p>Stalam ofrece una amplia gama de equipos de radiofrecuencia especialmente dise\u00f1ados para el secado de las fibras de vidrio de distintas formas: principalmente mechas directas, mechas montadas, hilos e hilos cortados.<\/p>\n<p>&nbsp;<\/p>\n<p>Mechones directos con bobinado de precisi\u00f3n con un peso de hasta 40 kg cada uno, colocados vertical u horizontalmente en la cinta transportadora del secador de RF sobre estructuras de sujeci\u00f3n adecuadas de madera o material compuesto (dise\u00f1adas para los sistemas de manipulaci\u00f3n automatizada y transporte utilizados en la f\u00e1brica) se pueden secar hasta obtener un contenido de humedad residual inferior a un 0,1 % en un tiempo aproximado de 2-4 horas (dependiendo de la densidad del devanado y el recuento de fibras), en lugar de las 20-30 horas que generalmente necesitan los hornos tradicionales de circulaci\u00f3n de aire caliente. La ampliaci\u00f3n longitudinal (transversal) de las mechas durante el proceso no supera los 2-3 mm y no hay migraci\u00f3n hacia las capas exteriores del mech\u00f3n de los qu\u00edmicos del acabado (resinas, almid\u00f3n, lubricantes, etc.) ni tampoco un efecto de amarilleado de la superficie, un inconveniente t\u00edpico del secado convencional.<\/p>\n<p>El contenido de humedad residual de las mechas montadas puede controlarse con precisi\u00f3n mediante un campo de radiofrecuencia adaptado convenientemente, obteniendo, al mismo tiempo, la formaci\u00f3n de cintas para las fibras.<\/p>\n<p>&nbsp;<\/p>\n<p>Los hilos cortados se pueden secar r\u00e1pida y eficazmente sin ning\u00fan movimiento de aire; de esta forma, se reduce casi totalmente la formaci\u00f3n de polvo en el departamento de producci\u00f3n.<\/p>\n<p>&nbsp;<\/p>\n<p>Otros productos de fibra de vidrio, principalmente en forma de bobinas y paquetes, despu\u00e9s de varios tipos de tratamientos h\u00famedos, se pueden secar perfectamente hasta obtener el contenido de humedad final deseado, de forma eficaz y consistente y sin ning\u00fan efecto adverso sobre el acabado de productos qu\u00edmicos.<\/p>\n\n            <div class=\"grid-img\">\n                            <a href=\"https:\/\/www.stalam.com\/wp-content\/uploads\/2023\/05\/Glass-fibres-2.jpg\" class=\"swipebox\" data-rel=\"lightbox-image-bGlnaHRib3gtaW1hZ2UtMA==\" data-rl_title=\"\" data-rl_caption=\"\" title=\"\">\n                    <img loading=\"lazy\" decoding=\"async\" src=\"https:\/\/www.stalam.com\/wp-content\/uploads\/2023\/05\/Glass-fibres-2.jpg\" alt=\"\" width=\"600\" height=\"400\">\n                <\/a>\n                                        <a href=\"https:\/\/www.stalam.com\/wp-content\/uploads\/2023\/05\/Glass-fibres-RF-drying-2.jpg\" class=\"swipebox\" data-rel=\"lightbox-image-bGlnaHRib3gtaW1hZ2UtMA==\" data-rl_title=\"\" data-rl_caption=\"\" title=\"\">\n                    <img loading=\"lazy\" decoding=\"async\" src=\"https:\/\/www.stalam.com\/wp-content\/uploads\/2023\/05\/Glass-fibres-RF-drying-2.jpg\" alt=\"\" width=\"600\" height=\"400\">\n                <\/a>\n                    <\/div>\n    \n    \n    \n<\/div><\/div>\n<\/div>\n\n\n\n<div class=\"doubletext-col bgcolor-grey \">\n            <span class=\"title\">Beneficios<\/span>\n    \n    <div class=\"grid-2\">\n        <div class=\"col\">\n                            <span class=\"title\">Alta capacidad de producci\u00f3n <\/span>\n                        <p>La capacidad de producci\u00f3n de cada secador es de 2 toneladas\/d\u00eda \u2013 40 toneladas\/d\u00eda. Stalam ha instalado con \u00e9xito los secadores de RF m\u00e1s grandes del mundo para mechas de fibra de vidrio, que constan de 6 m\u00f3dulos de secado en l\u00ednea y con una longitud total de m\u00e1s de 30 m.<\/p>\n        <\/div>\n        <div class=\"col\">\n                            <span class=\"title\">Un reducido costo de mano de obra <\/span>\n                        <p>Funcionamiento continuo y en l\u00ednea. La automatizaci\u00f3n de carga\/descarga de todo el producto se puede instalar con facilidad.<\/p>\n        <\/div>\n    <\/div>\n<\/div>\n\n\n<div class=\"doubletext-col bgcolor-white \">\n    \n    <div class=\"grid-2\">\n        <div class=\"col\">\n                            <span class=\"title\">Tecnolog\u00eda que ahorra tiempo y gastos <\/span>\n                        <p>Un 70-90 % de tiempo de secado m\u00e1s corto en comparaci\u00f3n con los sistemas convencionales, e incluso utilizando menos energ\u00eda.<\/p>\n        <\/div>\n        <div class=\"col\">\n                            <span class=\"title\">Alta calidad de los productos <\/span>\n                        <p>Secado consistente y minucioso sin manchas de humedad; no sobrecalienta, no amarillea y no hay ninguna migraci\u00f3n del acabado de los productos qu\u00edmicos.<\/p>\n        <\/div>\n    <\/div>\n<\/div>\n\n\n<div class=\"fascia-prodotti bgcolor-grey \">\n    <div class=\"container-prodotti\">\n        \n            <div class=\"prodotti-card\">\n    <img decoding=\"async\" loading=\"lazy\" src=\"https:\/\/www.stalam.com\/wp-content\/uploads\/2024\/09\/maschera-6-1.png\" alt=\"\" width=\"600\" height=\"400\">\n\n    <div class=\"flex-text\">\n        <p>TECNICO<\/p>\n        <span class=\"text-bold\">Secadores de RF para fibra de vidrio <\/span>\n        <p>Secadores de RF para fibra de vidrio en mechas directas, mechas montadas, hilos e hilos cortados.<\/p>\n        <a href=\"\/es\/tecnico\/secadores-para-fibra-de-vidrio\/secadores-de-rf-para-fibra-de-vidrio\/\" title=\"DESCUBRIR M\u00c1S\" class=\"btn btn-filled-r\">\n            DESCUBRIR M\u00c1S        <\/a>\n    <\/div>\n<\/div>\n\n\n            <\/div>\n<\/div>\n\n\n<div class=\"images-slider-container\">\n\n    <span class=\"title\">Galer\u00eda de fotos<\/span>\n\n    <div class=\"images-slider__row\">\n                    <div class=\"images-slider__single\">\n                <div class=\"images-slider__single-contents\">\n                    <img data-flickity-lazyload=\"https:\/\/www.stalam.com\/wp-content\/uploads\/2023\/05\/20190211_085950-low-1.jpg\" class=\"skip-lazy\" alt=\"slider image\" width=\"400\" height=\"600\" \/>\n                    Secado de fibra de vidrio                <\/div>\n\n            <\/div>\n                    <div class=\"images-slider__single\">\n                <div class=\"images-slider__single-contents\">\n                    <img data-flickity-lazyload=\"https:\/\/www.stalam.com\/wp-content\/uploads\/2023\/05\/20190212_145451_001-low-1.jpg\" class=\"skip-lazy\" alt=\"slider image\" width=\"400\" height=\"600\" \/>\n                    Secado de fibra de vidrio                <\/div>\n\n            <\/div>\n                    <div class=\"images-slider__single\">\n                <div class=\"images-slider__single-contents\">\n                    <img data-flickity-lazyload=\"https:\/\/www.stalam.com\/wp-content\/uploads\/2023\/05\/CIMG6663-1.jpg\" class=\"skip-lazy\" alt=\"slider image\" width=\"400\" height=\"600\" \/>\n                    Detalle de la entrada al secadero                <\/div>\n\n            <\/div>\n                    <div class=\"images-slider__single\">\n                <div class=\"images-slider__single-contents\">\n                    <img data-flickity-lazyload=\"https:\/\/www.stalam.com\/wp-content\/uploads\/2023\/05\/CIMG6665-1-2.jpg\" class=\"skip-lazy\" alt=\"slider image\" width=\"400\" height=\"600\" \/>\n                    Secador RF para bobinas de fibra de vidrio                <\/div>\n\n            <\/div>\n                    <div class=\"images-slider__single\">\n                <div class=\"images-slider__single-contents\">\n                    <img data-flickity-lazyload=\"https:\/\/www.stalam.com\/wp-content\/uploads\/2023\/05\/DSC_1018-1-1-2.jpg\" class=\"skip-lazy\" alt=\"slider image\" width=\"400\" height=\"600\" \/>\n                    Secadora para                <\/div>\n\n            <\/div>\n                    <div class=\"images-slider__single\">\n                <div class=\"images-slider__single-contents\">\n                    <img data-flickity-lazyload=\"https:\/\/www.stalam.com\/wp-content\/uploads\/2023\/05\/Fiberglass-drying-1.jpg\" class=\"skip-lazy\" alt=\"slider image\" width=\"400\" height=\"600\" \/>\n                    Secadora para                <\/div>\n\n            <\/div>\n                    <div class=\"images-slider__single\">\n                <div class=\"images-slider__single-contents\">\n                    <img data-flickity-lazyload=\"https:\/\/www.stalam.com\/wp-content\/uploads\/2023\/05\/Glass-fiber-drying-1.jpg\" class=\"skip-lazy\" alt=\"slider image\" width=\"400\" height=\"600\" \/>\n                    Secadora para                <\/div>\n\n            <\/div>\n                    <div class=\"images-slider__single\">\n                <div class=\"images-slider__single-contents\">\n                    <img data-flickity-lazyload=\"https:\/\/www.stalam.com\/wp-content\/uploads\/2023\/05\/Glass-fiber-RF-drying-2-1-1.jpg\" class=\"skip-lazy\" alt=\"slider image\" width=\"400\" height=\"600\" \/>\n                    Secador RF para fibra de vidrio                <\/div>\n\n            <\/div>\n                    <div class=\"images-slider__single\">\n                <div class=\"images-slider__single-contents\">\n                    <img data-flickity-lazyload=\"https:\/\/www.stalam.com\/wp-content\/uploads\/2023\/05\/Glass-fibres-production-1.jpg\" class=\"skip-lazy\" alt=\"slider image\" width=\"400\" height=\"600\" \/>\n                    Producci\u00f3n de fibras de vidrio                <\/div>\n\n            <\/div>\n                    <div class=\"images-slider__single\">\n                <div class=\"images-slider__single-contents\">\n                    <img data-flickity-lazyload=\"https:\/\/www.stalam.com\/wp-content\/uploads\/2023\/05\/Glass-fibres-production2-1.jpg\" class=\"skip-lazy\" alt=\"slider image\" width=\"400\" height=\"600\" \/>\n                    Secado de fibra de vidrio                <\/div>\n\n            <\/div>\n                    <div class=\"images-slider__single\">\n                <div class=\"images-slider__single-contents\">\n                    <img data-flickity-lazyload=\"https:\/\/www.stalam.com\/wp-content\/uploads\/2023\/05\/Glass-fibres-RF-drying-3.jpg\" class=\"skip-lazy\" alt=\"slider image\" width=\"400\" height=\"600\" \/>\n                    Secador RF para bobinas de fibra de vidrio                <\/div>\n\n            <\/div>\n                    <div class=\"images-slider__single\">\n                <div class=\"images-slider__single-contents\">\n                    <img data-flickity-lazyload=\"https:\/\/www.stalam.com\/wp-content\/uploads\/2023\/05\/Glass-fibres-3.jpg\" class=\"skip-lazy\" alt=\"slider image\" width=\"400\" height=\"600\" \/>\n                    Secador RF para fibra de vidrio                <\/div>\n\n            <\/div>\n                    <div class=\"images-slider__single\">\n                <div class=\"images-slider__single-contents\">\n                    <img data-flickity-lazyload=\"https:\/\/www.stalam.com\/wp-content\/uploads\/2023\/05\/IMG_0186-2.jpg\" class=\"skip-lazy\" alt=\"slider image\" width=\"400\" height=\"600\" \/>\n                    Secador RF para bobinas de fibra de vidrio                <\/div>\n\n            <\/div>\n                    <div class=\"images-slider__single\">\n                <div class=\"images-slider__single-contents\">\n                    <img data-flickity-lazyload=\"https:\/\/www.stalam.com\/wp-content\/uploads\/2023\/05\/RF-dryers-for-fibreglass-1.jpg\" class=\"skip-lazy\" alt=\"slider image\" width=\"400\" height=\"600\" \/>\n                    Secador RF para fibra de vidrio                <\/div>\n\n            <\/div>\n        \n    <\/div>\n<\/div>\n\n\n\n<div class=\"fascia-newsletter bgcolor-grey \">\n    <div class=\"container-newsletter\">\n                    <span class=\"title\">\u00bfLe gustar\u00eda conocer m\u00e1s sobre nuestras soluciones?<\/span>\n        \n                    <a href=\"https:\/\/www.stalam.com\/es\/informacion-requerida\/?area=Tecnico&#038;prodotto=Secadores para fibra de vidrio\" title=\"Solicitar informaci\u00f3n\" class=\"btn btn-filled-r\">\n                Solicitar informaci\u00f3n            <\/a>\n            <\/div>\n<\/div>\n\n","protected":false},"excerpt":{"rendered":"","protected":false},"author":1,"featured_media":0,"parent":3774,"menu_order":1,"comment_status":"closed","ping_status":"closed","template":"","meta":{"_acf_changed":false,"content-type":"","footnotes":""},"class_list":["post-3777","page","type-page","status-publish","hentry"],"acf":[],"yoast_head":"<!-- This site is optimized with the Yoast SEO Premium plugin v23.9 (Yoast SEO v27.3) - https:\/\/yoast.com\/product\/yoast-seo-premium-wordpress\/ -->\n<title>Secadores para fibra de vidrio, Productos y Servicios | Stalam<\/title>\n<meta name=\"description\" content=\"Descubre la aplicaci\u00f3n de nuestra tecnolog\u00eda de radiofrecuencia a secadores para fibra de vidrio\" \/>\n<meta name=\"robots\" content=\"index, follow, max-snippet:-1, max-image-preview:large, max-video-preview:-1\" \/>\n<link rel=\"canonical\" href=\"https:\/\/www.stalam.com\/es\/tecnico\/secadores-para-fibra-de-vidrio\/\" \/>\n<meta property=\"og:locale\" content=\"es_ES\" \/>\n<meta property=\"og:type\" content=\"article\" \/>\n<meta property=\"og:title\" content=\"Secadores para fibra de vidrio\" \/>\n<meta property=\"og:description\" content=\"Descubre la aplicaci\u00f3n de nuestra tecnolog\u00eda de radiofrecuencia a secadores para fibra de vidrio\" \/>\n<meta property=\"og:url\" content=\"https:\/\/www.stalam.com\/es\/tecnico\/secadores-para-fibra-de-vidrio\/\" \/>\n<meta property=\"og:site_name\" content=\"Stalam\" \/>\n<meta property=\"article:publisher\" content=\"https:\/\/www.facebook.com\/Stalam-184036235760438\/\" \/>\n<meta property=\"article:modified_time\" content=\"2025-06-10T12:36:13+00:00\" \/>\n<meta property=\"og:image\" content=\"https:\/\/www.stalam.com\/wp-content\/uploads\/2023\/06\/stalam-logo.png\" \/>\n\t<meta property=\"og:image:width\" content=\"634\" \/>\n\t<meta property=\"og:image:height\" content=\"176\" \/>\n\t<meta property=\"og:image:type\" content=\"image\/png\" \/>\n<meta name=\"twitter:card\" content=\"summary_large_image\" \/>\n<meta name=\"twitter:label1\" content=\"Tiempo de lectura\" \/>\n\t<meta name=\"twitter:data1\" content=\"1 minuto\" \/>\n<script type=\"application\/ld+json\" class=\"yoast-schema-graph\">{\"@context\":\"https:\\\/\\\/schema.org\",\"@graph\":[{\"@type\":\"WebPage\",\"@id\":\"https:\\\/\\\/www.stalam.com\\\/es\\\/tecnico\\\/secadores-para-fibra-de-vidrio\\\/\",\"url\":\"https:\\\/\\\/www.stalam.com\\\/es\\\/tecnico\\\/secadores-para-fibra-de-vidrio\\\/\",\"name\":\"Secadores para fibra de vidrio, Productos y Servicios | Stalam\",\"isPartOf\":{\"@id\":\"https:\\\/\\\/www.stalam.com\\\/#website\"},\"datePublished\":\"2023-05-22T08:13:45+00:00\",\"dateModified\":\"2025-06-10T12:36:13+00:00\",\"description\":\"Descubre la aplicaci\u00f3n de nuestra tecnolog\u00eda de radiofrecuencia a secadores para fibra de vidrio\",\"breadcrumb\":{\"@id\":\"https:\\\/\\\/www.stalam.com\\\/es\\\/tecnico\\\/secadores-para-fibra-de-vidrio\\\/#breadcrumb\"},\"inLanguage\":\"es\",\"potentialAction\":[{\"@type\":\"ReadAction\",\"target\":[\"https:\\\/\\\/www.stalam.com\\\/es\\\/tecnico\\\/secadores-para-fibra-de-vidrio\\\/\"]}]},{\"@type\":\"BreadcrumbList\",\"@id\":\"https:\\\/\\\/www.stalam.com\\\/es\\\/tecnico\\\/secadores-para-fibra-de-vidrio\\\/#breadcrumb\",\"itemListElement\":[{\"@type\":\"ListItem\",\"position\":1,\"name\":\"Home\",\"item\":\"https:\\\/\\\/www.stalam.com\\\/es\\\/\"},{\"@type\":\"ListItem\",\"position\":2,\"name\":\"Tecnico\",\"item\":\"https:\\\/\\\/www.stalam.com\\\/es\\\/tecnico\\\/\"},{\"@type\":\"ListItem\",\"position\":3,\"name\":\"Secadores para fibra de vidrio\"}]},{\"@type\":\"WebSite\",\"@id\":\"https:\\\/\\\/www.stalam.com\\\/#website\",\"url\":\"https:\\\/\\\/www.stalam.com\\\/\",\"name\":\"Stalam\",\"description\":\"\",\"publisher\":{\"@id\":\"https:\\\/\\\/www.stalam.com\\\/#organization\"},\"potentialAction\":[{\"@type\":\"SearchAction\",\"target\":{\"@type\":\"EntryPoint\",\"urlTemplate\":\"https:\\\/\\\/www.stalam.com\\\/?s={search_term_string}\"},\"query-input\":{\"@type\":\"PropertyValueSpecification\",\"valueRequired\":true,\"valueName\":\"search_term_string\"}}],\"inLanguage\":\"es\"},{\"@type\":\"Organization\",\"@id\":\"https:\\\/\\\/www.stalam.com\\\/#organization\",\"name\":\"Stalam\",\"url\":\"https:\\\/\\\/www.stalam.com\\\/\",\"logo\":{\"@type\":\"ImageObject\",\"inLanguage\":\"es\",\"@id\":\"https:\\\/\\\/www.stalam.com\\\/#\\\/schema\\\/logo\\\/image\\\/\",\"url\":\"https:\\\/\\\/www.stalam.com\\\/wp-content\\\/uploads\\\/2023\\\/06\\\/stalam-logo.png\",\"contentUrl\":\"https:\\\/\\\/www.stalam.com\\\/wp-content\\\/uploads\\\/2023\\\/06\\\/stalam-logo.png\",\"width\":634,\"height\":176,\"caption\":\"Stalam\"},\"image\":{\"@id\":\"https:\\\/\\\/www.stalam.com\\\/#\\\/schema\\\/logo\\\/image\\\/\"},\"sameAs\":[\"https:\\\/\\\/www.facebook.com\\\/Stalam-184036235760438\\\/\",\"https:\\\/\\\/www.linkedin.com\\\/company\\\/stalam\\\/\",\"https:\\\/\\\/www.youtube.com\\\/channel\\\/UCcl2pZ10KrADorPJccCu43Q\"]}]}<\/script>\n<!-- \/ Yoast SEO Premium plugin. -->","yoast_head_json":{"title":"Secadores para fibra de vidrio, Productos y Servicios | Stalam","description":"Descubre la aplicaci\u00f3n de nuestra tecnolog\u00eda de radiofrecuencia a secadores para fibra de vidrio","robots":{"index":"index","follow":"follow","max-snippet":"max-snippet:-1","max-image-preview":"max-image-preview:large","max-video-preview":"max-video-preview:-1"},"canonical":"https:\/\/www.stalam.com\/es\/tecnico\/secadores-para-fibra-de-vidrio\/","og_locale":"es_ES","og_type":"article","og_title":"Secadores para fibra de vidrio","og_description":"Descubre la aplicaci\u00f3n de nuestra tecnolog\u00eda de radiofrecuencia a secadores para fibra de vidrio","og_url":"https:\/\/www.stalam.com\/es\/tecnico\/secadores-para-fibra-de-vidrio\/","og_site_name":"Stalam","article_publisher":"https:\/\/www.facebook.com\/Stalam-184036235760438\/","article_modified_time":"2025-06-10T12:36:13+00:00","og_image":[{"width":634,"height":176,"url":"https:\/\/www.stalam.com\/wp-content\/uploads\/2023\/06\/stalam-logo.png","type":"image\/png"}],"twitter_card":"summary_large_image","twitter_misc":{"Tiempo de lectura":"1 minuto"},"schema":{"@context":"https:\/\/schema.org","@graph":[{"@type":"WebPage","@id":"https:\/\/www.stalam.com\/es\/tecnico\/secadores-para-fibra-de-vidrio\/","url":"https:\/\/www.stalam.com\/es\/tecnico\/secadores-para-fibra-de-vidrio\/","name":"Secadores para fibra de vidrio, Productos y Servicios | Stalam","isPartOf":{"@id":"https:\/\/www.stalam.com\/#website"},"datePublished":"2023-05-22T08:13:45+00:00","dateModified":"2025-06-10T12:36:13+00:00","description":"Descubre la aplicaci\u00f3n de nuestra tecnolog\u00eda de radiofrecuencia a secadores para fibra de vidrio","breadcrumb":{"@id":"https:\/\/www.stalam.com\/es\/tecnico\/secadores-para-fibra-de-vidrio\/#breadcrumb"},"inLanguage":"es","potentialAction":[{"@type":"ReadAction","target":["https:\/\/www.stalam.com\/es\/tecnico\/secadores-para-fibra-de-vidrio\/"]}]},{"@type":"BreadcrumbList","@id":"https:\/\/www.stalam.com\/es\/tecnico\/secadores-para-fibra-de-vidrio\/#breadcrumb","itemListElement":[{"@type":"ListItem","position":1,"name":"Home","item":"https:\/\/www.stalam.com\/es\/"},{"@type":"ListItem","position":2,"name":"Tecnico","item":"https:\/\/www.stalam.com\/es\/tecnico\/"},{"@type":"ListItem","position":3,"name":"Secadores para fibra de vidrio"}]},{"@type":"WebSite","@id":"https:\/\/www.stalam.com\/#website","url":"https:\/\/www.stalam.com\/","name":"Stalam","description":"","publisher":{"@id":"https:\/\/www.stalam.com\/#organization"},"potentialAction":[{"@type":"SearchAction","target":{"@type":"EntryPoint","urlTemplate":"https:\/\/www.stalam.com\/?s={search_term_string}"},"query-input":{"@type":"PropertyValueSpecification","valueRequired":true,"valueName":"search_term_string"}}],"inLanguage":"es"},{"@type":"Organization","@id":"https:\/\/www.stalam.com\/#organization","name":"Stalam","url":"https:\/\/www.stalam.com\/","logo":{"@type":"ImageObject","inLanguage":"es","@id":"https:\/\/www.stalam.com\/#\/schema\/logo\/image\/","url":"https:\/\/www.stalam.com\/wp-content\/uploads\/2023\/06\/stalam-logo.png","contentUrl":"https:\/\/www.stalam.com\/wp-content\/uploads\/2023\/06\/stalam-logo.png","width":634,"height":176,"caption":"Stalam"},"image":{"@id":"https:\/\/www.stalam.com\/#\/schema\/logo\/image\/"},"sameAs":["https:\/\/www.facebook.com\/Stalam-184036235760438\/","https:\/\/www.linkedin.com\/company\/stalam\/","https:\/\/www.youtube.com\/channel\/UCcl2pZ10KrADorPJccCu43Q"]}]}},"_links":{"self":[{"href":"https:\/\/www.stalam.com\/es\/wp-json\/wp\/v2\/pages\/3777","targetHints":{"allow":["GET"]}}],"collection":[{"href":"https:\/\/www.stalam.com\/es\/wp-json\/wp\/v2\/pages"}],"about":[{"href":"https:\/\/www.stalam.com\/es\/wp-json\/wp\/v2\/types\/page"}],"author":[{"embeddable":true,"href":"https:\/\/www.stalam.com\/es\/wp-json\/wp\/v2\/users\/1"}],"replies":[{"embeddable":true,"href":"https:\/\/www.stalam.com\/es\/wp-json\/wp\/v2\/comments?post=3777"}],"version-history":[{"count":12,"href":"https:\/\/www.stalam.com\/es\/wp-json\/wp\/v2\/pages\/3777\/revisions"}],"predecessor-version":[{"id":15407,"href":"https:\/\/www.stalam.com\/es\/wp-json\/wp\/v2\/pages\/3777\/revisions\/15407"}],"up":[{"embeddable":true,"href":"https:\/\/www.stalam.com\/es\/wp-json\/wp\/v2\/pages\/3774"}],"wp:attachment":[{"href":"https:\/\/www.stalam.com\/es\/wp-json\/wp\/v2\/media?parent=3777"}],"curies":[{"name":"wp","href":"https:\/\/api.w.org\/{rel}","templated":true}]}}