{"id":3778,"date":"2023-05-22T10:17:35","date_gmt":"2023-05-22T08:17:35","guid":{"rendered":"https:\/\/www.stalam.com\/tecnico\/essiccatoi-per-fibra-di-vetro\/essiccatoi-per-fibra-di-vetro\/"},"modified":"2025-06-10T15:39:33","modified_gmt":"2025-06-10T13:39:33","slug":"secadores-de-rf-para-fibra-de-vidrio","status":"publish","type":"page","link":"https:\/\/www.stalam.com\/es\/tecnico\/secadores-para-fibra-de-vidrio\/secadores-de-rf-para-fibra-de-vidrio\/","title":{"rendered":"Secadores de RF para fibra de vidrio"},"content":{"rendered":"\n<div class=\"fascia-bread-title bgcolor-grey \">\n    <div class=\"container-fascia-bread-title\">\n        <p id=\"breadcrumbs\"><span><span><a href=\"https:\/\/www.stalam.com\/es\/\">Home<\/a><\/span><\/span><\/p>                    <span class=\"title\">TECNICO<\/span>\n                <h1 class=\"title-big\">Secadores de RF para fibra de vidrio<\/h1>\n    <\/div>\n<\/div>\n\n\n\n<div class=\"fascia-img-header\">\n    <img loading=\"lazy\" decoding=\"async\" src=\"https:\/\/www.stalam.com\/wp-content\/uploads\/2023\/05\/Dryers-for-glass-fibres-4.jpg\" alt=\"\" width=\"600\" height=\"400\">\n<\/div>\n\n\n\n\n<div class=\"wp-block-columns col-fullwidth is-layout-flex wp-container-core-columns-is-layout-9d6595d7 wp-block-columns-is-layout-flex\">\n<div class=\"wp-block-column is-layout-flow wp-block-column-is-layout-flow\" style=\"flex-basis:33.33%\"><div class=\"sidebar-prodotti-container\"><div class=\"topbar-prodotti\" id=\"topbar\"><ul><li class=\"page_item page-item-3777 page_item_has_children\"><a href=\"https:\/\/www.stalam.com\/es\/tecnico\/secadores-para-fibra-de-vidrio\/\">Secadores para fibra de vidrio<\/a><\/li>\n<li class=\"page_item page-item-3779 page_item_has_children\"><a href=\"https:\/\/www.stalam.com\/es\/tecnico\/aparatos-de-vulcanizacion-y-secadores-para-latex-sbr-y-otras-espumas-de-polimeros\/\">Aparatos de vulcanizaci\u00f3n y secadores para l\u00e1tex, SBR y otras espumas de pol\u00edmeros<\/a><\/li>\n<li class=\"page_item page-item-3775 page_item_has_children\"><a href=\"https:\/\/www.stalam.com\/es\/tecnico\/secadores-de-fieltros-y-otros-textiles-no-tejidos\/\">Secadores de fieltros y otros textiles no tejidos<\/a><\/li>\n<li class=\"page_item page-item-3782\"><a href=\"https:\/\/www.stalam.com\/es\/tecnico\/otras-aplicaciones-en-textiles-tecnicos\/\">Otras aplicaciones en textiles t\u00e9cnicos<\/a><\/li>\n<a href=\"https:\/\/www.stalam.com\/richiesta-catalogo\/\" class=\"btn btn-filled-r\">Descargar cat\u00e1logo<\/a><\/ul><\/div><div class=\"sidebar-prodotti-left\"><p class=\"grandparent-page\">Tecnico<\/p><ul><li class=\"page_item page-item-3777 page_item_has_children\"><a href=\"https:\/\/www.stalam.com\/es\/tecnico\/secadores-para-fibra-de-vidrio\/\">Secadores para fibra de vidrio<\/a>\n<ul class='children'>\n\t<li class=\"page_item page-item-3778\"><a href=\"https:\/\/www.stalam.com\/es\/tecnico\/secadores-para-fibra-de-vidrio\/secadores-de-rf-para-fibra-de-vidrio\/\">Secadores de RF para fibra de vidrio<\/a><\/li>\n<\/ul>\n<\/li>\n<li class=\"page_item page-item-3779 page_item_has_children\"><a href=\"https:\/\/www.stalam.com\/es\/tecnico\/aparatos-de-vulcanizacion-y-secadores-para-latex-sbr-y-otras-espumas-de-polimeros\/\">Aparatos de vulcanizaci\u00f3n y secadores para l\u00e1tex, SBR y otras espumas de pol\u00edmeros<\/a>\n<ul class='children'>\n\t<li class=\"page_item page-item-3780\"><a href=\"https:\/\/www.stalam.com\/es\/tecnico\/aparatos-de-vulcanizacion-y-secadores-para-latex-sbr-y-otras-espumas-de-polimeros\/secadores-para-latex-y-otras-espumas-de-polimeros\/\">Secadores para l\u00e1tex y otras espumas de pol\u00edmeros<\/a><\/li>\n\t<li class=\"page_item page-item-3781\"><a href=\"https:\/\/www.stalam.com\/es\/tecnico\/aparatos-de-vulcanizacion-y-secadores-para-latex-sbr-y-otras-espumas-de-polimeros\/aparatos-de-vulcanizacion-de-rf-para-latex-natural-y-espuma-de-sbr\/\">Aparatos de vulcanizaci\u00f3n de RF para l\u00e1tex natural y espuma de SBR<\/a><\/li>\n<\/ul>\n<\/li>\n<li class=\"page_item page-item-3775 page_item_has_children\"><a href=\"https:\/\/www.stalam.com\/es\/tecnico\/secadores-de-fieltros-y-otros-textiles-no-tejidos\/\">Secadores de fieltros y otros textiles no tejidos<\/a>\n<ul class='children'>\n\t<li class=\"page_item page-item-3776\"><a href=\"https:\/\/www.stalam.com\/es\/tecnico\/secadores-de-fieltros-y-otros-textiles-no-tejidos\/secadores-de-fieltros-y-otros-textiles-no-tejidos\/\">Secadores de fieltros y otros textiles no tejidos<\/a><\/li>\n<\/ul>\n<\/li>\n<li class=\"page_item page-item-3782\"><a href=\"https:\/\/www.stalam.com\/es\/tecnico\/otras-aplicaciones-en-textiles-tecnicos\/\">Otras aplicaciones en textiles t\u00e9cnicos<\/a><\/li>\n<a href=\"https:\/\/www.stalam.com\/richiesta-catalogo\/\" class=\"btn btn-filled-r\">Descargar cat\u00e1logo<\/a><\/ul><\/div><\/div>\n<\/div>\n\n\n\n<div class=\"wp-block-column is-layout-flow wp-block-column-is-layout-flow\" style=\"flex-basis:66.66%\"><div class=\"fascia-testo-btns-imgs\">\n    <p>Stalam ha desarrollado soluciones de ingenier\u00eda espec\u00edficos para obtener el m\u00e1ximo provecho de la tecnolog\u00eda de radiofrecuencia para el secado de las fibras de vidrio:<\/p>\n<ul>\n<li>Dise\u00f1o completamente en acero inoxidable de las tablas de entrada y de salida, el techo y el suelo de los armarios de secado, los electrodos y los aspiradores de aire h\u00famedo<\/li>\n<li>Cinta transportadora modular especialmente s\u00f3lida hecha de material compuesto a prueba de fuego<\/li>\n<li>amplia banda transportadora y sistema de electrodos para asegurar una baja densidad de potencia, un secado delicado y una mejor extracci\u00f3n de la humedad usando una tensi\u00f3n baja de electrodos (es decir, no se produce un arco en los armarios de secado)<\/li>\n<li>sistema de control autom\u00e1tico de tensi\u00f3n de electrodos en los valores \u00f3ptimos, por separado en cada armario de secado (esto asegura un secado perfecto en todas las condiciones de trabajo, independientemente de la carga parcial o completa y del contenido real de entrada de la humedad)<\/li>\n<li>Circuito de ajuste de potencia a trav\u00e9s de un condensador de acoplamiento variable motorizado sin la necesidad de ajustar continuamente la posici\u00f3n del electrodo superior<\/li>\n<li>unidades anticondensaci\u00f3n adicionales para los armarios de secado para evitar que las gotas de agua caigan sobre el producto<\/li>\n<li>sistema de refrigeraci\u00f3n por agua o aire de los triodos, a elecci\u00f3n del cliente<\/li>\n<li>triodo sobredimensionado y componentes clave para una vida \u00fatil m\u00e1s larga y una mayor confiabilidad<\/li>\n<\/ul>\n<p>Adem\u00e1s de las caracter\u00edsticas est\u00e1ndar anteriores, Stalam puede proporcionar soluciones personalizadas para satisfacer cualquier requisito del proceso.<\/p>\n<p>&nbsp;<\/p>\n\n            <div class=\"grid-img\">\n\n                            <a href=\"https:\/\/www.stalam.com\/wp-content\/uploads\/2023\/05\/non-wovens-1.jpg\" class=\"swipebox\" data-rel=\"lightbox-image-bGlnaHRib3gtaW1hZ2UtMA==\" data-rl_title=\"\" data-rl_caption=\"\" title=\"\">\n                    <img decoding=\"async\" loading=\"lazy\" src=\"https:\/\/www.stalam.com\/wp-content\/uploads\/2023\/05\/non-wovens-1.jpg\" alt=\"\" width=\"600\" height=\"400\">\n                <\/a>\n                            <a href=\"https:\/\/www.stalam.com\/wp-content\/uploads\/2023\/05\/CIMG6665-1-1.jpg\" class=\"swipebox\" data-rel=\"lightbox-image-bGlnaHRib3gtaW1hZ2UtMA==\" data-rl_title=\"\" data-rl_caption=\"\" title=\"\">\n                    <img decoding=\"async\" loading=\"lazy\" src=\"https:\/\/www.stalam.com\/wp-content\/uploads\/2023\/05\/CIMG6665-1-1.jpg\" alt=\"\" width=\"600\" height=\"400\">\n                <\/a>\n                            <a href=\"https:\/\/www.stalam.com\/wp-content\/uploads\/2023\/05\/DSC_1018-1-1-1.jpg\" class=\"swipebox\" data-rel=\"lightbox-image-bGlnaHRib3gtaW1hZ2UtMA==\" data-rl_title=\"\" data-rl_caption=\"\" title=\"\">\n                    <img decoding=\"async\" loading=\"lazy\" src=\"https:\/\/www.stalam.com\/wp-content\/uploads\/2023\/05\/DSC_1018-1-1-1.jpg\" alt=\"\" width=\"600\" height=\"400\">\n                <\/a>\n                            <a href=\"https:\/\/www.stalam.com\/wp-content\/uploads\/2023\/05\/IMG_0186-1.jpg\" class=\"swipebox\" data-rel=\"lightbox-image-bGlnaHRib3gtaW1hZ2UtMA==\" data-rl_title=\"\" data-rl_caption=\"\" title=\"\">\n                    <img decoding=\"async\" loading=\"lazy\" src=\"https:\/\/www.stalam.com\/wp-content\/uploads\/2023\/05\/IMG_0186-1.jpg\" alt=\"\" width=\"600\" height=\"400\">\n                <\/a>\n            \n        <\/div>\n    \n            <div class=\"container-btns\">\n                            <a href=\"\/es\/informacion-requerida\/?producto=Secadores de RF para fibra de vidrio\" title=\"SOLICITAR INFORMACI\u00d3N\" class=\"btn btn-filled-r\">\n                    SOLICITAR INFORMACI\u00d3N                <\/a>\n                                        <a href=\"\/wp-content\/uploads\/2023\/05\/Glass-fibres_dryer-low.pdf\" title=\"DATOS T\u00c9CNICOS\" class=\"btn btn-filled-t\">\n                    DATOS T\u00c9CNICOS                <\/a>\n                    <\/div>\n    \n<\/div><\/div>\n<\/div>\n\n\n\n<div class=\"fascia-newsletter bgcolor-grey \">\n    <div class=\"container-newsletter\">\n                    <span class=\"title\">\u00bfLe gustar\u00eda conocer m\u00e1s sobre nuestras soluciones?<\/span>\n        \n                    <a href=\"https:\/\/www.stalam.com\/es\/informacion-requerida\/\" title=\"Solicitar informaci\u00f3n\" class=\"btn btn-filled-r\">\n                Solicitar informaci\u00f3n            <\/a>\n            <\/div>\n<\/div>\n\n","protected":false},"excerpt":{"rendered":"","protected":false},"author":1,"featured_media":0,"parent":3777,"menu_order":49,"comment_status":"closed","ping_status":"closed","template":"","meta":{"_acf_changed":false,"content-type":"","footnotes":""},"class_list":["post-3778","page","type-page","status-publish","hentry"],"acf":[],"yoast_head":"<!-- This site is optimized with the Yoast SEO Premium plugin v23.9 (Yoast SEO v27.3) - https:\/\/yoast.com\/product\/yoast-seo-premium-wordpress\/ -->\n<title>Secadores para fibra de vidrio | Stalam<\/title>\n<meta name=\"description\" content=\"Descubre Secadores de RF para fibra de vidrio en mechas directas, mechas montadas, hilos e hilos cortados., soluci\u00f3n de stalam para T\u00e9cnico!\" \/>\n<meta name=\"robots\" content=\"index, follow, max-snippet:-1, max-image-preview:large, max-video-preview:-1\" \/>\n<link rel=\"canonical\" href=\"https:\/\/www.stalam.com\/es\/tecnico\/secadores-para-fibra-de-vidrio\/secadores-de-rf-para-fibra-de-vidrio\/\" \/>\n<meta property=\"og:locale\" content=\"es_ES\" \/>\n<meta property=\"og:type\" content=\"article\" \/>\n<meta property=\"og:title\" content=\"Secadores de RF para fibra de vidrio\" \/>\n<meta property=\"og:description\" content=\"Descubre Secadores de RF para fibra de vidrio en mechas directas, mechas montadas, hilos e hilos cortados., soluci\u00f3n de stalam para T\u00e9cnico!\" \/>\n<meta property=\"og:url\" content=\"https:\/\/www.stalam.com\/es\/tecnico\/secadores-para-fibra-de-vidrio\/secadores-de-rf-para-fibra-de-vidrio\/\" \/>\n<meta property=\"og:site_name\" content=\"Stalam\" \/>\n<meta property=\"article:publisher\" content=\"https:\/\/www.facebook.com\/Stalam-184036235760438\/\" \/>\n<meta property=\"article:modified_time\" content=\"2025-06-10T13:39:33+00:00\" \/>\n<meta property=\"og:image\" content=\"https:\/\/www.stalam.com\/wp-content\/uploads\/2023\/06\/stalam-logo.png\" \/>\n\t<meta property=\"og:image:width\" content=\"634\" \/>\n\t<meta property=\"og:image:height\" content=\"176\" \/>\n\t<meta property=\"og:image:type\" content=\"image\/png\" \/>\n<meta name=\"twitter:card\" content=\"summary_large_image\" \/>\n<meta name=\"twitter:label1\" content=\"Tiempo de lectura\" \/>\n\t<meta name=\"twitter:data1\" content=\"1 minuto\" \/>\n<script type=\"application\/ld+json\" class=\"yoast-schema-graph\">{\"@context\":\"https:\\\/\\\/schema.org\",\"@graph\":[{\"@type\":\"WebPage\",\"@id\":\"https:\\\/\\\/www.stalam.com\\\/es\\\/tecnico\\\/secadores-para-fibra-de-vidrio\\\/secadores-de-rf-para-fibra-de-vidrio\\\/\",\"url\":\"https:\\\/\\\/www.stalam.com\\\/es\\\/tecnico\\\/secadores-para-fibra-de-vidrio\\\/secadores-de-rf-para-fibra-de-vidrio\\\/\",\"name\":\"Secadores para fibra de vidrio | Stalam\",\"isPartOf\":{\"@id\":\"https:\\\/\\\/www.stalam.com\\\/#website\"},\"datePublished\":\"2023-05-22T08:17:35+00:00\",\"dateModified\":\"2025-06-10T13:39:33+00:00\",\"description\":\"Descubre Secadores de RF para fibra de vidrio en mechas directas, mechas montadas, hilos e hilos cortados., soluci\u00f3n de stalam para T\u00e9cnico!\",\"breadcrumb\":{\"@id\":\"https:\\\/\\\/www.stalam.com\\\/es\\\/tecnico\\\/secadores-para-fibra-de-vidrio\\\/secadores-de-rf-para-fibra-de-vidrio\\\/#breadcrumb\"},\"inLanguage\":\"es\",\"potentialAction\":[{\"@type\":\"ReadAction\",\"target\":[\"https:\\\/\\\/www.stalam.com\\\/es\\\/tecnico\\\/secadores-para-fibra-de-vidrio\\\/secadores-de-rf-para-fibra-de-vidrio\\\/\"]}]},{\"@type\":\"BreadcrumbList\",\"@id\":\"https:\\\/\\\/www.stalam.com\\\/es\\\/tecnico\\\/secadores-para-fibra-de-vidrio\\\/secadores-de-rf-para-fibra-de-vidrio\\\/#breadcrumb\",\"itemListElement\":[{\"@type\":\"ListItem\",\"position\":1,\"name\":\"Home\",\"item\":\"https:\\\/\\\/www.stalam.com\\\/es\\\/\"},{\"@type\":\"ListItem\",\"position\":2,\"name\":\"Tecnico\",\"item\":\"https:\\\/\\\/www.stalam.com\\\/es\\\/tecnico\\\/\"},{\"@type\":\"ListItem\",\"position\":3,\"name\":\"Secadores para fibra de vidrio\",\"item\":\"https:\\\/\\\/www.stalam.com\\\/es\\\/tecnico\\\/secadores-para-fibra-de-vidrio\\\/\"},{\"@type\":\"ListItem\",\"position\":4,\"name\":\"Secadores de RF para fibra de vidrio\"}]},{\"@type\":\"WebSite\",\"@id\":\"https:\\\/\\\/www.stalam.com\\\/#website\",\"url\":\"https:\\\/\\\/www.stalam.com\\\/\",\"name\":\"Stalam\",\"description\":\"\",\"publisher\":{\"@id\":\"https:\\\/\\\/www.stalam.com\\\/#organization\"},\"potentialAction\":[{\"@type\":\"SearchAction\",\"target\":{\"@type\":\"EntryPoint\",\"urlTemplate\":\"https:\\\/\\\/www.stalam.com\\\/?s={search_term_string}\"},\"query-input\":{\"@type\":\"PropertyValueSpecification\",\"valueRequired\":true,\"valueName\":\"search_term_string\"}}],\"inLanguage\":\"es\"},{\"@type\":\"Organization\",\"@id\":\"https:\\\/\\\/www.stalam.com\\\/#organization\",\"name\":\"Stalam\",\"url\":\"https:\\\/\\\/www.stalam.com\\\/\",\"logo\":{\"@type\":\"ImageObject\",\"inLanguage\":\"es\",\"@id\":\"https:\\\/\\\/www.stalam.com\\\/#\\\/schema\\\/logo\\\/image\\\/\",\"url\":\"https:\\\/\\\/www.stalam.com\\\/wp-content\\\/uploads\\\/2023\\\/06\\\/stalam-logo.png\",\"contentUrl\":\"https:\\\/\\\/www.stalam.com\\\/wp-content\\\/uploads\\\/2023\\\/06\\\/stalam-logo.png\",\"width\":634,\"height\":176,\"caption\":\"Stalam\"},\"image\":{\"@id\":\"https:\\\/\\\/www.stalam.com\\\/#\\\/schema\\\/logo\\\/image\\\/\"},\"sameAs\":[\"https:\\\/\\\/www.facebook.com\\\/Stalam-184036235760438\\\/\",\"https:\\\/\\\/www.linkedin.com\\\/company\\\/stalam\\\/\",\"https:\\\/\\\/www.youtube.com\\\/channel\\\/UCcl2pZ10KrADorPJccCu43Q\"]}]}<\/script>\n<!-- \/ Yoast SEO Premium plugin. -->","yoast_head_json":{"title":"Secadores para fibra de vidrio | Stalam","description":"Descubre Secadores de RF para fibra de vidrio en mechas directas, mechas montadas, hilos e hilos cortados., soluci\u00f3n de stalam para T\u00e9cnico!","robots":{"index":"index","follow":"follow","max-snippet":"max-snippet:-1","max-image-preview":"max-image-preview:large","max-video-preview":"max-video-preview:-1"},"canonical":"https:\/\/www.stalam.com\/es\/tecnico\/secadores-para-fibra-de-vidrio\/secadores-de-rf-para-fibra-de-vidrio\/","og_locale":"es_ES","og_type":"article","og_title":"Secadores de RF para fibra de vidrio","og_description":"Descubre Secadores de RF para fibra de vidrio en mechas directas, mechas montadas, hilos e hilos cortados., soluci\u00f3n de stalam para T\u00e9cnico!","og_url":"https:\/\/www.stalam.com\/es\/tecnico\/secadores-para-fibra-de-vidrio\/secadores-de-rf-para-fibra-de-vidrio\/","og_site_name":"Stalam","article_publisher":"https:\/\/www.facebook.com\/Stalam-184036235760438\/","article_modified_time":"2025-06-10T13:39:33+00:00","og_image":[{"width":634,"height":176,"url":"https:\/\/www.stalam.com\/wp-content\/uploads\/2023\/06\/stalam-logo.png","type":"image\/png"}],"twitter_card":"summary_large_image","twitter_misc":{"Tiempo de lectura":"1 minuto"},"schema":{"@context":"https:\/\/schema.org","@graph":[{"@type":"WebPage","@id":"https:\/\/www.stalam.com\/es\/tecnico\/secadores-para-fibra-de-vidrio\/secadores-de-rf-para-fibra-de-vidrio\/","url":"https:\/\/www.stalam.com\/es\/tecnico\/secadores-para-fibra-de-vidrio\/secadores-de-rf-para-fibra-de-vidrio\/","name":"Secadores para fibra de vidrio | Stalam","isPartOf":{"@id":"https:\/\/www.stalam.com\/#website"},"datePublished":"2023-05-22T08:17:35+00:00","dateModified":"2025-06-10T13:39:33+00:00","description":"Descubre Secadores de RF para fibra de vidrio en mechas directas, mechas montadas, hilos e hilos cortados., soluci\u00f3n de stalam para T\u00e9cnico!","breadcrumb":{"@id":"https:\/\/www.stalam.com\/es\/tecnico\/secadores-para-fibra-de-vidrio\/secadores-de-rf-para-fibra-de-vidrio\/#breadcrumb"},"inLanguage":"es","potentialAction":[{"@type":"ReadAction","target":["https:\/\/www.stalam.com\/es\/tecnico\/secadores-para-fibra-de-vidrio\/secadores-de-rf-para-fibra-de-vidrio\/"]}]},{"@type":"BreadcrumbList","@id":"https:\/\/www.stalam.com\/es\/tecnico\/secadores-para-fibra-de-vidrio\/secadores-de-rf-para-fibra-de-vidrio\/#breadcrumb","itemListElement":[{"@type":"ListItem","position":1,"name":"Home","item":"https:\/\/www.stalam.com\/es\/"},{"@type":"ListItem","position":2,"name":"Tecnico","item":"https:\/\/www.stalam.com\/es\/tecnico\/"},{"@type":"ListItem","position":3,"name":"Secadores para fibra de vidrio","item":"https:\/\/www.stalam.com\/es\/tecnico\/secadores-para-fibra-de-vidrio\/"},{"@type":"ListItem","position":4,"name":"Secadores de RF para fibra de vidrio"}]},{"@type":"WebSite","@id":"https:\/\/www.stalam.com\/#website","url":"https:\/\/www.stalam.com\/","name":"Stalam","description":"","publisher":{"@id":"https:\/\/www.stalam.com\/#organization"},"potentialAction":[{"@type":"SearchAction","target":{"@type":"EntryPoint","urlTemplate":"https:\/\/www.stalam.com\/?s={search_term_string}"},"query-input":{"@type":"PropertyValueSpecification","valueRequired":true,"valueName":"search_term_string"}}],"inLanguage":"es"},{"@type":"Organization","@id":"https:\/\/www.stalam.com\/#organization","name":"Stalam","url":"https:\/\/www.stalam.com\/","logo":{"@type":"ImageObject","inLanguage":"es","@id":"https:\/\/www.stalam.com\/#\/schema\/logo\/image\/","url":"https:\/\/www.stalam.com\/wp-content\/uploads\/2023\/06\/stalam-logo.png","contentUrl":"https:\/\/www.stalam.com\/wp-content\/uploads\/2023\/06\/stalam-logo.png","width":634,"height":176,"caption":"Stalam"},"image":{"@id":"https:\/\/www.stalam.com\/#\/schema\/logo\/image\/"},"sameAs":["https:\/\/www.facebook.com\/Stalam-184036235760438\/","https:\/\/www.linkedin.com\/company\/stalam\/","https:\/\/www.youtube.com\/channel\/UCcl2pZ10KrADorPJccCu43Q"]}]}},"_links":{"self":[{"href":"https:\/\/www.stalam.com\/es\/wp-json\/wp\/v2\/pages\/3778","targetHints":{"allow":["GET"]}}],"collection":[{"href":"https:\/\/www.stalam.com\/es\/wp-json\/wp\/v2\/pages"}],"about":[{"href":"https:\/\/www.stalam.com\/es\/wp-json\/wp\/v2\/types\/page"}],"author":[{"embeddable":true,"href":"https:\/\/www.stalam.com\/es\/wp-json\/wp\/v2\/users\/1"}],"replies":[{"embeddable":true,"href":"https:\/\/www.stalam.com\/es\/wp-json\/wp\/v2\/comments?post=3778"}],"version-history":[{"count":11,"href":"https:\/\/www.stalam.com\/es\/wp-json\/wp\/v2\/pages\/3778\/revisions"}],"predecessor-version":[{"id":15470,"href":"https:\/\/www.stalam.com\/es\/wp-json\/wp\/v2\/pages\/3778\/revisions\/15470"}],"up":[{"embeddable":true,"href":"https:\/\/www.stalam.com\/es\/wp-json\/wp\/v2\/pages\/3777"}],"wp:attachment":[{"href":"https:\/\/www.stalam.com\/es\/wp-json\/wp\/v2\/media?parent=3778"}],"curies":[{"name":"wp","href":"https:\/\/api.w.org\/{rel}","templated":true}]}}