{"id":3780,"date":"2023-05-22T10:17:36","date_gmt":"2023-05-22T08:17:36","guid":{"rendered":"https:\/\/www.stalam.com\/tecnico\/vulcanizzatori-ed-essiccatoi-per-lattice-naturale-sbr-e-altri-polimeri-espansi\/essiccatoi-per-lattice-e-altri-polimeri-espansi\/"},"modified":"2025-06-10T15:39:40","modified_gmt":"2025-06-10T13:39:40","slug":"secadores-para-latex-y-otras-espumas-de-polimeros","status":"publish","type":"page","link":"https:\/\/www.stalam.com\/es\/tecnico\/aparatos-de-vulcanizacion-y-secadores-para-latex-sbr-y-otras-espumas-de-polimeros\/secadores-para-latex-y-otras-espumas-de-polimeros\/","title":{"rendered":"Secadores para l\u00e1tex y otras espumas de pol\u00edmeros"},"content":{"rendered":"\n<div class=\"fascia-bread-title bgcolor-grey \">\n    <div class=\"container-fascia-bread-title\">\n        <p id=\"breadcrumbs\"><span><span><a href=\"https:\/\/www.stalam.com\/es\/\">Home<\/a><\/span><\/span><\/p>                    <span class=\"title\">TECNICO<\/span>\n                <h1 class=\"title-big\">Secadores para l\u00e1tex y otras espumas de pol\u00edmeros<\/h1>\n    <\/div>\n<\/div>\n\n\n\n<div class=\"fascia-img-header\">\n    <img loading=\"lazy\" decoding=\"async\" src=\"https:\/\/www.stalam.com\/wp-content\/uploads\/2023\/05\/Latex-production-2.jpg\" alt=\"\" width=\"600\" height=\"400\">\n<\/div>\n\n\n\n\n<div class=\"wp-block-columns col-fullwidth is-layout-flex wp-container-core-columns-is-layout-9d6595d7 wp-block-columns-is-layout-flex\">\n<div class=\"wp-block-column is-layout-flow wp-block-column-is-layout-flow\" style=\"flex-basis:33.33%\"><div class=\"sidebar-prodotti-container\"><div class=\"topbar-prodotti\" id=\"topbar\"><ul><li class=\"page_item page-item-3777 page_item_has_children\"><a href=\"https:\/\/www.stalam.com\/es\/tecnico\/secadores-para-fibra-de-vidrio\/\">Secadores para fibra de vidrio<\/a><\/li>\n<li class=\"page_item page-item-3779 page_item_has_children\"><a href=\"https:\/\/www.stalam.com\/es\/tecnico\/aparatos-de-vulcanizacion-y-secadores-para-latex-sbr-y-otras-espumas-de-polimeros\/\">Aparatos de vulcanizaci\u00f3n y secadores para l\u00e1tex, SBR y otras espumas de pol\u00edmeros<\/a><\/li>\n<li class=\"page_item page-item-3775 page_item_has_children\"><a href=\"https:\/\/www.stalam.com\/es\/tecnico\/secadores-de-fieltros-y-otros-textiles-no-tejidos\/\">Secadores de fieltros y otros textiles no tejidos<\/a><\/li>\n<li class=\"page_item page-item-3782\"><a href=\"https:\/\/www.stalam.com\/es\/tecnico\/otras-aplicaciones-en-textiles-tecnicos\/\">Otras aplicaciones en textiles t\u00e9cnicos<\/a><\/li>\n<a href=\"https:\/\/www.stalam.com\/richiesta-catalogo\/\" class=\"btn btn-filled-r\">Descargar cat\u00e1logo<\/a><\/ul><\/div><div class=\"sidebar-prodotti-left\"><p class=\"grandparent-page\">Tecnico<\/p><ul><li class=\"page_item page-item-3777 page_item_has_children\"><a href=\"https:\/\/www.stalam.com\/es\/tecnico\/secadores-para-fibra-de-vidrio\/\">Secadores para fibra de vidrio<\/a>\n<ul class='children'>\n\t<li class=\"page_item page-item-3778\"><a href=\"https:\/\/www.stalam.com\/es\/tecnico\/secadores-para-fibra-de-vidrio\/secadores-de-rf-para-fibra-de-vidrio\/\">Secadores de RF para fibra de vidrio<\/a><\/li>\n<\/ul>\n<\/li>\n<li class=\"page_item page-item-3779 page_item_has_children\"><a href=\"https:\/\/www.stalam.com\/es\/tecnico\/aparatos-de-vulcanizacion-y-secadores-para-latex-sbr-y-otras-espumas-de-polimeros\/\">Aparatos de vulcanizaci\u00f3n y secadores para l\u00e1tex, SBR y otras espumas de pol\u00edmeros<\/a>\n<ul class='children'>\n\t<li class=\"page_item page-item-3780\"><a href=\"https:\/\/www.stalam.com\/es\/tecnico\/aparatos-de-vulcanizacion-y-secadores-para-latex-sbr-y-otras-espumas-de-polimeros\/secadores-para-latex-y-otras-espumas-de-polimeros\/\">Secadores para l\u00e1tex y otras espumas de pol\u00edmeros<\/a><\/li>\n\t<li class=\"page_item page-item-3781\"><a href=\"https:\/\/www.stalam.com\/es\/tecnico\/aparatos-de-vulcanizacion-y-secadores-para-latex-sbr-y-otras-espumas-de-polimeros\/aparatos-de-vulcanizacion-de-rf-para-latex-natural-y-espuma-de-sbr\/\">Aparatos de vulcanizaci\u00f3n de RF para l\u00e1tex natural y espuma de SBR<\/a><\/li>\n<\/ul>\n<\/li>\n<li class=\"page_item page-item-3775 page_item_has_children\"><a href=\"https:\/\/www.stalam.com\/es\/tecnico\/secadores-de-fieltros-y-otros-textiles-no-tejidos\/\">Secadores de fieltros y otros textiles no tejidos<\/a>\n<ul class='children'>\n\t<li class=\"page_item page-item-3776\"><a href=\"https:\/\/www.stalam.com\/es\/tecnico\/secadores-de-fieltros-y-otros-textiles-no-tejidos\/secadores-de-fieltros-y-otros-textiles-no-tejidos\/\">Secadores de fieltros y otros textiles no tejidos<\/a><\/li>\n<\/ul>\n<\/li>\n<li class=\"page_item page-item-3782\"><a href=\"https:\/\/www.stalam.com\/es\/tecnico\/otras-aplicaciones-en-textiles-tecnicos\/\">Otras aplicaciones en textiles t\u00e9cnicos<\/a><\/li>\n<a href=\"https:\/\/www.stalam.com\/richiesta-catalogo\/\" class=\"btn btn-filled-r\">Descargar cat\u00e1logo<\/a><\/ul><\/div><\/div>\n<\/div>\n\n\n\n<div class=\"wp-block-column is-layout-flow wp-block-column-is-layout-flow\" style=\"flex-basis:66.66%\"><div class=\"fascia-testo-btns-imgs\">\n    <p>En los \u00faltimos 30 a\u00f1os, Stalam ha desarrollado y suministrado un gran n\u00famero de secadores de RF con soluciones t\u00e9cnicas espec\u00edficas para productos de l\u00e1tex natural o sint\u00e9tico (principalmente los n\u00facleos del colch\u00f3n, almohadas, asientos anat\u00f3micos y hoja continua) despu\u00e9s de la vulcanizaci\u00f3n, el lavado y el escurrido o la hidroextracci\u00f3n centr\u00edfuga, espuma de poliuretano altamente hidr\u00f3fila despu\u00e9s del proceso de wet cast para usos sanitarios y m\u00e9dicos, y otros sustratos polim\u00e9ricos de alta porosidad. Las m\u00e1quinas de Stalam pueden realizar todo el proceso de secado o trabajar junto con secadores existentes de t\u00fanel o armario (por ejemplo, para el secado parcial) para aumentar la capacidad (velocidad) de la l\u00ednea de producci\u00f3n, maximizar la eficiencia energ\u00e9tica y, sobre todo, mejorar la calidad del producto final.<\/p>\n<p>&nbsp;<\/p>\n<p><span class=\"title\">Beneficios<\/span><\/p>\n<ul>\n<li>Secado r\u00e1pido y uniforme: 20 minutos son suficientes para secar incluso n\u00facleos de colch\u00f3n gruesos y densos con un contenido de humedad residual inferior a un 1 % y sin manchas. Los productos conformados, como las almohadas y los asientos anat\u00f3micos se secan perfecta y uniformemente tanto en las partes m\u00e1s gruesas como en las m\u00e1s finas.<\/li>\n<li>Tampoco se amarillea la superficie del producto debido a la baja temperatura que hay en el t\u00fanel de secado (el RF calienta el n\u00facleo del producto, no la superficie externa).<\/li>\n<li>Necesita un breve per\u00edodo de acondicionamiento, por lo que el producto se puede empaquetar para enviarlo r\u00e1pidamente despu\u00e9s del secado sin riesgo de que pierda su forma cuando se le env\u00eda al cliente.<\/li>\n<li>Reducci\u00f3n significativa del impacto de los equipos de secado gracias al breve tiempo del proceso.<\/li>\n<li>Proceso en l\u00ednea con ahorro de energ\u00eda y gastos reducidos en el secado y la manipulaci\u00f3n del producto<\/li>\n<li>Impacto reducido del carbono dado que es una tecnolog\u00eda electrot\u00e9rmica.<\/li>\n<\/ul>\n<p>&nbsp;<\/p>\n\n            <div class=\"grid-img\">\n\n                            <a href=\"https:\/\/www.stalam.com\/wp-content\/uploads\/2023\/05\/macchina-scontornata-foam-dryer-1.png\" class=\"swipebox\" data-rel=\"lightbox-image-bGlnaHRib3gtaW1hZ2UtMA==\" data-rl_title=\"\" data-rl_caption=\"\" title=\"\">\n                    <img decoding=\"async\" loading=\"lazy\" src=\"https:\/\/www.stalam.com\/wp-content\/uploads\/2023\/05\/macchina-scontornata-foam-dryer-1.png\" alt=\"\" width=\"600\" height=\"400\">\n                <\/a>\n                            <a href=\"https:\/\/www.stalam.com\/wp-content\/uploads\/2023\/05\/Drying_pillow_2-1.jpg\" class=\"swipebox\" data-rel=\"lightbox-image-bGlnaHRib3gtaW1hZ2UtMA==\" data-rl_title=\"\" data-rl_caption=\"\" title=\"\">\n                    <img decoding=\"async\" loading=\"lazy\" src=\"https:\/\/www.stalam.com\/wp-content\/uploads\/2023\/05\/Drying_pillow_2-1.jpg\" alt=\"\" width=\"600\" height=\"400\">\n                <\/a>\n                            <a href=\"https:\/\/www.stalam.com\/wp-content\/uploads\/2023\/05\/foto-1-1.jpg\" class=\"swipebox\" data-rel=\"lightbox-image-bGlnaHRib3gtaW1hZ2UtMA==\" data-rl_title=\"\" data-rl_caption=\"\" title=\"\">\n                    <img decoding=\"async\" loading=\"lazy\" src=\"https:\/\/www.stalam.com\/wp-content\/uploads\/2023\/05\/foto-1-1.jpg\" alt=\"\" width=\"600\" height=\"400\">\n                <\/a>\n                            <a href=\"https:\/\/www.stalam.com\/wp-content\/uploads\/2023\/05\/Mattress-drying-1.jpg\" class=\"swipebox\" data-rel=\"lightbox-image-bGlnaHRib3gtaW1hZ2UtMA==\" data-rl_title=\"\" data-rl_caption=\"\" title=\"\">\n                    <img decoding=\"async\" loading=\"lazy\" src=\"https:\/\/www.stalam.com\/wp-content\/uploads\/2023\/05\/Mattress-drying-1.jpg\" alt=\"\" width=\"600\" height=\"400\">\n                <\/a>\n            \n        <\/div>\n    \n            <div class=\"container-btns\">\n                            <a href=\"\/es\/informacion-requerida\/?producto=Secadores para l\u00e1tex y otras espumas de pol\u00edmeros\" title=\"SOLICITAR INFORMACI\u00d3N\" class=\"btn btn-filled-r\">\n                    SOLICITAR INFORMACI\u00d3N                <\/a>\n                                        <a href=\"\/wp-content\/uploads\/2023\/05\/Latex_depliant_2020-web-1.pdf\" title=\"DATOS T\u00c9CNICOS\" class=\"btn btn-filled-t\">\n                    DATOS T\u00c9CNICOS                <\/a>\n                    <\/div>\n    \n<\/div><\/div>\n<\/div>\n\n\n\n<div class=\"fascia-newsletter bgcolor-grey \">\n    <div class=\"container-newsletter\">\n                    <span class=\"title\">\u00bfLe gustar\u00eda conocer m\u00e1s sobre nuestras soluciones?<\/span>\n        \n                    <a href=\"https:\/\/www.stalam.com\/es\/informacion-requerida\/\" title=\"Solicitar informaci\u00f3n\" class=\"btn btn-filled-r\">\n                Solicitar informaci\u00f3n            <\/a>\n            <\/div>\n<\/div>\n\n","protected":false},"excerpt":{"rendered":"","protected":false},"author":1,"featured_media":0,"parent":3779,"menu_order":51,"comment_status":"closed","ping_status":"closed","template":"","meta":{"_acf_changed":false,"content-type":"","footnotes":""},"class_list":["post-3780","page","type-page","status-publish","hentry"],"acf":[],"yoast_head":"<!-- This site is optimized with the Yoast SEO Premium plugin v23.9 (Yoast SEO v27.3) - https:\/\/yoast.com\/product\/yoast-seo-premium-wordpress\/ -->\n<title>Secadores para l\u00e1tex y otras espumas de pol\u00edmeros | Stalam<\/title>\n<meta name=\"description\" content=\"Descubre aparato de vulcanizaci\u00f3n para l\u00e1tex y otras espumas de pol\u00edmeros, soluci\u00f3n de stalam para t\u00e9cnico!\" \/>\n<meta name=\"robots\" content=\"index, follow, max-snippet:-1, max-image-preview:large, max-video-preview:-1\" \/>\n<link rel=\"canonical\" href=\"https:\/\/www.stalam.com\/es\/tecnico\/aparatos-de-vulcanizacion-y-secadores-para-latex-sbr-y-otras-espumas-de-polimeros\/secadores-para-latex-y-otras-espumas-de-polimeros\/\" \/>\n<meta property=\"og:locale\" content=\"es_ES\" \/>\n<meta property=\"og:type\" content=\"article\" \/>\n<meta property=\"og:title\" content=\"Secadores para l\u00e1tex y otras espumas de pol\u00edmeros\" \/>\n<meta property=\"og:description\" content=\"Descubre aparato de vulcanizaci\u00f3n para l\u00e1tex y otras espumas de pol\u00edmeros, soluci\u00f3n de stalam para t\u00e9cnico!\" \/>\n<meta property=\"og:url\" content=\"https:\/\/www.stalam.com\/es\/tecnico\/aparatos-de-vulcanizacion-y-secadores-para-latex-sbr-y-otras-espumas-de-polimeros\/secadores-para-latex-y-otras-espumas-de-polimeros\/\" \/>\n<meta property=\"og:site_name\" content=\"Stalam\" \/>\n<meta property=\"article:publisher\" content=\"https:\/\/www.facebook.com\/Stalam-184036235760438\/\" \/>\n<meta property=\"article:modified_time\" content=\"2025-06-10T13:39:40+00:00\" \/>\n<meta property=\"og:image\" content=\"https:\/\/www.stalam.com\/wp-content\/uploads\/2023\/06\/stalam-logo.png\" \/>\n\t<meta property=\"og:image:width\" content=\"634\" \/>\n\t<meta property=\"og:image:height\" content=\"176\" \/>\n\t<meta property=\"og:image:type\" content=\"image\/png\" \/>\n<meta name=\"twitter:card\" content=\"summary_large_image\" \/>\n<meta name=\"twitter:label1\" content=\"Tiempo de lectura\" \/>\n\t<meta name=\"twitter:data1\" content=\"1 minuto\" \/>\n<script type=\"application\/ld+json\" class=\"yoast-schema-graph\">{\"@context\":\"https:\\\/\\\/schema.org\",\"@graph\":[{\"@type\":\"WebPage\",\"@id\":\"https:\\\/\\\/www.stalam.com\\\/es\\\/tecnico\\\/aparatos-de-vulcanizacion-y-secadores-para-latex-sbr-y-otras-espumas-de-polimeros\\\/secadores-para-latex-y-otras-espumas-de-polimeros\\\/\",\"url\":\"https:\\\/\\\/www.stalam.com\\\/es\\\/tecnico\\\/aparatos-de-vulcanizacion-y-secadores-para-latex-sbr-y-otras-espumas-de-polimeros\\\/secadores-para-latex-y-otras-espumas-de-polimeros\\\/\",\"name\":\"Secadores para l\u00e1tex y otras espumas de pol\u00edmeros | Stalam\",\"isPartOf\":{\"@id\":\"https:\\\/\\\/www.stalam.com\\\/#website\"},\"datePublished\":\"2023-05-22T08:17:36+00:00\",\"dateModified\":\"2025-06-10T13:39:40+00:00\",\"description\":\"Descubre aparato de vulcanizaci\u00f3n para l\u00e1tex y otras espumas de pol\u00edmeros, soluci\u00f3n de stalam para t\u00e9cnico!\",\"breadcrumb\":{\"@id\":\"https:\\\/\\\/www.stalam.com\\\/es\\\/tecnico\\\/aparatos-de-vulcanizacion-y-secadores-para-latex-sbr-y-otras-espumas-de-polimeros\\\/secadores-para-latex-y-otras-espumas-de-polimeros\\\/#breadcrumb\"},\"inLanguage\":\"es\",\"potentialAction\":[{\"@type\":\"ReadAction\",\"target\":[\"https:\\\/\\\/www.stalam.com\\\/es\\\/tecnico\\\/aparatos-de-vulcanizacion-y-secadores-para-latex-sbr-y-otras-espumas-de-polimeros\\\/secadores-para-latex-y-otras-espumas-de-polimeros\\\/\"]}]},{\"@type\":\"BreadcrumbList\",\"@id\":\"https:\\\/\\\/www.stalam.com\\\/es\\\/tecnico\\\/aparatos-de-vulcanizacion-y-secadores-para-latex-sbr-y-otras-espumas-de-polimeros\\\/secadores-para-latex-y-otras-espumas-de-polimeros\\\/#breadcrumb\",\"itemListElement\":[{\"@type\":\"ListItem\",\"position\":1,\"name\":\"Home\",\"item\":\"https:\\\/\\\/www.stalam.com\\\/es\\\/\"},{\"@type\":\"ListItem\",\"position\":2,\"name\":\"Tecnico\",\"item\":\"https:\\\/\\\/www.stalam.com\\\/es\\\/tecnico\\\/\"},{\"@type\":\"ListItem\",\"position\":3,\"name\":\"Aparatos de vulcanizaci\u00f3n y secadores para l\u00e1tex, SBR y otras espumas de pol\u00edmeros\",\"item\":\"https:\\\/\\\/www.stalam.com\\\/es\\\/tecnico\\\/aparatos-de-vulcanizacion-y-secadores-para-latex-sbr-y-otras-espumas-de-polimeros\\\/\"},{\"@type\":\"ListItem\",\"position\":4,\"name\":\"Secadores para l\u00e1tex y otras espumas de pol\u00edmeros\"}]},{\"@type\":\"WebSite\",\"@id\":\"https:\\\/\\\/www.stalam.com\\\/#website\",\"url\":\"https:\\\/\\\/www.stalam.com\\\/\",\"name\":\"Stalam\",\"description\":\"\",\"publisher\":{\"@id\":\"https:\\\/\\\/www.stalam.com\\\/#organization\"},\"potentialAction\":[{\"@type\":\"SearchAction\",\"target\":{\"@type\":\"EntryPoint\",\"urlTemplate\":\"https:\\\/\\\/www.stalam.com\\\/?s={search_term_string}\"},\"query-input\":{\"@type\":\"PropertyValueSpecification\",\"valueRequired\":true,\"valueName\":\"search_term_string\"}}],\"inLanguage\":\"es\"},{\"@type\":\"Organization\",\"@id\":\"https:\\\/\\\/www.stalam.com\\\/#organization\",\"name\":\"Stalam\",\"url\":\"https:\\\/\\\/www.stalam.com\\\/\",\"logo\":{\"@type\":\"ImageObject\",\"inLanguage\":\"es\",\"@id\":\"https:\\\/\\\/www.stalam.com\\\/#\\\/schema\\\/logo\\\/image\\\/\",\"url\":\"https:\\\/\\\/www.stalam.com\\\/wp-content\\\/uploads\\\/2023\\\/06\\\/stalam-logo.png\",\"contentUrl\":\"https:\\\/\\\/www.stalam.com\\\/wp-content\\\/uploads\\\/2023\\\/06\\\/stalam-logo.png\",\"width\":634,\"height\":176,\"caption\":\"Stalam\"},\"image\":{\"@id\":\"https:\\\/\\\/www.stalam.com\\\/#\\\/schema\\\/logo\\\/image\\\/\"},\"sameAs\":[\"https:\\\/\\\/www.facebook.com\\\/Stalam-184036235760438\\\/\",\"https:\\\/\\\/www.linkedin.com\\\/company\\\/stalam\\\/\",\"https:\\\/\\\/www.youtube.com\\\/channel\\\/UCcl2pZ10KrADorPJccCu43Q\"]}]}<\/script>\n<!-- \/ Yoast SEO Premium plugin. -->","yoast_head_json":{"title":"Secadores para l\u00e1tex y otras espumas de pol\u00edmeros | Stalam","description":"Descubre aparato de vulcanizaci\u00f3n para l\u00e1tex y otras espumas de pol\u00edmeros, soluci\u00f3n de stalam para t\u00e9cnico!","robots":{"index":"index","follow":"follow","max-snippet":"max-snippet:-1","max-image-preview":"max-image-preview:large","max-video-preview":"max-video-preview:-1"},"canonical":"https:\/\/www.stalam.com\/es\/tecnico\/aparatos-de-vulcanizacion-y-secadores-para-latex-sbr-y-otras-espumas-de-polimeros\/secadores-para-latex-y-otras-espumas-de-polimeros\/","og_locale":"es_ES","og_type":"article","og_title":"Secadores para l\u00e1tex y otras espumas de pol\u00edmeros","og_description":"Descubre aparato de vulcanizaci\u00f3n para l\u00e1tex y otras espumas de pol\u00edmeros, soluci\u00f3n de stalam para t\u00e9cnico!","og_url":"https:\/\/www.stalam.com\/es\/tecnico\/aparatos-de-vulcanizacion-y-secadores-para-latex-sbr-y-otras-espumas-de-polimeros\/secadores-para-latex-y-otras-espumas-de-polimeros\/","og_site_name":"Stalam","article_publisher":"https:\/\/www.facebook.com\/Stalam-184036235760438\/","article_modified_time":"2025-06-10T13:39:40+00:00","og_image":[{"width":634,"height":176,"url":"https:\/\/www.stalam.com\/wp-content\/uploads\/2023\/06\/stalam-logo.png","type":"image\/png"}],"twitter_card":"summary_large_image","twitter_misc":{"Tiempo de lectura":"1 minuto"},"schema":{"@context":"https:\/\/schema.org","@graph":[{"@type":"WebPage","@id":"https:\/\/www.stalam.com\/es\/tecnico\/aparatos-de-vulcanizacion-y-secadores-para-latex-sbr-y-otras-espumas-de-polimeros\/secadores-para-latex-y-otras-espumas-de-polimeros\/","url":"https:\/\/www.stalam.com\/es\/tecnico\/aparatos-de-vulcanizacion-y-secadores-para-latex-sbr-y-otras-espumas-de-polimeros\/secadores-para-latex-y-otras-espumas-de-polimeros\/","name":"Secadores para l\u00e1tex y otras espumas de pol\u00edmeros | Stalam","isPartOf":{"@id":"https:\/\/www.stalam.com\/#website"},"datePublished":"2023-05-22T08:17:36+00:00","dateModified":"2025-06-10T13:39:40+00:00","description":"Descubre aparato de vulcanizaci\u00f3n para l\u00e1tex y otras espumas de pol\u00edmeros, soluci\u00f3n de stalam para t\u00e9cnico!","breadcrumb":{"@id":"https:\/\/www.stalam.com\/es\/tecnico\/aparatos-de-vulcanizacion-y-secadores-para-latex-sbr-y-otras-espumas-de-polimeros\/secadores-para-latex-y-otras-espumas-de-polimeros\/#breadcrumb"},"inLanguage":"es","potentialAction":[{"@type":"ReadAction","target":["https:\/\/www.stalam.com\/es\/tecnico\/aparatos-de-vulcanizacion-y-secadores-para-latex-sbr-y-otras-espumas-de-polimeros\/secadores-para-latex-y-otras-espumas-de-polimeros\/"]}]},{"@type":"BreadcrumbList","@id":"https:\/\/www.stalam.com\/es\/tecnico\/aparatos-de-vulcanizacion-y-secadores-para-latex-sbr-y-otras-espumas-de-polimeros\/secadores-para-latex-y-otras-espumas-de-polimeros\/#breadcrumb","itemListElement":[{"@type":"ListItem","position":1,"name":"Home","item":"https:\/\/www.stalam.com\/es\/"},{"@type":"ListItem","position":2,"name":"Tecnico","item":"https:\/\/www.stalam.com\/es\/tecnico\/"},{"@type":"ListItem","position":3,"name":"Aparatos de vulcanizaci\u00f3n y secadores para l\u00e1tex, SBR y otras espumas de pol\u00edmeros","item":"https:\/\/www.stalam.com\/es\/tecnico\/aparatos-de-vulcanizacion-y-secadores-para-latex-sbr-y-otras-espumas-de-polimeros\/"},{"@type":"ListItem","position":4,"name":"Secadores para l\u00e1tex y otras espumas de pol\u00edmeros"}]},{"@type":"WebSite","@id":"https:\/\/www.stalam.com\/#website","url":"https:\/\/www.stalam.com\/","name":"Stalam","description":"","publisher":{"@id":"https:\/\/www.stalam.com\/#organization"},"potentialAction":[{"@type":"SearchAction","target":{"@type":"EntryPoint","urlTemplate":"https:\/\/www.stalam.com\/?s={search_term_string}"},"query-input":{"@type":"PropertyValueSpecification","valueRequired":true,"valueName":"search_term_string"}}],"inLanguage":"es"},{"@type":"Organization","@id":"https:\/\/www.stalam.com\/#organization","name":"Stalam","url":"https:\/\/www.stalam.com\/","logo":{"@type":"ImageObject","inLanguage":"es","@id":"https:\/\/www.stalam.com\/#\/schema\/logo\/image\/","url":"https:\/\/www.stalam.com\/wp-content\/uploads\/2023\/06\/stalam-logo.png","contentUrl":"https:\/\/www.stalam.com\/wp-content\/uploads\/2023\/06\/stalam-logo.png","width":634,"height":176,"caption":"Stalam"},"image":{"@id":"https:\/\/www.stalam.com\/#\/schema\/logo\/image\/"},"sameAs":["https:\/\/www.facebook.com\/Stalam-184036235760438\/","https:\/\/www.linkedin.com\/company\/stalam\/","https:\/\/www.youtube.com\/channel\/UCcl2pZ10KrADorPJccCu43Q"]}]}},"_links":{"self":[{"href":"https:\/\/www.stalam.com\/es\/wp-json\/wp\/v2\/pages\/3780","targetHints":{"allow":["GET"]}}],"collection":[{"href":"https:\/\/www.stalam.com\/es\/wp-json\/wp\/v2\/pages"}],"about":[{"href":"https:\/\/www.stalam.com\/es\/wp-json\/wp\/v2\/types\/page"}],"author":[{"embeddable":true,"href":"https:\/\/www.stalam.com\/es\/wp-json\/wp\/v2\/users\/1"}],"replies":[{"embeddable":true,"href":"https:\/\/www.stalam.com\/es\/wp-json\/wp\/v2\/comments?post=3780"}],"version-history":[{"count":9,"href":"https:\/\/www.stalam.com\/es\/wp-json\/wp\/v2\/pages\/3780\/revisions"}],"predecessor-version":[{"id":15471,"href":"https:\/\/www.stalam.com\/es\/wp-json\/wp\/v2\/pages\/3780\/revisions\/15471"}],"up":[{"embeddable":true,"href":"https:\/\/www.stalam.com\/es\/wp-json\/wp\/v2\/pages\/3779"}],"wp:attachment":[{"href":"https:\/\/www.stalam.com\/es\/wp-json\/wp\/v2\/media?parent=3780"}],"curies":[{"name":"wp","href":"https:\/\/api.w.org\/{rel}","templated":true}]}}