{"id":3810,"date":"2023-05-24T10:10:21","date_gmt":"2023-05-24T08:10:21","guid":{"rendered":"https:\/\/www.stalam.com\/alimentare\/"},"modified":"2025-05-27T09:29:05","modified_gmt":"2025-05-27T07:29:05","slug":"alimentario","status":"publish","type":"page","link":"https:\/\/www.stalam.com\/es\/alimentario\/","title":{"rendered":"Alimentario"},"content":{"rendered":"\n<div class=\"fascia-bread-title bgcolor-grey \">\n    <div class=\"container-fascia-bread-title\">\n        <p id=\"breadcrumbs\"><span><span><a href=\"https:\/\/www.stalam.com\/es\/\">Home<\/a><\/span><\/span><\/p>                <h1 class=\"title-big\">Alimentario<\/h1>\n    <\/div>\n<\/div>\n\n\n\n<div class=\"fascia-img-header\">\n    <img loading=\"lazy\" decoding=\"async\" src=\"https:\/\/www.stalam.com\/wp-content\/uploads\/2023\/05\/food-2.jpg\" alt=\"\" width=\"600\" height=\"400\">\n<\/div>\n\n\n\n\n<div class=\"wp-block-columns col-fullwidth is-layout-flex wp-container-core-columns-is-layout-9d6595d7 wp-block-columns-is-layout-flex\">\n<div class=\"wp-block-column is-layout-flow wp-block-column-is-layout-flow\" style=\"flex-basis:33.33%\"><div class=\"sidebar-prodotti-container\"><div class=\"topbar-prodotti\" id=\"topbar\"><ul><li class=\"page_item page-item-3811 page_item_has_children\"><a href=\"https:\/\/www.stalam.com\/es\/alimentario\/usos-para-panaderias-industriales\/\">Usos para panader\u00edas industriales<\/a><\/li>\n<li class=\"page_item page-item-3822 page_item_has_children\"><a href=\"https:\/\/www.stalam.com\/es\/alimentario\/atemperado-y-descongelacion\/\">Atemperado y descongelacion<\/a><\/li>\n<li class=\"page_item page-item-3815 page_item_has_children\"><a href=\"https:\/\/www.stalam.com\/es\/alimentario\/desinfestacion-y-desinfeccion\/\">Desinfestaci\u00f3n y desinfecci\u00f3n<\/a><\/li>\n<li class=\"page_item page-item-3818 page_item_has_children\"><a href=\"https:\/\/www.stalam.com\/es\/alimentario\/pasteurizacion-y-esterilizacion\/\">Pasteurizaci\u00f3n y esterilizaci\u00f3n<\/a><\/li>\n<li class=\"page_item page-item-11550 page_item_has_children\"><a href=\"https:\/\/www.stalam.com\/es\/alimentario\/pasteurizacion-de-productos-liquidos\/\">Pasteurizaci\u00f3n de productos l\u00edquidos<\/a><\/li>\n<li class=\"page_item page-item-14825 page_item_has_children\"><a href=\"https:\/\/www.stalam.com\/es\/alimentario\/rellenado-y-precoccion\/\">Rellenado y precocci\u00f3n de productos l\u00edquidos<\/a><\/li>\n<a href=\"https:\/\/www.stalam.com\/richiesta-catalogo\/\" class=\"btn btn-filled-r\">Descargar cat\u00e1logo<\/a><\/ul><\/div><div class=\"sidebar-prodotti-left\"><p class=\"grandparent-page\">Alimentario<\/p><ul><li class=\"page_item page-item-3811 page_item_has_children\"><a href=\"https:\/\/www.stalam.com\/es\/alimentario\/usos-para-panaderias-industriales\/\">Usos para panader\u00edas industriales<\/a><\/li>\n<li class=\"page_item page-item-3822 page_item_has_children\"><a href=\"https:\/\/www.stalam.com\/es\/alimentario\/atemperado-y-descongelacion\/\">Atemperado y descongelacion<\/a><\/li>\n<li class=\"page_item page-item-3815 page_item_has_children\"><a href=\"https:\/\/www.stalam.com\/es\/alimentario\/desinfestacion-y-desinfeccion\/\">Desinfestaci\u00f3n y desinfecci\u00f3n<\/a><\/li>\n<li class=\"page_item page-item-3818 page_item_has_children\"><a href=\"https:\/\/www.stalam.com\/es\/alimentario\/pasteurizacion-y-esterilizacion\/\">Pasteurizaci\u00f3n y esterilizaci\u00f3n<\/a><\/li>\n<li class=\"page_item page-item-11550 page_item_has_children\"><a href=\"https:\/\/www.stalam.com\/es\/alimentario\/pasteurizacion-de-productos-liquidos\/\">Pasteurizaci\u00f3n de productos l\u00edquidos<\/a><\/li>\n<li class=\"page_item page-item-14825 page_item_has_children\"><a href=\"https:\/\/www.stalam.com\/es\/alimentario\/rellenado-y-precoccion\/\">Rellenado y precocci\u00f3n de productos l\u00edquidos<\/a><\/li>\n<a href=\"https:\/\/www.stalam.com\/richiesta-catalogo\/\" class=\"btn btn-filled-r\">Descargar cat\u00e1logo<\/a><\/ul><\/div><\/div>\n<\/div>\n\n\n\n<div class=\"wp-block-column is-layout-flow wp-block-column-is-layout-flow\" style=\"flex-basis:66.66%\"><div class=\"fascia-testo-dimg-vantaggi\">\n    <p><span class=\"title\">Equipos de radiofrecuencia para secar, descongelar, desinfectar, pasteurizar&#8230; y mucho m\u00e1s.<\/span><\/p>\n<p>La primera aplicaci\u00f3n y la m\u00e1s conocida de la tecnolog\u00eda de radiofrecuencia (RF) en la industria alimentaria es el secado del post-horneado de galletas, crackers, cereales para el desayuno, etc. Recientemente, Stalam ha estado introduciendo en los mercados mundiales muchas otras innovadoras tecnolog\u00edas de tratamiento de alimentos basadas en el m\u00e9todo de calentamiento de RF, tales como la r\u00e1pida descongelaci\u00f3n de productos congelados como pescado, carne, verduras y otros alimentos crudos o procesados, la pasteurizaci\u00f3n y esterilizaci\u00f3n de alimentos alimentos s\u00f3lidos envasados o productos l\u00edquidos viscosos, la desinfecci\u00f3n y desinfecci\u00f3n de productos agr\u00edcolas secos (granos, semillas, legumbres, etc.) y el horneado de pan de corteza blanca.<\/p>\n<p>Gracias a su minuciosa y diversificada experiencia, en la actualidad, Stalam ofrece la m\u00e1s amplia y avanzada gama de equipos de secado y procesos t\u00e9rmicos no tradicionales para alimentos que permiten que los usuarios obtengan m\u00e1ximos beneficios en t\u00e9rminos de calidad del producto, seguridad alimentaria, gastos de operaci\u00f3n reducidos, y una alta flexibilidad y fiabilidad.<\/p>\n\n            <div class=\"grid-img\">\n                            <a href=\"https:\/\/www.stalam.com\/wp-content\/uploads\/2023\/05\/Tacchino.jpg\" class=\"swipebox\" data-rel=\"lightbox-image-bGlnaHRib3gtaW1hZ2UtMA==\" data-rl_title=\"\" data-rl_caption=\"\" title=\"\">\n                    <img loading=\"lazy\" decoding=\"async\" src=\"https:\/\/www.stalam.com\/wp-content\/uploads\/2023\/05\/Tacchino.jpg\" alt=\"\" width=\"600\" height=\"400\">\n                <\/a>\n                                        <a href=\"https:\/\/www.stalam.com\/wp-content\/uploads\/2023\/05\/Pasteurization-of-nuts-1.jpg\" class=\"swipebox\" data-rel=\"lightbox-image-bGlnaHRib3gtaW1hZ2UtMA==\" data-rl_title=\"\" data-rl_caption=\"\" title=\"\">\n                    <img loading=\"lazy\" decoding=\"async\" src=\"https:\/\/www.stalam.com\/wp-content\/uploads\/2023\/05\/Pasteurization-of-nuts-1.jpg\" alt=\"\" width=\"600\" height=\"400\">\n                <\/a>\n                    <\/div>\n    \n    \n    \n<\/div><\/div>\n<\/div>\n\n\n\n<div class=\"doubletext-col bgcolor-grey \">\n            <span class=\"title\">Principales ventajas de la tecnolog\u00eda RF de Stalam<\/span>\n    \n    <div class=\"grid-2\">\n        <div class=\"col\">\n                        <p>Alta eficiencia energ\u00e9tica y procesos cortos La cantidad de calor que se necesita se desarrolla directa e instant\u00e1neamente en el interior del producto, independientemente de su conductividad t\u00e9rmica, la densidad o el tama\u00f1o, sin ninguna p\u00e9rdida en el ambiente.<\/p>\n        <\/div>\n        <div class=\"col\">\n                        <p>Una calidad de producto extraordinaria Se han eliminado todos los inconvenientes causados por la transmisi\u00f3n de calor: el producto se calienta r\u00e1pidamente y de manera uniforme sin la t\u00edpica degradaci\u00f3n de la superficie que generalmente ocurren en los procesos tradicionales.<\/p>\n        <\/div>\n    <\/div>\n<\/div>\n\n\n<div class=\"fascia-newsletter bgcolor-grey \">\n    <div class=\"container-newsletter\">\n                    <span class=\"title\">\u00bfLe gustar\u00eda conocer m\u00e1s sobre nuestras soluciones?<\/span>\n        \n                    <a href=\"https:\/\/www.stalam.com\/es\/informacion-requerida\/?area=Alimentario\" title=\"Solicitar Informaci\u00f3n\" class=\"btn btn-filled-r\">\n                Solicitar Informaci\u00f3n            <\/a>\n            <\/div>\n<\/div>\n\n","protected":false},"excerpt":{"rendered":"","protected":false},"author":1,"featured_media":0,"parent":0,"menu_order":13,"comment_status":"closed","ping_status":"closed","template":"","meta":{"_acf_changed":false,"content-type":"","footnotes":""},"class_list":["post-3810","page","type-page","status-publish","hentry"],"acf":[],"yoast_head":"<!-- This site is optimized with the Yoast SEO Premium plugin v23.9 (Yoast SEO v27.3) - https:\/\/yoast.com\/product\/yoast-seo-premium-wordpress\/ -->\n<title>Aplicaci\u00f3n de nuestra tecnolog\u00eda a Alimentario | Stalam<\/title>\n<meta name=\"description\" content=\"Descubre la aplicaci\u00f3n de nuestra tecnolog\u00eda de radiofrecuencia a Alimentario!\" \/>\n<meta name=\"robots\" content=\"index, follow, max-snippet:-1, max-image-preview:large, max-video-preview:-1\" \/>\n<link rel=\"canonical\" href=\"https:\/\/www.stalam.com\/es\/alimentario\/\" \/>\n<meta property=\"og:locale\" content=\"es_ES\" \/>\n<meta property=\"og:type\" content=\"article\" \/>\n<meta property=\"og:title\" content=\"Alimentario\" \/>\n<meta property=\"og:description\" content=\"Descubre la aplicaci\u00f3n de nuestra tecnolog\u00eda de radiofrecuencia a Alimentario!\" \/>\n<meta property=\"og:url\" content=\"https:\/\/www.stalam.com\/es\/alimentario\/\" \/>\n<meta property=\"og:site_name\" content=\"Stalam\" \/>\n<meta property=\"article:publisher\" content=\"https:\/\/www.facebook.com\/Stalam-184036235760438\/\" \/>\n<meta property=\"article:modified_time\" content=\"2025-05-27T07:29:05+00:00\" \/>\n<meta property=\"og:image\" content=\"https:\/\/www.stalam.com\/wp-content\/uploads\/2023\/06\/stalam-logo.png\" \/>\n\t<meta property=\"og:image:width\" content=\"634\" \/>\n\t<meta property=\"og:image:height\" content=\"176\" \/>\n\t<meta property=\"og:image:type\" content=\"image\/png\" \/>\n<meta name=\"twitter:card\" content=\"summary_large_image\" \/>\n<meta name=\"twitter:label1\" content=\"Tiempo de lectura\" \/>\n\t<meta name=\"twitter:data1\" content=\"1 minuto\" \/>\n<script type=\"application\/ld+json\" class=\"yoast-schema-graph\">{\"@context\":\"https:\\\/\\\/schema.org\",\"@graph\":[{\"@type\":\"WebPage\",\"@id\":\"https:\\\/\\\/www.stalam.com\\\/es\\\/alimentario\\\/\",\"url\":\"https:\\\/\\\/www.stalam.com\\\/es\\\/alimentario\\\/\",\"name\":\"Aplicaci\u00f3n de nuestra tecnolog\u00eda a Alimentario | Stalam\",\"isPartOf\":{\"@id\":\"https:\\\/\\\/www.stalam.com\\\/#website\"},\"datePublished\":\"2023-05-24T08:10:21+00:00\",\"dateModified\":\"2025-05-27T07:29:05+00:00\",\"description\":\"Descubre la aplicaci\u00f3n de nuestra tecnolog\u00eda de radiofrecuencia a Alimentario!\",\"breadcrumb\":{\"@id\":\"https:\\\/\\\/www.stalam.com\\\/es\\\/alimentario\\\/#breadcrumb\"},\"inLanguage\":\"es\",\"potentialAction\":[{\"@type\":\"ReadAction\",\"target\":[\"https:\\\/\\\/www.stalam.com\\\/es\\\/alimentario\\\/\"]}]},{\"@type\":\"BreadcrumbList\",\"@id\":\"https:\\\/\\\/www.stalam.com\\\/es\\\/alimentario\\\/#breadcrumb\",\"itemListElement\":[{\"@type\":\"ListItem\",\"position\":1,\"name\":\"Home\",\"item\":\"https:\\\/\\\/www.stalam.com\\\/es\\\/\"},{\"@type\":\"ListItem\",\"position\":2,\"name\":\"Alimentario\"}]},{\"@type\":\"WebSite\",\"@id\":\"https:\\\/\\\/www.stalam.com\\\/#website\",\"url\":\"https:\\\/\\\/www.stalam.com\\\/\",\"name\":\"Stalam\",\"description\":\"\",\"publisher\":{\"@id\":\"https:\\\/\\\/www.stalam.com\\\/#organization\"},\"potentialAction\":[{\"@type\":\"SearchAction\",\"target\":{\"@type\":\"EntryPoint\",\"urlTemplate\":\"https:\\\/\\\/www.stalam.com\\\/?s={search_term_string}\"},\"query-input\":{\"@type\":\"PropertyValueSpecification\",\"valueRequired\":true,\"valueName\":\"search_term_string\"}}],\"inLanguage\":\"es\"},{\"@type\":\"Organization\",\"@id\":\"https:\\\/\\\/www.stalam.com\\\/#organization\",\"name\":\"Stalam\",\"url\":\"https:\\\/\\\/www.stalam.com\\\/\",\"logo\":{\"@type\":\"ImageObject\",\"inLanguage\":\"es\",\"@id\":\"https:\\\/\\\/www.stalam.com\\\/#\\\/schema\\\/logo\\\/image\\\/\",\"url\":\"https:\\\/\\\/www.stalam.com\\\/wp-content\\\/uploads\\\/2023\\\/06\\\/stalam-logo.png\",\"contentUrl\":\"https:\\\/\\\/www.stalam.com\\\/wp-content\\\/uploads\\\/2023\\\/06\\\/stalam-logo.png\",\"width\":634,\"height\":176,\"caption\":\"Stalam\"},\"image\":{\"@id\":\"https:\\\/\\\/www.stalam.com\\\/#\\\/schema\\\/logo\\\/image\\\/\"},\"sameAs\":[\"https:\\\/\\\/www.facebook.com\\\/Stalam-184036235760438\\\/\",\"https:\\\/\\\/www.linkedin.com\\\/company\\\/stalam\\\/\",\"https:\\\/\\\/www.youtube.com\\\/channel\\\/UCcl2pZ10KrADorPJccCu43Q\"]}]}<\/script>\n<!-- \/ Yoast SEO Premium plugin. -->","yoast_head_json":{"title":"Aplicaci\u00f3n de nuestra tecnolog\u00eda a Alimentario | Stalam","description":"Descubre la aplicaci\u00f3n de nuestra tecnolog\u00eda de radiofrecuencia a Alimentario!","robots":{"index":"index","follow":"follow","max-snippet":"max-snippet:-1","max-image-preview":"max-image-preview:large","max-video-preview":"max-video-preview:-1"},"canonical":"https:\/\/www.stalam.com\/es\/alimentario\/","og_locale":"es_ES","og_type":"article","og_title":"Alimentario","og_description":"Descubre la aplicaci\u00f3n de nuestra tecnolog\u00eda de radiofrecuencia a Alimentario!","og_url":"https:\/\/www.stalam.com\/es\/alimentario\/","og_site_name":"Stalam","article_publisher":"https:\/\/www.facebook.com\/Stalam-184036235760438\/","article_modified_time":"2025-05-27T07:29:05+00:00","og_image":[{"width":634,"height":176,"url":"https:\/\/www.stalam.com\/wp-content\/uploads\/2023\/06\/stalam-logo.png","type":"image\/png"}],"twitter_card":"summary_large_image","twitter_misc":{"Tiempo de lectura":"1 minuto"},"schema":{"@context":"https:\/\/schema.org","@graph":[{"@type":"WebPage","@id":"https:\/\/www.stalam.com\/es\/alimentario\/","url":"https:\/\/www.stalam.com\/es\/alimentario\/","name":"Aplicaci\u00f3n de nuestra tecnolog\u00eda a Alimentario | Stalam","isPartOf":{"@id":"https:\/\/www.stalam.com\/#website"},"datePublished":"2023-05-24T08:10:21+00:00","dateModified":"2025-05-27T07:29:05+00:00","description":"Descubre la aplicaci\u00f3n de nuestra tecnolog\u00eda de radiofrecuencia a Alimentario!","breadcrumb":{"@id":"https:\/\/www.stalam.com\/es\/alimentario\/#breadcrumb"},"inLanguage":"es","potentialAction":[{"@type":"ReadAction","target":["https:\/\/www.stalam.com\/es\/alimentario\/"]}]},{"@type":"BreadcrumbList","@id":"https:\/\/www.stalam.com\/es\/alimentario\/#breadcrumb","itemListElement":[{"@type":"ListItem","position":1,"name":"Home","item":"https:\/\/www.stalam.com\/es\/"},{"@type":"ListItem","position":2,"name":"Alimentario"}]},{"@type":"WebSite","@id":"https:\/\/www.stalam.com\/#website","url":"https:\/\/www.stalam.com\/","name":"Stalam","description":"","publisher":{"@id":"https:\/\/www.stalam.com\/#organization"},"potentialAction":[{"@type":"SearchAction","target":{"@type":"EntryPoint","urlTemplate":"https:\/\/www.stalam.com\/?s={search_term_string}"},"query-input":{"@type":"PropertyValueSpecification","valueRequired":true,"valueName":"search_term_string"}}],"inLanguage":"es"},{"@type":"Organization","@id":"https:\/\/www.stalam.com\/#organization","name":"Stalam","url":"https:\/\/www.stalam.com\/","logo":{"@type":"ImageObject","inLanguage":"es","@id":"https:\/\/www.stalam.com\/#\/schema\/logo\/image\/","url":"https:\/\/www.stalam.com\/wp-content\/uploads\/2023\/06\/stalam-logo.png","contentUrl":"https:\/\/www.stalam.com\/wp-content\/uploads\/2023\/06\/stalam-logo.png","width":634,"height":176,"caption":"Stalam"},"image":{"@id":"https:\/\/www.stalam.com\/#\/schema\/logo\/image\/"},"sameAs":["https:\/\/www.facebook.com\/Stalam-184036235760438\/","https:\/\/www.linkedin.com\/company\/stalam\/","https:\/\/www.youtube.com\/channel\/UCcl2pZ10KrADorPJccCu43Q"]}]}},"_links":{"self":[{"href":"https:\/\/www.stalam.com\/es\/wp-json\/wp\/v2\/pages\/3810","targetHints":{"allow":["GET"]}}],"collection":[{"href":"https:\/\/www.stalam.com\/es\/wp-json\/wp\/v2\/pages"}],"about":[{"href":"https:\/\/www.stalam.com\/es\/wp-json\/wp\/v2\/types\/page"}],"author":[{"embeddable":true,"href":"https:\/\/www.stalam.com\/es\/wp-json\/wp\/v2\/users\/1"}],"replies":[{"embeddable":true,"href":"https:\/\/www.stalam.com\/es\/wp-json\/wp\/v2\/comments?post=3810"}],"version-history":[{"count":10,"href":"https:\/\/www.stalam.com\/es\/wp-json\/wp\/v2\/pages\/3810\/revisions"}],"predecessor-version":[{"id":15166,"href":"https:\/\/www.stalam.com\/es\/wp-json\/wp\/v2\/pages\/3810\/revisions\/15166"}],"wp:attachment":[{"href":"https:\/\/www.stalam.com\/es\/wp-json\/wp\/v2\/media?parent=3810"}],"curies":[{"name":"wp","href":"https:\/\/api.w.org\/{rel}","templated":true}]}}