{"id":3814,"date":"2023-05-24T10:13:21","date_gmt":"2023-05-24T08:13:21","guid":{"rendered":"https:\/\/www.stalam.com\/alimentare\/applicazioni-per-le-fornerie-industriali\/pastorizzatori-wavesan\/"},"modified":"2024-08-27T12:13:06","modified_gmt":"2024-08-27T10:13:06","slug":"equipo-de-pasteurizacion-wavesan","status":"publish","type":"page","link":"https:\/\/www.stalam.com\/es\/alimentario\/usos-para-panaderias-industriales\/equipo-de-pasteurizacion-wavesan\/","title":{"rendered":"Equipo de pasteurizaci\u00f3n \u00abWAVESAN+\u00bb"},"content":{"rendered":"\n<div class=\"fascia-bread-title bgcolor-grey \">\n    <div class=\"container-fascia-bread-title\">\n        <p id=\"breadcrumbs\"><span><span><a href=\"https:\/\/www.stalam.com\/es\/\">Home<\/a><\/span><\/span><\/p>                    <span class=\"title\">ALIMENTARIO<\/span>\n                <h1 class=\"title-big\">Equipo de pasteurizaci\u00f3n \u00abWAVESAN+\u00bb<\/h1>\n    <\/div>\n<\/div>\n\n\n\n<div class=\"fascia-img-header\">\n    <img loading=\"lazy\" decoding=\"async\" src=\"https:\/\/www.stalam.com\/wp-content\/uploads\/2023\/05\/pasteurization-of-bread-2.jpg\" alt=\"\" width=\"600\" height=\"400\">\n<\/div>\n\n\n\n\n<div class=\"wp-block-columns col-fullwidth is-layout-flex wp-container-core-columns-is-layout-9d6595d7 wp-block-columns-is-layout-flex\">\n<div class=\"wp-block-column is-layout-flow wp-block-column-is-layout-flow\" style=\"flex-basis:33.33%\"><div class=\"sidebar-prodotti-container\"><div class=\"topbar-prodotti\" id=\"topbar\"><ul><li class=\"page_item page-item-3811 page_item_has_children\"><a href=\"https:\/\/www.stalam.com\/es\/alimentario\/usos-para-panaderias-industriales\/\">Usos para panader\u00edas industriales<\/a><\/li>\n<li class=\"page_item page-item-3822 page_item_has_children\"><a href=\"https:\/\/www.stalam.com\/es\/alimentario\/atemperado-y-descongelacion\/\">Atemperado y descongelacion<\/a><\/li>\n<li class=\"page_item page-item-3815 page_item_has_children\"><a href=\"https:\/\/www.stalam.com\/es\/alimentario\/desinfestacion-y-desinfeccion\/\">Desinfestaci\u00f3n y desinfecci\u00f3n<\/a><\/li>\n<li class=\"page_item page-item-3818 page_item_has_children\"><a href=\"https:\/\/www.stalam.com\/es\/alimentario\/pasteurizacion-y-esterilizacion\/\">Pasteurizaci\u00f3n y esterilizaci\u00f3n<\/a><\/li>\n<li class=\"page_item page-item-11550 page_item_has_children\"><a href=\"https:\/\/www.stalam.com\/es\/alimentario\/pasteurizacion-de-productos-liquidos\/\">Pasteurizaci\u00f3n de productos l\u00edquidos<\/a><\/li>\n<li class=\"page_item page-item-14825 page_item_has_children\"><a href=\"https:\/\/www.stalam.com\/es\/alimentario\/rellenado-y-precoccion\/\">Rellenado y precocci\u00f3n de productos l\u00edquidos<\/a><\/li>\n<a href=\"https:\/\/www.stalam.com\/richiesta-catalogo\/\" class=\"btn btn-filled-r\">Descargar cat\u00e1logo<\/a><\/ul><\/div><div class=\"sidebar-prodotti-left\"><p class=\"grandparent-page\">Alimentario<\/p><ul><li class=\"page_item page-item-3811 page_item_has_children\"><a href=\"https:\/\/www.stalam.com\/es\/alimentario\/usos-para-panaderias-industriales\/\">Usos para panader\u00edas industriales<\/a>\n<ul class='children'>\n\t<li class=\"page_item page-item-3812\"><a href=\"https:\/\/www.stalam.com\/es\/alimentario\/usos-para-panaderias-industriales\/secado-en-el-post-horneado-wavedry\/\">Secado en el post-horneado \u00abWAVEDRY+\u00bb<\/a><\/li>\n\t<li class=\"page_item page-item-3813\"><a href=\"https:\/\/www.stalam.com\/es\/alimentario\/usos-para-panaderias-industriales\/horno-para-pan-de-corteza-blanca-wavebake\/\">Horno para pan de corteza blanca \u00abWAVEBAKE+\u00bb<\/a><\/li>\n\t<li class=\"page_item page-item-3814\"><a href=\"https:\/\/www.stalam.com\/es\/alimentario\/usos-para-panaderias-industriales\/equipo-de-pasteurizacion-wavesan\/\">Equipo de pasteurizaci\u00f3n \u00abWAVESAN+\u00bb<\/a><\/li>\n<\/ul>\n<\/li>\n<li class=\"page_item page-item-3822 page_item_has_children\"><a href=\"https:\/\/www.stalam.com\/es\/alimentario\/atemperado-y-descongelacion\/\">Atemperado y descongelacion<\/a>\n<ul class='children'>\n\t<li class=\"page_item page-item-14947\"><a href=\"https:\/\/www.stalam.com\/es\/alimentario\/atemperado-y-descongelacion\/coldwave-2-0-the-new-generation\/\">\u00abCOLDWAVE+\u00bb 2.0 The New Generation<\/a><\/li>\n\t<li class=\"page_item page-item-3823\"><a href=\"https:\/\/www.stalam.com\/es\/alimentario\/atemperado-y-descongelacion\/equipo-de-descongelacion-rapida-de-carne-coldwave\/\">Equipo de descongelaci\u00f3n r\u00e1pida de carne \u00abCOLDWAVE+\u00bb<\/a><\/li>\n\t<li class=\"page_item page-item-3824\"><a href=\"https:\/\/www.stalam.com\/es\/alimentario\/atemperado-y-descongelacion\/equipo-de-descongelacion-rapida-para-pescados-y-mariscos-coldwave\/\">Equipo de descongelaci\u00f3n r\u00e1pida para pescados y mariscos \u00ab COLDWAVE+\u00bb<\/a><\/li>\n\t<li class=\"page_item page-item-3825\"><a href=\"https:\/\/www.stalam.com\/es\/alimentario\/atemperado-y-descongelacion\/equipo-de-descongelacion-rapida-de-verduras-frutas-y-otros-productos-coldwave\/\">Equipo de descongelaci\u00f3n r\u00e1pida de verduras, frutas y otros productos \u00abCOLDWAVE+\u00bb<\/a><\/li>\n\t<li class=\"page_item page-item-8941\"><a href=\"https:\/\/www.stalam.com\/es\/alimentario\/atemperado-y-descongelacion\/calculadora-de-recuperacion-de-perdidas-por-goteo\/\">Calculadora \u00abDrip Loss Payback\u00bb<\/a><\/li>\n<\/ul>\n<\/li>\n<li class=\"page_item page-item-3815 page_item_has_children\"><a href=\"https:\/\/www.stalam.com\/es\/alimentario\/desinfestacion-y-desinfeccion\/\">Desinfestaci\u00f3n y desinfecci\u00f3n<\/a>\n<ul class='children'>\n\t<li class=\"page_item page-item-3816\"><a href=\"https:\/\/www.stalam.com\/es\/alimentario\/desinfestacion-y-desinfeccion\/equipo-de-desinfestacion-y-desinfeccion-industrial-sanicrop\/\">Equipo de desinfestaci\u00f3n y desinfecci\u00f3n industrial \u00abSANICROP+\u00bb<\/a><\/li>\n\t<li class=\"page_item page-item-3817\"><a href=\"https:\/\/www.stalam.com\/es\/alimentario\/desinfestacion-y-desinfeccion\/desinfeccion-de-rf-de-especias-hierbas-aromaticas-y-medicinales-sanileaf\/\">Desinfecci\u00f3n de RF de especias, hierbas arom\u00e1ticas y medicinales \u00abSANILEAF+\u00bb<\/a><\/li>\n<\/ul>\n<\/li>\n<li class=\"page_item page-item-3818 page_item_has_children\"><a href=\"https:\/\/www.stalam.com\/es\/alimentario\/pasteurizacion-y-esterilizacion\/\">Pasteurizaci\u00f3n y esterilizaci\u00f3n<\/a>\n<ul class='children'>\n\t<li class=\"page_item page-item-3819\"><a href=\"https:\/\/www.stalam.com\/es\/alimentario\/pasteurizacion-y-esterilizacion\/pasteurizadores-para-productos-envasados-sanipack\/\">Pasteurizadores para productos envasados \u00abSANIPACK+\u00bb<\/a><\/li>\n<\/ul>\n<\/li>\n<li class=\"page_item page-item-11550 page_item_has_children\"><a href=\"https:\/\/www.stalam.com\/es\/alimentario\/pasteurizacion-de-productos-liquidos\/\">Pasteurizaci\u00f3n de productos l\u00edquidos<\/a>\n<ul class='children'>\n\t<li class=\"page_item page-item-3821\"><a href=\"https:\/\/www.stalam.com\/es\/alimentario\/pasteurizacion-de-productos-liquidos\/pasteurizadores-para-productos-liquidos-en-tuberia-sanifluid\/\">Pasteurizadores para productos l\u00edquidos en tuber\u00eda \u00abSANIFLUID+\u00bb<\/a><\/li>\n\t<li class=\"page_item page-item-3820\"><a href=\"https:\/\/www.stalam.com\/es\/alimentario\/pasteurizacion-de-productos-liquidos\/pasteurizador-para-huevo-liquido-eggpure\/\">Pasteurizador para huevo l\u00edquido \u00abEGGPURE+\u00bb<\/a><\/li>\n<\/ul>\n<\/li>\n<li class=\"page_item page-item-14825 page_item_has_children\"><a href=\"https:\/\/www.stalam.com\/es\/alimentario\/rellenado-y-precoccion\/\">Rellenado y precocci\u00f3n de productos l\u00edquidos<\/a>\n<ul class='children'>\n\t<li class=\"page_item page-item-14831\"><a href=\"https:\/\/www.stalam.com\/es\/alimentario\/rellenado-y-precoccion\/calentador-tipo-tubo-meatflow\/\">Calentador r\u00e1pido tipo tubo \u201cMEATFLOW+\u201d<\/a><\/li>\n<\/ul>\n<\/li>\n<a href=\"https:\/\/www.stalam.com\/richiesta-catalogo\/\" class=\"btn btn-filled-r\">Descargar cat\u00e1logo<\/a><\/ul><\/div><\/div>\n<\/div>\n\n\n\n<div class=\"wp-block-column is-layout-flow wp-block-column-is-layout-flow\" style=\"flex-basis:66.66%\"><div class=\"fascia-testo-btns-imgs\">\n    <p>Los m\u00e9todos tradicionales de <strong>pasteurizaci\u00f3n<\/strong> usan <strong>circulaci\u00f3n de aire caliente<\/strong> con <strong>goteo de agua caliente<\/strong> o <strong>inyecci\u00f3n de vapor directo<\/strong> en el <strong>armario de tratamiento<\/strong> o en el <strong>t\u00fanel<\/strong> para calentar los <strong>alimentos envasados<\/strong>. El aumento de la <strong>temperatura<\/strong> del producto es <strong>lento<\/strong> y <strong>no uniforme<\/strong> debido a la mala <strong>conductividad t\u00e9rmica<\/strong> del material de envasado, del aire o de la <strong>atm\u00f3sfera modificada<\/strong> contenida en el envase y dentro del sustrato del alimento. Para lograr un determinado nivel de <strong>temperatura<\/strong> en el punto m\u00e1s fr\u00edo del producto, se necesita un <strong>tiempo de calentamiento<\/strong> proporcionalmente largo que afecta, en particular, a las <strong>capas externas<\/strong> de los alimentos que est\u00e1n m\u00e1s expuestos al calor. Por consiguiente, el producto pierde su calidad en t\u00e9rminos de <strong>sensoriales<\/strong> (color, sabor, textura, etc.) y <strong>caracter\u00edsticas nutricionales<\/strong>.<\/p>\n<p>&nbsp;<\/p>\n<p>Las <strong>desventajas<\/strong> de los m\u00e9todos de pasteurizaci\u00f3n tradicionales se pueden evitar gracias a la capacidad de la <strong>radiofrecuencia<\/strong> de generar r\u00e1pidamente <strong>calor volum\u00e9trico<\/strong> dentro del producto. El <strong>proceso de calentamiento<\/strong> es <strong>r\u00e1pido<\/strong>, <strong>uniforme<\/strong> y <strong>controlado<\/strong>, por lo que se minimiza el <strong>deterioro del producto<\/strong>.<\/p>\n<p>&nbsp;<\/p>\n<p><strong>Stalam<\/strong> es la primera compa\u00f1\u00eda del mundo que ha desarrollado <strong>equipos industriales de pasteurizaci\u00f3n<\/strong> por <strong>radiofrecuencia<\/strong> para <strong>productos envasados<\/strong>, tales como <strong>barras de pan<\/strong>, <strong>pasta fresca<\/strong>, <strong>\u00f1oquis<\/strong>, etc.<\/p>\n<p>&nbsp;<\/p>\n\n            <div class=\"grid-img\">\n\n                            <a href=\"https:\/\/www.stalam.com\/wp-content\/uploads\/2023\/05\/Pasteurisation-equipment-2.jpg\" class=\"swipebox\" data-rel=\"lightbox-image-bGlnaHRib3gtaW1hZ2UtMA==\" data-rl_title=\"\" data-rl_caption=\"\" title=\"\">\n                    <img decoding=\"async\" loading=\"lazy\" src=\"https:\/\/www.stalam.com\/wp-content\/uploads\/2023\/05\/Pasteurisation-equipment-2.jpg\" alt=\"\" width=\"600\" height=\"400\">\n                <\/a>\n                            <a href=\"https:\/\/www.stalam.com\/wp-content\/uploads\/2023\/05\/Pasteurisation-1.jpg\" class=\"swipebox\" data-rel=\"lightbox-image-bGlnaHRib3gtaW1hZ2UtMA==\" data-rl_title=\"\" data-rl_caption=\"\" title=\"\">\n                    <img decoding=\"async\" loading=\"lazy\" src=\"https:\/\/www.stalam.com\/wp-content\/uploads\/2023\/05\/Pasteurisation-1.jpg\" alt=\"\" width=\"600\" height=\"400\">\n                <\/a>\n                            <a href=\"https:\/\/www.stalam.com\/wp-content\/uploads\/2023\/05\/RF-pasteur_boxes-1.jpg\" class=\"swipebox\" data-rel=\"lightbox-image-bGlnaHRib3gtaW1hZ2UtMA==\" data-rl_title=\"\" data-rl_caption=\"\" title=\"\">\n                    <img decoding=\"async\" loading=\"lazy\" src=\"https:\/\/www.stalam.com\/wp-content\/uploads\/2023\/05\/RF-pasteur_boxes-1.jpg\" alt=\"\" width=\"600\" height=\"400\">\n                <\/a>\n                            <a href=\"https:\/\/www.stalam.com\/wp-content\/uploads\/2023\/05\/bread-pasteurisation-1.jpg\" class=\"swipebox\" data-rel=\"lightbox-image-bGlnaHRib3gtaW1hZ2UtMA==\" data-rl_title=\"\" data-rl_caption=\"\" title=\"\">\n                    <img decoding=\"async\" loading=\"lazy\" src=\"https:\/\/www.stalam.com\/wp-content\/uploads\/2023\/05\/bread-pasteurisation-1.jpg\" alt=\"\" width=\"600\" height=\"400\">\n                <\/a>\n            \n        <\/div>\n    \n    \n<\/div>\n\n<div class=\"fascia-testo-btns-imgs\">\n    <p>&nbsp;<\/p>\n<p><span class=\"title\"> Beneficios <\/span><\/p>\n<p>&nbsp;<\/p>\n<p><strong>Tratamiento r\u00e1pido y uniforme<\/strong><br \/>\nLa reducci\u00f3n de la carga microbiana se logra en un tiempo muy breve gracias al proceso de calentamiento r\u00e1pido y uniforme en todo el producto y su envase, que no se basa en la transmisi\u00f3n de calor (lenta), aspecto t\u00edpico de los m\u00e9todos convencionales: el nivel de eliminaci\u00f3n de microbios necesario se obtiene en unos pocos minutos, en lugar de una hora o m\u00e1s.<\/p>\n<p>&nbsp;<\/p>\n<p><strong>El producto no se degrada<\/strong><br \/>\nLa velocidad y la uniformidad del proceso minimizan el riesgo de degradaci\u00f3n del producto (especialmente el deterioro de las caracter\u00edsticas sensoriales, qu\u00edmicas y f\u00edsicas), ayudando a preservar la calidad y la frescura del producto de la mejor forma, en particular en el caso de los productos sensibles al calor.<\/p>\n<p>&nbsp;<\/p>\n<p><strong>Proceso en l\u00ednea<\/strong><br \/>\nGracias a la alta velocidad del proceso, la pasteurizaci\u00f3n por radiofrecuencia se puede llevar a cabo de forma continua, con importantes ventajas desde el punto de vista log\u00edstico en la manipulaci\u00f3n de productos de los productos y la programaci\u00f3n de la producci\u00f3n<\/p>\n<p>&nbsp;<\/p>\n<p><strong>Tecnolog\u00eda que ahorra energ\u00eda<\/strong><br \/>\nSe obtener lograr un considerable ahorro de energ\u00eda gracias al r\u00e1pido proceso de calentamiento selectivo realizado por el campo de RF, que transfiere la energ\u00eda directamente al producto sin p\u00e9rdidas en el entorno.<\/p>\n<p>&nbsp;<\/p>\n<p><strong>Menos espacio requerido<\/strong><br \/>\nLos equipos de RF requieren menos espacio en comparaci\u00f3n con los sistemas tradicionales para la misma producci\u00f3n.<\/p>\n\n    \n            <div class=\"container-btns\">\n                            <a href=\"\/es\/informacion-requerida\/?producto=Equipo de pasteurizaci\u00f3n \u00abWAVESAN+\u00bb\" title=\"SOLICITAR INFORMACI\u00d3N\" class=\"btn btn-filled-r\">\n                    SOLICITAR INFORMACI\u00d3N                <\/a>\n                                        <a href=\"\/wp-content\/uploads\/2023\/05\/WAVESAN-Pasteurisation-1-1.pdf\" title=\"DATOS T\u00c9CNICOS\" class=\"btn btn-filled-t\">\n                    DATOS T\u00c9CNICOS                <\/a>\n                    <\/div>\n    \n<\/div><\/div>\n<\/div>\n","protected":false},"excerpt":{"rendered":"","protected":false},"author":1,"featured_media":0,"parent":3811,"menu_order":3,"comment_status":"closed","ping_status":"closed","template":"","meta":{"_acf_changed":false,"content-type":"","footnotes":""},"class_list":["post-3814","page","type-page","status-publish","hentry"],"acf":[],"yoast_head":"<!-- This site is optimized with the Yoast SEO Premium plugin v23.9 (Yoast SEO v25.7) - https:\/\/yoast.com\/wordpress\/plugins\/seo\/ -->\n<title>Radio Frecuencia para Alimentario, Equipo de pasteurizaci\u00f3n \u00abWAVESAN+\u00bb | Stalam<\/title>\n<meta name=\"description\" content=\"Descubre Equipo de pasteurizaci\u00f3n para panader\u00edas industriales, soluci\u00f3n de stalam para Alimentario!\" \/>\n<meta name=\"robots\" content=\"index, follow, max-snippet:-1, max-image-preview:large, max-video-preview:-1\" \/>\n<link rel=\"canonical\" href=\"https:\/\/www.stalam.com\/es\/alimentario\/usos-para-panaderias-industriales\/equipo-de-pasteurizacion-wavesan\/\" \/>\n<meta property=\"og:locale\" content=\"es_ES\" \/>\n<meta property=\"og:type\" content=\"article\" \/>\n<meta property=\"og:title\" content=\"Equipo de pasteurizaci\u00f3n \u00abWAVESAN+\u00bb\" \/>\n<meta property=\"og:description\" content=\"Descubre Equipo de pasteurizaci\u00f3n para panader\u00edas industriales, soluci\u00f3n de stalam para Alimentario!\" \/>\n<meta property=\"og:url\" content=\"https:\/\/www.stalam.com\/es\/alimentario\/usos-para-panaderias-industriales\/equipo-de-pasteurizacion-wavesan\/\" \/>\n<meta property=\"og:site_name\" content=\"Stalam\" \/>\n<meta property=\"article:publisher\" content=\"https:\/\/www.facebook.com\/Stalam-184036235760438\/\" \/>\n<meta property=\"article:modified_time\" content=\"2024-08-27T10:13:06+00:00\" \/>\n<meta property=\"og:image\" content=\"https:\/\/www.stalam.com\/wp-content\/uploads\/2023\/06\/stalam-logo.png\" \/>\n\t<meta property=\"og:image:width\" content=\"634\" \/>\n\t<meta property=\"og:image:height\" content=\"176\" \/>\n\t<meta property=\"og:image:type\" content=\"image\/png\" \/>\n<meta name=\"twitter:card\" content=\"summary_large_image\" \/>\n<meta name=\"twitter:label1\" content=\"Tiempo de lectura\" \/>\n\t<meta name=\"twitter:data1\" content=\"1 minuto\" \/>\n<script type=\"application\/ld+json\" class=\"yoast-schema-graph\">{\"@context\":\"https:\/\/schema.org\",\"@graph\":[{\"@type\":\"WebPage\",\"@id\":\"https:\/\/www.stalam.com\/es\/alimentario\/usos-para-panaderias-industriales\/equipo-de-pasteurizacion-wavesan\/\",\"url\":\"https:\/\/www.stalam.com\/es\/alimentario\/usos-para-panaderias-industriales\/equipo-de-pasteurizacion-wavesan\/\",\"name\":\"Radio Frecuencia para Alimentario, Equipo de pasteurizaci\u00f3n \u00abWAVESAN+\u00bb | Stalam\",\"isPartOf\":{\"@id\":\"https:\/\/www.stalam.com\/#website\"},\"datePublished\":\"2023-05-24T08:13:21+00:00\",\"dateModified\":\"2024-08-27T10:13:06+00:00\",\"description\":\"Descubre Equipo de pasteurizaci\u00f3n para panader\u00edas industriales, soluci\u00f3n de stalam para Alimentario!\",\"breadcrumb\":{\"@id\":\"https:\/\/www.stalam.com\/es\/alimentario\/usos-para-panaderias-industriales\/equipo-de-pasteurizacion-wavesan\/#breadcrumb\"},\"inLanguage\":\"es\",\"potentialAction\":[{\"@type\":\"ReadAction\",\"target\":[\"https:\/\/www.stalam.com\/es\/alimentario\/usos-para-panaderias-industriales\/equipo-de-pasteurizacion-wavesan\/\"]}]},{\"@type\":\"BreadcrumbList\",\"@id\":\"https:\/\/www.stalam.com\/es\/alimentario\/usos-para-panaderias-industriales\/equipo-de-pasteurizacion-wavesan\/#breadcrumb\",\"itemListElement\":[{\"@type\":\"ListItem\",\"position\":1,\"name\":\"Home\",\"item\":\"https:\/\/www.stalam.com\/es\/\"},{\"@type\":\"ListItem\",\"position\":2,\"name\":\"Alimentario\",\"item\":\"https:\/\/www.stalam.com\/es\/alimentario\/\"},{\"@type\":\"ListItem\",\"position\":3,\"name\":\"Usos para panader\u00edas industriales\",\"item\":\"https:\/\/www.stalam.com\/es\/alimentario\/usos-para-panaderias-industriales\/\"},{\"@type\":\"ListItem\",\"position\":4,\"name\":\"Equipo de pasteurizaci\u00f3n \u00abWAVESAN+\u00bb\"}]},{\"@type\":\"WebSite\",\"@id\":\"https:\/\/www.stalam.com\/#website\",\"url\":\"https:\/\/www.stalam.com\/\",\"name\":\"Stalam\",\"description\":\"\",\"publisher\":{\"@id\":\"https:\/\/www.stalam.com\/#organization\"},\"potentialAction\":[{\"@type\":\"SearchAction\",\"target\":{\"@type\":\"EntryPoint\",\"urlTemplate\":\"https:\/\/www.stalam.com\/?s={search_term_string}\"},\"query-input\":{\"@type\":\"PropertyValueSpecification\",\"valueRequired\":true,\"valueName\":\"search_term_string\"}}],\"inLanguage\":\"es\"},{\"@type\":\"Organization\",\"@id\":\"https:\/\/www.stalam.com\/#organization\",\"name\":\"Stalam\",\"url\":\"https:\/\/www.stalam.com\/\",\"logo\":{\"@type\":\"ImageObject\",\"inLanguage\":\"es\",\"@id\":\"https:\/\/www.stalam.com\/#\/schema\/logo\/image\/\",\"url\":\"https:\/\/www.stalam.com\/wp-content\/uploads\/2023\/06\/stalam-logo.png\",\"contentUrl\":\"https:\/\/www.stalam.com\/wp-content\/uploads\/2023\/06\/stalam-logo.png\",\"width\":634,\"height\":176,\"caption\":\"Stalam\"},\"image\":{\"@id\":\"https:\/\/www.stalam.com\/#\/schema\/logo\/image\/\"},\"sameAs\":[\"https:\/\/www.facebook.com\/Stalam-184036235760438\/\",\"https:\/\/www.linkedin.com\/company\/stalam\/\",\"https:\/\/www.youtube.com\/channel\/UCcl2pZ10KrADorPJccCu43Q\"]}]}<\/script>\n<!-- \/ Yoast SEO Premium plugin. -->","yoast_head_json":{"title":"Radio Frecuencia para Alimentario, Equipo de pasteurizaci\u00f3n \u00abWAVESAN+\u00bb | Stalam","description":"Descubre Equipo de pasteurizaci\u00f3n para panader\u00edas industriales, soluci\u00f3n de stalam para Alimentario!","robots":{"index":"index","follow":"follow","max-snippet":"max-snippet:-1","max-image-preview":"max-image-preview:large","max-video-preview":"max-video-preview:-1"},"canonical":"https:\/\/www.stalam.com\/es\/alimentario\/usos-para-panaderias-industriales\/equipo-de-pasteurizacion-wavesan\/","og_locale":"es_ES","og_type":"article","og_title":"Equipo de pasteurizaci\u00f3n \u00abWAVESAN+\u00bb","og_description":"Descubre Equipo de pasteurizaci\u00f3n para panader\u00edas industriales, soluci\u00f3n de stalam para Alimentario!","og_url":"https:\/\/www.stalam.com\/es\/alimentario\/usos-para-panaderias-industriales\/equipo-de-pasteurizacion-wavesan\/","og_site_name":"Stalam","article_publisher":"https:\/\/www.facebook.com\/Stalam-184036235760438\/","article_modified_time":"2024-08-27T10:13:06+00:00","og_image":[{"width":634,"height":176,"url":"https:\/\/www.stalam.com\/wp-content\/uploads\/2023\/06\/stalam-logo.png","type":"image\/png"}],"twitter_card":"summary_large_image","twitter_misc":{"Tiempo de lectura":"1 minuto"},"schema":{"@context":"https:\/\/schema.org","@graph":[{"@type":"WebPage","@id":"https:\/\/www.stalam.com\/es\/alimentario\/usos-para-panaderias-industriales\/equipo-de-pasteurizacion-wavesan\/","url":"https:\/\/www.stalam.com\/es\/alimentario\/usos-para-panaderias-industriales\/equipo-de-pasteurizacion-wavesan\/","name":"Radio Frecuencia para Alimentario, Equipo de pasteurizaci\u00f3n \u00abWAVESAN+\u00bb | Stalam","isPartOf":{"@id":"https:\/\/www.stalam.com\/#website"},"datePublished":"2023-05-24T08:13:21+00:00","dateModified":"2024-08-27T10:13:06+00:00","description":"Descubre Equipo de pasteurizaci\u00f3n para panader\u00edas industriales, soluci\u00f3n de stalam para Alimentario!","breadcrumb":{"@id":"https:\/\/www.stalam.com\/es\/alimentario\/usos-para-panaderias-industriales\/equipo-de-pasteurizacion-wavesan\/#breadcrumb"},"inLanguage":"es","potentialAction":[{"@type":"ReadAction","target":["https:\/\/www.stalam.com\/es\/alimentario\/usos-para-panaderias-industriales\/equipo-de-pasteurizacion-wavesan\/"]}]},{"@type":"BreadcrumbList","@id":"https:\/\/www.stalam.com\/es\/alimentario\/usos-para-panaderias-industriales\/equipo-de-pasteurizacion-wavesan\/#breadcrumb","itemListElement":[{"@type":"ListItem","position":1,"name":"Home","item":"https:\/\/www.stalam.com\/es\/"},{"@type":"ListItem","position":2,"name":"Alimentario","item":"https:\/\/www.stalam.com\/es\/alimentario\/"},{"@type":"ListItem","position":3,"name":"Usos para panader\u00edas industriales","item":"https:\/\/www.stalam.com\/es\/alimentario\/usos-para-panaderias-industriales\/"},{"@type":"ListItem","position":4,"name":"Equipo de pasteurizaci\u00f3n \u00abWAVESAN+\u00bb"}]},{"@type":"WebSite","@id":"https:\/\/www.stalam.com\/#website","url":"https:\/\/www.stalam.com\/","name":"Stalam","description":"","publisher":{"@id":"https:\/\/www.stalam.com\/#organization"},"potentialAction":[{"@type":"SearchAction","target":{"@type":"EntryPoint","urlTemplate":"https:\/\/www.stalam.com\/?s={search_term_string}"},"query-input":{"@type":"PropertyValueSpecification","valueRequired":true,"valueName":"search_term_string"}}],"inLanguage":"es"},{"@type":"Organization","@id":"https:\/\/www.stalam.com\/#organization","name":"Stalam","url":"https:\/\/www.stalam.com\/","logo":{"@type":"ImageObject","inLanguage":"es","@id":"https:\/\/www.stalam.com\/#\/schema\/logo\/image\/","url":"https:\/\/www.stalam.com\/wp-content\/uploads\/2023\/06\/stalam-logo.png","contentUrl":"https:\/\/www.stalam.com\/wp-content\/uploads\/2023\/06\/stalam-logo.png","width":634,"height":176,"caption":"Stalam"},"image":{"@id":"https:\/\/www.stalam.com\/#\/schema\/logo\/image\/"},"sameAs":["https:\/\/www.facebook.com\/Stalam-184036235760438\/","https:\/\/www.linkedin.com\/company\/stalam\/","https:\/\/www.youtube.com\/channel\/UCcl2pZ10KrADorPJccCu43Q"]}]}},"_links":{"self":[{"href":"https:\/\/www.stalam.com\/es\/wp-json\/wp\/v2\/pages\/3814","targetHints":{"allow":["GET"]}}],"collection":[{"href":"https:\/\/www.stalam.com\/es\/wp-json\/wp\/v2\/pages"}],"about":[{"href":"https:\/\/www.stalam.com\/es\/wp-json\/wp\/v2\/types\/page"}],"author":[{"embeddable":true,"href":"https:\/\/www.stalam.com\/es\/wp-json\/wp\/v2\/users\/1"}],"replies":[{"embeddable":true,"href":"https:\/\/www.stalam.com\/es\/wp-json\/wp\/v2\/comments?post=3814"}],"version-history":[{"count":13,"href":"https:\/\/www.stalam.com\/es\/wp-json\/wp\/v2\/pages\/3814\/revisions"}],"predecessor-version":[{"id":12726,"href":"https:\/\/www.stalam.com\/es\/wp-json\/wp\/v2\/pages\/3814\/revisions\/12726"}],"up":[{"embeddable":true,"href":"https:\/\/www.stalam.com\/es\/wp-json\/wp\/v2\/pages\/3811"}],"wp:attachment":[{"href":"https:\/\/www.stalam.com\/es\/wp-json\/wp\/v2\/media?parent=3814"}],"curies":[{"name":"wp","href":"https:\/\/api.w.org\/{rel}","templated":true}]}}