{"id":3816,"date":"2023-05-24T10:13:24","date_gmt":"2023-05-24T08:13:24","guid":{"rendered":"https:\/\/www.stalam.com\/alimentare\/disinfestazione-e-sanificazione\/impianti-industriali-per-disinfestazione-e-sanificazione-sanicrop\/"},"modified":"2025-06-10T14:59:14","modified_gmt":"2025-06-10T12:59:14","slug":"equipo-de-desinfestacion-y-desinfeccion-industrial-sanicrop","status":"publish","type":"page","link":"https:\/\/www.stalam.com\/es\/alimentario\/desinfestacion-y-desinfeccion\/equipo-de-desinfestacion-y-desinfeccion-industrial-sanicrop\/","title":{"rendered":"Equipo de desinfestaci\u00f3n y desinfecci\u00f3n industrial \u00abSANICROP+\u00bb"},"content":{"rendered":"\n<div class=\"fascia-bread-title bgcolor-grey \">\n    <div class=\"container-fascia-bread-title\">\n        <p id=\"breadcrumbs\"><span><span><a href=\"https:\/\/www.stalam.com\/es\/\">Home<\/a><\/span><\/span><\/p>                    <span class=\"title\">ALIMENTARIO<\/span>\n                <h1 class=\"title-big\">Equipo de desinfestaci\u00f3n y desinfecci\u00f3n industrial \u00abSANICROP+\u00bb<\/h1>\n    <\/div>\n<\/div>\n\n\n\n<div class=\"fascia-img-header\">\n    <img loading=\"lazy\" decoding=\"async\" src=\"https:\/\/www.stalam.com\/wp-content\/uploads\/2023\/05\/Disinfestation-and-sanitisation-equipment-1-3.jpg\" alt=\"\" width=\"600\" height=\"400\">\n<\/div>\n\n\n\n\n<div class=\"wp-block-columns col-fullwidth is-layout-flex wp-container-core-columns-is-layout-9d6595d7 wp-block-columns-is-layout-flex\">\n<div class=\"wp-block-column is-layout-flow wp-block-column-is-layout-flow\" style=\"flex-basis:33.33%\"><div class=\"sidebar-prodotti-container\"><div class=\"topbar-prodotti\" id=\"topbar\"><ul><li class=\"page_item page-item-3811 page_item_has_children\"><a href=\"https:\/\/www.stalam.com\/es\/alimentario\/usos-para-panaderias-industriales\/\">Usos para panader\u00edas industriales<\/a><\/li>\n<li class=\"page_item page-item-3822 page_item_has_children\"><a href=\"https:\/\/www.stalam.com\/es\/alimentario\/atemperado-y-descongelacion\/\">Atemperado y descongelacion<\/a><\/li>\n<li class=\"page_item page-item-3815 page_item_has_children\"><a href=\"https:\/\/www.stalam.com\/es\/alimentario\/desinfestacion-y-desinfeccion\/\">Desinfestaci\u00f3n y desinfecci\u00f3n<\/a><\/li>\n<li class=\"page_item page-item-3818 page_item_has_children\"><a href=\"https:\/\/www.stalam.com\/es\/alimentario\/pasteurizacion-y-esterilizacion\/\">Pasteurizaci\u00f3n y esterilizaci\u00f3n<\/a><\/li>\n<li class=\"page_item page-item-11550 page_item_has_children\"><a href=\"https:\/\/www.stalam.com\/es\/alimentario\/pasteurizacion-de-productos-liquidos\/\">Pasteurizaci\u00f3n de productos l\u00edquidos<\/a><\/li>\n<li class=\"page_item page-item-14825 page_item_has_children\"><a href=\"https:\/\/www.stalam.com\/es\/alimentario\/rellenado-y-precoccion\/\">Rellenado y precocci\u00f3n de productos l\u00edquidos<\/a><\/li>\n<a href=\"https:\/\/www.stalam.com\/richiesta-catalogo\/\" class=\"btn btn-filled-r\">Descargar cat\u00e1logo<\/a><\/ul><\/div><div class=\"sidebar-prodotti-left\"><p class=\"grandparent-page\">Alimentario<\/p><ul><li class=\"page_item page-item-3811 page_item_has_children\"><a href=\"https:\/\/www.stalam.com\/es\/alimentario\/usos-para-panaderias-industriales\/\">Usos para panader\u00edas industriales<\/a>\n<ul class='children'>\n\t<li class=\"page_item page-item-3812\"><a href=\"https:\/\/www.stalam.com\/es\/alimentario\/usos-para-panaderias-industriales\/secado-en-el-post-horneado-wavedry\/\">Secado en el post-horneado \u00abWAVEDRY+\u00bb<\/a><\/li>\n\t<li class=\"page_item page-item-3813\"><a href=\"https:\/\/www.stalam.com\/es\/alimentario\/usos-para-panaderias-industriales\/horno-para-pan-de-corteza-blanca-wavebake\/\">Horno para pan de corteza blanca \u00abWAVEBAKE+\u00bb<\/a><\/li>\n\t<li class=\"page_item page-item-3814\"><a href=\"https:\/\/www.stalam.com\/es\/alimentario\/usos-para-panaderias-industriales\/equipo-de-pasteurizacion-wavesan\/\">Equipo de pasteurizaci\u00f3n \u00abWAVESAN+\u00bb<\/a><\/li>\n<\/ul>\n<\/li>\n<li class=\"page_item page-item-3822 page_item_has_children\"><a href=\"https:\/\/www.stalam.com\/es\/alimentario\/atemperado-y-descongelacion\/\">Atemperado y descongelacion<\/a>\n<ul class='children'>\n\t<li class=\"page_item page-item-14947\"><a href=\"https:\/\/www.stalam.com\/es\/alimentario\/atemperado-y-descongelacion\/coldwave-2-0-the-new-generation\/\">\u00abCOLDWAVE+\u00bb 2.0 The New Generation<\/a><\/li>\n\t<li class=\"page_item page-item-3823\"><a href=\"https:\/\/www.stalam.com\/es\/alimentario\/atemperado-y-descongelacion\/equipo-de-descongelacion-rapida-de-carne-coldwave\/\">Equipo de descongelaci\u00f3n r\u00e1pida de carne \u00abCOLDWAVE+\u00bb<\/a><\/li>\n\t<li class=\"page_item page-item-3824\"><a href=\"https:\/\/www.stalam.com\/es\/alimentario\/atemperado-y-descongelacion\/equipo-de-descongelacion-rapida-para-pescados-y-mariscos-coldwave\/\">Equipo de descongelaci\u00f3n r\u00e1pida para pescados y mariscos \u00ab COLDWAVE+\u00bb<\/a><\/li>\n\t<li class=\"page_item page-item-3825\"><a href=\"https:\/\/www.stalam.com\/es\/alimentario\/atemperado-y-descongelacion\/equipo-de-descongelacion-rapida-de-verduras-frutas-y-otros-productos-coldwave\/\">Equipo de descongelaci\u00f3n r\u00e1pida de verduras, frutas y otros productos \u00abCOLDWAVE+\u00bb<\/a><\/li>\n\t<li class=\"page_item page-item-8941\"><a href=\"https:\/\/www.stalam.com\/es\/alimentario\/atemperado-y-descongelacion\/calculadora-de-recuperacion-de-perdidas-por-goteo\/\">Calculadora \u00abDrip Loss Payback\u00bb<\/a><\/li>\n<\/ul>\n<\/li>\n<li class=\"page_item page-item-3815 page_item_has_children\"><a href=\"https:\/\/www.stalam.com\/es\/alimentario\/desinfestacion-y-desinfeccion\/\">Desinfestaci\u00f3n y desinfecci\u00f3n<\/a>\n<ul class='children'>\n\t<li class=\"page_item page-item-3816\"><a href=\"https:\/\/www.stalam.com\/es\/alimentario\/desinfestacion-y-desinfeccion\/equipo-de-desinfestacion-y-desinfeccion-industrial-sanicrop\/\">Equipo de desinfestaci\u00f3n y desinfecci\u00f3n industrial \u00abSANICROP+\u00bb<\/a><\/li>\n\t<li class=\"page_item page-item-3817\"><a href=\"https:\/\/www.stalam.com\/es\/alimentario\/desinfestacion-y-desinfeccion\/desinfeccion-de-rf-de-especias-hierbas-aromaticas-y-medicinales-sanileaf\/\">Desinfecci\u00f3n de RF de especias, hierbas arom\u00e1ticas y medicinales \u00abSANILEAF+\u00bb<\/a><\/li>\n<\/ul>\n<\/li>\n<li class=\"page_item page-item-3818 page_item_has_children\"><a href=\"https:\/\/www.stalam.com\/es\/alimentario\/pasteurizacion-y-esterilizacion\/\">Pasteurizaci\u00f3n y esterilizaci\u00f3n<\/a>\n<ul class='children'>\n\t<li class=\"page_item page-item-3819\"><a href=\"https:\/\/www.stalam.com\/es\/alimentario\/pasteurizacion-y-esterilizacion\/pasteurizadores-para-productos-envasados-sanipack\/\">Pasteurizadores para productos envasados \u00abSANIPACK+\u00bb<\/a><\/li>\n<\/ul>\n<\/li>\n<li class=\"page_item page-item-11550 page_item_has_children\"><a href=\"https:\/\/www.stalam.com\/es\/alimentario\/pasteurizacion-de-productos-liquidos\/\">Pasteurizaci\u00f3n de productos l\u00edquidos<\/a>\n<ul class='children'>\n\t<li class=\"page_item page-item-3821\"><a href=\"https:\/\/www.stalam.com\/es\/alimentario\/pasteurizacion-de-productos-liquidos\/pasteurizadores-para-productos-liquidos-en-tuberia-sanifluid\/\">Pasteurizadores para productos l\u00edquidos en tuber\u00eda \u00abSANIFLUID+\u00bb<\/a><\/li>\n\t<li class=\"page_item page-item-3820\"><a href=\"https:\/\/www.stalam.com\/es\/alimentario\/pasteurizacion-de-productos-liquidos\/pasteurizador-para-huevo-liquido-eggpure\/\">Pasteurizador para huevo l\u00edquido \u00abEGGPURE+\u00bb<\/a><\/li>\n<\/ul>\n<\/li>\n<li class=\"page_item page-item-14825 page_item_has_children\"><a href=\"https:\/\/www.stalam.com\/es\/alimentario\/rellenado-y-precoccion\/\">Rellenado y precocci\u00f3n de productos l\u00edquidos<\/a>\n<ul class='children'>\n\t<li class=\"page_item page-item-14831\"><a href=\"https:\/\/www.stalam.com\/es\/alimentario\/rellenado-y-precoccion\/calentador-tipo-tubo-meatflow\/\">Calentador r\u00e1pido tipo tubo \u201cMEATFLOW+\u201d<\/a><\/li>\n<\/ul>\n<\/li>\n<a href=\"https:\/\/www.stalam.com\/richiesta-catalogo\/\" class=\"btn btn-filled-r\">Descargar cat\u00e1logo<\/a><\/ul><\/div><\/div>\n<\/div>\n\n\n\n<div class=\"wp-block-column is-layout-flow wp-block-column-is-layout-flow\" style=\"flex-basis:66.66%\"><div class=\"fascia-testo-btns-imgs\">\n    <p>En el sistema \u00abRF\u00bb de Stalam, el producto entra en la secci\u00f3n de entrada mediante una tolva incorporada de alimentaci\u00f3n volum\u00e9trica que garantiza la consistencia de la carga y el grosor deseado, y se pasa a trav\u00e9s del t\u00fanel de tratamiento mediante una cinta transportadora de grado alimentario.<\/p>\n<p>&nbsp;<\/p>\n<p>En el t\u00fanel de tratamiento, el producto pasa a trav\u00e9s del campo electromagn\u00e9tico generado por un par de electrodos colocados encima y debajo de la cinta transportadora. El suministro de energ\u00eda de radiofrecuencia se puede ajustar con precisi\u00f3n para garantizar un proceso controlado perfectamente en una amplia gama de productos con un contenido de humedad de mediano a bajo.<\/p>\n<p>&nbsp;<\/p>\n<p>El control por PLC garantiza un proceso fiable, repetible y seguro y permite gestionar f\u00e1cilmente los par\u00e1metros de funcionamiento necesarios para obtener los objetivos del cliente. En pocos minutos, el producto sale del t\u00fanel de tratamiento y se carga delicadamente sobre el sistema transportador que lo llevar\u00e1 a las fases posteriores del tratamiento.<\/p>\n<p>&nbsp;<\/p>\n\n            <div class=\"grid-img\">\n\n                            <a href=\"https:\/\/www.stalam.com\/wp-content\/uploads\/2023\/05\/SANICROP-def-low-1.jpg\" class=\"swipebox\" data-rel=\"lightbox-image-bGlnaHRib3gtaW1hZ2UtMA==\" data-rl_title=\"\" data-rl_caption=\"\" title=\"\">\n                    <img decoding=\"async\" loading=\"lazy\" src=\"https:\/\/www.stalam.com\/wp-content\/uploads\/2023\/05\/SANICROP-def-low-1.jpg\" alt=\"\" width=\"600\" height=\"400\">\n                <\/a>\n                            <a href=\"https:\/\/www.stalam.com\/wp-content\/uploads\/2023\/05\/CIMG6870-1.jpg\" class=\"swipebox\" data-rel=\"lightbox-image-bGlnaHRib3gtaW1hZ2UtMA==\" data-rl_title=\"\" data-rl_caption=\"\" title=\"\">\n                    <img decoding=\"async\" loading=\"lazy\" src=\"https:\/\/www.stalam.com\/wp-content\/uploads\/2023\/05\/CIMG6870-1.jpg\" alt=\"\" width=\"600\" height=\"400\">\n                <\/a>\n                            <a href=\"https:\/\/www.stalam.com\/wp-content\/uploads\/2023\/05\/P1060869-1.jpg\" class=\"swipebox\" data-rel=\"lightbox-image-bGlnaHRib3gtaW1hZ2UtMA==\" data-rl_title=\"\" data-rl_caption=\"\" title=\"\">\n                    <img decoding=\"async\" loading=\"lazy\" src=\"https:\/\/www.stalam.com\/wp-content\/uploads\/2023\/05\/P1060869-1.jpg\" alt=\"\" width=\"600\" height=\"400\">\n                <\/a>\n                            <a href=\"https:\/\/www.stalam.com\/wp-content\/uploads\/2023\/05\/Pasteurization-of-nuts-1-1.jpg\" class=\"swipebox\" data-rel=\"lightbox-image-bGlnaHRib3gtaW1hZ2UtMA==\" data-rl_title=\"\" data-rl_caption=\"\" title=\"\">\n                    <img decoding=\"async\" loading=\"lazy\" src=\"https:\/\/www.stalam.com\/wp-content\/uploads\/2023\/05\/Pasteurization-of-nuts-1-1.jpg\" alt=\"\" width=\"600\" height=\"400\">\n                <\/a>\n            \n        <\/div>\n    \n            <div class=\"container-btns\">\n                            <a href=\"\/es\/informacion-requerida\/?producto=Equipo de desinfestaci\u00f3n y desinfecci\u00f3n industrial \u00abSANICROP+\u00bb\" title=\"SOLICITAR INFORMACI\u00d3N\" class=\"btn btn-filled-r\">\n                    SOLICITAR INFORMACI\u00d3N                <\/a>\n                                        <a href=\"\/wp-content\/uploads\/2023\/05\/SANICROP-_-sanitisation-of-agri-1.pdf\" title=\" DATOS T\u00c9CNICOS\" class=\"btn btn-filled-t\">\n                     DATOS T\u00c9CNICOS                <\/a>\n                    <\/div>\n    \n<\/div><\/div>\n<\/div>\n\n\n\n<div class=\"fascia-newsletter bgcolor-grey \">\n    <div class=\"container-newsletter\">\n                    <span class=\"title\">\u00bfLe gustar\u00eda conocer m\u00e1s sobre nuestras soluciones?<\/span>\n        \n                    <a href=\"https:\/\/www.stalam.com\/es\/informacion-requerida\/\" title=\"Solicitar informaci\u00f3n\" class=\"btn btn-filled-r\">\n                Solicitar informaci\u00f3n            <\/a>\n            <\/div>\n<\/div>\n\n","protected":false},"excerpt":{"rendered":"","protected":false},"author":1,"featured_media":0,"parent":3815,"menu_order":1,"comment_status":"closed","ping_status":"closed","template":"","meta":{"_acf_changed":false,"content-type":"","footnotes":""},"class_list":["post-3816","page","type-page","status-publish","hentry"],"acf":[],"yoast_head":"<!-- This site is optimized with the Yoast SEO Premium plugin v23.9 (Yoast SEO v25.7) - https:\/\/yoast.com\/wordpress\/plugins\/seo\/ -->\n<title>Radio Frecuencia para Alimentario, Equipo de desinfestaci\u00f3n y desinfecci\u00f3n industrial \u00abSANICROP+\u00bb | Stalam<\/title>\n<meta name=\"description\" content=\"Descubre Equipo de RF patentado para la desinfestaci\u00f3n y desinfecci\u00f3n de productos agr\u00edcolas, soluci\u00f3n de stalam para Alimentario!\" \/>\n<meta name=\"robots\" content=\"index, follow, max-snippet:-1, max-image-preview:large, max-video-preview:-1\" \/>\n<link rel=\"canonical\" href=\"https:\/\/www.stalam.com\/es\/alimentario\/desinfestacion-y-desinfeccion\/equipo-de-desinfestacion-y-desinfeccion-industrial-sanicrop\/\" \/>\n<meta property=\"og:locale\" content=\"es_ES\" \/>\n<meta property=\"og:type\" content=\"article\" \/>\n<meta property=\"og:title\" content=\"Equipo de desinfestaci\u00f3n y desinfecci\u00f3n industrial \u00abSANICROP+\u00bb\" \/>\n<meta property=\"og:description\" content=\"Descubre Equipo de RF patentado para la desinfestaci\u00f3n y desinfecci\u00f3n de productos agr\u00edcolas, soluci\u00f3n de stalam para Alimentario!\" \/>\n<meta property=\"og:url\" content=\"https:\/\/www.stalam.com\/es\/alimentario\/desinfestacion-y-desinfeccion\/equipo-de-desinfestacion-y-desinfeccion-industrial-sanicrop\/\" \/>\n<meta property=\"og:site_name\" content=\"Stalam\" \/>\n<meta property=\"article:publisher\" content=\"https:\/\/www.facebook.com\/Stalam-184036235760438\/\" \/>\n<meta property=\"article:modified_time\" content=\"2025-06-10T12:59:14+00:00\" \/>\n<meta property=\"og:image\" content=\"https:\/\/www.stalam.com\/wp-content\/uploads\/2023\/06\/stalam-logo.png\" \/>\n\t<meta property=\"og:image:width\" content=\"634\" \/>\n\t<meta property=\"og:image:height\" content=\"176\" \/>\n\t<meta property=\"og:image:type\" content=\"image\/png\" \/>\n<meta name=\"twitter:card\" content=\"summary_large_image\" \/>\n<meta name=\"twitter:label1\" content=\"Tiempo de lectura\" \/>\n\t<meta name=\"twitter:data1\" content=\"1 minuto\" \/>\n<script type=\"application\/ld+json\" class=\"yoast-schema-graph\">{\"@context\":\"https:\/\/schema.org\",\"@graph\":[{\"@type\":\"WebPage\",\"@id\":\"https:\/\/www.stalam.com\/es\/alimentario\/desinfestacion-y-desinfeccion\/equipo-de-desinfestacion-y-desinfeccion-industrial-sanicrop\/\",\"url\":\"https:\/\/www.stalam.com\/es\/alimentario\/desinfestacion-y-desinfeccion\/equipo-de-desinfestacion-y-desinfeccion-industrial-sanicrop\/\",\"name\":\"Radio Frecuencia para Alimentario, Equipo de desinfestaci\u00f3n y desinfecci\u00f3n industrial \u00abSANICROP+\u00bb | Stalam\",\"isPartOf\":{\"@id\":\"https:\/\/www.stalam.com\/#website\"},\"datePublished\":\"2023-05-24T08:13:24+00:00\",\"dateModified\":\"2025-06-10T12:59:14+00:00\",\"description\":\"Descubre Equipo de RF patentado para la desinfestaci\u00f3n y desinfecci\u00f3n de productos agr\u00edcolas, soluci\u00f3n de stalam para Alimentario!\",\"breadcrumb\":{\"@id\":\"https:\/\/www.stalam.com\/es\/alimentario\/desinfestacion-y-desinfeccion\/equipo-de-desinfestacion-y-desinfeccion-industrial-sanicrop\/#breadcrumb\"},\"inLanguage\":\"es\",\"potentialAction\":[{\"@type\":\"ReadAction\",\"target\":[\"https:\/\/www.stalam.com\/es\/alimentario\/desinfestacion-y-desinfeccion\/equipo-de-desinfestacion-y-desinfeccion-industrial-sanicrop\/\"]}]},{\"@type\":\"BreadcrumbList\",\"@id\":\"https:\/\/www.stalam.com\/es\/alimentario\/desinfestacion-y-desinfeccion\/equipo-de-desinfestacion-y-desinfeccion-industrial-sanicrop\/#breadcrumb\",\"itemListElement\":[{\"@type\":\"ListItem\",\"position\":1,\"name\":\"Home\",\"item\":\"https:\/\/www.stalam.com\/es\/\"},{\"@type\":\"ListItem\",\"position\":2,\"name\":\"Alimentario\",\"item\":\"https:\/\/www.stalam.com\/es\/alimentario\/\"},{\"@type\":\"ListItem\",\"position\":3,\"name\":\"Desinfestaci\u00f3n y desinfecci\u00f3n\",\"item\":\"https:\/\/www.stalam.com\/es\/alimentario\/desinfestacion-y-desinfeccion\/\"},{\"@type\":\"ListItem\",\"position\":4,\"name\":\"Equipo de desinfestaci\u00f3n y desinfecci\u00f3n industrial \u00abSANICROP+\u00bb\"}]},{\"@type\":\"WebSite\",\"@id\":\"https:\/\/www.stalam.com\/#website\",\"url\":\"https:\/\/www.stalam.com\/\",\"name\":\"Stalam\",\"description\":\"\",\"publisher\":{\"@id\":\"https:\/\/www.stalam.com\/#organization\"},\"potentialAction\":[{\"@type\":\"SearchAction\",\"target\":{\"@type\":\"EntryPoint\",\"urlTemplate\":\"https:\/\/www.stalam.com\/?s={search_term_string}\"},\"query-input\":{\"@type\":\"PropertyValueSpecification\",\"valueRequired\":true,\"valueName\":\"search_term_string\"}}],\"inLanguage\":\"es\"},{\"@type\":\"Organization\",\"@id\":\"https:\/\/www.stalam.com\/#organization\",\"name\":\"Stalam\",\"url\":\"https:\/\/www.stalam.com\/\",\"logo\":{\"@type\":\"ImageObject\",\"inLanguage\":\"es\",\"@id\":\"https:\/\/www.stalam.com\/#\/schema\/logo\/image\/\",\"url\":\"https:\/\/www.stalam.com\/wp-content\/uploads\/2023\/06\/stalam-logo.png\",\"contentUrl\":\"https:\/\/www.stalam.com\/wp-content\/uploads\/2023\/06\/stalam-logo.png\",\"width\":634,\"height\":176,\"caption\":\"Stalam\"},\"image\":{\"@id\":\"https:\/\/www.stalam.com\/#\/schema\/logo\/image\/\"},\"sameAs\":[\"https:\/\/www.facebook.com\/Stalam-184036235760438\/\",\"https:\/\/www.linkedin.com\/company\/stalam\/\",\"https:\/\/www.youtube.com\/channel\/UCcl2pZ10KrADorPJccCu43Q\"]}]}<\/script>\n<!-- \/ Yoast SEO Premium plugin. -->","yoast_head_json":{"title":"Radio Frecuencia para Alimentario, Equipo de desinfestaci\u00f3n y desinfecci\u00f3n industrial \u00abSANICROP+\u00bb | Stalam","description":"Descubre Equipo de RF patentado para la desinfestaci\u00f3n y desinfecci\u00f3n de productos agr\u00edcolas, soluci\u00f3n de stalam para Alimentario!","robots":{"index":"index","follow":"follow","max-snippet":"max-snippet:-1","max-image-preview":"max-image-preview:large","max-video-preview":"max-video-preview:-1"},"canonical":"https:\/\/www.stalam.com\/es\/alimentario\/desinfestacion-y-desinfeccion\/equipo-de-desinfestacion-y-desinfeccion-industrial-sanicrop\/","og_locale":"es_ES","og_type":"article","og_title":"Equipo de desinfestaci\u00f3n y desinfecci\u00f3n industrial \u00abSANICROP+\u00bb","og_description":"Descubre Equipo de RF patentado para la desinfestaci\u00f3n y desinfecci\u00f3n de productos agr\u00edcolas, soluci\u00f3n de stalam para Alimentario!","og_url":"https:\/\/www.stalam.com\/es\/alimentario\/desinfestacion-y-desinfeccion\/equipo-de-desinfestacion-y-desinfeccion-industrial-sanicrop\/","og_site_name":"Stalam","article_publisher":"https:\/\/www.facebook.com\/Stalam-184036235760438\/","article_modified_time":"2025-06-10T12:59:14+00:00","og_image":[{"width":634,"height":176,"url":"https:\/\/www.stalam.com\/wp-content\/uploads\/2023\/06\/stalam-logo.png","type":"image\/png"}],"twitter_card":"summary_large_image","twitter_misc":{"Tiempo de lectura":"1 minuto"},"schema":{"@context":"https:\/\/schema.org","@graph":[{"@type":"WebPage","@id":"https:\/\/www.stalam.com\/es\/alimentario\/desinfestacion-y-desinfeccion\/equipo-de-desinfestacion-y-desinfeccion-industrial-sanicrop\/","url":"https:\/\/www.stalam.com\/es\/alimentario\/desinfestacion-y-desinfeccion\/equipo-de-desinfestacion-y-desinfeccion-industrial-sanicrop\/","name":"Radio Frecuencia para Alimentario, Equipo de desinfestaci\u00f3n y desinfecci\u00f3n industrial \u00abSANICROP+\u00bb | Stalam","isPartOf":{"@id":"https:\/\/www.stalam.com\/#website"},"datePublished":"2023-05-24T08:13:24+00:00","dateModified":"2025-06-10T12:59:14+00:00","description":"Descubre Equipo de RF patentado para la desinfestaci\u00f3n y desinfecci\u00f3n de productos agr\u00edcolas, soluci\u00f3n de stalam para Alimentario!","breadcrumb":{"@id":"https:\/\/www.stalam.com\/es\/alimentario\/desinfestacion-y-desinfeccion\/equipo-de-desinfestacion-y-desinfeccion-industrial-sanicrop\/#breadcrumb"},"inLanguage":"es","potentialAction":[{"@type":"ReadAction","target":["https:\/\/www.stalam.com\/es\/alimentario\/desinfestacion-y-desinfeccion\/equipo-de-desinfestacion-y-desinfeccion-industrial-sanicrop\/"]}]},{"@type":"BreadcrumbList","@id":"https:\/\/www.stalam.com\/es\/alimentario\/desinfestacion-y-desinfeccion\/equipo-de-desinfestacion-y-desinfeccion-industrial-sanicrop\/#breadcrumb","itemListElement":[{"@type":"ListItem","position":1,"name":"Home","item":"https:\/\/www.stalam.com\/es\/"},{"@type":"ListItem","position":2,"name":"Alimentario","item":"https:\/\/www.stalam.com\/es\/alimentario\/"},{"@type":"ListItem","position":3,"name":"Desinfestaci\u00f3n y desinfecci\u00f3n","item":"https:\/\/www.stalam.com\/es\/alimentario\/desinfestacion-y-desinfeccion\/"},{"@type":"ListItem","position":4,"name":"Equipo de desinfestaci\u00f3n y desinfecci\u00f3n industrial \u00abSANICROP+\u00bb"}]},{"@type":"WebSite","@id":"https:\/\/www.stalam.com\/#website","url":"https:\/\/www.stalam.com\/","name":"Stalam","description":"","publisher":{"@id":"https:\/\/www.stalam.com\/#organization"},"potentialAction":[{"@type":"SearchAction","target":{"@type":"EntryPoint","urlTemplate":"https:\/\/www.stalam.com\/?s={search_term_string}"},"query-input":{"@type":"PropertyValueSpecification","valueRequired":true,"valueName":"search_term_string"}}],"inLanguage":"es"},{"@type":"Organization","@id":"https:\/\/www.stalam.com\/#organization","name":"Stalam","url":"https:\/\/www.stalam.com\/","logo":{"@type":"ImageObject","inLanguage":"es","@id":"https:\/\/www.stalam.com\/#\/schema\/logo\/image\/","url":"https:\/\/www.stalam.com\/wp-content\/uploads\/2023\/06\/stalam-logo.png","contentUrl":"https:\/\/www.stalam.com\/wp-content\/uploads\/2023\/06\/stalam-logo.png","width":634,"height":176,"caption":"Stalam"},"image":{"@id":"https:\/\/www.stalam.com\/#\/schema\/logo\/image\/"},"sameAs":["https:\/\/www.facebook.com\/Stalam-184036235760438\/","https:\/\/www.linkedin.com\/company\/stalam\/","https:\/\/www.youtube.com\/channel\/UCcl2pZ10KrADorPJccCu43Q"]}]}},"_links":{"self":[{"href":"https:\/\/www.stalam.com\/es\/wp-json\/wp\/v2\/pages\/3816","targetHints":{"allow":["GET"]}}],"collection":[{"href":"https:\/\/www.stalam.com\/es\/wp-json\/wp\/v2\/pages"}],"about":[{"href":"https:\/\/www.stalam.com\/es\/wp-json\/wp\/v2\/types\/page"}],"author":[{"embeddable":true,"href":"https:\/\/www.stalam.com\/es\/wp-json\/wp\/v2\/users\/1"}],"replies":[{"embeddable":true,"href":"https:\/\/www.stalam.com\/es\/wp-json\/wp\/v2\/comments?post=3816"}],"version-history":[{"count":8,"href":"https:\/\/www.stalam.com\/es\/wp-json\/wp\/v2\/pages\/3816\/revisions"}],"predecessor-version":[{"id":15419,"href":"https:\/\/www.stalam.com\/es\/wp-json\/wp\/v2\/pages\/3816\/revisions\/15419"}],"up":[{"embeddable":true,"href":"https:\/\/www.stalam.com\/es\/wp-json\/wp\/v2\/pages\/3815"}],"wp:attachment":[{"href":"https:\/\/www.stalam.com\/es\/wp-json\/wp\/v2\/media?parent=3816"}],"curies":[{"name":"wp","href":"https:\/\/api.w.org\/{rel}","templated":true}]}}