{"id":3886,"date":"2023-05-23T09:52:35","date_gmt":"2023-05-23T07:52:35","guid":{"rendered":"https:\/\/www.stalam.com\/farmacosmesi\/"},"modified":"2025-05-27T09:33:06","modified_gmt":"2025-05-27T07:33:06","slug":"farma-cosmetica","status":"publish","type":"page","link":"https:\/\/www.stalam.com\/es\/farma-cosmetica\/","title":{"rendered":"Farma-Cosm\u00e9tica"},"content":{"rendered":"\n<div class=\"fascia-bread-title bgcolor-grey \">\n    <div class=\"container-fascia-bread-title\">\n        <p id=\"breadcrumbs\"><span><span><a href=\"https:\/\/www.stalam.com\/es\/\">Home<\/a><\/span><\/span><\/p>                <h1 class=\"title-big\">Farma-Cosm\u00e9tica<\/h1>\n    <\/div>\n<\/div>\n\n\n\n<div class=\"fascia-img-header\">\n    <img loading=\"lazy\" decoding=\"async\" src=\"https:\/\/www.stalam.com\/wp-content\/uploads\/2023\/05\/sanitisation-of-spices-2.jpg\" alt=\"\" width=\"600\" height=\"400\">\n<\/div>\n\n\n\n\n<div class=\"wp-block-columns col-fullwidth is-layout-flex wp-container-core-columns-is-layout-9d6595d7 wp-block-columns-is-layout-flex\">\n<div class=\"wp-block-column is-layout-flow wp-block-column-is-layout-flow\" style=\"flex-basis:33.33%\"><div class=\"sidebar-prodotti-container\"><div class=\"topbar-prodotti\" id=\"topbar\"><ul><li class=\"page_item page-item-3887 page_item_has_children\"><a href=\"https:\/\/www.stalam.com\/es\/farma-cosmetica\/desinfeccion-de-especias-hierbas-medicinales-y-aromaticas\/\">Desinfecci\u00f3n de especias, hierbas medicinales y arom\u00e1ticas<\/a><\/li>\n<li class=\"page_item page-item-3889 page_item_has_children\"><a href=\"https:\/\/www.stalam.com\/es\/farma-cosmetica\/desinfeccion-del-cannabis\/\">Desinfecci\u00f3n del cannabis<\/a><\/li>\n<li class=\"page_item page-item-3891 page_item_has_children\"><a href=\"https:\/\/www.stalam.com\/es\/farma-cosmetica\/secadores-de-extensiones-de-cabello-natural\/\">Secadores de extensiones de cabello natural<\/a><\/li>\n<a href=\"https:\/\/www.stalam.com\/richiesta-catalogo\/\" class=\"btn btn-filled-r\">Descargar cat\u00e1logo<\/a><\/ul><\/div><div class=\"sidebar-prodotti-left\"><p class=\"grandparent-page\">Farma-Cosm\u00e9tica<\/p><ul><li class=\"page_item page-item-3887 page_item_has_children\"><a href=\"https:\/\/www.stalam.com\/es\/farma-cosmetica\/desinfeccion-de-especias-hierbas-medicinales-y-aromaticas\/\">Desinfecci\u00f3n de especias, hierbas medicinales y arom\u00e1ticas<\/a><\/li>\n<li class=\"page_item page-item-3889 page_item_has_children\"><a href=\"https:\/\/www.stalam.com\/es\/farma-cosmetica\/desinfeccion-del-cannabis\/\">Desinfecci\u00f3n del cannabis<\/a><\/li>\n<li class=\"page_item page-item-3891 page_item_has_children\"><a href=\"https:\/\/www.stalam.com\/es\/farma-cosmetica\/secadores-de-extensiones-de-cabello-natural\/\">Secadores de extensiones de cabello natural<\/a><\/li>\n<a href=\"https:\/\/www.stalam.com\/richiesta-catalogo\/\" class=\"btn btn-filled-r\">Descargar cat\u00e1logo<\/a><\/ul><\/div><\/div>\n<\/div>\n\n\n\n<div class=\"wp-block-column is-layout-flow wp-block-column-is-layout-flow\" style=\"flex-basis:66.66%\"><div class=\"fascia-tit-text-video\">\n    <div class=\"container-fascia-tit-text-video\">\n\n                    <span class=\"title\">Secado y desinfecci\u00f3n de plantas medicinales, especias, nutrac\u00e9uticos, cabello natural y otros.<\/span>\n        \n        <p>En la actualidad, la tecnolog\u00eda de calentamiento diel\u00e9ctrico de radiofrecuencia se usa ampliamente en diversos sectores industriales para el tratamiento t\u00e9rmico y para el secado de varias materias primas y productos industriales intermedios y finales. Su \u00e9xito se debe a la capacidad de las ondas radiales que penetran profundamente y con rapidez aumentan la temperatura de muchos sustratos de manera uniforme y eficiente.<\/p>\n<p>Aparte de todos los usos ya conocidos en los sectores textiles, textiles t\u00e9cnicos y alimentarios, en donde el mercado y la tecnolog\u00eda de Stalam es lider desde hace tiempo, nuestra empresa ha estado desarrollando tratamientos innovadores en otras industrias como las de la salud, bienestar y belleza de las personas. Entre esos usos est\u00e1n: la estabilizaci\u00f3n de la humedad y la desinfecci\u00f3n de plantas y hierbas medicinales (inclusive el cannabis, tanto para uso m\u00e9dico como recreativo), la desinfecci\u00f3n y la prolongaci\u00f3n de la vida comercial de las hierbas y especies arom\u00e1ticas, el secado de intermediarios farmac\u00e9uticos y nutrac\u00e9uticos, el secado de cabello natural utilizado con fines cosm\u00e9ticos (extensiones y pelucas) y otros.<\/p>\n<p>Una de las principales preocupaciones en el secado y el tratamiento t\u00e9rmico de estos sustratos naturales y delicados es la sensibilidad al calor: tratamientos dr\u00e1sticos y\/o prolongados de calor pueden tener efectos perjudiciales en sus caracter\u00edsticas f\u00edsicas, qu\u00edmicas, funcionales y sensoriales. La tecnolog\u00eda de radiofrecuencia es, en muchos casos, una mejor alternativa que los m\u00e9todos convencionales, dado que las temperaturas necesarias para el proceso (o el nivel deseado para reducir la humedad) se alcanzan con rapidez y precisi\u00f3n, lo que disminuye el deterioro del producto al m\u00ednimo. Adem\u00e1s, el equipo de RF requiere menos espacio en comparaci\u00f3n con otras m\u00e1quinas cuya tecnolog\u00eda se basa en el calor convencional (ya sea para tratamientos en lotes peque\u00f1os del producto, o para procesos continuos en grandes cantidades del producto, o en masa) y dado que no se desperdicia energ\u00eda en el ambiente, el proceso de RF es m\u00e1s eficiente, econ\u00f3mico y respetuoso con el medio ambiente.<\/p>\n\n        \n    <\/div>\n<\/div>\n\n\n\n\n<div style=\"height:30px\" aria-hidden=\"true\" class=\"wp-block-spacer\"><\/div>\n\n\n\n<figure class=\"wp-block-image size-full img-pharma\"><img loading=\"lazy\" decoding=\"async\" width=\"480\" height=\"319\" src=\"https:\/\/www.stalam.com\/wp-content\/uploads\/2023\/05\/RF-7-kW_ingresso.jpg\" alt=\"\" class=\"wp-image-2496\" srcset=\"https:\/\/www.stalam.com\/wp-content\/uploads\/2023\/05\/RF-7-kW_ingresso.jpg 480w, https:\/\/www.stalam.com\/wp-content\/uploads\/2023\/05\/RF-7-kW_ingresso-300x199.jpg 300w\" sizes=\"auto, (max-width: 480px) 100vw, 480px\" \/><\/figure>\n<\/div>\n<\/div>\n\n\n\n<div class=\"fascia-newsletter bgcolor-grey \">\n    <div class=\"container-newsletter\">\n                    <span class=\"title\">\u00bfLe gustar\u00eda conocer m\u00e1s sobre nuestras soluciones?<\/span>\n        \n                    <a href=\"https:\/\/www.stalam.com\/es\/informacion-requerida\/?area=Farma-Cosm\u00e9tica\" title=\"Solicitar Informaci\u00f3n\" class=\"btn btn-filled-r\">\n                Solicitar Informaci\u00f3n            <\/a>\n            <\/div>\n<\/div>\n\n","protected":false},"excerpt":{"rendered":"","protected":false},"author":1,"featured_media":0,"parent":0,"menu_order":29,"comment_status":"closed","ping_status":"closed","template":"","meta":{"_acf_changed":false,"content-type":"","footnotes":""},"class_list":["post-3886","page","type-page","status-publish","hentry"],"acf":[],"yoast_head":"<!-- This site is optimized with the Yoast SEO Premium plugin v23.9 (Yoast SEO v27.3) - https:\/\/yoast.com\/product\/yoast-seo-premium-wordpress\/ -->\n<title>Aplicaci\u00f3n de nuestra tecnolog\u00eda a Farma-cosm\u00e9tica | Stalam<\/title>\n<meta name=\"description\" content=\"Descubre la aplicaci\u00f3n de nuestra tecnolog\u00eda de radiofrecuencia a Farma-cosm\u00e9tica!\" \/>\n<meta name=\"robots\" content=\"index, follow, max-snippet:-1, max-image-preview:large, max-video-preview:-1\" \/>\n<link rel=\"canonical\" href=\"https:\/\/www.stalam.com\/es\/farma-cosmetica\/\" \/>\n<meta property=\"og:locale\" content=\"es_ES\" \/>\n<meta property=\"og:type\" content=\"article\" \/>\n<meta property=\"og:title\" content=\"Farma-Cosm\u00e9tica\" \/>\n<meta property=\"og:description\" content=\"Descubre la aplicaci\u00f3n de nuestra tecnolog\u00eda de radiofrecuencia a Farma-cosm\u00e9tica!\" \/>\n<meta property=\"og:url\" content=\"https:\/\/www.stalam.com\/es\/farma-cosmetica\/\" \/>\n<meta property=\"og:site_name\" content=\"Stalam\" \/>\n<meta property=\"article:publisher\" content=\"https:\/\/www.facebook.com\/Stalam-184036235760438\/\" \/>\n<meta property=\"article:modified_time\" content=\"2025-05-27T07:33:06+00:00\" \/>\n<meta property=\"og:image\" content=\"https:\/\/www.stalam.com\/wp-content\/uploads\/2023\/05\/RF-7-kW_ingresso.jpg\" \/>\n<meta name=\"twitter:card\" content=\"summary_large_image\" \/>\n<meta name=\"twitter:label1\" content=\"Tiempo de lectura\" \/>\n\t<meta name=\"twitter:data1\" content=\"1 minuto\" \/>\n<script type=\"application\/ld+json\" class=\"yoast-schema-graph\">{\"@context\":\"https:\\\/\\\/schema.org\",\"@graph\":[{\"@type\":\"WebPage\",\"@id\":\"https:\\\/\\\/www.stalam.com\\\/es\\\/farma-cosmetica\\\/\",\"url\":\"https:\\\/\\\/www.stalam.com\\\/es\\\/farma-cosmetica\\\/\",\"name\":\"Aplicaci\u00f3n de nuestra tecnolog\u00eda a Farma-cosm\u00e9tica | Stalam\",\"isPartOf\":{\"@id\":\"https:\\\/\\\/www.stalam.com\\\/#website\"},\"primaryImageOfPage\":{\"@id\":\"https:\\\/\\\/www.stalam.com\\\/es\\\/farma-cosmetica\\\/#primaryimage\"},\"image\":{\"@id\":\"https:\\\/\\\/www.stalam.com\\\/es\\\/farma-cosmetica\\\/#primaryimage\"},\"thumbnailUrl\":\"https:\\\/\\\/www.stalam.com\\\/wp-content\\\/uploads\\\/2023\\\/05\\\/RF-7-kW_ingresso.jpg\",\"datePublished\":\"2023-05-23T07:52:35+00:00\",\"dateModified\":\"2025-05-27T07:33:06+00:00\",\"description\":\"Descubre la aplicaci\u00f3n de nuestra tecnolog\u00eda de radiofrecuencia a Farma-cosm\u00e9tica!\",\"breadcrumb\":{\"@id\":\"https:\\\/\\\/www.stalam.com\\\/es\\\/farma-cosmetica\\\/#breadcrumb\"},\"inLanguage\":\"es\",\"potentialAction\":[{\"@type\":\"ReadAction\",\"target\":[\"https:\\\/\\\/www.stalam.com\\\/es\\\/farma-cosmetica\\\/\"]}]},{\"@type\":\"ImageObject\",\"inLanguage\":\"es\",\"@id\":\"https:\\\/\\\/www.stalam.com\\\/es\\\/farma-cosmetica\\\/#primaryimage\",\"url\":\"https:\\\/\\\/www.stalam.com\\\/wp-content\\\/uploads\\\/2023\\\/05\\\/RF-7-kW_ingresso.jpg\",\"contentUrl\":\"https:\\\/\\\/www.stalam.com\\\/wp-content\\\/uploads\\\/2023\\\/05\\\/RF-7-kW_ingresso.jpg\"},{\"@type\":\"BreadcrumbList\",\"@id\":\"https:\\\/\\\/www.stalam.com\\\/es\\\/farma-cosmetica\\\/#breadcrumb\",\"itemListElement\":[{\"@type\":\"ListItem\",\"position\":1,\"name\":\"Home\",\"item\":\"https:\\\/\\\/www.stalam.com\\\/es\\\/\"},{\"@type\":\"ListItem\",\"position\":2,\"name\":\"Farma-Cosm\u00e9tica\"}]},{\"@type\":\"WebSite\",\"@id\":\"https:\\\/\\\/www.stalam.com\\\/#website\",\"url\":\"https:\\\/\\\/www.stalam.com\\\/\",\"name\":\"Stalam\",\"description\":\"\",\"publisher\":{\"@id\":\"https:\\\/\\\/www.stalam.com\\\/#organization\"},\"potentialAction\":[{\"@type\":\"SearchAction\",\"target\":{\"@type\":\"EntryPoint\",\"urlTemplate\":\"https:\\\/\\\/www.stalam.com\\\/?s={search_term_string}\"},\"query-input\":{\"@type\":\"PropertyValueSpecification\",\"valueRequired\":true,\"valueName\":\"search_term_string\"}}],\"inLanguage\":\"es\"},{\"@type\":\"Organization\",\"@id\":\"https:\\\/\\\/www.stalam.com\\\/#organization\",\"name\":\"Stalam\",\"url\":\"https:\\\/\\\/www.stalam.com\\\/\",\"logo\":{\"@type\":\"ImageObject\",\"inLanguage\":\"es\",\"@id\":\"https:\\\/\\\/www.stalam.com\\\/#\\\/schema\\\/logo\\\/image\\\/\",\"url\":\"https:\\\/\\\/www.stalam.com\\\/wp-content\\\/uploads\\\/2023\\\/06\\\/stalam-logo.png\",\"contentUrl\":\"https:\\\/\\\/www.stalam.com\\\/wp-content\\\/uploads\\\/2023\\\/06\\\/stalam-logo.png\",\"width\":634,\"height\":176,\"caption\":\"Stalam\"},\"image\":{\"@id\":\"https:\\\/\\\/www.stalam.com\\\/#\\\/schema\\\/logo\\\/image\\\/\"},\"sameAs\":[\"https:\\\/\\\/www.facebook.com\\\/Stalam-184036235760438\\\/\",\"https:\\\/\\\/www.linkedin.com\\\/company\\\/stalam\\\/\",\"https:\\\/\\\/www.youtube.com\\\/channel\\\/UCcl2pZ10KrADorPJccCu43Q\"]}]}<\/script>\n<!-- \/ Yoast SEO Premium plugin. -->","yoast_head_json":{"title":"Aplicaci\u00f3n de nuestra tecnolog\u00eda a Farma-cosm\u00e9tica | Stalam","description":"Descubre la aplicaci\u00f3n de nuestra tecnolog\u00eda de radiofrecuencia a Farma-cosm\u00e9tica!","robots":{"index":"index","follow":"follow","max-snippet":"max-snippet:-1","max-image-preview":"max-image-preview:large","max-video-preview":"max-video-preview:-1"},"canonical":"https:\/\/www.stalam.com\/es\/farma-cosmetica\/","og_locale":"es_ES","og_type":"article","og_title":"Farma-Cosm\u00e9tica","og_description":"Descubre la aplicaci\u00f3n de nuestra tecnolog\u00eda de radiofrecuencia a Farma-cosm\u00e9tica!","og_url":"https:\/\/www.stalam.com\/es\/farma-cosmetica\/","og_site_name":"Stalam","article_publisher":"https:\/\/www.facebook.com\/Stalam-184036235760438\/","article_modified_time":"2025-05-27T07:33:06+00:00","og_image":[{"url":"https:\/\/www.stalam.com\/wp-content\/uploads\/2023\/05\/RF-7-kW_ingresso.jpg","type":"","width":"","height":""}],"twitter_card":"summary_large_image","twitter_misc":{"Tiempo de lectura":"1 minuto"},"schema":{"@context":"https:\/\/schema.org","@graph":[{"@type":"WebPage","@id":"https:\/\/www.stalam.com\/es\/farma-cosmetica\/","url":"https:\/\/www.stalam.com\/es\/farma-cosmetica\/","name":"Aplicaci\u00f3n de nuestra tecnolog\u00eda a Farma-cosm\u00e9tica | Stalam","isPartOf":{"@id":"https:\/\/www.stalam.com\/#website"},"primaryImageOfPage":{"@id":"https:\/\/www.stalam.com\/es\/farma-cosmetica\/#primaryimage"},"image":{"@id":"https:\/\/www.stalam.com\/es\/farma-cosmetica\/#primaryimage"},"thumbnailUrl":"https:\/\/www.stalam.com\/wp-content\/uploads\/2023\/05\/RF-7-kW_ingresso.jpg","datePublished":"2023-05-23T07:52:35+00:00","dateModified":"2025-05-27T07:33:06+00:00","description":"Descubre la aplicaci\u00f3n de nuestra tecnolog\u00eda de radiofrecuencia a Farma-cosm\u00e9tica!","breadcrumb":{"@id":"https:\/\/www.stalam.com\/es\/farma-cosmetica\/#breadcrumb"},"inLanguage":"es","potentialAction":[{"@type":"ReadAction","target":["https:\/\/www.stalam.com\/es\/farma-cosmetica\/"]}]},{"@type":"ImageObject","inLanguage":"es","@id":"https:\/\/www.stalam.com\/es\/farma-cosmetica\/#primaryimage","url":"https:\/\/www.stalam.com\/wp-content\/uploads\/2023\/05\/RF-7-kW_ingresso.jpg","contentUrl":"https:\/\/www.stalam.com\/wp-content\/uploads\/2023\/05\/RF-7-kW_ingresso.jpg"},{"@type":"BreadcrumbList","@id":"https:\/\/www.stalam.com\/es\/farma-cosmetica\/#breadcrumb","itemListElement":[{"@type":"ListItem","position":1,"name":"Home","item":"https:\/\/www.stalam.com\/es\/"},{"@type":"ListItem","position":2,"name":"Farma-Cosm\u00e9tica"}]},{"@type":"WebSite","@id":"https:\/\/www.stalam.com\/#website","url":"https:\/\/www.stalam.com\/","name":"Stalam","description":"","publisher":{"@id":"https:\/\/www.stalam.com\/#organization"},"potentialAction":[{"@type":"SearchAction","target":{"@type":"EntryPoint","urlTemplate":"https:\/\/www.stalam.com\/?s={search_term_string}"},"query-input":{"@type":"PropertyValueSpecification","valueRequired":true,"valueName":"search_term_string"}}],"inLanguage":"es"},{"@type":"Organization","@id":"https:\/\/www.stalam.com\/#organization","name":"Stalam","url":"https:\/\/www.stalam.com\/","logo":{"@type":"ImageObject","inLanguage":"es","@id":"https:\/\/www.stalam.com\/#\/schema\/logo\/image\/","url":"https:\/\/www.stalam.com\/wp-content\/uploads\/2023\/06\/stalam-logo.png","contentUrl":"https:\/\/www.stalam.com\/wp-content\/uploads\/2023\/06\/stalam-logo.png","width":634,"height":176,"caption":"Stalam"},"image":{"@id":"https:\/\/www.stalam.com\/#\/schema\/logo\/image\/"},"sameAs":["https:\/\/www.facebook.com\/Stalam-184036235760438\/","https:\/\/www.linkedin.com\/company\/stalam\/","https:\/\/www.youtube.com\/channel\/UCcl2pZ10KrADorPJccCu43Q"]}]}},"_links":{"self":[{"href":"https:\/\/www.stalam.com\/es\/wp-json\/wp\/v2\/pages\/3886","targetHints":{"allow":["GET"]}}],"collection":[{"href":"https:\/\/www.stalam.com\/es\/wp-json\/wp\/v2\/pages"}],"about":[{"href":"https:\/\/www.stalam.com\/es\/wp-json\/wp\/v2\/types\/page"}],"author":[{"embeddable":true,"href":"https:\/\/www.stalam.com\/es\/wp-json\/wp\/v2\/users\/1"}],"replies":[{"embeddable":true,"href":"https:\/\/www.stalam.com\/es\/wp-json\/wp\/v2\/comments?post=3886"}],"version-history":[{"count":7,"href":"https:\/\/www.stalam.com\/es\/wp-json\/wp\/v2\/pages\/3886\/revisions"}],"predecessor-version":[{"id":15170,"href":"https:\/\/www.stalam.com\/es\/wp-json\/wp\/v2\/pages\/3886\/revisions\/15170"}],"wp:attachment":[{"href":"https:\/\/www.stalam.com\/es\/wp-json\/wp\/v2\/media?parent=3886"}],"curies":[{"name":"wp","href":"https:\/\/api.w.org\/{rel}","templated":true}]}}