{"id":3887,"date":"2023-05-23T09:53:37","date_gmt":"2023-05-23T07:53:37","guid":{"rendered":"https:\/\/www.stalam.com\/farmacosmesi\/sanificazione-di-spezie-erbe-medicinali-e-aromatiche\/"},"modified":"2025-06-10T14:58:16","modified_gmt":"2025-06-10T12:58:16","slug":"desinfeccion-de-especias-hierbas-medicinales-y-aromaticas","status":"publish","type":"page","link":"https:\/\/www.stalam.com\/es\/farma-cosmetica\/desinfeccion-de-especias-hierbas-medicinales-y-aromaticas\/","title":{"rendered":"Desinfecci\u00f3n de especias, hierbas medicinales y arom\u00e1ticas"},"content":{"rendered":"\n<div class=\"fascia-bread-title bgcolor-grey \">\n    <div class=\"container-fascia-bread-title\">\n        <p id=\"breadcrumbs\"><span><span><a href=\"https:\/\/www.stalam.com\/es\/\">Home<\/a><\/span><\/span><\/p>                    <span class=\"title\">FARMA-COSM\u00c9TICA<\/span>\n                <h1 class=\"title-big\">Desinfecci\u00f3n de especias, hierbas medicinales y arom\u00e1ticas<\/h1>\n    <\/div>\n<\/div>\n\n\n\n<div class=\"fascia-img-header\">\n    <img loading=\"lazy\" decoding=\"async\" src=\"https:\/\/www.stalam.com\/wp-content\/uploads\/2023\/05\/shutterstock_317886878-5.jpg\" alt=\"\" width=\"600\" height=\"400\">\n<\/div>\n\n\n\n\n<div class=\"wp-block-columns col-fullwidth is-layout-flex wp-container-core-columns-is-layout-9d6595d7 wp-block-columns-is-layout-flex\">\n<div class=\"wp-block-column is-layout-flow wp-block-column-is-layout-flow\" style=\"flex-basis:33.33%\"><div class=\"sidebar-prodotti-container\"><div class=\"topbar-prodotti\" id=\"topbar\"><ul><li class=\"page_item page-item-3887 page_item_has_children\"><a href=\"https:\/\/www.stalam.com\/es\/farma-cosmetica\/desinfeccion-de-especias-hierbas-medicinales-y-aromaticas\/\">Desinfecci\u00f3n de especias, hierbas medicinales y arom\u00e1ticas<\/a><\/li>\n<li class=\"page_item page-item-3889 page_item_has_children\"><a href=\"https:\/\/www.stalam.com\/es\/farma-cosmetica\/desinfeccion-del-cannabis\/\">Desinfecci\u00f3n del cannabis<\/a><\/li>\n<li class=\"page_item page-item-3891 page_item_has_children\"><a href=\"https:\/\/www.stalam.com\/es\/farma-cosmetica\/secadores-de-extensiones-de-cabello-natural\/\">Secadores de extensiones de cabello natural<\/a><\/li>\n<a href=\"https:\/\/www.stalam.com\/richiesta-catalogo\/\" class=\"btn btn-filled-r\">Descargar cat\u00e1logo<\/a><\/ul><\/div><div class=\"sidebar-prodotti-left\"><p class=\"grandparent-page\">Farma-Cosm\u00e9tica<\/p><ul><li class=\"page_item page-item-3887 page_item_has_children\"><a href=\"https:\/\/www.stalam.com\/es\/farma-cosmetica\/desinfeccion-de-especias-hierbas-medicinales-y-aromaticas\/\">Desinfecci\u00f3n de especias, hierbas medicinales y arom\u00e1ticas<\/a>\n<ul class='children'>\n\t<li class=\"page_item page-item-3892\"><a href=\"https:\/\/www.stalam.com\/es\/farma-cosmetica\/desinfeccion-de-especias-hierbas-medicinales-y-aromaticas\/desinfeccion-de-especias-hierbas-medicinales-y-aromaticas-sanileaf\/\">Desinfecci\u00f3n de especias, hierbas medicinales y arom\u00e1ticas \u00abSANILEAF+\u00bb<\/a><\/li>\n<\/ul>\n<\/li>\n<li class=\"page_item page-item-3889 page_item_has_children\"><a href=\"https:\/\/www.stalam.com\/es\/farma-cosmetica\/desinfeccion-del-cannabis\/\">Desinfecci\u00f3n del cannabis<\/a>\n<ul class='children'>\n\t<li class=\"page_item page-item-3890\"><a href=\"https:\/\/www.stalam.com\/es\/farma-cosmetica\/desinfeccion-del-cannabis\/desinfeccion-a-radiofrecuencia-del-cannabis-apex\/\">Desinfecci\u00f3n a radiofrecuencia del Cannabis \u00abAPEX\u00bb<\/a><\/li>\n<\/ul>\n<\/li>\n<li class=\"page_item page-item-3891 page_item_has_children\"><a href=\"https:\/\/www.stalam.com\/es\/farma-cosmetica\/secadores-de-extensiones-de-cabello-natural\/\">Secadores de extensiones de cabello natural<\/a>\n<ul class='children'>\n\t<li class=\"page_item page-item-3888\"><a href=\"https:\/\/www.stalam.com\/es\/farma-cosmetica\/secadores-de-extensiones-de-cabello-natural\/secadores-de-extensiones-de-cabello-natural\/\">Secadores de extensiones de cabello natural<\/a><\/li>\n<\/ul>\n<\/li>\n<a href=\"https:\/\/www.stalam.com\/richiesta-catalogo\/\" class=\"btn btn-filled-r\">Descargar cat\u00e1logo<\/a><\/ul><\/div><\/div>\n<\/div>\n\n\n\n<div class=\"wp-block-column is-layout-flow wp-block-column-is-layout-flow\" style=\"flex-basis:66.66%\"><div class=\"fascia-testo-dimg-vantaggi\">\n    <p>Las industrias alimentaria y farmac\u00e9utica actualmente tienen el desaf\u00edo impuesto por los consumidores en donde ha aumentado su gusto por lo natural, por preservar sabores y propiedades funcionales. Adem\u00e1s, tambi\u00e9n deben considerar las estrictas regulaciones de higiene y seguridad alimentaria que demandan las autoridades locales e internacionales. Con el prop\u00f3sito de cumplir con las necesidades de estas industrias, Stalam ha desarrollado la serie de equipos de radiofrecuencia \u00abRF\u00bb para desinfectar los lotes de especias, hierbas arom\u00e1ticas y plantas medicinales. El uso de campos de radiofrecuencia a una potencia de 27,12 MHz, representa, en la actualidad, una mejor alternativa a los m\u00e9todos convencionales de tratamiento t\u00e9rmico, desinfestaci\u00f3n, desinfecci\u00f3n y pasteurizaci\u00f3n. En el sistema de desinfecci\u00f3n \u00abRF\u00bb de Stalam, la inactivaci\u00f3n de las especies requeridas (pestes, moho, levaduras, bacterias, etc.) se logra por medio de un delicado tratamiento de calentamiento diel\u00e9ctrico a temperaturas que pueden variar desde los 60-70\u00b0C a los 100-110\u00b0C, seg\u00fan las especies objeto. Esto combina sin\u00e9rgicamente los efectos t\u00e9rmicos y de electroporaci\u00f3n de membrana celular. <\/p>\n<p>Esta acci\u00f3n doble del campo de RF es letal para los cuerpos biol\u00f3gicos que contaminan el sustrato, lo que proporciona una desinfecci\u00f3n valiosa y una t\u00e9cnica para la prolongaci\u00f3n de la vida comercial. Por lo tanto, se puede lograr una disminuci\u00f3n importante en las especies contaminantes sin utilizar qu\u00edmicos y sin aplicar tratamientos t\u00e9rmicos dr\u00e1sticos que pudieran afectar negativamente las caracter\u00edsticas f\u00edsicas, funcionales y sensoriales del producto.<\/p>\n\n    \n    \n    \n<\/div><\/div>\n<\/div>\n\n\n\n<div class=\"tripletext-col bgcolor-white \">\n            <span class=\"title\">Beneficios<\/span>\n    \n    <div class=\"grid-3\">\n        <div class=\"col\">\n            <span class=\"title\">Tratamiento org\u00e1nico <\/span>\n            <p>Proceso respetuoso con el medio ambiente, totalmente compatible con productos de agricultura org\u00e1nica dado que no necesitan radiaciones ionizantes, fumigantes, qu\u00edmicos, envasado en atm\u00f3sfera modificada, ni almacenaje en fr\u00edo.<\/p>\n        <\/div>\n        <div class=\"col\">\n            <span class=\"title\">Prolongaci\u00f3n de la vida \u00fatil de almacenamiento y calidad mejorada <\/span>\n            <p>Poco tiempo en el proceso (minutos) que garantiza una mejor preservaci\u00f3n de las propiedades qu\u00edmicas, f\u00edsicas y sensoriales de los productos. Disminuci\u00f3n significativa en el conteo de especies contaminantes, lo que permite prolongar la vida comercial.<\/p>\n        <\/div>\n        <div class=\"col\">\n            <span class=\"title\">Tecnolog\u00eda rentable <\/span>\n            <p>Alta eficiencia energ\u00e9tica, bajo consumo de energ\u00eda el\u00e9ctrica. Configuraci\u00f3n autom\u00e1tica de los ciclos del proceso por medio de un control l\u00f3gico programable con acceso remoto, sondas de fibra \u00f3ptica para control y retroalimentaci\u00f3n de la temperatura en tiempo real.<\/p>\n        <\/div>\n    <\/div>\n<\/div>\n\n\n<div class=\"fascia-prodotti bgcolor-grey \">\n    <div class=\"container-prodotti\">\n        \n            <div class=\"prodotti-card\">\n    <img decoding=\"async\" loading=\"lazy\" src=\"https:\/\/www.stalam.com\/wp-content\/uploads\/2023\/05\/SANILEAF-LOW.jpg\" alt=\"\" width=\"600\" height=\"400\">\n\n    <div class=\"flex-text\">\n        <p>FARMA-COSM\u00c9TICA <\/p>\n        <span class=\"text-bold\">Desinfecci\u00f3n de especias, hierbas medicinales y arom\u00e1ticas \u00abSANILEAF+\u00bb <\/span>\n        <p>Equipo de RF para la desinfecci\u00f3n de especias, hierbas medicinales y arom\u00e1ticas<\/p>\n        <a href=\"\/es\/farma-cosmetica\/desinfeccion-de-especias-hierbas-medicinales-y-aromaticas\/desinfeccion-de-especias-hierbas-medicinales-y-aromaticas-sanileaf\/\" title=\"DESCUBRIR M\u00c1S\" class=\"btn btn-filled-r\">\n            DESCUBRIR M\u00c1S        <\/a>\n    <\/div>\n<\/div>\n\n\n            <\/div>\n<\/div>\n\n\n<div class=\"images-slider-container\">\n\n    <span class=\"title\">Galer\u00eda de fotos<\/span>\n\n    <div class=\"images-slider__row\">\n                    <div class=\"images-slider__single\">\n                <div class=\"images-slider__single-contents\">\n                    <img data-flickity-lazyload=\"https:\/\/www.stalam.com\/wp-content\/uploads\/2023\/05\/Sanitisation-of-herbs.jpg\" class=\"skip-lazy\" alt=\"slider image\" width=\"400\" height=\"600\" \/>\n                    Sanificazione di erbe (malva)                <\/div>\n\n            <\/div>\n        \n    <\/div>\n<\/div>\n\n\n\n<div class=\"fascia-newsletter bgcolor-grey \">\n    <div class=\"container-newsletter\">\n                    <span class=\"title\">\u00bfLe gustar\u00eda conocer m\u00e1s sobre nuestras soluciones?<\/span>\n        \n                    <a href=\"https:\/\/www.stalam.com\/es\/informacion-requerida\/\" title=\"Solicitar informaci\u00f3n\" class=\"btn btn-filled-r\">\n                Solicitar informaci\u00f3n            <\/a>\n            <\/div>\n<\/div>\n\n","protected":false},"excerpt":{"rendered":"","protected":false},"author":1,"featured_media":0,"parent":3886,"menu_order":1,"comment_status":"closed","ping_status":"closed","template":"","meta":{"_acf_changed":false,"content-type":"","footnotes":""},"class_list":["post-3887","page","type-page","status-publish","hentry"],"acf":[],"yoast_head":"<!-- This site is optimized with the Yoast SEO Premium plugin v23.9 (Yoast SEO v27.3) - https:\/\/yoast.com\/product\/yoast-seo-premium-wordpress\/ -->\n<title>Desinfecci\u00f3n de especias, hierbas medicinales y arom\u00e1ticas, Productos y Servicios | Stalam<\/title>\n<meta name=\"description\" content=\"Descubre Equipo de RF para la desinfecci\u00f3n de especias, hierbas medicinales y arom\u00e1ticas\" \/>\n<meta name=\"robots\" content=\"index, follow, max-snippet:-1, max-image-preview:large, max-video-preview:-1\" \/>\n<link rel=\"canonical\" href=\"https:\/\/www.stalam.com\/es\/farma-cosmetica\/desinfeccion-de-especias-hierbas-medicinales-y-aromaticas\/\" \/>\n<meta property=\"og:locale\" content=\"es_ES\" \/>\n<meta property=\"og:type\" content=\"article\" \/>\n<meta property=\"og:title\" content=\"Desinfecci\u00f3n de especias, hierbas medicinales y arom\u00e1ticas\" \/>\n<meta property=\"og:description\" content=\"Descubre Equipo de RF para la desinfecci\u00f3n de especias, hierbas medicinales y arom\u00e1ticas\" \/>\n<meta property=\"og:url\" content=\"https:\/\/www.stalam.com\/es\/farma-cosmetica\/desinfeccion-de-especias-hierbas-medicinales-y-aromaticas\/\" \/>\n<meta property=\"og:site_name\" content=\"Stalam\" \/>\n<meta property=\"article:publisher\" content=\"https:\/\/www.facebook.com\/Stalam-184036235760438\/\" \/>\n<meta property=\"article:modified_time\" content=\"2025-06-10T12:58:16+00:00\" \/>\n<meta property=\"og:image\" content=\"https:\/\/www.stalam.com\/wp-content\/uploads\/2023\/06\/stalam-logo.png\" \/>\n\t<meta property=\"og:image:width\" content=\"634\" \/>\n\t<meta property=\"og:image:height\" content=\"176\" \/>\n\t<meta property=\"og:image:type\" content=\"image\/png\" \/>\n<meta name=\"twitter:card\" content=\"summary_large_image\" \/>\n<meta name=\"twitter:label1\" content=\"Tiempo de lectura\" \/>\n\t<meta name=\"twitter:data1\" content=\"1 minuto\" \/>\n<script type=\"application\/ld+json\" class=\"yoast-schema-graph\">{\"@context\":\"https:\\\/\\\/schema.org\",\"@graph\":[{\"@type\":\"WebPage\",\"@id\":\"https:\\\/\\\/www.stalam.com\\\/es\\\/farma-cosmetica\\\/desinfeccion-de-especias-hierbas-medicinales-y-aromaticas\\\/\",\"url\":\"https:\\\/\\\/www.stalam.com\\\/es\\\/farma-cosmetica\\\/desinfeccion-de-especias-hierbas-medicinales-y-aromaticas\\\/\",\"name\":\"Desinfecci\u00f3n de especias, hierbas medicinales y arom\u00e1ticas, Productos y Servicios | Stalam\",\"isPartOf\":{\"@id\":\"https:\\\/\\\/www.stalam.com\\\/#website\"},\"datePublished\":\"2023-05-23T07:53:37+00:00\",\"dateModified\":\"2025-06-10T12:58:16+00:00\",\"description\":\"Descubre Equipo de RF para la desinfecci\u00f3n de especias, hierbas medicinales y arom\u00e1ticas\",\"breadcrumb\":{\"@id\":\"https:\\\/\\\/www.stalam.com\\\/es\\\/farma-cosmetica\\\/desinfeccion-de-especias-hierbas-medicinales-y-aromaticas\\\/#breadcrumb\"},\"inLanguage\":\"es\",\"potentialAction\":[{\"@type\":\"ReadAction\",\"target\":[\"https:\\\/\\\/www.stalam.com\\\/es\\\/farma-cosmetica\\\/desinfeccion-de-especias-hierbas-medicinales-y-aromaticas\\\/\"]}]},{\"@type\":\"BreadcrumbList\",\"@id\":\"https:\\\/\\\/www.stalam.com\\\/es\\\/farma-cosmetica\\\/desinfeccion-de-especias-hierbas-medicinales-y-aromaticas\\\/#breadcrumb\",\"itemListElement\":[{\"@type\":\"ListItem\",\"position\":1,\"name\":\"Home\",\"item\":\"https:\\\/\\\/www.stalam.com\\\/es\\\/\"},{\"@type\":\"ListItem\",\"position\":2,\"name\":\"Farma-Cosm\u00e9tica\",\"item\":\"https:\\\/\\\/www.stalam.com\\\/es\\\/farma-cosmetica\\\/\"},{\"@type\":\"ListItem\",\"position\":3,\"name\":\"Desinfecci\u00f3n de especias, hierbas medicinales y arom\u00e1ticas\"}]},{\"@type\":\"WebSite\",\"@id\":\"https:\\\/\\\/www.stalam.com\\\/#website\",\"url\":\"https:\\\/\\\/www.stalam.com\\\/\",\"name\":\"Stalam\",\"description\":\"\",\"publisher\":{\"@id\":\"https:\\\/\\\/www.stalam.com\\\/#organization\"},\"potentialAction\":[{\"@type\":\"SearchAction\",\"target\":{\"@type\":\"EntryPoint\",\"urlTemplate\":\"https:\\\/\\\/www.stalam.com\\\/?s={search_term_string}\"},\"query-input\":{\"@type\":\"PropertyValueSpecification\",\"valueRequired\":true,\"valueName\":\"search_term_string\"}}],\"inLanguage\":\"es\"},{\"@type\":\"Organization\",\"@id\":\"https:\\\/\\\/www.stalam.com\\\/#organization\",\"name\":\"Stalam\",\"url\":\"https:\\\/\\\/www.stalam.com\\\/\",\"logo\":{\"@type\":\"ImageObject\",\"inLanguage\":\"es\",\"@id\":\"https:\\\/\\\/www.stalam.com\\\/#\\\/schema\\\/logo\\\/image\\\/\",\"url\":\"https:\\\/\\\/www.stalam.com\\\/wp-content\\\/uploads\\\/2023\\\/06\\\/stalam-logo.png\",\"contentUrl\":\"https:\\\/\\\/www.stalam.com\\\/wp-content\\\/uploads\\\/2023\\\/06\\\/stalam-logo.png\",\"width\":634,\"height\":176,\"caption\":\"Stalam\"},\"image\":{\"@id\":\"https:\\\/\\\/www.stalam.com\\\/#\\\/schema\\\/logo\\\/image\\\/\"},\"sameAs\":[\"https:\\\/\\\/www.facebook.com\\\/Stalam-184036235760438\\\/\",\"https:\\\/\\\/www.linkedin.com\\\/company\\\/stalam\\\/\",\"https:\\\/\\\/www.youtube.com\\\/channel\\\/UCcl2pZ10KrADorPJccCu43Q\"]}]}<\/script>\n<!-- \/ Yoast SEO Premium plugin. -->","yoast_head_json":{"title":"Desinfecci\u00f3n de especias, hierbas medicinales y arom\u00e1ticas, Productos y Servicios | Stalam","description":"Descubre Equipo de RF para la desinfecci\u00f3n de especias, hierbas medicinales y arom\u00e1ticas","robots":{"index":"index","follow":"follow","max-snippet":"max-snippet:-1","max-image-preview":"max-image-preview:large","max-video-preview":"max-video-preview:-1"},"canonical":"https:\/\/www.stalam.com\/es\/farma-cosmetica\/desinfeccion-de-especias-hierbas-medicinales-y-aromaticas\/","og_locale":"es_ES","og_type":"article","og_title":"Desinfecci\u00f3n de especias, hierbas medicinales y arom\u00e1ticas","og_description":"Descubre Equipo de RF para la desinfecci\u00f3n de especias, hierbas medicinales y arom\u00e1ticas","og_url":"https:\/\/www.stalam.com\/es\/farma-cosmetica\/desinfeccion-de-especias-hierbas-medicinales-y-aromaticas\/","og_site_name":"Stalam","article_publisher":"https:\/\/www.facebook.com\/Stalam-184036235760438\/","article_modified_time":"2025-06-10T12:58:16+00:00","og_image":[{"width":634,"height":176,"url":"https:\/\/www.stalam.com\/wp-content\/uploads\/2023\/06\/stalam-logo.png","type":"image\/png"}],"twitter_card":"summary_large_image","twitter_misc":{"Tiempo de lectura":"1 minuto"},"schema":{"@context":"https:\/\/schema.org","@graph":[{"@type":"WebPage","@id":"https:\/\/www.stalam.com\/es\/farma-cosmetica\/desinfeccion-de-especias-hierbas-medicinales-y-aromaticas\/","url":"https:\/\/www.stalam.com\/es\/farma-cosmetica\/desinfeccion-de-especias-hierbas-medicinales-y-aromaticas\/","name":"Desinfecci\u00f3n de especias, hierbas medicinales y arom\u00e1ticas, Productos y Servicios | Stalam","isPartOf":{"@id":"https:\/\/www.stalam.com\/#website"},"datePublished":"2023-05-23T07:53:37+00:00","dateModified":"2025-06-10T12:58:16+00:00","description":"Descubre Equipo de RF para la desinfecci\u00f3n de especias, hierbas medicinales y arom\u00e1ticas","breadcrumb":{"@id":"https:\/\/www.stalam.com\/es\/farma-cosmetica\/desinfeccion-de-especias-hierbas-medicinales-y-aromaticas\/#breadcrumb"},"inLanguage":"es","potentialAction":[{"@type":"ReadAction","target":["https:\/\/www.stalam.com\/es\/farma-cosmetica\/desinfeccion-de-especias-hierbas-medicinales-y-aromaticas\/"]}]},{"@type":"BreadcrumbList","@id":"https:\/\/www.stalam.com\/es\/farma-cosmetica\/desinfeccion-de-especias-hierbas-medicinales-y-aromaticas\/#breadcrumb","itemListElement":[{"@type":"ListItem","position":1,"name":"Home","item":"https:\/\/www.stalam.com\/es\/"},{"@type":"ListItem","position":2,"name":"Farma-Cosm\u00e9tica","item":"https:\/\/www.stalam.com\/es\/farma-cosmetica\/"},{"@type":"ListItem","position":3,"name":"Desinfecci\u00f3n de especias, hierbas medicinales y arom\u00e1ticas"}]},{"@type":"WebSite","@id":"https:\/\/www.stalam.com\/#website","url":"https:\/\/www.stalam.com\/","name":"Stalam","description":"","publisher":{"@id":"https:\/\/www.stalam.com\/#organization"},"potentialAction":[{"@type":"SearchAction","target":{"@type":"EntryPoint","urlTemplate":"https:\/\/www.stalam.com\/?s={search_term_string}"},"query-input":{"@type":"PropertyValueSpecification","valueRequired":true,"valueName":"search_term_string"}}],"inLanguage":"es"},{"@type":"Organization","@id":"https:\/\/www.stalam.com\/#organization","name":"Stalam","url":"https:\/\/www.stalam.com\/","logo":{"@type":"ImageObject","inLanguage":"es","@id":"https:\/\/www.stalam.com\/#\/schema\/logo\/image\/","url":"https:\/\/www.stalam.com\/wp-content\/uploads\/2023\/06\/stalam-logo.png","contentUrl":"https:\/\/www.stalam.com\/wp-content\/uploads\/2023\/06\/stalam-logo.png","width":634,"height":176,"caption":"Stalam"},"image":{"@id":"https:\/\/www.stalam.com\/#\/schema\/logo\/image\/"},"sameAs":["https:\/\/www.facebook.com\/Stalam-184036235760438\/","https:\/\/www.linkedin.com\/company\/stalam\/","https:\/\/www.youtube.com\/channel\/UCcl2pZ10KrADorPJccCu43Q"]}]}},"_links":{"self":[{"href":"https:\/\/www.stalam.com\/es\/wp-json\/wp\/v2\/pages\/3887","targetHints":{"allow":["GET"]}}],"collection":[{"href":"https:\/\/www.stalam.com\/es\/wp-json\/wp\/v2\/pages"}],"about":[{"href":"https:\/\/www.stalam.com\/es\/wp-json\/wp\/v2\/types\/page"}],"author":[{"embeddable":true,"href":"https:\/\/www.stalam.com\/es\/wp-json\/wp\/v2\/users\/1"}],"replies":[{"embeddable":true,"href":"https:\/\/www.stalam.com\/es\/wp-json\/wp\/v2\/comments?post=3887"}],"version-history":[{"count":9,"href":"https:\/\/www.stalam.com\/es\/wp-json\/wp\/v2\/pages\/3887\/revisions"}],"predecessor-version":[{"id":15418,"href":"https:\/\/www.stalam.com\/es\/wp-json\/wp\/v2\/pages\/3887\/revisions\/15418"}],"up":[{"embeddable":true,"href":"https:\/\/www.stalam.com\/es\/wp-json\/wp\/v2\/pages\/3886"}],"wp:attachment":[{"href":"https:\/\/www.stalam.com\/es\/wp-json\/wp\/v2\/media?parent=3887"}],"curies":[{"name":"wp","href":"https:\/\/api.w.org\/{rel}","templated":true}]}}