{"id":3888,"date":"2023-05-23T09:53:57","date_gmt":"2023-05-23T07:53:57","guid":{"rendered":"https:\/\/www.stalam.com\/farmacosmesi\/sanificazione-di-spezie-erbe-medicinali-e-aromatiche\/essiccatoi-per-extensions-di-capelli-naturali\/"},"modified":"2025-06-10T15:38:07","modified_gmt":"2025-06-10T13:38:07","slug":"secadores-de-extensiones-de-cabello-natural","status":"publish","type":"page","link":"https:\/\/www.stalam.com\/es\/farma-cosmetica\/secadores-de-extensiones-de-cabello-natural\/secadores-de-extensiones-de-cabello-natural\/","title":{"rendered":"Secadores de extensiones de cabello natural"},"content":{"rendered":"\n<div class=\"fascia-bread-title bgcolor-grey \">\n    <div class=\"container-fascia-bread-title\">\n        <p id=\"breadcrumbs\"><span><span><a href=\"https:\/\/www.stalam.com\/es\/\">Home<\/a><\/span><\/span><\/p>                    <span class=\"title\">FARMA-COSM\u00c9TICA<\/span>\n                <h1 class=\"title-big\">Secadores de extensiones de cabello natural<\/h1>\n    <\/div>\n<\/div>\n\n\n\n<div class=\"fascia-img-header\">\n    <img loading=\"lazy\" decoding=\"async\" src=\"https:\/\/www.stalam.com\/wp-content\/uploads\/2023\/06\/shutterstock_429598393-3.jpg\" alt=\"\" width=\"600\" height=\"400\">\n<\/div>\n\n\n\n\n<div class=\"wp-block-columns col-fullwidth is-layout-flex wp-container-core-columns-is-layout-9d6595d7 wp-block-columns-is-layout-flex\">\n<div class=\"wp-block-column is-layout-flow wp-block-column-is-layout-flow\" style=\"flex-basis:33.33%\"><div class=\"sidebar-prodotti-container\"><div class=\"topbar-prodotti\" id=\"topbar\"><ul><li class=\"page_item page-item-3887 page_item_has_children\"><a href=\"https:\/\/www.stalam.com\/es\/farma-cosmetica\/desinfeccion-de-especias-hierbas-medicinales-y-aromaticas\/\">Desinfecci\u00f3n de especias, hierbas medicinales y arom\u00e1ticas<\/a><\/li>\n<li class=\"page_item page-item-3889 page_item_has_children\"><a href=\"https:\/\/www.stalam.com\/es\/farma-cosmetica\/desinfeccion-del-cannabis\/\">Desinfecci\u00f3n del cannabis<\/a><\/li>\n<li class=\"page_item page-item-3891 page_item_has_children\"><a href=\"https:\/\/www.stalam.com\/es\/farma-cosmetica\/secadores-de-extensiones-de-cabello-natural\/\">Secadores de extensiones de cabello natural<\/a><\/li>\n<a href=\"https:\/\/www.stalam.com\/richiesta-catalogo\/\" class=\"btn btn-filled-r\">Descargar cat\u00e1logo<\/a><\/ul><\/div><div class=\"sidebar-prodotti-left\"><p class=\"grandparent-page\">Farma-Cosm\u00e9tica<\/p><ul><li class=\"page_item page-item-3887 page_item_has_children\"><a href=\"https:\/\/www.stalam.com\/es\/farma-cosmetica\/desinfeccion-de-especias-hierbas-medicinales-y-aromaticas\/\">Desinfecci\u00f3n de especias, hierbas medicinales y arom\u00e1ticas<\/a>\n<ul class='children'>\n\t<li class=\"page_item page-item-3892\"><a href=\"https:\/\/www.stalam.com\/es\/farma-cosmetica\/desinfeccion-de-especias-hierbas-medicinales-y-aromaticas\/desinfeccion-de-especias-hierbas-medicinales-y-aromaticas-sanileaf\/\">Desinfecci\u00f3n de especias, hierbas medicinales y arom\u00e1ticas \u00abSANILEAF+\u00bb<\/a><\/li>\n<\/ul>\n<\/li>\n<li class=\"page_item page-item-3889 page_item_has_children\"><a href=\"https:\/\/www.stalam.com\/es\/farma-cosmetica\/desinfeccion-del-cannabis\/\">Desinfecci\u00f3n del cannabis<\/a>\n<ul class='children'>\n\t<li class=\"page_item page-item-3890\"><a href=\"https:\/\/www.stalam.com\/es\/farma-cosmetica\/desinfeccion-del-cannabis\/desinfeccion-a-radiofrecuencia-del-cannabis-apex\/\">Desinfecci\u00f3n a radiofrecuencia del Cannabis \u00abAPEX\u00bb<\/a><\/li>\n<\/ul>\n<\/li>\n<li class=\"page_item page-item-3891 page_item_has_children\"><a href=\"https:\/\/www.stalam.com\/es\/farma-cosmetica\/secadores-de-extensiones-de-cabello-natural\/\">Secadores de extensiones de cabello natural<\/a>\n<ul class='children'>\n\t<li class=\"page_item page-item-3888\"><a href=\"https:\/\/www.stalam.com\/es\/farma-cosmetica\/secadores-de-extensiones-de-cabello-natural\/secadores-de-extensiones-de-cabello-natural\/\">Secadores de extensiones de cabello natural<\/a><\/li>\n<\/ul>\n<\/li>\n<a href=\"https:\/\/www.stalam.com\/richiesta-catalogo\/\" class=\"btn btn-filled-r\">Descargar cat\u00e1logo<\/a><\/ul><\/div><\/div>\n<\/div>\n\n\n\n<div class=\"wp-block-column is-layout-flow wp-block-column-is-layout-flow\" style=\"flex-basis:66.66%\"><div class=\"fascia-testo-btns-imgs\">\n    <p>El sistema de secado por RF de Stalam proporciona una delicada calefacci\u00f3n diel\u00e9ctrica de los cabellos, por medio de un campo electromagn\u00e9tico a una potencia de 27,12 MHz dentro de un t\u00fanel de temperatura controlada con un m\u00ednimo de circulaci\u00f3n de aire. La energ\u00eda electromagn\u00e9tica se absorbe en proporci\u00f3n con el agua que contienen los cabellos, por lo que, al controlar la potencia de RF, es posible disminuir la humedad hasta un valor residual deseado. Dado que la energ\u00eda de RF se transfiere \u00fanicamente a las zonas h\u00famedas, el proceso de secado no se ve afectado por la fineza, textura o tama\u00f1o del mech\u00f3n de cabello, incluso cuando est\u00e1 sujeto por cordones, bandas el\u00e1sticas o cosido a una base, de forma que todas las partes se secan r\u00e1pida y uniformemente. El proceso completo toma solo unos cuantos minutos sin exceder el secado, sin dejar porciones h\u00famedas y sin enredos en el pelo. La banda transportadora, que es donde se colocan los mechones de cabello para su secado, tiene una estructura fina de malla que permite una evaporaci\u00f3n f\u00e1cil del agua y en donde incluso puede preservarse la integridad f\u00edsica de los cabellos. La baja temperatura elimina el riesgo de deterioro t\u00e9rmico de los cabellos que afecta sus caracter\u00edsticas biol\u00f3gicas, est\u00e9ticas y funcionales. As\u00ed tambi\u00e9n, debido a que no se ocasionan p\u00e9rdidas de energ\u00eda al ambiente (el campo electromagn\u00e9tico calienta el agua, no el cabello), el secado de RF tambi\u00e9n es eficiente desde el punto de vista energ\u00e9tico y econ\u00f3mico.<\/p>\n<p>&nbsp;<\/p>\n\n            <div class=\"grid-img\">\n\n                            <a href=\"https:\/\/www.stalam.com\/wp-content\/uploads\/2023\/06\/Macchina-hair-extension-1-1.png\" class=\"swipebox\" data-rel=\"lightbox-image-bGlnaHRib3gtaW1hZ2UtMA==\" data-rl_title=\"\" data-rl_caption=\"\" title=\"\">\n                    <img decoding=\"async\" loading=\"lazy\" src=\"https:\/\/www.stalam.com\/wp-content\/uploads\/2023\/06\/Macchina-hair-extension-1-1.png\" alt=\"\" width=\"600\" height=\"400\">\n                <\/a>\n                            <a href=\"https:\/\/www.stalam.com\/wp-content\/uploads\/2023\/06\/P1030462-mod-1.jpg\" class=\"swipebox\" data-rel=\"lightbox-image-bGlnaHRib3gtaW1hZ2UtMA==\" data-rl_title=\"\" data-rl_caption=\"\" title=\"\">\n                    <img decoding=\"async\" loading=\"lazy\" src=\"https:\/\/www.stalam.com\/wp-content\/uploads\/2023\/06\/P1030462-mod-1.jpg\" alt=\"\" width=\"600\" height=\"400\">\n                <\/a>\n                            <a href=\"https:\/\/www.stalam.com\/wp-content\/uploads\/2023\/06\/CIMG4790-1.jpg\" class=\"swipebox\" data-rel=\"lightbox-image-bGlnaHRib3gtaW1hZ2UtMA==\" data-rl_title=\"\" data-rl_caption=\"\" title=\"\">\n                    <img decoding=\"async\" loading=\"lazy\" src=\"https:\/\/www.stalam.com\/wp-content\/uploads\/2023\/06\/CIMG4790-1.jpg\" alt=\"\" width=\"600\" height=\"400\">\n                <\/a>\n                            <a href=\"https:\/\/www.stalam.com\/wp-content\/uploads\/2023\/06\/CIMG7499-1.jpg\" class=\"swipebox\" data-rel=\"lightbox-image-bGlnaHRib3gtaW1hZ2UtMA==\" data-rl_title=\"\" data-rl_caption=\"\" title=\"\">\n                    <img decoding=\"async\" loading=\"lazy\" src=\"https:\/\/www.stalam.com\/wp-content\/uploads\/2023\/06\/CIMG7499-1.jpg\" alt=\"\" width=\"600\" height=\"400\">\n                <\/a>\n            \n        <\/div>\n    \n            <div class=\"container-btns\">\n                            <a href=\"\/es\/informacion-requerida\/?producto=Secadores de extensiones de cabello natural\" title=\"SOLICITAR INFORMACI\u00d3N\" class=\"btn btn-filled-r\">\n                    SOLICITAR INFORMACI\u00d3N                <\/a>\n                                        <a href=\"\/wp-content\/uploads\/2023\/06\/RF-Drying-of-hair-extension-1.pdf\" title=\"DATOS T\u00c9CNICOS\" class=\"btn btn-filled-t\">\n                    DATOS T\u00c9CNICOS                <\/a>\n                    <\/div>\n    \n<\/div><\/div>\n<\/div>\n\n\n\n<div class=\"fascia-newsletter bgcolor-grey \">\n    <div class=\"container-newsletter\">\n                    <span class=\"title\">\u00bfLe gustar\u00eda conocer m\u00e1s sobre nuestras soluciones?<\/span>\n        \n                    <a href=\"https:\/\/www.stalam.com\/es\/informacion-requerida\/\" title=\"Solicitar informaci\u00f3n\" class=\"btn btn-filled-r\">\n                Solicitar informaci\u00f3n            <\/a>\n            <\/div>\n<\/div>\n\n","protected":false},"excerpt":{"rendered":"","protected":false},"author":1,"featured_media":0,"parent":3891,"menu_order":33,"comment_status":"closed","ping_status":"closed","template":"","meta":{"_acf_changed":false,"content-type":"","footnotes":""},"class_list":["post-3888","page","type-page","status-publish","hentry"],"acf":[],"yoast_head":"<!-- This site is optimized with the Yoast SEO Premium plugin v23.9 (Yoast SEO v27.3) - https:\/\/yoast.com\/product\/yoast-seo-premium-wordpress\/ -->\n<title>Secadores de extensiones de cabello natural | Stalam<\/title>\n<meta name=\"description\" content=\"Entra al sitio y descubre Secadores RF de cabello natural, soluci\u00f3n de stalam para Farma-cosm\u00e9tica!\" \/>\n<meta name=\"robots\" content=\"index, follow, max-snippet:-1, max-image-preview:large, max-video-preview:-1\" \/>\n<link rel=\"canonical\" href=\"https:\/\/www.stalam.com\/es\/farma-cosmetica\/secadores-de-extensiones-de-cabello-natural\/secadores-de-extensiones-de-cabello-natural\/\" \/>\n<meta property=\"og:locale\" content=\"es_ES\" \/>\n<meta property=\"og:type\" content=\"article\" \/>\n<meta property=\"og:title\" content=\"Secadores de extensiones de cabello natural\" \/>\n<meta property=\"og:description\" content=\"Entra al sitio y descubre Secadores RF de cabello natural, soluci\u00f3n de stalam para Farma-cosm\u00e9tica!\" \/>\n<meta property=\"og:url\" content=\"https:\/\/www.stalam.com\/es\/farma-cosmetica\/secadores-de-extensiones-de-cabello-natural\/secadores-de-extensiones-de-cabello-natural\/\" \/>\n<meta property=\"og:site_name\" content=\"Stalam\" \/>\n<meta property=\"article:publisher\" content=\"https:\/\/www.facebook.com\/Stalam-184036235760438\/\" \/>\n<meta property=\"article:modified_time\" content=\"2025-06-10T13:38:07+00:00\" \/>\n<meta property=\"og:image\" content=\"https:\/\/www.stalam.com\/wp-content\/uploads\/2023\/06\/stalam-logo.png\" \/>\n\t<meta property=\"og:image:width\" content=\"634\" \/>\n\t<meta property=\"og:image:height\" content=\"176\" \/>\n\t<meta property=\"og:image:type\" content=\"image\/png\" \/>\n<meta name=\"twitter:card\" content=\"summary_large_image\" \/>\n<meta name=\"twitter:label1\" content=\"Tiempo de lectura\" \/>\n\t<meta name=\"twitter:data1\" content=\"1 minuto\" \/>\n<script type=\"application\/ld+json\" class=\"yoast-schema-graph\">{\"@context\":\"https:\\\/\\\/schema.org\",\"@graph\":[{\"@type\":\"WebPage\",\"@id\":\"https:\\\/\\\/www.stalam.com\\\/es\\\/farma-cosmetica\\\/secadores-de-extensiones-de-cabello-natural\\\/secadores-de-extensiones-de-cabello-natural\\\/\",\"url\":\"https:\\\/\\\/www.stalam.com\\\/es\\\/farma-cosmetica\\\/secadores-de-extensiones-de-cabello-natural\\\/secadores-de-extensiones-de-cabello-natural\\\/\",\"name\":\"Secadores de extensiones de cabello natural | Stalam\",\"isPartOf\":{\"@id\":\"https:\\\/\\\/www.stalam.com\\\/#website\"},\"datePublished\":\"2023-05-23T07:53:57+00:00\",\"dateModified\":\"2025-06-10T13:38:07+00:00\",\"description\":\"Entra al sitio y descubre Secadores RF de cabello natural, soluci\u00f3n de stalam para Farma-cosm\u00e9tica!\",\"breadcrumb\":{\"@id\":\"https:\\\/\\\/www.stalam.com\\\/es\\\/farma-cosmetica\\\/secadores-de-extensiones-de-cabello-natural\\\/secadores-de-extensiones-de-cabello-natural\\\/#breadcrumb\"},\"inLanguage\":\"es\",\"potentialAction\":[{\"@type\":\"ReadAction\",\"target\":[\"https:\\\/\\\/www.stalam.com\\\/es\\\/farma-cosmetica\\\/secadores-de-extensiones-de-cabello-natural\\\/secadores-de-extensiones-de-cabello-natural\\\/\"]}]},{\"@type\":\"BreadcrumbList\",\"@id\":\"https:\\\/\\\/www.stalam.com\\\/es\\\/farma-cosmetica\\\/secadores-de-extensiones-de-cabello-natural\\\/secadores-de-extensiones-de-cabello-natural\\\/#breadcrumb\",\"itemListElement\":[{\"@type\":\"ListItem\",\"position\":1,\"name\":\"Home\",\"item\":\"https:\\\/\\\/www.stalam.com\\\/es\\\/\"},{\"@type\":\"ListItem\",\"position\":2,\"name\":\"Farma-Cosm\u00e9tica\",\"item\":\"https:\\\/\\\/www.stalam.com\\\/es\\\/farma-cosmetica\\\/\"},{\"@type\":\"ListItem\",\"position\":3,\"name\":\"Secadores de extensiones de cabello natural\",\"item\":\"https:\\\/\\\/www.stalam.com\\\/es\\\/farma-cosmetica\\\/secadores-de-extensiones-de-cabello-natural\\\/\"},{\"@type\":\"ListItem\",\"position\":4,\"name\":\"Secadores de extensiones de cabello natural\"}]},{\"@type\":\"WebSite\",\"@id\":\"https:\\\/\\\/www.stalam.com\\\/#website\",\"url\":\"https:\\\/\\\/www.stalam.com\\\/\",\"name\":\"Stalam\",\"description\":\"\",\"publisher\":{\"@id\":\"https:\\\/\\\/www.stalam.com\\\/#organization\"},\"potentialAction\":[{\"@type\":\"SearchAction\",\"target\":{\"@type\":\"EntryPoint\",\"urlTemplate\":\"https:\\\/\\\/www.stalam.com\\\/?s={search_term_string}\"},\"query-input\":{\"@type\":\"PropertyValueSpecification\",\"valueRequired\":true,\"valueName\":\"search_term_string\"}}],\"inLanguage\":\"es\"},{\"@type\":\"Organization\",\"@id\":\"https:\\\/\\\/www.stalam.com\\\/#organization\",\"name\":\"Stalam\",\"url\":\"https:\\\/\\\/www.stalam.com\\\/\",\"logo\":{\"@type\":\"ImageObject\",\"inLanguage\":\"es\",\"@id\":\"https:\\\/\\\/www.stalam.com\\\/#\\\/schema\\\/logo\\\/image\\\/\",\"url\":\"https:\\\/\\\/www.stalam.com\\\/wp-content\\\/uploads\\\/2023\\\/06\\\/stalam-logo.png\",\"contentUrl\":\"https:\\\/\\\/www.stalam.com\\\/wp-content\\\/uploads\\\/2023\\\/06\\\/stalam-logo.png\",\"width\":634,\"height\":176,\"caption\":\"Stalam\"},\"image\":{\"@id\":\"https:\\\/\\\/www.stalam.com\\\/#\\\/schema\\\/logo\\\/image\\\/\"},\"sameAs\":[\"https:\\\/\\\/www.facebook.com\\\/Stalam-184036235760438\\\/\",\"https:\\\/\\\/www.linkedin.com\\\/company\\\/stalam\\\/\",\"https:\\\/\\\/www.youtube.com\\\/channel\\\/UCcl2pZ10KrADorPJccCu43Q\"]}]}<\/script>\n<!-- \/ Yoast SEO Premium plugin. -->","yoast_head_json":{"title":"Secadores de extensiones de cabello natural | Stalam","description":"Entra al sitio y descubre Secadores RF de cabello natural, soluci\u00f3n de stalam para Farma-cosm\u00e9tica!","robots":{"index":"index","follow":"follow","max-snippet":"max-snippet:-1","max-image-preview":"max-image-preview:large","max-video-preview":"max-video-preview:-1"},"canonical":"https:\/\/www.stalam.com\/es\/farma-cosmetica\/secadores-de-extensiones-de-cabello-natural\/secadores-de-extensiones-de-cabello-natural\/","og_locale":"es_ES","og_type":"article","og_title":"Secadores de extensiones de cabello natural","og_description":"Entra al sitio y descubre Secadores RF de cabello natural, soluci\u00f3n de stalam para Farma-cosm\u00e9tica!","og_url":"https:\/\/www.stalam.com\/es\/farma-cosmetica\/secadores-de-extensiones-de-cabello-natural\/secadores-de-extensiones-de-cabello-natural\/","og_site_name":"Stalam","article_publisher":"https:\/\/www.facebook.com\/Stalam-184036235760438\/","article_modified_time":"2025-06-10T13:38:07+00:00","og_image":[{"width":634,"height":176,"url":"https:\/\/www.stalam.com\/wp-content\/uploads\/2023\/06\/stalam-logo.png","type":"image\/png"}],"twitter_card":"summary_large_image","twitter_misc":{"Tiempo de lectura":"1 minuto"},"schema":{"@context":"https:\/\/schema.org","@graph":[{"@type":"WebPage","@id":"https:\/\/www.stalam.com\/es\/farma-cosmetica\/secadores-de-extensiones-de-cabello-natural\/secadores-de-extensiones-de-cabello-natural\/","url":"https:\/\/www.stalam.com\/es\/farma-cosmetica\/secadores-de-extensiones-de-cabello-natural\/secadores-de-extensiones-de-cabello-natural\/","name":"Secadores de extensiones de cabello natural | Stalam","isPartOf":{"@id":"https:\/\/www.stalam.com\/#website"},"datePublished":"2023-05-23T07:53:57+00:00","dateModified":"2025-06-10T13:38:07+00:00","description":"Entra al sitio y descubre Secadores RF de cabello natural, soluci\u00f3n de stalam para Farma-cosm\u00e9tica!","breadcrumb":{"@id":"https:\/\/www.stalam.com\/es\/farma-cosmetica\/secadores-de-extensiones-de-cabello-natural\/secadores-de-extensiones-de-cabello-natural\/#breadcrumb"},"inLanguage":"es","potentialAction":[{"@type":"ReadAction","target":["https:\/\/www.stalam.com\/es\/farma-cosmetica\/secadores-de-extensiones-de-cabello-natural\/secadores-de-extensiones-de-cabello-natural\/"]}]},{"@type":"BreadcrumbList","@id":"https:\/\/www.stalam.com\/es\/farma-cosmetica\/secadores-de-extensiones-de-cabello-natural\/secadores-de-extensiones-de-cabello-natural\/#breadcrumb","itemListElement":[{"@type":"ListItem","position":1,"name":"Home","item":"https:\/\/www.stalam.com\/es\/"},{"@type":"ListItem","position":2,"name":"Farma-Cosm\u00e9tica","item":"https:\/\/www.stalam.com\/es\/farma-cosmetica\/"},{"@type":"ListItem","position":3,"name":"Secadores de extensiones de cabello natural","item":"https:\/\/www.stalam.com\/es\/farma-cosmetica\/secadores-de-extensiones-de-cabello-natural\/"},{"@type":"ListItem","position":4,"name":"Secadores de extensiones de cabello natural"}]},{"@type":"WebSite","@id":"https:\/\/www.stalam.com\/#website","url":"https:\/\/www.stalam.com\/","name":"Stalam","description":"","publisher":{"@id":"https:\/\/www.stalam.com\/#organization"},"potentialAction":[{"@type":"SearchAction","target":{"@type":"EntryPoint","urlTemplate":"https:\/\/www.stalam.com\/?s={search_term_string}"},"query-input":{"@type":"PropertyValueSpecification","valueRequired":true,"valueName":"search_term_string"}}],"inLanguage":"es"},{"@type":"Organization","@id":"https:\/\/www.stalam.com\/#organization","name":"Stalam","url":"https:\/\/www.stalam.com\/","logo":{"@type":"ImageObject","inLanguage":"es","@id":"https:\/\/www.stalam.com\/#\/schema\/logo\/image\/","url":"https:\/\/www.stalam.com\/wp-content\/uploads\/2023\/06\/stalam-logo.png","contentUrl":"https:\/\/www.stalam.com\/wp-content\/uploads\/2023\/06\/stalam-logo.png","width":634,"height":176,"caption":"Stalam"},"image":{"@id":"https:\/\/www.stalam.com\/#\/schema\/logo\/image\/"},"sameAs":["https:\/\/www.facebook.com\/Stalam-184036235760438\/","https:\/\/www.linkedin.com\/company\/stalam\/","https:\/\/www.youtube.com\/channel\/UCcl2pZ10KrADorPJccCu43Q"]}]}},"_links":{"self":[{"href":"https:\/\/www.stalam.com\/es\/wp-json\/wp\/v2\/pages\/3888","targetHints":{"allow":["GET"]}}],"collection":[{"href":"https:\/\/www.stalam.com\/es\/wp-json\/wp\/v2\/pages"}],"about":[{"href":"https:\/\/www.stalam.com\/es\/wp-json\/wp\/v2\/types\/page"}],"author":[{"embeddable":true,"href":"https:\/\/www.stalam.com\/es\/wp-json\/wp\/v2\/users\/1"}],"replies":[{"embeddable":true,"href":"https:\/\/www.stalam.com\/es\/wp-json\/wp\/v2\/comments?post=3888"}],"version-history":[{"count":17,"href":"https:\/\/www.stalam.com\/es\/wp-json\/wp\/v2\/pages\/3888\/revisions"}],"predecessor-version":[{"id":15467,"href":"https:\/\/www.stalam.com\/es\/wp-json\/wp\/v2\/pages\/3888\/revisions\/15467"}],"up":[{"embeddable":true,"href":"https:\/\/www.stalam.com\/es\/wp-json\/wp\/v2\/pages\/3891"}],"wp:attachment":[{"href":"https:\/\/www.stalam.com\/es\/wp-json\/wp\/v2\/media?parent=3888"}],"curies":[{"name":"wp","href":"https:\/\/api.w.org\/{rel}","templated":true}]}}