{"id":3889,"date":"2023-05-23T09:53:38","date_gmt":"2023-05-23T07:53:38","guid":{"rendered":"https:\/\/www.stalam.com\/farmacosmesi\/trattamento-bio-di-riduzione-della-carica-microbica-nella-cannabis\/"},"modified":"2025-06-10T15:36:38","modified_gmt":"2025-06-10T13:36:38","slug":"desinfeccion-del-cannabis","status":"publish","type":"page","link":"https:\/\/www.stalam.com\/es\/farma-cosmetica\/desinfeccion-del-cannabis\/","title":{"rendered":"Desinfecci\u00f3n del cannabis"},"content":{"rendered":"\n<div class=\"fascia-bread-title bgcolor-grey \">\n    <div class=\"container-fascia-bread-title\">\n        <p id=\"breadcrumbs\"><span><span><a href=\"https:\/\/www.stalam.com\/es\/\">Home<\/a><\/span><\/span><\/p>                    <span class=\"title\">FARMA-COSM\u00c9TICA<\/span>\n                <h1 class=\"title-big\">Equipo de radiofrecuencia para la desinfecci\u00f3n org\u00e1nica del cannabis<\/h1>\n    <\/div>\n<\/div>\n\n\n\n<div class=\"fascia-img-header\">\n    <img loading=\"lazy\" decoding=\"async\" src=\"https:\/\/www.stalam.com\/wp-content\/uploads\/2023\/05\/shutterstock_721408672-1-3.jpg\" alt=\"\" width=\"600\" height=\"400\">\n<\/div>\n\n\n\n\n<div class=\"wp-block-columns col-fullwidth is-layout-flex wp-container-core-columns-is-layout-9d6595d7 wp-block-columns-is-layout-flex\">\n<div class=\"wp-block-column is-layout-flow wp-block-column-is-layout-flow\" style=\"flex-basis:33.33%\"><div class=\"sidebar-prodotti-container\"><div class=\"topbar-prodotti\" id=\"topbar\"><ul><li class=\"page_item page-item-3887 page_item_has_children\"><a href=\"https:\/\/www.stalam.com\/es\/farma-cosmetica\/desinfeccion-de-especias-hierbas-medicinales-y-aromaticas\/\">Desinfecci\u00f3n de especias, hierbas medicinales y arom\u00e1ticas<\/a><\/li>\n<li class=\"page_item page-item-3889 page_item_has_children\"><a href=\"https:\/\/www.stalam.com\/es\/farma-cosmetica\/desinfeccion-del-cannabis\/\">Desinfecci\u00f3n del cannabis<\/a><\/li>\n<li class=\"page_item page-item-3891 page_item_has_children\"><a href=\"https:\/\/www.stalam.com\/es\/farma-cosmetica\/secadores-de-extensiones-de-cabello-natural\/\">Secadores de extensiones de cabello natural<\/a><\/li>\n<a href=\"https:\/\/www.stalam.com\/richiesta-catalogo\/\" class=\"btn btn-filled-r\">Descargar cat\u00e1logo<\/a><\/ul><\/div><div class=\"sidebar-prodotti-left\"><p class=\"grandparent-page\">Farma-Cosm\u00e9tica<\/p><ul><li class=\"page_item page-item-3887 page_item_has_children\"><a href=\"https:\/\/www.stalam.com\/es\/farma-cosmetica\/desinfeccion-de-especias-hierbas-medicinales-y-aromaticas\/\">Desinfecci\u00f3n de especias, hierbas medicinales y arom\u00e1ticas<\/a>\n<ul class='children'>\n\t<li class=\"page_item page-item-3892\"><a href=\"https:\/\/www.stalam.com\/es\/farma-cosmetica\/desinfeccion-de-especias-hierbas-medicinales-y-aromaticas\/desinfeccion-de-especias-hierbas-medicinales-y-aromaticas-sanileaf\/\">Desinfecci\u00f3n de especias, hierbas medicinales y arom\u00e1ticas \u00abSANILEAF+\u00bb<\/a><\/li>\n<\/ul>\n<\/li>\n<li class=\"page_item page-item-3889 page_item_has_children\"><a href=\"https:\/\/www.stalam.com\/es\/farma-cosmetica\/desinfeccion-del-cannabis\/\">Desinfecci\u00f3n del cannabis<\/a>\n<ul class='children'>\n\t<li class=\"page_item page-item-3890\"><a href=\"https:\/\/www.stalam.com\/es\/farma-cosmetica\/desinfeccion-del-cannabis\/desinfeccion-a-radiofrecuencia-del-cannabis-apex\/\">Desinfecci\u00f3n a radiofrecuencia del Cannabis \u00abAPEX\u00bb<\/a><\/li>\n<\/ul>\n<\/li>\n<li class=\"page_item page-item-3891 page_item_has_children\"><a href=\"https:\/\/www.stalam.com\/es\/farma-cosmetica\/secadores-de-extensiones-de-cabello-natural\/\">Secadores de extensiones de cabello natural<\/a>\n<ul class='children'>\n\t<li class=\"page_item page-item-3888\"><a href=\"https:\/\/www.stalam.com\/es\/farma-cosmetica\/secadores-de-extensiones-de-cabello-natural\/secadores-de-extensiones-de-cabello-natural\/\">Secadores de extensiones de cabello natural<\/a><\/li>\n<\/ul>\n<\/li>\n<a href=\"https:\/\/www.stalam.com\/richiesta-catalogo\/\" class=\"btn btn-filled-r\">Descargar cat\u00e1logo<\/a><\/ul><\/div><\/div>\n<\/div>\n\n\n\n<div class=\"wp-block-column is-layout-flow wp-block-column-is-layout-flow\" style=\"flex-basis:66.66%\"><div class=\"fascia-testo-dimg-vantaggi\">\n    <p>Los pat\u00f3genos microbianos, especialmente el moho y la levadura, son un problema grave y com\u00fan que deben afrontar los cultivadores de c\u00e1\u00f1amo, ya cultiven en interiores, invernaderos o en exteriores. Los altos \u00edndices de moho y levadura son uno de los principales motivos de no cumplimiento de las normativas en materia microbiana en el \u00e1mbito del c\u00e1\u00f1amo. Los productos que no cumplen los niveles normativos se ven perjudicados en sus ingresos, aumentan el riesgo de retiradas de productos y comprometen la licencia del cultivador.<\/p>\n<p>&nbsp;<\/p>\n<p>Stalam ha desarrollado una soluci\u00f3n org\u00e1nica, rentable y no ionizante a este problema: el tratamiento post-cosecha por radiofrecuencia (RF) del c\u00e1\u00f1amo. Los equipos de la serie APEX de Stalam para el tratamiento del c\u00e1\u00f1amo emiten de forma eficaz el calor necesario para eliminar los pat\u00f3genos microbianos sin comprometer las cualidades sensoriales de la flor del c\u00e1\u00f1amo. Las largas ondas de radio de los equipos RF de Stalam penetran uniformemente en la flor, creando un \u201ccalor volum\u00e9trico\u00bb distribuido con uniformidad, a diferencia del calentamiento t\u00e9rmico tradicional.<\/p>\n<p>&nbsp;<\/p>\n<p>Con un nivel de frecuencia de 27,12 MHz, las mol\u00e9culas de agua contenidas en la humedad natural del c\u00e1\u00f1amo se excitan con el campo electromagn\u00e9tico, cuya polaridad cambia 27 millones de veces por segundo, generando fricci\u00f3n intermolecular y, por tanto, el calor necesario para eliminar los pat\u00f3genos microbianos. Las temperaturas de tratamiento van de los 60\u00b0C a los 90\u00b0C con el fin de eliminar los pat\u00f3genos a trav\u00e9s de una combinaci\u00f3n de efectos t\u00e9rmicos sinerg\u00edsticos y de electroporaci\u00f3n de membrana celular.<\/p>\n<p>&nbsp;<\/p>\n<p>Esta doble acci\u00f3n del campo RF es letal para los pat\u00f3genos microbianos que contaminan el producto, ofreciendo una reducci\u00f3n eficaz de la poblaci\u00f3n microbiana. Est\u00e1 demostrado que el tratamiento RF reduce el recuento total de mohos y levaduras (TYMC) a &lt;10.000 cfu\/g de forma constante en un ciclo, con recuentos iniciales de hasta 150,000 cfu\/g, permitiendo a los cultivadores cumplir sus requisitos normativos.<\/p>\n<p>&nbsp;<\/p>\n<p>Este nivel significativo de reducci\u00f3n se obtiene sin usar productos qu\u00edmicos, tratamientos t\u00e9rmicos dr\u00e1sticos o radiaciones. El tratamiento de radiofrecuencia preserva la potencia, la humedad y los cannabinoides, adem\u00e1s de las fundamentales propiedades sensoriales de textura, color y aroma de la flor del c\u00e1\u00f1amo.<\/p>\n\n            <div class=\"grid-img\">\n                            <a href=\"https:\/\/www.stalam.com\/wp-content\/uploads\/2023\/05\/Cannabis-disinfestation3.jpg\" class=\"swipebox\" data-rel=\"lightbox-image-bGlnaHRib3gtaW1hZ2UtMA==\" data-rl_title=\"\" data-rl_caption=\"\" title=\"\">\n                    <img loading=\"lazy\" decoding=\"async\" src=\"https:\/\/www.stalam.com\/wp-content\/uploads\/2023\/05\/Cannabis-disinfestation3.jpg\" alt=\"\" width=\"600\" height=\"400\">\n                <\/a>\n                                        <a href=\"https:\/\/www.stalam.com\/wp-content\/uploads\/2023\/05\/Cannabis-disinfestation-2-.jpg\" class=\"swipebox\" data-rel=\"lightbox-image-bGlnaHRib3gtaW1hZ2UtMA==\" data-rl_title=\"\" data-rl_caption=\"\" title=\"\">\n                    <img loading=\"lazy\" decoding=\"async\" src=\"https:\/\/www.stalam.com\/wp-content\/uploads\/2023\/05\/Cannabis-disinfestation-2-.jpg\" alt=\"\" width=\"600\" height=\"400\">\n                <\/a>\n                    <\/div>\n    \n    \n    \n<\/div><\/div>\n<\/div>\n\n\n\n<div class=\"tripletext-col bgcolor-white \">\n            <span class=\"title\">Beneficios<\/span>\n    \n    <div class=\"grid-3\">\n        <div class=\"col\">\n            <span class=\"title\">Tratamiento r\u00e1pido e instant\u00e1neo <\/span>\n            <p>A diferencia de la desinfecci\u00f3n superficial, el campo de RF penetra instant\u00e1neamente en todo el cuerpo del producto, sin importar su densidad, tama\u00f1o o grosor. Pueden tratarse lotes de 2 a 8 kg dentro de 15 minutos.<\/p>\n        <\/div>\n        <div class=\"col\">\n            <span class=\"title\">Tratamiento seguro, org\u00e1nico y libre de qu\u00edmicos <\/span>\n            <p>Proceso org\u00e1nico, libre de qu\u00edmicos, sin ionizaci\u00f3n, radiaci\u00f3n ni oxidaci\u00f3n. Reduce TYMC a menos de 10.000 cfu\/g en un ciclo con un conteo inicial hasta 150.000 cfu\/g.<\/p>\n        <\/div>\n        <div class=\"col\">\n            <span class=\"title\">Conserva la potencia y la calidad <\/span>\n            <p>El Cannabis conserva todas las cualidades f\u00edsicas y sensoriales, como la potencia y los cannabinoides, sin descarboxilaci\u00f3n.<\/p>\n        <\/div>\n    <\/div>\n<\/div>\n\n\n<div class=\"fascia-prodotti bgcolor-grey \">\n    <div class=\"container-prodotti\">\n        \n            <div class=\"prodotti-card\">\n    <img decoding=\"async\" loading=\"lazy\" src=\"https:\/\/www.stalam.com\/wp-content\/uploads\/2024\/12\/maschera.png\" alt=\"\" width=\"600\" height=\"400\">\n\n    <div class=\"flex-text\">\n        <p>FARMA-COSM\u00c9TICA <\/p>\n        <span class=\"text-bold\">Desinfecci\u00f3n a radiofrecuencia del Cannabis \u00abAPEX\u00bb <\/span>\n        <p>Equipo de radiofrecuencia para la desinfecci\u00f3n org\u00e1nica del cannabis<\/p>\n        <a href=\"\/es\/farma-cosmetica\/desinfeccion-del-cannabis\/desinfeccion-a-radiofrecuencia-del-cannabis-apex\/\" title=\"DESCUBRIR M\u00c1S\" class=\"btn btn-filled-r\">\n            DESCUBRIR M\u00c1S        <\/a>\n    <\/div>\n<\/div>\n\n\n            <\/div>\n<\/div>\n\n\n<div class=\"images-slider-container\">\n\n    <span class=\"title\">Galer\u00eda de fotos<\/span>\n\n    <div class=\"images-slider__row\">\n                    <div class=\"images-slider__single\">\n                <div class=\"images-slider__single-contents\">\n                    <img data-flickity-lazyload=\"https:\/\/www.stalam.com\/wp-content\/uploads\/2023\/05\/Canapa-seeds.jpg\" class=\"skip-lazy\" alt=\"slider image\" width=\"400\" height=\"600\" \/>\n                    Sanificazione a RF dei semi di canapa                <\/div>\n\n            <\/div>\n                    <div class=\"images-slider__single\">\n                <div class=\"images-slider__single-contents\">\n                    <img data-flickity-lazyload=\"https:\/\/www.stalam.com\/wp-content\/uploads\/2023\/05\/Cannabis-disinfestation-2-1-1.jpg\" class=\"skip-lazy\" alt=\"slider image\" width=\"400\" height=\"600\" \/>\n                    Dettaglio del PLC                <\/div>\n\n            <\/div>\n                    <div class=\"images-slider__single\">\n                <div class=\"images-slider__single-contents\">\n                    <img data-flickity-lazyload=\"https:\/\/www.stalam.com\/wp-content\/uploads\/2023\/05\/Cannabis-disinfestation-RF.jpg\" class=\"skip-lazy\" alt=\"slider image\" width=\"400\" height=\"600\" \/>\n                    Pastorizzazione della cannabis                <\/div>\n\n            <\/div>\n                    <div class=\"images-slider__single\">\n                <div class=\"images-slider__single-contents\">\n                    <img data-flickity-lazyload=\"https:\/\/www.stalam.com\/wp-content\/uploads\/2023\/05\/Cannabis-disinfestation.jpg\" class=\"skip-lazy\" alt=\"slider image\" width=\"400\" height=\"600\" \/>\n                    Preparazione della Cannabis in contenitori di plastica per la pastorizzazione a RF                <\/div>\n\n            <\/div>\n                    <div class=\"images-slider__single\">\n                <div class=\"images-slider__single-contents\">\n                    <img data-flickity-lazyload=\"https:\/\/www.stalam.com\/wp-content\/uploads\/2023\/05\/Cannabis-disinfestation3-1.jpg\" class=\"skip-lazy\" alt=\"slider image\" width=\"400\" height=\"600\" \/>\n                    Pastorizzazione della cannabis                <\/div>\n\n            <\/div>\n                    <div class=\"images-slider__single\">\n                <div class=\"images-slider__single-contents\">\n                    <img data-flickity-lazyload=\"https:\/\/www.stalam.com\/wp-content\/uploads\/2023\/05\/Cannabis-RF-pasteurisation.png\" class=\"skip-lazy\" alt=\"slider image\" width=\"400\" height=\"600\" \/>\n                    Camera di trattamento a RF                <\/div>\n\n            <\/div>\n                    <div class=\"images-slider__single\">\n                <div class=\"images-slider__single-contents\">\n                    <img data-flickity-lazyload=\"https:\/\/www.stalam.com\/wp-content\/uploads\/2023\/05\/RF-7-kW_ingresso.jpg\" class=\"skip-lazy\" alt=\"slider image\" width=\"400\" height=\"600\" \/>\n                    Carico e scarico del prodotto                <\/div>\n\n            <\/div>\n        \n    <\/div>\n<\/div>\n\n\n\n<div class=\"fascia-newsletter bgcolor-grey \">\n    <div class=\"container-newsletter\">\n                    <span class=\"title\">\u00bfLe gustar\u00eda conocer m\u00e1s sobre nuestras soluciones?<\/span>\n        \n                    <a href=\"https:\/\/www.stalam.com\/es\/informacion-requerida\/\" title=\"Solicitar informaci\u00f3n\" class=\"btn btn-filled-r\">\n                Solicitar informaci\u00f3n            <\/a>\n            <\/div>\n<\/div>\n\n","protected":false},"excerpt":{"rendered":"","protected":false},"author":1,"featured_media":0,"parent":3886,"menu_order":2,"comment_status":"closed","ping_status":"closed","template":"","meta":{"_acf_changed":false,"content-type":"","footnotes":""},"class_list":["post-3889","page","type-page","status-publish","hentry"],"acf":[],"yoast_head":"<!-- This site is optimized with the Yoast SEO Premium plugin v23.9 (Yoast SEO v27.3) - https:\/\/yoast.com\/product\/yoast-seo-premium-wordpress\/ -->\n<title>Desinfecci\u00f3n del cannabis | Stalam<\/title>\n<meta name=\"description\" content=\"Descubre la aplicaci\u00f3n de nuestra tecnolog\u00eda de radiofrecuencia a desinfecci\u00f3n del cannabis\" \/>\n<meta name=\"robots\" content=\"index, follow, max-snippet:-1, max-image-preview:large, max-video-preview:-1\" \/>\n<link rel=\"canonical\" href=\"https:\/\/www.stalam.com\/es\/farma-cosmetica\/desinfeccion-del-cannabis\/\" \/>\n<meta property=\"og:locale\" content=\"es_ES\" \/>\n<meta property=\"og:type\" content=\"article\" \/>\n<meta property=\"og:title\" content=\"Desinfecci\u00f3n del cannabis\" \/>\n<meta property=\"og:description\" content=\"Descubre la aplicaci\u00f3n de nuestra tecnolog\u00eda de radiofrecuencia a desinfecci\u00f3n del cannabis\" \/>\n<meta property=\"og:url\" content=\"https:\/\/www.stalam.com\/es\/farma-cosmetica\/desinfeccion-del-cannabis\/\" \/>\n<meta property=\"og:site_name\" content=\"Stalam\" \/>\n<meta property=\"article:publisher\" content=\"https:\/\/www.facebook.com\/Stalam-184036235760438\/\" \/>\n<meta property=\"article:modified_time\" content=\"2025-06-10T13:36:38+00:00\" \/>\n<meta property=\"og:image\" content=\"https:\/\/www.stalam.com\/wp-content\/uploads\/2023\/06\/stalam-logo.png\" \/>\n\t<meta property=\"og:image:width\" content=\"634\" \/>\n\t<meta property=\"og:image:height\" content=\"176\" \/>\n\t<meta property=\"og:image:type\" content=\"image\/png\" \/>\n<meta name=\"twitter:card\" content=\"summary_large_image\" \/>\n<meta name=\"twitter:label1\" content=\"Tiempo de lectura\" \/>\n\t<meta name=\"twitter:data1\" content=\"1 minuto\" \/>\n<script type=\"application\/ld+json\" class=\"yoast-schema-graph\">{\"@context\":\"https:\\\/\\\/schema.org\",\"@graph\":[{\"@type\":\"WebPage\",\"@id\":\"https:\\\/\\\/www.stalam.com\\\/es\\\/farma-cosmetica\\\/desinfeccion-del-cannabis\\\/\",\"url\":\"https:\\\/\\\/www.stalam.com\\\/es\\\/farma-cosmetica\\\/desinfeccion-del-cannabis\\\/\",\"name\":\"Desinfecci\u00f3n del cannabis | Stalam\",\"isPartOf\":{\"@id\":\"https:\\\/\\\/www.stalam.com\\\/#website\"},\"datePublished\":\"2023-05-23T07:53:38+00:00\",\"dateModified\":\"2025-06-10T13:36:38+00:00\",\"description\":\"Descubre la aplicaci\u00f3n de nuestra tecnolog\u00eda de radiofrecuencia a desinfecci\u00f3n del cannabis\",\"breadcrumb\":{\"@id\":\"https:\\\/\\\/www.stalam.com\\\/es\\\/farma-cosmetica\\\/desinfeccion-del-cannabis\\\/#breadcrumb\"},\"inLanguage\":\"es\",\"potentialAction\":[{\"@type\":\"ReadAction\",\"target\":[\"https:\\\/\\\/www.stalam.com\\\/es\\\/farma-cosmetica\\\/desinfeccion-del-cannabis\\\/\"]}]},{\"@type\":\"BreadcrumbList\",\"@id\":\"https:\\\/\\\/www.stalam.com\\\/es\\\/farma-cosmetica\\\/desinfeccion-del-cannabis\\\/#breadcrumb\",\"itemListElement\":[{\"@type\":\"ListItem\",\"position\":1,\"name\":\"Home\",\"item\":\"https:\\\/\\\/www.stalam.com\\\/es\\\/\"},{\"@type\":\"ListItem\",\"position\":2,\"name\":\"Farma-Cosm\u00e9tica\",\"item\":\"https:\\\/\\\/www.stalam.com\\\/es\\\/farma-cosmetica\\\/\"},{\"@type\":\"ListItem\",\"position\":3,\"name\":\"Desinfecci\u00f3n del cannabis\"}]},{\"@type\":\"WebSite\",\"@id\":\"https:\\\/\\\/www.stalam.com\\\/#website\",\"url\":\"https:\\\/\\\/www.stalam.com\\\/\",\"name\":\"Stalam\",\"description\":\"\",\"publisher\":{\"@id\":\"https:\\\/\\\/www.stalam.com\\\/#organization\"},\"potentialAction\":[{\"@type\":\"SearchAction\",\"target\":{\"@type\":\"EntryPoint\",\"urlTemplate\":\"https:\\\/\\\/www.stalam.com\\\/?s={search_term_string}\"},\"query-input\":{\"@type\":\"PropertyValueSpecification\",\"valueRequired\":true,\"valueName\":\"search_term_string\"}}],\"inLanguage\":\"es\"},{\"@type\":\"Organization\",\"@id\":\"https:\\\/\\\/www.stalam.com\\\/#organization\",\"name\":\"Stalam\",\"url\":\"https:\\\/\\\/www.stalam.com\\\/\",\"logo\":{\"@type\":\"ImageObject\",\"inLanguage\":\"es\",\"@id\":\"https:\\\/\\\/www.stalam.com\\\/#\\\/schema\\\/logo\\\/image\\\/\",\"url\":\"https:\\\/\\\/www.stalam.com\\\/wp-content\\\/uploads\\\/2023\\\/06\\\/stalam-logo.png\",\"contentUrl\":\"https:\\\/\\\/www.stalam.com\\\/wp-content\\\/uploads\\\/2023\\\/06\\\/stalam-logo.png\",\"width\":634,\"height\":176,\"caption\":\"Stalam\"},\"image\":{\"@id\":\"https:\\\/\\\/www.stalam.com\\\/#\\\/schema\\\/logo\\\/image\\\/\"},\"sameAs\":[\"https:\\\/\\\/www.facebook.com\\\/Stalam-184036235760438\\\/\",\"https:\\\/\\\/www.linkedin.com\\\/company\\\/stalam\\\/\",\"https:\\\/\\\/www.youtube.com\\\/channel\\\/UCcl2pZ10KrADorPJccCu43Q\"]}]}<\/script>\n<!-- \/ Yoast SEO Premium plugin. -->","yoast_head_json":{"title":"Desinfecci\u00f3n del cannabis | Stalam","description":"Descubre la aplicaci\u00f3n de nuestra tecnolog\u00eda de radiofrecuencia a desinfecci\u00f3n del cannabis","robots":{"index":"index","follow":"follow","max-snippet":"max-snippet:-1","max-image-preview":"max-image-preview:large","max-video-preview":"max-video-preview:-1"},"canonical":"https:\/\/www.stalam.com\/es\/farma-cosmetica\/desinfeccion-del-cannabis\/","og_locale":"es_ES","og_type":"article","og_title":"Desinfecci\u00f3n del cannabis","og_description":"Descubre la aplicaci\u00f3n de nuestra tecnolog\u00eda de radiofrecuencia a desinfecci\u00f3n del cannabis","og_url":"https:\/\/www.stalam.com\/es\/farma-cosmetica\/desinfeccion-del-cannabis\/","og_site_name":"Stalam","article_publisher":"https:\/\/www.facebook.com\/Stalam-184036235760438\/","article_modified_time":"2025-06-10T13:36:38+00:00","og_image":[{"width":634,"height":176,"url":"https:\/\/www.stalam.com\/wp-content\/uploads\/2023\/06\/stalam-logo.png","type":"image\/png"}],"twitter_card":"summary_large_image","twitter_misc":{"Tiempo de lectura":"1 minuto"},"schema":{"@context":"https:\/\/schema.org","@graph":[{"@type":"WebPage","@id":"https:\/\/www.stalam.com\/es\/farma-cosmetica\/desinfeccion-del-cannabis\/","url":"https:\/\/www.stalam.com\/es\/farma-cosmetica\/desinfeccion-del-cannabis\/","name":"Desinfecci\u00f3n del cannabis | Stalam","isPartOf":{"@id":"https:\/\/www.stalam.com\/#website"},"datePublished":"2023-05-23T07:53:38+00:00","dateModified":"2025-06-10T13:36:38+00:00","description":"Descubre la aplicaci\u00f3n de nuestra tecnolog\u00eda de radiofrecuencia a desinfecci\u00f3n del cannabis","breadcrumb":{"@id":"https:\/\/www.stalam.com\/es\/farma-cosmetica\/desinfeccion-del-cannabis\/#breadcrumb"},"inLanguage":"es","potentialAction":[{"@type":"ReadAction","target":["https:\/\/www.stalam.com\/es\/farma-cosmetica\/desinfeccion-del-cannabis\/"]}]},{"@type":"BreadcrumbList","@id":"https:\/\/www.stalam.com\/es\/farma-cosmetica\/desinfeccion-del-cannabis\/#breadcrumb","itemListElement":[{"@type":"ListItem","position":1,"name":"Home","item":"https:\/\/www.stalam.com\/es\/"},{"@type":"ListItem","position":2,"name":"Farma-Cosm\u00e9tica","item":"https:\/\/www.stalam.com\/es\/farma-cosmetica\/"},{"@type":"ListItem","position":3,"name":"Desinfecci\u00f3n del cannabis"}]},{"@type":"WebSite","@id":"https:\/\/www.stalam.com\/#website","url":"https:\/\/www.stalam.com\/","name":"Stalam","description":"","publisher":{"@id":"https:\/\/www.stalam.com\/#organization"},"potentialAction":[{"@type":"SearchAction","target":{"@type":"EntryPoint","urlTemplate":"https:\/\/www.stalam.com\/?s={search_term_string}"},"query-input":{"@type":"PropertyValueSpecification","valueRequired":true,"valueName":"search_term_string"}}],"inLanguage":"es"},{"@type":"Organization","@id":"https:\/\/www.stalam.com\/#organization","name":"Stalam","url":"https:\/\/www.stalam.com\/","logo":{"@type":"ImageObject","inLanguage":"es","@id":"https:\/\/www.stalam.com\/#\/schema\/logo\/image\/","url":"https:\/\/www.stalam.com\/wp-content\/uploads\/2023\/06\/stalam-logo.png","contentUrl":"https:\/\/www.stalam.com\/wp-content\/uploads\/2023\/06\/stalam-logo.png","width":634,"height":176,"caption":"Stalam"},"image":{"@id":"https:\/\/www.stalam.com\/#\/schema\/logo\/image\/"},"sameAs":["https:\/\/www.facebook.com\/Stalam-184036235760438\/","https:\/\/www.linkedin.com\/company\/stalam\/","https:\/\/www.youtube.com\/channel\/UCcl2pZ10KrADorPJccCu43Q"]}]}},"_links":{"self":[{"href":"https:\/\/www.stalam.com\/es\/wp-json\/wp\/v2\/pages\/3889","targetHints":{"allow":["GET"]}}],"collection":[{"href":"https:\/\/www.stalam.com\/es\/wp-json\/wp\/v2\/pages"}],"about":[{"href":"https:\/\/www.stalam.com\/es\/wp-json\/wp\/v2\/types\/page"}],"author":[{"embeddable":true,"href":"https:\/\/www.stalam.com\/es\/wp-json\/wp\/v2\/users\/1"}],"replies":[{"embeddable":true,"href":"https:\/\/www.stalam.com\/es\/wp-json\/wp\/v2\/comments?post=3889"}],"version-history":[{"count":10,"href":"https:\/\/www.stalam.com\/es\/wp-json\/wp\/v2\/pages\/3889\/revisions"}],"predecessor-version":[{"id":15455,"href":"https:\/\/www.stalam.com\/es\/wp-json\/wp\/v2\/pages\/3889\/revisions\/15455"}],"up":[{"embeddable":true,"href":"https:\/\/www.stalam.com\/es\/wp-json\/wp\/v2\/pages\/3886"}],"wp:attachment":[{"href":"https:\/\/www.stalam.com\/es\/wp-json\/wp\/v2\/media?parent=3889"}],"curies":[{"name":"wp","href":"https:\/\/api.w.org\/{rel}","templated":true}]}}