{"id":3892,"date":"2023-05-23T09:53:58","date_gmt":"2023-05-23T07:53:58","guid":{"rendered":"https:\/\/www.stalam.com\/farmacosmesi\/essiccatoi-per-extension-di-capelli-naturali\/sanificazione-di-spezie-erbe-medicinali-e-aromatiche-sanileaf\/"},"modified":"2025-06-10T15:39:11","modified_gmt":"2025-06-10T13:39:11","slug":"desinfeccion-de-especias-hierbas-medicinales-y-aromaticas-sanileaf","status":"publish","type":"page","link":"https:\/\/www.stalam.com\/es\/farma-cosmetica\/desinfeccion-de-especias-hierbas-medicinales-y-aromaticas\/desinfeccion-de-especias-hierbas-medicinales-y-aromaticas-sanileaf\/","title":{"rendered":"Desinfecci\u00f3n de especias, hierbas medicinales y arom\u00e1ticas \u00abSANILEAF+\u00bb"},"content":{"rendered":"\n<div class=\"fascia-bread-title bgcolor-grey \">\n    <div class=\"container-fascia-bread-title\">\n        <p id=\"breadcrumbs\"><span><span><a href=\"https:\/\/www.stalam.com\/es\/\">Home<\/a><\/span><\/span><\/p>                    <span class=\"title\">FARMA-COSM\u00c9TICA<\/span>\n                <h1 class=\"title-big\">Desinfecci\u00f3n de especias, hierbas medicinales y arom\u00e1ticas \u00abSANILEAF+\u00bb<\/h1>\n    <\/div>\n<\/div>\n\n\n\n<div class=\"fascia-img-header\">\n    <img loading=\"lazy\" decoding=\"async\" src=\"https:\/\/www.stalam.com\/wp-content\/uploads\/2023\/06\/shutterstock_317886878-5.jpg\" alt=\"\" width=\"600\" height=\"400\">\n<\/div>\n\n\n\n\n<div class=\"wp-block-columns col-fullwidth is-layout-flex wp-container-core-columns-is-layout-9d6595d7 wp-block-columns-is-layout-flex\">\n<div class=\"wp-block-column is-layout-flow wp-block-column-is-layout-flow\" style=\"flex-basis:33.33%\"><div class=\"sidebar-prodotti-container\"><div class=\"topbar-prodotti\" id=\"topbar\"><ul><li class=\"page_item page-item-3887 page_item_has_children\"><a href=\"https:\/\/www.stalam.com\/es\/farma-cosmetica\/desinfeccion-de-especias-hierbas-medicinales-y-aromaticas\/\">Desinfecci\u00f3n de especias, hierbas medicinales y arom\u00e1ticas<\/a><\/li>\n<li class=\"page_item page-item-3889 page_item_has_children\"><a href=\"https:\/\/www.stalam.com\/es\/farma-cosmetica\/desinfeccion-del-cannabis\/\">Desinfecci\u00f3n del cannabis<\/a><\/li>\n<li class=\"page_item page-item-3891 page_item_has_children\"><a href=\"https:\/\/www.stalam.com\/es\/farma-cosmetica\/secadores-de-extensiones-de-cabello-natural\/\">Secadores de extensiones de cabello natural<\/a><\/li>\n<a href=\"https:\/\/www.stalam.com\/richiesta-catalogo\/\" class=\"btn btn-filled-r\">Descargar cat\u00e1logo<\/a><\/ul><\/div><div class=\"sidebar-prodotti-left\"><p class=\"grandparent-page\">Farma-Cosm\u00e9tica<\/p><ul><li class=\"page_item page-item-3887 page_item_has_children\"><a href=\"https:\/\/www.stalam.com\/es\/farma-cosmetica\/desinfeccion-de-especias-hierbas-medicinales-y-aromaticas\/\">Desinfecci\u00f3n de especias, hierbas medicinales y arom\u00e1ticas<\/a>\n<ul class='children'>\n\t<li class=\"page_item page-item-3892\"><a href=\"https:\/\/www.stalam.com\/es\/farma-cosmetica\/desinfeccion-de-especias-hierbas-medicinales-y-aromaticas\/desinfeccion-de-especias-hierbas-medicinales-y-aromaticas-sanileaf\/\">Desinfecci\u00f3n de especias, hierbas medicinales y arom\u00e1ticas \u00abSANILEAF+\u00bb<\/a><\/li>\n<\/ul>\n<\/li>\n<li class=\"page_item page-item-3889 page_item_has_children\"><a href=\"https:\/\/www.stalam.com\/es\/farma-cosmetica\/desinfeccion-del-cannabis\/\">Desinfecci\u00f3n del cannabis<\/a>\n<ul class='children'>\n\t<li class=\"page_item page-item-3890\"><a href=\"https:\/\/www.stalam.com\/es\/farma-cosmetica\/desinfeccion-del-cannabis\/desinfeccion-a-radiofrecuencia-del-cannabis-apex\/\">Desinfecci\u00f3n a radiofrecuencia del Cannabis \u00abAPEX\u00bb<\/a><\/li>\n<\/ul>\n<\/li>\n<li class=\"page_item page-item-3891 page_item_has_children\"><a href=\"https:\/\/www.stalam.com\/es\/farma-cosmetica\/secadores-de-extensiones-de-cabello-natural\/\">Secadores de extensiones de cabello natural<\/a>\n<ul class='children'>\n\t<li class=\"page_item page-item-3888\"><a href=\"https:\/\/www.stalam.com\/es\/farma-cosmetica\/secadores-de-extensiones-de-cabello-natural\/secadores-de-extensiones-de-cabello-natural\/\">Secadores de extensiones de cabello natural<\/a><\/li>\n<\/ul>\n<\/li>\n<a href=\"https:\/\/www.stalam.com\/richiesta-catalogo\/\" class=\"btn btn-filled-r\">Descargar cat\u00e1logo<\/a><\/ul><\/div><\/div>\n<\/div>\n\n\n\n<div class=\"wp-block-column is-layout-flow wp-block-column-is-layout-flow\" style=\"flex-basis:66.66%\"><div class=\"fascia-testo-btns-imgs\">\n    <div>\n<p>El tratamiento consiste en una r\u00e1pida exposici\u00f3n del producto a un campo electromagn\u00e9tico generado entre un conjunto de electrodos que invierten su polaridad a una frecuencia de 27,12 MHz de frecuencia dentro de una c\u00e1mara del proceso con temperatura controlada. La temperatura de la c\u00e1mara, la tensi\u00f3n de RF entre los electrodos y el tiempo de tratamiento son los par\u00e1metros del proceso que deben ajustarse conforme a las especies contaminantes y el nivel de inactivaci\u00f3n necesario.<\/p>\n<p>&nbsp;<\/p>\n<p>El tratamiento garantiza que el producto alcance r\u00e1pida y uniformemente la temperatura objetivo que, generalmente, es lo suficientemente baja como para evitar la alteraci\u00f3n de las propiedades f\u00edsicas, qu\u00edmicas y sensoriales. Todo el proceso dura unos pocos minutos.<\/p>\n<p>&nbsp;<\/p>\n<\/div>\n\n            <div class=\"grid-img\">\n\n                            <a href=\"https:\/\/www.stalam.com\/wp-content\/uploads\/2023\/06\/SANILEAF-LOW-1.jpg\" class=\"swipebox\" data-rel=\"lightbox-image-bGlnaHRib3gtaW1hZ2UtMA==\" data-rl_title=\"\" data-rl_caption=\"\" title=\"\">\n                    <img decoding=\"async\" loading=\"lazy\" src=\"https:\/\/www.stalam.com\/wp-content\/uploads\/2023\/06\/SANILEAF-LOW-1.jpg\" alt=\"\" width=\"600\" height=\"400\">\n                <\/a>\n            \n        <\/div>\n    \n            <div class=\"container-btns\">\n                            <a href=\"\/es\/informacion-requerida\/?producto=Desinfecci\u00f3n de especias, hierbas medicinales y arom\u00e1ticas \u00abSANILEAF+\u00bb\" title=\"SOLICITAR INFORMACI\u00d3N\" class=\"btn btn-filled-r\">\n                    SOLICITAR INFORMACI\u00d3N                <\/a>\n                                        <a href=\"\/wp-content\/uploads\/2023\/06\/SANILEAF-_sanitisation-of-herbs-and-spices.pdf\" title=\"DATOS T\u00c9CNICOS\" class=\"btn btn-filled-t\">\n                    DATOS T\u00c9CNICOS                <\/a>\n                    <\/div>\n    \n<\/div><\/div>\n<\/div>\n\n\n\n<div class=\"fascia-newsletter bgcolor-grey \">\n    <div class=\"container-newsletter\">\n                    <span class=\"title\">\u00bfLe gustar\u00eda conocer m\u00e1s sobre nuestras soluciones?<\/span>\n        \n                    <a href=\"https:\/\/www.stalam.com\/es\/informacion-requerida\/\" title=\"Solicitar informaci\u00f3n\" class=\"btn btn-filled-r\">\n                Solicitar informaci\u00f3n            <\/a>\n            <\/div>\n<\/div>\n\n","protected":false},"excerpt":{"rendered":"","protected":false},"author":1,"featured_media":0,"parent":3887,"menu_order":35,"comment_status":"closed","ping_status":"closed","template":"","meta":{"_acf_changed":false,"content-type":"","footnotes":""},"class_list":["post-3892","page","type-page","status-publish","hentry"],"acf":[],"yoast_head":"<!-- This site is optimized with the Yoast SEO Premium plugin v23.9 (Yoast SEO v25.7) - https:\/\/yoast.com\/wordpress\/plugins\/seo\/ -->\n<title>Radio Frecuencia para Farma-cosm\u00e9tica, Secadores de cabello natural | Stalam<\/title>\n<meta name=\"description\" content=\"El tratamiento consiste en una r\u00e1pida exposici\u00f3n del producto a un campo electromagn\u00e9tico generado entre un conjunto de electrodos que invierten su polaridad a una frecuencia de 27,12 MHz de frecuencia dentro de una c\u00e1mara del proceso con temperatura controlada.\" \/>\n<meta name=\"robots\" content=\"index, follow, max-snippet:-1, max-image-preview:large, max-video-preview:-1\" \/>\n<link rel=\"canonical\" href=\"https:\/\/www.stalam.com\/es\/farma-cosmetica\/desinfeccion-de-especias-hierbas-medicinales-y-aromaticas\/desinfeccion-de-especias-hierbas-medicinales-y-aromaticas-sanileaf\/\" \/>\n<meta property=\"og:locale\" content=\"es_ES\" \/>\n<meta property=\"og:type\" content=\"article\" \/>\n<meta property=\"og:title\" content=\"Desinfecci\u00f3n de especias, hierbas medicinales y arom\u00e1ticas \u00abSANILEAF+\u00bb\" \/>\n<meta property=\"og:description\" content=\"El tratamiento consiste en una r\u00e1pida exposici\u00f3n del producto a un campo electromagn\u00e9tico generado entre un conjunto de electrodos que invierten su polaridad a una frecuencia de 27,12 MHz de frecuencia dentro de una c\u00e1mara del proceso con temperatura controlada.\" \/>\n<meta property=\"og:url\" content=\"https:\/\/www.stalam.com\/es\/farma-cosmetica\/desinfeccion-de-especias-hierbas-medicinales-y-aromaticas\/desinfeccion-de-especias-hierbas-medicinales-y-aromaticas-sanileaf\/\" \/>\n<meta property=\"og:site_name\" content=\"Stalam\" \/>\n<meta property=\"article:publisher\" content=\"https:\/\/www.facebook.com\/Stalam-184036235760438\/\" \/>\n<meta property=\"article:modified_time\" content=\"2025-06-10T13:39:11+00:00\" \/>\n<meta property=\"og:image\" content=\"https:\/\/www.stalam.com\/wp-content\/uploads\/2023\/06\/stalam-logo.png\" \/>\n\t<meta property=\"og:image:width\" content=\"634\" \/>\n\t<meta property=\"og:image:height\" content=\"176\" \/>\n\t<meta property=\"og:image:type\" content=\"image\/png\" \/>\n<meta name=\"twitter:card\" content=\"summary_large_image\" \/>\n<meta name=\"twitter:label1\" content=\"Tiempo de lectura\" \/>\n\t<meta name=\"twitter:data1\" content=\"1 minuto\" \/>\n<script type=\"application\/ld+json\" class=\"yoast-schema-graph\">{\"@context\":\"https:\/\/schema.org\",\"@graph\":[{\"@type\":\"WebPage\",\"@id\":\"https:\/\/www.stalam.com\/es\/farma-cosmetica\/desinfeccion-de-especias-hierbas-medicinales-y-aromaticas\/desinfeccion-de-especias-hierbas-medicinales-y-aromaticas-sanileaf\/\",\"url\":\"https:\/\/www.stalam.com\/es\/farma-cosmetica\/desinfeccion-de-especias-hierbas-medicinales-y-aromaticas\/desinfeccion-de-especias-hierbas-medicinales-y-aromaticas-sanileaf\/\",\"name\":\"Radio Frecuencia para Farma-cosm\u00e9tica, Secadores de cabello natural | Stalam\",\"isPartOf\":{\"@id\":\"https:\/\/www.stalam.com\/#website\"},\"datePublished\":\"2023-05-23T07:53:58+00:00\",\"dateModified\":\"2025-06-10T13:39:11+00:00\",\"description\":\"El tratamiento consiste en una r\u00e1pida exposici\u00f3n del producto a un campo electromagn\u00e9tico generado entre un conjunto de electrodos que invierten su polaridad a una frecuencia de 27,12 MHz de frecuencia dentro de una c\u00e1mara del proceso con temperatura controlada.\",\"breadcrumb\":{\"@id\":\"https:\/\/www.stalam.com\/es\/farma-cosmetica\/desinfeccion-de-especias-hierbas-medicinales-y-aromaticas\/desinfeccion-de-especias-hierbas-medicinales-y-aromaticas-sanileaf\/#breadcrumb\"},\"inLanguage\":\"es\",\"potentialAction\":[{\"@type\":\"ReadAction\",\"target\":[\"https:\/\/www.stalam.com\/es\/farma-cosmetica\/desinfeccion-de-especias-hierbas-medicinales-y-aromaticas\/desinfeccion-de-especias-hierbas-medicinales-y-aromaticas-sanileaf\/\"]}]},{\"@type\":\"BreadcrumbList\",\"@id\":\"https:\/\/www.stalam.com\/es\/farma-cosmetica\/desinfeccion-de-especias-hierbas-medicinales-y-aromaticas\/desinfeccion-de-especias-hierbas-medicinales-y-aromaticas-sanileaf\/#breadcrumb\",\"itemListElement\":[{\"@type\":\"ListItem\",\"position\":1,\"name\":\"Home\",\"item\":\"https:\/\/www.stalam.com\/es\/\"},{\"@type\":\"ListItem\",\"position\":2,\"name\":\"Farma-Cosm\u00e9tica\",\"item\":\"https:\/\/www.stalam.com\/es\/farma-cosmetica\/\"},{\"@type\":\"ListItem\",\"position\":3,\"name\":\"Desinfecci\u00f3n de especias, hierbas medicinales y arom\u00e1ticas\",\"item\":\"https:\/\/www.stalam.com\/es\/farma-cosmetica\/desinfeccion-de-especias-hierbas-medicinales-y-aromaticas\/\"},{\"@type\":\"ListItem\",\"position\":4,\"name\":\"Desinfecci\u00f3n de especias, hierbas medicinales y arom\u00e1ticas \u00abSANILEAF+\u00bb\"}]},{\"@type\":\"WebSite\",\"@id\":\"https:\/\/www.stalam.com\/#website\",\"url\":\"https:\/\/www.stalam.com\/\",\"name\":\"Stalam\",\"description\":\"\",\"publisher\":{\"@id\":\"https:\/\/www.stalam.com\/#organization\"},\"potentialAction\":[{\"@type\":\"SearchAction\",\"target\":{\"@type\":\"EntryPoint\",\"urlTemplate\":\"https:\/\/www.stalam.com\/?s={search_term_string}\"},\"query-input\":{\"@type\":\"PropertyValueSpecification\",\"valueRequired\":true,\"valueName\":\"search_term_string\"}}],\"inLanguage\":\"es\"},{\"@type\":\"Organization\",\"@id\":\"https:\/\/www.stalam.com\/#organization\",\"name\":\"Stalam\",\"url\":\"https:\/\/www.stalam.com\/\",\"logo\":{\"@type\":\"ImageObject\",\"inLanguage\":\"es\",\"@id\":\"https:\/\/www.stalam.com\/#\/schema\/logo\/image\/\",\"url\":\"https:\/\/www.stalam.com\/wp-content\/uploads\/2023\/06\/stalam-logo.png\",\"contentUrl\":\"https:\/\/www.stalam.com\/wp-content\/uploads\/2023\/06\/stalam-logo.png\",\"width\":634,\"height\":176,\"caption\":\"Stalam\"},\"image\":{\"@id\":\"https:\/\/www.stalam.com\/#\/schema\/logo\/image\/\"},\"sameAs\":[\"https:\/\/www.facebook.com\/Stalam-184036235760438\/\",\"https:\/\/www.linkedin.com\/company\/stalam\/\",\"https:\/\/www.youtube.com\/channel\/UCcl2pZ10KrADorPJccCu43Q\"]}]}<\/script>\n<!-- \/ Yoast SEO Premium plugin. -->","yoast_head_json":{"title":"Radio Frecuencia para Farma-cosm\u00e9tica, Secadores de cabello natural | Stalam","description":"El tratamiento consiste en una r\u00e1pida exposici\u00f3n del producto a un campo electromagn\u00e9tico generado entre un conjunto de electrodos que invierten su polaridad a una frecuencia de 27,12 MHz de frecuencia dentro de una c\u00e1mara del proceso con temperatura controlada.","robots":{"index":"index","follow":"follow","max-snippet":"max-snippet:-1","max-image-preview":"max-image-preview:large","max-video-preview":"max-video-preview:-1"},"canonical":"https:\/\/www.stalam.com\/es\/farma-cosmetica\/desinfeccion-de-especias-hierbas-medicinales-y-aromaticas\/desinfeccion-de-especias-hierbas-medicinales-y-aromaticas-sanileaf\/","og_locale":"es_ES","og_type":"article","og_title":"Desinfecci\u00f3n de especias, hierbas medicinales y arom\u00e1ticas \u00abSANILEAF+\u00bb","og_description":"El tratamiento consiste en una r\u00e1pida exposici\u00f3n del producto a un campo electromagn\u00e9tico generado entre un conjunto de electrodos que invierten su polaridad a una frecuencia de 27,12 MHz de frecuencia dentro de una c\u00e1mara del proceso con temperatura controlada.","og_url":"https:\/\/www.stalam.com\/es\/farma-cosmetica\/desinfeccion-de-especias-hierbas-medicinales-y-aromaticas\/desinfeccion-de-especias-hierbas-medicinales-y-aromaticas-sanileaf\/","og_site_name":"Stalam","article_publisher":"https:\/\/www.facebook.com\/Stalam-184036235760438\/","article_modified_time":"2025-06-10T13:39:11+00:00","og_image":[{"width":634,"height":176,"url":"https:\/\/www.stalam.com\/wp-content\/uploads\/2023\/06\/stalam-logo.png","type":"image\/png"}],"twitter_card":"summary_large_image","twitter_misc":{"Tiempo de lectura":"1 minuto"},"schema":{"@context":"https:\/\/schema.org","@graph":[{"@type":"WebPage","@id":"https:\/\/www.stalam.com\/es\/farma-cosmetica\/desinfeccion-de-especias-hierbas-medicinales-y-aromaticas\/desinfeccion-de-especias-hierbas-medicinales-y-aromaticas-sanileaf\/","url":"https:\/\/www.stalam.com\/es\/farma-cosmetica\/desinfeccion-de-especias-hierbas-medicinales-y-aromaticas\/desinfeccion-de-especias-hierbas-medicinales-y-aromaticas-sanileaf\/","name":"Radio Frecuencia para Farma-cosm\u00e9tica, Secadores de cabello natural | Stalam","isPartOf":{"@id":"https:\/\/www.stalam.com\/#website"},"datePublished":"2023-05-23T07:53:58+00:00","dateModified":"2025-06-10T13:39:11+00:00","description":"El tratamiento consiste en una r\u00e1pida exposici\u00f3n del producto a un campo electromagn\u00e9tico generado entre un conjunto de electrodos que invierten su polaridad a una frecuencia de 27,12 MHz de frecuencia dentro de una c\u00e1mara del proceso con temperatura controlada.","breadcrumb":{"@id":"https:\/\/www.stalam.com\/es\/farma-cosmetica\/desinfeccion-de-especias-hierbas-medicinales-y-aromaticas\/desinfeccion-de-especias-hierbas-medicinales-y-aromaticas-sanileaf\/#breadcrumb"},"inLanguage":"es","potentialAction":[{"@type":"ReadAction","target":["https:\/\/www.stalam.com\/es\/farma-cosmetica\/desinfeccion-de-especias-hierbas-medicinales-y-aromaticas\/desinfeccion-de-especias-hierbas-medicinales-y-aromaticas-sanileaf\/"]}]},{"@type":"BreadcrumbList","@id":"https:\/\/www.stalam.com\/es\/farma-cosmetica\/desinfeccion-de-especias-hierbas-medicinales-y-aromaticas\/desinfeccion-de-especias-hierbas-medicinales-y-aromaticas-sanileaf\/#breadcrumb","itemListElement":[{"@type":"ListItem","position":1,"name":"Home","item":"https:\/\/www.stalam.com\/es\/"},{"@type":"ListItem","position":2,"name":"Farma-Cosm\u00e9tica","item":"https:\/\/www.stalam.com\/es\/farma-cosmetica\/"},{"@type":"ListItem","position":3,"name":"Desinfecci\u00f3n de especias, hierbas medicinales y arom\u00e1ticas","item":"https:\/\/www.stalam.com\/es\/farma-cosmetica\/desinfeccion-de-especias-hierbas-medicinales-y-aromaticas\/"},{"@type":"ListItem","position":4,"name":"Desinfecci\u00f3n de especias, hierbas medicinales y arom\u00e1ticas \u00abSANILEAF+\u00bb"}]},{"@type":"WebSite","@id":"https:\/\/www.stalam.com\/#website","url":"https:\/\/www.stalam.com\/","name":"Stalam","description":"","publisher":{"@id":"https:\/\/www.stalam.com\/#organization"},"potentialAction":[{"@type":"SearchAction","target":{"@type":"EntryPoint","urlTemplate":"https:\/\/www.stalam.com\/?s={search_term_string}"},"query-input":{"@type":"PropertyValueSpecification","valueRequired":true,"valueName":"search_term_string"}}],"inLanguage":"es"},{"@type":"Organization","@id":"https:\/\/www.stalam.com\/#organization","name":"Stalam","url":"https:\/\/www.stalam.com\/","logo":{"@type":"ImageObject","inLanguage":"es","@id":"https:\/\/www.stalam.com\/#\/schema\/logo\/image\/","url":"https:\/\/www.stalam.com\/wp-content\/uploads\/2023\/06\/stalam-logo.png","contentUrl":"https:\/\/www.stalam.com\/wp-content\/uploads\/2023\/06\/stalam-logo.png","width":634,"height":176,"caption":"Stalam"},"image":{"@id":"https:\/\/www.stalam.com\/#\/schema\/logo\/image\/"},"sameAs":["https:\/\/www.facebook.com\/Stalam-184036235760438\/","https:\/\/www.linkedin.com\/company\/stalam\/","https:\/\/www.youtube.com\/channel\/UCcl2pZ10KrADorPJccCu43Q"]}]}},"_links":{"self":[{"href":"https:\/\/www.stalam.com\/es\/wp-json\/wp\/v2\/pages\/3892","targetHints":{"allow":["GET"]}}],"collection":[{"href":"https:\/\/www.stalam.com\/es\/wp-json\/wp\/v2\/pages"}],"about":[{"href":"https:\/\/www.stalam.com\/es\/wp-json\/wp\/v2\/types\/page"}],"author":[{"embeddable":true,"href":"https:\/\/www.stalam.com\/es\/wp-json\/wp\/v2\/users\/1"}],"replies":[{"embeddable":true,"href":"https:\/\/www.stalam.com\/es\/wp-json\/wp\/v2\/comments?post=3892"}],"version-history":[{"count":17,"href":"https:\/\/www.stalam.com\/es\/wp-json\/wp\/v2\/pages\/3892\/revisions"}],"predecessor-version":[{"id":15468,"href":"https:\/\/www.stalam.com\/es\/wp-json\/wp\/v2\/pages\/3892\/revisions\/15468"}],"up":[{"embeddable":true,"href":"https:\/\/www.stalam.com\/es\/wp-json\/wp\/v2\/pages\/3887"}],"wp:attachment":[{"href":"https:\/\/www.stalam.com\/es\/wp-json\/wp\/v2\/media?parent=3892"}],"curies":[{"name":"wp","href":"https:\/\/api.w.org\/{rel}","templated":true}]}}