{"id":3917,"date":"2023-05-24T15:04:33","date_gmt":"2023-05-24T13:04:33","guid":{"rendered":"https:\/\/www.stalam.com\/servizi\/test-e-demo\/"},"modified":"2025-06-17T10:58:26","modified_gmt":"2025-06-17T08:58:26","slug":"pruebas-y-demostraciones","status":"publish","type":"page","link":"https:\/\/www.stalam.com\/es\/servicios\/pruebas-y-demostraciones\/","title":{"rendered":"Pruebas y demostraciones"},"content":{"rendered":"\n<div class=\"fascia-bread-title bgcolor-grey \">\n    <div class=\"container-fascia-bread-title\">\n        <p id=\"breadcrumbs\"><span><span><a href=\"https:\/\/www.stalam.com\/es\/\">Home<\/a><\/span><\/span><\/p>                    <span class=\"title\">SERVICIOS<\/span>\n                <h1 class=\"title-big\">Pruebas y demostraciones<\/h1>\n    <\/div>\n<\/div>\n\n\n\n<div class=\"fascia-img-header\">\n    <img loading=\"lazy\" decoding=\"async\" src=\"https:\/\/www.stalam.com\/wp-content\/uploads\/2023\/05\/Test-1-2.jpg\" alt=\"\" width=\"600\" height=\"400\">\n<\/div>\n\n\n\n\n<div class=\"wp-block-columns col-fullwidth is-layout-flex wp-container-core-columns-is-layout-9d6595d7 wp-block-columns-is-layout-flex\">\n<div class=\"wp-block-column is-layout-flow wp-block-column-is-layout-flow\" style=\"flex-basis:33.33%\"><div class=\"sidebar-prodotti-container\"><div class=\"topbar-prodotti\" id=\"topbar\"><ul><li class=\"page_item page-item-15725\"><a href=\"https:\/\/www.stalam.com\/es\/servicios\/componentes-originales-y-repuestos\/\">Componentes originales y repuestos<\/a><\/li>\n<li class=\"page_item page-item-3917\"><a href=\"https:\/\/www.stalam.com\/es\/servicios\/pruebas-y-demostraciones\/\">Pruebas y demostraciones<\/a><\/li>\n<li class=\"page_item page-item-3916\"><a href=\"https:\/\/www.stalam.com\/es\/servicios\/servicios-posventa\/\">Servicios posventa<\/a><\/li>\n<a href=\"https:\/\/www.stalam.com\/richiesta-catalogo\/\" class=\"btn btn-filled-r\">Descargar cat\u00e1logo<\/a><\/ul><\/div><div class=\"sidebar-prodotti-left\"><p class=\"grandparent-page\">Servicios<\/p><ul><li class=\"page_item page-item-15725\"><a href=\"https:\/\/www.stalam.com\/es\/servicios\/componentes-originales-y-repuestos\/\">Componentes originales y repuestos<\/a><\/li>\n<li class=\"page_item page-item-3917\"><a href=\"https:\/\/www.stalam.com\/es\/servicios\/pruebas-y-demostraciones\/\">Pruebas y demostraciones<\/a><\/li>\n<li class=\"page_item page-item-3916\"><a href=\"https:\/\/www.stalam.com\/es\/servicios\/servicios-posventa\/\">Servicios posventa<\/a><\/li>\n<a href=\"https:\/\/www.stalam.com\/richiesta-catalogo\/\" class=\"btn btn-filled-r\">Descargar cat\u00e1logo<\/a><\/ul><\/div><\/div>\n<\/div>\n\n\n\n<div class=\"wp-block-column is-layout-flow wp-block-column-is-layout-flow\" style=\"flex-basis:66.66%\"><div class=\"fascia-testo-btns-imgs\">\n    <p>El laboratorio de pruebas de Stalam es una parte integral de nuestro departamento de I+D y los departamentos de ingenier\u00eda. A trav\u00e9s de pruebas y an\u00e1lisis de los resultados, nuestros expertos pueden estudiar en detalle las caracter\u00edsticas y el comportamiento de un producto en el campo de la radiofrecuencia, adem\u00e1s de evaluar la viabilidad t\u00e9cnica y econ\u00f3mica de procesos t\u00e9rmicos y de secado sobre substratos espec\u00edficos basados en las necesidades de los clientes. Del mismo modo, nuestros ingenieros pueden identificar los mejores par\u00e1metros de proceso y las especificaciones t\u00e9cnicas de los equipos de RF m\u00e1s adecuados para realizar esos procesos.<br \/>\n&nbsp;<br \/>\nEl laboratorio de I+D de Stalam est\u00e1 equipado con una amplia gama de m\u00e1quinas experimentales disponibles para demostraciones y pruebas de productos. Dichas pruebas y demostraciones pueden realizarse en nuestra sede o en las instalaciones de nuestros clientes seg\u00fan corresponda. Algunas de estas m\u00e1quinas tambi\u00e9n est\u00e1n disponibles para alquiler para fines de desarrollo de productos y procesos o pruebas sistem\u00e1ticas de las sesiones.<br \/>\n&nbsp;<br \/>\nNuestro equipo t\u00e9cnico altamente calificado ayudar\u00e1 a los clientes a desarrollar soluciones de procesos mejores, m\u00e1s innovadoras y rentables.<\/p>\n\n    \n    \n<\/div><\/div>\n<\/div>\n\n\n<div class=\"images-slider-container\">\n\n    <span class=\"title\">Galer\u00eda de fotos<\/span>\n\n    <div class=\"images-slider__row\">\n                    <div class=\"images-slider__single\">\n                <div class=\"images-slider__single-contents\">\n                    <img data-flickity-lazyload=\"https:\/\/www.stalam.com\/wp-content\/uploads\/2023\/05\/Antenna.jpg\" class=\"skip-lazy\" alt=\"slider image\" width=\"400\" height=\"600\" \/>\n                    Antena BiLog de banda ultraancha para pruebas de EMC                <\/div>\n\n            <\/div>\n                    <div class=\"images-slider__single\">\n                <div class=\"images-slider__single-contents\">\n                    <img data-flickity-lazyload=\"https:\/\/www.stalam.com\/wp-content\/uploads\/2023\/05\/Defrosting-temperature.jpg\" class=\"skip-lazy\" alt=\"slider image\" width=\"400\" height=\"600\" \/>\n                    Prueba de descongelaci\u00f3n de carne                <\/div>\n\n            <\/div>\n                    <div class=\"images-slider__single\">\n                <div class=\"images-slider__single-contents\">\n                    <img data-flickity-lazyload=\"https:\/\/www.stalam.com\/wp-content\/uploads\/2023\/05\/R-D-lab-Stalam-1.jpg\" class=\"skip-lazy\" alt=\"slider image\" width=\"400\" height=\"600\" \/>\n                    Term\u00f3metro infrarojo                <\/div>\n\n            <\/div>\n                    <div class=\"images-slider__single\">\n                <div class=\"images-slider__single-contents\">\n                    <img data-flickity-lazyload=\"https:\/\/www.stalam.com\/wp-content\/uploads\/2023\/05\/Test-RnD.jpg\" class=\"skip-lazy\" alt=\"slider image\" width=\"400\" height=\"600\" \/>\n                    Planta piloto                <\/div>\n\n            <\/div>\n                    <div class=\"images-slider__single\">\n                <div class=\"images-slider__single-contents\">\n                    <img data-flickity-lazyload=\"https:\/\/www.stalam.com\/wp-content\/uploads\/2023\/05\/Test-RnD2.jpg\" class=\"skip-lazy\" alt=\"slider image\" width=\"400\" height=\"600\" \/>\n                    Ensayo en bizcocho con sondas t\u00e9rmicas de fibra \u00f3ptica                <\/div>\n\n            <\/div>\n        \n    <\/div>\n<\/div>\n\n\n\n<div class=\"fascia-newsletter bgcolor-grey \">\n    <div class=\"container-newsletter\">\n                    <span class=\"title\">\u00bfNecesitas componentes y repuestos originales?<\/span>\n        \n                    <a href=\"https:\/\/www.stalam.com\/es\/servicios\/componentes-originales-y-repuestos\/\" title=\"Solicitar una cotizaci\u00f3n\" class=\"btn btn-filled-r\">\n                Solicitar una cotizaci\u00f3n            <\/a>\n            <\/div>\n<\/div>\n\n","protected":false},"excerpt":{"rendered":"","protected":false},"author":1,"featured_media":0,"parent":3915,"menu_order":184,"comment_status":"closed","ping_status":"closed","template":"","meta":{"_acf_changed":false,"content-type":"","footnotes":""},"class_list":["post-3917","page","type-page","status-publish","hentry"],"acf":[],"yoast_head":"<!-- This site is optimized with the Yoast SEO Premium plugin v23.9 (Yoast SEO v25.7) - https:\/\/yoast.com\/wordpress\/plugins\/seo\/ -->\n<title>Pruebas y demostraciones, Productos y Servicios | Stalam<\/title>\n<meta name=\"description\" content=\"Descubre la aplicaci\u00f3n de nuestra tecnolog\u00eda de radiofrecuencia a pruebas y demostraciones\" \/>\n<meta name=\"robots\" content=\"index, follow, max-snippet:-1, max-image-preview:large, max-video-preview:-1\" \/>\n<link rel=\"canonical\" href=\"https:\/\/www.stalam.com\/es\/servicios\/pruebas-y-demostraciones\/\" \/>\n<meta property=\"og:locale\" content=\"es_ES\" \/>\n<meta property=\"og:type\" content=\"article\" \/>\n<meta property=\"og:title\" content=\"Pruebas y demostraciones\" \/>\n<meta property=\"og:description\" content=\"Descubre la aplicaci\u00f3n de nuestra tecnolog\u00eda de radiofrecuencia a pruebas y demostraciones\" \/>\n<meta property=\"og:url\" content=\"https:\/\/www.stalam.com\/es\/servicios\/pruebas-y-demostraciones\/\" \/>\n<meta property=\"og:site_name\" content=\"Stalam\" \/>\n<meta property=\"article:publisher\" content=\"https:\/\/www.facebook.com\/Stalam-184036235760438\/\" \/>\n<meta property=\"article:modified_time\" content=\"2025-06-17T08:58:26+00:00\" \/>\n<meta property=\"og:image\" content=\"https:\/\/www.stalam.com\/wp-content\/uploads\/2023\/06\/stalam-logo.png\" \/>\n\t<meta property=\"og:image:width\" content=\"634\" \/>\n\t<meta property=\"og:image:height\" content=\"176\" \/>\n\t<meta property=\"og:image:type\" content=\"image\/png\" \/>\n<meta name=\"twitter:card\" content=\"summary_large_image\" \/>\n<meta name=\"twitter:label1\" content=\"Tiempo de lectura\" \/>\n\t<meta name=\"twitter:data1\" content=\"1 minuto\" \/>\n<script type=\"application\/ld+json\" class=\"yoast-schema-graph\">{\"@context\":\"https:\/\/schema.org\",\"@graph\":[{\"@type\":\"WebPage\",\"@id\":\"https:\/\/www.stalam.com\/es\/servicios\/pruebas-y-demostraciones\/\",\"url\":\"https:\/\/www.stalam.com\/es\/servicios\/pruebas-y-demostraciones\/\",\"name\":\"Pruebas y demostraciones, Productos y Servicios | Stalam\",\"isPartOf\":{\"@id\":\"https:\/\/www.stalam.com\/#website\"},\"datePublished\":\"2023-05-24T13:04:33+00:00\",\"dateModified\":\"2025-06-17T08:58:26+00:00\",\"description\":\"Descubre la aplicaci\u00f3n de nuestra tecnolog\u00eda de radiofrecuencia a pruebas y demostraciones\",\"breadcrumb\":{\"@id\":\"https:\/\/www.stalam.com\/es\/servicios\/pruebas-y-demostraciones\/#breadcrumb\"},\"inLanguage\":\"es\",\"potentialAction\":[{\"@type\":\"ReadAction\",\"target\":[\"https:\/\/www.stalam.com\/es\/servicios\/pruebas-y-demostraciones\/\"]}]},{\"@type\":\"BreadcrumbList\",\"@id\":\"https:\/\/www.stalam.com\/es\/servicios\/pruebas-y-demostraciones\/#breadcrumb\",\"itemListElement\":[{\"@type\":\"ListItem\",\"position\":1,\"name\":\"Home\",\"item\":\"https:\/\/www.stalam.com\/es\/\"},{\"@type\":\"ListItem\",\"position\":2,\"name\":\"Servicios\",\"item\":\"https:\/\/www.stalam.com\/es\/servicios\/\"},{\"@type\":\"ListItem\",\"position\":3,\"name\":\"Pruebas y demostraciones\"}]},{\"@type\":\"WebSite\",\"@id\":\"https:\/\/www.stalam.com\/#website\",\"url\":\"https:\/\/www.stalam.com\/\",\"name\":\"Stalam\",\"description\":\"\",\"publisher\":{\"@id\":\"https:\/\/www.stalam.com\/#organization\"},\"potentialAction\":[{\"@type\":\"SearchAction\",\"target\":{\"@type\":\"EntryPoint\",\"urlTemplate\":\"https:\/\/www.stalam.com\/?s={search_term_string}\"},\"query-input\":{\"@type\":\"PropertyValueSpecification\",\"valueRequired\":true,\"valueName\":\"search_term_string\"}}],\"inLanguage\":\"es\"},{\"@type\":\"Organization\",\"@id\":\"https:\/\/www.stalam.com\/#organization\",\"name\":\"Stalam\",\"url\":\"https:\/\/www.stalam.com\/\",\"logo\":{\"@type\":\"ImageObject\",\"inLanguage\":\"es\",\"@id\":\"https:\/\/www.stalam.com\/#\/schema\/logo\/image\/\",\"url\":\"https:\/\/www.stalam.com\/wp-content\/uploads\/2023\/06\/stalam-logo.png\",\"contentUrl\":\"https:\/\/www.stalam.com\/wp-content\/uploads\/2023\/06\/stalam-logo.png\",\"width\":634,\"height\":176,\"caption\":\"Stalam\"},\"image\":{\"@id\":\"https:\/\/www.stalam.com\/#\/schema\/logo\/image\/\"},\"sameAs\":[\"https:\/\/www.facebook.com\/Stalam-184036235760438\/\",\"https:\/\/www.linkedin.com\/company\/stalam\/\",\"https:\/\/www.youtube.com\/channel\/UCcl2pZ10KrADorPJccCu43Q\"]}]}<\/script>\n<!-- \/ Yoast SEO Premium plugin. -->","yoast_head_json":{"title":"Pruebas y demostraciones, Productos y Servicios | Stalam","description":"Descubre la aplicaci\u00f3n de nuestra tecnolog\u00eda de radiofrecuencia a pruebas y demostraciones","robots":{"index":"index","follow":"follow","max-snippet":"max-snippet:-1","max-image-preview":"max-image-preview:large","max-video-preview":"max-video-preview:-1"},"canonical":"https:\/\/www.stalam.com\/es\/servicios\/pruebas-y-demostraciones\/","og_locale":"es_ES","og_type":"article","og_title":"Pruebas y demostraciones","og_description":"Descubre la aplicaci\u00f3n de nuestra tecnolog\u00eda de radiofrecuencia a pruebas y demostraciones","og_url":"https:\/\/www.stalam.com\/es\/servicios\/pruebas-y-demostraciones\/","og_site_name":"Stalam","article_publisher":"https:\/\/www.facebook.com\/Stalam-184036235760438\/","article_modified_time":"2025-06-17T08:58:26+00:00","og_image":[{"width":634,"height":176,"url":"https:\/\/www.stalam.com\/wp-content\/uploads\/2023\/06\/stalam-logo.png","type":"image\/png"}],"twitter_card":"summary_large_image","twitter_misc":{"Tiempo de lectura":"1 minuto"},"schema":{"@context":"https:\/\/schema.org","@graph":[{"@type":"WebPage","@id":"https:\/\/www.stalam.com\/es\/servicios\/pruebas-y-demostraciones\/","url":"https:\/\/www.stalam.com\/es\/servicios\/pruebas-y-demostraciones\/","name":"Pruebas y demostraciones, Productos y Servicios | Stalam","isPartOf":{"@id":"https:\/\/www.stalam.com\/#website"},"datePublished":"2023-05-24T13:04:33+00:00","dateModified":"2025-06-17T08:58:26+00:00","description":"Descubre la aplicaci\u00f3n de nuestra tecnolog\u00eda de radiofrecuencia a pruebas y demostraciones","breadcrumb":{"@id":"https:\/\/www.stalam.com\/es\/servicios\/pruebas-y-demostraciones\/#breadcrumb"},"inLanguage":"es","potentialAction":[{"@type":"ReadAction","target":["https:\/\/www.stalam.com\/es\/servicios\/pruebas-y-demostraciones\/"]}]},{"@type":"BreadcrumbList","@id":"https:\/\/www.stalam.com\/es\/servicios\/pruebas-y-demostraciones\/#breadcrumb","itemListElement":[{"@type":"ListItem","position":1,"name":"Home","item":"https:\/\/www.stalam.com\/es\/"},{"@type":"ListItem","position":2,"name":"Servicios","item":"https:\/\/www.stalam.com\/es\/servicios\/"},{"@type":"ListItem","position":3,"name":"Pruebas y demostraciones"}]},{"@type":"WebSite","@id":"https:\/\/www.stalam.com\/#website","url":"https:\/\/www.stalam.com\/","name":"Stalam","description":"","publisher":{"@id":"https:\/\/www.stalam.com\/#organization"},"potentialAction":[{"@type":"SearchAction","target":{"@type":"EntryPoint","urlTemplate":"https:\/\/www.stalam.com\/?s={search_term_string}"},"query-input":{"@type":"PropertyValueSpecification","valueRequired":true,"valueName":"search_term_string"}}],"inLanguage":"es"},{"@type":"Organization","@id":"https:\/\/www.stalam.com\/#organization","name":"Stalam","url":"https:\/\/www.stalam.com\/","logo":{"@type":"ImageObject","inLanguage":"es","@id":"https:\/\/www.stalam.com\/#\/schema\/logo\/image\/","url":"https:\/\/www.stalam.com\/wp-content\/uploads\/2023\/06\/stalam-logo.png","contentUrl":"https:\/\/www.stalam.com\/wp-content\/uploads\/2023\/06\/stalam-logo.png","width":634,"height":176,"caption":"Stalam"},"image":{"@id":"https:\/\/www.stalam.com\/#\/schema\/logo\/image\/"},"sameAs":["https:\/\/www.facebook.com\/Stalam-184036235760438\/","https:\/\/www.linkedin.com\/company\/stalam\/","https:\/\/www.youtube.com\/channel\/UCcl2pZ10KrADorPJccCu43Q"]}]}},"_links":{"self":[{"href":"https:\/\/www.stalam.com\/es\/wp-json\/wp\/v2\/pages\/3917","targetHints":{"allow":["GET"]}}],"collection":[{"href":"https:\/\/www.stalam.com\/es\/wp-json\/wp\/v2\/pages"}],"about":[{"href":"https:\/\/www.stalam.com\/es\/wp-json\/wp\/v2\/types\/page"}],"author":[{"embeddable":true,"href":"https:\/\/www.stalam.com\/es\/wp-json\/wp\/v2\/users\/1"}],"replies":[{"embeddable":true,"href":"https:\/\/www.stalam.com\/es\/wp-json\/wp\/v2\/comments?post=3917"}],"version-history":[{"count":11,"href":"https:\/\/www.stalam.com\/es\/wp-json\/wp\/v2\/pages\/3917\/revisions"}],"predecessor-version":[{"id":15743,"href":"https:\/\/www.stalam.com\/es\/wp-json\/wp\/v2\/pages\/3917\/revisions\/15743"}],"up":[{"embeddable":true,"href":"https:\/\/www.stalam.com\/es\/wp-json\/wp\/v2\/pages\/3915"}],"wp:attachment":[{"href":"https:\/\/www.stalam.com\/es\/wp-json\/wp\/v2\/media?parent=3917"}],"curies":[{"name":"wp","href":"https:\/\/api.w.org\/{rel}","templated":true}]}}