{"id":3954,"date":"2023-05-24T14:36:22","date_gmt":"2023-05-24T12:36:22","guid":{"rendered":"https:\/\/www.stalam.com\/altre-applicazioni\/essiccatoio-per-lavanderie-industriali\/"},"modified":"2025-06-10T15:36:02","modified_gmt":"2025-06-10T13:36:02","slug":"secadora-para-lavanderias-industriales","status":"publish","type":"page","link":"https:\/\/www.stalam.com\/es\/otras-aplicaciones\/secadora-para-lavanderias-industriales\/","title":{"rendered":"Secadora para lavander\u00edas industriales"},"content":{"rendered":"\n<div class=\"fascia-bread-title bgcolor-grey \">\n    <div class=\"container-fascia-bread-title\">\n        <p id=\"breadcrumbs\"><span><span><a href=\"https:\/\/www.stalam.com\/es\/\">Home<\/a><\/span><\/span><\/p>                    <span class=\"title\">OTRAS APLICACIONES<\/span>\n                <h1 class=\"title-big\">Secadora para lavander\u00edas industriales<\/h1>\n    <\/div>\n<\/div>\n\n\n\n<div class=\"fascia-img-header\">\n    <img loading=\"lazy\" decoding=\"async\" src=\"https:\/\/www.stalam.com\/wp-content\/uploads\/2023\/05\/latex-banner-5.jpg\" alt=\"\" width=\"600\" height=\"400\">\n<\/div>\n\n\n\n\n<div class=\"wp-block-columns col-fullwidth is-layout-flex wp-container-core-columns-is-layout-9d6595d7 wp-block-columns-is-layout-flex\">\n<div class=\"wp-block-column is-layout-flow wp-block-column-is-layout-flow\" style=\"flex-basis:33.33%\"><div class=\"sidebar-prodotti-container\"><div class=\"topbar-prodotti\" id=\"topbar\"><ul><li class=\"page_item page-item-3954 page_item_has_children\"><a href=\"https:\/\/www.stalam.com\/es\/otras-aplicaciones\/secadora-para-lavanderias-industriales\/\">Secadora para lavander\u00edas industriales<\/a><\/li>\n<li class=\"page_item page-item-3956\"><a href=\"https:\/\/www.stalam.com\/es\/otras-aplicaciones\/otras-aplicaciones-de-la-tecnologia-de-rf\/\">Otras aplicaciones de la tecnolog\u00eda de RF<\/a><\/li>\n<a href=\"https:\/\/www.stalam.com\/richiesta-catalogo\/\" class=\"btn btn-filled-r\">Descargar cat\u00e1logo<\/a><\/ul><\/div><div class=\"sidebar-prodotti-left\"><p class=\"grandparent-page\">Otras aplicaciones<\/p><ul><li class=\"page_item page-item-3954 page_item_has_children\"><a href=\"https:\/\/www.stalam.com\/es\/otras-aplicaciones\/secadora-para-lavanderias-industriales\/\">Secadora para lavander\u00edas industriales<\/a>\n<ul class='children'>\n\t<li class=\"page_item page-item-3955\"><a href=\"https:\/\/www.stalam.com\/es\/otras-aplicaciones\/secadora-para-lavanderias-industriales\/secadora-para-lavanderias-industriales\/\">Secadora para lavander\u00edas industriales<\/a><\/li>\n<\/ul>\n<\/li>\n<li class=\"page_item page-item-3956\"><a href=\"https:\/\/www.stalam.com\/es\/otras-aplicaciones\/otras-aplicaciones-de-la-tecnologia-de-rf\/\">Otras aplicaciones de la tecnolog\u00eda de RF<\/a><\/li>\n<a href=\"https:\/\/www.stalam.com\/richiesta-catalogo\/\" class=\"btn btn-filled-r\">Descargar cat\u00e1logo<\/a><\/ul><\/div><\/div>\n<\/div>\n\n\n\n<div class=\"wp-block-column is-layout-flow wp-block-column-is-layout-flow\" style=\"flex-basis:66.66%\"><div class=\"fascia-tit-text-video\">\n    <div class=\"container-fascia-tit-text-video\">\n\n        \n        \n        \n    <\/div>\n<\/div>\n\n\n\n<div class=\"fascia-testo-dimg-vantaggi\">\n    <p>Stalam ha desarrollado una secadora de Radiofrecuencia que permite optimizar el ciclo continuo de lavado-secado de colchones de l\u00e1tex natural o poliuretano tras el lavado y la hidroextracci\u00f3n mec\u00e1nica. Los equipos se dedican principalmente a lavander\u00edas industriales al servicio de hospitales, barracas, asilos, hoteles, etc &#8230; para sus necesidades de lavado e higienizaci\u00f3n. El proceso es r\u00e1pido y uniforme (hasta 10 colchones por hora), lo que acelera los tiempos de entrega a los clientes y garantiza un r\u00e1pido per\u00edodo de amortizaci\u00f3n.<\/p>\n<p>La tecnolog\u00eda de radiofrecuencia no se basa en la transmisi\u00f3n de calor, de modo que, incluso los art\u00edculos m\u00e1s gruesos, conformados y densos (bloques fundidos, los n\u00facleos del colch\u00f3n, las almohadas anat\u00f3micas, etc.) se secan r\u00e1pidamente sin sobrecalentamiento o efectos de amarilleado; es selectiva hacia el agua, por lo que, incluso la que contiene el n\u00facleo absorbe la energ\u00eda de RF al instante y migra r\u00e1pidamente hacia la superficie sin dejar manchas h\u00famedas en ninguna parte del producto; la energ\u00eda suministrada (absorbida por) el producto puede ajustarse seg\u00fan sea necesario, lo que permite controlar con precisi\u00f3n tanto el nivel de evaporaci\u00f3n como el contenido de humedad residual.<\/p>\n\n            <div class=\"grid-img\">\n                            <a href=\"https:\/\/www.stalam.com\/wp-content\/uploads\/2023\/05\/dryer-industrial-laundries.jpg\" class=\"swipebox\" data-rel=\"lightbox-image-bGlnaHRib3gtaW1hZ2UtMA==\" data-rl_title=\"\" data-rl_caption=\"\" title=\"\">\n                    <img loading=\"lazy\" decoding=\"async\" src=\"https:\/\/www.stalam.com\/wp-content\/uploads\/2023\/05\/dryer-industrial-laundries.jpg\" alt=\"\" width=\"600\" height=\"400\">\n                <\/a>\n                                        <a href=\"https:\/\/www.stalam.com\/wp-content\/uploads\/2023\/05\/dryer-industrial-laundries-RF-low.jpg\" class=\"swipebox\" data-rel=\"lightbox-image-bGlnaHRib3gtaW1hZ2UtMA==\" data-rl_title=\"\" data-rl_caption=\"\" title=\"\">\n                    <img loading=\"lazy\" decoding=\"async\" src=\"https:\/\/www.stalam.com\/wp-content\/uploads\/2023\/05\/dryer-industrial-laundries-RF-low.jpg\" alt=\"\" width=\"600\" height=\"400\">\n                <\/a>\n                    <\/div>\n    \n    \n    \n<\/div><\/div>\n<\/div>\n\n\n\n<div class=\"doubletext-col bgcolor-grey \">\n            <span class=\"title\">Beneficios<\/span>\n    \n    <div class=\"grid-2\">\n        <div class=\"col\">\n                            <span class=\"title\">Alta capacidad de producci\u00f3n <\/span>\n                        <p>Alta capacidad de producci\u00f3n de 8 a 10 colchones\/hora.<\/p>\n        <\/div>\n        <div class=\"col\">\n                            <span class=\"title\">Corto per\u00edodo de amortizaci\u00f3n <\/span>\n                        <p>El rendimiento mejorado aporta beneficios econ\u00f3micos inmediatos que permiten amortizar el equipo de RF en un corto per\u00edodo.<\/p>\n        <\/div>\n    <\/div>\n<\/div>\n\n\n<div class=\"doubletext-col bgcolor-white \">\n    \n    <div class=\"grid-2\">\n        <div class=\"col\">\n                            <span class=\"title\">Tecnolog\u00eda que ahorra tiempo y gasto <\/span>\n                        <p>El tiempo de secado es m\u00e1s corto en comparaci\u00f3n con los sistemas convencionales, e incluso utilizando menos energ\u00eda.<\/p>\n        <\/div>\n        <div class=\"col\">\n                            <span class=\"title\">Alta calidad de los productos <\/span>\n                        <p>Secado consistente y minucioso sin manchas de humedad; no sobrecalienta y no amarillea.<\/p>\n        <\/div>\n    <\/div>\n<\/div>\n\n\n<div class=\"fascia-prodotti bgcolor-grey \">\n    <div class=\"container-prodotti\">\n        \n            <div class=\"prodotti-card\">\n    <img decoding=\"async\" loading=\"lazy\" src=\"https:\/\/www.stalam.com\/wp-content\/uploads\/2023\/05\/asciuga-materassi-LOW.jpg\" alt=\"\" width=\"600\" height=\"400\">\n\n    <div class=\"flex-text\">\n        <p>OTRAS APLICACIONES <\/p>\n        <span class=\"text-bold\">Secadora para lavander\u00edas industriales <\/span>\n        <p>Secadora RF para lavander\u00edas industriales  <\/p>\n        <a href=\"\/es\/otras-aplicaciones\/secadora-para-lavanderias-industriales\/secadora-para-lavanderias-industriales\/\" title=\"DESCUBRIR M\u00c1S\" class=\"btn btn-filled-r\">\n            DESCUBRIR M\u00c1S        <\/a>\n    <\/div>\n<\/div>\n\n\n            <\/div>\n<\/div>\n\n\n<div class=\"images-slider-container\">\n\n    <span class=\"title\">Galer\u00eda de fotos<\/span>\n\n    <div class=\"images-slider__row\">\n                    <div class=\"images-slider__single\">\n                <div class=\"images-slider__single-contents\">\n                    <img data-flickity-lazyload=\"https:\/\/www.stalam.com\/wp-content\/uploads\/2023\/05\/dryer-industrial-laundries-RF-low-1.jpg\" class=\"skip-lazy\" alt=\"slider image\" width=\"400\" height=\"600\" \/>\n                    Secadora para lavander\u00edas industriales                <\/div>\n\n            <\/div>\n                    <div class=\"images-slider__single\">\n                <div class=\"images-slider__single-contents\">\n                    <img data-flickity-lazyload=\"https:\/\/www.stalam.com\/wp-content\/uploads\/2023\/05\/dryer-industrial-laundries-1.jpg\" class=\"skip-lazy\" alt=\"slider image\" width=\"400\" height=\"600\" \/>\n                    Secador RF para colchones                <\/div>\n\n            <\/div>\n                    <div class=\"images-slider__single\">\n                <div class=\"images-slider__single-contents\">\n                    <img data-flickity-lazyload=\"https:\/\/www.stalam.com\/wp-content\/uploads\/2023\/05\/RF-dryer-for-mattresses-low.jpg\" class=\"skip-lazy\" alt=\"slider image\" width=\"400\" height=\"600\" \/>\n                    Secador RF para colchones                <\/div>\n\n            <\/div>\n                    <div class=\"images-slider__single\">\n                <div class=\"images-slider__single-contents\">\n                    <img data-flickity-lazyload=\"https:\/\/www.stalam.com\/wp-content\/uploads\/2023\/05\/RF-dryer-for-mattresses.jpg\" class=\"skip-lazy\" alt=\"slider image\" width=\"400\" height=\"600\" \/>\n                    Secadora para lavander\u00edas industriales                <\/div>\n\n            <\/div>\n                    <div class=\"images-slider__single\">\n                <div class=\"images-slider__single-contents\">\n                    <img data-flickity-lazyload=\"https:\/\/www.stalam.com\/wp-content\/uploads\/2023\/05\/RF-dryer-industrial-laundries.jpg\" class=\"skip-lazy\" alt=\"slider image\" width=\"400\" height=\"600\" \/>\n                    Secadora para lavander\u00edas industriales                <\/div>\n\n            <\/div>\n        \n    <\/div>\n<\/div>\n\n\n\n<div class=\"fascia-newsletter bgcolor-grey \">\n    <div class=\"container-newsletter\">\n                    <span class=\"title\">\u00bfLe gustar\u00eda conocer m\u00e1s sobre nuestras soluciones?<\/span>\n        \n                    <a href=\"https:\/\/www.stalam.com\/es\/informacion-requerida\/\" title=\"Solicitar informaci\u00f3n\" class=\"btn btn-filled-r\">\n                Solicitar informaci\u00f3n            <\/a>\n            <\/div>\n<\/div>\n\n","protected":false},"excerpt":{"rendered":"","protected":false},"author":1,"featured_media":0,"parent":3953,"menu_order":1,"comment_status":"closed","ping_status":"closed","template":"","meta":{"_acf_changed":false,"content-type":"","footnotes":""},"class_list":["post-3954","page","type-page","status-publish","hentry"],"acf":[],"yoast_head":"<!-- This site is optimized with the Yoast SEO Premium plugin v23.9 (Yoast SEO v27.3) - https:\/\/yoast.com\/product\/yoast-seo-premium-wordpress\/ -->\n<title>Secadora para lavander\u00edas industriales | Stalam<\/title>\n<meta name=\"description\" content=\"Descubre la aplicaci\u00f3n de nuestra tecnolog\u00eda de radiofrecuencia a secadora para lavander\u00edas industriales\" \/>\n<meta name=\"robots\" content=\"index, follow, max-snippet:-1, max-image-preview:large, max-video-preview:-1\" \/>\n<link rel=\"canonical\" href=\"https:\/\/www.stalam.com\/es\/otras-aplicaciones\/secadora-para-lavanderias-industriales\/\" \/>\n<meta property=\"og:locale\" content=\"es_ES\" \/>\n<meta property=\"og:type\" content=\"article\" \/>\n<meta property=\"og:title\" content=\"Secadora para lavander\u00edas industriales\" \/>\n<meta property=\"og:description\" content=\"Descubre la aplicaci\u00f3n de nuestra tecnolog\u00eda de radiofrecuencia a secadora para lavander\u00edas industriales\" \/>\n<meta property=\"og:url\" content=\"https:\/\/www.stalam.com\/es\/otras-aplicaciones\/secadora-para-lavanderias-industriales\/\" \/>\n<meta property=\"og:site_name\" content=\"Stalam\" \/>\n<meta property=\"article:publisher\" content=\"https:\/\/www.facebook.com\/Stalam-184036235760438\/\" \/>\n<meta property=\"article:modified_time\" content=\"2025-06-10T13:36:02+00:00\" \/>\n<meta property=\"og:image\" content=\"https:\/\/www.stalam.com\/wp-content\/uploads\/2023\/06\/stalam-logo.png\" \/>\n\t<meta property=\"og:image:width\" content=\"634\" \/>\n\t<meta property=\"og:image:height\" content=\"176\" \/>\n\t<meta property=\"og:image:type\" content=\"image\/png\" \/>\n<meta name=\"twitter:card\" content=\"summary_large_image\" \/>\n<meta name=\"twitter:label1\" content=\"Tiempo de lectura\" \/>\n\t<meta name=\"twitter:data1\" content=\"1 minuto\" \/>\n<script type=\"application\/ld+json\" class=\"yoast-schema-graph\">{\"@context\":\"https:\\\/\\\/schema.org\",\"@graph\":[{\"@type\":\"WebPage\",\"@id\":\"https:\\\/\\\/www.stalam.com\\\/es\\\/otras-aplicaciones\\\/secadora-para-lavanderias-industriales\\\/\",\"url\":\"https:\\\/\\\/www.stalam.com\\\/es\\\/otras-aplicaciones\\\/secadora-para-lavanderias-industriales\\\/\",\"name\":\"Secadora para lavander\u00edas industriales | Stalam\",\"isPartOf\":{\"@id\":\"https:\\\/\\\/www.stalam.com\\\/#website\"},\"datePublished\":\"2023-05-24T12:36:22+00:00\",\"dateModified\":\"2025-06-10T13:36:02+00:00\",\"description\":\"Descubre la aplicaci\u00f3n de nuestra tecnolog\u00eda de radiofrecuencia a secadora para lavander\u00edas industriales\",\"breadcrumb\":{\"@id\":\"https:\\\/\\\/www.stalam.com\\\/es\\\/otras-aplicaciones\\\/secadora-para-lavanderias-industriales\\\/#breadcrumb\"},\"inLanguage\":\"es\",\"potentialAction\":[{\"@type\":\"ReadAction\",\"target\":[\"https:\\\/\\\/www.stalam.com\\\/es\\\/otras-aplicaciones\\\/secadora-para-lavanderias-industriales\\\/\"]}]},{\"@type\":\"BreadcrumbList\",\"@id\":\"https:\\\/\\\/www.stalam.com\\\/es\\\/otras-aplicaciones\\\/secadora-para-lavanderias-industriales\\\/#breadcrumb\",\"itemListElement\":[{\"@type\":\"ListItem\",\"position\":1,\"name\":\"Home\",\"item\":\"https:\\\/\\\/www.stalam.com\\\/es\\\/\"},{\"@type\":\"ListItem\",\"position\":2,\"name\":\"Otras aplicaciones\",\"item\":\"https:\\\/\\\/www.stalam.com\\\/es\\\/otras-aplicaciones\\\/\"},{\"@type\":\"ListItem\",\"position\":3,\"name\":\"Secadora para lavander\u00edas industriales\"}]},{\"@type\":\"WebSite\",\"@id\":\"https:\\\/\\\/www.stalam.com\\\/#website\",\"url\":\"https:\\\/\\\/www.stalam.com\\\/\",\"name\":\"Stalam\",\"description\":\"\",\"publisher\":{\"@id\":\"https:\\\/\\\/www.stalam.com\\\/#organization\"},\"potentialAction\":[{\"@type\":\"SearchAction\",\"target\":{\"@type\":\"EntryPoint\",\"urlTemplate\":\"https:\\\/\\\/www.stalam.com\\\/?s={search_term_string}\"},\"query-input\":{\"@type\":\"PropertyValueSpecification\",\"valueRequired\":true,\"valueName\":\"search_term_string\"}}],\"inLanguage\":\"es\"},{\"@type\":\"Organization\",\"@id\":\"https:\\\/\\\/www.stalam.com\\\/#organization\",\"name\":\"Stalam\",\"url\":\"https:\\\/\\\/www.stalam.com\\\/\",\"logo\":{\"@type\":\"ImageObject\",\"inLanguage\":\"es\",\"@id\":\"https:\\\/\\\/www.stalam.com\\\/#\\\/schema\\\/logo\\\/image\\\/\",\"url\":\"https:\\\/\\\/www.stalam.com\\\/wp-content\\\/uploads\\\/2023\\\/06\\\/stalam-logo.png\",\"contentUrl\":\"https:\\\/\\\/www.stalam.com\\\/wp-content\\\/uploads\\\/2023\\\/06\\\/stalam-logo.png\",\"width\":634,\"height\":176,\"caption\":\"Stalam\"},\"image\":{\"@id\":\"https:\\\/\\\/www.stalam.com\\\/#\\\/schema\\\/logo\\\/image\\\/\"},\"sameAs\":[\"https:\\\/\\\/www.facebook.com\\\/Stalam-184036235760438\\\/\",\"https:\\\/\\\/www.linkedin.com\\\/company\\\/stalam\\\/\",\"https:\\\/\\\/www.youtube.com\\\/channel\\\/UCcl2pZ10KrADorPJccCu43Q\"]}]}<\/script>\n<!-- \/ Yoast SEO Premium plugin. -->","yoast_head_json":{"title":"Secadora para lavander\u00edas industriales | Stalam","description":"Descubre la aplicaci\u00f3n de nuestra tecnolog\u00eda de radiofrecuencia a secadora para lavander\u00edas industriales","robots":{"index":"index","follow":"follow","max-snippet":"max-snippet:-1","max-image-preview":"max-image-preview:large","max-video-preview":"max-video-preview:-1"},"canonical":"https:\/\/www.stalam.com\/es\/otras-aplicaciones\/secadora-para-lavanderias-industriales\/","og_locale":"es_ES","og_type":"article","og_title":"Secadora para lavander\u00edas industriales","og_description":"Descubre la aplicaci\u00f3n de nuestra tecnolog\u00eda de radiofrecuencia a secadora para lavander\u00edas industriales","og_url":"https:\/\/www.stalam.com\/es\/otras-aplicaciones\/secadora-para-lavanderias-industriales\/","og_site_name":"Stalam","article_publisher":"https:\/\/www.facebook.com\/Stalam-184036235760438\/","article_modified_time":"2025-06-10T13:36:02+00:00","og_image":[{"width":634,"height":176,"url":"https:\/\/www.stalam.com\/wp-content\/uploads\/2023\/06\/stalam-logo.png","type":"image\/png"}],"twitter_card":"summary_large_image","twitter_misc":{"Tiempo de lectura":"1 minuto"},"schema":{"@context":"https:\/\/schema.org","@graph":[{"@type":"WebPage","@id":"https:\/\/www.stalam.com\/es\/otras-aplicaciones\/secadora-para-lavanderias-industriales\/","url":"https:\/\/www.stalam.com\/es\/otras-aplicaciones\/secadora-para-lavanderias-industriales\/","name":"Secadora para lavander\u00edas industriales | Stalam","isPartOf":{"@id":"https:\/\/www.stalam.com\/#website"},"datePublished":"2023-05-24T12:36:22+00:00","dateModified":"2025-06-10T13:36:02+00:00","description":"Descubre la aplicaci\u00f3n de nuestra tecnolog\u00eda de radiofrecuencia a secadora para lavander\u00edas industriales","breadcrumb":{"@id":"https:\/\/www.stalam.com\/es\/otras-aplicaciones\/secadora-para-lavanderias-industriales\/#breadcrumb"},"inLanguage":"es","potentialAction":[{"@type":"ReadAction","target":["https:\/\/www.stalam.com\/es\/otras-aplicaciones\/secadora-para-lavanderias-industriales\/"]}]},{"@type":"BreadcrumbList","@id":"https:\/\/www.stalam.com\/es\/otras-aplicaciones\/secadora-para-lavanderias-industriales\/#breadcrumb","itemListElement":[{"@type":"ListItem","position":1,"name":"Home","item":"https:\/\/www.stalam.com\/es\/"},{"@type":"ListItem","position":2,"name":"Otras aplicaciones","item":"https:\/\/www.stalam.com\/es\/otras-aplicaciones\/"},{"@type":"ListItem","position":3,"name":"Secadora para lavander\u00edas industriales"}]},{"@type":"WebSite","@id":"https:\/\/www.stalam.com\/#website","url":"https:\/\/www.stalam.com\/","name":"Stalam","description":"","publisher":{"@id":"https:\/\/www.stalam.com\/#organization"},"potentialAction":[{"@type":"SearchAction","target":{"@type":"EntryPoint","urlTemplate":"https:\/\/www.stalam.com\/?s={search_term_string}"},"query-input":{"@type":"PropertyValueSpecification","valueRequired":true,"valueName":"search_term_string"}}],"inLanguage":"es"},{"@type":"Organization","@id":"https:\/\/www.stalam.com\/#organization","name":"Stalam","url":"https:\/\/www.stalam.com\/","logo":{"@type":"ImageObject","inLanguage":"es","@id":"https:\/\/www.stalam.com\/#\/schema\/logo\/image\/","url":"https:\/\/www.stalam.com\/wp-content\/uploads\/2023\/06\/stalam-logo.png","contentUrl":"https:\/\/www.stalam.com\/wp-content\/uploads\/2023\/06\/stalam-logo.png","width":634,"height":176,"caption":"Stalam"},"image":{"@id":"https:\/\/www.stalam.com\/#\/schema\/logo\/image\/"},"sameAs":["https:\/\/www.facebook.com\/Stalam-184036235760438\/","https:\/\/www.linkedin.com\/company\/stalam\/","https:\/\/www.youtube.com\/channel\/UCcl2pZ10KrADorPJccCu43Q"]}]}},"_links":{"self":[{"href":"https:\/\/www.stalam.com\/es\/wp-json\/wp\/v2\/pages\/3954","targetHints":{"allow":["GET"]}}],"collection":[{"href":"https:\/\/www.stalam.com\/es\/wp-json\/wp\/v2\/pages"}],"about":[{"href":"https:\/\/www.stalam.com\/es\/wp-json\/wp\/v2\/types\/page"}],"author":[{"embeddable":true,"href":"https:\/\/www.stalam.com\/es\/wp-json\/wp\/v2\/users\/1"}],"replies":[{"embeddable":true,"href":"https:\/\/www.stalam.com\/es\/wp-json\/wp\/v2\/comments?post=3954"}],"version-history":[{"count":9,"href":"https:\/\/www.stalam.com\/es\/wp-json\/wp\/v2\/pages\/3954\/revisions"}],"predecessor-version":[{"id":15450,"href":"https:\/\/www.stalam.com\/es\/wp-json\/wp\/v2\/pages\/3954\/revisions\/15450"}],"up":[{"embeddable":true,"href":"https:\/\/www.stalam.com\/es\/wp-json\/wp\/v2\/pages\/3953"}],"wp:attachment":[{"href":"https:\/\/www.stalam.com\/es\/wp-json\/wp\/v2\/media?parent=3954"}],"curies":[{"name":"wp","href":"https:\/\/api.w.org\/{rel}","templated":true}]}}