{"id":3956,"date":"2023-05-24T14:36:23","date_gmt":"2023-05-24T12:36:23","guid":{"rendered":"https:\/\/www.stalam.com\/altre-applicazioni\/altre-applicazioni\/"},"modified":"2025-06-10T15:36:46","modified_gmt":"2025-06-10T13:36:46","slug":"otras-aplicaciones-de-la-tecnologia-de-rf","status":"publish","type":"page","link":"https:\/\/www.stalam.com\/es\/otras-aplicaciones\/otras-aplicaciones-de-la-tecnologia-de-rf\/","title":{"rendered":"Otras aplicaciones de la tecnolog\u00eda de RF"},"content":{"rendered":"\n<div class=\"fascia-bread-title bgcolor-grey \">\n    <div class=\"container-fascia-bread-title\">\n        <p id=\"breadcrumbs\"><span><span><a href=\"https:\/\/www.stalam.com\/es\/\">Home<\/a><\/span><\/span><\/p>                    <span class=\"title\">OTRAS APLICACIONES<\/span>\n                <h1 class=\"title-big\">Otras aplicaciones de la tecnolog\u00eda de RF<\/h1>\n    <\/div>\n<\/div>\n\n\n\n<div class=\"fascia-img-header\">\n    <img loading=\"lazy\" decoding=\"async\" src=\"https:\/\/www.stalam.com\/wp-content\/uploads\/2023\/05\/ceramics-2.jpg\" alt=\"\" width=\"600\" height=\"400\">\n<\/div>\n\n\n\n\n<div class=\"wp-block-columns col-fullwidth is-layout-flex wp-container-core-columns-is-layout-9d6595d7 wp-block-columns-is-layout-flex\">\n<div class=\"wp-block-column is-layout-flow wp-block-column-is-layout-flow\" style=\"flex-basis:33.33%\"><div class=\"sidebar-prodotti-container\"><div class=\"topbar-prodotti\" id=\"topbar\"><ul><li class=\"page_item page-item-3954 page_item_has_children\"><a href=\"https:\/\/www.stalam.com\/es\/otras-aplicaciones\/secadora-para-lavanderias-industriales\/\">Secadora para lavander\u00edas industriales<\/a><\/li>\n<li class=\"page_item page-item-3956\"><a href=\"https:\/\/www.stalam.com\/es\/otras-aplicaciones\/otras-aplicaciones-de-la-tecnologia-de-rf\/\">Otras aplicaciones de la tecnolog\u00eda de RF<\/a><\/li>\n<a href=\"https:\/\/www.stalam.com\/richiesta-catalogo\/\" class=\"btn btn-filled-r\">Descargar cat\u00e1logo<\/a><\/ul><\/div><div class=\"sidebar-prodotti-left\"><p class=\"grandparent-page\">Otras aplicaciones<\/p><ul><li class=\"page_item page-item-3954 page_item_has_children\"><a href=\"https:\/\/www.stalam.com\/es\/otras-aplicaciones\/secadora-para-lavanderias-industriales\/\">Secadora para lavander\u00edas industriales<\/a>\n<ul class='children'>\n\t<li class=\"page_item page-item-3955\"><a href=\"https:\/\/www.stalam.com\/es\/otras-aplicaciones\/secadora-para-lavanderias-industriales\/secadora-para-lavanderias-industriales\/\">Secadora para lavander\u00edas industriales<\/a><\/li>\n<\/ul>\n<\/li>\n<li class=\"page_item page-item-3956\"><a href=\"https:\/\/www.stalam.com\/es\/otras-aplicaciones\/otras-aplicaciones-de-la-tecnologia-de-rf\/\">Otras aplicaciones de la tecnolog\u00eda de RF<\/a><\/li>\n<a href=\"https:\/\/www.stalam.com\/richiesta-catalogo\/\" class=\"btn btn-filled-r\">Descargar cat\u00e1logo<\/a><\/ul><\/div><\/div>\n<\/div>\n\n\n\n<div class=\"wp-block-column is-layout-flow wp-block-column-is-layout-flow\" style=\"flex-basis:66.66%\"><div class=\"fascia-testo-btns-imgs\">\n    <p>Stalam cuenta con experiencia en la mayor\u00eda de las aplicaciones que aparecen a continuaci\u00f3n. P\u00f3ngase en contacto con nosotros para que podamos proporcionar la viabilidad t\u00e9cnica y econ\u00f3mica preliminar de su proyecto o para probar su producto en nuestro laboratorio completamente equipado.<\/p>\n<ul>\n<li><a href=\"\/es\/tecnico\/aparatos-de-vulcanizacion-y-secadores-para-latex-sbr-y-otras-espumas-de-polimeros\/\">Vulcanizaci\u00f3n y secado de l\u00e1tex natural, SBR y otras espumas de pol\u00edmeros<\/a><\/li>\n<li>Secado, acondicionado y pegado de materiales de madera (laminada, perfiles, parqu\u00e9, corcho, MDF, etc.) y sustratos de papel (papel, cart\u00f3n ondulado, tubos de cart\u00f3n, etc.)<\/li>\n<li>Deshumidificaci\u00f3n parcial y secado antes del la cocci\u00f3n o la sinterizaci\u00f3n de cer\u00e1mica y material refractario (aparatos sanitarios, alfarer\u00eda, cer\u00e1mica t\u00e9cnica, soportes catal\u00edticos, etc.)<\/li>\n<li>Precalentamiento de polvos termoendurecibles y de gr\u00e1nulos de lin\u00f3leo antes de la laminaci\u00f3n<\/li>\n<li>Secado y termoendurecimiento de materiales compuestos (incluyendo mezclas de cemento-resina, paneles aislantes de sonido\/ruido, org\u00e1nicos e inorg\u00e1nicos t\u00e9rmicos)<\/li>\n<li>Soldadura de termopl\u00e1sticos<\/li>\n<li>Secado de arena de fundici\u00f3n, moldes, etc.<\/li>\n<li>Secado y termoendurecimiento de resinas, lacas, pinturas y tintas en diferentes sustratos (tejidos, textiles sin tejer, pel\u00edculas de pl\u00e1stico, cuero, madera, vidrio, etc.).<\/li>\n<\/ul>\n\n    \n            <div class=\"container-btns\">\n                            <a href=\"\/es\/contacto\/\" title=\"\u00a1RESERVA UNA PRUEBA!\" class=\"btn btn-filled-r\">\n                    \u00a1RESERVA UNA PRUEBA!                <\/a>\n                                <\/div>\n    \n<\/div><\/div>\n<\/div>\n\n\n<div class=\"images-slider-container\">\n\n    <span class=\"title\">Galer\u00eda de fotos<\/span>\n\n    <div class=\"images-slider__row\">\n                    <div class=\"images-slider__single\">\n                <div class=\"images-slider__single-contents\">\n                    <img data-flickity-lazyload=\"https:\/\/www.stalam.com\/wp-content\/uploads\/2023\/05\/Other-applications.jpg\" class=\"skip-lazy\" alt=\"slider image\" width=\"400\" height=\"600\" \/>\n                    Secado RF de cer\u00e1mica t\u00e9cnica (panal de abeja)                <\/div>\n\n            <\/div>\n                    <div class=\"images-slider__single\">\n                <div class=\"images-slider__single-contents\">\n                    <img data-flickity-lazyload=\"https:\/\/www.stalam.com\/wp-content\/uploads\/2023\/05\/Other-RF-applications.jpg\" class=\"skip-lazy\" alt=\"slider image\" width=\"400\" height=\"600\" \/>\n                    Precalentamiento RF de gr\u00e1nulos de lin\u00f3leo antes de la laminaci\u00f3n                <\/div>\n\n            <\/div>\n                    <div class=\"images-slider__single\">\n                <div class=\"images-slider__single-contents\">\n                    <img data-flickity-lazyload=\"https:\/\/www.stalam.com\/wp-content\/uploads\/2023\/05\/RF2x15kW.jpg\" class=\"skip-lazy\" alt=\"slider image\" width=\"400\" height=\"600\" \/>\n                    Sistemas RF para pegar y secar cintas, bandas el\u00e1sticas, bandas recubiertas                <\/div>\n\n            <\/div>\n                    <div class=\"images-slider__single\">\n                <div class=\"images-slider__single-contents\">\n                    <img data-flickity-lazyload=\"https:\/\/www.stalam.com\/wp-content\/uploads\/2023\/05\/RF15kW-1.jpg\" class=\"skip-lazy\" alt=\"slider image\" width=\"400\" height=\"600\" \/>\n                    Secador RF en l\u00ednea para bobinas de lino hiladas en h\u00famedo                <\/div>\n\n            <\/div>\n        \n    <\/div>\n<\/div>\n\n\n\n<div class=\"fascia-newsletter bgcolor-grey \">\n    <div class=\"container-newsletter\">\n                    <span class=\"title\">\u00bfLe gustar\u00eda conocer m\u00e1s sobre nuestras soluciones?<\/span>\n        \n                    <a href=\"https:\/\/www.stalam.com\/es\/informacion-requerida\/\" title=\"Solicitar informaci\u00f3n\" class=\"btn btn-filled-r\">\n                Solicitar informaci\u00f3n            <\/a>\n            <\/div>\n<\/div>\n\n\n\n\n<div class=\"fascia-tit-text-btn bgcolor-white \">\n    <div class=\"container-fascia-tit-text-btn\">\n\n        \n        <div style=\"text-align: center\" class=\"testo-fascia\">\n                    <\/div>\n\n        \n        \n    <\/div>\n<\/div>\n\n","protected":false},"excerpt":{"rendered":"","protected":false},"author":1,"featured_media":0,"parent":3953,"menu_order":2,"comment_status":"closed","ping_status":"closed","template":"","meta":{"_acf_changed":false,"content-type":"","footnotes":""},"class_list":["post-3956","page","type-page","status-publish","hentry"],"acf":[],"yoast_head":"<!-- This site is optimized with the Yoast SEO Premium plugin v23.9 (Yoast SEO v27.3) - https:\/\/yoast.com\/product\/yoast-seo-premium-wordpress\/ -->\n<title>Otras aplicaciones de la tecnolog\u00eda de RF, Productos y Servicios | Stalam<\/title>\n<meta name=\"description\" content=\"Descubre la aplicaci\u00f3n de nuestra tecnolog\u00eda de radiofrecuencia a otras aplicaciones\" \/>\n<meta name=\"robots\" content=\"index, follow, max-snippet:-1, max-image-preview:large, max-video-preview:-1\" \/>\n<link rel=\"canonical\" href=\"https:\/\/www.stalam.com\/es\/otras-aplicaciones\/otras-aplicaciones-de-la-tecnologia-de-rf\/\" \/>\n<meta property=\"og:locale\" content=\"es_ES\" \/>\n<meta property=\"og:type\" content=\"article\" \/>\n<meta property=\"og:title\" content=\"Otras aplicaciones de la tecnolog\u00eda de RF\" \/>\n<meta property=\"og:description\" content=\"Descubre la aplicaci\u00f3n de nuestra tecnolog\u00eda de radiofrecuencia a otras aplicaciones\" \/>\n<meta property=\"og:url\" content=\"https:\/\/www.stalam.com\/es\/otras-aplicaciones\/otras-aplicaciones-de-la-tecnologia-de-rf\/\" \/>\n<meta property=\"og:site_name\" content=\"Stalam\" \/>\n<meta property=\"article:publisher\" content=\"https:\/\/www.facebook.com\/Stalam-184036235760438\/\" \/>\n<meta property=\"article:modified_time\" content=\"2025-06-10T13:36:46+00:00\" \/>\n<meta property=\"og:image\" content=\"https:\/\/www.stalam.com\/wp-content\/uploads\/2023\/06\/stalam-logo.png\" \/>\n\t<meta property=\"og:image:width\" content=\"634\" \/>\n\t<meta property=\"og:image:height\" content=\"176\" \/>\n\t<meta property=\"og:image:type\" content=\"image\/png\" \/>\n<meta name=\"twitter:card\" content=\"summary_large_image\" \/>\n<meta name=\"twitter:label1\" content=\"Tiempo de lectura\" \/>\n\t<meta name=\"twitter:data1\" content=\"1 minuto\" \/>\n<script type=\"application\/ld+json\" class=\"yoast-schema-graph\">{\"@context\":\"https:\\\/\\\/schema.org\",\"@graph\":[{\"@type\":\"WebPage\",\"@id\":\"https:\\\/\\\/www.stalam.com\\\/es\\\/otras-aplicaciones\\\/otras-aplicaciones-de-la-tecnologia-de-rf\\\/\",\"url\":\"https:\\\/\\\/www.stalam.com\\\/es\\\/otras-aplicaciones\\\/otras-aplicaciones-de-la-tecnologia-de-rf\\\/\",\"name\":\"Otras aplicaciones de la tecnolog\u00eda de RF, Productos y Servicios | Stalam\",\"isPartOf\":{\"@id\":\"https:\\\/\\\/www.stalam.com\\\/#website\"},\"datePublished\":\"2023-05-24T12:36:23+00:00\",\"dateModified\":\"2025-06-10T13:36:46+00:00\",\"description\":\"Descubre la aplicaci\u00f3n de nuestra tecnolog\u00eda de radiofrecuencia a otras aplicaciones\",\"breadcrumb\":{\"@id\":\"https:\\\/\\\/www.stalam.com\\\/es\\\/otras-aplicaciones\\\/otras-aplicaciones-de-la-tecnologia-de-rf\\\/#breadcrumb\"},\"inLanguage\":\"es\",\"potentialAction\":[{\"@type\":\"ReadAction\",\"target\":[\"https:\\\/\\\/www.stalam.com\\\/es\\\/otras-aplicaciones\\\/otras-aplicaciones-de-la-tecnologia-de-rf\\\/\"]}]},{\"@type\":\"BreadcrumbList\",\"@id\":\"https:\\\/\\\/www.stalam.com\\\/es\\\/otras-aplicaciones\\\/otras-aplicaciones-de-la-tecnologia-de-rf\\\/#breadcrumb\",\"itemListElement\":[{\"@type\":\"ListItem\",\"position\":1,\"name\":\"Home\",\"item\":\"https:\\\/\\\/www.stalam.com\\\/es\\\/\"},{\"@type\":\"ListItem\",\"position\":2,\"name\":\"Otras aplicaciones\",\"item\":\"https:\\\/\\\/www.stalam.com\\\/es\\\/otras-aplicaciones\\\/\"},{\"@type\":\"ListItem\",\"position\":3,\"name\":\"Otras aplicaciones de la tecnolog\u00eda de RF\"}]},{\"@type\":\"WebSite\",\"@id\":\"https:\\\/\\\/www.stalam.com\\\/#website\",\"url\":\"https:\\\/\\\/www.stalam.com\\\/\",\"name\":\"Stalam\",\"description\":\"\",\"publisher\":{\"@id\":\"https:\\\/\\\/www.stalam.com\\\/#organization\"},\"potentialAction\":[{\"@type\":\"SearchAction\",\"target\":{\"@type\":\"EntryPoint\",\"urlTemplate\":\"https:\\\/\\\/www.stalam.com\\\/?s={search_term_string}\"},\"query-input\":{\"@type\":\"PropertyValueSpecification\",\"valueRequired\":true,\"valueName\":\"search_term_string\"}}],\"inLanguage\":\"es\"},{\"@type\":\"Organization\",\"@id\":\"https:\\\/\\\/www.stalam.com\\\/#organization\",\"name\":\"Stalam\",\"url\":\"https:\\\/\\\/www.stalam.com\\\/\",\"logo\":{\"@type\":\"ImageObject\",\"inLanguage\":\"es\",\"@id\":\"https:\\\/\\\/www.stalam.com\\\/#\\\/schema\\\/logo\\\/image\\\/\",\"url\":\"https:\\\/\\\/www.stalam.com\\\/wp-content\\\/uploads\\\/2023\\\/06\\\/stalam-logo.png\",\"contentUrl\":\"https:\\\/\\\/www.stalam.com\\\/wp-content\\\/uploads\\\/2023\\\/06\\\/stalam-logo.png\",\"width\":634,\"height\":176,\"caption\":\"Stalam\"},\"image\":{\"@id\":\"https:\\\/\\\/www.stalam.com\\\/#\\\/schema\\\/logo\\\/image\\\/\"},\"sameAs\":[\"https:\\\/\\\/www.facebook.com\\\/Stalam-184036235760438\\\/\",\"https:\\\/\\\/www.linkedin.com\\\/company\\\/stalam\\\/\",\"https:\\\/\\\/www.youtube.com\\\/channel\\\/UCcl2pZ10KrADorPJccCu43Q\"]}]}<\/script>\n<!-- \/ Yoast SEO Premium plugin. -->","yoast_head_json":{"title":"Otras aplicaciones de la tecnolog\u00eda de RF, Productos y Servicios | Stalam","description":"Descubre la aplicaci\u00f3n de nuestra tecnolog\u00eda de radiofrecuencia a otras aplicaciones","robots":{"index":"index","follow":"follow","max-snippet":"max-snippet:-1","max-image-preview":"max-image-preview:large","max-video-preview":"max-video-preview:-1"},"canonical":"https:\/\/www.stalam.com\/es\/otras-aplicaciones\/otras-aplicaciones-de-la-tecnologia-de-rf\/","og_locale":"es_ES","og_type":"article","og_title":"Otras aplicaciones de la tecnolog\u00eda de RF","og_description":"Descubre la aplicaci\u00f3n de nuestra tecnolog\u00eda de radiofrecuencia a otras aplicaciones","og_url":"https:\/\/www.stalam.com\/es\/otras-aplicaciones\/otras-aplicaciones-de-la-tecnologia-de-rf\/","og_site_name":"Stalam","article_publisher":"https:\/\/www.facebook.com\/Stalam-184036235760438\/","article_modified_time":"2025-06-10T13:36:46+00:00","og_image":[{"width":634,"height":176,"url":"https:\/\/www.stalam.com\/wp-content\/uploads\/2023\/06\/stalam-logo.png","type":"image\/png"}],"twitter_card":"summary_large_image","twitter_misc":{"Tiempo de lectura":"1 minuto"},"schema":{"@context":"https:\/\/schema.org","@graph":[{"@type":"WebPage","@id":"https:\/\/www.stalam.com\/es\/otras-aplicaciones\/otras-aplicaciones-de-la-tecnologia-de-rf\/","url":"https:\/\/www.stalam.com\/es\/otras-aplicaciones\/otras-aplicaciones-de-la-tecnologia-de-rf\/","name":"Otras aplicaciones de la tecnolog\u00eda de RF, Productos y Servicios | Stalam","isPartOf":{"@id":"https:\/\/www.stalam.com\/#website"},"datePublished":"2023-05-24T12:36:23+00:00","dateModified":"2025-06-10T13:36:46+00:00","description":"Descubre la aplicaci\u00f3n de nuestra tecnolog\u00eda de radiofrecuencia a otras aplicaciones","breadcrumb":{"@id":"https:\/\/www.stalam.com\/es\/otras-aplicaciones\/otras-aplicaciones-de-la-tecnologia-de-rf\/#breadcrumb"},"inLanguage":"es","potentialAction":[{"@type":"ReadAction","target":["https:\/\/www.stalam.com\/es\/otras-aplicaciones\/otras-aplicaciones-de-la-tecnologia-de-rf\/"]}]},{"@type":"BreadcrumbList","@id":"https:\/\/www.stalam.com\/es\/otras-aplicaciones\/otras-aplicaciones-de-la-tecnologia-de-rf\/#breadcrumb","itemListElement":[{"@type":"ListItem","position":1,"name":"Home","item":"https:\/\/www.stalam.com\/es\/"},{"@type":"ListItem","position":2,"name":"Otras aplicaciones","item":"https:\/\/www.stalam.com\/es\/otras-aplicaciones\/"},{"@type":"ListItem","position":3,"name":"Otras aplicaciones de la tecnolog\u00eda de RF"}]},{"@type":"WebSite","@id":"https:\/\/www.stalam.com\/#website","url":"https:\/\/www.stalam.com\/","name":"Stalam","description":"","publisher":{"@id":"https:\/\/www.stalam.com\/#organization"},"potentialAction":[{"@type":"SearchAction","target":{"@type":"EntryPoint","urlTemplate":"https:\/\/www.stalam.com\/?s={search_term_string}"},"query-input":{"@type":"PropertyValueSpecification","valueRequired":true,"valueName":"search_term_string"}}],"inLanguage":"es"},{"@type":"Organization","@id":"https:\/\/www.stalam.com\/#organization","name":"Stalam","url":"https:\/\/www.stalam.com\/","logo":{"@type":"ImageObject","inLanguage":"es","@id":"https:\/\/www.stalam.com\/#\/schema\/logo\/image\/","url":"https:\/\/www.stalam.com\/wp-content\/uploads\/2023\/06\/stalam-logo.png","contentUrl":"https:\/\/www.stalam.com\/wp-content\/uploads\/2023\/06\/stalam-logo.png","width":634,"height":176,"caption":"Stalam"},"image":{"@id":"https:\/\/www.stalam.com\/#\/schema\/logo\/image\/"},"sameAs":["https:\/\/www.facebook.com\/Stalam-184036235760438\/","https:\/\/www.linkedin.com\/company\/stalam\/","https:\/\/www.youtube.com\/channel\/UCcl2pZ10KrADorPJccCu43Q"]}]}},"_links":{"self":[{"href":"https:\/\/www.stalam.com\/es\/wp-json\/wp\/v2\/pages\/3956","targetHints":{"allow":["GET"]}}],"collection":[{"href":"https:\/\/www.stalam.com\/es\/wp-json\/wp\/v2\/pages"}],"about":[{"href":"https:\/\/www.stalam.com\/es\/wp-json\/wp\/v2\/types\/page"}],"author":[{"embeddable":true,"href":"https:\/\/www.stalam.com\/es\/wp-json\/wp\/v2\/users\/1"}],"replies":[{"embeddable":true,"href":"https:\/\/www.stalam.com\/es\/wp-json\/wp\/v2\/comments?post=3956"}],"version-history":[{"count":12,"href":"https:\/\/www.stalam.com\/es\/wp-json\/wp\/v2\/pages\/3956\/revisions"}],"predecessor-version":[{"id":15456,"href":"https:\/\/www.stalam.com\/es\/wp-json\/wp\/v2\/pages\/3956\/revisions\/15456"}],"up":[{"embeddable":true,"href":"https:\/\/www.stalam.com\/es\/wp-json\/wp\/v2\/pages\/3953"}],"wp:attachment":[{"href":"https:\/\/www.stalam.com\/es\/wp-json\/wp\/v2\/media?parent=3956"}],"curies":[{"name":"wp","href":"https:\/\/api.w.org\/{rel}","templated":true}]}}