{"id":3972,"date":"2023-05-18T11:44:52","date_gmt":"2023-05-18T09:44:52","guid":{"rendered":"https:\/\/www.stalam.com\/brevetti\/"},"modified":"2025-05-27T11:41:13","modified_gmt":"2025-05-27T09:41:13","slug":"patentes","status":"publish","type":"page","link":"https:\/\/www.stalam.com\/es\/patentes\/","title":{"rendered":"Patentes"},"content":{"rendered":"\n<div class=\"fascia-bread-title bgcolor-white \">\n    <div class=\"container-fascia-bread-title\">\n        <p id=\"breadcrumbs\"><span><span><a href=\"https:\/\/www.stalam.com\/es\/\">Home<\/a><\/span><\/span><\/p>                <h1 class=\"title-big\">Patentes<\/h1>\n    <\/div>\n<\/div>\n\n\n\n\n<div class=\"fascia-tit-text-btn bgcolor-white \">\n    <div class=\"container-fascia-tit-text-btn\">\n\n        \n        <div style=\"text-align: left\" class=\"testo-fascia\">\n            <p>Como l\u00edder mundial en la tecnolog\u00eda de radiofrecuencia, desde su establecimiento, Stalam ha estado continuamente invirtiendo en actividades de I+D para poner a disposici\u00f3n de la industria los equipos de RF m\u00e1s innovadores, fiables y eficientes.<\/p>\n<p>A lo largo de los a\u00f1os, Stalam ha inventado y patentado varios m\u00e9todos, dispositivos y equipos convirti\u00e9ndose en un punto de referencia para la tecnolog\u00eda de RF de todo el mundo.<\/p>\n        <\/div>\n\n        \n        \n    <\/div>\n<\/div>\n\n\n\n\n<div class=\"wp-block-columns colonne-brevetti is-layout-flex wp-container-core-columns-is-layout-9d6595d7 wp-block-columns-is-layout-flex\">\n<div class=\"wp-block-column brevetti-col1-height is-layout-flow wp-block-column-is-layout-flow\"><div class=\"wp-block-image\">\n<figure class=\"aligncenter size-full\"><img loading=\"lazy\" decoding=\"async\" width=\"200\" height=\"202\" src=\"https:\/\/www.stalam.com\/wp-content\/uploads\/2023\/05\/double-polarity-1.png\" alt=\"\" class=\"wp-image-760\"\/><\/figure>\n<\/div>\n\n\n<div style=\"height:30px\" aria-hidden=\"true\" class=\"wp-block-spacer\"><\/div>\n\n\n\n<span class=\"title title-brevetti\">Aplicador de RF de doble polaridad<\/span>\n\n\n\n<div style=\"height:20px\" aria-hidden=\"true\" class=\"wp-block-spacer\"><\/div>\n\n\n\n<p>El aplicador de RF con la capacidad de ofrecer valores de alta potencia para productos finos (grosor delgado) creando un campo el\u00e9ctrico altamente concentrado a\u00fan cuando son alimentados con bajas tensiones de RF. En comparaci\u00f3n con los aplicadores tradicionales, reduce dr\u00e1sticamente las p\u00e9rdidas de energ\u00eda en los circuitos, aumentando, de esta forma, la eficiencia energ\u00e9tica global, e impide que los arcos el\u00e9ctricos puedan da\u00f1ar el producto y los equipos de RF.<br>(Patente n. 01266633)<\/p>\n\n\n\n<div style=\"height:20px\" aria-hidden=\"true\" class=\"wp-block-spacer\"><\/div>\n\n\n\n<a href=\"\/wp-content\/uploads\/2023\/06\/Double-polarity.pdf\" class=\"btn btn-filled-r\">DESCUBRE LA APLICACI\u00d3N!<\/a>\n<\/div>\n\n\n\n<div class=\"wp-block-column brevetti-col1-height is-layout-flow wp-block-column-is-layout-flow\"><div class=\"wp-block-image\">\n<figure class=\"aligncenter size-full\"><img loading=\"lazy\" decoding=\"async\" width=\"200\" height=\"200\" src=\"https:\/\/www.stalam.com\/wp-content\/uploads\/2023\/05\/variable-configuration.png\" alt=\"\" class=\"wp-image-761\" srcset=\"https:\/\/www.stalam.com\/wp-content\/uploads\/2023\/05\/variable-configuration.png 200w, https:\/\/www.stalam.com\/wp-content\/uploads\/2023\/05\/variable-configuration-150x150.png 150w\" sizes=\"auto, (max-width: 200px) 100vw, 200px\" \/><\/figure>\n<\/div>\n\n\n<div style=\"height:30px\" aria-hidden=\"true\" class=\"wp-block-spacer\"><\/div>\n\n\n\n<span class=\"title title-brevetti\">Aplicador RF con configuraci\u00f3n variable<\/span>\n\n\n\n<div style=\"height:20px\" aria-hidden=\"true\" class=\"wp-block-spacer\"><\/div>\n\n\n\n<p>Aplicador de RF dise\u00f1ado para productos que requieren tratamientos con campos el\u00e9ctricos variables a lo largo del proceso, tanto en t\u00e9rminos de geometr\u00eda como de fuerza. Este aplicador permite controlar la cantidad de energ\u00eda suministrada al producto de acuerdo a su estructura y a sus cambios dimensionales durante el proceso seg\u00fan sea necesario.<br>(Patente n. PCT\/IB2004\/002121)<\/p>\n\n\n\n<div style=\"height:20px\" aria-hidden=\"true\" class=\"wp-block-spacer\"><\/div>\n\n\n\n<a href=\"\/es\/alimentario\/usos-para-panaderias-industriales\/horno-para-pan-de-corteza-blanca-wavebake\/\" class=\"btn btn-filled-r\">DESCUBRE LA APLICACI\u00d3N!<\/a>\n<\/div>\n<\/div>\n\n\n\n<div class=\"wp-block-columns colonne-brevetti is-layout-flex wp-container-core-columns-is-layout-9d6595d7 wp-block-columns-is-layout-flex\">\n<div class=\"wp-block-column brevetti-col2-height is-layout-flow wp-block-column-is-layout-flow\"><div class=\"wp-block-image\">\n<figure class=\"aligncenter size-full\"><img loading=\"lazy\" decoding=\"async\" width=\"200\" height=\"200\" src=\"https:\/\/www.stalam.com\/wp-content\/uploads\/2023\/05\/Concentrate-electric-field.png\" alt=\"\" class=\"wp-image-781\" srcset=\"https:\/\/www.stalam.com\/wp-content\/uploads\/2023\/05\/Concentrate-electric-field.png 200w, https:\/\/www.stalam.com\/wp-content\/uploads\/2023\/05\/Concentrate-electric-field-150x150.png 150w\" sizes=\"auto, (max-width: 200px) 100vw, 200px\" \/><\/figure>\n<\/div>\n\n\n<div style=\"height:30px\" aria-hidden=\"true\" class=\"wp-block-spacer\"><\/div>\n\n\n\n<span class=\"title title-brevetti\">Aplicador RF con campo el\u00e9ctrico concentrado<\/span>\n\n\n\n<div style=\"height:20px\" aria-hidden=\"true\" class=\"wp-block-spacer\"><\/div>\n\n\n\n<p>Aplicador de RF patentado dise\u00f1ado para el r\u00e1pido tratamiento t\u00e9rmico de los productos l\u00edquidos en el tubo (flujo continuo). Alimentado con bajas tensiones de RF, amplifica y concentra el campo el\u00e9ctrico en un volumen peque\u00f1o pero sin p\u00e9rdidas de energ\u00eda o riesgo de arcos el\u00e9ctricos. Ofrece importantes beneficios tecnol\u00f3gicos tales como la pasteurizaci\u00f3n o esterilizaci\u00f3n a una velocidad mucho mayor y a una menor temperatura en comparaci\u00f3n con los m\u00e9todos tradicionales, conservando, de esta forma, las caracter\u00edsticas qu\u00edmicas, f\u00edsicas y sensoriales del producto.<br>(Patentes n. 10515972 &#8211; 2486374 &#8211; 2002314520)<\/p>\n\n\n\n<div style=\"height:20px\" aria-hidden=\"true\" class=\"wp-block-spacer\"><\/div>\n\n\n\n<a href=\"https:\/\/www.stalam.com\/es\/alimentario\/pasteurizacion-de-productos-liquidos\/pasteurizadores-para-productos-liquidos-en-tuberia-sanifluid\/\" class=\"btn btn-filled-r\">DESCUBRE LA APLICACI\u00d3N!<\/a>\n<\/div>\n\n\n\n<div class=\"wp-block-column brevetti-col2-height is-layout-flow wp-block-column-is-layout-flow\"><div class=\"wp-block-image\">\n<figure class=\"aligncenter size-full\"><img loading=\"lazy\" decoding=\"async\" width=\"200\" height=\"200\" src=\"https:\/\/www.stalam.com\/wp-content\/uploads\/2023\/05\/Sanitization-patent.png\" alt=\"\" class=\"wp-image-782\" srcset=\"https:\/\/www.stalam.com\/wp-content\/uploads\/2023\/05\/Sanitization-patent.png 200w, https:\/\/www.stalam.com\/wp-content\/uploads\/2023\/05\/Sanitization-patent-150x150.png 150w\" sizes=\"auto, (max-width: 200px) 100vw, 200px\" \/><\/figure>\n<\/div>\n\n\n<div style=\"height:30px\" aria-hidden=\"true\" class=\"wp-block-spacer\"><\/div>\n\n\n\n<span class=\"title title-brevetti\">Tratamiento electrot\u00e9rmico para la desinfecci\u00f3n de productos a granel<\/span>\n\n\n\n<div style=\"height:20px\" aria-hidden=\"true\" class=\"wp-block-spacer\"><\/div>\n\n\n\n<p>Tecnolog\u00eda RF especialmente desarrollada para el tratamiento t\u00e9rmico de los productos a granel, tanto en una cinta transportadora como en el tubo. El sistema se puede aplicar a la desinfestaci\u00f3n, desinfecci\u00f3n y pasteurizaci\u00f3n de productos agr\u00edcolas (frutos secos, granos, cereales, legumbres, etc.) y productos similares. Ofrece tratamientos de calentamiento r\u00e1pido que ayudan a preservar las propiedades sensoriales y nutricionales del sustrato de la mejor forma y un rendimiento elevado de eliminaci\u00f3n de microbios y plagas.<br>(Patentes n. 15024934- 112013000080406)<\/p>\n\n\n\n<div style=\"height:20px\" aria-hidden=\"true\" class=\"wp-block-spacer\"><\/div>\n\n\n\n<a href=\"\/es\/alimentario\/desinfestacion-y-desinfeccion\/\" class=\"btn btn-filled-r\">DESCUBRE LA APLICACI\u00d3N!<\/a>\n<\/div>\n<\/div>\n\n\n\n<div class=\"wp-block-columns colonne-brevetti is-layout-flex wp-container-core-columns-is-layout-9d6595d7 wp-block-columns-is-layout-flex\">\n<div class=\"wp-block-column is-layout-flow wp-block-column-is-layout-flow\"><div class=\"wp-block-image\">\n<figure class=\"aligncenter size-full\"><img loading=\"lazy\" decoding=\"async\" width=\"199\" height=\"199\" src=\"https:\/\/www.stalam.com\/wp-content\/uploads\/2023\/05\/CIP-cleaning-patent.png\" alt=\"\" class=\"wp-image-787\" srcset=\"https:\/\/www.stalam.com\/wp-content\/uploads\/2023\/05\/CIP-cleaning-patent.png 199w, https:\/\/www.stalam.com\/wp-content\/uploads\/2023\/05\/CIP-cleaning-patent-150x150.png 150w\" sizes=\"auto, (max-width: 199px) 100vw, 199px\" \/><\/figure>\n<\/div>\n\n\n<div style=\"height:20px\" aria-hidden=\"true\" class=\"wp-block-spacer\"><\/div>\n\n\n\n<span class=\"title\">Equipo de descongelaci\u00f3n RF &#8211; dise\u00f1o higi\u00e9nico y sistema de desinfecci\u00f3n<\/span>\n\n\n\n<div style=\"height:20px\" aria-hidden=\"true\" class=\"wp-block-spacer\"><\/div>\n\n\n\n<p>Stalam&nbsp;ha patentado el dise\u00f1o higi\u00e9nico y el sistema de desinfecci\u00f3n (C.I.P.) de sus m\u00e1quinas de descongelaci\u00f3n de RF, ya que han demostrado ser los mejores descongeladores para pescado, carne, verduras congelados y otros alimentos congelados disponibles en los mercados mundiales. La combinaci\u00f3n de un dise\u00f1o espec\u00edfico para equipos y unas instalaciones de lavado adecuadas permiten una desinfecci\u00f3n f\u00e1cil, frecuente y completa de la m\u00e1quina, evitando, de esta forma, la proliferaci\u00f3n bacteriana y unas condiciones higi\u00e9nicas seguras.&nbsp;<br>(Patente n. PCT\/IB2013\/060161)<\/p>\n\n\n\n<div style=\"height:20px\" aria-hidden=\"true\" class=\"wp-block-spacer\"><\/div>\n\n\n\n<a href=\"\/es\/alimentario\/atemperado-y-descongelacion\/\" class=\"btn btn-filled-r\">DESCUBRE LA APLICACI\u00d3N!<\/a>\n<\/div>\n\n\n\n<div class=\"wp-block-column is-layout-flow wp-block-column-is-layout-flow\"><\/div>\n<\/div>\n\n\n\n<div class=\"fascia-newsletter bgcolor-grey \">\n    <div class=\"container-newsletter\">\n                    <span class=\"title\">\u00bfLe gustar\u00eda conocer m\u00e1s sobre nuestras soluciones?<\/span>\n        \n                    <a href=\"https:\/\/www.stalam.com\/es\/informacion-requerida\/\" title=\"Solicitar informaci\u00f3n\" class=\"btn btn-filled-r\">\n                Solicitar informaci\u00f3n            <\/a>\n            <\/div>\n<\/div>\n\n","protected":false},"excerpt":{"rendered":"<p>Aplicador de RF de doble polaridad El aplicador de RF con la capacidad de [&hellip;]<\/p>\n","protected":false},"author":1,"featured_media":0,"parent":0,"menu_order":120,"comment_status":"closed","ping_status":"closed","template":"","meta":{"_acf_changed":false,"content-type":"","footnotes":""},"class_list":["post-3972","page","type-page","status-publish","hentry"],"acf":[],"yoast_head":"<!-- This site is optimized with the Yoast SEO Premium plugin v23.9 (Yoast SEO v27.3) - https:\/\/yoast.com\/product\/yoast-seo-premium-wordpress\/ -->\n<title>Patentes | Stalam<\/title>\n<meta name=\"description\" content=\"Descubre la aplicaci\u00f3n de nuestra tecnolog\u00eda de radiofrecuencia a patentes, Tecnologia y beneficios.\" \/>\n<meta name=\"robots\" content=\"index, follow, max-snippet:-1, max-image-preview:large, max-video-preview:-1\" \/>\n<link rel=\"canonical\" href=\"https:\/\/www.stalam.com\/es\/patentes\/\" \/>\n<meta property=\"og:locale\" content=\"es_ES\" \/>\n<meta property=\"og:type\" content=\"article\" \/>\n<meta property=\"og:title\" content=\"Patentes\" \/>\n<meta property=\"og:description\" content=\"Descubre la aplicaci\u00f3n de nuestra tecnolog\u00eda de radiofrecuencia a patentes, Tecnologia y beneficios.\" \/>\n<meta property=\"og:url\" content=\"https:\/\/www.stalam.com\/es\/patentes\/\" \/>\n<meta property=\"og:site_name\" content=\"Stalam\" \/>\n<meta property=\"article:publisher\" content=\"https:\/\/www.facebook.com\/Stalam-184036235760438\/\" \/>\n<meta property=\"article:modified_time\" content=\"2025-05-27T09:41:13+00:00\" \/>\n<meta property=\"og:image\" content=\"https:\/\/www.stalam.com\/wp-content\/uploads\/2023\/05\/double-polarity-1.png\" \/>\n\t<meta property=\"og:image:width\" content=\"200\" \/>\n\t<meta property=\"og:image:height\" content=\"202\" \/>\n\t<meta property=\"og:image:type\" content=\"image\/png\" \/>\n<meta name=\"twitter:card\" content=\"summary_large_image\" \/>\n<meta name=\"twitter:label1\" content=\"Tiempo de lectura\" \/>\n\t<meta name=\"twitter:data1\" content=\"4 minutos\" \/>\n<script type=\"application\/ld+json\" class=\"yoast-schema-graph\">{\"@context\":\"https:\\\/\\\/schema.org\",\"@graph\":[{\"@type\":\"WebPage\",\"@id\":\"https:\\\/\\\/www.stalam.com\\\/es\\\/patentes\\\/\",\"url\":\"https:\\\/\\\/www.stalam.com\\\/es\\\/patentes\\\/\",\"name\":\"Patentes | Stalam\",\"isPartOf\":{\"@id\":\"https:\\\/\\\/www.stalam.com\\\/#website\"},\"primaryImageOfPage\":{\"@id\":\"https:\\\/\\\/www.stalam.com\\\/es\\\/patentes\\\/#primaryimage\"},\"image\":{\"@id\":\"https:\\\/\\\/www.stalam.com\\\/es\\\/patentes\\\/#primaryimage\"},\"thumbnailUrl\":\"https:\\\/\\\/www.stalam.com\\\/wp-content\\\/uploads\\\/2023\\\/05\\\/double-polarity-1.png\",\"datePublished\":\"2023-05-18T09:44:52+00:00\",\"dateModified\":\"2025-05-27T09:41:13+00:00\",\"description\":\"Descubre la aplicaci\u00f3n de nuestra tecnolog\u00eda de radiofrecuencia a patentes, Tecnologia y beneficios.\",\"breadcrumb\":{\"@id\":\"https:\\\/\\\/www.stalam.com\\\/es\\\/patentes\\\/#breadcrumb\"},\"inLanguage\":\"es\",\"potentialAction\":[{\"@type\":\"ReadAction\",\"target\":[\"https:\\\/\\\/www.stalam.com\\\/es\\\/patentes\\\/\"]}]},{\"@type\":\"ImageObject\",\"inLanguage\":\"es\",\"@id\":\"https:\\\/\\\/www.stalam.com\\\/es\\\/patentes\\\/#primaryimage\",\"url\":\"https:\\\/\\\/www.stalam.com\\\/wp-content\\\/uploads\\\/2023\\\/05\\\/double-polarity-1.png\",\"contentUrl\":\"https:\\\/\\\/www.stalam.com\\\/wp-content\\\/uploads\\\/2023\\\/05\\\/double-polarity-1.png\"},{\"@type\":\"BreadcrumbList\",\"@id\":\"https:\\\/\\\/www.stalam.com\\\/es\\\/patentes\\\/#breadcrumb\",\"itemListElement\":[{\"@type\":\"ListItem\",\"position\":1,\"name\":\"Home\",\"item\":\"https:\\\/\\\/www.stalam.com\\\/es\\\/\"},{\"@type\":\"ListItem\",\"position\":2,\"name\":\"Patentes\"}]},{\"@type\":\"WebSite\",\"@id\":\"https:\\\/\\\/www.stalam.com\\\/#website\",\"url\":\"https:\\\/\\\/www.stalam.com\\\/\",\"name\":\"Stalam\",\"description\":\"\",\"publisher\":{\"@id\":\"https:\\\/\\\/www.stalam.com\\\/#organization\"},\"potentialAction\":[{\"@type\":\"SearchAction\",\"target\":{\"@type\":\"EntryPoint\",\"urlTemplate\":\"https:\\\/\\\/www.stalam.com\\\/?s={search_term_string}\"},\"query-input\":{\"@type\":\"PropertyValueSpecification\",\"valueRequired\":true,\"valueName\":\"search_term_string\"}}],\"inLanguage\":\"es\"},{\"@type\":\"Organization\",\"@id\":\"https:\\\/\\\/www.stalam.com\\\/#organization\",\"name\":\"Stalam\",\"url\":\"https:\\\/\\\/www.stalam.com\\\/\",\"logo\":{\"@type\":\"ImageObject\",\"inLanguage\":\"es\",\"@id\":\"https:\\\/\\\/www.stalam.com\\\/#\\\/schema\\\/logo\\\/image\\\/\",\"url\":\"https:\\\/\\\/www.stalam.com\\\/wp-content\\\/uploads\\\/2023\\\/06\\\/stalam-logo.png\",\"contentUrl\":\"https:\\\/\\\/www.stalam.com\\\/wp-content\\\/uploads\\\/2023\\\/06\\\/stalam-logo.png\",\"width\":634,\"height\":176,\"caption\":\"Stalam\"},\"image\":{\"@id\":\"https:\\\/\\\/www.stalam.com\\\/#\\\/schema\\\/logo\\\/image\\\/\"},\"sameAs\":[\"https:\\\/\\\/www.facebook.com\\\/Stalam-184036235760438\\\/\",\"https:\\\/\\\/www.linkedin.com\\\/company\\\/stalam\\\/\",\"https:\\\/\\\/www.youtube.com\\\/channel\\\/UCcl2pZ10KrADorPJccCu43Q\"]}]}<\/script>\n<!-- \/ Yoast SEO Premium plugin. -->","yoast_head_json":{"title":"Patentes | Stalam","description":"Descubre la aplicaci\u00f3n de nuestra tecnolog\u00eda de radiofrecuencia a patentes, Tecnologia y beneficios.","robots":{"index":"index","follow":"follow","max-snippet":"max-snippet:-1","max-image-preview":"max-image-preview:large","max-video-preview":"max-video-preview:-1"},"canonical":"https:\/\/www.stalam.com\/es\/patentes\/","og_locale":"es_ES","og_type":"article","og_title":"Patentes","og_description":"Descubre la aplicaci\u00f3n de nuestra tecnolog\u00eda de radiofrecuencia a patentes, Tecnologia y beneficios.","og_url":"https:\/\/www.stalam.com\/es\/patentes\/","og_site_name":"Stalam","article_publisher":"https:\/\/www.facebook.com\/Stalam-184036235760438\/","article_modified_time":"2025-05-27T09:41:13+00:00","og_image":[{"width":200,"height":202,"url":"https:\/\/www.stalam.com\/wp-content\/uploads\/2023\/05\/double-polarity-1.png","type":"image\/png"}],"twitter_card":"summary_large_image","twitter_misc":{"Tiempo de lectura":"4 minutos"},"schema":{"@context":"https:\/\/schema.org","@graph":[{"@type":"WebPage","@id":"https:\/\/www.stalam.com\/es\/patentes\/","url":"https:\/\/www.stalam.com\/es\/patentes\/","name":"Patentes | Stalam","isPartOf":{"@id":"https:\/\/www.stalam.com\/#website"},"primaryImageOfPage":{"@id":"https:\/\/www.stalam.com\/es\/patentes\/#primaryimage"},"image":{"@id":"https:\/\/www.stalam.com\/es\/patentes\/#primaryimage"},"thumbnailUrl":"https:\/\/www.stalam.com\/wp-content\/uploads\/2023\/05\/double-polarity-1.png","datePublished":"2023-05-18T09:44:52+00:00","dateModified":"2025-05-27T09:41:13+00:00","description":"Descubre la aplicaci\u00f3n de nuestra tecnolog\u00eda de radiofrecuencia a patentes, Tecnologia y beneficios.","breadcrumb":{"@id":"https:\/\/www.stalam.com\/es\/patentes\/#breadcrumb"},"inLanguage":"es","potentialAction":[{"@type":"ReadAction","target":["https:\/\/www.stalam.com\/es\/patentes\/"]}]},{"@type":"ImageObject","inLanguage":"es","@id":"https:\/\/www.stalam.com\/es\/patentes\/#primaryimage","url":"https:\/\/www.stalam.com\/wp-content\/uploads\/2023\/05\/double-polarity-1.png","contentUrl":"https:\/\/www.stalam.com\/wp-content\/uploads\/2023\/05\/double-polarity-1.png"},{"@type":"BreadcrumbList","@id":"https:\/\/www.stalam.com\/es\/patentes\/#breadcrumb","itemListElement":[{"@type":"ListItem","position":1,"name":"Home","item":"https:\/\/www.stalam.com\/es\/"},{"@type":"ListItem","position":2,"name":"Patentes"}]},{"@type":"WebSite","@id":"https:\/\/www.stalam.com\/#website","url":"https:\/\/www.stalam.com\/","name":"Stalam","description":"","publisher":{"@id":"https:\/\/www.stalam.com\/#organization"},"potentialAction":[{"@type":"SearchAction","target":{"@type":"EntryPoint","urlTemplate":"https:\/\/www.stalam.com\/?s={search_term_string}"},"query-input":{"@type":"PropertyValueSpecification","valueRequired":true,"valueName":"search_term_string"}}],"inLanguage":"es"},{"@type":"Organization","@id":"https:\/\/www.stalam.com\/#organization","name":"Stalam","url":"https:\/\/www.stalam.com\/","logo":{"@type":"ImageObject","inLanguage":"es","@id":"https:\/\/www.stalam.com\/#\/schema\/logo\/image\/","url":"https:\/\/www.stalam.com\/wp-content\/uploads\/2023\/06\/stalam-logo.png","contentUrl":"https:\/\/www.stalam.com\/wp-content\/uploads\/2023\/06\/stalam-logo.png","width":634,"height":176,"caption":"Stalam"},"image":{"@id":"https:\/\/www.stalam.com\/#\/schema\/logo\/image\/"},"sameAs":["https:\/\/www.facebook.com\/Stalam-184036235760438\/","https:\/\/www.linkedin.com\/company\/stalam\/","https:\/\/www.youtube.com\/channel\/UCcl2pZ10KrADorPJccCu43Q"]}]}},"_links":{"self":[{"href":"https:\/\/www.stalam.com\/es\/wp-json\/wp\/v2\/pages\/3972","targetHints":{"allow":["GET"]}}],"collection":[{"href":"https:\/\/www.stalam.com\/es\/wp-json\/wp\/v2\/pages"}],"about":[{"href":"https:\/\/www.stalam.com\/es\/wp-json\/wp\/v2\/types\/page"}],"author":[{"embeddable":true,"href":"https:\/\/www.stalam.com\/es\/wp-json\/wp\/v2\/users\/1"}],"replies":[{"embeddable":true,"href":"https:\/\/www.stalam.com\/es\/wp-json\/wp\/v2\/comments?post=3972"}],"version-history":[{"count":10,"href":"https:\/\/www.stalam.com\/es\/wp-json\/wp\/v2\/pages\/3972\/revisions"}],"predecessor-version":[{"id":15236,"href":"https:\/\/www.stalam.com\/es\/wp-json\/wp\/v2\/pages\/3972\/revisions\/15236"}],"wp:attachment":[{"href":"https:\/\/www.stalam.com\/es\/wp-json\/wp\/v2\/media?parent=3972"}],"curies":[{"name":"wp","href":"https:\/\/api.w.org\/{rel}","templated":true}]}}