{"id":3973,"date":"2023-03-10T13:59:57","date_gmt":"2023-03-10T12:59:57","guid":{"rendered":"https:\/\/www.stalam.com\/chi-siamo\/"},"modified":"2025-05-27T10:53:03","modified_gmt":"2025-05-27T08:53:03","slug":"quienes-somos","status":"publish","type":"page","link":"https:\/\/www.stalam.com\/es\/quienes-somos\/","title":{"rendered":"Qui\u00e9nes somos"},"content":{"rendered":"\n<div class=\"fascia-bread-title bgcolor-white \">\n    <div class=\"container-fascia-bread-title\">\n        <p id=\"breadcrumbs\"><span><span><a href=\"https:\/\/www.stalam.com\/es\/\">Home<\/a><\/span><\/span><\/p>                <h1 class=\"title-big\">Stalam, pioneros en tecnolog\u00eda para el tratamiento t\u00e9rmico y de secado desde 1978<\/h1>\n    <\/div>\n<\/div>\n\n\n\n\n<div class=\"fascia-titolo-testo-btn-img bgcolor-grey \">\n    <div class=\"half-text\">\n                    <span class=\"title\">El origen<\/span>\n                <p><em><strong>45 a\u00f1os en el dise\u00f1o y fabricaci\u00f3n de equipo para el tratamiento t\u00e9rmico y de secado de radiofrecuencia de \u00faltima tecnolog\u00eda.<\/strong><\/em><br \/>\n<em><strong>The Stalam way.<\/strong><\/em><\/p>\n<p>Establecida en 1978, Stalam se ha convertido en el l\u00edder mundial del desarrollo, el dise\u00f1o y la fabricaci\u00f3n de equipos de radiofrecuencia (RF) para el tratamiento t\u00e9rmico y el secado de materia prima y productos industriales intermedios y finales. La aplicaci\u00f3n m\u00e1s conocida y de uso m\u00e1s extendido para el equipo de radiofrecuencia de Stalam es el secado de fibras textiles e hilos, textiles t\u00e9cnicos y otros productos (fibras de vidrio, espumas de pol\u00edmero, textiles no tejidos, etc.). Desde finales de la d\u00e9cada de los 80, la tecnolog\u00eda de RF de Stalam tambi\u00e9n ha tenido usos satisfactorios en el secado post-horneado de una gran variedad de productos en la industria panadera.<\/p>\n        <a href=\"\/es\/historia\/\" title=\"Leer m\u00e1s\" class=\"btn btn-filled-r\">\n            Leer m\u00e1s        <\/a>\n    <\/div>\n    <div class=\"half-img\">\n        <img loading=\"lazy\" decoding=\"async\" src=\"https:\/\/www.stalam.com\/wp-content\/uploads\/2023\/03\/stalam-chisiamo.png\" alt=\"\" width=\"600\" height=\"400\">\n    <\/div>\n<\/div>\n\n\n\n\n<div class=\"doubletext-col bgcolor-white \">\n    \n    <div class=\"grid-2\">\n        <div class=\"col\">\n                            <span class=\"title\">Equipo de descongelaci\u00f3n y desinfecci\u00f3n \u00abr\u00e1pida\u00bb de RF, n\u00famero uno en el mundo\u200b<\/span>\n                        <p>Stalam es la responsable de haber introducido, por primera vez, una gran variedad de usos innovadores de la tecnolog\u00eda de radiofrecuencia en la industria alimentaria a escala industrial, como la descongelaci\u00f3n r\u00e1pida de pescado, carne, verduras congeladas y otros alimentos procesados; la pasteurizaci\u00f3n y esterilizaci\u00f3n, tanto de alimentos s\u00f3lidos o como l\u00edquidos envasados en tubo; la desinfestaci\u00f3n y desinfecci\u00f3n de materia prima agr\u00edcola seca a granel (frutos secos, granos, legumbres, etc.), hierbas arom\u00e1ticas y medicinales, etc.<\/p>\n        <\/div>\n        <div class=\"col\">\n                            <span class=\"title\">2600 m\u00e1quinas en m\u00e1s de 70 pa\u00edses<\/span>\n                        <p>Stalam ofrece la gama m\u00e1s amplia y avanzada en equipo industrial para el tratamiento t\u00e9rmico y de secado de radiofrecuencia, lo cual permite que sus usuarios obtengan los beneficios m\u00e1ximos de la tecnolog\u00eda de RF en cuanto a la calidad de los productos acabados, reducci\u00f3n de los gastos de operaci\u00f3n, alta flexibilidad y fiabilidad. Hay m\u00e1s de 2600 m\u00e1quinas de Stalam en funcionamiento en m\u00e1s de 70 pa\u00edses, con una potencia nominal de salida de entre 3 y 450 kW: desde una sencilla m\u00e1quina accionada manualmente, hasta una l\u00ednea completamente automatizada con control computarizado y sistemas de supervisi\u00f3n. <\/p>\n        <\/div>\n    <\/div>\n<\/div>\n\n\n<div class=\"doubletext-col bgcolor-grey \">\n    \n    <div class=\"grid-2\">\n        <div class=\"col\">\n                            <span class=\"title\">Colaboraciones satisfactorias con reconocidas universidades e instituciones de investigaci\u00f3n<\/span>\n                        <p>Stalam es socio de Confindustria (Confederaci\u00f3n general de la industria italiana), de ACIMIT (Asociaci\u00f3n de fabricantes italianos de maquinaria para la industria de textiles), de AEI (Asociaci\u00f3n italiana electrot\u00e9cnica y de electr\u00f3nicos) y ha establecido colaboraciones a largo plazo con universidades reconocidas, instituciones de investigaci\u00f3n y fabricantes l\u00edderes europeos de maquinaria para el desarrollo de tecnolog\u00edas de tratamiento t\u00e9rmico y para el suministro de l\u00edneas de producci\u00f3n integradas y robotizadas llave en mano.<\/p>\n        <\/div>\n        <div class=\"col\">\n                            <span class=\"title\">Un enfoque del mercado global: una empresa de participaci\u00f3n conjunta en China y centros de servicio disperso en todo el mundo<\/span>\n                        <p>En seguimiento a su enfoque mundial de mercado, en el 2005 Stalam estableci\u00f3 una filial en China, una empresa de participaci\u00f3n conjunta con socios locales para sacar el m\u00e1ximo provecho de las oportunidades que ofrec\u00edan las econom\u00edas de r\u00e1pido crecimiento del Lejano Oriente. Con una exportaci\u00f3n de m\u00e1s del 95 % de sus productos a los cinco continentes, Stalam proporciona asistencia t\u00e9cnica y comercial en todas las \u00e1reas industriales relevantes en todo el mundo, de forma profesional e inmediata, gracias a sus departamentos de ventas y servicios bien estructurados.<\/p>\n        <\/div>\n    <\/div>\n<\/div>\n\n\n<div class=\"fascia-card normal\">\n\n    <div class=\"container-card\">\n                <div class=\"elenco--applicazioni\">\n            \n                <div class=\"card-app\">\n\n            <a href=\"\/es\/hechos-y-cifras\/\">\n            <img decoding=\"async\" loading=\"lazy\" src=\"https:\/\/www.stalam.com\/wp-content\/uploads\/2023\/03\/fatti-cifre.png\" alt=\"\" width=\"600\" height=\"400\">\n        <\/a>\n    \n                    <a href=\"\/es\/hechos-y-cifras\/\"><span class=\"title\">Hechos y cifras<\/span><\/a>\n        \n        \n    \n<\/div>\n\n            \n                <div class=\"card-app\">\n\n            <a href=\"\/es\/historia\/\">\n            <img decoding=\"async\" loading=\"lazy\" src=\"https:\/\/www.stalam.com\/wp-content\/uploads\/2023\/03\/storia.png\" alt=\"\" width=\"600\" height=\"400\">\n        <\/a>\n    \n                    <a href=\"\/es\/historia\/\"><span class=\"title\">Historia<\/span><\/a>\n        \n        \n    \n<\/div>\n\n            \n                <div class=\"card-app\">\n\n            <a href=\"\/es\/nuestro-equipo\/\">\n            <img decoding=\"async\" loading=\"lazy\" src=\"https:\/\/www.stalam.com\/wp-content\/uploads\/2023\/03\/team.png\" alt=\"\" width=\"600\" height=\"400\">\n        <\/a>\n    \n                    <a href=\"\/es\/nuestro-equipo\/\"><span class=\"title\"> Nuestro equipo<\/span><\/a>\n        \n        \n    \n<\/div>\n\n            \n                <div class=\"card-app\">\n\n            <a href=\"\/es\/socios\/\">\n            <img decoding=\"async\" loading=\"lazy\" src=\"https:\/\/www.stalam.com\/wp-content\/uploads\/2023\/03\/partner.png\" alt=\"\" width=\"600\" height=\"400\">\n        <\/a>\n    \n                    <a href=\"\/es\/socios\/\"><span class=\"title\">Socios<\/span><\/a>\n        \n        \n    \n<\/div>\n\n            \n                <div class=\"card-app\">\n\n            <a href=\"\/es\/responsabilidad-social\/\">\n            <img decoding=\"async\" loading=\"lazy\" src=\"https:\/\/www.stalam.com\/wp-content\/uploads\/2023\/03\/responsabilita.png\" alt=\"\" width=\"600\" height=\"400\">\n        <\/a>\n    \n                    <a href=\"\/es\/responsabilidad-social\/\"><span class=\"title\">Responsabilidad social<\/span><\/a>\n        \n        \n    \n<\/div>\n\n            \n                <div class=\"card-app\">\n\n            <a href=\"\/es\/corporativo\/\">\n            <img decoding=\"async\" loading=\"lazy\" src=\"https:\/\/www.stalam.com\/wp-content\/uploads\/2023\/03\/profilo.png\" alt=\"\" width=\"600\" height=\"400\">\n        <\/a>\n    \n                    <a href=\"\/es\/corporativo\/\"><span class=\"title\">Corporativo<\/span><\/a>\n        \n        \n    \n<\/div>\n\n                    <\/div>\n    <\/div>\n<\/div>\n\n\n\n<div class=\"fascia-newsletter bgcolor-grey \">\n    <div class=\"container-newsletter\">\n                    <span class=\"title\">\u00bfLe gustar\u00eda conocer m\u00e1s sobre nuestras soluciones?<\/span>\n        \n                    <a href=\"https:\/\/www.stalam.com\/es\/informacion-requerida\/\" title=\"Solicitar informaci\u00f3n\" class=\"btn btn-filled-r\">\n                Solicitar informaci\u00f3n            <\/a>\n            <\/div>\n<\/div>\n\n\n\n\n<p><\/p>\n","protected":false},"excerpt":{"rendered":"","protected":false},"author":1,"featured_media":0,"parent":0,"menu_order":176,"comment_status":"closed","ping_status":"closed","template":"","meta":{"_acf_changed":false,"content-type":"","footnotes":""},"class_list":["post-3973","page","type-page","status-publish","hentry"],"acf":[],"yoast_head":"<!-- This site is optimized with the Yoast SEO Premium plugin v23.9 (Yoast SEO v27.3) - https:\/\/yoast.com\/product\/yoast-seo-premium-wordpress\/ -->\n<title>Qui\u00e9nes Somos | Stalam<\/title>\n<meta name=\"description\" content=\"Qui\u00e9nes Somos. Ingrese al sitio y descubre informaci\u00f3n sobre la historia y la organizaci\u00f3n empresarial de Stalam\" \/>\n<meta name=\"robots\" content=\"index, follow, max-snippet:-1, max-image-preview:large, max-video-preview:-1\" \/>\n<link rel=\"canonical\" href=\"https:\/\/www.stalam.com\/es\/quienes-somos\/\" \/>\n<meta property=\"og:locale\" content=\"es_ES\" \/>\n<meta property=\"og:type\" content=\"article\" \/>\n<meta property=\"og:title\" content=\"Qui\u00e9nes somos\" \/>\n<meta property=\"og:description\" content=\"Qui\u00e9nes Somos. Ingrese al sitio y descubre informaci\u00f3n sobre la historia y la organizaci\u00f3n empresarial de Stalam\" \/>\n<meta property=\"og:url\" content=\"https:\/\/www.stalam.com\/es\/quienes-somos\/\" \/>\n<meta property=\"og:site_name\" content=\"Stalam\" \/>\n<meta property=\"article:publisher\" content=\"https:\/\/www.facebook.com\/Stalam-184036235760438\/\" \/>\n<meta property=\"article:modified_time\" content=\"2025-05-27T08:53:03+00:00\" \/>\n<meta property=\"og:image\" content=\"https:\/\/www.stalam.com\/wp-content\/uploads\/2023\/06\/stalam-logo.png\" \/>\n\t<meta property=\"og:image:width\" content=\"634\" \/>\n\t<meta property=\"og:image:height\" content=\"176\" \/>\n\t<meta property=\"og:image:type\" content=\"image\/png\" \/>\n<meta name=\"twitter:card\" content=\"summary_large_image\" \/>\n<script type=\"application\/ld+json\" class=\"yoast-schema-graph\">{\"@context\":\"https:\\\/\\\/schema.org\",\"@graph\":[{\"@type\":\"WebPage\",\"@id\":\"https:\\\/\\\/www.stalam.com\\\/es\\\/quienes-somos\\\/\",\"url\":\"https:\\\/\\\/www.stalam.com\\\/es\\\/quienes-somos\\\/\",\"name\":\"Qui\u00e9nes Somos | Stalam\",\"isPartOf\":{\"@id\":\"https:\\\/\\\/www.stalam.com\\\/#website\"},\"datePublished\":\"2023-03-10T12:59:57+00:00\",\"dateModified\":\"2025-05-27T08:53:03+00:00\",\"description\":\"Qui\u00e9nes Somos. Ingrese al sitio y descubre informaci\u00f3n sobre la historia y la organizaci\u00f3n empresarial de Stalam\",\"breadcrumb\":{\"@id\":\"https:\\\/\\\/www.stalam.com\\\/es\\\/quienes-somos\\\/#breadcrumb\"},\"inLanguage\":\"es\",\"potentialAction\":[{\"@type\":\"ReadAction\",\"target\":[\"https:\\\/\\\/www.stalam.com\\\/es\\\/quienes-somos\\\/\"]}]},{\"@type\":\"BreadcrumbList\",\"@id\":\"https:\\\/\\\/www.stalam.com\\\/es\\\/quienes-somos\\\/#breadcrumb\",\"itemListElement\":[{\"@type\":\"ListItem\",\"position\":1,\"name\":\"Home\",\"item\":\"https:\\\/\\\/www.stalam.com\\\/es\\\/\"},{\"@type\":\"ListItem\",\"position\":2,\"name\":\"Qui\u00e9nes somos\"}]},{\"@type\":\"WebSite\",\"@id\":\"https:\\\/\\\/www.stalam.com\\\/#website\",\"url\":\"https:\\\/\\\/www.stalam.com\\\/\",\"name\":\"Stalam\",\"description\":\"\",\"publisher\":{\"@id\":\"https:\\\/\\\/www.stalam.com\\\/#organization\"},\"potentialAction\":[{\"@type\":\"SearchAction\",\"target\":{\"@type\":\"EntryPoint\",\"urlTemplate\":\"https:\\\/\\\/www.stalam.com\\\/?s={search_term_string}\"},\"query-input\":{\"@type\":\"PropertyValueSpecification\",\"valueRequired\":true,\"valueName\":\"search_term_string\"}}],\"inLanguage\":\"es\"},{\"@type\":\"Organization\",\"@id\":\"https:\\\/\\\/www.stalam.com\\\/#organization\",\"name\":\"Stalam\",\"url\":\"https:\\\/\\\/www.stalam.com\\\/\",\"logo\":{\"@type\":\"ImageObject\",\"inLanguage\":\"es\",\"@id\":\"https:\\\/\\\/www.stalam.com\\\/#\\\/schema\\\/logo\\\/image\\\/\",\"url\":\"https:\\\/\\\/www.stalam.com\\\/wp-content\\\/uploads\\\/2023\\\/06\\\/stalam-logo.png\",\"contentUrl\":\"https:\\\/\\\/www.stalam.com\\\/wp-content\\\/uploads\\\/2023\\\/06\\\/stalam-logo.png\",\"width\":634,\"height\":176,\"caption\":\"Stalam\"},\"image\":{\"@id\":\"https:\\\/\\\/www.stalam.com\\\/#\\\/schema\\\/logo\\\/image\\\/\"},\"sameAs\":[\"https:\\\/\\\/www.facebook.com\\\/Stalam-184036235760438\\\/\",\"https:\\\/\\\/www.linkedin.com\\\/company\\\/stalam\\\/\",\"https:\\\/\\\/www.youtube.com\\\/channel\\\/UCcl2pZ10KrADorPJccCu43Q\"]}]}<\/script>\n<!-- \/ Yoast SEO Premium plugin. -->","yoast_head_json":{"title":"Qui\u00e9nes Somos | Stalam","description":"Qui\u00e9nes Somos. Ingrese al sitio y descubre informaci\u00f3n sobre la historia y la organizaci\u00f3n empresarial de Stalam","robots":{"index":"index","follow":"follow","max-snippet":"max-snippet:-1","max-image-preview":"max-image-preview:large","max-video-preview":"max-video-preview:-1"},"canonical":"https:\/\/www.stalam.com\/es\/quienes-somos\/","og_locale":"es_ES","og_type":"article","og_title":"Qui\u00e9nes somos","og_description":"Qui\u00e9nes Somos. Ingrese al sitio y descubre informaci\u00f3n sobre la historia y la organizaci\u00f3n empresarial de Stalam","og_url":"https:\/\/www.stalam.com\/es\/quienes-somos\/","og_site_name":"Stalam","article_publisher":"https:\/\/www.facebook.com\/Stalam-184036235760438\/","article_modified_time":"2025-05-27T08:53:03+00:00","og_image":[{"width":634,"height":176,"url":"https:\/\/www.stalam.com\/wp-content\/uploads\/2023\/06\/stalam-logo.png","type":"image\/png"}],"twitter_card":"summary_large_image","schema":{"@context":"https:\/\/schema.org","@graph":[{"@type":"WebPage","@id":"https:\/\/www.stalam.com\/es\/quienes-somos\/","url":"https:\/\/www.stalam.com\/es\/quienes-somos\/","name":"Qui\u00e9nes Somos | Stalam","isPartOf":{"@id":"https:\/\/www.stalam.com\/#website"},"datePublished":"2023-03-10T12:59:57+00:00","dateModified":"2025-05-27T08:53:03+00:00","description":"Qui\u00e9nes Somos. Ingrese al sitio y descubre informaci\u00f3n sobre la historia y la organizaci\u00f3n empresarial de Stalam","breadcrumb":{"@id":"https:\/\/www.stalam.com\/es\/quienes-somos\/#breadcrumb"},"inLanguage":"es","potentialAction":[{"@type":"ReadAction","target":["https:\/\/www.stalam.com\/es\/quienes-somos\/"]}]},{"@type":"BreadcrumbList","@id":"https:\/\/www.stalam.com\/es\/quienes-somos\/#breadcrumb","itemListElement":[{"@type":"ListItem","position":1,"name":"Home","item":"https:\/\/www.stalam.com\/es\/"},{"@type":"ListItem","position":2,"name":"Qui\u00e9nes somos"}]},{"@type":"WebSite","@id":"https:\/\/www.stalam.com\/#website","url":"https:\/\/www.stalam.com\/","name":"Stalam","description":"","publisher":{"@id":"https:\/\/www.stalam.com\/#organization"},"potentialAction":[{"@type":"SearchAction","target":{"@type":"EntryPoint","urlTemplate":"https:\/\/www.stalam.com\/?s={search_term_string}"},"query-input":{"@type":"PropertyValueSpecification","valueRequired":true,"valueName":"search_term_string"}}],"inLanguage":"es"},{"@type":"Organization","@id":"https:\/\/www.stalam.com\/#organization","name":"Stalam","url":"https:\/\/www.stalam.com\/","logo":{"@type":"ImageObject","inLanguage":"es","@id":"https:\/\/www.stalam.com\/#\/schema\/logo\/image\/","url":"https:\/\/www.stalam.com\/wp-content\/uploads\/2023\/06\/stalam-logo.png","contentUrl":"https:\/\/www.stalam.com\/wp-content\/uploads\/2023\/06\/stalam-logo.png","width":634,"height":176,"caption":"Stalam"},"image":{"@id":"https:\/\/www.stalam.com\/#\/schema\/logo\/image\/"},"sameAs":["https:\/\/www.facebook.com\/Stalam-184036235760438\/","https:\/\/www.linkedin.com\/company\/stalam\/","https:\/\/www.youtube.com\/channel\/UCcl2pZ10KrADorPJccCu43Q"]}]}},"_links":{"self":[{"href":"https:\/\/www.stalam.com\/es\/wp-json\/wp\/v2\/pages\/3973","targetHints":{"allow":["GET"]}}],"collection":[{"href":"https:\/\/www.stalam.com\/es\/wp-json\/wp\/v2\/pages"}],"about":[{"href":"https:\/\/www.stalam.com\/es\/wp-json\/wp\/v2\/types\/page"}],"author":[{"embeddable":true,"href":"https:\/\/www.stalam.com\/es\/wp-json\/wp\/v2\/users\/1"}],"replies":[{"embeddable":true,"href":"https:\/\/www.stalam.com\/es\/wp-json\/wp\/v2\/comments?post=3973"}],"version-history":[{"count":10,"href":"https:\/\/www.stalam.com\/es\/wp-json\/wp\/v2\/pages\/3973\/revisions"}],"predecessor-version":[{"id":15200,"href":"https:\/\/www.stalam.com\/es\/wp-json\/wp\/v2\/pages\/3973\/revisions\/15200"}],"wp:attachment":[{"href":"https:\/\/www.stalam.com\/es\/wp-json\/wp\/v2\/media?parent=3973"}],"curies":[{"name":"wp","href":"https:\/\/api.w.org\/{rel}","templated":true}]}}