{"id":3974,"date":"2023-05-18T10:41:25","date_gmt":"2023-05-18T08:41:25","guid":{"rendered":"https:\/\/www.stalam.com\/come-funziona\/"},"modified":"2025-05-27T11:37:24","modified_gmt":"2025-05-27T09:37:24","slug":"como-funciona-la-radiofrecuencia","status":"publish","type":"page","link":"https:\/\/www.stalam.com\/es\/como-funciona-la-radiofrecuencia\/","title":{"rendered":"C\u00f3mo funciona la radiofrecuencia"},"content":{"rendered":"\n<div class=\"fascia-bread-title bgcolor-white \">\n    <div class=\"container-fascia-bread-title\">\n        <p id=\"breadcrumbs\"><span><span><a href=\"https:\/\/www.stalam.com\/es\/\">Home<\/a><\/span><\/span><\/p>                <h1 class=\"title-big\">Tecnolog\u00eda de radiofrecuencia<\/h1>\n    <\/div>\n<\/div>\n\n\n\n\n<div class=\"fascia-tit-text-btn bgcolor-grey \">\n    <div class=\"container-fascia-tit-text-btn\">\n\n                    <span class=\"title\">C\u00f3mo funciona la radiofrecuencia<\/span>\n        \n        <div style=\"text-align: left\" class=\"testo-fascia\">\n            <p>La radiofrecuencia (RF) es una tecnolog\u00eda de secado y tratamiento t\u00e9rmico basado en la disipaci\u00f3n de energ\u00eda electromagn\u00e9tica dentro del producto. A diferencia de las t\u00e9cnicas tradicionales, donde el calor se transfiere al producto a trav\u00e9s de su superficie desde una una fuente externa de calor por conducci\u00f3n, convecci\u00f3n o radiaci\u00f3n, un campo de radiofrecuencia genera calor directamente dentro de toda la masa del producto; esta es la raz\u00f3n por la que el mecanismo relacionado se llama \u00abend\u00f3geno\u00bb o \u00abvolum\u00e9trico\u00bb. La generaci\u00f3n de calor es instant\u00e1nea y permite efectuar un tratamiento r\u00e1pido, uniforme y perfectamente controlado con unos excelentes resultados en t\u00e9rminos de calidad del producto, flexibilidad operativa y ahorro de energ\u00eda.<\/p>\n        <\/div>\n\n        \n        \n    <\/div>\n<\/div>\n\n\n\n\n<div class=\"fascia-tit-text-btn bgcolor-white \">\n    <div class=\"container-fascia-tit-text-btn\">\n\n                    <span class=\"title\">El mecanismo de calentamiento de RF<\/span>\n        \n        <div style=\"text-align: left\" class=\"testo-fascia\">\n            <p>El mecanismo de calentamiento mediante RF, salvo los materiales (como los metales), que son buenos conductores de corriente el\u00e9ctrica, est\u00e1 relacionado con la \u00abp\u00e9rdida diel\u00e9ctrica\u00bb. Las p\u00e9rdidas diel\u00e9ctricas est\u00e1n causadas por la vibraci\u00f3n y la rotaci\u00f3n de mol\u00e9culas polares o polarizadas y por la polarizaci\u00f3n y movimientos de traslaci\u00f3n de las part\u00edculas i\u00f3nicas dentro del material inducido por la r\u00e1pida (varios millones de veces por segundo) inversi\u00f3n de polaridad del campo de RF. Esto puede interpretarse como si el campo electromagn\u00e9tico fuera absorbido y se convirtiera en energ\u00eda t\u00e9rmica por el efecto del r\u00e1pido movimiento de mol\u00e9culas e iones polares\/polarizados. Las mol\u00e9culas de agua son altamente polares, m\u00e1s que todos los sustratos en los que generalmente se encuentra el agua, y muchas especies i\u00f3nicas se suelen disolver en agua. Por lo tanto, los campos electromagn\u00e9ticos de radiofrecuencia pueden calentar r\u00e1pidamente los materiales h\u00famedos. En particular, la RF tiene la capacidad de evaporar el agua r\u00e1pida y eficazmente de forma selectiva de numerosos sustratos (textiles, productos agropecuarios, productos de panader\u00eda, etc.).<\/p>\n        <\/div>\n\n        \n        \n    <\/div>\n<\/div>\n\n\n\n\n<div class=\"fascia-tit-text-btn bgcolor-grey \">\n    <div class=\"container-fascia-tit-text-btn\">\n\n                    <span class=\"title\">\u00bfDe qu\u00e9 est\u00e1 compuesto un equipo de RF?<\/span>\n        \n        <div style=\"text-align: left\" class=\"testo-fascia\">\n            <p>En general, todos los equipos de calentamiento y secado de RF constan principalmente de dos partes:<\/p>\n<ul>\n<li>El generador<\/li>\n<li>El aplicador (o electrodos)<\/li>\n<\/ul>\n<p>El generador convierte la electricidad normal de la red el\u00e9ctrica en energ\u00eda electromagn\u00e9tica de radiofrecuencia. Se compone de una combinaci\u00f3n de condensadores e inductancias dise\u00f1ados apropiadamente (la oscilaci\u00f3n del circuito LC) conectada a una v\u00e1lvula de vac\u00edo (el triodo), y una unidad de alimentaci\u00f3n de CC de alta tensi\u00f3n.<\/p>\n<p>El aplicador recibe la energ\u00eda electromagn\u00e9tica del generador a trav\u00e9s de simples conectores de metal conductor y la aplica al producto que se debe tratar.<\/p>\n        <\/div>\n\n        \n        \n    <\/div>\n<\/div>\n\n\n\n\n<div class=\"fascia-newsletter bgcolor-white \">\n    <div class=\"container-newsletter\">\n                    <span class=\"title\">\u00bfLe gustar\u00eda conocer m\u00e1s sobre nuestras soluciones?<\/span>\n        \n                    <a href=\"https:\/\/www.stalam.com\/es\/informacion-requerida\/\" title=\"Solicitar informaci\u00f3n\" class=\"btn btn-filled-r\">\n                Solicitar informaci\u00f3n            <\/a>\n            <\/div>\n<\/div>\n\n","protected":false},"excerpt":{"rendered":"","protected":false},"author":1,"featured_media":0,"parent":0,"menu_order":138,"comment_status":"closed","ping_status":"closed","template":"","meta":{"_acf_changed":false,"content-type":"","footnotes":""},"class_list":["post-3974","page","type-page","status-publish","hentry"],"acf":[],"yoast_head":"<!-- This site is optimized with the Yoast SEO Premium plugin v23.9 (Yoast SEO v27.3) - https:\/\/yoast.com\/product\/yoast-seo-premium-wordpress\/ -->\n<title>C\u00f3mo funciona, Tecnologia y beneficios | Stalam<\/title>\n<meta name=\"description\" content=\"Descubre la aplicaci\u00f3n de nuestra tecnolog\u00eda de radiofrecuencia a c\u00f3mo funciona, Tecnologia y beneficios.\" \/>\n<meta name=\"robots\" content=\"index, follow, max-snippet:-1, max-image-preview:large, max-video-preview:-1\" \/>\n<link rel=\"canonical\" href=\"https:\/\/www.stalam.com\/es\/como-funciona-la-radiofrecuencia\/\" \/>\n<meta property=\"og:locale\" content=\"es_ES\" \/>\n<meta property=\"og:type\" content=\"article\" \/>\n<meta property=\"og:title\" content=\"C\u00f3mo funciona la radiofrecuencia\" \/>\n<meta property=\"og:description\" content=\"Descubre la aplicaci\u00f3n de nuestra tecnolog\u00eda de radiofrecuencia a c\u00f3mo funciona, Tecnologia y beneficios.\" \/>\n<meta property=\"og:url\" content=\"https:\/\/www.stalam.com\/es\/como-funciona-la-radiofrecuencia\/\" \/>\n<meta property=\"og:site_name\" content=\"Stalam\" \/>\n<meta property=\"article:publisher\" content=\"https:\/\/www.facebook.com\/Stalam-184036235760438\/\" \/>\n<meta property=\"article:modified_time\" content=\"2025-05-27T09:37:24+00:00\" \/>\n<meta property=\"og:image\" content=\"https:\/\/www.stalam.com\/wp-content\/uploads\/2023\/06\/stalam-logo.png\" \/>\n\t<meta property=\"og:image:width\" content=\"634\" \/>\n\t<meta property=\"og:image:height\" content=\"176\" \/>\n\t<meta property=\"og:image:type\" content=\"image\/png\" \/>\n<meta name=\"twitter:card\" content=\"summary_large_image\" \/>\n<script type=\"application\/ld+json\" class=\"yoast-schema-graph\">{\"@context\":\"https:\\\/\\\/schema.org\",\"@graph\":[{\"@type\":\"WebPage\",\"@id\":\"https:\\\/\\\/www.stalam.com\\\/es\\\/como-funciona-la-radiofrecuencia\\\/\",\"url\":\"https:\\\/\\\/www.stalam.com\\\/es\\\/como-funciona-la-radiofrecuencia\\\/\",\"name\":\"C\u00f3mo funciona, Tecnologia y beneficios | Stalam\",\"isPartOf\":{\"@id\":\"https:\\\/\\\/www.stalam.com\\\/#website\"},\"datePublished\":\"2023-05-18T08:41:25+00:00\",\"dateModified\":\"2025-05-27T09:37:24+00:00\",\"description\":\"Descubre la aplicaci\u00f3n de nuestra tecnolog\u00eda de radiofrecuencia a c\u00f3mo funciona, Tecnologia y beneficios.\",\"breadcrumb\":{\"@id\":\"https:\\\/\\\/www.stalam.com\\\/es\\\/como-funciona-la-radiofrecuencia\\\/#breadcrumb\"},\"inLanguage\":\"es\",\"potentialAction\":[{\"@type\":\"ReadAction\",\"target\":[\"https:\\\/\\\/www.stalam.com\\\/es\\\/como-funciona-la-radiofrecuencia\\\/\"]}]},{\"@type\":\"BreadcrumbList\",\"@id\":\"https:\\\/\\\/www.stalam.com\\\/es\\\/como-funciona-la-radiofrecuencia\\\/#breadcrumb\",\"itemListElement\":[{\"@type\":\"ListItem\",\"position\":1,\"name\":\"Home\",\"item\":\"https:\\\/\\\/www.stalam.com\\\/es\\\/\"},{\"@type\":\"ListItem\",\"position\":2,\"name\":\"C\u00f3mo funciona la radiofrecuencia\"}]},{\"@type\":\"WebSite\",\"@id\":\"https:\\\/\\\/www.stalam.com\\\/#website\",\"url\":\"https:\\\/\\\/www.stalam.com\\\/\",\"name\":\"Stalam\",\"description\":\"\",\"publisher\":{\"@id\":\"https:\\\/\\\/www.stalam.com\\\/#organization\"},\"potentialAction\":[{\"@type\":\"SearchAction\",\"target\":{\"@type\":\"EntryPoint\",\"urlTemplate\":\"https:\\\/\\\/www.stalam.com\\\/?s={search_term_string}\"},\"query-input\":{\"@type\":\"PropertyValueSpecification\",\"valueRequired\":true,\"valueName\":\"search_term_string\"}}],\"inLanguage\":\"es\"},{\"@type\":\"Organization\",\"@id\":\"https:\\\/\\\/www.stalam.com\\\/#organization\",\"name\":\"Stalam\",\"url\":\"https:\\\/\\\/www.stalam.com\\\/\",\"logo\":{\"@type\":\"ImageObject\",\"inLanguage\":\"es\",\"@id\":\"https:\\\/\\\/www.stalam.com\\\/#\\\/schema\\\/logo\\\/image\\\/\",\"url\":\"https:\\\/\\\/www.stalam.com\\\/wp-content\\\/uploads\\\/2023\\\/06\\\/stalam-logo.png\",\"contentUrl\":\"https:\\\/\\\/www.stalam.com\\\/wp-content\\\/uploads\\\/2023\\\/06\\\/stalam-logo.png\",\"width\":634,\"height\":176,\"caption\":\"Stalam\"},\"image\":{\"@id\":\"https:\\\/\\\/www.stalam.com\\\/#\\\/schema\\\/logo\\\/image\\\/\"},\"sameAs\":[\"https:\\\/\\\/www.facebook.com\\\/Stalam-184036235760438\\\/\",\"https:\\\/\\\/www.linkedin.com\\\/company\\\/stalam\\\/\",\"https:\\\/\\\/www.youtube.com\\\/channel\\\/UCcl2pZ10KrADorPJccCu43Q\"]}]}<\/script>\n<!-- \/ Yoast SEO Premium plugin. -->","yoast_head_json":{"title":"C\u00f3mo funciona, Tecnologia y beneficios | Stalam","description":"Descubre la aplicaci\u00f3n de nuestra tecnolog\u00eda de radiofrecuencia a c\u00f3mo funciona, Tecnologia y beneficios.","robots":{"index":"index","follow":"follow","max-snippet":"max-snippet:-1","max-image-preview":"max-image-preview:large","max-video-preview":"max-video-preview:-1"},"canonical":"https:\/\/www.stalam.com\/es\/como-funciona-la-radiofrecuencia\/","og_locale":"es_ES","og_type":"article","og_title":"C\u00f3mo funciona la radiofrecuencia","og_description":"Descubre la aplicaci\u00f3n de nuestra tecnolog\u00eda de radiofrecuencia a c\u00f3mo funciona, Tecnologia y beneficios.","og_url":"https:\/\/www.stalam.com\/es\/como-funciona-la-radiofrecuencia\/","og_site_name":"Stalam","article_publisher":"https:\/\/www.facebook.com\/Stalam-184036235760438\/","article_modified_time":"2025-05-27T09:37:24+00:00","og_image":[{"width":634,"height":176,"url":"https:\/\/www.stalam.com\/wp-content\/uploads\/2023\/06\/stalam-logo.png","type":"image\/png"}],"twitter_card":"summary_large_image","schema":{"@context":"https:\/\/schema.org","@graph":[{"@type":"WebPage","@id":"https:\/\/www.stalam.com\/es\/como-funciona-la-radiofrecuencia\/","url":"https:\/\/www.stalam.com\/es\/como-funciona-la-radiofrecuencia\/","name":"C\u00f3mo funciona, Tecnologia y beneficios | Stalam","isPartOf":{"@id":"https:\/\/www.stalam.com\/#website"},"datePublished":"2023-05-18T08:41:25+00:00","dateModified":"2025-05-27T09:37:24+00:00","description":"Descubre la aplicaci\u00f3n de nuestra tecnolog\u00eda de radiofrecuencia a c\u00f3mo funciona, Tecnologia y beneficios.","breadcrumb":{"@id":"https:\/\/www.stalam.com\/es\/como-funciona-la-radiofrecuencia\/#breadcrumb"},"inLanguage":"es","potentialAction":[{"@type":"ReadAction","target":["https:\/\/www.stalam.com\/es\/como-funciona-la-radiofrecuencia\/"]}]},{"@type":"BreadcrumbList","@id":"https:\/\/www.stalam.com\/es\/como-funciona-la-radiofrecuencia\/#breadcrumb","itemListElement":[{"@type":"ListItem","position":1,"name":"Home","item":"https:\/\/www.stalam.com\/es\/"},{"@type":"ListItem","position":2,"name":"C\u00f3mo funciona la radiofrecuencia"}]},{"@type":"WebSite","@id":"https:\/\/www.stalam.com\/#website","url":"https:\/\/www.stalam.com\/","name":"Stalam","description":"","publisher":{"@id":"https:\/\/www.stalam.com\/#organization"},"potentialAction":[{"@type":"SearchAction","target":{"@type":"EntryPoint","urlTemplate":"https:\/\/www.stalam.com\/?s={search_term_string}"},"query-input":{"@type":"PropertyValueSpecification","valueRequired":true,"valueName":"search_term_string"}}],"inLanguage":"es"},{"@type":"Organization","@id":"https:\/\/www.stalam.com\/#organization","name":"Stalam","url":"https:\/\/www.stalam.com\/","logo":{"@type":"ImageObject","inLanguage":"es","@id":"https:\/\/www.stalam.com\/#\/schema\/logo\/image\/","url":"https:\/\/www.stalam.com\/wp-content\/uploads\/2023\/06\/stalam-logo.png","contentUrl":"https:\/\/www.stalam.com\/wp-content\/uploads\/2023\/06\/stalam-logo.png","width":634,"height":176,"caption":"Stalam"},"image":{"@id":"https:\/\/www.stalam.com\/#\/schema\/logo\/image\/"},"sameAs":["https:\/\/www.facebook.com\/Stalam-184036235760438\/","https:\/\/www.linkedin.com\/company\/stalam\/","https:\/\/www.youtube.com\/channel\/UCcl2pZ10KrADorPJccCu43Q"]}]}},"_links":{"self":[{"href":"https:\/\/www.stalam.com\/es\/wp-json\/wp\/v2\/pages\/3974","targetHints":{"allow":["GET"]}}],"collection":[{"href":"https:\/\/www.stalam.com\/es\/wp-json\/wp\/v2\/pages"}],"about":[{"href":"https:\/\/www.stalam.com\/es\/wp-json\/wp\/v2\/types\/page"}],"author":[{"embeddable":true,"href":"https:\/\/www.stalam.com\/es\/wp-json\/wp\/v2\/users\/1"}],"replies":[{"embeddable":true,"href":"https:\/\/www.stalam.com\/es\/wp-json\/wp\/v2\/comments?post=3974"}],"version-history":[{"count":6,"href":"https:\/\/www.stalam.com\/es\/wp-json\/wp\/v2\/pages\/3974\/revisions"}],"predecessor-version":[{"id":15232,"href":"https:\/\/www.stalam.com\/es\/wp-json\/wp\/v2\/pages\/3974\/revisions\/15232"}],"wp:attachment":[{"href":"https:\/\/www.stalam.com\/es\/wp-json\/wp\/v2\/media?parent=3974"}],"curies":[{"name":"wp","href":"https:\/\/api.w.org\/{rel}","templated":true}]}}