{"id":3992,"date":"2023-03-08T10:44:25","date_gmt":"2023-03-08T09:44:25","guid":{"rendered":"https:\/\/www.stalam.com\/home-page\/"},"modified":"2025-05-27T10:44:54","modified_gmt":"2025-05-27T08:44:54","slug":"home-page","status":"publish","type":"page","link":"https:\/\/www.stalam.com\/es\/","title":{"rendered":"Home page"},"content":{"rendered":"<div class=\"slider-container desktop\" style=\"background-image: url('https:\/\/www.stalam.com\/wp-content\/uploads\/2025\/03\/LANDING8-scaled.jpg')\">\n    <div class=\"inner-slider\">\n                    <span class=\"title-big\"><h1 class=\"title-big\">Procesos t\u00e9rmicos <br>y de secado de radiofrecuencia<\/h1><\/span>\n                <div class=\"container-testolibero\"><ul>\n<li>Alimentaria<\/li>\n<li>Farmacol\u00f3gicos y cosm\u00e9ticos<\/li>\n<li>Textil y textil-t\u00e9cnicos<\/li>\n<\/ul>\n<\/div>\n        <a href=\"\/es\/productos-y-servicios\/\" title=\"Leer m\u00e1s\" class=\"btn btn-filled-w\">\n            Leer m\u00e1s        <\/a>\n    <\/div>\n<\/div>\n\n<div class=\"slider-container mobile\" style=\"background-image: url('https:\/\/www.stalam.com\/wp-content\/uploads\/2024\/06\/MOBILE_BG.jpg')\">\n    <div class=\"inner-slider\">\n                    <span class=\"title-big\"><h1 class=\"title-big\">Procesos t\u00e9rmicos <br>y de secado de radiofrecuencia<\/h1><\/span>\n                <div class=\"container-testolibero\"><ul>\n<li>Alimentaria<\/li>\n<li>Farmacol\u00f3gicos y cosm\u00e9ticos<\/li>\n<li>Textil y textil-t\u00e9cnicos<\/li>\n<\/ul>\n<\/div>\n        <a href=\"\/es\/productos-y-servicios\/\" title=\"Leer m\u00e1s\" class=\"btn btn-filled-w\">\n            Leer m\u00e1s        <\/a>\n    <\/div>\n<\/div>\n\n\n<div class=\"fascia-card normal\">\n\n    <div class=\"container-card\">\n                    <span class=\"title-big\">APLICACIONES<\/span>\n                    <div class=\"elenco--applicazioni\">\n            \n                <div class=\"card-app\">\n\n            <a href=\"\/es\/textil\/\">\n            <img decoding=\"async\" loading=\"lazy\" src=\"https:\/\/www.stalam.com\/wp-content\/uploads\/2023\/06\/tessile.jpg\" alt=\"\" width=\"600\" height=\"400\">\n        <\/a>\n    \n                    <a href=\"\/es\/textil\/\"><span class=\"title\">TEXTIL <\/span><\/a>\n        \n        <p>Secadores de radiofrecuencia para productos textiles<\/p>\n\n            <a href=\"\/es\/textil\/\" title=\"Leer m\u00e1s\" class=\"btn btn-center btn-filled-t\">\n            Leer m\u00e1s        <\/a>\n    \n<\/div>\n\n            \n                <div class=\"card-app\">\n\n            <a href=\"\/es\/tecnico\/\">\n            <img decoding=\"async\" loading=\"lazy\" src=\"https:\/\/www.stalam.com\/wp-content\/uploads\/2023\/06\/tecnico.jpg\" alt=\"\" width=\"600\" height=\"400\">\n        <\/a>\n    \n                    <a href=\"\/es\/tecnico\/\"><span class=\"title\">TEXTIL-T\u00c9CNICO<\/span><\/a>\n        \n        <p>Secadores de radiofrecuencia para fibra de vidrio, l\u00e1tex y otros pol\u00edmeros de espuma, fieltros y textiles sin tejer<\/p>\n\n            <a href=\"\/es\/tecnico\/\" title=\"Leer m\u00e1s\" class=\"btn btn-center btn-filled-t\">\n            Leer m\u00e1s        <\/a>\n    \n<\/div>\n\n            \n                <div class=\"card-app\">\n\n            <a href=\"\/es\/alimentario\/\">\n            <img decoding=\"async\" loading=\"lazy\" src=\"https:\/\/www.stalam.com\/wp-content\/uploads\/2023\/06\/alimentare.jpg\" alt=\"\" width=\"600\" height=\"400\">\n        <\/a>\n    \n                    <a href=\"\/es\/alimentario\/\"><span class=\"title\">ALIMENTARIO<\/span><\/a>\n        \n        <p>Equipo de radiofrecuencia de secado, descongelaci\u00f3n y desinfecci\u00f3n para la industria alimentaria<\/p>\n\n            <a href=\"\/es\/alimentario\/\" title=\"Leer m\u00e1s\" class=\"btn btn-center btn-filled-t\">\n            Leer m\u00e1s        <\/a>\n    \n<\/div>\n\n            \n                <div class=\"card-app\">\n\n            <a href=\"\/es\/farma-cosmetica\/\">\n            <img decoding=\"async\" loading=\"lazy\" src=\"https:\/\/www.stalam.com\/wp-content\/uploads\/2023\/06\/farmacosmesi.jpg\" alt=\"\" width=\"600\" height=\"400\">\n        <\/a>\n    \n                    <a href=\"\/es\/farma-cosmetica\/\"><span class=\"title\">FARMA-COSM\u00c9TICA<\/span><\/a>\n        \n        <p>Equipo de radiofrecuencia de secado y desinfecci\u00f3n para la industria farmac\u00e9utica y de cosm\u00e9ticos<\/p>\n\n            <a href=\"\/es\/farma-cosmetica\/\" title=\"Leer m\u00e1s\" class=\"btn btn-center btn-filled-t\">\n            Leer m\u00e1s        <\/a>\n    \n<\/div>\n\n            \n                <div class=\"card-app\">\n\n            <a href=\"\/es\/otras-aplicaciones\/\">\n            <img decoding=\"async\" loading=\"lazy\" src=\"https:\/\/www.stalam.com\/wp-content\/uploads\/2023\/06\/altre-applicazioni.jpg\" alt=\"\" width=\"600\" height=\"400\">\n        <\/a>\n    \n                    <a href=\"\/es\/otras-aplicaciones\/\"><span class=\"title\">OTRAS APLICACIONES<\/span><\/a>\n        \n        <p>Equipo de radiofrecuencia para otras aplicaciones<\/p>\n\n            <a href=\"\/es\/otras-aplicaciones\/\" title=\"Leer m\u00e1s\" class=\"btn btn-center btn-filled-t\">\n            Leer m\u00e1s        <\/a>\n    \n<\/div>\n\n            \n                <div class=\"card-app\">\n\n            <a href=\"\/es\/servicios\/\">\n            <img decoding=\"async\" loading=\"lazy\" src=\"https:\/\/www.stalam.com\/wp-content\/uploads\/2023\/06\/servizi.jpg\" alt=\"\" width=\"600\" height=\"400\">\n        <\/a>\n    \n                    <a href=\"\/es\/servicios\/\"><span class=\"title\">SERVICIOS<\/span><\/a>\n        \n        <p>STALAM ofrece a sus clientes un servicio de asistencia postventa r\u00e1pido, profesional y c\u00f3modo<\/p>\n\n            <a href=\"\/es\/servicios\/\" title=\"Leer m\u00e1s\" class=\"btn btn-center btn-filled-t\">\n            Leer m\u00e1s        <\/a>\n    \n<\/div>\n\n                    <\/div>\n    <\/div>\n<\/div>\n\n\n\n<div class=\"fascia-news  bgcolor-grey \">\n    <div class=\"container-news\">\n                    <span class=\"title-big\">NOTICIAS<\/span>\n                <div class=\"posts\">\n                                <div class=\"posts__single\">\n                        <img decoding=\"async\" src=\"https:\/\/www.stalam.com\/wp-content\/uploads\/2026\/04\/ipack2026.jpg\" alt=\"\">\n\n                        <div class=\"posts__single__inner\">\n                            <p class=\"date\">10 abril 2026<\/p>\n                            <ul class=\"post-categories\">\n\t<li><a href=\"https:\/\/www.stalam.com\/es\/category\/noticias\/\" rel=\"category tag\">News<\/a><\/li>\n\t<li><a href=\"https:\/\/www.stalam.com\/es\/category\/eventos-y-ferias\/\" rel=\"category tag\">Eventos y Ferias<\/a><\/li><\/ul>                            <span class=\"title\"><a href=\"https:\/\/www.stalam.com\/es\/stalam-en-interpack-2026\/\">Stalam en Interpack 2026<\/a><\/span>\n                            <p>Stalam participar\u00e1 en Interpack 2026 en colaboraci\u00f3n con Opessi, presentando sus tecnolog\u00edas de Radiofrecuencia [&hellip;]<\/p>\n                            <a href=\"https:\/\/www.stalam.com\/es\/stalam-en-interpack-2026\/\" title=\"Stalam en Interpack 2026\" class=\"btn btn-center btn-filled-t\">Saber m\u00e1s<\/a>\n                        <\/div>\n                    <\/div>\n                                    <div class=\"posts__single\">\n                        <img decoding=\"async\" src=\"https:\/\/www.stalam.com\/wp-content\/uploads\/2026\/04\/IIZOO_SMALL.jpg\" alt=\"\">\n\n                        <div class=\"posts__single__inner\">\n                            <p class=\"date\">9 abril 2026<\/p>\n                            <ul class=\"post-categories\">\n\t<li><a href=\"https:\/\/www.stalam.com\/es\/category\/noticias\/\" rel=\"category tag\">News<\/a><\/li>\n\t<li><a href=\"https:\/\/www.stalam.com\/es\/category\/eventos-y-ferias\/\" rel=\"category tag\">Eventos y Ferias<\/a><\/li><\/ul>                            <span class=\"title\"><a href=\"https:\/\/www.stalam.com\/es\/conozca-a-stalam-en-interzoo-2026\/\">Conozca a Stalam en Interzoo 2026<\/a><\/span>\n                            <p>Desde la descongelaci\u00f3n hasta el secado: soluciones de radiofrecuencia para la producci\u00f3n de alimentos [&hellip;]<\/p>\n                            <a href=\"https:\/\/www.stalam.com\/es\/conozca-a-stalam-en-interzoo-2026\/\" title=\"Conozca a Stalam en Interzoo 2026\" class=\"btn btn-center btn-filled-t\">Saber m\u00e1s<\/a>\n                        <\/div>\n                    <\/div>\n                                    <div class=\"posts__single\">\n                        <img decoding=\"async\" src=\"https:\/\/www.stalam.com\/wp-content\/uploads\/2026\/04\/TT_2026.jpg\" alt=\"\">\n\n                        <div class=\"posts__single__inner\">\n                            <p class=\"date\">7 abril 2026<\/p>\n                            <ul class=\"post-categories\">\n\t<li><a href=\"https:\/\/www.stalam.com\/es\/category\/noticias\/\" rel=\"category tag\">News<\/a><\/li>\n\t<li><a href=\"https:\/\/www.stalam.com\/es\/category\/eventos-y-ferias\/\" rel=\"category tag\">Eventos y Ferias<\/a><\/li><\/ul>                            <span class=\"title\"><a href=\"https:\/\/www.stalam.com\/es\/stalam-exhibira-en-techtextil-2026\/\">Stalam exhibir\u00e1 en Techtextil 2026<\/a><\/span>\n                            <p>Stalam, l\u00edder mundial en tecnolog\u00edas de secado por radiofrecuencia y procesamiento t\u00e9rmico, estar\u00e1 presente [&hellip;]<\/p>\n                            <a href=\"https:\/\/www.stalam.com\/es\/stalam-exhibira-en-techtextil-2026\/\" title=\"Stalam exhibir\u00e1 en Techtextil 2026\" class=\"btn btn-center btn-filled-t\">Saber m\u00e1s<\/a>\n                        <\/div>\n                    <\/div>\n                        <\/div>\n\n        <a href=\"\/es\/category\/noticias\/\" title=\"Otras historias\" class=\"btn btn-center btn-filled-r\">\n            Otras historias        <\/a>\n    <\/div>\n<\/div>\n<!-- Fascia news -->\n\n\n<div class=\"fascia-newsletter bgcolor-white \">\n    <div class=\"container-newsletter\">\n                    <span class=\"title\">Suscr\u00edbete al bolet\u00edn<\/span>\n        \n                    <a href=\"https:\/\/www.stalam.com\/iscriviti-alla-newsletter\/\" title=\"Suscribir\" class=\"btn btn-filled-r\">\n                Suscribir            <\/a>\n            <\/div>\n<\/div>\n\n","protected":false},"excerpt":{"rendered":"","protected":false},"author":1,"featured_media":0,"parent":0,"menu_order":180,"comment_status":"closed","ping_status":"closed","template":"","meta":{"_acf_changed":false,"content-type":"","footnotes":""},"class_list":["post-3992","page","type-page","status-publish","hentry"],"acf":[],"yoast_head":"<!-- This site is optimized with the Yoast SEO Premium plugin v23.9 (Yoast SEO v27.3) - https:\/\/yoast.com\/product\/yoast-seo-premium-wordpress\/ -->\n<title>Equipos de radiofrecuencia para secado y procesamiento t\u00e9rmico | Stalam<\/title>\n<meta name=\"description\" content=\"Stalam es un proveedor l\u00edder de equipos de radiofrecuencia (RF) para el secado y procesamiento t\u00e9rmico de materias primas, productos industriales intermedios y terminados.\" \/>\n<meta name=\"robots\" content=\"index, follow, max-snippet:-1, max-image-preview:large, max-video-preview:-1\" \/>\n<link rel=\"canonical\" href=\"https:\/\/www.stalam.com\/es\/\" \/>\n<meta property=\"og:locale\" content=\"es_ES\" \/>\n<meta property=\"og:type\" content=\"article\" \/>\n<meta property=\"og:title\" content=\"Home page\" \/>\n<meta property=\"og:description\" content=\"Stalam es un proveedor l\u00edder de equipos de radiofrecuencia (RF) para el secado y procesamiento t\u00e9rmico de materias primas, productos industriales intermedios y terminados.\" \/>\n<meta property=\"og:url\" content=\"https:\/\/www.stalam.com\/es\/\" \/>\n<meta property=\"og:site_name\" content=\"Stalam\" \/>\n<meta property=\"article:publisher\" content=\"https:\/\/www.facebook.com\/Stalam-184036235760438\/\" \/>\n<meta property=\"article:modified_time\" content=\"2025-05-27T08:44:54+00:00\" \/>\n<meta property=\"og:image\" content=\"https:\/\/www.stalam.com\/wp-content\/uploads\/2023\/06\/stalam-logo.png\" \/>\n\t<meta property=\"og:image:width\" content=\"634\" \/>\n\t<meta property=\"og:image:height\" content=\"176\" \/>\n\t<meta property=\"og:image:type\" content=\"image\/png\" \/>\n<meta name=\"twitter:card\" content=\"summary_large_image\" \/>\n<script type=\"application\/ld+json\" class=\"yoast-schema-graph\">{\"@context\":\"https:\\\/\\\/schema.org\",\"@graph\":[{\"@type\":\"WebPage\",\"@id\":\"https:\\\/\\\/www.stalam.com\\\/es\\\/\",\"url\":\"https:\\\/\\\/www.stalam.com\\\/es\\\/\",\"name\":\"Equipos de radiofrecuencia para secado y procesamiento t\u00e9rmico | Stalam\",\"isPartOf\":{\"@id\":\"https:\\\/\\\/www.stalam.com\\\/#website\"},\"datePublished\":\"2023-03-08T09:44:25+00:00\",\"dateModified\":\"2025-05-27T08:44:54+00:00\",\"description\":\"Stalam es un proveedor l\u00edder de equipos de radiofrecuencia (RF) para el secado y procesamiento t\u00e9rmico de materias primas, productos industriales intermedios y terminados.\",\"breadcrumb\":{\"@id\":\"https:\\\/\\\/www.stalam.com\\\/es\\\/#breadcrumb\"},\"inLanguage\":\"es\",\"potentialAction\":[{\"@type\":\"ReadAction\",\"target\":[\"https:\\\/\\\/www.stalam.com\\\/es\\\/\"]}]},{\"@type\":\"BreadcrumbList\",\"@id\":\"https:\\\/\\\/www.stalam.com\\\/es\\\/#breadcrumb\",\"itemListElement\":[{\"@type\":\"ListItem\",\"position\":1,\"name\":\"Home\",\"item\":\"https:\\\/\\\/www.stalam.com\\\/es\\\/\"},{\"@type\":\"ListItem\",\"position\":2,\"name\":\"Home page\"}]},{\"@type\":\"WebSite\",\"@id\":\"https:\\\/\\\/www.stalam.com\\\/#website\",\"url\":\"https:\\\/\\\/www.stalam.com\\\/\",\"name\":\"Stalam\",\"description\":\"\",\"publisher\":{\"@id\":\"https:\\\/\\\/www.stalam.com\\\/#organization\"},\"potentialAction\":[{\"@type\":\"SearchAction\",\"target\":{\"@type\":\"EntryPoint\",\"urlTemplate\":\"https:\\\/\\\/www.stalam.com\\\/?s={search_term_string}\"},\"query-input\":{\"@type\":\"PropertyValueSpecification\",\"valueRequired\":true,\"valueName\":\"search_term_string\"}}],\"inLanguage\":\"es\"},{\"@type\":\"Organization\",\"@id\":\"https:\\\/\\\/www.stalam.com\\\/#organization\",\"name\":\"Stalam\",\"url\":\"https:\\\/\\\/www.stalam.com\\\/\",\"logo\":{\"@type\":\"ImageObject\",\"inLanguage\":\"es\",\"@id\":\"https:\\\/\\\/www.stalam.com\\\/#\\\/schema\\\/logo\\\/image\\\/\",\"url\":\"https:\\\/\\\/www.stalam.com\\\/wp-content\\\/uploads\\\/2023\\\/06\\\/stalam-logo.png\",\"contentUrl\":\"https:\\\/\\\/www.stalam.com\\\/wp-content\\\/uploads\\\/2023\\\/06\\\/stalam-logo.png\",\"width\":634,\"height\":176,\"caption\":\"Stalam\"},\"image\":{\"@id\":\"https:\\\/\\\/www.stalam.com\\\/#\\\/schema\\\/logo\\\/image\\\/\"},\"sameAs\":[\"https:\\\/\\\/www.facebook.com\\\/Stalam-184036235760438\\\/\",\"https:\\\/\\\/www.linkedin.com\\\/company\\\/stalam\\\/\",\"https:\\\/\\\/www.youtube.com\\\/channel\\\/UCcl2pZ10KrADorPJccCu43Q\"]}]}<\/script>\n<!-- \/ Yoast SEO Premium plugin. -->","yoast_head_json":{"title":"Equipos de radiofrecuencia para secado y procesamiento t\u00e9rmico | Stalam","description":"Stalam es un proveedor l\u00edder de equipos de radiofrecuencia (RF) para el secado y procesamiento t\u00e9rmico de materias primas, productos industriales intermedios y terminados.","robots":{"index":"index","follow":"follow","max-snippet":"max-snippet:-1","max-image-preview":"max-image-preview:large","max-video-preview":"max-video-preview:-1"},"canonical":"https:\/\/www.stalam.com\/es\/","og_locale":"es_ES","og_type":"article","og_title":"Home page","og_description":"Stalam es un proveedor l\u00edder de equipos de radiofrecuencia (RF) para el secado y procesamiento t\u00e9rmico de materias primas, productos industriales intermedios y terminados.","og_url":"https:\/\/www.stalam.com\/es\/","og_site_name":"Stalam","article_publisher":"https:\/\/www.facebook.com\/Stalam-184036235760438\/","article_modified_time":"2025-05-27T08:44:54+00:00","og_image":[{"width":634,"height":176,"url":"https:\/\/www.stalam.com\/wp-content\/uploads\/2023\/06\/stalam-logo.png","type":"image\/png"}],"twitter_card":"summary_large_image","schema":{"@context":"https:\/\/schema.org","@graph":[{"@type":"WebPage","@id":"https:\/\/www.stalam.com\/es\/","url":"https:\/\/www.stalam.com\/es\/","name":"Equipos de radiofrecuencia para secado y procesamiento t\u00e9rmico | Stalam","isPartOf":{"@id":"https:\/\/www.stalam.com\/#website"},"datePublished":"2023-03-08T09:44:25+00:00","dateModified":"2025-05-27T08:44:54+00:00","description":"Stalam es un proveedor l\u00edder de equipos de radiofrecuencia (RF) para el secado y procesamiento t\u00e9rmico de materias primas, productos industriales intermedios y terminados.","breadcrumb":{"@id":"https:\/\/www.stalam.com\/es\/#breadcrumb"},"inLanguage":"es","potentialAction":[{"@type":"ReadAction","target":["https:\/\/www.stalam.com\/es\/"]}]},{"@type":"BreadcrumbList","@id":"https:\/\/www.stalam.com\/es\/#breadcrumb","itemListElement":[{"@type":"ListItem","position":1,"name":"Home","item":"https:\/\/www.stalam.com\/es\/"},{"@type":"ListItem","position":2,"name":"Home page"}]},{"@type":"WebSite","@id":"https:\/\/www.stalam.com\/#website","url":"https:\/\/www.stalam.com\/","name":"Stalam","description":"","publisher":{"@id":"https:\/\/www.stalam.com\/#organization"},"potentialAction":[{"@type":"SearchAction","target":{"@type":"EntryPoint","urlTemplate":"https:\/\/www.stalam.com\/?s={search_term_string}"},"query-input":{"@type":"PropertyValueSpecification","valueRequired":true,"valueName":"search_term_string"}}],"inLanguage":"es"},{"@type":"Organization","@id":"https:\/\/www.stalam.com\/#organization","name":"Stalam","url":"https:\/\/www.stalam.com\/","logo":{"@type":"ImageObject","inLanguage":"es","@id":"https:\/\/www.stalam.com\/#\/schema\/logo\/image\/","url":"https:\/\/www.stalam.com\/wp-content\/uploads\/2023\/06\/stalam-logo.png","contentUrl":"https:\/\/www.stalam.com\/wp-content\/uploads\/2023\/06\/stalam-logo.png","width":634,"height":176,"caption":"Stalam"},"image":{"@id":"https:\/\/www.stalam.com\/#\/schema\/logo\/image\/"},"sameAs":["https:\/\/www.facebook.com\/Stalam-184036235760438\/","https:\/\/www.linkedin.com\/company\/stalam\/","https:\/\/www.youtube.com\/channel\/UCcl2pZ10KrADorPJccCu43Q"]}]}},"_links":{"self":[{"href":"https:\/\/www.stalam.com\/es\/wp-json\/wp\/v2\/pages\/3992","targetHints":{"allow":["GET"]}}],"collection":[{"href":"https:\/\/www.stalam.com\/es\/wp-json\/wp\/v2\/pages"}],"about":[{"href":"https:\/\/www.stalam.com\/es\/wp-json\/wp\/v2\/types\/page"}],"author":[{"embeddable":true,"href":"https:\/\/www.stalam.com\/es\/wp-json\/wp\/v2\/users\/1"}],"replies":[{"embeddable":true,"href":"https:\/\/www.stalam.com\/es\/wp-json\/wp\/v2\/comments?post=3992"}],"version-history":[{"count":20,"href":"https:\/\/www.stalam.com\/es\/wp-json\/wp\/v2\/pages\/3992\/revisions"}],"predecessor-version":[{"id":15195,"href":"https:\/\/www.stalam.com\/es\/wp-json\/wp\/v2\/pages\/3992\/revisions\/15195"}],"wp:attachment":[{"href":"https:\/\/www.stalam.com\/es\/wp-json\/wp\/v2\/media?parent=3992"}],"curies":[{"name":"wp","href":"https:\/\/api.w.org\/{rel}","templated":true}]}}