{"id":3993,"date":"2023-03-10T21:41:14","date_gmt":"2023-03-10T20:41:14","guid":{"rendered":"https:\/\/www.stalam.com\/lavora-con-noi\/"},"modified":"2025-05-27T10:59:11","modified_gmt":"2025-05-27T08:59:11","slug":"trabaja-con-nosotros","status":"publish","type":"page","link":"https:\/\/www.stalam.com\/es\/trabaja-con-nosotros\/","title":{"rendered":"Trabaja con Nosotros"},"content":{"rendered":"\n<div class=\"fascia-bread-title bgcolor-white \">\n    <div class=\"container-fascia-bread-title\">\n        <p id=\"breadcrumbs\"><span><span><a href=\"https:\/\/www.stalam.com\/es\/\">Home<\/a><\/span><\/span><\/p>                <h1 class=\"title-big\">Trabaja con Nosotros<\/h1>\n    <\/div>\n<\/div>\n\n\n\n\n<figure class=\"wp-block-image size-full\"><img loading=\"lazy\" decoding=\"async\" width=\"1024\" height=\"577\" src=\"https:\/\/www.stalam.com\/wp-content\/uploads\/2024\/06\/image.jpeg\" alt=\"Questa immagine ha l'attributo alt vuoto; il nome del file \u00e8 work_with_us-1024x577.jpg\" class=\"wp-image-11750\" srcset=\"https:\/\/www.stalam.com\/wp-content\/uploads\/2024\/06\/image.jpeg 1024w, https:\/\/www.stalam.com\/wp-content\/uploads\/2024\/06\/image-300x169.jpeg 300w, https:\/\/www.stalam.com\/wp-content\/uploads\/2024\/06\/image-768x433.jpeg 768w\" sizes=\"auto, (max-width: 1024px) 100vw, 1024px\" \/><\/figure>\n\n\n\n<div class=\"fascia-tit-text-btn bgcolor-white \">\n    <div class=\"container-fascia-tit-text-btn\">\n\n                    <span class=\"title\">Unete a nuestro equipo<\/span>\n        \n        <div style=\"text-align: center\" class=\"testo-fascia\">\n            <p>Nuestra misi\u00f3n es hacer que la producci\u00f3n de nuestros clientes sea m\u00e1s f\u00e1cil, m\u00e1s eficiente y m\u00e1s rentable.<\/p>\n<p>En Stalam, las personas son una prioridad. Somos una peque\u00f1a empresa de alcance internacional, con 120 empleados en 3 continentes diferentes, con m\u00e1s de 2600 equipos instalados en m\u00e1s de 70 pa\u00edses de todo el mundo.<\/p>\n        <\/div>\n\n        \n        \n    <\/div>\n<\/div>\n\n\n\n\n<div class=\"fascia-form bgcolor-white \">\n    <div class=\"container-fascia-tit-text-btn\">\n\n                    <span class=\"title\">ENVIAR TU CURR\u00cdCULUM<\/span>\n        \n        <link rel='stylesheet' id='formidable-css' href='https:\/\/www.stalam.com\/wp-content\/plugins\/formidable\/css\/formidableforms.css' type='text\/css' media='all' \/>\n<div class=\"frm_forms  with_frm_style frm_style_formidable-stalam\" id=\"frm_form_15_container\" >\n<form enctype=\"multipart\/form-data\" method=\"post\" class=\"frm-show-form  frm_js_validate  frm_ajax_submit  frm_pro_form \" id=\"form_form-lavora-con-noi3\" >\n<div class=\"frm_form_fields \">\n<fieldset>\n<legend class=\"frm_screen_reader\">Lavora con noi [ES]<\/legend>\r\n\r\n<div class=\"frm_fields_container\">\n<input type=\"hidden\" name=\"frm_action\" value=\"create\" \/>\n<input type=\"hidden\" name=\"form_id\" value=\"15\" \/>\n<input type=\"hidden\" name=\"frm_hide_fields_15\" id=\"frm_hide_fields_15\" value=\"\" \/>\n<input type=\"hidden\" name=\"form_key\" value=\"form-lavora-con-noi3\" \/>\n<input type=\"hidden\" name=\"item_meta[0]\" value=\"\" \/>\n<input type=\"hidden\" id=\"frm_submit_entry_15\" name=\"frm_submit_entry_15\" value=\"71473b6e17\" \/><input type=\"hidden\" name=\"_wp_http_referer\" value=\"\/es\/wp-json\/wp\/v2\/pages\/3993\" \/><div id=\"frm_field_152_container\" class=\"frm_form_field form-field  frm_required_field frm_top_container frm_first frm_half\">\r\n    <label for=\"field_qh4icy7\" id=\"field_qh4icy7_label\" class=\"frm_primary_label\">Nombre de pila\r\n        <span class=\"frm_required\" aria-hidden=\"true\">*<\/span>\r\n    <\/label>\r\n    <input  type=\"text\" id=\"field_qh4icy7\" name=\"item_meta[152]\" value=\"\"  data-reqmsg=\"Questo campo non pu\u00f2 essere vuoto.\" aria-required=\"true\" data-invmsg=\"Name non \u00e8 valido\" aria-invalid=\"false\"   \/>\r\n    \r\n    \r\n<\/div>\n<div id=\"frm_field_153_container\" class=\"frm_form_field form-field  frm_required_field frm_top_container frm_half\">\r\n    <label for=\"field_ocfup17\" id=\"field_ocfup17_label\" class=\"frm_primary_label\">Apellido\r\n        <span class=\"frm_required\" aria-hidden=\"true\">*<\/span>\r\n    <\/label>\r\n    <input  type=\"text\" id=\"field_ocfup17\" name=\"item_meta[153]\" value=\"\"  data-reqmsg=\"Questo campo non pu\u00f2 essere vuoto.\" aria-required=\"true\" data-invmsg=\"Last non \u00e8 valido\" aria-invalid=\"false\"   \/>\r\n    \r\n    \r\n<\/div>\n<div id=\"frm_field_154_container\" class=\"frm_form_field form-field  frm_required_field frm_top_container frm6 frm_first\">\r\n    <label for=\"field_29yf4d7\" id=\"field_29yf4d7_label\" class=\"frm_primary_label\">Correo electr\u00f3nico\r\n        <span class=\"frm_required\" aria-hidden=\"true\">*<\/span>\r\n    <\/label>\r\n    <input type=\"email\" id=\"field_29yf4d7\" name=\"item_meta[154]\" value=\"\"  data-reqmsg=\"Questo campo non pu\u00f2 essere vuoto.\" aria-required=\"true\" data-invmsg=\"Please enter a valid email address\" aria-invalid=\"false\"  \/>\r\n    \r\n    \r\n<\/div>\n<div id=\"frm_field_155_container\" class=\"frm_form_field form-field  frm_required_field frm_top_container frm6\">\r\n    <label for=\"field_27pi63\" id=\"field_27pi63_label\" class=\"frm_primary_label\">Tel\u00e9fono\r\n        <span class=\"frm_required\" aria-hidden=\"true\">*<\/span>\r\n    <\/label>\r\n    <input type=\"tel\" id=\"field_27pi63\" name=\"item_meta[155]\" value=\"\"  data-reqmsg=\"Questo campo non pu\u00f2 essere vuoto.\" aria-required=\"true\" data-invmsg=\"Phone non \u00e8 valido\" aria-invalid=\"false\" pattern=\"((\\+\\d{1,3}(-|.| )?\\(?\\d\\)?(-| |.)?\\d{1,5})|(\\(?\\d{2,6}\\)?))(-|.| )?(\\d{3,4})(-|.| )?(\\d{4})(( x| ext)\\d{1,5}){0,1}$\"  \/>\r\n    \r\n    \r\n<\/div>\n<div id=\"frm_field_166_container\" class=\"frm_form_field form-field  frm_required_field frm_top_container frm6 frm_first\">\r\n    <label for=\"field_fycnl\" id=\"field_fycnl_label\" class=\"frm_primary_label\">Residencia\r\n        <span class=\"frm_required\" aria-hidden=\"true\">*<\/span>\r\n    <\/label>\r\n    <input  type=\"text\" id=\"field_fycnl\" name=\"item_meta[166]\" value=\"\"  data-reqmsg=\"Questo campo non pu\u00f2 essere vuoto.\" aria-required=\"true\" data-invmsg=\"Testo non \u00e8 valido\" aria-invalid=\"false\"   \/>\r\n    \r\n    \r\n<\/div>\n<div id=\"frm_field_157_container\" class=\"frm_form_field form-field  frm_required_field frm_top_container frm12  frm6\">\r\n    <label for=\"field_w43ok3\" id=\"field_w43ok3_label\" class=\"frm_primary_label\">\u00c1rea de inter\u00e9s\r\n        <span class=\"frm_required\" aria-hidden=\"true\">*<\/span>\r\n    <\/label>\r\n    \t\t<select name=\"item_meta[157]\" id=\"field_w43ok3\"  data-reqmsg=\"Questo campo non pu\u00f2 essere vuoto.\" aria-required=\"true\" data-invmsg=\"\u00c1rea de inter\u00e9s no es v\u00e1lido\" aria-invalid=\"false\"  >\n\t\t<option  value=\"\" selected='selected'> <\/option><option  value=\"Producci\u00f3n\">Producci\u00f3n<\/option><option  value=\"\u00c1rea t\u00e9cnica\">\u00c1rea t\u00e9cnica<\/option><option  value=\"Administraci\u00f3n\">Administraci\u00f3n<\/option><option  value=\"Ventas y marketing\">Ventas y marketing<\/option><option  value=\"Ventas administrativas\">Ventas administrativas<\/option>\t<\/select>\n\t\r\n    \r\n    \r\n<\/div>\n<div id=\"frm_field_158_container\" class=\"frm_form_field form-field  frm_required_field frm_top_container frm12 frm_first\">\r\n    <label for=\"field_9jv0r16\" id=\"field_9jv0r16_label\" class=\"frm_primary_label\">Mensaje\r\n        <span class=\"frm_required\" aria-hidden=\"true\">*<\/span>\r\n    <\/label>\r\n    <textarea name=\"item_meta[158]\" id=\"field_9jv0r16\" rows=\"10\"  data-reqmsg=\"Questo campo non pu\u00f2 essere vuoto.\" aria-required=\"true\" data-invmsg=\"Messaggio non \u00e8 valido\" aria-invalid=\"false\"  ><\/textarea>\r\n    \r\n    \r\n<\/div>\n<div id=\"frm_field_159_container\" class=\"frm_form_field form-field  frm_top_container frm12 frm_first\">\r\n    <label for=\"field_9a4pz3\" id=\"field_9a4pz3_label\" class=\"frm_primary_label\">Subir archivos\r\n        <span class=\"frm_required\" aria-hidden=\"true\"><\/span>\r\n    <\/label>\r\n    <input type=\"hidden\"  data-invmsg=\"Caricamento file non \u00e8 valido\" class=\"auto_width\" aria-invalid=\"false\"   name=\"item_meta[159]\"  value=\"\" data-frmfile=\"159\" \/>\n\n<div class=\"frm_dropzone frm_single_upload frm_clearfix\" id=\"file159_dropzone\" role=\"group\" >\n\t<div class=\"fallback\">\n\t\t<input type=\"file\" name=\"file159\" id=\"field_9a4pz3\"\n\t\t\t data-invmsg=\"Caricamento file non \u00e8 valido\" class=\"auto_width\" aria-invalid=\"false\"  \t\t\t\/>\n\t\t\t\t<div class=\"frm_clearfix \"><\/div>\n\t<\/div>\n\t<div class=\"dz-message needsclick\">\n\t\t\t\t<svg  viewBox=\"0 0 18 18\" class=\"frmsvg frm-svg-icon\">\n\t<path viewBox=\"0 0 18 18\" fill-rule=\"evenodd\" clip-rule=\"evenodd\" d=\"M8.2 4v8a.8.8 0 001.5 0V4l2.1 2.2A.7.7 0 1013 5L9.5 1.7a.7.7 0 00-1.1 0L5.1 5.2a.8.8 0 001 1l2.1-2zm7.6 4.3c.4 0 .7.3.7.7v6.8c0 .4-.3.7-.8.7H2.3a.8.8 0 01-.8-.8V9A.8.8 0 013 9v6h12V9c0-.4.3-.8.8-.8z\"><\/path>\n<\/svg>\t\t<span class=\"frm_upload_text\"><button type=\"button\" aria-label=\"Subir archivos. Suelte su archivo aqu\u00ed o haga clic para cargar. Tama\u00f1o m\u00e1ximo del archivo: 10MB\">Suelte su archivo aqu\u00ed o haga clic para cargar<\/button><\/span>\n\t\t<span class=\"frm_compact_text\"><button type=\"button\" aria-label=\"Subir archivos. Seleccionar archivos. Tama\u00f1o m\u00e1ximo del archivo: 10MB\">Seleccionar archivos<\/button><\/span>\n\t\t<div class=\"frm_small_text\">\n\t\t\t<p>Tama\u00f1o m\u00e1ximo del archivo: 10MB<\/p>\n\t\t<\/div>\n\t<\/div>\n<\/div>\n\t\r\n    \r\n    \r\n<\/div>\n<div id=\"frm_field_160_container\" class=\"frm_form_field form-field  frm_required_field frm_none_container vertical_radio\">\r\n    <div  id=\"field_3seq93_label\" class=\"frm_primary_label\">Privacy policy\r\n        <span class=\"frm_required\" aria-hidden=\"true\">*<\/span>\r\n    <\/div>\r\n    <div class=\"frm_opt_container\" aria-labelledby=\"field_3seq93_label\" role=\"group\">\t\t<div class=\"frm_checkbox\" id=\"frm_checkbox_160-0\">\t\t\t<label  for=\"field_3seq93-0\">\n\t\t\t<input type=\"checkbox\" name=\"item_meta[160][]\" id=\"field_3seq93-0\" value=\"He le\u00eddo y acepto la &lt;a href=&quot;\/es\/privacy-policy&quot;&gt;privacy policy*&lt;\/a&gt;\"  data-reqmsg=\"Questo campo non pu\u00f2 essere vuoto.\" data-invmsg=\"Privacy policy no es v\u00e1lido\"   aria-required=\"true\"  \/> He le\u00eddo y acepto la <a href=\"\/es\/privacy-policy\">privacy policy*<\/a><\/label><\/div>\n<\/div>\r\n    \r\n    \r\n<\/div>\n<div id=\"frm_field_161_container\" class=\"frm_form_field form-field  frm_none_container\">\r\n    <label for=\"g-recaptcha-response\" id=\"field_40asb3_label\" class=\"frm_primary_label\">Captcha\r\n        <span class=\"frm_required\" aria-hidden=\"true\"><\/span>\r\n    <\/label>\r\n    <div  id=\"field_40asb3\" class=\"frm-g-recaptcha\" data-sitekey=\"6Ldjs1kgAAAAAM4I_sV9OEVxwRvE46SBmAavvpPF\" data-size=\"invisible\" data-theme=\"light\"><\/div>\r\n    \r\n    \r\n<\/div>\n\t<input type=\"hidden\" name=\"item_key\" value=\"\" \/>\n\t\t\t<div id=\"frm_field_377_container\">\n\t\t\t<label for=\"field_5f5me\" >\n\t\t\t\tSi eres humano, deja este campo en blanco.\t\t\t<\/label>\n\t\t\t<input  id=\"field_5f5me\" type=\"text\" class=\"frm_form_field form-field frm_verify\" name=\"item_meta[377]\" value=\"\"  \/>\n\t\t<\/div>\n\t\t<input name=\"frm_state\" type=\"hidden\" value=\"CQku+2QD+JBEY3GcFYE3QGQaOKbjtWQjXsP8cTBqYXI4iyW4ljzqQXlfyPU1Br7s\" \/><div class=\"frm_submit\">\r\n\r\n<button class=\"frm_button_submit frm_final_submit\" type=\"submit\"   formnovalidate=\"formnovalidate\">Enviar<\/button>\r\n\r\n\r\n<\/div><\/div>\n<\/fieldset>\n<\/div>\n\n<\/form>\n<\/div>\n\n    <\/div>\n<\/div>\n\n","protected":false},"excerpt":{"rendered":"","protected":false},"author":1,"featured_media":0,"parent":0,"menu_order":157,"comment_status":"closed","ping_status":"closed","template":"","meta":{"_acf_changed":false,"content-type":"","footnotes":""},"class_list":["post-3993","page","type-page","status-publish","hentry"],"acf":[],"yoast_head":"<!-- This site is optimized with the Yoast SEO Premium plugin v23.9 (Yoast SEO v27.3) - https:\/\/yoast.com\/product\/yoast-seo-premium-wordpress\/ -->\n<title>Trabaja con Nosotros | Stalam<\/title>\n<meta name=\"description\" content=\"Nuestra misi\u00f3n es hacer que la producci\u00f3n de nuestros clientes sea m\u00e1s f\u00e1cil, m\u00e1s eficiente y m\u00e1s rentable.\" \/>\n<meta name=\"robots\" content=\"index, follow, max-snippet:-1, max-image-preview:large, max-video-preview:-1\" \/>\n<link rel=\"canonical\" href=\"https:\/\/www.stalam.com\/es\/trabaja-con-nosotros\/\" \/>\n<meta property=\"og:locale\" content=\"es_ES\" \/>\n<meta property=\"og:type\" content=\"article\" \/>\n<meta property=\"og:title\" content=\"Trabaja con Nosotros\" \/>\n<meta property=\"og:description\" content=\"Nuestra misi\u00f3n es hacer que la producci\u00f3n de nuestros clientes sea m\u00e1s f\u00e1cil, m\u00e1s eficiente y m\u00e1s rentable.\" \/>\n<meta property=\"og:url\" content=\"https:\/\/www.stalam.com\/es\/trabaja-con-nosotros\/\" \/>\n<meta property=\"og:site_name\" content=\"Stalam\" \/>\n<meta property=\"article:publisher\" content=\"https:\/\/www.facebook.com\/Stalam-184036235760438\/\" \/>\n<meta property=\"article:modified_time\" content=\"2025-05-27T08:59:11+00:00\" \/>\n<meta property=\"og:image\" content=\"https:\/\/www.stalam.com\/wp-content\/uploads\/2024\/06\/image.jpeg\" \/>\n\t<meta property=\"og:image:width\" content=\"1024\" \/>\n\t<meta property=\"og:image:height\" content=\"577\" \/>\n\t<meta property=\"og:image:type\" content=\"image\/jpeg\" \/>\n<meta name=\"twitter:card\" content=\"summary_large_image\" \/>\n<meta name=\"twitter:label1\" content=\"Tiempo de lectura\" \/>\n\t<meta name=\"twitter:data1\" content=\"1 minuto\" \/>\n<script type=\"application\/ld+json\" class=\"yoast-schema-graph\">{\"@context\":\"https:\\\/\\\/schema.org\",\"@graph\":[{\"@type\":\"WebPage\",\"@id\":\"https:\\\/\\\/www.stalam.com\\\/es\\\/trabaja-con-nosotros\\\/\",\"url\":\"https:\\\/\\\/www.stalam.com\\\/es\\\/trabaja-con-nosotros\\\/\",\"name\":\"Trabaja con Nosotros | Stalam\",\"isPartOf\":{\"@id\":\"https:\\\/\\\/www.stalam.com\\\/#website\"},\"primaryImageOfPage\":{\"@id\":\"https:\\\/\\\/www.stalam.com\\\/es\\\/trabaja-con-nosotros\\\/#primaryimage\"},\"image\":{\"@id\":\"https:\\\/\\\/www.stalam.com\\\/es\\\/trabaja-con-nosotros\\\/#primaryimage\"},\"thumbnailUrl\":\"https:\\\/\\\/www.stalam.com\\\/wp-content\\\/uploads\\\/2024\\\/06\\\/image.jpeg\",\"datePublished\":\"2023-03-10T20:41:14+00:00\",\"dateModified\":\"2025-05-27T08:59:11+00:00\",\"description\":\"Nuestra misi\u00f3n es hacer que la producci\u00f3n de nuestros clientes sea m\u00e1s f\u00e1cil, m\u00e1s eficiente y m\u00e1s rentable.\",\"breadcrumb\":{\"@id\":\"https:\\\/\\\/www.stalam.com\\\/es\\\/trabaja-con-nosotros\\\/#breadcrumb\"},\"inLanguage\":\"es\",\"potentialAction\":[{\"@type\":\"ReadAction\",\"target\":[\"https:\\\/\\\/www.stalam.com\\\/es\\\/trabaja-con-nosotros\\\/\"]}]},{\"@type\":\"ImageObject\",\"inLanguage\":\"es\",\"@id\":\"https:\\\/\\\/www.stalam.com\\\/es\\\/trabaja-con-nosotros\\\/#primaryimage\",\"url\":\"https:\\\/\\\/www.stalam.com\\\/wp-content\\\/uploads\\\/2024\\\/06\\\/image.jpeg\",\"contentUrl\":\"https:\\\/\\\/www.stalam.com\\\/wp-content\\\/uploads\\\/2024\\\/06\\\/image.jpeg\"},{\"@type\":\"BreadcrumbList\",\"@id\":\"https:\\\/\\\/www.stalam.com\\\/es\\\/trabaja-con-nosotros\\\/#breadcrumb\",\"itemListElement\":[{\"@type\":\"ListItem\",\"position\":1,\"name\":\"Home\",\"item\":\"https:\\\/\\\/www.stalam.com\\\/es\\\/\"},{\"@type\":\"ListItem\",\"position\":2,\"name\":\"Trabaja con Nosotros\"}]},{\"@type\":\"WebSite\",\"@id\":\"https:\\\/\\\/www.stalam.com\\\/#website\",\"url\":\"https:\\\/\\\/www.stalam.com\\\/\",\"name\":\"Stalam\",\"description\":\"\",\"publisher\":{\"@id\":\"https:\\\/\\\/www.stalam.com\\\/#organization\"},\"potentialAction\":[{\"@type\":\"SearchAction\",\"target\":{\"@type\":\"EntryPoint\",\"urlTemplate\":\"https:\\\/\\\/www.stalam.com\\\/?s={search_term_string}\"},\"query-input\":{\"@type\":\"PropertyValueSpecification\",\"valueRequired\":true,\"valueName\":\"search_term_string\"}}],\"inLanguage\":\"es\"},{\"@type\":\"Organization\",\"@id\":\"https:\\\/\\\/www.stalam.com\\\/#organization\",\"name\":\"Stalam\",\"url\":\"https:\\\/\\\/www.stalam.com\\\/\",\"logo\":{\"@type\":\"ImageObject\",\"inLanguage\":\"es\",\"@id\":\"https:\\\/\\\/www.stalam.com\\\/#\\\/schema\\\/logo\\\/image\\\/\",\"url\":\"https:\\\/\\\/www.stalam.com\\\/wp-content\\\/uploads\\\/2023\\\/06\\\/stalam-logo.png\",\"contentUrl\":\"https:\\\/\\\/www.stalam.com\\\/wp-content\\\/uploads\\\/2023\\\/06\\\/stalam-logo.png\",\"width\":634,\"height\":176,\"caption\":\"Stalam\"},\"image\":{\"@id\":\"https:\\\/\\\/www.stalam.com\\\/#\\\/schema\\\/logo\\\/image\\\/\"},\"sameAs\":[\"https:\\\/\\\/www.facebook.com\\\/Stalam-184036235760438\\\/\",\"https:\\\/\\\/www.linkedin.com\\\/company\\\/stalam\\\/\",\"https:\\\/\\\/www.youtube.com\\\/channel\\\/UCcl2pZ10KrADorPJccCu43Q\"]}]}<\/script>\n<!-- \/ Yoast SEO Premium plugin. -->","yoast_head_json":{"title":"Trabaja con Nosotros | Stalam","description":"Nuestra misi\u00f3n es hacer que la producci\u00f3n de nuestros clientes sea m\u00e1s f\u00e1cil, m\u00e1s eficiente y m\u00e1s rentable.","robots":{"index":"index","follow":"follow","max-snippet":"max-snippet:-1","max-image-preview":"max-image-preview:large","max-video-preview":"max-video-preview:-1"},"canonical":"https:\/\/www.stalam.com\/es\/trabaja-con-nosotros\/","og_locale":"es_ES","og_type":"article","og_title":"Trabaja con Nosotros","og_description":"Nuestra misi\u00f3n es hacer que la producci\u00f3n de nuestros clientes sea m\u00e1s f\u00e1cil, m\u00e1s eficiente y m\u00e1s rentable.","og_url":"https:\/\/www.stalam.com\/es\/trabaja-con-nosotros\/","og_site_name":"Stalam","article_publisher":"https:\/\/www.facebook.com\/Stalam-184036235760438\/","article_modified_time":"2025-05-27T08:59:11+00:00","og_image":[{"width":1024,"height":577,"url":"https:\/\/www.stalam.com\/wp-content\/uploads\/2024\/06\/image.jpeg","type":"image\/jpeg"}],"twitter_card":"summary_large_image","twitter_misc":{"Tiempo de lectura":"1 minuto"},"schema":{"@context":"https:\/\/schema.org","@graph":[{"@type":"WebPage","@id":"https:\/\/www.stalam.com\/es\/trabaja-con-nosotros\/","url":"https:\/\/www.stalam.com\/es\/trabaja-con-nosotros\/","name":"Trabaja con Nosotros | Stalam","isPartOf":{"@id":"https:\/\/www.stalam.com\/#website"},"primaryImageOfPage":{"@id":"https:\/\/www.stalam.com\/es\/trabaja-con-nosotros\/#primaryimage"},"image":{"@id":"https:\/\/www.stalam.com\/es\/trabaja-con-nosotros\/#primaryimage"},"thumbnailUrl":"https:\/\/www.stalam.com\/wp-content\/uploads\/2024\/06\/image.jpeg","datePublished":"2023-03-10T20:41:14+00:00","dateModified":"2025-05-27T08:59:11+00:00","description":"Nuestra misi\u00f3n es hacer que la producci\u00f3n de nuestros clientes sea m\u00e1s f\u00e1cil, m\u00e1s eficiente y m\u00e1s rentable.","breadcrumb":{"@id":"https:\/\/www.stalam.com\/es\/trabaja-con-nosotros\/#breadcrumb"},"inLanguage":"es","potentialAction":[{"@type":"ReadAction","target":["https:\/\/www.stalam.com\/es\/trabaja-con-nosotros\/"]}]},{"@type":"ImageObject","inLanguage":"es","@id":"https:\/\/www.stalam.com\/es\/trabaja-con-nosotros\/#primaryimage","url":"https:\/\/www.stalam.com\/wp-content\/uploads\/2024\/06\/image.jpeg","contentUrl":"https:\/\/www.stalam.com\/wp-content\/uploads\/2024\/06\/image.jpeg"},{"@type":"BreadcrumbList","@id":"https:\/\/www.stalam.com\/es\/trabaja-con-nosotros\/#breadcrumb","itemListElement":[{"@type":"ListItem","position":1,"name":"Home","item":"https:\/\/www.stalam.com\/es\/"},{"@type":"ListItem","position":2,"name":"Trabaja con Nosotros"}]},{"@type":"WebSite","@id":"https:\/\/www.stalam.com\/#website","url":"https:\/\/www.stalam.com\/","name":"Stalam","description":"","publisher":{"@id":"https:\/\/www.stalam.com\/#organization"},"potentialAction":[{"@type":"SearchAction","target":{"@type":"EntryPoint","urlTemplate":"https:\/\/www.stalam.com\/?s={search_term_string}"},"query-input":{"@type":"PropertyValueSpecification","valueRequired":true,"valueName":"search_term_string"}}],"inLanguage":"es"},{"@type":"Organization","@id":"https:\/\/www.stalam.com\/#organization","name":"Stalam","url":"https:\/\/www.stalam.com\/","logo":{"@type":"ImageObject","inLanguage":"es","@id":"https:\/\/www.stalam.com\/#\/schema\/logo\/image\/","url":"https:\/\/www.stalam.com\/wp-content\/uploads\/2023\/06\/stalam-logo.png","contentUrl":"https:\/\/www.stalam.com\/wp-content\/uploads\/2023\/06\/stalam-logo.png","width":634,"height":176,"caption":"Stalam"},"image":{"@id":"https:\/\/www.stalam.com\/#\/schema\/logo\/image\/"},"sameAs":["https:\/\/www.facebook.com\/Stalam-184036235760438\/","https:\/\/www.linkedin.com\/company\/stalam\/","https:\/\/www.youtube.com\/channel\/UCcl2pZ10KrADorPJccCu43Q"]}]}},"_links":{"self":[{"href":"https:\/\/www.stalam.com\/es\/wp-json\/wp\/v2\/pages\/3993","targetHints":{"allow":["GET"]}}],"collection":[{"href":"https:\/\/www.stalam.com\/es\/wp-json\/wp\/v2\/pages"}],"about":[{"href":"https:\/\/www.stalam.com\/es\/wp-json\/wp\/v2\/types\/page"}],"author":[{"embeddable":true,"href":"https:\/\/www.stalam.com\/es\/wp-json\/wp\/v2\/users\/1"}],"replies":[{"embeddable":true,"href":"https:\/\/www.stalam.com\/es\/wp-json\/wp\/v2\/comments?post=3993"}],"version-history":[{"count":9,"href":"https:\/\/www.stalam.com\/es\/wp-json\/wp\/v2\/pages\/3993\/revisions"}],"predecessor-version":[{"id":15208,"href":"https:\/\/www.stalam.com\/es\/wp-json\/wp\/v2\/pages\/3993\/revisions\/15208"}],"wp:attachment":[{"href":"https:\/\/www.stalam.com\/es\/wp-json\/wp\/v2\/media?parent=3993"}],"curies":[{"name":"wp","href":"https:\/\/api.w.org\/{rel}","templated":true}]}}