{"id":3994,"date":"2023-03-10T17:10:28","date_gmt":"2023-03-10T16:10:28","guid":{"rendered":"https:\/\/www.stalam.com\/partner\/"},"modified":"2025-05-27T10:57:23","modified_gmt":"2025-05-27T08:57:23","slug":"socios","status":"publish","type":"page","link":"https:\/\/www.stalam.com\/es\/socios\/","title":{"rendered":"Socios"},"content":{"rendered":"\n<div class=\"fascia-bread-title bgcolor-white \">\n    <div class=\"container-fascia-bread-title\">\n        <p id=\"breadcrumbs\"><span><span><a href=\"https:\/\/www.stalam.com\/es\/\">Home<\/a><\/span><\/span><\/p>                <h1 class=\"title-big\">Socios<\/h1>\n    <\/div>\n<\/div>\n\n\n\n<div class=\"team-container normal bgcolor-grey \">\n        <div class=\"elenco--team\">\n        \n            <div class=\"card-team\">\n\n            <img decoding=\"async\" loading=\"lazy\" src=\"https:\/\/www.stalam.com\/wp-content\/uploads\/2023\/05\/innovo.png\" alt=\"\" width=\"600\" height=\"400\">\n    \n    <span class=\"title\">Innovo Solutions<\/span>\n\n    \n            <p class=\"link\"><a href=\"https:\/\/www.innovosolutions.it\" target=\"_blank\">www.innovosolutions.it<\/a><\/p>\n    \n    <p>Innovo fue fundada en 2017 por profesionales e ingenieros con conocimientos y experiencia diferentes pero complementarios en materia de tecnolog\u00eda de radiofrecuencia aplicada al sector alimentario y a ovoproductos. Stalam colabora con Innovo en el campo de la pasteurizaci\u00f3n de huevos l\u00edquidos, donde la tecnolog\u00eda de RF ha demostrado ser especialmente efectiva en la reducci\u00f3n microbiana, al tiempo que conserva las propiedades f\u00edsicas y sensoriales, as\u00ed como la frescura del producto.<\/p>\n\n    \n<\/div>\n\n        \n            <div class=\"card-team\">\n\n            <img decoding=\"async\" loading=\"lazy\" src=\"https:\/\/www.stalam.com\/wp-content\/uploads\/2023\/05\/loris-bellini.png\" alt=\"\" width=\"600\" height=\"400\">\n    \n    <span class=\"title\">Loris Bellini S.p.A.<\/span>\n\n    \n            <p class=\"link\"><a href=\"https:\/\/www.lorisbellini.com\" target=\"_blank\">www.lorisbellini.com<\/a><\/p>\n    \n    <p>Loris Bellini es un fabricante l\u00edder de maquinaria de tintura de alta tecnolog\u00eda para fibras textiles e hilos. Stalam, en cooperaci\u00f3n con Loris Bellini, ha desarrollado la tecnolog\u00eda de secado \u00abTCRF\u00bb y, con el paso de los a\u00f1os, las dos empresas han estado suministrando a muchos clientes en Europa, Asia y Am\u00e9rica plantas de tipo llave en mano, con equipo de secado y tintura plenamente integrado (de lo cual, muchos cuentan con sistemas robotizados de manipulaci\u00f3n).<\/p>\n\n    \n<\/div>\n\n        \n            <div class=\"card-team\">\n\n            <img decoding=\"async\" loading=\"lazy\" src=\"https:\/\/www.stalam.com\/wp-content\/uploads\/2023\/05\/simet.png\" alt=\"\" width=\"600\" height=\"400\">\n    \n    <span class=\"title\">Simet S.r.l.<\/span>\n\n    \n            <p class=\"link\"><a href=\"https:\/\/www.simet.it\" target=\"_blank\">www.simet.it<\/a><\/p>\n    \n    <p>Simet es una empresa italiana altamente especializada, dedicada al dise\u00f1o y fabricaci\u00f3n de maquinaria devanadora de hilos y bobinadoras industriales para ensamblaje. En 2007, Stalam y Simet acordaron un convenio de licencia exclusiva para la producci\u00f3n de algunos modelos de devanadores de hilos en la empresa de participaci\u00f3n conjunta de Stalam en la Rep\u00fablica Popular de China. Desde entonces, se han fabricado m\u00e1s de 150 000 cabezas devanadoras que se han suministrado con \u00e9xito a los clientes de China y del Lejano Oriente.<\/p>\n\n    \n<\/div>\n\n        \n            <div class=\"card-team\">\n\n            <img decoding=\"async\" loading=\"lazy\" src=\"https:\/\/www.stalam.com\/wp-content\/uploads\/2023\/09\/latexfoam.png\" alt=\"\" width=\"600\" height=\"400\">\n    \n    <span class=\"title\">Latexfoam Technology B.V. &#8211; Jens Szymanska<\/span>\n\n    \n            <p class=\"link\"><a href=\"https:\/\/www.latexfoam.technology\" target=\"_blank\">www.latexfoam.technology<\/a><\/p>\n    \n    <p>Jens Szymanska ha estado trabajando en la industria de la espuma de l\u00e1tex desde los primeros a\u00f1os del 2000. En realidad, es el inventor del primer proceso industrial de vulcanizaci\u00f3n de radiofrecuencia con el uso de moldes dise\u00f1ados especialmente para ello. Este m\u00e9todo ha revolucionado el proceso convencional Dunlop, ganando un sector significativo en todo el mundo, no solo por la producci\u00f3n de colchones y almohadas en moldes, sino tambi\u00e9n por las l\u00e1minas continuas de espuma de l\u00e1tex. Desde 2013, Szymanska trabaja como asesor independiente y desde 2016, trabaja en cooperaci\u00f3n con Stalam para suministrar soluciones llave en mano en la industria de la espuma del l\u00e1tex, usando la tecnolog\u00eda de RF, tanto para la vulcanizaci\u00f3n, como para el secado.<\/p>\n<p>&nbsp;<\/p>\n\n    \n<\/div>\n\n        \n            <div class=\"card-team\">\n\n            <img decoding=\"async\" loading=\"lazy\" src=\"https:\/\/www.stalam.com\/wp-content\/uploads\/2023\/05\/herux_technologies.png\" alt=\"\" width=\"600\" height=\"400\">\n    \n    <span class=\"title\">Herux Technologies<\/span>\n\n    \n            <p class=\"link\"><a href=\"https:\/\/www.heruxtech.com\" target=\"_blank\">www.heruxtech.com<\/a><\/p>\n    \n    <p>Herux Technologies es el \u00fanico y m\u00e1s completo proveedor de maquinaria especializada en Europa, dedicado a la industria de la esponja de l\u00e1tex. La empresa familiar desde principios de la d\u00e9cada de los a\u00f1os 90 puede suministrar maquinaria avanzada tecnol\u00f3gicamente y l\u00edneas completas para la producci\u00f3n de colchones, almohadas y l\u00e1minas continuas, basadas en el proceso Dunlop. Stalam trabaja en cooperaci\u00f3n con Herux Technologies para suministrar l\u00edneas de producci\u00f3n automatizadas de espuma de l\u00e1tex en las que la tecnolog\u00eda de radiofrecuencia para las funciones de vulcanizaci\u00f3n y secado pueden integrarse para lograr mayor productividad, menor consumo energ\u00e9tico y un impacto reducido.<\/p>\n\n    \n<\/div>\n\n        \n            <div class=\"card-team\">\n\n            <img decoding=\"async\" loading=\"lazy\" src=\"https:\/\/www.stalam.com\/wp-content\/uploads\/2023\/05\/jbt-def.png\" alt=\"\" width=\"600\" height=\"400\">\n    \n    <span class=\"title\">JBT Food-Tech S.p.A.<\/span>\n\n    \n            <p class=\"link\"><a href=\"https:\/\/www.jbtfoodtech.com\" target=\"_blank\">www.jbtfoodtech.com<\/a><\/p>\n    \n    <p>JBT Corporation es un proveedor l\u00edder mundial en soluciones tecnol\u00f3gicas para las industrias procesadoras de alimentos y de transporte a\u00e9reo. Los dise\u00f1os para el segmento JBT FoodTech, sus fabricaciones, evaluaciones, servicios y productos de sistemas sofisticados tecnol\u00f3gicamente, da trabajo a un aproximado de 3 300 personas en m\u00e1s de 25 pa\u00edses. Stalam trabaja en cooperaci\u00f3n con JBT, espec\u00edficamente en el campo de las tecnolog\u00edas de pasteurizaci\u00f3n y esterilizaci\u00f3n para los productos l\u00edquidos que contienen porciones de frutas y vegetales. Aqu\u00ed, la tecnolog\u00eda de calentamiento por radiofrecuencia est\u00e1 dotada de l\u00edneas de tratamiento integrado y plenamente automatizada para trabajar desde materia prima hasta rellenos as\u00e9pticos en los productos finales.<\/p>\n\n    \n<\/div>\n\n        \n            <div class=\"card-team\">\n\n            <img decoding=\"async\" loading=\"lazy\" src=\"https:\/\/www.stalam.com\/wp-content\/uploads\/2023\/05\/ziel.png\" alt=\"\" width=\"600\" height=\"400\">\n    \n    <span class=\"title\">Ziel Equipment<\/span>\n\n    \n            <p class=\"link\"><a href=\"https:\/\/www.ziel.com \" target=\"_blank\">www.ziel.com <\/a><\/p>\n    \n    <p>Ziel es una empresa de soluciones de seguridad ubicada en EE. UU. especializada en las industrias de alimentos y cannabis. Stalam se ha asociado con Ziel para ampliar la adopci\u00f3n e implementaci\u00f3n de la tecnolog\u00eda de radiofrecuencia (RF) en la parte norte del contienen americano. Se evita el uso de qu\u00edmicos, pues los procesos de desinfecci\u00f3n son org\u00e1nicos, no contaminantes. Estos procesos, tienen un impacto m\u00ednimo en el sabor, aroma y otras importantes caracter\u00edsticas sensoriales y funcionales para el producto. Al utilizar el equipo de RF de Stalam, Ziel suministra soluciones a escala comercial para la desinfecci\u00f3n de almendras y otros frutos secos, semillas y otras especies arb\u00f3reas mediante sus propios procesos. Ziel Cannabis usa la RF para reducir el moho y las levaduras, mientras mantiene su eficacia y terpenos por medio del novedoso proceso de tratamiento que se ha desarrollado.<\/p>\n\n    \n<\/div>\n\n        \n            <div class=\"card-team\">\n\n            <img decoding=\"async\" loading=\"lazy\" src=\"https:\/\/www.stalam.com\/wp-content\/uploads\/2023\/05\/Emitech.png\" alt=\"\" width=\"600\" height=\"400\">\n    \n    <span class=\"title\">Emitech S.r.l.<\/span>\n\n    \n            <p class=\"link\"><a href=\"https:\/\/www.emitech.it\" target=\"_blank\">www.emitech.it<\/a><\/p>\n    \n    <p>Emitech es una empresa italiana familiar con s\u00f3lida experiencia en los efectos biol\u00f3gicos de las olas electromagn\u00e9ticas. Mantiene algunas patentes que cubren usos en la tecnolog\u00eda microondas para la desinfecci\u00f3n y desinfestaci\u00f3n de productos agroalimentarios, dentro del arte y herencia cultural para su conservaci\u00f3n en la protecci\u00f3n ambiental. Stalam y Emitech han estado trabajando en colaboraci\u00f3n para desarrollar el equipo de radiofrecuencia para desinfestar y desinfectar de forma econ\u00f3mica, eficiente y con seguridad los productos agroalimentarios secos (granos, semillas, frutos secos, etc.).<\/p>\n\n    \n<\/div>\n\n        \n            <div class=\"card-team\">\n\n            <img decoding=\"async\" loading=\"lazy\" src=\"https:\/\/www.stalam.com\/wp-content\/uploads\/2023\/05\/microglass.png\" alt=\"\" width=\"600\" height=\"400\">\n    \n    <span class=\"title\">Microglass S.r.l.<\/span>\n\n    \n            <p class=\"link\"><a href=\"https:\/\/www.microglass.biz\" target=\"_blank\">www.microglass.biz<\/a><\/p>\n    \n    <p>Microglass es una empresa reciente de alta tecnolog\u00eda que se especializa en el desarrollo, dise\u00f1o y fabricaci\u00f3n de sistemas industriales y componentes microondas, infrarrojos y ultravioletas. Stalam ha trabajado en cooperaci\u00f3n con Microglass para el desarrollo y comercializaci\u00f3n de equipo hecho a la medida, con base en el uso combinado de tecnolog\u00edas de calefacci\u00f3n electromagn\u00e9tica y convencional.<\/p>\n\n    \n<\/div>\n\n        \n            <div class=\"card-team\">\n\n            <img decoding=\"async\" loading=\"lazy\" src=\"https:\/\/www.stalam.com\/wp-content\/uploads\/2023\/05\/stc.png\" alt=\"\" width=\"600\" height=\"400\">\n    \n    <span class=\"title\">STC S.r.l.<\/span>\n\n    \n            <p class=\"link\"><a href=\"https:\/\/www.stcnet.it\" target=\"_blank\">www.stcnet.it<\/a><\/p>\n    \n    <p>STC es una empresa italiana que ofrece asesor\u00eda, servicios cient\u00edficos y de ingenier\u00eda para respaldar la innovaci\u00f3n tecnol\u00f3gica en varios sectores industriales, principalmente: tratamiento de alimentos, procesos qu\u00edmicos y protecci\u00f3n ambiental. En un trabajo conjunto con STC, Stalam ha desarrollado y patentado tecnolog\u00eda de pasteurizaci\u00f3n y secado en un pasto para productos de pasta fresca, con base en la t\u00e9cnica de radiofrecuencia en combinaci\u00f3n con vapor y calor convencional. Tambi\u00e9n ha estado trabajando en varios proyectos de investigaci\u00f3n y desarrollo en donde involucran usos innovadores de tecnolog\u00eda de RF para la industria alimentaria.<\/p>\n\n    \n<\/div>\n\n        \n            <div class=\"card-team\">\n\n            <img decoding=\"async\" loading=\"lazy\" src=\"https:\/\/www.stalam.com\/wp-content\/uploads\/2023\/07\/padova.png\" alt=\"\" width=\"600\" height=\"400\">\n    \n    <span class=\"title\">Universidad de PADUA &#8211; Departamento de ingenier\u00eda electrot\u00e9cnica<\/span>\n\n    \n            <p class=\"link\"><a href=\"https:\/\/www.ing.unipd.it\" target=\"_blank\">www.ing.unipd.it<\/a><\/p>\n    \n    <p>Fundada en 1222, la Universidad de Padua es una de las m\u00e1s antiguas y mejor posicionada a nivel de Europa. Su departamento de ingenier\u00eda cuenta con m\u00e1s de 400 profesores y m\u00e1s de 10 000 estudiantes. Ha puesto a disposici\u00f3n m\u00e1s de 20 cursos diferentes de especializaci\u00f3n. La cooperaci\u00f3n entre Stalam y el departamento de ingenier\u00eda electrot\u00e9cnica de la Universidad de Padua surgi\u00f3 hace unos 30 a\u00f1os. Gracias a esta alianza es que se ha logrado gran cantidad de importantes desarrollos en sistemas de supresi\u00f3n de interferencia y generadores de radiofrecuencia.<\/p>\n\n    \n<\/div>\n\n        \n            <div class=\"card-team\">\n\n            <img decoding=\"async\" loading=\"lazy\" src=\"https:\/\/www.stalam.com\/wp-content\/uploads\/2023\/07\/udine.png\" alt=\"\" width=\"600\" height=\"400\">\n    \n    <span class=\"title\">Universidad de UDINE &#8211; Departamento de tecnolog\u00eda y ciencia de la alimentaci\u00f3n<\/span>\n\n    \n            <p class=\"link\"><a href=\"https:\/\/www.uniud.it\" target=\"_blank\">www.uniud.it<\/a><\/p>\n    \n    <p>El departamento de tecnolog\u00eda y ciencia de la alimentaci\u00f3n de la Universidad de Udine ha ganado reconocimiento en los \u00faltimos a\u00f1os, no solo a nivel acad\u00e9mico, sino tambi\u00e9n dentro de la industria alimentaria, gracias a sus capacidades en el desarrollo de problemas y al conocimiento espec\u00edfico en tecnolog\u00edas tales como la luz UV pulsada, los campos el\u00e9ctricos pulsados y la tecnolog\u00eda de RF.<\/p>\n<p>Stalam y la Universidad de Udine han trabajado en conjunto en la tecnolog\u00eda de RF aplicada en productos en la industria panadera. El fin es disminuir el contenido de acrilamida (para lo cual, el grupo relacionado con la investigaci\u00f3n gan\u00f3 el premio regional Start Cup en 2006 como mejor proyecto de innovaci\u00f3n industrial del a\u00f1o) y m\u00e1s recientemente, en la tecnolog\u00eda de congelamiento r\u00e1pido mejorado en los usos simult\u00e1neos de fluidos criog\u00e9nicos y campos electromagn\u00e9ticos en frecuencias I.S.M., proyecto que ha obtenido un subsidio por parte del gobierno italiano.<\/p>\n\n    \n<\/div>\n\n            <\/div>\n<\/div>\n\n\n\n<div class=\"fascia-newsletter bgcolor-white \">\n    <div class=\"container-newsletter\">\n                    <span class=\"title\">\u00bfLe gustar\u00eda conocer m\u00e1s sobre nuestras soluciones?<\/span>\n        \n                    <a href=\"https:\/\/www.stalam.com\/es\/informacion-requerida\/\" title=\"Solicitar informaci\u00f3n\" class=\"btn btn-filled-r\">\n                Solicitar informaci\u00f3n            <\/a>\n            <\/div>\n<\/div>\n\n","protected":false},"excerpt":{"rendered":"","protected":false},"author":1,"featured_media":0,"parent":0,"menu_order":168,"comment_status":"closed","ping_status":"closed","template":"","meta":{"_acf_changed":false,"content-type":"","footnotes":""},"class_list":["post-3994","page","type-page","status-publish","hentry"],"acf":[],"yoast_head":"<!-- This site is optimized with the Yoast SEO Premium plugin v23.9 (Yoast SEO v27.3) - https:\/\/yoast.com\/product\/yoast-seo-premium-wordpress\/ -->\n<title>Socios | Stalam<\/title>\n<meta name=\"description\" content=\"Socios. Ingrese al sitio y descubre informaci\u00f3n sobre la historia y la organizaci\u00f3n empresarial de Stalam.\" \/>\n<meta name=\"robots\" content=\"index, follow, max-snippet:-1, max-image-preview:large, max-video-preview:-1\" \/>\n<link rel=\"canonical\" href=\"https:\/\/www.stalam.com\/es\/socios\/\" \/>\n<meta property=\"og:locale\" content=\"es_ES\" \/>\n<meta property=\"og:type\" content=\"article\" \/>\n<meta property=\"og:title\" content=\"Socios\" \/>\n<meta property=\"og:description\" content=\"Socios. Ingrese al sitio y descubre informaci\u00f3n sobre la historia y la organizaci\u00f3n empresarial de Stalam.\" \/>\n<meta property=\"og:url\" content=\"https:\/\/www.stalam.com\/es\/socios\/\" \/>\n<meta property=\"og:site_name\" content=\"Stalam\" \/>\n<meta property=\"article:publisher\" content=\"https:\/\/www.facebook.com\/Stalam-184036235760438\/\" \/>\n<meta property=\"article:modified_time\" content=\"2025-05-27T08:57:23+00:00\" \/>\n<meta property=\"og:image\" content=\"https:\/\/www.stalam.com\/wp-content\/uploads\/2023\/06\/stalam-logo.png\" \/>\n\t<meta property=\"og:image:width\" content=\"634\" \/>\n\t<meta property=\"og:image:height\" content=\"176\" \/>\n\t<meta property=\"og:image:type\" content=\"image\/png\" \/>\n<meta name=\"twitter:card\" content=\"summary_large_image\" \/>\n<script type=\"application\/ld+json\" class=\"yoast-schema-graph\">{\"@context\":\"https:\\\/\\\/schema.org\",\"@graph\":[{\"@type\":\"WebPage\",\"@id\":\"https:\\\/\\\/www.stalam.com\\\/es\\\/socios\\\/\",\"url\":\"https:\\\/\\\/www.stalam.com\\\/es\\\/socios\\\/\",\"name\":\"Socios | Stalam\",\"isPartOf\":{\"@id\":\"https:\\\/\\\/www.stalam.com\\\/#website\"},\"datePublished\":\"2023-03-10T16:10:28+00:00\",\"dateModified\":\"2025-05-27T08:57:23+00:00\",\"description\":\"Socios. Ingrese al sitio y descubre informaci\u00f3n sobre la historia y la organizaci\u00f3n empresarial de Stalam.\",\"breadcrumb\":{\"@id\":\"https:\\\/\\\/www.stalam.com\\\/es\\\/socios\\\/#breadcrumb\"},\"inLanguage\":\"es\",\"potentialAction\":[{\"@type\":\"ReadAction\",\"target\":[\"https:\\\/\\\/www.stalam.com\\\/es\\\/socios\\\/\"]}]},{\"@type\":\"BreadcrumbList\",\"@id\":\"https:\\\/\\\/www.stalam.com\\\/es\\\/socios\\\/#breadcrumb\",\"itemListElement\":[{\"@type\":\"ListItem\",\"position\":1,\"name\":\"Home\",\"item\":\"https:\\\/\\\/www.stalam.com\\\/es\\\/\"},{\"@type\":\"ListItem\",\"position\":2,\"name\":\"Socios\"}]},{\"@type\":\"WebSite\",\"@id\":\"https:\\\/\\\/www.stalam.com\\\/#website\",\"url\":\"https:\\\/\\\/www.stalam.com\\\/\",\"name\":\"Stalam\",\"description\":\"\",\"publisher\":{\"@id\":\"https:\\\/\\\/www.stalam.com\\\/#organization\"},\"potentialAction\":[{\"@type\":\"SearchAction\",\"target\":{\"@type\":\"EntryPoint\",\"urlTemplate\":\"https:\\\/\\\/www.stalam.com\\\/?s={search_term_string}\"},\"query-input\":{\"@type\":\"PropertyValueSpecification\",\"valueRequired\":true,\"valueName\":\"search_term_string\"}}],\"inLanguage\":\"es\"},{\"@type\":\"Organization\",\"@id\":\"https:\\\/\\\/www.stalam.com\\\/#organization\",\"name\":\"Stalam\",\"url\":\"https:\\\/\\\/www.stalam.com\\\/\",\"logo\":{\"@type\":\"ImageObject\",\"inLanguage\":\"es\",\"@id\":\"https:\\\/\\\/www.stalam.com\\\/#\\\/schema\\\/logo\\\/image\\\/\",\"url\":\"https:\\\/\\\/www.stalam.com\\\/wp-content\\\/uploads\\\/2023\\\/06\\\/stalam-logo.png\",\"contentUrl\":\"https:\\\/\\\/www.stalam.com\\\/wp-content\\\/uploads\\\/2023\\\/06\\\/stalam-logo.png\",\"width\":634,\"height\":176,\"caption\":\"Stalam\"},\"image\":{\"@id\":\"https:\\\/\\\/www.stalam.com\\\/#\\\/schema\\\/logo\\\/image\\\/\"},\"sameAs\":[\"https:\\\/\\\/www.facebook.com\\\/Stalam-184036235760438\\\/\",\"https:\\\/\\\/www.linkedin.com\\\/company\\\/stalam\\\/\",\"https:\\\/\\\/www.youtube.com\\\/channel\\\/UCcl2pZ10KrADorPJccCu43Q\"]}]}<\/script>\n<!-- \/ Yoast SEO Premium plugin. -->","yoast_head_json":{"title":"Socios | Stalam","description":"Socios. Ingrese al sitio y descubre informaci\u00f3n sobre la historia y la organizaci\u00f3n empresarial de Stalam.","robots":{"index":"index","follow":"follow","max-snippet":"max-snippet:-1","max-image-preview":"max-image-preview:large","max-video-preview":"max-video-preview:-1"},"canonical":"https:\/\/www.stalam.com\/es\/socios\/","og_locale":"es_ES","og_type":"article","og_title":"Socios","og_description":"Socios. Ingrese al sitio y descubre informaci\u00f3n sobre la historia y la organizaci\u00f3n empresarial de Stalam.","og_url":"https:\/\/www.stalam.com\/es\/socios\/","og_site_name":"Stalam","article_publisher":"https:\/\/www.facebook.com\/Stalam-184036235760438\/","article_modified_time":"2025-05-27T08:57:23+00:00","og_image":[{"width":634,"height":176,"url":"https:\/\/www.stalam.com\/wp-content\/uploads\/2023\/06\/stalam-logo.png","type":"image\/png"}],"twitter_card":"summary_large_image","schema":{"@context":"https:\/\/schema.org","@graph":[{"@type":"WebPage","@id":"https:\/\/www.stalam.com\/es\/socios\/","url":"https:\/\/www.stalam.com\/es\/socios\/","name":"Socios | Stalam","isPartOf":{"@id":"https:\/\/www.stalam.com\/#website"},"datePublished":"2023-03-10T16:10:28+00:00","dateModified":"2025-05-27T08:57:23+00:00","description":"Socios. Ingrese al sitio y descubre informaci\u00f3n sobre la historia y la organizaci\u00f3n empresarial de Stalam.","breadcrumb":{"@id":"https:\/\/www.stalam.com\/es\/socios\/#breadcrumb"},"inLanguage":"es","potentialAction":[{"@type":"ReadAction","target":["https:\/\/www.stalam.com\/es\/socios\/"]}]},{"@type":"BreadcrumbList","@id":"https:\/\/www.stalam.com\/es\/socios\/#breadcrumb","itemListElement":[{"@type":"ListItem","position":1,"name":"Home","item":"https:\/\/www.stalam.com\/es\/"},{"@type":"ListItem","position":2,"name":"Socios"}]},{"@type":"WebSite","@id":"https:\/\/www.stalam.com\/#website","url":"https:\/\/www.stalam.com\/","name":"Stalam","description":"","publisher":{"@id":"https:\/\/www.stalam.com\/#organization"},"potentialAction":[{"@type":"SearchAction","target":{"@type":"EntryPoint","urlTemplate":"https:\/\/www.stalam.com\/?s={search_term_string}"},"query-input":{"@type":"PropertyValueSpecification","valueRequired":true,"valueName":"search_term_string"}}],"inLanguage":"es"},{"@type":"Organization","@id":"https:\/\/www.stalam.com\/#organization","name":"Stalam","url":"https:\/\/www.stalam.com\/","logo":{"@type":"ImageObject","inLanguage":"es","@id":"https:\/\/www.stalam.com\/#\/schema\/logo\/image\/","url":"https:\/\/www.stalam.com\/wp-content\/uploads\/2023\/06\/stalam-logo.png","contentUrl":"https:\/\/www.stalam.com\/wp-content\/uploads\/2023\/06\/stalam-logo.png","width":634,"height":176,"caption":"Stalam"},"image":{"@id":"https:\/\/www.stalam.com\/#\/schema\/logo\/image\/"},"sameAs":["https:\/\/www.facebook.com\/Stalam-184036235760438\/","https:\/\/www.linkedin.com\/company\/stalam\/","https:\/\/www.youtube.com\/channel\/UCcl2pZ10KrADorPJccCu43Q"]}]}},"_links":{"self":[{"href":"https:\/\/www.stalam.com\/es\/wp-json\/wp\/v2\/pages\/3994","targetHints":{"allow":["GET"]}}],"collection":[{"href":"https:\/\/www.stalam.com\/es\/wp-json\/wp\/v2\/pages"}],"about":[{"href":"https:\/\/www.stalam.com\/es\/wp-json\/wp\/v2\/types\/page"}],"author":[{"embeddable":true,"href":"https:\/\/www.stalam.com\/es\/wp-json\/wp\/v2\/users\/1"}],"replies":[{"embeddable":true,"href":"https:\/\/www.stalam.com\/es\/wp-json\/wp\/v2\/comments?post=3994"}],"version-history":[{"count":15,"href":"https:\/\/www.stalam.com\/es\/wp-json\/wp\/v2\/pages\/3994\/revisions"}],"predecessor-version":[{"id":15206,"href":"https:\/\/www.stalam.com\/es\/wp-json\/wp\/v2\/pages\/3994\/revisions\/15206"}],"wp:attachment":[{"href":"https:\/\/www.stalam.com\/es\/wp-json\/wp\/v2\/media?parent=3994"}],"curies":[{"name":"wp","href":"https:\/\/api.w.org\/{rel}","templated":true}]}}