{"id":3996,"date":"2023-03-10T21:37:34","date_gmt":"2023-03-10T20:37:34","guid":{"rendered":"https:\/\/www.stalam.com\/profilo-societario\/"},"modified":"2025-05-27T10:58:33","modified_gmt":"2025-05-27T08:58:33","slug":"corporativo","status":"publish","type":"page","link":"https:\/\/www.stalam.com\/es\/corporativo\/","title":{"rendered":"Corporativo"},"content":{"rendered":"\n<div class=\"fascia-bread-title bgcolor-white \">\n    <div class=\"container-fascia-bread-title\">\n        <p id=\"breadcrumbs\"><span><span><a href=\"https:\/\/www.stalam.com\/es\/\">Home<\/a><\/span><\/span><\/p>                <h1 class=\"title-big\">Corporativo<\/h1>\n    <\/div>\n<\/div>\n\n\n\n\n<div class=\"fascia-tit-text-btn bgcolor-white \">\n    <div class=\"container-fascia-tit-text-btn\">\n\n        \n        <div style=\"text-align: left\" class=\"testo-fascia\">\n            <p>Stalam se fund\u00f3 en 1978 en la provincia de Vicenza, al noreste de Italia, por un grupo de inversores locales que pose\u00edan una s\u00f3lida formaci\u00f3n en maquinaria industrial.<\/p>\n<p>En 1990, el se\u00f1or Cavestro, presidente de Stalam hasta finales de 2016, adquiri\u00f3 la empresa al encabezar un grupo de inversores industriales y privados bajo el nombre de Stalpart. En 2002, el fondo italiano de capital privado 21 Investimenti, establecido por Alessandro Benetton, miembro de la familia Benetton y ampliamente conocido en el negocio textil y de la moda, ingres\u00f3 a la empresa con una participaci\u00f3n minoritaria y Stalam cambi\u00f3 su situaci\u00f3n legal de ser una empresa de responsabilidad limitada (S.r.l.) a una sociedad an\u00f3nima (S.p.A.).<\/p>\n<p>En 2005, Stalam estableci\u00f3 una empresa de participaci\u00f3n conjunta en China, Stalam (Shangh\u00e1i), DEYI. La asociaci\u00f3n se realiz\u00f3 con inversores locales, usando como medio de inversi\u00f3n a Stalam Asia Pacific. El resultado fue la adquisici\u00f3n de la participaci\u00f3n mayoritaria de una f\u00e1brica de maquinaria industrial que en el pasado era estatal y en la actualidad est\u00e1 privatizada parcialmente.<\/p>\n        <\/div>\n\n        \n        \n    <\/div>\n<\/div>\n\n\n\n\n<div class=\"fascia-tit-text-btn bgcolor-grey \">\n    <div class=\"container-fascia-tit-text-btn\">\n\n                    <span class=\"title\">Deal Source Italia<\/span>\n        \n        <div style=\"text-align: left\" class=\"testo-fascia\">\n            <p>En mayo de 2023, un \u00abclub deal\u00bb de inversores privados organizado por <strong>Deal Source Italia<\/strong> complet\u00f3 la adquisici\u00f3n del 100 % del capital social de Stalam del fondo IdeA Efficianza Energetica e Sviluppo Sostenibile gestionado por DeA Capital Alternative Funds SGR en colaboraci\u00f3n con la direcci\u00f3n de la empresa.<\/p>\n        <\/div>\n\n        \n                    <img decoding=\"async\" loading=\"lazy\" src=\"https:\/\/www.stalam.com\/wp-content\/uploads\/2023\/06\/img-profilo-societario.png\" alt=\"\" width=\"600\" height=\"400\" class=\"img-center\">\n        \n    <\/div>\n<\/div>\n\n\n\n\n<div class=\"fascia-newsletter bgcolor-white \">\n    <div class=\"container-newsletter\">\n                    <span class=\"title\">\u00bfLe gustar\u00eda conocer m\u00e1s sobre nuestras soluciones?<\/span>\n        \n                    <a href=\"https:\/\/www.stalam.com\/es\/informacion-requerida\/\" title=\"Solicitar informaci\u00f3n\" class=\"btn btn-filled-r\">\n                Solicitar informaci\u00f3n            <\/a>\n            <\/div>\n<\/div>\n\n","protected":false},"excerpt":{"rendered":"","protected":false},"author":1,"featured_media":0,"parent":0,"menu_order":162,"comment_status":"closed","ping_status":"closed","template":"","meta":{"_acf_changed":false,"content-type":"","footnotes":""},"class_list":["post-3996","page","type-page","status-publish","hentry"],"acf":[],"yoast_head":"<!-- This site is optimized with the Yoast SEO Premium plugin v23.9 (Yoast SEO v25.7) - https:\/\/yoast.com\/wordpress\/plugins\/seo\/ -->\n<title>Corporativo | Stalam<\/title>\n<meta name=\"description\" content=\"Descubre informaci\u00f3n sobre la historia y la organizaci\u00f3n empresarial de Stalam.\" \/>\n<meta name=\"robots\" content=\"index, follow, max-snippet:-1, max-image-preview:large, max-video-preview:-1\" \/>\n<link rel=\"canonical\" href=\"https:\/\/www.stalam.com\/es\/corporativo\/\" \/>\n<meta property=\"og:locale\" content=\"es_ES\" \/>\n<meta property=\"og:type\" content=\"article\" \/>\n<meta property=\"og:title\" content=\"Corporativo\" \/>\n<meta property=\"og:description\" content=\"Descubre informaci\u00f3n sobre la historia y la organizaci\u00f3n empresarial de Stalam.\" \/>\n<meta property=\"og:url\" content=\"https:\/\/www.stalam.com\/es\/corporativo\/\" \/>\n<meta property=\"og:site_name\" content=\"Stalam\" \/>\n<meta property=\"article:publisher\" content=\"https:\/\/www.facebook.com\/Stalam-184036235760438\/\" \/>\n<meta property=\"article:modified_time\" content=\"2025-05-27T08:58:33+00:00\" \/>\n<meta property=\"og:image\" content=\"https:\/\/www.stalam.com\/wp-content\/uploads\/2023\/06\/stalam-logo.png\" \/>\n\t<meta property=\"og:image:width\" content=\"634\" \/>\n\t<meta property=\"og:image:height\" content=\"176\" \/>\n\t<meta property=\"og:image:type\" content=\"image\/png\" \/>\n<meta name=\"twitter:card\" content=\"summary_large_image\" \/>\n<script type=\"application\/ld+json\" class=\"yoast-schema-graph\">{\"@context\":\"https:\/\/schema.org\",\"@graph\":[{\"@type\":\"WebPage\",\"@id\":\"https:\/\/www.stalam.com\/es\/corporativo\/\",\"url\":\"https:\/\/www.stalam.com\/es\/corporativo\/\",\"name\":\"Corporativo | Stalam\",\"isPartOf\":{\"@id\":\"https:\/\/www.stalam.com\/#website\"},\"datePublished\":\"2023-03-10T20:37:34+00:00\",\"dateModified\":\"2025-05-27T08:58:33+00:00\",\"description\":\"Descubre informaci\u00f3n sobre la historia y la organizaci\u00f3n empresarial de Stalam.\",\"breadcrumb\":{\"@id\":\"https:\/\/www.stalam.com\/es\/corporativo\/#breadcrumb\"},\"inLanguage\":\"es\",\"potentialAction\":[{\"@type\":\"ReadAction\",\"target\":[\"https:\/\/www.stalam.com\/es\/corporativo\/\"]}]},{\"@type\":\"BreadcrumbList\",\"@id\":\"https:\/\/www.stalam.com\/es\/corporativo\/#breadcrumb\",\"itemListElement\":[{\"@type\":\"ListItem\",\"position\":1,\"name\":\"Home\",\"item\":\"https:\/\/www.stalam.com\/es\/\"},{\"@type\":\"ListItem\",\"position\":2,\"name\":\"Corporativo\"}]},{\"@type\":\"WebSite\",\"@id\":\"https:\/\/www.stalam.com\/#website\",\"url\":\"https:\/\/www.stalam.com\/\",\"name\":\"Stalam\",\"description\":\"\",\"publisher\":{\"@id\":\"https:\/\/www.stalam.com\/#organization\"},\"potentialAction\":[{\"@type\":\"SearchAction\",\"target\":{\"@type\":\"EntryPoint\",\"urlTemplate\":\"https:\/\/www.stalam.com\/?s={search_term_string}\"},\"query-input\":{\"@type\":\"PropertyValueSpecification\",\"valueRequired\":true,\"valueName\":\"search_term_string\"}}],\"inLanguage\":\"es\"},{\"@type\":\"Organization\",\"@id\":\"https:\/\/www.stalam.com\/#organization\",\"name\":\"Stalam\",\"url\":\"https:\/\/www.stalam.com\/\",\"logo\":{\"@type\":\"ImageObject\",\"inLanguage\":\"es\",\"@id\":\"https:\/\/www.stalam.com\/#\/schema\/logo\/image\/\",\"url\":\"https:\/\/www.stalam.com\/wp-content\/uploads\/2023\/06\/stalam-logo.png\",\"contentUrl\":\"https:\/\/www.stalam.com\/wp-content\/uploads\/2023\/06\/stalam-logo.png\",\"width\":634,\"height\":176,\"caption\":\"Stalam\"},\"image\":{\"@id\":\"https:\/\/www.stalam.com\/#\/schema\/logo\/image\/\"},\"sameAs\":[\"https:\/\/www.facebook.com\/Stalam-184036235760438\/\",\"https:\/\/www.linkedin.com\/company\/stalam\/\",\"https:\/\/www.youtube.com\/channel\/UCcl2pZ10KrADorPJccCu43Q\"]}]}<\/script>\n<!-- \/ Yoast SEO Premium plugin. -->","yoast_head_json":{"title":"Corporativo | Stalam","description":"Descubre informaci\u00f3n sobre la historia y la organizaci\u00f3n empresarial de Stalam.","robots":{"index":"index","follow":"follow","max-snippet":"max-snippet:-1","max-image-preview":"max-image-preview:large","max-video-preview":"max-video-preview:-1"},"canonical":"https:\/\/www.stalam.com\/es\/corporativo\/","og_locale":"es_ES","og_type":"article","og_title":"Corporativo","og_description":"Descubre informaci\u00f3n sobre la historia y la organizaci\u00f3n empresarial de Stalam.","og_url":"https:\/\/www.stalam.com\/es\/corporativo\/","og_site_name":"Stalam","article_publisher":"https:\/\/www.facebook.com\/Stalam-184036235760438\/","article_modified_time":"2025-05-27T08:58:33+00:00","og_image":[{"width":634,"height":176,"url":"https:\/\/www.stalam.com\/wp-content\/uploads\/2023\/06\/stalam-logo.png","type":"image\/png"}],"twitter_card":"summary_large_image","schema":{"@context":"https:\/\/schema.org","@graph":[{"@type":"WebPage","@id":"https:\/\/www.stalam.com\/es\/corporativo\/","url":"https:\/\/www.stalam.com\/es\/corporativo\/","name":"Corporativo | Stalam","isPartOf":{"@id":"https:\/\/www.stalam.com\/#website"},"datePublished":"2023-03-10T20:37:34+00:00","dateModified":"2025-05-27T08:58:33+00:00","description":"Descubre informaci\u00f3n sobre la historia y la organizaci\u00f3n empresarial de Stalam.","breadcrumb":{"@id":"https:\/\/www.stalam.com\/es\/corporativo\/#breadcrumb"},"inLanguage":"es","potentialAction":[{"@type":"ReadAction","target":["https:\/\/www.stalam.com\/es\/corporativo\/"]}]},{"@type":"BreadcrumbList","@id":"https:\/\/www.stalam.com\/es\/corporativo\/#breadcrumb","itemListElement":[{"@type":"ListItem","position":1,"name":"Home","item":"https:\/\/www.stalam.com\/es\/"},{"@type":"ListItem","position":2,"name":"Corporativo"}]},{"@type":"WebSite","@id":"https:\/\/www.stalam.com\/#website","url":"https:\/\/www.stalam.com\/","name":"Stalam","description":"","publisher":{"@id":"https:\/\/www.stalam.com\/#organization"},"potentialAction":[{"@type":"SearchAction","target":{"@type":"EntryPoint","urlTemplate":"https:\/\/www.stalam.com\/?s={search_term_string}"},"query-input":{"@type":"PropertyValueSpecification","valueRequired":true,"valueName":"search_term_string"}}],"inLanguage":"es"},{"@type":"Organization","@id":"https:\/\/www.stalam.com\/#organization","name":"Stalam","url":"https:\/\/www.stalam.com\/","logo":{"@type":"ImageObject","inLanguage":"es","@id":"https:\/\/www.stalam.com\/#\/schema\/logo\/image\/","url":"https:\/\/www.stalam.com\/wp-content\/uploads\/2023\/06\/stalam-logo.png","contentUrl":"https:\/\/www.stalam.com\/wp-content\/uploads\/2023\/06\/stalam-logo.png","width":634,"height":176,"caption":"Stalam"},"image":{"@id":"https:\/\/www.stalam.com\/#\/schema\/logo\/image\/"},"sameAs":["https:\/\/www.facebook.com\/Stalam-184036235760438\/","https:\/\/www.linkedin.com\/company\/stalam\/","https:\/\/www.youtube.com\/channel\/UCcl2pZ10KrADorPJccCu43Q"]}]}},"_links":{"self":[{"href":"https:\/\/www.stalam.com\/es\/wp-json\/wp\/v2\/pages\/3996","targetHints":{"allow":["GET"]}}],"collection":[{"href":"https:\/\/www.stalam.com\/es\/wp-json\/wp\/v2\/pages"}],"about":[{"href":"https:\/\/www.stalam.com\/es\/wp-json\/wp\/v2\/types\/page"}],"author":[{"embeddable":true,"href":"https:\/\/www.stalam.com\/es\/wp-json\/wp\/v2\/users\/1"}],"replies":[{"embeddable":true,"href":"https:\/\/www.stalam.com\/es\/wp-json\/wp\/v2\/comments?post=3996"}],"version-history":[{"count":7,"href":"https:\/\/www.stalam.com\/es\/wp-json\/wp\/v2\/pages\/3996\/revisions"}],"predecessor-version":[{"id":15207,"href":"https:\/\/www.stalam.com\/es\/wp-json\/wp\/v2\/pages\/3996\/revisions\/15207"}],"wp:attachment":[{"href":"https:\/\/www.stalam.com\/es\/wp-json\/wp\/v2\/media?parent=3996"}],"curies":[{"name":"wp","href":"https:\/\/api.w.org\/{rel}","templated":true}]}}