{"id":3997,"date":"2023-03-10T17:38:29","date_gmt":"2023-03-10T16:38:29","guid":{"rendered":"https:\/\/www.stalam.com\/responsabilita-sociale\/"},"modified":"2025-05-27T10:47:46","modified_gmt":"2025-05-27T08:47:46","slug":"responsabilidad-social","status":"publish","type":"page","link":"https:\/\/www.stalam.com\/es\/responsabilidad-social\/","title":{"rendered":"Responsabilidad social empresarial"},"content":{"rendered":"\n<div class=\"fascia-bread-title bgcolor-white \">\n    <div class=\"container-fascia-bread-title\">\n        <p id=\"breadcrumbs\"><span><span><a href=\"https:\/\/www.stalam.com\/es\/\">Home<\/a><\/span><\/span><\/p>                <h1 class=\"title-big\">Responsabilidad social empresarial<\/h1>\n    <\/div>\n<\/div>\n\n\n\n\n<figure class=\"wp-block-image size-full\"><img loading=\"lazy\" decoding=\"async\" width=\"1024\" height=\"577\" src=\"https:\/\/www.stalam.com\/wp-content\/uploads\/2024\/06\/csr.jpg\" alt=\"\" class=\"wp-image-11939\" srcset=\"https:\/\/www.stalam.com\/wp-content\/uploads\/2024\/06\/csr.jpg 1024w, https:\/\/www.stalam.com\/wp-content\/uploads\/2024\/06\/csr-300x169.jpg 300w, https:\/\/www.stalam.com\/wp-content\/uploads\/2024\/06\/csr-768x433.jpg 768w\" sizes=\"auto, (max-width: 1024px) 100vw, 1024px\" \/><\/figure>\n\n\n\n<div class=\"fascia-tit-text-btn bgcolor-white \">\n    <div class=\"container-fascia-tit-text-btn\">\n\n                    <span class=\"title\">Transparencia, justicia y respeto<\/span>\n        \n        <div style=\"text-align: left\" class=\"testo-fascia\">\n            <p>El cuidado que Stalam ha puesto en los principios de transparencia, legalidad, justicia y respeto a las reglas, lo cual siempre ha caracterizado su proceder, ha llevado a la empresa a adoptar el Modelo de control y gesti\u00f3n institucional (\u00abModelo 231\u00bb), con implementaci\u00f3n del Decreto legislativo n.\u00b0 231 de 2001.<br \/>\n<br \/>\nDecreto legislativo n.\u00b0 231\/2001 &#8211; \u00abNormas relativas a la responsabilidad administrativa de las personas jur\u00eddicas, empresas y asociaciones\u00bb &#8211; introdujo en el ordenamiento jur\u00eddico italiano el concepto de responsabilidad administrativa de los entes por actos administrativos il\u00edcitos derivados de los delitos cometidos en el inter\u00e9s o a beneficio de los propios entes.<br \/>\n<br \/>\nEs por ello que Stalam toma la oportunidad brindada por este enunciado para enfatizar los altos est\u00e1ndares de conducta \u00e9tica y legal que la empresa siempre ha buscado al realizar sus actividades comerciales, lo que conlleva a tomar el compromiso pleno de responsabilidad corporativa.<br \/>\n<br \/>\nDada la trayectoria de alta \u00e9tica profesional, Stalam ha decidido adoptar el \u00abModelo 231\u00bb para aumentar la eficiencia y efectividad de su sistema de gesti\u00f3n comercial y tomar todas las medidas posibles para evitar il\u00edcitos que puedan cometerse en su inter\u00e9s o que pudieran provocar un beneficio ilegal para la empresa.<\/p>\n        <\/div>\n\n        \n        \n    <\/div>\n<\/div>\n\n\n\n\n<div class=\"fascia-tit-text-btn bgcolor-white \">\n    <div class=\"container-fascia-tit-text-btn\">\n\n                    <span class=\"title\">Principios sociales y ambientales<\/span>\n        \n        <div style=\"text-align: left\" class=\"testo-fascia\">\n            <p>Siempre al pendiente y consciente de la responsabilidad social empresarial (RSE), el enfoque adoptado por Stalam materializa la m\u00e1xima eficiencia y rentabilidad de su negocio, siempre con el debido respeto a sus principios sociales y ambientales. En otras palabras, la contribuci\u00f3n positiva busca lograr el desarrollo de la empresa dentro de su contexto legal al gestionar sus relaciones con el ambiente econ\u00f3mico e institucional en el que realiza sus operaciones, de la forma correcta.<\/p>\n        <\/div>\n\n        \n        \n    <\/div>\n<\/div>\n\n\n\n\n<div class=\"fascia-tit-text-btn bgcolor-white \">\n    <div class=\"container-fascia-tit-text-btn\">\n\n                    <span class=\"title\">Seguridad en el lugar de trabajo<\/span>\n        \n        <div style=\"text-align: left\" class=\"testo-fascia\">\n            <p>Stalam est\u00e1 comprometida con la gesti\u00f3n de seguridad y salud ocupacional, realizando un trabajo conjunto con sus empleados. La prioridad de Stalam es garantizar un ambiente laboral de salud y seguridad, y mejorar constantemente todos los aspectos del ambiente laboral. Esto, en pleno cumplimiento de las normativas vigentes de salud y seguridad.<\/p>\n        <\/div>\n\n        \n        \n    <\/div>\n<\/div>\n\n\n\n\n<div class=\"fascia-tit-text-btn bgcolor-white \">\n    <div class=\"container-fascia-tit-text-btn\">\n\n                    <span class=\"title\">Descargas<\/span>\n        \n        <div style=\"text-align: center\" class=\"testo-fascia\">\n                    <\/div>\n\n                    <a href=\"\/wp-content\/uploads\/2023\/06\/Code-of-Ethics_28-04-2016.pdf\" title=\"C\u00f3digo \u00c9tico\" class=\"btn btn-center btn-filled-r\">\n                C\u00f3digo \u00c9tico            <\/a>\n        \n        \n    <\/div>\n<\/div>\n\n","protected":false},"excerpt":{"rendered":"","protected":false},"author":1,"featured_media":0,"parent":0,"menu_order":165,"comment_status":"closed","ping_status":"closed","template":"","meta":{"_acf_changed":false,"content-type":"","footnotes":""},"class_list":["post-3997","page","type-page","status-publish","hentry"],"acf":[],"yoast_head":"<!-- This site is optimized with the Yoast SEO Premium plugin v23.9 (Yoast SEO v25.7) - https:\/\/yoast.com\/wordpress\/plugins\/seo\/ -->\n<title>Responsabilidad social | Stalam<\/title>\n<meta name=\"description\" content=\"Responsabilidad social. Ingrese al sitio y descubre informaci\u00f3n sobre la historia y la organizaci\u00f3n empresarial de Stalam.\" \/>\n<meta name=\"robots\" content=\"index, follow, max-snippet:-1, max-image-preview:large, max-video-preview:-1\" \/>\n<link rel=\"canonical\" href=\"https:\/\/www.stalam.com\/es\/responsabilidad-social\/\" \/>\n<meta property=\"og:locale\" content=\"es_ES\" \/>\n<meta property=\"og:type\" content=\"article\" \/>\n<meta property=\"og:title\" content=\"Responsabilidad social empresarial\" \/>\n<meta property=\"og:description\" content=\"Responsabilidad social. Ingrese al sitio y descubre informaci\u00f3n sobre la historia y la organizaci\u00f3n empresarial de Stalam.\" \/>\n<meta property=\"og:url\" content=\"https:\/\/www.stalam.com\/es\/responsabilidad-social\/\" \/>\n<meta property=\"og:site_name\" content=\"Stalam\" \/>\n<meta property=\"article:publisher\" content=\"https:\/\/www.facebook.com\/Stalam-184036235760438\/\" \/>\n<meta property=\"article:modified_time\" content=\"2025-05-27T08:47:46+00:00\" \/>\n<meta property=\"og:image\" content=\"https:\/\/www.stalam.com\/wp-content\/uploads\/2024\/06\/csr.jpg\" \/>\n\t<meta property=\"og:image:width\" content=\"1024\" \/>\n\t<meta property=\"og:image:height\" content=\"577\" \/>\n\t<meta property=\"og:image:type\" content=\"image\/jpeg\" \/>\n<meta name=\"twitter:card\" content=\"summary_large_image\" \/>\n<meta name=\"twitter:label1\" content=\"Tiempo de lectura\" \/>\n\t<meta name=\"twitter:data1\" content=\"1 minuto\" \/>\n<script type=\"application\/ld+json\" class=\"yoast-schema-graph\">{\"@context\":\"https:\/\/schema.org\",\"@graph\":[{\"@type\":\"WebPage\",\"@id\":\"https:\/\/www.stalam.com\/es\/responsabilidad-social\/\",\"url\":\"https:\/\/www.stalam.com\/es\/responsabilidad-social\/\",\"name\":\"Responsabilidad social | Stalam\",\"isPartOf\":{\"@id\":\"https:\/\/www.stalam.com\/#website\"},\"primaryImageOfPage\":{\"@id\":\"https:\/\/www.stalam.com\/es\/responsabilidad-social\/#primaryimage\"},\"image\":{\"@id\":\"https:\/\/www.stalam.com\/es\/responsabilidad-social\/#primaryimage\"},\"thumbnailUrl\":\"https:\/\/www.stalam.com\/wp-content\/uploads\/2024\/06\/csr.jpg\",\"datePublished\":\"2023-03-10T16:38:29+00:00\",\"dateModified\":\"2025-05-27T08:47:46+00:00\",\"description\":\"Responsabilidad social. Ingrese al sitio y descubre informaci\u00f3n sobre la historia y la organizaci\u00f3n empresarial de Stalam.\",\"breadcrumb\":{\"@id\":\"https:\/\/www.stalam.com\/es\/responsabilidad-social\/#breadcrumb\"},\"inLanguage\":\"es\",\"potentialAction\":[{\"@type\":\"ReadAction\",\"target\":[\"https:\/\/www.stalam.com\/es\/responsabilidad-social\/\"]}]},{\"@type\":\"ImageObject\",\"inLanguage\":\"es\",\"@id\":\"https:\/\/www.stalam.com\/es\/responsabilidad-social\/#primaryimage\",\"url\":\"https:\/\/www.stalam.com\/wp-content\/uploads\/2024\/06\/csr.jpg\",\"contentUrl\":\"https:\/\/www.stalam.com\/wp-content\/uploads\/2024\/06\/csr.jpg\"},{\"@type\":\"BreadcrumbList\",\"@id\":\"https:\/\/www.stalam.com\/es\/responsabilidad-social\/#breadcrumb\",\"itemListElement\":[{\"@type\":\"ListItem\",\"position\":1,\"name\":\"Home\",\"item\":\"https:\/\/www.stalam.com\/es\/\"},{\"@type\":\"ListItem\",\"position\":2,\"name\":\"Responsabilidad social empresarial\"}]},{\"@type\":\"WebSite\",\"@id\":\"https:\/\/www.stalam.com\/#website\",\"url\":\"https:\/\/www.stalam.com\/\",\"name\":\"Stalam\",\"description\":\"\",\"publisher\":{\"@id\":\"https:\/\/www.stalam.com\/#organization\"},\"potentialAction\":[{\"@type\":\"SearchAction\",\"target\":{\"@type\":\"EntryPoint\",\"urlTemplate\":\"https:\/\/www.stalam.com\/?s={search_term_string}\"},\"query-input\":{\"@type\":\"PropertyValueSpecification\",\"valueRequired\":true,\"valueName\":\"search_term_string\"}}],\"inLanguage\":\"es\"},{\"@type\":\"Organization\",\"@id\":\"https:\/\/www.stalam.com\/#organization\",\"name\":\"Stalam\",\"url\":\"https:\/\/www.stalam.com\/\",\"logo\":{\"@type\":\"ImageObject\",\"inLanguage\":\"es\",\"@id\":\"https:\/\/www.stalam.com\/#\/schema\/logo\/image\/\",\"url\":\"https:\/\/www.stalam.com\/wp-content\/uploads\/2023\/06\/stalam-logo.png\",\"contentUrl\":\"https:\/\/www.stalam.com\/wp-content\/uploads\/2023\/06\/stalam-logo.png\",\"width\":634,\"height\":176,\"caption\":\"Stalam\"},\"image\":{\"@id\":\"https:\/\/www.stalam.com\/#\/schema\/logo\/image\/\"},\"sameAs\":[\"https:\/\/www.facebook.com\/Stalam-184036235760438\/\",\"https:\/\/www.linkedin.com\/company\/stalam\/\",\"https:\/\/www.youtube.com\/channel\/UCcl2pZ10KrADorPJccCu43Q\"]}]}<\/script>\n<!-- \/ Yoast SEO Premium plugin. -->","yoast_head_json":{"title":"Responsabilidad social | Stalam","description":"Responsabilidad social. Ingrese al sitio y descubre informaci\u00f3n sobre la historia y la organizaci\u00f3n empresarial de Stalam.","robots":{"index":"index","follow":"follow","max-snippet":"max-snippet:-1","max-image-preview":"max-image-preview:large","max-video-preview":"max-video-preview:-1"},"canonical":"https:\/\/www.stalam.com\/es\/responsabilidad-social\/","og_locale":"es_ES","og_type":"article","og_title":"Responsabilidad social empresarial","og_description":"Responsabilidad social. Ingrese al sitio y descubre informaci\u00f3n sobre la historia y la organizaci\u00f3n empresarial de Stalam.","og_url":"https:\/\/www.stalam.com\/es\/responsabilidad-social\/","og_site_name":"Stalam","article_publisher":"https:\/\/www.facebook.com\/Stalam-184036235760438\/","article_modified_time":"2025-05-27T08:47:46+00:00","og_image":[{"width":1024,"height":577,"url":"https:\/\/www.stalam.com\/wp-content\/uploads\/2024\/06\/csr.jpg","type":"image\/jpeg"}],"twitter_card":"summary_large_image","twitter_misc":{"Tiempo de lectura":"1 minuto"},"schema":{"@context":"https:\/\/schema.org","@graph":[{"@type":"WebPage","@id":"https:\/\/www.stalam.com\/es\/responsabilidad-social\/","url":"https:\/\/www.stalam.com\/es\/responsabilidad-social\/","name":"Responsabilidad social | Stalam","isPartOf":{"@id":"https:\/\/www.stalam.com\/#website"},"primaryImageOfPage":{"@id":"https:\/\/www.stalam.com\/es\/responsabilidad-social\/#primaryimage"},"image":{"@id":"https:\/\/www.stalam.com\/es\/responsabilidad-social\/#primaryimage"},"thumbnailUrl":"https:\/\/www.stalam.com\/wp-content\/uploads\/2024\/06\/csr.jpg","datePublished":"2023-03-10T16:38:29+00:00","dateModified":"2025-05-27T08:47:46+00:00","description":"Responsabilidad social. Ingrese al sitio y descubre informaci\u00f3n sobre la historia y la organizaci\u00f3n empresarial de Stalam.","breadcrumb":{"@id":"https:\/\/www.stalam.com\/es\/responsabilidad-social\/#breadcrumb"},"inLanguage":"es","potentialAction":[{"@type":"ReadAction","target":["https:\/\/www.stalam.com\/es\/responsabilidad-social\/"]}]},{"@type":"ImageObject","inLanguage":"es","@id":"https:\/\/www.stalam.com\/es\/responsabilidad-social\/#primaryimage","url":"https:\/\/www.stalam.com\/wp-content\/uploads\/2024\/06\/csr.jpg","contentUrl":"https:\/\/www.stalam.com\/wp-content\/uploads\/2024\/06\/csr.jpg"},{"@type":"BreadcrumbList","@id":"https:\/\/www.stalam.com\/es\/responsabilidad-social\/#breadcrumb","itemListElement":[{"@type":"ListItem","position":1,"name":"Home","item":"https:\/\/www.stalam.com\/es\/"},{"@type":"ListItem","position":2,"name":"Responsabilidad social empresarial"}]},{"@type":"WebSite","@id":"https:\/\/www.stalam.com\/#website","url":"https:\/\/www.stalam.com\/","name":"Stalam","description":"","publisher":{"@id":"https:\/\/www.stalam.com\/#organization"},"potentialAction":[{"@type":"SearchAction","target":{"@type":"EntryPoint","urlTemplate":"https:\/\/www.stalam.com\/?s={search_term_string}"},"query-input":{"@type":"PropertyValueSpecification","valueRequired":true,"valueName":"search_term_string"}}],"inLanguage":"es"},{"@type":"Organization","@id":"https:\/\/www.stalam.com\/#organization","name":"Stalam","url":"https:\/\/www.stalam.com\/","logo":{"@type":"ImageObject","inLanguage":"es","@id":"https:\/\/www.stalam.com\/#\/schema\/logo\/image\/","url":"https:\/\/www.stalam.com\/wp-content\/uploads\/2023\/06\/stalam-logo.png","contentUrl":"https:\/\/www.stalam.com\/wp-content\/uploads\/2023\/06\/stalam-logo.png","width":634,"height":176,"caption":"Stalam"},"image":{"@id":"https:\/\/www.stalam.com\/#\/schema\/logo\/image\/"},"sameAs":["https:\/\/www.facebook.com\/Stalam-184036235760438\/","https:\/\/www.linkedin.com\/company\/stalam\/","https:\/\/www.youtube.com\/channel\/UCcl2pZ10KrADorPJccCu43Q"]}]}},"_links":{"self":[{"href":"https:\/\/www.stalam.com\/es\/wp-json\/wp\/v2\/pages\/3997","targetHints":{"allow":["GET"]}}],"collection":[{"href":"https:\/\/www.stalam.com\/es\/wp-json\/wp\/v2\/pages"}],"about":[{"href":"https:\/\/www.stalam.com\/es\/wp-json\/wp\/v2\/types\/page"}],"author":[{"embeddable":true,"href":"https:\/\/www.stalam.com\/es\/wp-json\/wp\/v2\/users\/1"}],"replies":[{"embeddable":true,"href":"https:\/\/www.stalam.com\/es\/wp-json\/wp\/v2\/comments?post=3997"}],"version-history":[{"count":15,"href":"https:\/\/www.stalam.com\/es\/wp-json\/wp\/v2\/pages\/3997\/revisions"}],"predecessor-version":[{"id":15199,"href":"https:\/\/www.stalam.com\/es\/wp-json\/wp\/v2\/pages\/3997\/revisions\/15199"}],"wp:attachment":[{"href":"https:\/\/www.stalam.com\/es\/wp-json\/wp\/v2\/media?parent=3997"}],"curies":[{"name":"wp","href":"https:\/\/api.w.org\/{rel}","templated":true}]}}