{"id":4020,"date":"2023-05-18T11:31:15","date_gmt":"2023-05-18T09:31:15","guid":{"rendered":"https:\/\/www.stalam.com\/rf-per-fornerie-industriali\/"},"modified":"2025-05-27T11:42:02","modified_gmt":"2025-05-27T09:42:02","slug":"rf-para-panaderias-industriales","status":"publish","type":"page","link":"https:\/\/www.stalam.com\/es\/rf-para-panaderias-industriales\/","title":{"rendered":"RF para panader\u00ecas industriales"},"content":{"rendered":"\n<div class=\"fascia-bread-title bgcolor-white \">\n    <div class=\"container-fascia-bread-title\">\n        <p id=\"breadcrumbs\"><span><span><a href=\"https:\/\/www.stalam.com\/es\/\">Home<\/a><\/span><\/span><\/p>                <h1 class=\"title-big\">RF para panader\u00ecas industriales<\/h1>\n    <\/div>\n<\/div>\n\n\n\n\n<figure class=\"wp-block-image size-full\"><img loading=\"lazy\" decoding=\"async\" width=\"1024\" height=\"577\" src=\"https:\/\/www.stalam.com\/wp-content\/uploads\/2025\/05\/pb001.png\" alt=\"\" class=\"wp-image-15104\" srcset=\"https:\/\/www.stalam.com\/wp-content\/uploads\/2025\/05\/pb001.png 1024w, https:\/\/www.stalam.com\/wp-content\/uploads\/2025\/05\/pb001-300x169.png 300w, https:\/\/www.stalam.com\/wp-content\/uploads\/2025\/05\/pb001-768x433.png 768w\" sizes=\"auto, (max-width: 1024px) 100vw, 1024px\" \/><\/figure>\n\n\n\n<div class=\"fascia-tit-text-btn bgcolor-white \">\n    <div class=\"container-fascia-tit-text-btn\">\n\n        \n        <div style=\"text-align: left\" class=\"testo-fascia\">\n            <p>En los hornos de reposter\u00eda, despu\u00e9s de que el \u00abdesarrollo\u00bb de la masa y la fase \u00abreal\u00bb de cocci\u00f3n, al menos un tercio de la longitud del horno (la secci\u00f3n final) est\u00e1 dedicada para \u00abcolorear y secar\u00bb el producto.<\/p>\n<p>A lo largo del proceso de cocci\u00f3n, cuando el producto pierde humedad, disminuye su conductividad t\u00e9rmica y la evaporaci\u00f3n se ralentiza. La evaporaci\u00f3n se ve a\u00fan m\u00e1s comprometida por la formaci\u00f3n de una costra que act\u00faa como una barrera de transferencia de calor y masa.<\/p>\n<p>Quitar el exceso de humedad final de un producto horneado es una tarea desafiante: para el horno convencional es dif\u00edcil transferir calor al centro sin el riesgo de un exceso de coloraci\u00f3n, lo que se traducir\u00e1 en un producto oscuro y con otro tipo de caracter\u00edsticas. Se ha detectado que este acabado tostado es una de las causas de la formaci\u00f3n de acrilamida, una sustancia cancer\u00edgena sospechosa que se forma durante la cocci\u00f3n, horneado y fritura de alimentos ricos en hidratos de carbono. Por \u00faltimo, pero no menos importante, el diferencial de humedad entre el centro y la corteza generar\u00e1 tensiones dentro del producto, durante y despu\u00e9s de la refrigeraci\u00f3n, que puede provocar el llamado fen\u00f3meno de \u00abchecking\u00bb, es decir, grietas y fracturas que aparecen en el producto incluso sin ning\u00fan estr\u00e9s mec\u00e1nico.<\/p>\n<p>Esta es la fase donde las operaciones de RF posteriores al horneado tienen un mayor valor.<\/p>\n<p>El campo electromagn\u00e9tico de radiofrecuencia, gracias a su capacidad para transferir la energ\u00eda al producto de forma volum\u00e9trica y selectiva seg\u00fan la ubicaci\u00f3n de la humedad, supera la baja conductividad t\u00e9rmica y la barrera t\u00e9rmica de la corteza para secar directamente el centro (h\u00famedo) del producto sin afectar al color deseado.<\/p>\n<p>Pr\u00e1cticamente, combinando un horno tradicional con un equipo de RF de post-horneado, se puede gestionar el proceso de horneado de la siguiente manera: el desarrollo, el horneado y la coloraci\u00f3n del producto tendr\u00e1n lugar en el horno tradicional, mientras que la \u00faltima fase de secado tendr\u00e1 lugar en los equipos de RF, con grandes beneficios en t\u00e9rminos de ahorro energ\u00e9tico, reducci\u00f3n del tiempo de proceso y calidad del producto final.<\/p>\n        <\/div>\n\n        \n        \n    <\/div>\n<\/div>\n\n\n\n\n<div class=\"fascia-tit-text-btn bgcolor-white \">\n    <div class=\"container-fascia-tit-text-btn\">\n\n                    <span class=\"title\">Rasgos distintivos de los secadores Stalam para el post-horneado<\/span>\n        \n        <div style=\"text-align: left\" class=\"testo-fascia\">\n            <p><strong>Sistema patentado de electrodos de \u00abdoble polaridad\u00bb<\/strong><br \/>\nStalam ha desarrollado y patentado un <a href=\"\/es\/patentes\/\">sistema de electrodos especiales denominados de \u00abdoble polaridad\u00bb<\/a> que es capaz de generar una fuerte concentraci\u00f3n horizontal en el campo de RF en productos delgados (es decir, hasta aproximadamente 20 mm de grosor). Gracias a su exclusivo patr\u00f3n de campo de RF entre los electrodos, se obtienen las siguientes ventajas:<\/p>\n<ul>\n<li>La potencia se acopla eficazmente al producto incluso con valores bajos de tensi\u00f3n del electrodo.<\/li>\n<li>Se puede evitar una posible descarga el\u00e9ctrica (formaci\u00f3n de arco) desde el electrodo causando da\u00f1os al producto o a la cinta transportadora.<\/li>\n<li>Gracias a la ausencia de estr\u00e9s causado por tensiones superiores, se obtiene una mayor vida \u00fatil de los componentes del generador de RF.<\/li>\n<\/ul>\n<p>&nbsp;<\/p>\n<p><strong>Ajuste de potencia mediante un \u00abcondensador variable\u00bb<\/strong><br \/>\nA diferencia de otros equipos de radiofrecuencia, donde el movimiento hacia arriba y hacia abajo del electrodo controla la potencia, el circuito de control de alimentaci\u00f3n de Stalam (compuesto por un condensador variable controlado por PLC) est\u00e1 situado en el compartimiento del generador y ajusta la potencia de salida de RF de forma independiente desde la posici\u00f3n del electrodo en el horno (sistema de electrodo fijo). A continuaci\u00f3n se muestran algunas de las ventajas de sistema de electrodos fijos:<\/p>\n<ul>\n<li>Dado que no es necesario mover continuamente el electrodo del horno hacia arriba y hacia abajo para ajustar la potencia, se elimina por completo el riesgo de que los electrodos superiores choquen contra el interruptor de fin de carrera o debido a fallos en el sistema de accionamiento.<\/li>\n<li>Debido a la ausencia de piezas m\u00f3viles en el sistema de electrodos fijos, el horno requiere un mantenimiento m\u00ednimo.<\/li>\n<li>La limpieza del horno y la eliminaci\u00f3n de desechos de productos es una operaci\u00f3n f\u00e1cil que se puede hacer sin quitar los electrodos.<\/li>\n<li>Se obtienen intervalos m\u00e1s amplios de los niveles de potencia con sistemas de electrodos fijos, a diferencia de las unidades equipadas con sistemas de separaci\u00f3n de aire variable donde la potencia de salida a veces est\u00e1 limitada por la altura del producto o el interruptores de fin de carrera del electrodo.<\/li>\n<\/ul>\n<p>&nbsp;<\/p>\n<p><strong>Baja \u00abdensidad de potencia\u00bb de trabajo\u00bb (secado suave)<\/strong><br \/>\nLa densidad de potencia (kW\/m2) se define como la cantidad de potencia aplicada a un producto en la zona del electrodo en cualquier momento. Un electrodo con una longitud relativamente corta someter\u00e1 al producto a una intensa concentraci\u00f3n de energ\u00eda en un corto tiempo de residencia proporcional. Este efecto puede causar da\u00f1os a alg\u00fan tipo de producto y puede producir malos resultados de secado.<\/p>\n<p>Debido a la configuraci\u00f3n especial del horno, Stalam ha podido aumentar la superficie del electrodo para ofrecer la menor densidad de potencia, lo que, a su vez, se traduce en un secado suave pero eficaz del producto.<\/p>\n        <\/div>\n\n        \n        \n    <\/div>\n<\/div>\n\n\n\n\n<div class=\"fascia-newsletter bgcolor-grey \">\n    <div class=\"container-newsletter\">\n                    <span class=\"title\">\u00bfLe gustar\u00eda conocer m\u00e1s sobre nuestras soluciones?<\/span>\n        \n                    <a href=\"https:\/\/www.stalam.com\/es\/informacion-requerida\/\" title=\"Solicitar informaci\u00f3n\" class=\"btn btn-filled-r\">\n                Solicitar informaci\u00f3n            <\/a>\n            <\/div>\n<\/div>\n\n","protected":false},"excerpt":{"rendered":"","protected":false},"author":1,"featured_media":0,"parent":0,"menu_order":126,"comment_status":"closed","ping_status":"closed","template":"","meta":{"_acf_changed":false,"content-type":"","footnotes":""},"class_list":["post-4020","page","type-page","status-publish","hentry"],"acf":[],"yoast_head":"<!-- This site is optimized with the Yoast SEO Premium plugin v23.9 (Yoast SEO v25.7) - https:\/\/yoast.com\/wordpress\/plugins\/seo\/ -->\n<title>Tratamientos para horneado y post-horneado, Productos y Servicios | Stalam<\/title>\n<meta name=\"description\" content=\"El campo electromagn\u00e9tico de radiofrecuencia, gracias a su capacidad para transferir la energ\u00eda al producto de forma volum\u00e9trica y selectiva seg\u00fan la ubicaci\u00f3n de la humedad, supera la baja conductividad t\u00e9rmica y la barrera t\u00e9rmica de la corteza para secar directamente el centro (h\u00famedo) del producto sin afectar al color deseado.\" \/>\n<meta name=\"robots\" content=\"index, follow, max-snippet:-1, max-image-preview:large, max-video-preview:-1\" \/>\n<link rel=\"canonical\" href=\"https:\/\/www.stalam.com\/es\/rf-para-panaderias-industriales\/\" \/>\n<meta property=\"og:locale\" content=\"es_ES\" \/>\n<meta property=\"og:type\" content=\"article\" \/>\n<meta property=\"og:title\" content=\"RF para panader\u00ecas industriales\" \/>\n<meta property=\"og:description\" content=\"El campo electromagn\u00e9tico de radiofrecuencia, gracias a su capacidad para transferir la energ\u00eda al producto de forma volum\u00e9trica y selectiva seg\u00fan la ubicaci\u00f3n de la humedad, supera la baja conductividad t\u00e9rmica y la barrera t\u00e9rmica de la corteza para secar directamente el centro (h\u00famedo) del producto sin afectar al color deseado.\" \/>\n<meta property=\"og:url\" content=\"https:\/\/www.stalam.com\/es\/rf-para-panaderias-industriales\/\" \/>\n<meta property=\"og:site_name\" content=\"Stalam\" \/>\n<meta property=\"article:publisher\" content=\"https:\/\/www.facebook.com\/Stalam-184036235760438\/\" \/>\n<meta property=\"article:modified_time\" content=\"2025-05-27T09:42:02+00:00\" \/>\n<meta property=\"og:image\" content=\"https:\/\/www.stalam.com\/wp-content\/uploads\/2025\/05\/pb001.png\" \/>\n\t<meta property=\"og:image:width\" content=\"1024\" \/>\n\t<meta property=\"og:image:height\" content=\"577\" \/>\n\t<meta property=\"og:image:type\" content=\"image\/png\" \/>\n<meta name=\"twitter:card\" content=\"summary_large_image\" \/>\n<meta name=\"twitter:label1\" content=\"Tiempo de lectura\" \/>\n\t<meta name=\"twitter:data1\" content=\"1 minuto\" \/>\n<script type=\"application\/ld+json\" class=\"yoast-schema-graph\">{\"@context\":\"https:\/\/schema.org\",\"@graph\":[{\"@type\":\"WebPage\",\"@id\":\"https:\/\/www.stalam.com\/es\/rf-para-panaderias-industriales\/\",\"url\":\"https:\/\/www.stalam.com\/es\/rf-para-panaderias-industriales\/\",\"name\":\"Tratamientos para horneado y post-horneado, Productos y Servicios | Stalam\",\"isPartOf\":{\"@id\":\"https:\/\/www.stalam.com\/#website\"},\"primaryImageOfPage\":{\"@id\":\"https:\/\/www.stalam.com\/es\/rf-para-panaderias-industriales\/#primaryimage\"},\"image\":{\"@id\":\"https:\/\/www.stalam.com\/es\/rf-para-panaderias-industriales\/#primaryimage\"},\"thumbnailUrl\":\"https:\/\/www.stalam.com\/wp-content\/uploads\/2025\/05\/pb001.png\",\"datePublished\":\"2023-05-18T09:31:15+00:00\",\"dateModified\":\"2025-05-27T09:42:02+00:00\",\"description\":\"El campo electromagn\u00e9tico de radiofrecuencia, gracias a su capacidad para transferir la energ\u00eda al producto de forma volum\u00e9trica y selectiva seg\u00fan la ubicaci\u00f3n de la humedad, supera la baja conductividad t\u00e9rmica y la barrera t\u00e9rmica de la corteza para secar directamente el centro (h\u00famedo) del producto sin afectar al color deseado.\",\"breadcrumb\":{\"@id\":\"https:\/\/www.stalam.com\/es\/rf-para-panaderias-industriales\/#breadcrumb\"},\"inLanguage\":\"es\",\"potentialAction\":[{\"@type\":\"ReadAction\",\"target\":[\"https:\/\/www.stalam.com\/es\/rf-para-panaderias-industriales\/\"]}]},{\"@type\":\"ImageObject\",\"inLanguage\":\"es\",\"@id\":\"https:\/\/www.stalam.com\/es\/rf-para-panaderias-industriales\/#primaryimage\",\"url\":\"https:\/\/www.stalam.com\/wp-content\/uploads\/2025\/05\/pb001.png\",\"contentUrl\":\"https:\/\/www.stalam.com\/wp-content\/uploads\/2025\/05\/pb001.png\"},{\"@type\":\"BreadcrumbList\",\"@id\":\"https:\/\/www.stalam.com\/es\/rf-para-panaderias-industriales\/#breadcrumb\",\"itemListElement\":[{\"@type\":\"ListItem\",\"position\":1,\"name\":\"Home\",\"item\":\"https:\/\/www.stalam.com\/es\/\"},{\"@type\":\"ListItem\",\"position\":2,\"name\":\"RF para panader\u00ecas industriales\"}]},{\"@type\":\"WebSite\",\"@id\":\"https:\/\/www.stalam.com\/#website\",\"url\":\"https:\/\/www.stalam.com\/\",\"name\":\"Stalam\",\"description\":\"\",\"publisher\":{\"@id\":\"https:\/\/www.stalam.com\/#organization\"},\"potentialAction\":[{\"@type\":\"SearchAction\",\"target\":{\"@type\":\"EntryPoint\",\"urlTemplate\":\"https:\/\/www.stalam.com\/?s={search_term_string}\"},\"query-input\":{\"@type\":\"PropertyValueSpecification\",\"valueRequired\":true,\"valueName\":\"search_term_string\"}}],\"inLanguage\":\"es\"},{\"@type\":\"Organization\",\"@id\":\"https:\/\/www.stalam.com\/#organization\",\"name\":\"Stalam\",\"url\":\"https:\/\/www.stalam.com\/\",\"logo\":{\"@type\":\"ImageObject\",\"inLanguage\":\"es\",\"@id\":\"https:\/\/www.stalam.com\/#\/schema\/logo\/image\/\",\"url\":\"https:\/\/www.stalam.com\/wp-content\/uploads\/2023\/06\/stalam-logo.png\",\"contentUrl\":\"https:\/\/www.stalam.com\/wp-content\/uploads\/2023\/06\/stalam-logo.png\",\"width\":634,\"height\":176,\"caption\":\"Stalam\"},\"image\":{\"@id\":\"https:\/\/www.stalam.com\/#\/schema\/logo\/image\/\"},\"sameAs\":[\"https:\/\/www.facebook.com\/Stalam-184036235760438\/\",\"https:\/\/www.linkedin.com\/company\/stalam\/\",\"https:\/\/www.youtube.com\/channel\/UCcl2pZ10KrADorPJccCu43Q\"]}]}<\/script>\n<!-- \/ Yoast SEO Premium plugin. -->","yoast_head_json":{"title":"Tratamientos para horneado y post-horneado, Productos y Servicios | Stalam","description":"El campo electromagn\u00e9tico de radiofrecuencia, gracias a su capacidad para transferir la energ\u00eda al producto de forma volum\u00e9trica y selectiva seg\u00fan la ubicaci\u00f3n de la humedad, supera la baja conductividad t\u00e9rmica y la barrera t\u00e9rmica de la corteza para secar directamente el centro (h\u00famedo) del producto sin afectar al color deseado.","robots":{"index":"index","follow":"follow","max-snippet":"max-snippet:-1","max-image-preview":"max-image-preview:large","max-video-preview":"max-video-preview:-1"},"canonical":"https:\/\/www.stalam.com\/es\/rf-para-panaderias-industriales\/","og_locale":"es_ES","og_type":"article","og_title":"RF para panader\u00ecas industriales","og_description":"El campo electromagn\u00e9tico de radiofrecuencia, gracias a su capacidad para transferir la energ\u00eda al producto de forma volum\u00e9trica y selectiva seg\u00fan la ubicaci\u00f3n de la humedad, supera la baja conductividad t\u00e9rmica y la barrera t\u00e9rmica de la corteza para secar directamente el centro (h\u00famedo) del producto sin afectar al color deseado.","og_url":"https:\/\/www.stalam.com\/es\/rf-para-panaderias-industriales\/","og_site_name":"Stalam","article_publisher":"https:\/\/www.facebook.com\/Stalam-184036235760438\/","article_modified_time":"2025-05-27T09:42:02+00:00","og_image":[{"width":1024,"height":577,"url":"https:\/\/www.stalam.com\/wp-content\/uploads\/2025\/05\/pb001.png","type":"image\/png"}],"twitter_card":"summary_large_image","twitter_misc":{"Tiempo de lectura":"1 minuto"},"schema":{"@context":"https:\/\/schema.org","@graph":[{"@type":"WebPage","@id":"https:\/\/www.stalam.com\/es\/rf-para-panaderias-industriales\/","url":"https:\/\/www.stalam.com\/es\/rf-para-panaderias-industriales\/","name":"Tratamientos para horneado y post-horneado, Productos y Servicios | Stalam","isPartOf":{"@id":"https:\/\/www.stalam.com\/#website"},"primaryImageOfPage":{"@id":"https:\/\/www.stalam.com\/es\/rf-para-panaderias-industriales\/#primaryimage"},"image":{"@id":"https:\/\/www.stalam.com\/es\/rf-para-panaderias-industriales\/#primaryimage"},"thumbnailUrl":"https:\/\/www.stalam.com\/wp-content\/uploads\/2025\/05\/pb001.png","datePublished":"2023-05-18T09:31:15+00:00","dateModified":"2025-05-27T09:42:02+00:00","description":"El campo electromagn\u00e9tico de radiofrecuencia, gracias a su capacidad para transferir la energ\u00eda al producto de forma volum\u00e9trica y selectiva seg\u00fan la ubicaci\u00f3n de la humedad, supera la baja conductividad t\u00e9rmica y la barrera t\u00e9rmica de la corteza para secar directamente el centro (h\u00famedo) del producto sin afectar al color deseado.","breadcrumb":{"@id":"https:\/\/www.stalam.com\/es\/rf-para-panaderias-industriales\/#breadcrumb"},"inLanguage":"es","potentialAction":[{"@type":"ReadAction","target":["https:\/\/www.stalam.com\/es\/rf-para-panaderias-industriales\/"]}]},{"@type":"ImageObject","inLanguage":"es","@id":"https:\/\/www.stalam.com\/es\/rf-para-panaderias-industriales\/#primaryimage","url":"https:\/\/www.stalam.com\/wp-content\/uploads\/2025\/05\/pb001.png","contentUrl":"https:\/\/www.stalam.com\/wp-content\/uploads\/2025\/05\/pb001.png"},{"@type":"BreadcrumbList","@id":"https:\/\/www.stalam.com\/es\/rf-para-panaderias-industriales\/#breadcrumb","itemListElement":[{"@type":"ListItem","position":1,"name":"Home","item":"https:\/\/www.stalam.com\/es\/"},{"@type":"ListItem","position":2,"name":"RF para panader\u00ecas industriales"}]},{"@type":"WebSite","@id":"https:\/\/www.stalam.com\/#website","url":"https:\/\/www.stalam.com\/","name":"Stalam","description":"","publisher":{"@id":"https:\/\/www.stalam.com\/#organization"},"potentialAction":[{"@type":"SearchAction","target":{"@type":"EntryPoint","urlTemplate":"https:\/\/www.stalam.com\/?s={search_term_string}"},"query-input":{"@type":"PropertyValueSpecification","valueRequired":true,"valueName":"search_term_string"}}],"inLanguage":"es"},{"@type":"Organization","@id":"https:\/\/www.stalam.com\/#organization","name":"Stalam","url":"https:\/\/www.stalam.com\/","logo":{"@type":"ImageObject","inLanguage":"es","@id":"https:\/\/www.stalam.com\/#\/schema\/logo\/image\/","url":"https:\/\/www.stalam.com\/wp-content\/uploads\/2023\/06\/stalam-logo.png","contentUrl":"https:\/\/www.stalam.com\/wp-content\/uploads\/2023\/06\/stalam-logo.png","width":634,"height":176,"caption":"Stalam"},"image":{"@id":"https:\/\/www.stalam.com\/#\/schema\/logo\/image\/"},"sameAs":["https:\/\/www.facebook.com\/Stalam-184036235760438\/","https:\/\/www.linkedin.com\/company\/stalam\/","https:\/\/www.youtube.com\/channel\/UCcl2pZ10KrADorPJccCu43Q"]}]}},"_links":{"self":[{"href":"https:\/\/www.stalam.com\/es\/wp-json\/wp\/v2\/pages\/4020","targetHints":{"allow":["GET"]}}],"collection":[{"href":"https:\/\/www.stalam.com\/es\/wp-json\/wp\/v2\/pages"}],"about":[{"href":"https:\/\/www.stalam.com\/es\/wp-json\/wp\/v2\/types\/page"}],"author":[{"embeddable":true,"href":"https:\/\/www.stalam.com\/es\/wp-json\/wp\/v2\/users\/1"}],"replies":[{"embeddable":true,"href":"https:\/\/www.stalam.com\/es\/wp-json\/wp\/v2\/comments?post=4020"}],"version-history":[{"count":8,"href":"https:\/\/www.stalam.com\/es\/wp-json\/wp\/v2\/pages\/4020\/revisions"}],"predecessor-version":[{"id":15237,"href":"https:\/\/www.stalam.com\/es\/wp-json\/wp\/v2\/pages\/4020\/revisions\/15237"}],"wp:attachment":[{"href":"https:\/\/www.stalam.com\/es\/wp-json\/wp\/v2\/media?parent=4020"}],"curies":[{"name":"wp","href":"https:\/\/api.w.org\/{rel}","templated":true}]}}