{"id":4021,"date":"2023-05-18T11:23:33","date_gmt":"2023-05-18T09:23:33","guid":{"rendered":"https:\/\/www.stalam.com\/rf-vs-microonde\/"},"modified":"2025-05-27T11:44:32","modified_gmt":"2025-05-27T09:44:32","slug":"rf-vs-microondas","status":"publish","type":"page","link":"https:\/\/www.stalam.com\/es\/rf-vs-microondas\/","title":{"rendered":"RF vs Microondas"},"content":{"rendered":"\n<div class=\"fascia-bread-title bgcolor-white \">\n    <div class=\"container-fascia-bread-title\">\n        <p id=\"breadcrumbs\"><span><span><a href=\"https:\/\/www.stalam.com\/es\/\">Home<\/a><\/span><\/span><\/p>                <h1 class=\"title-big\">RF vs Microondas<\/h1>\n    <\/div>\n<\/div>\n\n\n\n\n<figure class=\"wp-block-image size-large\"><img loading=\"lazy\" decoding=\"async\" width=\"1024\" height=\"577\" src=\"https:\/\/www.stalam.com\/wp-content\/uploads\/2024\/05\/shutterstock_554224780-1024x577.jpg\" alt=\"\" class=\"wp-image-10993\" srcset=\"https:\/\/www.stalam.com\/wp-content\/uploads\/2024\/05\/shutterstock_554224780-1024x577.jpg 1024w, https:\/\/www.stalam.com\/wp-content\/uploads\/2024\/05\/shutterstock_554224780-300x169.jpg 300w, https:\/\/www.stalam.com\/wp-content\/uploads\/2024\/05\/shutterstock_554224780-768x432.jpg 768w, https:\/\/www.stalam.com\/wp-content\/uploads\/2024\/05\/shutterstock_554224780-1536x865.jpg 1536w, https:\/\/www.stalam.com\/wp-content\/uploads\/2024\/05\/shutterstock_554224780.jpg 2000w\" sizes=\"auto, (max-width: 1024px) 100vw, 1024px\" \/><\/figure>\n\n\n\n<div class=\"fascia-tit-text-btn bgcolor-white \">\n    <div class=\"container-fascia-tit-text-btn\">\n\n        \n        <div style=\"text-align: left\" class=\"testo-fascia\">\n            <p>Los m\u00e9todos de calentamiento por radiofrecuencia (RF) y microondas (MW) son tanto \u00abend\u00f3genos\u00bb como \u00abvolum\u00e9tricos\u00bb. Esto significa que la energ\u00eda t\u00e9rmica no se transfiere dentro del producto a trav\u00e9s de su superficie a partir de una fuente de calor externa, como ocurre con los m\u00e9todos de calentamiento convencionales basados en la conducci\u00f3n, convecci\u00f3n y radiaci\u00f3n del calor, sino que se genera directamente en toda su masa gracias a la conversi\u00f3n de la energ\u00eda de un campo electromagn\u00e9tico oscilante, a una frecuencia adecuada, en energ\u00eda t\u00e9rmica.<\/p>\n<p>Aunque los mecanismos de calentamiento por radiofrecuencia y microondas son similares e igualmente eficaces en algunos campos de aplicaci\u00f3n, existen algunas diferencias sustanciales entre las dos tecnolog\u00edas; las caracter\u00edsticas \u00fanicas y espec\u00edficas de la tecnolog\u00eda y equipos de RF convierten a esta t\u00e9cnica en la mejor mejor soluci\u00f3n en la mayor\u00eda de casos, y en la \u00fanica en algunos casos, para varios procesos industriales.<\/p>\n        <\/div>\n\n        \n        \n    <\/div>\n<\/div>\n\n\n\n\n<div class=\"fascia-tit-text-btn bgcolor-white \">\n    <div class=\"container-fascia-tit-text-btn\">\n\n                    <span class=\"title\">Mayor profundidad de penetraci\u00f3n<\/span>\n        \n        <div style=\"text-align: left\" class=\"testo-fascia\">\n            <p>Debido a su corta longitud de onda, el uso industrial de microondas est\u00e1 limitado a las aplicaciones de los productos con un tama\u00f1o proporcionalmente peque\u00f1o. Por el contrario, las radiofrecuencias, gracias a su mayor longitud de onda y la consiguiente capacidad para penetrar profundamente incluso en materiales densos y grandes, se puede usar ampliamente en productos con pr\u00e1cticamente cualquier tama\u00f1o.<\/p>\n        <\/div>\n\n        \n        \n    <\/div>\n<\/div>\n\n\n\n\n<figure class=\"wp-block-image size-large\"><img loading=\"lazy\" decoding=\"async\" width=\"1024\" height=\"683\" src=\"https:\/\/www.stalam.com\/wp-content\/uploads\/2024\/05\/shutterstock_662422402-1024x683.jpg\" alt=\"\" class=\"wp-image-11120\" srcset=\"https:\/\/www.stalam.com\/wp-content\/uploads\/2024\/05\/shutterstock_662422402-1024x683.jpg 1024w, https:\/\/www.stalam.com\/wp-content\/uploads\/2024\/05\/shutterstock_662422402-300x200.jpg 300w, https:\/\/www.stalam.com\/wp-content\/uploads\/2024\/05\/shutterstock_662422402-768x512.jpg 768w, https:\/\/www.stalam.com\/wp-content\/uploads\/2024\/05\/shutterstock_662422402-1536x1024.jpg 1536w, https:\/\/www.stalam.com\/wp-content\/uploads\/2024\/05\/shutterstock_662422402-2048x1365.jpg 2048w\" sizes=\"auto, (max-width: 1024px) 100vw, 1024px\" \/><\/figure>\n\n\n\n<div class=\"fascia-tit-text-btn bgcolor-white \">\n    <div class=\"container-fascia-tit-text-btn\">\n\n                    <span class=\"title\">Una mayor uniformidad de calentamiento<\/span>\n        \n        <div style=\"text-align: left\" class=\"testo-fascia\">\n            <p>La transferencia de energ\u00eda desde la fuente de microondas hasta el producto a trav\u00e9s de la gu\u00eda de onda es un fen\u00f3meno estad\u00edstico que no se puede controlar con precisi\u00f3n y que normalmente provoca un tratamiento y unas temperaturas desiguales. Por el contrario, en el caso de la radiofrecuencia, la energ\u00eda para el tratamiento requerido se suministra a trav\u00e9s de un aplicador cuya geometr\u00eda est\u00e1 dise\u00f1ada y configurada seg\u00fan el tama\u00f1o y la forma del producto. Por lo tanto, el producto puede absorber la energ\u00eda de manera uniforme y difusa.<\/p>\n        <\/div>\n\n        \n        \n    <\/div>\n<\/div>\n\n\n\n\n<div class=\"fascia-tit-text-btn bgcolor-white \">\n    <div class=\"container-fascia-tit-text-btn\">\n\n                    <span class=\"title\">Una mayor selectividad<\/span>\n        \n        <div style=\"text-align: left\" class=\"testo-fascia\">\n            <p>Con frecuencias m\u00e1s altas, t\u00edpico de las microondas, las diferencias entre los factores de p\u00e9rdida de los diferentes productos, generalmente, son mucho m\u00e1s peque\u00f1as que las de las frecuencias m\u00e1s bajas, t\u00edpicas de las ondas de radiofrecuencia. Esto significa que las radiofrecuencias son m\u00e1s selectivas en al calentar los productos con diferentes propiedades qu\u00edmicas, f\u00edsicas y morfol\u00f3gicas, adem\u00e1s de que facilitan el control del tratamiento t\u00e9rmico de materiales diferentes. Esta caracter\u00edstica es muy \u00fatil en aplicaciones de secado, donde la radiofrecuencia puede absorberse de manera preferente por el agua contenida en el producto, permitiendo, de esta forma, un proceso de secado r\u00e1pido y eficaz sin afectar al sustrato.<\/p>\n        <\/div>\n\n        \n        \n    <\/div>\n<\/div>\n\n\n\n\n<figure class=\"wp-block-image size-large\"><img loading=\"lazy\" decoding=\"async\" width=\"1024\" height=\"576\" src=\"https:\/\/www.stalam.com\/wp-content\/uploads\/2024\/05\/shutterstock_576142081-1024x576.jpg\" alt=\"\" class=\"wp-image-11129\" srcset=\"https:\/\/www.stalam.com\/wp-content\/uploads\/2024\/05\/shutterstock_576142081-1024x576.jpg 1024w, https:\/\/www.stalam.com\/wp-content\/uploads\/2024\/05\/shutterstock_576142081-300x169.jpg 300w, https:\/\/www.stalam.com\/wp-content\/uploads\/2024\/05\/shutterstock_576142081-768x432.jpg 768w, https:\/\/www.stalam.com\/wp-content\/uploads\/2024\/05\/shutterstock_576142081-1536x864.jpg 1536w, https:\/\/www.stalam.com\/wp-content\/uploads\/2024\/05\/shutterstock_576142081-2048x1152.jpg 2048w\" sizes=\"auto, (max-width: 1024px) 100vw, 1024px\" \/><\/figure>\n\n\n\n<div class=\"fascia-tit-text-btn bgcolor-white \">\n    <div class=\"container-fascia-tit-text-btn\">\n\n                    <span class=\"title\">Generadores con una potencia superior<\/span>\n        \n        <div style=\"text-align: left\" class=\"testo-fascia\">\n            <p>Los generadores de radiofrecuencia para aplicaciones industriales pueden ofrecer unos valores de potencia de hasta cien kilovatios o m\u00e1s cada uno. Generalmente, son suficientes uno o dos generadores de RF para llegar a la potencia total de salida necesaria para satisfacer las necesidades del tratamiento t\u00e9rmico o la capacidad de secado requerido por l\u00edneas de producci\u00f3n en diferentes sectores industriales.<\/p>\n<p>Por el contrario, con la excepci\u00f3n de la tecnolog\u00eda de 915 MHz, los magnetrones empleados para generar microondas pueden ofrecer unos valores de potencia de la unidad de solo unos pocos kilovatios (generalmente alrededor de 1 a 3 kW y, rara vez, a 2450 MHz). Es t\u00e9cnicamente complicado y costoso instalar y controlar decenas o centenas de magnetrones para hacer frente a los valores de potencia necesarios para equipos industriales grandes. <\/p>\n        <\/div>\n\n        \n        \n    <\/div>\n<\/div>\n\n\n\n\n<div class=\"fascia-tit-text-btn bgcolor-white \">\n    <div class=\"container-fascia-tit-text-btn\">\n\n                    <span class=\"title\">Un ajuste de potencia m\u00e1s f\u00e1cil y una mayor flexibilidad operativa<\/span>\n        \n        <div style=\"text-align: left\" class=\"testo-fascia\">\n            <p>La radiofrecuencia es se \u00abpone a disposici\u00f3n\u00bb para el producto en lugar de \u00abintroducirla\u00bb o \u00abforzarla\u00bb en el mismo. La energ\u00eda absorbida por el producto se puede modular con precisi\u00f3n seg\u00fan los requisitos del proceso simplemente ajustando los par\u00e1metros de funcionamiento de los electrodos, independientemente de la cantidad de producto enviado al proceso. Adem\u00e1s, en aplicaciones de secado, el sistema generador de productos es pr\u00e1cticamente autoajustable, en el sentido de que cuanto mayor sea el contenido de humedad, mayor ser\u00e1 la energ\u00eda absorbida, y viceversa. Por lo tanto, la desigualdad de humedad en el producto se reduce autom\u00e1ticamente al igual que el riesgo de secado en exceso o sobrecalentamiento.<\/p>\n<p>Por el contrario, un magnetr\u00f3n es un \u00abemisor\u00bb de una cantidad de energ\u00eda determinada de energ\u00eda electromagn\u00e9tica que no se puede acumular en un espacio vac\u00edo y, por consiguiente, tiene que ser absorbida por la fuerza y completamente por cualquier cantidad de producto que se haya colocado. Por eso es tan dif\u00edcil controlar con exactitud un proceso de calentamiento o secado por microondas; en todo momento se debe saber la cantidad de producto que se debe procesar para poder determinar el efecto t\u00e9rmico resultante y la energ\u00eda que se debe suministrar hay que ajustarla continuamente. <\/p>\n        <\/div>\n\n        \n        \n    <\/div>\n<\/div>\n\n\n\n\n<div class=\"fascia-tit-text-btn bgcolor-white \">\n    <div class=\"container-fascia-tit-text-btn\">\n\n                    <span class=\"title\">Una mayor eficiencia energ\u00e9tica<\/span>\n        \n        <div style=\"text-align: left\" class=\"testo-fascia\">\n            <p>Aunque la eficiencia energ\u00e9tica de los generadores de RF y MW sea comparable (alrededor de un 70 %), el modo de trabajo y el fen\u00f3meno de reflexi\u00f3n de la energ\u00eda en equipos de microondas produce una eficiencia energ\u00e9tica global de aproximadamente un 55 % en comparaci\u00f3n con un 60-65 % de los equipos de RF.<\/p>\n<p>Por lo tanto, el resultado es un ahorro de energ\u00eda de un 10-15 % cuando se utilizan equipos de RF en comparaci\u00f3n con el correspondiente equipo de microondas.<\/p>\n        <\/div>\n\n        \n        \n    <\/div>\n<\/div>\n\n\n\n\n<div class=\"fascia-tit-text-btn bgcolor-white \">\n    <div class=\"container-fascia-tit-text-btn\">\n\n                    <span class=\"title\">Una inversi\u00f3n y un coste de mantenimiento m\u00e1s bajos<\/span>\n        \n        <div style=\"text-align: left\" class=\"testo-fascia\">\n            <p>Los hornos de microondas para uso dom\u00e9stico son competitivos en precio gracias a la producci\u00f3n a escala industrial de magnetrones y de los controles electr\u00f3nicos. Las cosas son totalmente diferentes en el caso de equipos industriales: el precio de los equipos de radiofrecuencia es altamente competitivo en comparaci\u00f3n con microondas, gracias a la alta potencia de los generadores y de sus sencillos controles electr\u00f3nicos. Adem\u00e1s, a la hora de tener en cuenta los gastos de mantenimiento, el uso de equipo de radiofrecuencia es significativamente m\u00e1s conveniente gracias al reducido n\u00famero de componentes \u00abcr\u00edticos\u00bb que deben sustituirse peri\u00f3dicamente (uno o dos triodos despu\u00e9s de unas 15 000 horas de trabajo, en comparaci\u00f3n con decenas o cientos de magnetrones despu\u00e9s de unas 5 000 horas de trabajo).<\/p>\n        <\/div>\n\n        \n        \n    <\/div>\n<\/div>\n\n\n\n\n<div class=\"fascia-tit-text-btn bgcolor-white \">\n    <div class=\"container-fascia-tit-text-btn\">\n\n                    <span class=\"title\">Un funcionamiento m\u00e1s seguro<\/span>\n        \n        <div style=\"text-align: left\" class=\"testo-fascia\">\n            <p>Las microondas, que tienen una longitud de onda corta, son especialmente \u00abagresivas\u00bb y dif\u00edcilmente de blindar. Se deben usar varios artificios, soluciones de ingenier\u00eda y cuidados para construir y trabajar de forma segura un equipo industrial de microondas. Los detectores de fugas conectados a los generadores tambi\u00e9n son imprescindibles.<\/p>\n<p>Las radiofrecuencias, por el contrario, tienen una longitud de onda mucho m\u00e1s larga que permite que el blindaje sea significativamente menos agresivo y m\u00e1s f\u00e1cil en los niveles de emisi\u00f3n aceptados por las normas internacionales. En particular, se pueden utilizar t\u00faneles de tratamiento abiertos sin ning\u00fan problema de seguridad, incluso con generadores de 100 kW o m\u00e1s grandes trabajando a plena potencia, simplemente poni\u00e9ndoles bocas de entrada\/salida del producto especialmente dise\u00f1adas.<\/p>\n        <\/div>\n\n        \n        \n    <\/div>\n<\/div>\n\n\n\n\n<div class=\"fascia-newsletter bgcolor-grey \">\n    <div class=\"container-newsletter\">\n                    <span class=\"title\">\u00bfLe gustar\u00eda conocer m\u00e1s sobre nuestras soluciones?<\/span>\n        \n                    <a href=\"https:\/\/www.stalam.com\/es\/informacion-requerida\/\" title=\"Solicitar informaci\u00f3n\" class=\"btn btn-filled-r\">\n                Solicitar informaci\u00f3n            <\/a>\n            <\/div>\n<\/div>\n\n","protected":false},"excerpt":{"rendered":"","protected":false},"author":1,"featured_media":10993,"parent":0,"menu_order":127,"comment_status":"closed","ping_status":"closed","template":"","meta":{"_acf_changed":false,"content-type":"","footnotes":""},"class_list":["post-4021","page","type-page","status-publish","has-post-thumbnail","hentry"],"acf":[],"yoast_head":"<!-- This site is optimized with the Yoast SEO Premium plugin v23.9 (Yoast SEO v25.7) - https:\/\/yoast.com\/wordpress\/plugins\/seo\/ -->\n<title>Rf vs microondas | Stalam<\/title>\n<meta name=\"description\" content=\"Descubre las diferencias entre los m\u00e9todos de calentamiento por Radiofrecuencia (RF) y Microondas (MW) en los procesos industriales.\" \/>\n<meta name=\"robots\" content=\"index, follow, max-snippet:-1, max-image-preview:large, max-video-preview:-1\" \/>\n<link rel=\"canonical\" href=\"https:\/\/www.stalam.com\/es\/rf-vs-microondas\/\" \/>\n<meta property=\"og:locale\" content=\"es_ES\" \/>\n<meta property=\"og:type\" content=\"article\" \/>\n<meta property=\"og:title\" content=\"RF vs Microondas\" \/>\n<meta property=\"og:description\" content=\"Descubre las diferencias entre los m\u00e9todos de calentamiento por Radiofrecuencia (RF) y Microondas (MW) en los procesos industriales.\" \/>\n<meta property=\"og:url\" content=\"https:\/\/www.stalam.com\/es\/rf-vs-microondas\/\" \/>\n<meta property=\"og:site_name\" content=\"Stalam\" \/>\n<meta property=\"article:publisher\" content=\"https:\/\/www.facebook.com\/Stalam-184036235760438\/\" \/>\n<meta property=\"article:modified_time\" content=\"2025-05-27T09:44:32+00:00\" \/>\n<meta property=\"og:image\" content=\"https:\/\/www.stalam.com\/wp-content\/uploads\/2024\/05\/shutterstock_554224780.jpg\" \/>\n\t<meta property=\"og:image:width\" content=\"2000\" \/>\n\t<meta property=\"og:image:height\" content=\"1126\" \/>\n\t<meta property=\"og:image:type\" content=\"image\/jpeg\" \/>\n<meta name=\"twitter:card\" content=\"summary_large_image\" \/>\n<meta name=\"twitter:label1\" content=\"Tiempo de lectura\" \/>\n\t<meta name=\"twitter:data1\" content=\"1 minuto\" \/>\n<script type=\"application\/ld+json\" class=\"yoast-schema-graph\">{\"@context\":\"https:\/\/schema.org\",\"@graph\":[{\"@type\":\"WebPage\",\"@id\":\"https:\/\/www.stalam.com\/es\/rf-vs-microondas\/\",\"url\":\"https:\/\/www.stalam.com\/es\/rf-vs-microondas\/\",\"name\":\"Rf vs microondas | Stalam\",\"isPartOf\":{\"@id\":\"https:\/\/www.stalam.com\/#website\"},\"primaryImageOfPage\":{\"@id\":\"https:\/\/www.stalam.com\/es\/rf-vs-microondas\/#primaryimage\"},\"image\":{\"@id\":\"https:\/\/www.stalam.com\/es\/rf-vs-microondas\/#primaryimage\"},\"thumbnailUrl\":\"https:\/\/www.stalam.com\/wp-content\/uploads\/2024\/05\/shutterstock_554224780.jpg\",\"datePublished\":\"2023-05-18T09:23:33+00:00\",\"dateModified\":\"2025-05-27T09:44:32+00:00\",\"description\":\"Descubre las diferencias entre los m\u00e9todos de calentamiento por Radiofrecuencia (RF) y Microondas (MW) en los procesos industriales.\",\"breadcrumb\":{\"@id\":\"https:\/\/www.stalam.com\/es\/rf-vs-microondas\/#breadcrumb\"},\"inLanguage\":\"es\",\"potentialAction\":[{\"@type\":\"ReadAction\",\"target\":[\"https:\/\/www.stalam.com\/es\/rf-vs-microondas\/\"]}]},{\"@type\":\"ImageObject\",\"inLanguage\":\"es\",\"@id\":\"https:\/\/www.stalam.com\/es\/rf-vs-microondas\/#primaryimage\",\"url\":\"https:\/\/www.stalam.com\/wp-content\/uploads\/2024\/05\/shutterstock_554224780.jpg\",\"contentUrl\":\"https:\/\/www.stalam.com\/wp-content\/uploads\/2024\/05\/shutterstock_554224780.jpg\",\"width\":2000,\"height\":1126},{\"@type\":\"BreadcrumbList\",\"@id\":\"https:\/\/www.stalam.com\/es\/rf-vs-microondas\/#breadcrumb\",\"itemListElement\":[{\"@type\":\"ListItem\",\"position\":1,\"name\":\"Home\",\"item\":\"https:\/\/www.stalam.com\/es\/\"},{\"@type\":\"ListItem\",\"position\":2,\"name\":\"RF vs Microondas\"}]},{\"@type\":\"WebSite\",\"@id\":\"https:\/\/www.stalam.com\/#website\",\"url\":\"https:\/\/www.stalam.com\/\",\"name\":\"Stalam\",\"description\":\"\",\"publisher\":{\"@id\":\"https:\/\/www.stalam.com\/#organization\"},\"potentialAction\":[{\"@type\":\"SearchAction\",\"target\":{\"@type\":\"EntryPoint\",\"urlTemplate\":\"https:\/\/www.stalam.com\/?s={search_term_string}\"},\"query-input\":{\"@type\":\"PropertyValueSpecification\",\"valueRequired\":true,\"valueName\":\"search_term_string\"}}],\"inLanguage\":\"es\"},{\"@type\":\"Organization\",\"@id\":\"https:\/\/www.stalam.com\/#organization\",\"name\":\"Stalam\",\"url\":\"https:\/\/www.stalam.com\/\",\"logo\":{\"@type\":\"ImageObject\",\"inLanguage\":\"es\",\"@id\":\"https:\/\/www.stalam.com\/#\/schema\/logo\/image\/\",\"url\":\"https:\/\/www.stalam.com\/wp-content\/uploads\/2023\/06\/stalam-logo.png\",\"contentUrl\":\"https:\/\/www.stalam.com\/wp-content\/uploads\/2023\/06\/stalam-logo.png\",\"width\":634,\"height\":176,\"caption\":\"Stalam\"},\"image\":{\"@id\":\"https:\/\/www.stalam.com\/#\/schema\/logo\/image\/\"},\"sameAs\":[\"https:\/\/www.facebook.com\/Stalam-184036235760438\/\",\"https:\/\/www.linkedin.com\/company\/stalam\/\",\"https:\/\/www.youtube.com\/channel\/UCcl2pZ10KrADorPJccCu43Q\"]}]}<\/script>\n<!-- \/ Yoast SEO Premium plugin. -->","yoast_head_json":{"title":"Rf vs microondas | Stalam","description":"Descubre las diferencias entre los m\u00e9todos de calentamiento por Radiofrecuencia (RF) y Microondas (MW) en los procesos industriales.","robots":{"index":"index","follow":"follow","max-snippet":"max-snippet:-1","max-image-preview":"max-image-preview:large","max-video-preview":"max-video-preview:-1"},"canonical":"https:\/\/www.stalam.com\/es\/rf-vs-microondas\/","og_locale":"es_ES","og_type":"article","og_title":"RF vs Microondas","og_description":"Descubre las diferencias entre los m\u00e9todos de calentamiento por Radiofrecuencia (RF) y Microondas (MW) en los procesos industriales.","og_url":"https:\/\/www.stalam.com\/es\/rf-vs-microondas\/","og_site_name":"Stalam","article_publisher":"https:\/\/www.facebook.com\/Stalam-184036235760438\/","article_modified_time":"2025-05-27T09:44:32+00:00","og_image":[{"width":2000,"height":1126,"url":"https:\/\/www.stalam.com\/wp-content\/uploads\/2024\/05\/shutterstock_554224780.jpg","type":"image\/jpeg"}],"twitter_card":"summary_large_image","twitter_misc":{"Tiempo de lectura":"1 minuto"},"schema":{"@context":"https:\/\/schema.org","@graph":[{"@type":"WebPage","@id":"https:\/\/www.stalam.com\/es\/rf-vs-microondas\/","url":"https:\/\/www.stalam.com\/es\/rf-vs-microondas\/","name":"Rf vs microondas | Stalam","isPartOf":{"@id":"https:\/\/www.stalam.com\/#website"},"primaryImageOfPage":{"@id":"https:\/\/www.stalam.com\/es\/rf-vs-microondas\/#primaryimage"},"image":{"@id":"https:\/\/www.stalam.com\/es\/rf-vs-microondas\/#primaryimage"},"thumbnailUrl":"https:\/\/www.stalam.com\/wp-content\/uploads\/2024\/05\/shutterstock_554224780.jpg","datePublished":"2023-05-18T09:23:33+00:00","dateModified":"2025-05-27T09:44:32+00:00","description":"Descubre las diferencias entre los m\u00e9todos de calentamiento por Radiofrecuencia (RF) y Microondas (MW) en los procesos industriales.","breadcrumb":{"@id":"https:\/\/www.stalam.com\/es\/rf-vs-microondas\/#breadcrumb"},"inLanguage":"es","potentialAction":[{"@type":"ReadAction","target":["https:\/\/www.stalam.com\/es\/rf-vs-microondas\/"]}]},{"@type":"ImageObject","inLanguage":"es","@id":"https:\/\/www.stalam.com\/es\/rf-vs-microondas\/#primaryimage","url":"https:\/\/www.stalam.com\/wp-content\/uploads\/2024\/05\/shutterstock_554224780.jpg","contentUrl":"https:\/\/www.stalam.com\/wp-content\/uploads\/2024\/05\/shutterstock_554224780.jpg","width":2000,"height":1126},{"@type":"BreadcrumbList","@id":"https:\/\/www.stalam.com\/es\/rf-vs-microondas\/#breadcrumb","itemListElement":[{"@type":"ListItem","position":1,"name":"Home","item":"https:\/\/www.stalam.com\/es\/"},{"@type":"ListItem","position":2,"name":"RF vs Microondas"}]},{"@type":"WebSite","@id":"https:\/\/www.stalam.com\/#website","url":"https:\/\/www.stalam.com\/","name":"Stalam","description":"","publisher":{"@id":"https:\/\/www.stalam.com\/#organization"},"potentialAction":[{"@type":"SearchAction","target":{"@type":"EntryPoint","urlTemplate":"https:\/\/www.stalam.com\/?s={search_term_string}"},"query-input":{"@type":"PropertyValueSpecification","valueRequired":true,"valueName":"search_term_string"}}],"inLanguage":"es"},{"@type":"Organization","@id":"https:\/\/www.stalam.com\/#organization","name":"Stalam","url":"https:\/\/www.stalam.com\/","logo":{"@type":"ImageObject","inLanguage":"es","@id":"https:\/\/www.stalam.com\/#\/schema\/logo\/image\/","url":"https:\/\/www.stalam.com\/wp-content\/uploads\/2023\/06\/stalam-logo.png","contentUrl":"https:\/\/www.stalam.com\/wp-content\/uploads\/2023\/06\/stalam-logo.png","width":634,"height":176,"caption":"Stalam"},"image":{"@id":"https:\/\/www.stalam.com\/#\/schema\/logo\/image\/"},"sameAs":["https:\/\/www.facebook.com\/Stalam-184036235760438\/","https:\/\/www.linkedin.com\/company\/stalam\/","https:\/\/www.youtube.com\/channel\/UCcl2pZ10KrADorPJccCu43Q"]}]}},"_links":{"self":[{"href":"https:\/\/www.stalam.com\/es\/wp-json\/wp\/v2\/pages\/4021","targetHints":{"allow":["GET"]}}],"collection":[{"href":"https:\/\/www.stalam.com\/es\/wp-json\/wp\/v2\/pages"}],"about":[{"href":"https:\/\/www.stalam.com\/es\/wp-json\/wp\/v2\/types\/page"}],"author":[{"embeddable":true,"href":"https:\/\/www.stalam.com\/es\/wp-json\/wp\/v2\/users\/1"}],"replies":[{"embeddable":true,"href":"https:\/\/www.stalam.com\/es\/wp-json\/wp\/v2\/comments?post=4021"}],"version-history":[{"count":15,"href":"https:\/\/www.stalam.com\/es\/wp-json\/wp\/v2\/pages\/4021\/revisions"}],"predecessor-version":[{"id":15240,"href":"https:\/\/www.stalam.com\/es\/wp-json\/wp\/v2\/pages\/4021\/revisions\/15240"}],"wp:featuredmedia":[{"embeddable":true,"href":"https:\/\/www.stalam.com\/es\/wp-json\/wp\/v2\/media\/10993"}],"wp:attachment":[{"href":"https:\/\/www.stalam.com\/es\/wp-json\/wp\/v2\/media?parent=4021"}],"curies":[{"name":"wp","href":"https:\/\/api.w.org\/{rel}","templated":true}]}}