{"id":4022,"date":"2023-05-18T11:15:11","date_gmt":"2023-05-18T09:15:11","guid":{"rendered":"https:\/\/www.stalam.com\/ricerca-e-sviluppo\/"},"modified":"2025-05-27T11:39:03","modified_gmt":"2025-05-27T09:39:03","slug":"r-d","status":"publish","type":"page","link":"https:\/\/www.stalam.com\/es\/r-d\/","title":{"rendered":"R &amp; D"},"content":{"rendered":"\n<div class=\"fascia-bread-title bgcolor-white \">\n    <div class=\"container-fascia-bread-title\">\n        <p id=\"breadcrumbs\"><span><span><a href=\"https:\/\/www.stalam.com\/es\/\">Home<\/a><\/span><\/span><\/p>                <h1 class=\"title-big\">Experiencia, investigaci\u00f3n e innovaci\u00f3n<\/h1>\n    <\/div>\n<\/div>\n\n\n\n\n<div class=\"fascia-tit-text-btn bgcolor-grey \">\n    <div class=\"container-fascia-tit-text-btn\">\n\n        \n        <div style=\"text-align: left\" class=\"testo-fascia\">\n            <p>Un amplio y riguroso I+D es la principal raz\u00f3n del \u00e9xito del Stalam. Como l\u00edder mundial en la tecnolog\u00eda de radiofrecuencia, desde su establecimiento, Stalam ha estado continuamente invirtiendo en actividades de I+D para poner a disposici\u00f3n de la industria los equipos de RF m\u00e1s innovadores, fiables y eficientes. Stalam tambi\u00e9n ha establecido colaboraciones a largo plazo con prestigiosas universidades, institutos de investigaci\u00f3n y fabricantes de maquinaria l\u00edderes en Europa para el desarrollo de innovadoras tecnolog\u00edas de secado y tratamiento t\u00e9rmico y para el suministro de l\u00edneas de producci\u00f3n autom\u00e1ticas e integradas llave en mano.<\/p>\n<p>Stalam posee un gran n\u00famero de patentes, muestras y registros de marcas, algunos de los cuales se han convertido en modelos de referencia para quienes necesiten la tecnolog\u00eda de RF en cualquier lugar del mundo.<\/p>\n        <\/div>\n\n        \n        \n    <\/div>\n<\/div>\n\n\n\n\n<div style=\"height:60px\" aria-hidden=\"true\" class=\"wp-block-spacer\"><\/div>\n\n\n\n<div class=\"wp-block-columns is-layout-flex wp-container-core-columns-is-layout-9d6595d7 wp-block-columns-is-layout-flex\">\n<div class=\"wp-block-column is-layout-flow wp-block-column-is-layout-flow\">\n<figure class=\"wp-block-image size-full\"><img loading=\"lazy\" decoding=\"async\" width=\"690\" height=\"500\" src=\"https:\/\/www.stalam.com\/wp-content\/uploads\/2023\/05\/ricerca_1.jpeg\" alt=\"\" class=\"wp-image-701\" srcset=\"https:\/\/www.stalam.com\/wp-content\/uploads\/2023\/05\/ricerca_1.jpeg 690w, https:\/\/www.stalam.com\/wp-content\/uploads\/2023\/05\/ricerca_1-300x217.jpeg 300w\" sizes=\"auto, (max-width: 690px) 100vw, 690px\" \/><\/figure>\n<\/div>\n\n\n\n<div class=\"wp-block-column is-layout-flow wp-block-column-is-layout-flow\">\n<figure class=\"wp-block-image size-full\"><img loading=\"lazy\" decoding=\"async\" width=\"692\" height=\"500\" src=\"https:\/\/www.stalam.com\/wp-content\/uploads\/2023\/05\/ricerca_2.jpeg\" alt=\"\" class=\"wp-image-700\" srcset=\"https:\/\/www.stalam.com\/wp-content\/uploads\/2023\/05\/ricerca_2.jpeg 692w, https:\/\/www.stalam.com\/wp-content\/uploads\/2023\/05\/ricerca_2-300x217.jpeg 300w\" sizes=\"auto, (max-width: 692px) 100vw, 692px\" \/><\/figure>\n<\/div>\n<\/div>\n\n\n\n<div class=\"fascia-tit-text-btn bgcolor-white \">\n    <div class=\"container-fascia-tit-text-btn\">\n\n                    <span class=\"title\">Pruebas y demostraciones<\/span>\n        \n        <div style=\"text-align: left\" class=\"testo-fascia\">\n            <p>El laboratorio de pruebas de Stalam es una parte integral de nuestro departamento de I+D y los departamentos de ingenier\u00eda. A trav\u00e9s de pruebas y an\u00e1lisis de los resultados, nuestros expertos pueden estudiar en detalle las caracter\u00edsticas y el comportamiento de un producto en el campo de la radiofrecuencia, adem\u00e1s de evaluar la viabilidad t\u00e9cnica y econ\u00f3mica de procesos t\u00e9rmicos y de secado sobre substratos espec\u00edficos basados en las necesidades de los clientes. Del mismo modo, nuestros ingenieros pueden identificar los mejores par\u00e1metros de proceso y las especificaciones t\u00e9cnicas de los equipos de RF m\u00e1s adecuados para realizar esos procesos.<\/p>\n<p>El laboratorio de I+D de Stalam est\u00e1 equipado con una amplia gama de m\u00e1quinas experimentales disponibles para demostraciones y pruebas de productos. Dichas pruebas y demostraciones pueden realizarse en nuestra sede o en las instalaciones de nuestros clientes seg\u00fan corresponda. Algunas de estas m\u00e1quinas tambi\u00e9n est\u00e1n disponibles para alquiler para fines de desarrollo de productos y procesos o pruebas sistem\u00e1ticas de las sesiones.<\/p>\n<p>Nuestro equipo t\u00e9cnico altamente calificado ayudar\u00e1 a los clientes a desarrollar soluciones de procesos mejores, m\u00e1s innovadoras y rentables.<\/p>\n        <\/div>\n\n        \n        \n    <\/div>\n<\/div>\n\n\n\n\n<div class=\"fascia-newsletter bgcolor-grey \">\n    <div class=\"container-newsletter\">\n                    <span class=\"title\">\u00bfLe gustar\u00eda conocer m\u00e1s sobre nuestras soluciones?<\/span>\n        \n                    <a href=\"https:\/\/www.stalam.com\/es\/informacion-requerida\/\" title=\"Solicitar informaci\u00f3n\" class=\"btn btn-filled-r\">\n                Solicitar informaci\u00f3n            <\/a>\n            <\/div>\n<\/div>\n\n","protected":false},"excerpt":{"rendered":"","protected":false},"author":1,"featured_media":0,"parent":0,"menu_order":130,"comment_status":"closed","ping_status":"closed","template":"","meta":{"_acf_changed":false,"content-type":"","footnotes":""},"class_list":["post-4022","page","type-page","status-publish","hentry"],"acf":[],"yoast_head":"<!-- This site is optimized with the Yoast SEO Premium plugin v23.9 (Yoast SEO v25.7) - https:\/\/yoast.com\/wordpress\/plugins\/seo\/ -->\n<title>R&amp;D | Stalam<\/title>\n<meta name=\"description\" content=\"Descubre la aplicaci\u00f3n de nuestra tecnolog\u00eda de radiofrecuencia a R&amp;D, Tecnologia y beneficios\" \/>\n<meta name=\"robots\" content=\"index, follow, max-snippet:-1, max-image-preview:large, max-video-preview:-1\" \/>\n<link rel=\"canonical\" href=\"https:\/\/www.stalam.com\/es\/r-d\/\" \/>\n<meta property=\"og:locale\" content=\"es_ES\" \/>\n<meta property=\"og:type\" content=\"article\" \/>\n<meta property=\"og:title\" content=\"R &amp; D\" \/>\n<meta property=\"og:description\" content=\"Descubre la aplicaci\u00f3n de nuestra tecnolog\u00eda de radiofrecuencia a R&amp;D, Tecnologia y beneficios\" \/>\n<meta property=\"og:url\" content=\"https:\/\/www.stalam.com\/es\/r-d\/\" \/>\n<meta property=\"og:site_name\" content=\"Stalam\" \/>\n<meta property=\"article:publisher\" content=\"https:\/\/www.facebook.com\/Stalam-184036235760438\/\" \/>\n<meta property=\"article:modified_time\" content=\"2025-05-27T09:39:03+00:00\" \/>\n<meta property=\"og:image\" content=\"https:\/\/www.stalam.com\/wp-content\/uploads\/2023\/05\/ricerca_1.jpeg\" \/>\n\t<meta property=\"og:image:width\" content=\"690\" \/>\n\t<meta property=\"og:image:height\" content=\"500\" \/>\n\t<meta property=\"og:image:type\" content=\"image\/jpeg\" \/>\n<meta name=\"twitter:card\" content=\"summary_large_image\" \/>\n<meta name=\"twitter:label1\" content=\"Tiempo de lectura\" \/>\n\t<meta name=\"twitter:data1\" content=\"1 minuto\" \/>\n<script type=\"application\/ld+json\" class=\"yoast-schema-graph\">{\"@context\":\"https:\/\/schema.org\",\"@graph\":[{\"@type\":\"WebPage\",\"@id\":\"https:\/\/www.stalam.com\/es\/r-d\/\",\"url\":\"https:\/\/www.stalam.com\/es\/r-d\/\",\"name\":\"R&D | Stalam\",\"isPartOf\":{\"@id\":\"https:\/\/www.stalam.com\/#website\"},\"primaryImageOfPage\":{\"@id\":\"https:\/\/www.stalam.com\/es\/r-d\/#primaryimage\"},\"image\":{\"@id\":\"https:\/\/www.stalam.com\/es\/r-d\/#primaryimage\"},\"thumbnailUrl\":\"https:\/\/www.stalam.com\/wp-content\/uploads\/2023\/05\/ricerca_1.jpeg\",\"datePublished\":\"2023-05-18T09:15:11+00:00\",\"dateModified\":\"2025-05-27T09:39:03+00:00\",\"description\":\"Descubre la aplicaci\u00f3n de nuestra tecnolog\u00eda de radiofrecuencia a R&D, Tecnologia y beneficios\",\"breadcrumb\":{\"@id\":\"https:\/\/www.stalam.com\/es\/r-d\/#breadcrumb\"},\"inLanguage\":\"es\",\"potentialAction\":[{\"@type\":\"ReadAction\",\"target\":[\"https:\/\/www.stalam.com\/es\/r-d\/\"]}]},{\"@type\":\"ImageObject\",\"inLanguage\":\"es\",\"@id\":\"https:\/\/www.stalam.com\/es\/r-d\/#primaryimage\",\"url\":\"https:\/\/www.stalam.com\/wp-content\/uploads\/2023\/05\/ricerca_1.jpeg\",\"contentUrl\":\"https:\/\/www.stalam.com\/wp-content\/uploads\/2023\/05\/ricerca_1.jpeg\"},{\"@type\":\"BreadcrumbList\",\"@id\":\"https:\/\/www.stalam.com\/es\/r-d\/#breadcrumb\",\"itemListElement\":[{\"@type\":\"ListItem\",\"position\":1,\"name\":\"Home\",\"item\":\"https:\/\/www.stalam.com\/es\/\"},{\"@type\":\"ListItem\",\"position\":2,\"name\":\"R &amp; D\"}]},{\"@type\":\"WebSite\",\"@id\":\"https:\/\/www.stalam.com\/#website\",\"url\":\"https:\/\/www.stalam.com\/\",\"name\":\"Stalam\",\"description\":\"\",\"publisher\":{\"@id\":\"https:\/\/www.stalam.com\/#organization\"},\"potentialAction\":[{\"@type\":\"SearchAction\",\"target\":{\"@type\":\"EntryPoint\",\"urlTemplate\":\"https:\/\/www.stalam.com\/?s={search_term_string}\"},\"query-input\":{\"@type\":\"PropertyValueSpecification\",\"valueRequired\":true,\"valueName\":\"search_term_string\"}}],\"inLanguage\":\"es\"},{\"@type\":\"Organization\",\"@id\":\"https:\/\/www.stalam.com\/#organization\",\"name\":\"Stalam\",\"url\":\"https:\/\/www.stalam.com\/\",\"logo\":{\"@type\":\"ImageObject\",\"inLanguage\":\"es\",\"@id\":\"https:\/\/www.stalam.com\/#\/schema\/logo\/image\/\",\"url\":\"https:\/\/www.stalam.com\/wp-content\/uploads\/2023\/06\/stalam-logo.png\",\"contentUrl\":\"https:\/\/www.stalam.com\/wp-content\/uploads\/2023\/06\/stalam-logo.png\",\"width\":634,\"height\":176,\"caption\":\"Stalam\"},\"image\":{\"@id\":\"https:\/\/www.stalam.com\/#\/schema\/logo\/image\/\"},\"sameAs\":[\"https:\/\/www.facebook.com\/Stalam-184036235760438\/\",\"https:\/\/www.linkedin.com\/company\/stalam\/\",\"https:\/\/www.youtube.com\/channel\/UCcl2pZ10KrADorPJccCu43Q\"]}]}<\/script>\n<!-- \/ Yoast SEO Premium plugin. -->","yoast_head_json":{"title":"R&D | Stalam","description":"Descubre la aplicaci\u00f3n de nuestra tecnolog\u00eda de radiofrecuencia a R&D, Tecnologia y beneficios","robots":{"index":"index","follow":"follow","max-snippet":"max-snippet:-1","max-image-preview":"max-image-preview:large","max-video-preview":"max-video-preview:-1"},"canonical":"https:\/\/www.stalam.com\/es\/r-d\/","og_locale":"es_ES","og_type":"article","og_title":"R &amp; D","og_description":"Descubre la aplicaci\u00f3n de nuestra tecnolog\u00eda de radiofrecuencia a R&D, Tecnologia y beneficios","og_url":"https:\/\/www.stalam.com\/es\/r-d\/","og_site_name":"Stalam","article_publisher":"https:\/\/www.facebook.com\/Stalam-184036235760438\/","article_modified_time":"2025-05-27T09:39:03+00:00","og_image":[{"width":690,"height":500,"url":"https:\/\/www.stalam.com\/wp-content\/uploads\/2023\/05\/ricerca_1.jpeg","type":"image\/jpeg"}],"twitter_card":"summary_large_image","twitter_misc":{"Tiempo de lectura":"1 minuto"},"schema":{"@context":"https:\/\/schema.org","@graph":[{"@type":"WebPage","@id":"https:\/\/www.stalam.com\/es\/r-d\/","url":"https:\/\/www.stalam.com\/es\/r-d\/","name":"R&D | Stalam","isPartOf":{"@id":"https:\/\/www.stalam.com\/#website"},"primaryImageOfPage":{"@id":"https:\/\/www.stalam.com\/es\/r-d\/#primaryimage"},"image":{"@id":"https:\/\/www.stalam.com\/es\/r-d\/#primaryimage"},"thumbnailUrl":"https:\/\/www.stalam.com\/wp-content\/uploads\/2023\/05\/ricerca_1.jpeg","datePublished":"2023-05-18T09:15:11+00:00","dateModified":"2025-05-27T09:39:03+00:00","description":"Descubre la aplicaci\u00f3n de nuestra tecnolog\u00eda de radiofrecuencia a R&D, Tecnologia y beneficios","breadcrumb":{"@id":"https:\/\/www.stalam.com\/es\/r-d\/#breadcrumb"},"inLanguage":"es","potentialAction":[{"@type":"ReadAction","target":["https:\/\/www.stalam.com\/es\/r-d\/"]}]},{"@type":"ImageObject","inLanguage":"es","@id":"https:\/\/www.stalam.com\/es\/r-d\/#primaryimage","url":"https:\/\/www.stalam.com\/wp-content\/uploads\/2023\/05\/ricerca_1.jpeg","contentUrl":"https:\/\/www.stalam.com\/wp-content\/uploads\/2023\/05\/ricerca_1.jpeg"},{"@type":"BreadcrumbList","@id":"https:\/\/www.stalam.com\/es\/r-d\/#breadcrumb","itemListElement":[{"@type":"ListItem","position":1,"name":"Home","item":"https:\/\/www.stalam.com\/es\/"},{"@type":"ListItem","position":2,"name":"R &amp; D"}]},{"@type":"WebSite","@id":"https:\/\/www.stalam.com\/#website","url":"https:\/\/www.stalam.com\/","name":"Stalam","description":"","publisher":{"@id":"https:\/\/www.stalam.com\/#organization"},"potentialAction":[{"@type":"SearchAction","target":{"@type":"EntryPoint","urlTemplate":"https:\/\/www.stalam.com\/?s={search_term_string}"},"query-input":{"@type":"PropertyValueSpecification","valueRequired":true,"valueName":"search_term_string"}}],"inLanguage":"es"},{"@type":"Organization","@id":"https:\/\/www.stalam.com\/#organization","name":"Stalam","url":"https:\/\/www.stalam.com\/","logo":{"@type":"ImageObject","inLanguage":"es","@id":"https:\/\/www.stalam.com\/#\/schema\/logo\/image\/","url":"https:\/\/www.stalam.com\/wp-content\/uploads\/2023\/06\/stalam-logo.png","contentUrl":"https:\/\/www.stalam.com\/wp-content\/uploads\/2023\/06\/stalam-logo.png","width":634,"height":176,"caption":"Stalam"},"image":{"@id":"https:\/\/www.stalam.com\/#\/schema\/logo\/image\/"},"sameAs":["https:\/\/www.facebook.com\/Stalam-184036235760438\/","https:\/\/www.linkedin.com\/company\/stalam\/","https:\/\/www.youtube.com\/channel\/UCcl2pZ10KrADorPJccCu43Q"]}]}},"_links":{"self":[{"href":"https:\/\/www.stalam.com\/es\/wp-json\/wp\/v2\/pages\/4022","targetHints":{"allow":["GET"]}}],"collection":[{"href":"https:\/\/www.stalam.com\/es\/wp-json\/wp\/v2\/pages"}],"about":[{"href":"https:\/\/www.stalam.com\/es\/wp-json\/wp\/v2\/types\/page"}],"author":[{"embeddable":true,"href":"https:\/\/www.stalam.com\/es\/wp-json\/wp\/v2\/users\/1"}],"replies":[{"embeddable":true,"href":"https:\/\/www.stalam.com\/es\/wp-json\/wp\/v2\/comments?post=4022"}],"version-history":[{"count":3,"href":"https:\/\/www.stalam.com\/es\/wp-json\/wp\/v2\/pages\/4022\/revisions"}],"predecessor-version":[{"id":15234,"href":"https:\/\/www.stalam.com\/es\/wp-json\/wp\/v2\/pages\/4022\/revisions\/15234"}],"wp:attachment":[{"href":"https:\/\/www.stalam.com\/es\/wp-json\/wp\/v2\/media?parent=4022"}],"curies":[{"name":"wp","href":"https:\/\/api.w.org\/{rel}","templated":true}]}}