{"id":4024,"date":"2023-03-10T16:04:10","date_gmt":"2023-03-10T15:04:10","guid":{"rendered":"https:\/\/www.stalam.com\/team\/"},"modified":"2025-05-27T10:55:33","modified_gmt":"2025-05-27T08:55:33","slug":"nuestro-equipo","status":"publish","type":"page","link":"https:\/\/www.stalam.com\/es\/nuestro-equipo\/","title":{"rendered":"Nuestro equipo"},"content":{"rendered":"\n<div class=\"fascia-bread-title bgcolor-white \">\n    <div class=\"container-fascia-bread-title\">\n        <p id=\"breadcrumbs\"><span><span><a href=\"https:\/\/www.stalam.com\/es\/\">Home<\/a><\/span><\/span><\/p>                <h1 class=\"title-big\">Nuestro equipo<\/h1>\n    <\/div>\n<\/div>\n\n\n\n<div class=\"team-container normal bgcolor-grey \">\n        <div class=\"elenco--team\">\n        \n            <div class=\"card-team\">\n\n            <img decoding=\"async\" loading=\"lazy\" src=\"https:\/\/www.stalam.com\/wp-content\/uploads\/2023\/05\/buonanno-1.jpg\" alt=\"\" width=\"600\" height=\"400\">\n    \n    <span class=\"title\">Sergio Buonanno<\/span>\n\n            <p class=\"subtitle\">Presidente<\/p>\n    \n    \n    <p>Licenciado y Doctor en Ingenier\u00eda El\u00e9ctrica, ex gerente y CEO\/Presidente de varias empresas, ahora es inversor y director general en muchas empresas industriales. Co-fundador y presidente de Deal Source Italia, una empresa de asesoramiento que organiza inversiones de capital privado en \u00abclub deals\u00bb en pymes italianas, trabaj\u00f3 en el pasado en planificaci\u00f3n estrat\u00e9gica, inversiones, fusiones y adquisiciones y desarrollo empresarial (Grupo Enel) y posteriormente dirigi\u00f3 fondos de capital de riesgo y de capital privado y empresas de gesti\u00f3n de activos.<\/p>\n\n    \n<\/div>\n\n        \n            <div class=\"card-team\">\n\n            <img decoding=\"async\" loading=\"lazy\" src=\"https:\/\/www.stalam.com\/wp-content\/uploads\/2023\/05\/2619.jpg\" alt=\"\" width=\"600\" height=\"400\">\n    \n    <span class=\"title\">Enrico Zanetti<\/span>\n\n            <p class=\"subtitle\">Director ejecutivo<\/p>\n    \n    \n    <p>Doctor en qu\u00edmica industrial y con un m\u00e1ster en administraci\u00f3n de empresas, Enrico inici\u00f3 su carrera en la industria al unirse a Stalam en 1992. En 1997 se convirti\u00f3 en el director de marketing y ventas, tiempo en el que dirigi\u00f3 la empresa para obtener el liderazgo mundial durante los siguientes a\u00f1os. En 2005, logr\u00f3 finalizar con \u00e9xito el establecimiento de la empresa china de participaci\u00f3n conjunta de Stalam (Shangh\u00e1i), DEYI. Posteriormente, en 2007, tom\u00f3 el puesto de director ejecutivo, con el que tambi\u00e9n recibi\u00f3 la calidad de socio y miembro del consejo de la empresa.<\/p>\n\n    \n<\/div>\n\n        \n            <div class=\"card-team\">\n\n            <img decoding=\"async\" loading=\"lazy\" src=\"https:\/\/www.stalam.com\/wp-content\/uploads\/2023\/05\/2617.jpg\" alt=\"\" width=\"600\" height=\"400\">\n    \n    <span class=\"title\">Enrica Bellucci<\/span>\n\n            <p class=\"subtitle\">Chief Financial Officer<\/p>\n    \n    \n    <p>Licenciada en Ciencias Econ\u00f3micas y Comerciales, Enrica se incorpor\u00f3 a Stalam en 2019 tras una larga experiencia en las \u00e1reas de administraci\u00f3n y control de gesti\u00f3n en diversos sectores industriales. Es responsable del \u00e1rea de administraci\u00f3n, finanzas, control y recursos humanos de la empresa.<\/p>\n\n    \n<\/div>\n\n        \n            <div class=\"card-team\">\n\n            <img decoding=\"async\" loading=\"lazy\" src=\"https:\/\/www.stalam.com\/wp-content\/uploads\/2023\/05\/2620.jpg\" alt=\"\" width=\"600\" height=\"400\">\n    \n    <span class=\"title\">Fabio Scotton<\/span>\n\n            <p class=\"subtitle\">Gerente de ventas (Textil y Textil &#8211; t\u00e9cnico)<\/p>\n    \n    \n    <p>Diplomado en Dise\u00f1o y Marketing, Fabio trabaja en Stalam desde 2006 tras una larga experiencia en la gesti\u00f3n de marketing, venta y servicios postventa de maquinaria y equipos industriales en diversos sectores industriales. Es el responsable de las actividades de marketing y venta de la empresa en los sectores textil y t\u00e9cnico-textil.<\/p>\n\n    \n<\/div>\n\n        \n            <div class=\"card-team\">\n\n            <img decoding=\"async\" loading=\"lazy\" src=\"https:\/\/www.stalam.com\/wp-content\/uploads\/2024\/09\/dp_002.jpg\" alt=\"\" width=\"600\" height=\"400\">\n    \n    <span class=\"title\">Domenico Polo<\/span>\n\n            <p class=\"subtitle\">Gerente de ventas (Alimentario)<\/p>\n    \n    \n    <p>Domenico tiene un t\u00edtulo en Ingenier\u00eda El\u00e9ctrica y ha acumulado varios a\u00f1os de experiencia en marketing y gesti\u00f3n de ventas de maquinaria y equipos en diversos sectores industriales. Al comienzo de su carrera, tambi\u00e9n adquiri\u00f3 competencias espec\u00edficas en la gesti\u00f3n de actividades postventa y en la gesti\u00f3n de productos. Este a\u00f1o se ha unido al equipo de Stalam como responsable de ventas y desarrollo de mercados en la divisi\u00f3n de maquinaria para la industria alimentaria de la empresa, con un enfoque particular en las soluciones de descongelaci\u00f3n r\u00e1pida.<\/p>\n\n    \n<\/div>\n\n        \n            <div class=\"card-team\">\n\n            <img decoding=\"async\" loading=\"lazy\" src=\"https:\/\/www.stalam.com\/wp-content\/uploads\/2023\/05\/2613.jpg\" alt=\"\" width=\"600\" height=\"400\">\n    \n    <span class=\"title\">Helmuth Zilio<\/span>\n\n            <p class=\"subtitle\">Director de producci\u00f3n y compras<\/p>\n    \n    \n    <p>Helmuth, ingeniero el\u00e9ctrico, comenz\u00f3 su carrera en Stalam en 1991 como t\u00e9cnico de mantenimiento y luego se convirti\u00f3 en gerente de producci\u00f3n. Posteriormente asumi\u00f3 con \u00e9xito el rol de Gerente de Producci\u00f3n, reorganizando y racionalizando los procesos log\u00edsticos y productivos. Tambi\u00e9n dirige el departamento de Compras de la empresa.<\/p>\n\n    \n<\/div>\n\n        \n            <div class=\"card-team\">\n\n            <img decoding=\"async\" loading=\"lazy\" src=\"https:\/\/www.stalam.com\/wp-content\/uploads\/2023\/05\/2614.jpg\" alt=\"\" width=\"600\" height=\"400\">\n    \n    <span class=\"title\">Diego Bernardi<\/span>\n\n            <p class=\"subtitle\">Director T\u00e9cnico<\/p>\n    \n    \n    <p>Diego, graduado en Ingenier\u00eda Electr\u00f3nica, se uni\u00f3 a Stalam en 1997, con una amplia experiencia no solo en tecnolog\u00eda de RF sino tambi\u00e9n en equipos y dispositivos el\u00e9ctricos y electr\u00f3nicos, desarrollo de software y gesti\u00f3n de sistemas de calidad. Tambi\u00e9n dirige las actividades de servicio posventa de la empresa.<\/p>\n\n    \n<\/div>\n\n        \n            <div class=\"card-team\">\n\n            <img decoding=\"async\" loading=\"lazy\" src=\"https:\/\/www.stalam.com\/wp-content\/uploads\/2023\/05\/2615.jpg\" alt=\"\" width=\"600\" height=\"400\">\n    \n    <span class=\"title\">Alessandro Tonello<\/span>\n\n            <p class=\"subtitle\">Director de investigaci\u00f3n y desarrollo (Ingenier\u00eda y Equipos)<\/p>\n    \n    \n    <p>Doctor en Ingenier\u00eda Electr\u00f3nica, Alessandro trabaja en Stalam desde 1991 y es uno de los principales expertos mundiales en las aplicaciones de la tecnolog\u00eda de secado de RF y calentamiento diel\u00e9ctrico y en el dise\u00f1o de generadores y equipos de RF de alta potencia, tambi\u00e9n mediante el uso de t\u00e9cnicas inform\u00e1ticas. modelado.<\/p>\n\n    \n<\/div>\n\n        \n            <div class=\"card-team\">\n\n            <img decoding=\"async\" loading=\"lazy\" src=\"https:\/\/www.stalam.com\/wp-content\/uploads\/2023\/05\/2616.jpg\" alt=\"\" width=\"600\" height=\"400\">\n    \n    <span class=\"title\">Michele Bicego<\/span>\n\n            <p class=\"subtitle\">Director de investigaci\u00f3n y desarrollo (Tecnolog\u00eda y Usos)<\/p>\n    \n    \n    <p>Doctora en Ingenier\u00eda Qu\u00edmica y en Stalam desde 2008, Michele trabaj\u00f3 anteriormente en el campo de la biotecnolog\u00eda y ahora es responsable de pruebas de laboratorio y aplicaciones innovadoras de tecnolog\u00eda RF, caracterizaci\u00f3n de productos y desarrollo de procesos.<\/p>\n\n    \n<\/div>\n\n        \n            <div class=\"card-team\">\n\n            <img decoding=\"async\" loading=\"lazy\" src=\"https:\/\/www.stalam.com\/wp-content\/uploads\/2023\/05\/2611.jpg\" alt=\"\" width=\"600\" height=\"400\">\n    \n    <span class=\"title\">Federica Cogo<\/span>\n\n            <p class=\"subtitle\">Gerente Administrativa<\/p>\n    \n    \n    <p>Graduada en Contabilidad y Finanzas, trabaja para Stalam desde 1996. Supervisa todas las actividades administrativas y contables de la empresa.<\/p>\n\n    \n<\/div>\n\n            <\/div>\n<\/div>\n\n\n\n<div class=\"fascia-newsletter bgcolor-white \">\n    <div class=\"container-newsletter\">\n                    <span class=\"title\">\u00bfLe gustar\u00eda conocer m\u00e1s sobre nuestras soluciones?<\/span>\n        \n                    <a href=\"https:\/\/www.stalam.com\/es\/informacion-requerida\/\" title=\"Solicitar informaci\u00f3n\" class=\"btn btn-filled-r\">\n                Solicitar informaci\u00f3n            <\/a>\n            <\/div>\n<\/div>\n\n","protected":false},"excerpt":{"rendered":"","protected":false},"author":1,"featured_media":0,"parent":0,"menu_order":171,"comment_status":"closed","ping_status":"closed","template":"","meta":{"_acf_changed":false,"content-type":"","footnotes":""},"class_list":["post-4024","page","type-page","status-publish","hentry"],"acf":[],"yoast_head":"<!-- This site is optimized with the Yoast SEO Premium plugin v23.9 (Yoast SEO v27.3) - https:\/\/yoast.com\/product\/yoast-seo-premium-wordpress\/ -->\n<title>Nuestro equipo | Stalam<\/title>\n<meta name=\"description\" content=\"Nuestro equipo. Ingrese al sitio y descubre informaci\u00f3n sobre la historia y la organizaci\u00f3n empresarial de Stalam.\" \/>\n<meta name=\"robots\" content=\"index, follow, max-snippet:-1, max-image-preview:large, max-video-preview:-1\" \/>\n<link rel=\"canonical\" href=\"https:\/\/www.stalam.com\/es\/nuestro-equipo\/\" \/>\n<meta property=\"og:locale\" content=\"es_ES\" \/>\n<meta property=\"og:type\" content=\"article\" \/>\n<meta property=\"og:title\" content=\"Nuestro equipo\" \/>\n<meta property=\"og:description\" content=\"Nuestro equipo. Ingrese al sitio y descubre informaci\u00f3n sobre la historia y la organizaci\u00f3n empresarial de Stalam.\" \/>\n<meta property=\"og:url\" content=\"https:\/\/www.stalam.com\/es\/nuestro-equipo\/\" \/>\n<meta property=\"og:site_name\" content=\"Stalam\" \/>\n<meta property=\"article:publisher\" content=\"https:\/\/www.facebook.com\/Stalam-184036235760438\/\" \/>\n<meta property=\"article:modified_time\" content=\"2025-05-27T08:55:33+00:00\" \/>\n<meta property=\"og:image\" content=\"https:\/\/www.stalam.com\/wp-content\/uploads\/2023\/06\/stalam-logo.png\" \/>\n\t<meta property=\"og:image:width\" content=\"634\" \/>\n\t<meta property=\"og:image:height\" content=\"176\" \/>\n\t<meta property=\"og:image:type\" content=\"image\/png\" \/>\n<meta name=\"twitter:card\" content=\"summary_large_image\" \/>\n<script type=\"application\/ld+json\" class=\"yoast-schema-graph\">{\"@context\":\"https:\\\/\\\/schema.org\",\"@graph\":[{\"@type\":\"WebPage\",\"@id\":\"https:\\\/\\\/www.stalam.com\\\/es\\\/nuestro-equipo\\\/\",\"url\":\"https:\\\/\\\/www.stalam.com\\\/es\\\/nuestro-equipo\\\/\",\"name\":\"Nuestro equipo | Stalam\",\"isPartOf\":{\"@id\":\"https:\\\/\\\/www.stalam.com\\\/#website\"},\"datePublished\":\"2023-03-10T15:04:10+00:00\",\"dateModified\":\"2025-05-27T08:55:33+00:00\",\"description\":\"Nuestro equipo. Ingrese al sitio y descubre informaci\u00f3n sobre la historia y la organizaci\u00f3n empresarial de Stalam.\",\"breadcrumb\":{\"@id\":\"https:\\\/\\\/www.stalam.com\\\/es\\\/nuestro-equipo\\\/#breadcrumb\"},\"inLanguage\":\"es\",\"potentialAction\":[{\"@type\":\"ReadAction\",\"target\":[\"https:\\\/\\\/www.stalam.com\\\/es\\\/nuestro-equipo\\\/\"]}]},{\"@type\":\"BreadcrumbList\",\"@id\":\"https:\\\/\\\/www.stalam.com\\\/es\\\/nuestro-equipo\\\/#breadcrumb\",\"itemListElement\":[{\"@type\":\"ListItem\",\"position\":1,\"name\":\"Home\",\"item\":\"https:\\\/\\\/www.stalam.com\\\/es\\\/\"},{\"@type\":\"ListItem\",\"position\":2,\"name\":\"Nuestro equipo\"}]},{\"@type\":\"WebSite\",\"@id\":\"https:\\\/\\\/www.stalam.com\\\/#website\",\"url\":\"https:\\\/\\\/www.stalam.com\\\/\",\"name\":\"Stalam\",\"description\":\"\",\"publisher\":{\"@id\":\"https:\\\/\\\/www.stalam.com\\\/#organization\"},\"potentialAction\":[{\"@type\":\"SearchAction\",\"target\":{\"@type\":\"EntryPoint\",\"urlTemplate\":\"https:\\\/\\\/www.stalam.com\\\/?s={search_term_string}\"},\"query-input\":{\"@type\":\"PropertyValueSpecification\",\"valueRequired\":true,\"valueName\":\"search_term_string\"}}],\"inLanguage\":\"es\"},{\"@type\":\"Organization\",\"@id\":\"https:\\\/\\\/www.stalam.com\\\/#organization\",\"name\":\"Stalam\",\"url\":\"https:\\\/\\\/www.stalam.com\\\/\",\"logo\":{\"@type\":\"ImageObject\",\"inLanguage\":\"es\",\"@id\":\"https:\\\/\\\/www.stalam.com\\\/#\\\/schema\\\/logo\\\/image\\\/\",\"url\":\"https:\\\/\\\/www.stalam.com\\\/wp-content\\\/uploads\\\/2023\\\/06\\\/stalam-logo.png\",\"contentUrl\":\"https:\\\/\\\/www.stalam.com\\\/wp-content\\\/uploads\\\/2023\\\/06\\\/stalam-logo.png\",\"width\":634,\"height\":176,\"caption\":\"Stalam\"},\"image\":{\"@id\":\"https:\\\/\\\/www.stalam.com\\\/#\\\/schema\\\/logo\\\/image\\\/\"},\"sameAs\":[\"https:\\\/\\\/www.facebook.com\\\/Stalam-184036235760438\\\/\",\"https:\\\/\\\/www.linkedin.com\\\/company\\\/stalam\\\/\",\"https:\\\/\\\/www.youtube.com\\\/channel\\\/UCcl2pZ10KrADorPJccCu43Q\"]}]}<\/script>\n<!-- \/ Yoast SEO Premium plugin. -->","yoast_head_json":{"title":"Nuestro equipo | Stalam","description":"Nuestro equipo. Ingrese al sitio y descubre informaci\u00f3n sobre la historia y la organizaci\u00f3n empresarial de Stalam.","robots":{"index":"index","follow":"follow","max-snippet":"max-snippet:-1","max-image-preview":"max-image-preview:large","max-video-preview":"max-video-preview:-1"},"canonical":"https:\/\/www.stalam.com\/es\/nuestro-equipo\/","og_locale":"es_ES","og_type":"article","og_title":"Nuestro equipo","og_description":"Nuestro equipo. Ingrese al sitio y descubre informaci\u00f3n sobre la historia y la organizaci\u00f3n empresarial de Stalam.","og_url":"https:\/\/www.stalam.com\/es\/nuestro-equipo\/","og_site_name":"Stalam","article_publisher":"https:\/\/www.facebook.com\/Stalam-184036235760438\/","article_modified_time":"2025-05-27T08:55:33+00:00","og_image":[{"width":634,"height":176,"url":"https:\/\/www.stalam.com\/wp-content\/uploads\/2023\/06\/stalam-logo.png","type":"image\/png"}],"twitter_card":"summary_large_image","schema":{"@context":"https:\/\/schema.org","@graph":[{"@type":"WebPage","@id":"https:\/\/www.stalam.com\/es\/nuestro-equipo\/","url":"https:\/\/www.stalam.com\/es\/nuestro-equipo\/","name":"Nuestro equipo | Stalam","isPartOf":{"@id":"https:\/\/www.stalam.com\/#website"},"datePublished":"2023-03-10T15:04:10+00:00","dateModified":"2025-05-27T08:55:33+00:00","description":"Nuestro equipo. Ingrese al sitio y descubre informaci\u00f3n sobre la historia y la organizaci\u00f3n empresarial de Stalam.","breadcrumb":{"@id":"https:\/\/www.stalam.com\/es\/nuestro-equipo\/#breadcrumb"},"inLanguage":"es","potentialAction":[{"@type":"ReadAction","target":["https:\/\/www.stalam.com\/es\/nuestro-equipo\/"]}]},{"@type":"BreadcrumbList","@id":"https:\/\/www.stalam.com\/es\/nuestro-equipo\/#breadcrumb","itemListElement":[{"@type":"ListItem","position":1,"name":"Home","item":"https:\/\/www.stalam.com\/es\/"},{"@type":"ListItem","position":2,"name":"Nuestro equipo"}]},{"@type":"WebSite","@id":"https:\/\/www.stalam.com\/#website","url":"https:\/\/www.stalam.com\/","name":"Stalam","description":"","publisher":{"@id":"https:\/\/www.stalam.com\/#organization"},"potentialAction":[{"@type":"SearchAction","target":{"@type":"EntryPoint","urlTemplate":"https:\/\/www.stalam.com\/?s={search_term_string}"},"query-input":{"@type":"PropertyValueSpecification","valueRequired":true,"valueName":"search_term_string"}}],"inLanguage":"es"},{"@type":"Organization","@id":"https:\/\/www.stalam.com\/#organization","name":"Stalam","url":"https:\/\/www.stalam.com\/","logo":{"@type":"ImageObject","inLanguage":"es","@id":"https:\/\/www.stalam.com\/#\/schema\/logo\/image\/","url":"https:\/\/www.stalam.com\/wp-content\/uploads\/2023\/06\/stalam-logo.png","contentUrl":"https:\/\/www.stalam.com\/wp-content\/uploads\/2023\/06\/stalam-logo.png","width":634,"height":176,"caption":"Stalam"},"image":{"@id":"https:\/\/www.stalam.com\/#\/schema\/logo\/image\/"},"sameAs":["https:\/\/www.facebook.com\/Stalam-184036235760438\/","https:\/\/www.linkedin.com\/company\/stalam\/","https:\/\/www.youtube.com\/channel\/UCcl2pZ10KrADorPJccCu43Q"]}]}},"_links":{"self":[{"href":"https:\/\/www.stalam.com\/es\/wp-json\/wp\/v2\/pages\/4024","targetHints":{"allow":["GET"]}}],"collection":[{"href":"https:\/\/www.stalam.com\/es\/wp-json\/wp\/v2\/pages"}],"about":[{"href":"https:\/\/www.stalam.com\/es\/wp-json\/wp\/v2\/types\/page"}],"author":[{"embeddable":true,"href":"https:\/\/www.stalam.com\/es\/wp-json\/wp\/v2\/users\/1"}],"replies":[{"embeddable":true,"href":"https:\/\/www.stalam.com\/es\/wp-json\/wp\/v2\/comments?post=4024"}],"version-history":[{"count":11,"href":"https:\/\/www.stalam.com\/es\/wp-json\/wp\/v2\/pages\/4024\/revisions"}],"predecessor-version":[{"id":15203,"href":"https:\/\/www.stalam.com\/es\/wp-json\/wp\/v2\/pages\/4024\/revisions\/15203"}],"wp:attachment":[{"href":"https:\/\/www.stalam.com\/es\/wp-json\/wp\/v2\/media?parent=4024"}],"curies":[{"name":"wp","href":"https:\/\/api.w.org\/{rel}","templated":true}]}}