{"id":4047,"date":"2023-05-18T17:54:02","date_gmt":"2023-05-18T15:54:02","guid":{"rendered":"https:\/\/www.stalam.com\/prodotti-e-servizi\/"},"modified":"2025-06-17T11:01:39","modified_gmt":"2025-06-17T09:01:39","slug":"productos-y-servicios","status":"publish","type":"page","link":"https:\/\/www.stalam.com\/es\/productos-y-servicios\/","title":{"rendered":"Productos y servicios"},"content":{"rendered":"\n<div class=\"fascia-card normal\">\n\n    <div class=\"container-card\">\n                    <span class=\"title-big\"><h1 class=\"title-big\">Productos y servicios<\/h1><\/span>\n                    <div class=\"elenco--applicazioni\">\n            \n                <div class=\"card-app\">\n\n            <a href=\"\">\n            <img decoding=\"async\" loading=\"lazy\" src=\"https:\/\/www.stalam.com\/wp-content\/uploads\/2023\/03\/textiles.png\" alt=\"\" width=\"600\" height=\"400\">\n        <\/a>\n    \n                    <span class=\"title\">TEXTIL<\/span>\n        \n        <ul>\n<li id=\"menu-item-4186\" class=\"menu-item menu-item-type-post_type menu-item-object-page menu-item-4186\"><a href=\"https:\/\/www.stalam.com\/es\/textil\/secadores-para-bobinas-de-hilo-y-mechas\/\">Secadores para bobinas de hilo y mechas<\/a><\/li>\n<li id=\"menu-item-4187\" class=\"menu-item menu-item-type-post_type menu-item-object-page menu-item-4187\"><a href=\"https:\/\/www.stalam.com\/es\/textil\/secadores-para-fibras-sueltas-cintas-de-hilo-mechas-e-hilos-en-madejas\/\">Secadores para fibras sueltas, cintas de hilo\/mechas e hilos en madejas<\/a><\/li>\n<li id=\"menu-item-4188\" class=\"menu-item menu-item-type-post_type menu-item-object-page menu-item-4188\"><a href=\"https:\/\/www.stalam.com\/es\/textil\/secadores-de-tejidos\/\">Secadores de tejidos<\/a><\/li>\n<li id=\"menu-item-4189\" class=\"menu-item menu-item-type-post_type menu-item-object-page menu-item-4189\"><a href=\"https:\/\/www.stalam.com\/es\/textil\/secadores-para-medias-y-leotardos\/\">Secadores para medias y leotardos<\/a><\/li>\n<li id=\"menu-item-4190\" class=\"menu-item menu-item-type-post_type menu-item-object-page menu-item-4190\"><a href=\"https:\/\/www.stalam.com\/es\/textil\/otras-aplicaciones-textiles\/\">Otras aplicaciones textiles<\/a><\/li>\n<\/ul>\n\n            <a href=\"\/es\/textil\/\" title=\"Saber mas\" class=\"btn btn-center btn-filled-t\">\n            Saber mas        <\/a>\n    \n<\/div>\n\n            \n                <div class=\"card-app\">\n\n            <a href=\"\">\n            <img decoding=\"async\" loading=\"lazy\" src=\"https:\/\/www.stalam.com\/wp-content\/uploads\/2023\/03\/tecnico.png\" alt=\"\" width=\"600\" height=\"400\">\n        <\/a>\n    \n                    <span class=\"title\">T\u00c9CNICO<\/span>\n        \n        <ul>\n<li id=\"menu-item-4211\" class=\"menu-item menu-item-type-post_type menu-item-object-page menu-item-4211\"><a href=\"https:\/\/www.stalam.com\/es\/tecnico\/secadores-para-fibra-de-vidrio\/\">Secadores para fibra de vidrio<\/a><\/li>\n<li id=\"menu-item-4209\" class=\"menu-item menu-item-type-post_type menu-item-object-page menu-item-4209\"><a href=\"https:\/\/www.stalam.com\/es\/tecnico\/aparatos-de-vulcanizacion-y-secadores-para-latex-sbr-y-otras-espumas-de-polimeros\/\">Aparatos de vulcanizaci\u00f3n y secadores para l\u00e1tex y otras espumas de pol\u00edmeros<\/a><\/li>\n<li id=\"menu-item-4210\" class=\"menu-item menu-item-type-post_type menu-item-object-page menu-item-4210\"><a href=\"https:\/\/www.stalam.com\/es\/tecnico\/secadores-de-fieltros-y-otros-textiles-no-tejidos\/\">Secadores de fieltros y otros textiles no tejidos<\/a><\/li>\n<li id=\"menu-item-4212\" class=\"menu-item menu-item-type-post_type menu-item-object-page menu-item-4212\"><a href=\"https:\/\/www.stalam.com\/es\/tecnico\/otras-aplicaciones-en-textiles-tecnicos\/\">Otras aplicaciones en textiles t\u00e9cnicos<\/a><\/li>\n<\/ul>\n\n            <a href=\"\/es\/tecnico\/\" title=\"Saber mas\" class=\"btn btn-center btn-filled-t\">\n            Saber mas        <\/a>\n    \n<\/div>\n\n            \n                <div class=\"card-app\">\n\n            <a href=\"\">\n            <img decoding=\"async\" loading=\"lazy\" src=\"https:\/\/www.stalam.com\/wp-content\/uploads\/2023\/03\/food.png\" alt=\"\" width=\"600\" height=\"400\">\n        <\/a>\n    \n                    <span class=\"title\">ALIMENTARIO<\/span>\n        \n        <ul>\n<li id=\"menu-item-4214\" class=\"menu-item menu-item-type-post_type menu-item-object-page menu-item-4214\"><a href=\"https:\/\/www.stalam.com\/es\/alimentario\/usos-para-panaderias-industriales\/\">Usos para panader\u00edas industriales<\/a><\/li>\n<li id=\"menu-item-4215\" class=\"menu-item menu-item-type-post_type menu-item-object-page menu-item-4215\"><a href=\"https:\/\/www.stalam.com\/es\/alimentario\/atemperado-y-descongelacion\/\">Atemperado y descongelacion<\/a><\/li>\n<li id=\"menu-item-4216\" class=\"menu-item menu-item-type-post_type menu-item-object-page menu-item-4216\"><a href=\"https:\/\/www.stalam.com\/es\/alimentario\/pasteurizacion-y-esterilizacion\/\">Pasteurizaci\u00f3n y esterilizaci\u00f3n<\/a><\/li>\n<li id=\"menu-item-4217\" class=\"menu-item menu-item-type-post_type menu-item-object-page menu-item-4217\"><a href=\"https:\/\/www.stalam.com\/es\/alimentario\/desinfestacion-y-desinfeccion\/\">Desinfestaci\u00f3n y desinfecci\u00f3n<\/a><\/li>\n<li id=\"menu-item-4217\" class=\"menu-item menu-item-type-post_type menu-item-object-page menu-item-4217\"><a href=\"https:\/\/www.stalam.com\/es\/alimentario\/pasteurizacion-de-productos-liquidos\/\">Pasteurizaci\u00f3n de productos l\u00edquidos<\/a><\/li>\n<li id=\"menu-item-4217\" class=\"menu-item menu-item-type-post_type menu-item-object-page menu-item-4217\"><a href=\"https:\/\/www.stalam.com\/es\/alimentario\/rellenado-y-precoccion\/\">Rellenado y precoccion de productos l\u00edquidos<\/a><\/li>\n<\/ul>\n\n            <a href=\"\/es\/alimentario\/\" title=\"Saber mas\" class=\"btn btn-center btn-filled-t\">\n            Saber mas        <\/a>\n    \n<\/div>\n\n            \n                <div class=\"card-app\">\n\n            <a href=\"\">\n            <img decoding=\"async\" loading=\"lazy\" src=\"https:\/\/www.stalam.com\/wp-content\/uploads\/2023\/03\/pharma.png\" alt=\"\" width=\"600\" height=\"400\">\n        <\/a>\n    \n                    <span class=\"title\">FARMA-COSM\u00c9TICA<\/span>\n        \n        <ul>\n<li id=\"menu-item-4219\" class=\"menu-item menu-item-type-post_type menu-item-object-page menu-item-4219\"><a href=\"https:\/\/www.stalam.com\/es\/farma-cosmetica\/desinfeccion-de-especias-hierbas-medicinales-y-aromaticas\/\">Desinfecci\u00f3n de especias, hierbas medicinales y arom\u00e1ticas<\/a><\/li>\n<li id=\"menu-item-4220\" class=\"menu-item menu-item-type-post_type menu-item-object-page menu-item-4220\"><a href=\"\/es\/farma-cosmetica\/desinfeccion-del-cannabis\/\">Desinfecci\u00f3n del cannabis<\/a><\/li>\n<li id=\"menu-item-4221\" class=\"menu-item menu-item-type-post_type menu-item-object-page menu-item-4221\"><a href=\"https:\/\/www.stalam.com\/es\/farma-cosmetica\/secadores-de-extensiones-de-cabello-natural\/\">Secadores de extensiones de cabello<\/a><\/li>\n<\/ul>\n\n            <a href=\"\/es\/farma-cosmetica\/\" title=\"Saber mas\" class=\"btn btn-center btn-filled-t\">\n            Saber mas        <\/a>\n    \n<\/div>\n\n            \n                <div class=\"card-app\">\n\n            <a href=\"\">\n            <img decoding=\"async\" loading=\"lazy\" src=\"https:\/\/www.stalam.com\/wp-content\/uploads\/2023\/03\/other.png\" alt=\"\" width=\"600\" height=\"400\">\n        <\/a>\n    \n                    <span class=\"title\">OTRAS APLICACIONES<\/span>\n        \n        <ul>\n<li id=\"menu-item-4223\" class=\"menu-item menu-item-type-post_type menu-item-object-page menu-item-4223\"><a href=\"https:\/\/www.stalam.com\/es\/otras-aplicaciones\/secadora-para-lavanderias-industriales\/\">Secadora para lavander\u00edas industriales<\/a><\/li>\n<li id=\"menu-item-4224\" class=\"menu-item menu-item-type-post_type menu-item-object-page menu-item-4224\"><a href=\"https:\/\/www.stalam.com\/es\/otras-aplicaciones\/otras-aplicaciones-de-la-tecnologia-de-rf\/\">Otras aplicaciones<\/a><\/li>\n<\/ul>\n\n            <a href=\"\/es\/otras-aplicaciones\/\" title=\"Saber mas\" class=\"btn btn-center btn-filled-t\">\n            Saber mas        <\/a>\n    \n<\/div>\n\n            \n                <div class=\"card-app\">\n\n            <a href=\"\">\n            <img decoding=\"async\" loading=\"lazy\" src=\"https:\/\/www.stalam.com\/wp-content\/uploads\/2023\/03\/other.png\" alt=\"\" width=\"600\" height=\"400\">\n        <\/a>\n    \n                    <span class=\"title\">SERVICIOS<\/span>\n        \n        <ul>\n<li id=\"menu-item-4226\" class=\"menu-item menu-item-type-post_type menu-item-object-page menu-item-4226\"><a href=\"https:\/\/www.stalam.com\/es\/servicios\/componentes-originales-y-repuestos\/\">Componentes originales y repuestos<\/a><\/li>\n<li id=\"menu-item-4228\" class=\"menu-item menu-item-type-post_type menu-item-object-page menu-item-4228\"><a href=\"https:\/\/www.stalam.com\/es\/servicios\/servicios-posventa\/\">Servicios posventa<\/a><\/li>\n<li id=\"menu-item-4227\" class=\"menu-item menu-item-type-post_type menu-item-object-page menu-item-4227\"><a href=\"https:\/\/www.stalam.com\/es\/servicios\/pruebas-y-demostraciones\/\">Pruebas y demostraciones<\/a><\/li>\n<\/ul>\n\n            <a href=\"\/es\/servicios\/\" title=\"Saber mas\" class=\"btn btn-center btn-filled-t\">\n            Saber mas        <\/a>\n    \n<\/div>\n\n                    <\/div>\n    <\/div>\n<\/div>\n\n\n\n<p><\/p>\n","protected":false},"excerpt":{"rendered":"","protected":false},"author":1,"featured_media":0,"parent":0,"menu_order":37,"comment_status":"closed","ping_status":"closed","template":"","meta":{"_acf_changed":false,"content-type":"","footnotes":""},"class_list":["post-4047","page","type-page","status-publish","hentry"],"acf":[],"yoast_head":"<!-- This site is optimized with the Yoast SEO Premium plugin v23.9 (Yoast SEO v27.3) - https:\/\/yoast.com\/product\/yoast-seo-premium-wordpress\/ -->\n<title>Productos y servicios | Stalam<\/title>\n<meta name=\"description\" content=\"Descubre la amplia gama de productos y servicios de Stalam para aplicaciones textiles, t\u00e9cnicas, alimentarias, farmac\u00e9uticas y otras m\u00e1s.\" \/>\n<meta name=\"robots\" content=\"index, follow, max-snippet:-1, max-image-preview:large, max-video-preview:-1\" \/>\n<link rel=\"canonical\" href=\"https:\/\/www.stalam.com\/es\/productos-y-servicios\/\" \/>\n<meta property=\"og:locale\" content=\"es_ES\" \/>\n<meta property=\"og:type\" content=\"article\" \/>\n<meta property=\"og:title\" content=\"Productos y servicios\" \/>\n<meta property=\"og:description\" content=\"Descubre la amplia gama de productos y servicios de Stalam para aplicaciones textiles, t\u00e9cnicas, alimentarias, farmac\u00e9uticas y otras m\u00e1s.\" \/>\n<meta property=\"og:url\" content=\"https:\/\/www.stalam.com\/es\/productos-y-servicios\/\" \/>\n<meta property=\"og:site_name\" content=\"Stalam\" \/>\n<meta property=\"article:publisher\" content=\"https:\/\/www.facebook.com\/Stalam-184036235760438\/\" \/>\n<meta property=\"article:modified_time\" content=\"2025-06-17T09:01:39+00:00\" \/>\n<meta property=\"og:image\" content=\"https:\/\/www.stalam.com\/wp-content\/uploads\/2023\/06\/stalam-logo.png\" \/>\n\t<meta property=\"og:image:width\" content=\"634\" \/>\n\t<meta property=\"og:image:height\" content=\"176\" \/>\n\t<meta property=\"og:image:type\" content=\"image\/png\" \/>\n<meta name=\"twitter:card\" content=\"summary_large_image\" \/>\n<script type=\"application\/ld+json\" class=\"yoast-schema-graph\">{\"@context\":\"https:\\\/\\\/schema.org\",\"@graph\":[{\"@type\":\"WebPage\",\"@id\":\"https:\\\/\\\/www.stalam.com\\\/es\\\/productos-y-servicios\\\/\",\"url\":\"https:\\\/\\\/www.stalam.com\\\/es\\\/productos-y-servicios\\\/\",\"name\":\"Productos y servicios | Stalam\",\"isPartOf\":{\"@id\":\"https:\\\/\\\/www.stalam.com\\\/#website\"},\"datePublished\":\"2023-05-18T15:54:02+00:00\",\"dateModified\":\"2025-06-17T09:01:39+00:00\",\"description\":\"Descubre la amplia gama de productos y servicios de Stalam para aplicaciones textiles, t\u00e9cnicas, alimentarias, farmac\u00e9uticas y otras m\u00e1s.\",\"breadcrumb\":{\"@id\":\"https:\\\/\\\/www.stalam.com\\\/es\\\/productos-y-servicios\\\/#breadcrumb\"},\"inLanguage\":\"es\",\"potentialAction\":[{\"@type\":\"ReadAction\",\"target\":[\"https:\\\/\\\/www.stalam.com\\\/es\\\/productos-y-servicios\\\/\"]}]},{\"@type\":\"BreadcrumbList\",\"@id\":\"https:\\\/\\\/www.stalam.com\\\/es\\\/productos-y-servicios\\\/#breadcrumb\",\"itemListElement\":[{\"@type\":\"ListItem\",\"position\":1,\"name\":\"Home\",\"item\":\"https:\\\/\\\/www.stalam.com\\\/es\\\/\"},{\"@type\":\"ListItem\",\"position\":2,\"name\":\"Productos y servicios\"}]},{\"@type\":\"WebSite\",\"@id\":\"https:\\\/\\\/www.stalam.com\\\/#website\",\"url\":\"https:\\\/\\\/www.stalam.com\\\/\",\"name\":\"Stalam\",\"description\":\"\",\"publisher\":{\"@id\":\"https:\\\/\\\/www.stalam.com\\\/#organization\"},\"potentialAction\":[{\"@type\":\"SearchAction\",\"target\":{\"@type\":\"EntryPoint\",\"urlTemplate\":\"https:\\\/\\\/www.stalam.com\\\/?s={search_term_string}\"},\"query-input\":{\"@type\":\"PropertyValueSpecification\",\"valueRequired\":true,\"valueName\":\"search_term_string\"}}],\"inLanguage\":\"es\"},{\"@type\":\"Organization\",\"@id\":\"https:\\\/\\\/www.stalam.com\\\/#organization\",\"name\":\"Stalam\",\"url\":\"https:\\\/\\\/www.stalam.com\\\/\",\"logo\":{\"@type\":\"ImageObject\",\"inLanguage\":\"es\",\"@id\":\"https:\\\/\\\/www.stalam.com\\\/#\\\/schema\\\/logo\\\/image\\\/\",\"url\":\"https:\\\/\\\/www.stalam.com\\\/wp-content\\\/uploads\\\/2023\\\/06\\\/stalam-logo.png\",\"contentUrl\":\"https:\\\/\\\/www.stalam.com\\\/wp-content\\\/uploads\\\/2023\\\/06\\\/stalam-logo.png\",\"width\":634,\"height\":176,\"caption\":\"Stalam\"},\"image\":{\"@id\":\"https:\\\/\\\/www.stalam.com\\\/#\\\/schema\\\/logo\\\/image\\\/\"},\"sameAs\":[\"https:\\\/\\\/www.facebook.com\\\/Stalam-184036235760438\\\/\",\"https:\\\/\\\/www.linkedin.com\\\/company\\\/stalam\\\/\",\"https:\\\/\\\/www.youtube.com\\\/channel\\\/UCcl2pZ10KrADorPJccCu43Q\"]}]}<\/script>\n<!-- \/ Yoast SEO Premium plugin. -->","yoast_head_json":{"title":"Productos y servicios | Stalam","description":"Descubre la amplia gama de productos y servicios de Stalam para aplicaciones textiles, t\u00e9cnicas, alimentarias, farmac\u00e9uticas y otras m\u00e1s.","robots":{"index":"index","follow":"follow","max-snippet":"max-snippet:-1","max-image-preview":"max-image-preview:large","max-video-preview":"max-video-preview:-1"},"canonical":"https:\/\/www.stalam.com\/es\/productos-y-servicios\/","og_locale":"es_ES","og_type":"article","og_title":"Productos y servicios","og_description":"Descubre la amplia gama de productos y servicios de Stalam para aplicaciones textiles, t\u00e9cnicas, alimentarias, farmac\u00e9uticas y otras m\u00e1s.","og_url":"https:\/\/www.stalam.com\/es\/productos-y-servicios\/","og_site_name":"Stalam","article_publisher":"https:\/\/www.facebook.com\/Stalam-184036235760438\/","article_modified_time":"2025-06-17T09:01:39+00:00","og_image":[{"width":634,"height":176,"url":"https:\/\/www.stalam.com\/wp-content\/uploads\/2023\/06\/stalam-logo.png","type":"image\/png"}],"twitter_card":"summary_large_image","schema":{"@context":"https:\/\/schema.org","@graph":[{"@type":"WebPage","@id":"https:\/\/www.stalam.com\/es\/productos-y-servicios\/","url":"https:\/\/www.stalam.com\/es\/productos-y-servicios\/","name":"Productos y servicios | Stalam","isPartOf":{"@id":"https:\/\/www.stalam.com\/#website"},"datePublished":"2023-05-18T15:54:02+00:00","dateModified":"2025-06-17T09:01:39+00:00","description":"Descubre la amplia gama de productos y servicios de Stalam para aplicaciones textiles, t\u00e9cnicas, alimentarias, farmac\u00e9uticas y otras m\u00e1s.","breadcrumb":{"@id":"https:\/\/www.stalam.com\/es\/productos-y-servicios\/#breadcrumb"},"inLanguage":"es","potentialAction":[{"@type":"ReadAction","target":["https:\/\/www.stalam.com\/es\/productos-y-servicios\/"]}]},{"@type":"BreadcrumbList","@id":"https:\/\/www.stalam.com\/es\/productos-y-servicios\/#breadcrumb","itemListElement":[{"@type":"ListItem","position":1,"name":"Home","item":"https:\/\/www.stalam.com\/es\/"},{"@type":"ListItem","position":2,"name":"Productos y servicios"}]},{"@type":"WebSite","@id":"https:\/\/www.stalam.com\/#website","url":"https:\/\/www.stalam.com\/","name":"Stalam","description":"","publisher":{"@id":"https:\/\/www.stalam.com\/#organization"},"potentialAction":[{"@type":"SearchAction","target":{"@type":"EntryPoint","urlTemplate":"https:\/\/www.stalam.com\/?s={search_term_string}"},"query-input":{"@type":"PropertyValueSpecification","valueRequired":true,"valueName":"search_term_string"}}],"inLanguage":"es"},{"@type":"Organization","@id":"https:\/\/www.stalam.com\/#organization","name":"Stalam","url":"https:\/\/www.stalam.com\/","logo":{"@type":"ImageObject","inLanguage":"es","@id":"https:\/\/www.stalam.com\/#\/schema\/logo\/image\/","url":"https:\/\/www.stalam.com\/wp-content\/uploads\/2023\/06\/stalam-logo.png","contentUrl":"https:\/\/www.stalam.com\/wp-content\/uploads\/2023\/06\/stalam-logo.png","width":634,"height":176,"caption":"Stalam"},"image":{"@id":"https:\/\/www.stalam.com\/#\/schema\/logo\/image\/"},"sameAs":["https:\/\/www.facebook.com\/Stalam-184036235760438\/","https:\/\/www.linkedin.com\/company\/stalam\/","https:\/\/www.youtube.com\/channel\/UCcl2pZ10KrADorPJccCu43Q"]}]}},"_links":{"self":[{"href":"https:\/\/www.stalam.com\/es\/wp-json\/wp\/v2\/pages\/4047","targetHints":{"allow":["GET"]}}],"collection":[{"href":"https:\/\/www.stalam.com\/es\/wp-json\/wp\/v2\/pages"}],"about":[{"href":"https:\/\/www.stalam.com\/es\/wp-json\/wp\/v2\/types\/page"}],"author":[{"embeddable":true,"href":"https:\/\/www.stalam.com\/es\/wp-json\/wp\/v2\/users\/1"}],"replies":[{"embeddable":true,"href":"https:\/\/www.stalam.com\/es\/wp-json\/wp\/v2\/comments?post=4047"}],"version-history":[{"count":16,"href":"https:\/\/www.stalam.com\/es\/wp-json\/wp\/v2\/pages\/4047\/revisions"}],"predecessor-version":[{"id":15745,"href":"https:\/\/www.stalam.com\/es\/wp-json\/wp\/v2\/pages\/4047\/revisions\/15745"}],"wp:attachment":[{"href":"https:\/\/www.stalam.com\/es\/wp-json\/wp\/v2\/media?parent=4047"}],"curies":[{"name":"wp","href":"https:\/\/api.w.org\/{rel}","templated":true}]}}