{"id":4360,"date":"2023-06-07T16:59:20","date_gmt":"2023-06-07T14:59:20","guid":{"rendered":"https:\/\/www.stalam.com\/privacy-policy\/"},"modified":"2024-12-17T10:57:24","modified_gmt":"2024-12-17T09:57:24","slug":"privacy-policy","status":"publish","type":"page","link":"https:\/\/www.stalam.com\/es\/privacy-policy\/","title":{"rendered":"Privacy policy"},"content":{"rendered":"\n<div class=\"fascia-bread-title bgcolor-white \">\n    <div class=\"container-fascia-bread-title\">\n        <p id=\"breadcrumbs\"><span><span><a href=\"https:\/\/www.stalam.com\/es\/\">Home<\/a><\/span><\/span><\/p>                <h1 class=\"title-big\">Privacy policy<\/h1>\n    <\/div>\n<\/div>\n\n\n\n\n\n\n<p class=\"has-text-align-center\"><strong>INFORMACI\u00d3N SOBRE EL TRATAMIENTO DE DATOS PERSONALES<\/strong><br><strong>(ART. 13 REG. UE 2016\/679)<\/strong><\/p>\n\n\n\n<div style=\"height:50px\" aria-hidden=\"true\" class=\"wp-block-spacer\"><\/div>\n\n\n\n<p>En virtud del Reglamento UE n. 2016\/679 (en adelante, GDPR) y la normativa nacional de referencia, esta informaci\u00f3n ha sido redactada para permitirle conocer nuestra pol\u00edtica sobre el tratamiento de sus datos personales en el contexto de la relaci\u00f3n mantenida con nuestra empresa.<br>Para garantizar una mejor consulta de la informaci\u00f3n importante contenida en el documento, a continuaci\u00f3n encontrar\u00e1 una parte general y, posteriormente, secciones espec\u00edficas dedicadas a las distintas relaciones con los interesados.<\/p>\n\n\n\n<div style=\"height:50px\" aria-hidden=\"true\" class=\"wp-block-spacer\"><\/div>\n\n\n\n<p><strong>Parte general<\/strong><\/p>\n\n\n\n<div style=\"height:50px\" aria-hidden=\"true\" class=\"wp-block-spacer\"><\/div>\n\n\n\n<p><strong>RESPONSABLE DEL TRATAMIENTO<\/strong><br>El responsable de cada tratamiento es STALAM S.p.A., con sede en Via dell&#8217;Olmo n. 7, Nove (VI) &#8211; C.F. y P.IVA 02083930244.<\/p>\n\n\n\n<div style=\"height:50px\" aria-hidden=\"true\" class=\"wp-block-spacer\"><\/div>\n\n\n\n<p><strong>DERECHOS DEL INTERESADO<\/strong><br>Usted, en calidad de interesado, enviando una solicitud mediante correo electr\u00f3nico a la direcci\u00f3n PEC stalamspa@pec.it o por correo certificado con acuse de recibo a la direcci\u00f3n postal, tiene derecho a obtener del Responsable del tratamiento:<br>(art.15) acceso a sus datos personales, la informaci\u00f3n relativa a los mismos y una copia de los datos personales objeto de tratamiento;<br>(art. 16) la rectificaci\u00f3n de datos inexactos o la integraci\u00f3n de datos incompletos;<br>(art. 17) la cancelaci\u00f3n de los datos personales que le conciernen;<br>(art. 18) la limitaci\u00f3n del tratamiento de sus datos personales;<br>(art. 20) sus datos personales en un formato estructurado y legible por dispositivo autom\u00e1tico, tambi\u00e9n con el fin de comunicar dichos datos a otro responsable del tratamiento.<\/p>\n\n\n\n<p>Adem\u00e1s, tiene derecho:<br>(art. 21) a oponerse en cualquier momento al tratamiento por motivos relacionados con su situaci\u00f3n particular;<br>(art. 7, apartado 3) a revocar en cualquier momento su consentimiento, siempre que el tratamiento se base en \u00e9l; este derecho tambi\u00e9n puede ejercerse mediante las herramientas espec\u00edficas indicadas en las secciones individuales.<\/p>\n\n\n\n<p>Por \u00faltimo, sin perjuicio de cualquier otro recurso administrativo o judicial, podr\u00e1 presentar una reclamaci\u00f3n ante la Autoridad de Protecci\u00f3n de Datos Personales \u2013 <a href=\"http:\/\/www.garanteprivacy.it\">www.garanteprivacy.it<\/a>, si considera que el tratamiento infringe el Reglamento UE 2016\/679.<\/p>\n\n\n\n<div style=\"height:50px\" aria-hidden=\"true\" class=\"wp-block-spacer\"><\/div>\n\n\n\n<p><strong>MODALIDAD DEL TRATAMIENTO DE LOS DATOS PERSONALES<\/strong><\/p>\n\n\n\n<p>El tratamiento puede realizarse tanto con per escrito o con medios inform\u00e1ticas y\/o telem\u00e1ticas, con modalidades organizativas y con l\u00f3gicas estrictamente relacionadas con los fines indicados, en pleno cumplimiento de los principios de protecci\u00f3n previstos por el GDPR.<\/p>\n\n\n\n<ol class=\"wp-block-list\">\n<li><strong>Servicios de venta<\/strong><\/li>\n<\/ol>\n\n\n\n<p><strong>CATEGOR\u00cdA DE DATOS Y FINALIDAD DEL TRATAMIENTO<\/strong><br>El tratamiento tiene por objeto sus datos personales comunes (datos de identificaci\u00f3n y contacto) y est\u00e1 destinado a:<br>Cumplir con las obligaciones derivadas de la relaci\u00f3n comercial de compra, que puede incluir, en particular, la asistencia posventa.<br>Gestionar aspectos legales y fiscales\/tributarios de la relaci\u00f3n comercial de compra.<br>Gestionar el archivo y la conservaci\u00f3n de datos, informaci\u00f3n, comunicaciones electr\u00f3nicas y documentos relacionados con la relaci\u00f3n comercial de compra.<\/p>\n\n\n\n<div style=\"height:50px\" aria-hidden=\"true\" class=\"wp-block-spacer\"><\/div>\n\n\n\n<p><strong>BASE JUR\u00cdDICA DEL TRATAMIENTO<\/strong><br>La base jur\u00eddica del tratamiento, seg\u00fan lo indicado en los puntos a), b), c), est\u00e1 regulada por el art. 6, apartado 1, letras b) y c) del GDPR:<br>Cumplimiento del contrato.<br>Cumplimiento de una obligaci\u00f3n legal a la que est\u00e1 sujeto el responsable del tratamiento.<\/p>\n\n\n\n<div style=\"height:50px\" aria-hidden=\"true\" class=\"wp-block-spacer\"><\/div>\n\n\n\n<p><strong>COMUNICACI\u00d3N DE LOS DATOS<\/strong><br>Sus datos personales podr\u00e1n ser comunicados a:<\/p>\n\n\n\n<ol start=\"1\" class=\"wp-block-list\">\n<li>Asesores fiscales, tributarios u otros profesionales que presten a la empresa servicios funcionales para los fines mencionados.<\/li>\n\n\n\n<li>Instituciones bancarias, aseguradoras, transportistas u otras empresas de servicios que presten servicios funcionales para los fines mencionados.<br>Adem\u00e1s, podr\u00e1n tener acceso a sus datos archivados en nuestros sistemas las siguientes personas:<\/li>\n\n\n\n<li>Proveedores de servicios de comunicaci\u00f3n electr\u00f3nica y servicios inform\u00e1ticos y telem\u00e1ticos de archivo, procesamiento y gesti\u00f3n de datos.<\/li>\n\n\n\n<li>Proveedores de servicios de mantenimiento de sistemas inform\u00e1ticos.<\/li>\n<\/ol>\n\n\n\n<p><strong>PER\u00cdODO DE CONSERVACI\u00d3N DE LOS DATOS<\/strong><br>Los datos se conservar\u00e1n durante el per\u00edodo de duraci\u00f3n de la relaci\u00f3n comercial y posteriormente, durante el tiempo en que el responsable del tratamiento est\u00e9 sujeto a obligaciones de conservaci\u00f3n con fines fiscales o para otros fines previstos por leyes o reglamentos, y en cualquier caso, durante el tiempo necesario para la protecci\u00f3n legal de los mismos.<\/p>\n\n\n\n<div style=\"height:50px\" aria-hidden=\"true\" class=\"wp-block-spacer\"><\/div>\n\n\n\n<p><strong>PROPORCI\u00d3N DE LOS DATOS Y RECHAZO<\/strong><br>La proporci\u00f3n de los datos personales comunes mencionados en los fines a)-b)-c) es una obligaci\u00f3n legal y un requisito necesario para la conclusi\u00f3n y ejecuci\u00f3n del contrato. En caso de no hacerlo, no ser\u00e1 posible gestionar la relaci\u00f3n comercial con la empresa.<\/p>\n\n\n\n<div style=\"height:50px\" aria-hidden=\"true\" class=\"wp-block-spacer\"><\/div>\n\n\n\n<p>2. <strong>Relaciones con proveedores de bienes y servicios<\/strong><\/p>\n\n\n\n<div style=\"height:50px\" aria-hidden=\"true\" class=\"wp-block-spacer\"><\/div>\n\n\n\n<p><strong>CATEGOR\u00cdA DE DATOS Y FINALIDAD DEL TRATAMIENTO<\/strong><br>El tratamiento tiene por objeto sus datos personales comunes (datos de identificaci\u00f3n y contacto) y est\u00e1 destinado a:<br>Cumplir con las obligaciones derivadas de la relaci\u00f3n contractual de suministro.<br>Gestionar aspectos legales y fiscales\/tributarios de la relaci\u00f3n contractual de suministro.<br>Gestionar el archivo y la conservaci\u00f3n de datos, informaci\u00f3n, comunicaciones electr\u00f3nicas y documentos relacionados con la relaci\u00f3n contractual de suministro.<\/p>\n\n\n\n<div style=\"height:50px\" aria-hidden=\"true\" class=\"wp-block-spacer\"><\/div>\n\n\n\n<p><strong>BASE JUR\u00cdDICA DEL TRATAMIENTO<\/strong><br>La base jur\u00eddica del tratamiento, seg\u00fan lo indicado en los puntos a), b), c), est\u00e1 regulada por el art. 6, apartado 1, letras b) y c) del GDPR:<br>Cumplimiento del contrato.<br>Cumplimiento de una obligaci\u00f3n legal a la que est\u00e1 sujeto el responsable del tratamiento.<\/p>\n\n\n\n<div style=\"height:50px\" aria-hidden=\"true\" class=\"wp-block-spacer\"><\/div>\n\n\n\n<p><strong>COMUNICACI\u00d3N DE LOS DATOS<\/strong><br>Sus datos personales podr\u00e1n ser comunicados a:<\/p>\n\n\n\n<ol start=\"1\" class=\"wp-block-list\">\n<li>Asesores fiscales, tributarios u otros profesionales que presten a la empresa servicios funcionales para los fines mencionados.<\/li>\n\n\n\n<li>Instituciones bancarias, aseguradoras, transportistas u otras empresas de servicios que presten servicios funcionales para los fines mencionados.<br>Adem\u00e1s, podr\u00e1n tener acceso a sus datos archivados en nuestros sistemas las siguientes personas:<\/li>\n\n\n\n<li>Proveedores de servicios de comunicaci\u00f3n electr\u00f3nica y servicios inform\u00e1ticos y telem\u00e1ticos de archivo, procesamiento y gesti\u00f3n de datos.<\/li>\n\n\n\n<li>Proveedores de servicios de mantenimiento de sistemas inform\u00e1ticos.<\/li>\n<\/ol>\n\n\n\n<p><strong>PER\u00cdODO DE CONSERVACI\u00d3N DE LOS DATOS<\/strong><br>Los datos se conservar\u00e1n durante el per\u00edodo de duraci\u00f3n de la relaci\u00f3n contractual de suministro y posteriormente, durante el tiempo en que el responsable del tratamiento est\u00e9 sujeto a obligaciones de conservaci\u00f3n con fines fiscales o para otros fines previstos por leyes o reglamentos, y en cualquier caso, durante el tiempo necesario para la protecci\u00f3n legal de los mismos.<\/p>\n\n\n\n<div style=\"height:50px\" aria-hidden=\"true\" class=\"wp-block-spacer\"><\/div>\n\n\n\n<p><strong>PROPORCI\u00d3N DE LOS DATOS Y RECHAZO<\/strong><br>La proporci\u00f3n de los datos personales comunes mencionados en los fines a)-b)-c) es una obligaci\u00f3n legal y un requisito necesario para la conclusi\u00f3n y ejecuci\u00f3n del contrato. En caso de no hacerlo, no ser\u00e1 posible gestionar la relaci\u00f3n contractual de suministro con la empresa.<\/p>\n\n\n\n<div style=\"height:50px\" aria-hidden=\"true\" class=\"wp-block-spacer\"><\/div>\n\n\n\n<p>3. <strong>Denuncia de irregularidades<\/strong><\/p>\n\n\n\n<div style=\"height:50px\" aria-hidden=\"true\" class=\"wp-block-spacer\"><\/div>\n\n\n\n<p><strong>CATEGOR\u00cdA DE DATOS Y FINALIDAD DEL TRATAMIENTO<\/strong><br>El tratamiento tiene por objeto sus datos personales comunes (datos de identificaci\u00f3n y contacto) y est\u00e1 destinado a:<br>Cumplir con las obligaciones legales relativas a la gesti\u00f3n de las denuncias de whistleblowing.<br>Gestionar el archivo y la conservaci\u00f3n de datos, informaci\u00f3n, comunicaciones electr\u00f3nicas y documentos relacionados con la denuncia.<br>El tratamiento tambi\u00e9n podr\u00e1 involucrar datos de categor\u00edas especiales proporcionados por usted en el marco de la denuncia.<\/p>\n\n\n\n<div style=\"height:50px\" aria-hidden=\"true\" class=\"wp-block-spacer\"><\/div>\n\n\n\n<p><strong>BASE JUR\u00cdDICA DEL TRATAMIENTO<\/strong><br>La base jur\u00eddica del tratamiento, seg\u00fan lo indicado en los puntos a) y b), est\u00e1 regulada por el art. 6, apartado 1, letra c) del GDPR: \u00abel tratamiento es necesario para cumplir con una obligaci\u00f3n legal a la que est\u00e1 sujeto el responsable del tratamiento\u00bb.<br>El tratamiento de cualquier dato de categor\u00eda especial proporcionado por usted est\u00e1 autorizado en virtud del art. 9, apartado 2, letra g): \u00abnecesario por razones de inter\u00e9s p\u00fablico importante sobre la base del derecho de la Uni\u00f3n o de los Estados miembros\u00bb.<\/p>\n\n\n\n<div style=\"height:50px\" aria-hidden=\"true\" class=\"wp-block-spacer\"><\/div>\n\n\n\n<p><strong>PROPORCI\u00d3N DE LOS DATOS Y RECHAZO<\/strong><br>La proporci\u00f3n de los datos personales comunes mencionados en los fines a)-b) es un requisito necesario para la gesti\u00f3n de la denuncia. En caso de no hacerlo, no ser\u00e1 posible gestionar la denuncia.<\/p>\n\n\n\n<div style=\"height:50px\" aria-hidden=\"true\" class=\"wp-block-spacer\"><\/div>\n\n\n\n<p><strong>COMUNICACI\u00d3N DE LOS DATOS<\/strong><br>Sus datos personales ser\u00e1n comunicados al Gestor de Denuncias, Responsable Externo del Tratamiento, quien est\u00e1 obligado a mantener la confidencialidad en virtud del encargo espec\u00edfico recibido en su calidad de Gestor de Denuncias Internas.<\/p>\n\n\n\n<div style=\"height:50px\" aria-hidden=\"true\" class=\"wp-block-spacer\"><\/div>\n\n\n\n<p><strong>PER\u00cdODO DE CONSERVACI\u00d3N DE LOS DATOS<\/strong><br>Para garantizar la gesti\u00f3n y trazabilidad de las denuncias y las actividades relacionadas, los datos y la documentaci\u00f3n correspondiente se conservar\u00e1n por un per\u00edodo m\u00e1ximo de 5 a\u00f1os desde la recepci\u00f3n de la denuncia.<\/p>\n\n\n\n<div style=\"height:50px\" aria-hidden=\"true\" class=\"wp-block-spacer\"><\/div>\n","protected":false},"excerpt":{"rendered":"<p>INFORMACI\u00d3N SOBRE EL TRATAMIENTO DE DATOS PERSONALES(ART. 13 REG. UE 2016\/679) En virtud del [&hellip;]<\/p>\n","protected":false},"author":1,"featured_media":0,"parent":0,"menu_order":248,"comment_status":"closed","ping_status":"closed","template":"","meta":{"_acf_changed":false,"content-type":"","footnotes":""},"class_list":["post-4360","page","type-page","status-publish","hentry"],"acf":[],"yoast_head":"<!-- This site is optimized with the Yoast SEO Premium plugin v23.9 (Yoast SEO v25.7) - https:\/\/yoast.com\/wordpress\/plugins\/seo\/ -->\n<title>Privacy Policy | Stalam<\/title>\n<meta name=\"description\" content=\"Lee la pol\u00edtica de privacidad de Stalam y conoce c\u00f3mo protegemos tus datos personales al interactuar con nuestra tecnolog\u00eda y servicios industriales.\" \/>\n<meta name=\"robots\" content=\"index, follow, max-snippet:-1, max-image-preview:large, max-video-preview:-1\" \/>\n<link rel=\"canonical\" href=\"https:\/\/www.stalam.com\/es\/privacy-policy\/\" \/>\n<meta property=\"og:locale\" content=\"es_ES\" \/>\n<meta property=\"og:type\" content=\"article\" \/>\n<meta property=\"og:title\" content=\"Privacy policy\" \/>\n<meta property=\"og:description\" content=\"Lee la pol\u00edtica de privacidad de Stalam y conoce c\u00f3mo protegemos tus datos personales al interactuar con nuestra tecnolog\u00eda y servicios industriales.\" \/>\n<meta property=\"og:url\" content=\"https:\/\/www.stalam.com\/es\/privacy-policy\/\" \/>\n<meta property=\"og:site_name\" content=\"Stalam\" \/>\n<meta property=\"article:publisher\" content=\"https:\/\/www.facebook.com\/Stalam-184036235760438\/\" \/>\n<meta property=\"article:modified_time\" content=\"2024-12-17T09:57:24+00:00\" \/>\n<meta property=\"og:image\" content=\"https:\/\/www.stalam.com\/wp-content\/uploads\/2023\/06\/stalam-logo.png\" \/>\n\t<meta property=\"og:image:width\" content=\"634\" \/>\n\t<meta property=\"og:image:height\" content=\"176\" \/>\n\t<meta property=\"og:image:type\" content=\"image\/png\" \/>\n<meta name=\"twitter:card\" content=\"summary_large_image\" \/>\n<meta name=\"twitter:label1\" content=\"Tiempo de lectura\" \/>\n\t<meta name=\"twitter:data1\" content=\"7 minutos\" \/>\n<script type=\"application\/ld+json\" class=\"yoast-schema-graph\">{\"@context\":\"https:\/\/schema.org\",\"@graph\":[{\"@type\":\"WebPage\",\"@id\":\"https:\/\/www.stalam.com\/es\/privacy-policy\/\",\"url\":\"https:\/\/www.stalam.com\/es\/privacy-policy\/\",\"name\":\"Privacy Policy | Stalam\",\"isPartOf\":{\"@id\":\"https:\/\/www.stalam.com\/#website\"},\"datePublished\":\"2023-06-07T14:59:20+00:00\",\"dateModified\":\"2024-12-17T09:57:24+00:00\",\"description\":\"Lee la pol\u00edtica de privacidad de Stalam y conoce c\u00f3mo protegemos tus datos personales al interactuar con nuestra tecnolog\u00eda y servicios industriales.\",\"breadcrumb\":{\"@id\":\"https:\/\/www.stalam.com\/es\/privacy-policy\/#breadcrumb\"},\"inLanguage\":\"es\",\"potentialAction\":[{\"@type\":\"ReadAction\",\"target\":[\"https:\/\/www.stalam.com\/es\/privacy-policy\/\"]}]},{\"@type\":\"BreadcrumbList\",\"@id\":\"https:\/\/www.stalam.com\/es\/privacy-policy\/#breadcrumb\",\"itemListElement\":[{\"@type\":\"ListItem\",\"position\":1,\"name\":\"Home\",\"item\":\"https:\/\/www.stalam.com\/es\/\"},{\"@type\":\"ListItem\",\"position\":2,\"name\":\"Privacy policy\"}]},{\"@type\":\"WebSite\",\"@id\":\"https:\/\/www.stalam.com\/#website\",\"url\":\"https:\/\/www.stalam.com\/\",\"name\":\"Stalam\",\"description\":\"\",\"publisher\":{\"@id\":\"https:\/\/www.stalam.com\/#organization\"},\"potentialAction\":[{\"@type\":\"SearchAction\",\"target\":{\"@type\":\"EntryPoint\",\"urlTemplate\":\"https:\/\/www.stalam.com\/?s={search_term_string}\"},\"query-input\":{\"@type\":\"PropertyValueSpecification\",\"valueRequired\":true,\"valueName\":\"search_term_string\"}}],\"inLanguage\":\"es\"},{\"@type\":\"Organization\",\"@id\":\"https:\/\/www.stalam.com\/#organization\",\"name\":\"Stalam\",\"url\":\"https:\/\/www.stalam.com\/\",\"logo\":{\"@type\":\"ImageObject\",\"inLanguage\":\"es\",\"@id\":\"https:\/\/www.stalam.com\/#\/schema\/logo\/image\/\",\"url\":\"https:\/\/www.stalam.com\/wp-content\/uploads\/2023\/06\/stalam-logo.png\",\"contentUrl\":\"https:\/\/www.stalam.com\/wp-content\/uploads\/2023\/06\/stalam-logo.png\",\"width\":634,\"height\":176,\"caption\":\"Stalam\"},\"image\":{\"@id\":\"https:\/\/www.stalam.com\/#\/schema\/logo\/image\/\"},\"sameAs\":[\"https:\/\/www.facebook.com\/Stalam-184036235760438\/\",\"https:\/\/www.linkedin.com\/company\/stalam\/\",\"https:\/\/www.youtube.com\/channel\/UCcl2pZ10KrADorPJccCu43Q\"]}]}<\/script>\n<!-- \/ Yoast SEO Premium plugin. -->","yoast_head_json":{"title":"Privacy Policy | Stalam","description":"Lee la pol\u00edtica de privacidad de Stalam y conoce c\u00f3mo protegemos tus datos personales al interactuar con nuestra tecnolog\u00eda y servicios industriales.","robots":{"index":"index","follow":"follow","max-snippet":"max-snippet:-1","max-image-preview":"max-image-preview:large","max-video-preview":"max-video-preview:-1"},"canonical":"https:\/\/www.stalam.com\/es\/privacy-policy\/","og_locale":"es_ES","og_type":"article","og_title":"Privacy policy","og_description":"Lee la pol\u00edtica de privacidad de Stalam y conoce c\u00f3mo protegemos tus datos personales al interactuar con nuestra tecnolog\u00eda y servicios industriales.","og_url":"https:\/\/www.stalam.com\/es\/privacy-policy\/","og_site_name":"Stalam","article_publisher":"https:\/\/www.facebook.com\/Stalam-184036235760438\/","article_modified_time":"2024-12-17T09:57:24+00:00","og_image":[{"width":634,"height":176,"url":"https:\/\/www.stalam.com\/wp-content\/uploads\/2023\/06\/stalam-logo.png","type":"image\/png"}],"twitter_card":"summary_large_image","twitter_misc":{"Tiempo de lectura":"7 minutos"},"schema":{"@context":"https:\/\/schema.org","@graph":[{"@type":"WebPage","@id":"https:\/\/www.stalam.com\/es\/privacy-policy\/","url":"https:\/\/www.stalam.com\/es\/privacy-policy\/","name":"Privacy Policy | Stalam","isPartOf":{"@id":"https:\/\/www.stalam.com\/#website"},"datePublished":"2023-06-07T14:59:20+00:00","dateModified":"2024-12-17T09:57:24+00:00","description":"Lee la pol\u00edtica de privacidad de Stalam y conoce c\u00f3mo protegemos tus datos personales al interactuar con nuestra tecnolog\u00eda y servicios industriales.","breadcrumb":{"@id":"https:\/\/www.stalam.com\/es\/privacy-policy\/#breadcrumb"},"inLanguage":"es","potentialAction":[{"@type":"ReadAction","target":["https:\/\/www.stalam.com\/es\/privacy-policy\/"]}]},{"@type":"BreadcrumbList","@id":"https:\/\/www.stalam.com\/es\/privacy-policy\/#breadcrumb","itemListElement":[{"@type":"ListItem","position":1,"name":"Home","item":"https:\/\/www.stalam.com\/es\/"},{"@type":"ListItem","position":2,"name":"Privacy policy"}]},{"@type":"WebSite","@id":"https:\/\/www.stalam.com\/#website","url":"https:\/\/www.stalam.com\/","name":"Stalam","description":"","publisher":{"@id":"https:\/\/www.stalam.com\/#organization"},"potentialAction":[{"@type":"SearchAction","target":{"@type":"EntryPoint","urlTemplate":"https:\/\/www.stalam.com\/?s={search_term_string}"},"query-input":{"@type":"PropertyValueSpecification","valueRequired":true,"valueName":"search_term_string"}}],"inLanguage":"es"},{"@type":"Organization","@id":"https:\/\/www.stalam.com\/#organization","name":"Stalam","url":"https:\/\/www.stalam.com\/","logo":{"@type":"ImageObject","inLanguage":"es","@id":"https:\/\/www.stalam.com\/#\/schema\/logo\/image\/","url":"https:\/\/www.stalam.com\/wp-content\/uploads\/2023\/06\/stalam-logo.png","contentUrl":"https:\/\/www.stalam.com\/wp-content\/uploads\/2023\/06\/stalam-logo.png","width":634,"height":176,"caption":"Stalam"},"image":{"@id":"https:\/\/www.stalam.com\/#\/schema\/logo\/image\/"},"sameAs":["https:\/\/www.facebook.com\/Stalam-184036235760438\/","https:\/\/www.linkedin.com\/company\/stalam\/","https:\/\/www.youtube.com\/channel\/UCcl2pZ10KrADorPJccCu43Q"]}]}},"_links":{"self":[{"href":"https:\/\/www.stalam.com\/es\/wp-json\/wp\/v2\/pages\/4360","targetHints":{"allow":["GET"]}}],"collection":[{"href":"https:\/\/www.stalam.com\/es\/wp-json\/wp\/v2\/pages"}],"about":[{"href":"https:\/\/www.stalam.com\/es\/wp-json\/wp\/v2\/types\/page"}],"author":[{"embeddable":true,"href":"https:\/\/www.stalam.com\/es\/wp-json\/wp\/v2\/users\/1"}],"replies":[{"embeddable":true,"href":"https:\/\/www.stalam.com\/es\/wp-json\/wp\/v2\/comments?post=4360"}],"version-history":[{"count":17,"href":"https:\/\/www.stalam.com\/es\/wp-json\/wp\/v2\/pages\/4360\/revisions"}],"predecessor-version":[{"id":13838,"href":"https:\/\/www.stalam.com\/es\/wp-json\/wp\/v2\/pages\/4360\/revisions\/13838"}],"wp:attachment":[{"href":"https:\/\/www.stalam.com\/es\/wp-json\/wp\/v2\/media?parent=4360"}],"curies":[{"name":"wp","href":"https:\/\/api.w.org\/{rel}","templated":true}]}}