{"id":4373,"date":"2023-06-07T16:23:31","date_gmt":"2023-06-07T14:23:31","guid":{"rendered":"https:\/\/www.stalam.com\/iscriviti-alla-newsletter\/"},"modified":"2023-06-07T17:19:29","modified_gmt":"2023-06-07T15:19:29","slug":"suscribete-a-nuestro-boletin","status":"publish","type":"page","link":"https:\/\/www.stalam.com\/es\/suscribete-a-nuestro-boletin\/","title":{"rendered":"Suscr\u00edbete a nuestro bolet\u00edn"},"content":{"rendered":"\n<div class=\"fascia-bread-title bgcolor-white \">\n    <div class=\"container-fascia-bread-title\">\n        <p id=\"breadcrumbs\"><span><span><a href=\"https:\/\/www.stalam.com\/es\/\">Home<\/a><\/span><\/span><\/p>                <h1 class=\"title-big\">Suscr\u00edbete a nuestro bolet\u00edn<\/h1>\n    <\/div>\n<\/div>\n\n\n\n<link rel='stylesheet' id='formidable-css' href='https:\/\/www.stalam.com\/wp-content\/plugins\/formidable\/css\/formidableforms.css' type='text\/css' media='all' \/>\n<div class=\"frm_forms  with_frm_style frm_style_formidable-stalam\" id=\"frm_form_7_container\" >\n<form enctype=\"multipart\/form-data\" method=\"post\" class=\"frm-show-form  frm_js_validate  frm_ajax_submit  frm_pro_form \" id=\"form_form-contatti222\" >\n<div class=\"frm_form_fields \">\n<fieldset>\n<legend class=\"frm_screen_reader\">Iscriviti alla newsletter [ES]<\/legend>\r\n\r\n<div class=\"frm_fields_container\">\n<input type=\"hidden\" name=\"frm_action\" value=\"create\" \/>\n<input type=\"hidden\" name=\"form_id\" value=\"7\" \/>\n<input type=\"hidden\" name=\"frm_hide_fields_7\" id=\"frm_hide_fields_7\" value=\"\" \/>\n<input type=\"hidden\" name=\"form_key\" value=\"form-contatti222\" \/>\n<input type=\"hidden\" name=\"item_meta[0]\" value=\"\" \/>\n<input type=\"hidden\" id=\"frm_submit_entry_7\" name=\"frm_submit_entry_7\" value=\"9d208a6305\" \/><input type=\"hidden\" name=\"_wp_http_referer\" value=\"\/es\/wp-json\/wp\/v2\/pages\/4373\" \/><div id=\"frm_field_71_container\" class=\"frm_form_field form-field  frm_required_field frm_top_container frm_first frm_half\">\r\n    <label for=\"field_qh4icy43\" id=\"field_qh4icy43_label\" class=\"frm_primary_label\">Nombre de pila\r\n        <span class=\"frm_required\" aria-hidden=\"true\">*<\/span>\r\n    <\/label>\r\n    <input  type=\"text\" id=\"field_qh4icy43\" name=\"item_meta[71]\" value=\"\"  data-reqmsg=\"Questo campo non pu\u00f2 essere vuoto.\" aria-required=\"true\" data-invmsg=\"Name non \u00e8 valido\" aria-invalid=\"false\"   \/>\r\n    \r\n    \r\n<\/div>\n<div id=\"frm_field_72_container\" class=\"frm_form_field form-field  frm_required_field frm_top_container frm_half\">\r\n    <label for=\"field_ocfup143\" id=\"field_ocfup143_label\" class=\"frm_primary_label\">Apellido\r\n        <span class=\"frm_required\" aria-hidden=\"true\">*<\/span>\r\n    <\/label>\r\n    <input  type=\"text\" id=\"field_ocfup143\" name=\"item_meta[72]\" value=\"\"  data-reqmsg=\"Questo campo non pu\u00f2 essere vuoto.\" aria-required=\"true\" data-invmsg=\"Last non \u00e8 valido\" aria-invalid=\"false\"   \/>\r\n    \r\n    \r\n<\/div>\n<div id=\"frm_field_73_container\" class=\"frm_form_field form-field  frm_required_field frm_top_container frm12  frm6 frm_first\">\r\n    <label for=\"field_29yf4d43\" id=\"field_29yf4d43_label\" class=\"frm_primary_label\">Email\r\n        <span class=\"frm_required\" aria-hidden=\"true\">*<\/span>\r\n    <\/label>\r\n    <input type=\"email\" id=\"field_29yf4d43\" name=\"item_meta[73]\" value=\"\"  data-reqmsg=\"Questo campo non pu\u00f2 essere vuoto.\" aria-required=\"true\" data-invmsg=\"Please enter a valid email address\" aria-invalid=\"false\"  \/>\r\n    \r\n    \r\n<\/div>\n<div id=\"frm_field_74_container\" class=\"frm_form_field form-field  frm_required_field frm_top_container frm6\">\r\n    <label for=\"field_8sesi3\" id=\"field_8sesi3_label\" class=\"frm_primary_label\">Pa\u00eds\r\n        <span class=\"frm_required\" aria-hidden=\"true\">*<\/span>\r\n    <\/label>\r\n    <input  type=\"text\" id=\"field_8sesi3\" name=\"item_meta[74]\" value=\"\"  data-reqmsg=\"Questo campo non pu\u00f2 essere vuoto.\" aria-required=\"true\" data-invmsg=\"Testo non \u00e8 valido\" aria-invalid=\"false\"   \/>\r\n    \r\n    \r\n<\/div>\n<div id=\"frm_field_164_container\" class=\"frm_form_field form-field  frm_top_container\">\r\n    <label for=\"field_2xhjd\" id=\"field_2xhjd_label\" class=\"frm_primary_label\">Estoy interesado en estos productos\r\n        <span class=\"frm_required\" aria-hidden=\"true\"><\/span>\r\n    <\/label>\r\n    \t\t<select name=\"item_meta[164]\" id=\"field_2xhjd\"  data-invmsg=\"Estoy interesado en estos productos no es v\u00e1lido\" aria-invalid=\"false\"  >\n\t\t<option  value=\"\" selected='selected'> <\/option><option  value=\"Textil\">Textil<\/option><option  value=\"Textil - Tecnico\">Textil &#8211; Tecnico<\/option><option  value=\"Alimentario\">Alimentario<\/option><option  value=\"Farma-Cosm\u00e9tica\">Farma-Cosm\u00e9tica<\/option>\t<\/select>\n\t\r\n    \r\n    \r\n<\/div>\n<div id=\"frm_field_76_container\" class=\"frm_form_field  frm_html_container form-field\">\n<p><strong>Declaro que he le\u00eddo la informaci\u00f3n sobre el tratamiento de datos personales<br \/><\/strong>Al hacer clic en el bot\u00f3n enviar, confirmo la solicitud del servicio indicado en el punto a) de la informaci\u00f3n, el consentimiento para el procesamiento de datos para los fines del servicio y con los m\u00e9todos de tratamiento previstos en la propia informaci\u00f3n, incluyendo cualquier tratamiento en pa\u00edses miembros de la UE o en pa\u00edses no pertenecientes a la UE.<\/p>\n<\/div>\n<div id=\"frm_field_77_container\" class=\"frm_form_field form-field  frm_required_field frm_top_container frm6 frm_first vertical_radio\">\r\n    <div  id=\"field_h5cbh33_label\" class=\"frm_primary_label\">A las actividades de marketing\r\n        <span class=\"frm_required\" aria-hidden=\"true\">*<\/span>\r\n    <\/div>\r\n    <div class=\"frm_opt_container\" aria-labelledby=\"field_h5cbh33_label\" role=\"radiogroup\" aria-required=\"true\">\t\t<div class=\"frm_radio\" id=\"frm_radio_77-0\">\t\t\t<label  for=\"field_h5cbh33-0\">\n\t\t\t\t\t<input type=\"radio\" name=\"item_meta[77]\" id=\"field_h5cbh33-0\" value=\"Estoy de acuerdo\"\n\t\t data-reqmsg=\"Questo campo non pu\u00f2 essere vuoto.\" data-invmsg=\"A las actividades de marketing no es v\u00e1lido\"   \/> Estoy de acuerdo<\/label><\/div>\n<\/div>\r\n    \r\n    \r\n<\/div>\n<div id=\"frm_field_78_container\" class=\"frm_form_field form-field  frm_required_field frm_top_container frm6 vertical_radio\">\r\n    <div  id=\"field_upx6v33_label\" class=\"frm_primary_label\">A la comunicaci\u00f3n a terceros con fines de marketing\r\n        <span class=\"frm_required\" aria-hidden=\"true\">*<\/span>\r\n    <\/div>\r\n    <div class=\"frm_opt_container\" aria-labelledby=\"field_upx6v33_label\" role=\"radiogroup\" aria-required=\"true\">\t\t<div class=\"frm_radio\" id=\"frm_radio_78-0\">\t\t\t<label  for=\"field_upx6v33-0\">\n\t\t\t\t\t<input type=\"radio\" name=\"item_meta[78]\" id=\"field_upx6v33-0\" value=\"Estoy de acuerdo\"\n\t\t data-reqmsg=\"Questo campo non pu\u00f2 essere vuoto.\" data-invmsg=\"A la comunicaci\u00f3n a terceros con fines de marketing no es v\u00e1lido\"   \/> Estoy de acuerdo<\/label><\/div>\n<\/div>\r\n    \r\n    \r\n<\/div>\n<div id=\"frm_field_79_container\" class=\"frm_form_field form-field  frm_none_container\">\r\n    <label for=\"g-recaptcha-response\" id=\"field_9wb9w32_label\" class=\"frm_primary_label\">Captcha\r\n        <span class=\"frm_required\" aria-hidden=\"true\"><\/span>\r\n    <\/label>\r\n    <div  id=\"field_9wb9w32\" class=\"frm-g-recaptcha\" data-sitekey=\"6Ldjs1kgAAAAAM4I_sV9OEVxwRvE46SBmAavvpPF\" data-size=\"invisible\" data-theme=\"light\"><\/div>\r\n    \r\n    \r\n<\/div>\n\t<input type=\"hidden\" name=\"item_key\" value=\"\" \/>\n\t\t\t<div id=\"frm_field_377_container\">\n\t\t\t<label for=\"field_kqh2u\" >\n\t\t\t\tSi eres humano, deja este campo en blanco.\t\t\t<\/label>\n\t\t\t<input  id=\"field_kqh2u\" type=\"text\" class=\"frm_form_field form-field frm_verify\" name=\"item_meta[377]\" value=\"\"  \/>\n\t\t<\/div>\n\t\t<input name=\"frm_state\" type=\"hidden\" value=\"CQku+2QD+JBEY3GcFYE3QK1C0I7KyUHD1RdKO0ZFvAI4iyW4ljzqQXlfyPU1Br7s\" \/><div class=\"frm_submit\">\r\n\r\n<button class=\"frm_button_submit frm_final_submit\" type=\"submit\"   formnovalidate=\"formnovalidate\">Suscribir<\/button>\r\n\r\n\r\n<\/div><\/div>\n<\/fieldset>\n<\/div>\n\n<\/form>\n<\/div>\n","protected":false},"excerpt":{"rendered":"","protected":false},"author":1,"featured_media":0,"parent":0,"menu_order":244,"comment_status":"closed","ping_status":"closed","template":"","meta":{"_acf_changed":false,"content-type":"","footnotes":""},"class_list":["post-4373","page","type-page","status-publish","hentry"],"acf":[],"yoast_head":"<!-- This site is optimized with the Yoast SEO Premium plugin v23.9 (Yoast SEO v27.3) - https:\/\/yoast.com\/product\/yoast-seo-premium-wordpress\/ -->\n<title>Suscr\u00edbete a nuestro bolet\u00edn | Stalam<\/title>\n<meta name=\"description\" content=\"Suscr\u00edbete al bolet\u00edn de Stalam y mantente al d\u00eda con las \u00faltimas innovaciones, conocimientos del sector y avances en tecnolog\u00eda de radiofrecuencia para el secado y procesamiento t\u00e9rmico.\" \/>\n<meta name=\"robots\" content=\"index, follow, max-snippet:-1, max-image-preview:large, max-video-preview:-1\" \/>\n<link rel=\"canonical\" href=\"https:\/\/www.stalam.com\/iscriviti-alla-newsletter\/\" \/>\n<meta property=\"og:locale\" content=\"es_ES\" \/>\n<meta property=\"og:type\" content=\"article\" \/>\n<meta property=\"og:title\" content=\"Suscr\u00edbete a nuestro bolet\u00edn\" \/>\n<meta property=\"og:description\" content=\"Suscr\u00edbete al bolet\u00edn de Stalam y mantente al d\u00eda con las \u00faltimas innovaciones, conocimientos del sector y avances en tecnolog\u00eda de radiofrecuencia para el secado y procesamiento t\u00e9rmico.\" \/>\n<meta property=\"og:url\" content=\"https:\/\/www.stalam.com\/iscriviti-alla-newsletter\/\" \/>\n<meta property=\"og:site_name\" content=\"Stalam\" \/>\n<meta property=\"article:publisher\" content=\"https:\/\/www.facebook.com\/Stalam-184036235760438\/\" \/>\n<meta property=\"article:modified_time\" content=\"2023-06-07T15:19:29+00:00\" \/>\n<meta property=\"og:image\" content=\"https:\/\/www.stalam.com\/wp-content\/uploads\/2023\/06\/stalam-logo.png\" \/>\n\t<meta property=\"og:image:width\" content=\"634\" \/>\n\t<meta property=\"og:image:height\" content=\"176\" \/>\n\t<meta property=\"og:image:type\" content=\"image\/png\" \/>\n<meta name=\"twitter:card\" content=\"summary_large_image\" \/>\n<script type=\"application\/ld+json\" class=\"yoast-schema-graph\">{\"@context\":\"https:\\\/\\\/schema.org\",\"@graph\":[{\"@type\":\"WebPage\",\"@id\":\"https:\\\/\\\/www.stalam.com\\\/iscriviti-alla-newsletter\\\/\",\"url\":\"https:\\\/\\\/www.stalam.com\\\/iscriviti-alla-newsletter\\\/\",\"name\":\"Suscr\u00edbete a nuestro bolet\u00edn | Stalam\",\"isPartOf\":{\"@id\":\"https:\\\/\\\/www.stalam.com\\\/#website\"},\"datePublished\":\"2023-06-07T14:23:31+00:00\",\"dateModified\":\"2023-06-07T15:19:29+00:00\",\"description\":\"Suscr\u00edbete al bolet\u00edn de Stalam y mantente al d\u00eda con las \u00faltimas innovaciones, conocimientos del sector y avances en tecnolog\u00eda de radiofrecuencia para el secado y procesamiento t\u00e9rmico.\",\"breadcrumb\":{\"@id\":\"https:\\\/\\\/www.stalam.com\\\/iscriviti-alla-newsletter\\\/#breadcrumb\"},\"inLanguage\":\"es\",\"potentialAction\":[{\"@type\":\"ReadAction\",\"target\":[\"https:\\\/\\\/www.stalam.com\\\/iscriviti-alla-newsletter\\\/\"]}]},{\"@type\":\"BreadcrumbList\",\"@id\":\"https:\\\/\\\/www.stalam.com\\\/iscriviti-alla-newsletter\\\/#breadcrumb\",\"itemListElement\":[{\"@type\":\"ListItem\",\"position\":1,\"name\":\"Home\",\"item\":\"https:\\\/\\\/www.stalam.com\\\/es\\\/\"},{\"@type\":\"ListItem\",\"position\":2,\"name\":\"Suscr\u00edbete a nuestro bolet\u00edn\"}]},{\"@type\":\"WebSite\",\"@id\":\"https:\\\/\\\/www.stalam.com\\\/#website\",\"url\":\"https:\\\/\\\/www.stalam.com\\\/\",\"name\":\"Stalam\",\"description\":\"\",\"publisher\":{\"@id\":\"https:\\\/\\\/www.stalam.com\\\/#organization\"},\"potentialAction\":[{\"@type\":\"SearchAction\",\"target\":{\"@type\":\"EntryPoint\",\"urlTemplate\":\"https:\\\/\\\/www.stalam.com\\\/?s={search_term_string}\"},\"query-input\":{\"@type\":\"PropertyValueSpecification\",\"valueRequired\":true,\"valueName\":\"search_term_string\"}}],\"inLanguage\":\"es\"},{\"@type\":\"Organization\",\"@id\":\"https:\\\/\\\/www.stalam.com\\\/#organization\",\"name\":\"Stalam\",\"url\":\"https:\\\/\\\/www.stalam.com\\\/\",\"logo\":{\"@type\":\"ImageObject\",\"inLanguage\":\"es\",\"@id\":\"https:\\\/\\\/www.stalam.com\\\/#\\\/schema\\\/logo\\\/image\\\/\",\"url\":\"https:\\\/\\\/www.stalam.com\\\/wp-content\\\/uploads\\\/2023\\\/06\\\/stalam-logo.png\",\"contentUrl\":\"https:\\\/\\\/www.stalam.com\\\/wp-content\\\/uploads\\\/2023\\\/06\\\/stalam-logo.png\",\"width\":634,\"height\":176,\"caption\":\"Stalam\"},\"image\":{\"@id\":\"https:\\\/\\\/www.stalam.com\\\/#\\\/schema\\\/logo\\\/image\\\/\"},\"sameAs\":[\"https:\\\/\\\/www.facebook.com\\\/Stalam-184036235760438\\\/\",\"https:\\\/\\\/www.linkedin.com\\\/company\\\/stalam\\\/\",\"https:\\\/\\\/www.youtube.com\\\/channel\\\/UCcl2pZ10KrADorPJccCu43Q\"]}]}<\/script>\n<!-- \/ Yoast SEO Premium plugin. -->","yoast_head_json":{"title":"Suscr\u00edbete a nuestro bolet\u00edn | Stalam","description":"Suscr\u00edbete al bolet\u00edn de Stalam y mantente al d\u00eda con las \u00faltimas innovaciones, conocimientos del sector y avances en tecnolog\u00eda de radiofrecuencia para el secado y procesamiento t\u00e9rmico.","robots":{"index":"index","follow":"follow","max-snippet":"max-snippet:-1","max-image-preview":"max-image-preview:large","max-video-preview":"max-video-preview:-1"},"canonical":"https:\/\/www.stalam.com\/iscriviti-alla-newsletter\/","og_locale":"es_ES","og_type":"article","og_title":"Suscr\u00edbete a nuestro bolet\u00edn","og_description":"Suscr\u00edbete al bolet\u00edn de Stalam y mantente al d\u00eda con las \u00faltimas innovaciones, conocimientos del sector y avances en tecnolog\u00eda de radiofrecuencia para el secado y procesamiento t\u00e9rmico.","og_url":"https:\/\/www.stalam.com\/iscriviti-alla-newsletter\/","og_site_name":"Stalam","article_publisher":"https:\/\/www.facebook.com\/Stalam-184036235760438\/","article_modified_time":"2023-06-07T15:19:29+00:00","og_image":[{"width":634,"height":176,"url":"https:\/\/www.stalam.com\/wp-content\/uploads\/2023\/06\/stalam-logo.png","type":"image\/png"}],"twitter_card":"summary_large_image","schema":{"@context":"https:\/\/schema.org","@graph":[{"@type":"WebPage","@id":"https:\/\/www.stalam.com\/iscriviti-alla-newsletter\/","url":"https:\/\/www.stalam.com\/iscriviti-alla-newsletter\/","name":"Suscr\u00edbete a nuestro bolet\u00edn | Stalam","isPartOf":{"@id":"https:\/\/www.stalam.com\/#website"},"datePublished":"2023-06-07T14:23:31+00:00","dateModified":"2023-06-07T15:19:29+00:00","description":"Suscr\u00edbete al bolet\u00edn de Stalam y mantente al d\u00eda con las \u00faltimas innovaciones, conocimientos del sector y avances en tecnolog\u00eda de radiofrecuencia para el secado y procesamiento t\u00e9rmico.","breadcrumb":{"@id":"https:\/\/www.stalam.com\/iscriviti-alla-newsletter\/#breadcrumb"},"inLanguage":"es","potentialAction":[{"@type":"ReadAction","target":["https:\/\/www.stalam.com\/iscriviti-alla-newsletter\/"]}]},{"@type":"BreadcrumbList","@id":"https:\/\/www.stalam.com\/iscriviti-alla-newsletter\/#breadcrumb","itemListElement":[{"@type":"ListItem","position":1,"name":"Home","item":"https:\/\/www.stalam.com\/es\/"},{"@type":"ListItem","position":2,"name":"Suscr\u00edbete a nuestro bolet\u00edn"}]},{"@type":"WebSite","@id":"https:\/\/www.stalam.com\/#website","url":"https:\/\/www.stalam.com\/","name":"Stalam","description":"","publisher":{"@id":"https:\/\/www.stalam.com\/#organization"},"potentialAction":[{"@type":"SearchAction","target":{"@type":"EntryPoint","urlTemplate":"https:\/\/www.stalam.com\/?s={search_term_string}"},"query-input":{"@type":"PropertyValueSpecification","valueRequired":true,"valueName":"search_term_string"}}],"inLanguage":"es"},{"@type":"Organization","@id":"https:\/\/www.stalam.com\/#organization","name":"Stalam","url":"https:\/\/www.stalam.com\/","logo":{"@type":"ImageObject","inLanguage":"es","@id":"https:\/\/www.stalam.com\/#\/schema\/logo\/image\/","url":"https:\/\/www.stalam.com\/wp-content\/uploads\/2023\/06\/stalam-logo.png","contentUrl":"https:\/\/www.stalam.com\/wp-content\/uploads\/2023\/06\/stalam-logo.png","width":634,"height":176,"caption":"Stalam"},"image":{"@id":"https:\/\/www.stalam.com\/#\/schema\/logo\/image\/"},"sameAs":["https:\/\/www.facebook.com\/Stalam-184036235760438\/","https:\/\/www.linkedin.com\/company\/stalam\/","https:\/\/www.youtube.com\/channel\/UCcl2pZ10KrADorPJccCu43Q"]}]}},"_links":{"self":[{"href":"https:\/\/www.stalam.com\/es\/wp-json\/wp\/v2\/pages\/4373","targetHints":{"allow":["GET"]}}],"collection":[{"href":"https:\/\/www.stalam.com\/es\/wp-json\/wp\/v2\/pages"}],"about":[{"href":"https:\/\/www.stalam.com\/es\/wp-json\/wp\/v2\/types\/page"}],"author":[{"embeddable":true,"href":"https:\/\/www.stalam.com\/es\/wp-json\/wp\/v2\/users\/1"}],"replies":[{"embeddable":true,"href":"https:\/\/www.stalam.com\/es\/wp-json\/wp\/v2\/comments?post=4373"}],"version-history":[{"count":3,"href":"https:\/\/www.stalam.com\/es\/wp-json\/wp\/v2\/pages\/4373\/revisions"}],"predecessor-version":[{"id":4383,"href":"https:\/\/www.stalam.com\/es\/wp-json\/wp\/v2\/pages\/4373\/revisions\/4383"}],"wp:attachment":[{"href":"https:\/\/www.stalam.com\/es\/wp-json\/wp\/v2\/media?parent=4373"}],"curies":[{"name":"wp","href":"https:\/\/api.w.org\/{rel}","templated":true}]}}