{"id":8642,"date":"2023-12-18T14:51:32","date_gmt":"2023-12-18T13:51:32","guid":{"rendered":"https:\/\/www.stalam.com\/whistleblowing-dlgs-24-2023\/"},"modified":"2025-05-27T10:46:03","modified_gmt":"2025-05-27T08:46:03","slug":"whistleblowing-dlgs-24-2023","status":"publish","type":"page","link":"https:\/\/www.stalam.com\/es\/whistleblowing-dlgs-24-2023\/","title":{"rendered":"Whistleblowing &#8211; D.lgs 24\/2023"},"content":{"rendered":"\n<div class=\"fascia-bread-title bgcolor-white \">\n    <div class=\"container-fascia-bread-title\">\n        <p id=\"breadcrumbs\"><span><span><a href=\"https:\/\/www.stalam.com\/es\/\">Home<\/a><\/span><\/span><\/p>                <h1 class=\"title-big\">Whistleblowing &#8211; D.lgs 24\/2023<\/h1>\n    <\/div>\n<\/div>\n\n\n\n\n<div class=\"fascia-tit-text-btn bgcolor-grey \">\n    <div class=\"container-fascia-tit-text-btn\">\n\n        \n        <div style=\"text-align: left\" class=\"testo-fascia\">\n            <p>Ai sensi del D. Lgs. 24\/2023, STALAM S.p.A. ha implementato il proprio canale interno per segnalare comportamenti, atti od omissioni che ledano l\u2019interesse pubblico o l\u2019integrit\u00e0 dell\u2019amministrazione pubblica o dell\u2019ente privato, garantendo la riservatezza dei soggetti tutelati dal Decreto.<\/p>\n<p class=\"has-text-align-left\">\n        <\/div>\n\n        \n        \n    <\/div>\n<\/div>\n\n\n\n\n<div class=\"fascia-tit-text-btn bgcolor-white \">\n    <div class=\"container-fascia-tit-text-btn\">\n\n        \n        <div style=\"text-align: left\" class=\"testo-fascia\">\n            <p><strong>Cosa si pu\u00f2 segnalare<\/strong><br \/>\nViolazioni di disposizioni normative nazionali o dell\u2019U.E. che ledono l\u2019interesse pubblico o l\u2019integrit\u00e0 dell\u2019amministrazione pubblica o dell\u2019ente privato di cui si sia venuti a conoscenza nel contesto dei rapporti di lavoro e\/o commerciali intrattenuti con STALAM S.p.A. e che consistono in:<\/p>\n<p>\u2022 illeciti amministrativi, contabili, civili o penali;<br \/>\n\u2022 condotte illecite rilevanti ai sensi del decreto legislativo 231\/2001, o violazioni dei modelli di organizzazione e gestione ivi previsti;<br \/>\n\u2022 illeciti che rientrano nell\u2019ambito di applicazione degli atti dell\u2019Unione europea o nazionali relativi ai seguenti settori: appalti pubblici; servizi, prodotti e mercati finanziari e prevenzione del riciclaggio e del finanziamento del terrorismo; sicurezza e conformit\u00e0 dei prodotti; sicurezza dei trasporti; tutela dell\u2019ambiente; radioprotezione e sicurezza nucleare; sicurezza degli alimenti e dei mangimi e salute e benessere degli animali; salute pubblica; protezione dei consumatori; tutela della vita privata e protezione dei dati personali e sicurezza delle reti e dei sistemi informativi;<br \/>\n\u2022 atti od omissioni che ledono gli interessi finanziari dell\u2019Unione;<br \/>\n\u2022 atti od omissioni riguardanti il mercato interno;<br \/>\n\u2022 atti o comportamenti che vanificano l\u2019oggetto o la finalit\u00e0 delle disposizioni di cui agli atti dell\u2019Unione.<\/p>\n        <\/div>\n\n        \n        \n    <\/div>\n<\/div>\n\n\n\n\n<div class=\"fascia-tit-text-btn bgcolor-grey \">\n    <div class=\"container-fascia-tit-text-btn\">\n\n        \n        <div style=\"text-align: left\" class=\"testo-fascia\">\n            <p><strong>Canali di segnalazione<\/strong><\/p>\n<p>\u2022\u00a0<strong>Canale interno messo a disposizione da STALAM S.p.A.<\/strong>;<br \/>\n\u2022 esterno (ANAC);<br \/>\n\u2022 divulgazione pubblica (tramite la stampa, mezzi elettronici o mezzi di diffusione in grado di raggiungere un numero elevato di persone) al solo ricorrere delle condizioni di cui all\u2019<strong><a href=\"https:\/\/www.gazzettaufficiale.it\/atto\/serie_generale\/caricaArticolo?art.versione=1&amp;art.idGruppo=2&amp;art.flagTipoArticolo=0&amp;art.codiceRedazionale=23G00032&amp;art.idArticolo=15&amp;art.idSottoArticolo=1&amp;art.idSottoArticolo1=10&amp;art.dataPubblicazioneGazzetta=2023-03-15&amp;art.progressivo=0#art\">art. 15 D. Lgs. 24\/2023<\/a><\/strong>;<br \/>\n\u2022 denuncia all\u2019Autorit\u00e0 giudiziaria o contabile.<br \/>\nI segnalanti sono tenuti ad utilizzare il canale interno, sviluppato secondo i pi\u00f9 elevati standard di sicurezza disponibili a garanzia della tutela dei diritti del segnalante e degli altri soggetti coinvolti, salvo nei casi espressamente previsti dall\u2019<strong><a href=\"https:\/\/www.gazzettaufficiale.it\/atto\/serie_generale\/caricaArticolo?art.versione=1&amp;art.idGruppo=2&amp;art.flagTipoArticolo=0&amp;art.codiceRedazionale=23G00032&amp;art.idArticolo=6&amp;art.idSottoArticolo=1&amp;art.idSottoArticolo1=10&amp;art.dataPubblicazioneGazzetta=2023-03-15&amp;art.progressivo=0#art\">art. 6<\/a>\u00a0<\/strong>nei quali il segnalante potr\u00e0 rivolgersi direttamente all\u2019ANAC.<\/p>\n<p class=\"has-text-align-left\">\n        <\/div>\n\n        \n        \n    <\/div>\n<\/div>\n\n\n\n\n<div class=\"fascia-tit-text-btn bgcolor-white \">\n    <div class=\"container-fascia-tit-text-btn\">\n\n        \n        <div style=\"text-align: left\" class=\"testo-fascia\">\n            <p><strong>Le segnalazioni anonime sono consentite dal decreto, ma se ne sconsiglia l\u2019utilizzo in quanto ostacolano sia l\u2019interlocuzione con il segnalante sia lo svolgimento del procedimento.<\/strong><\/p>\n<p>&nbsp;<\/p>\n<p><strong>Contenuto della segnalazione<\/strong><\/p>\n<p>Il whistleblower \u00e8 tenuto a fornire tutti gli elementi utili a consentire agli uffici competenti di procedere alle dovute e appropriate verifiche a riscontro della fondatezza dei fatti oggetto di segnalazione.<br \/>\nA tal fine, la segnalazione deve preferibilmente contenere i seguenti elementi:<br \/>\n\u2013 generalit\u00e0 del soggetto che effettua la segnalazione con indicazione della posizione o funzione svolta nell\u2019ambito dell\u2019azienda, o altro legame con essa;<br \/>\n\u2013 la chiara e completa descrizione dei fatti oggetto di segnalazione;<br \/>\n\u2013 se conosciute, le circostanze di tempo e di luogo in cui sono stati commessi;<br \/>\n\u2013 se conosciute, le generalit\u00e0 o altri elementi (come la qualifica e il servizio in cui svolge l\u2019attivit\u00e0) che consentano di identificare il soggetto che ha posto in essere il fatto o i fatti oggetto della segnalazione;<br \/>\n\u2013 l\u2019indicazione di eventuali altri soggetti che possono riferire sui fatti oggetto di segnalazione;<br \/>\n\u2013 l\u2019indicazione di eventuali documenti che possono confermare la fondatezza di tali fatti;<br \/>\nogni altra informazione che possa fornire un utile riscontro circa la sussistenza dei fatti segnalati.<\/p>\n        <\/div>\n\n        \n        \n    <\/div>\n<\/div>\n\n\n\n\n<div class=\"fascia-tit-text-btn bgcolor-grey \">\n    <div class=\"container-fascia-tit-text-btn\">\n\n        \n        <div style=\"text-align: left\" class=\"testo-fascia\">\n            <p><strong>Modalit\u00e0 di gestione delle segnalazioni da parte di STALAM S.p.A.<\/strong><\/p>\n<p>\u2022 Verr\u00e0 dato avviso alla persona segnalante del ricevimento della segnalazione entro 7 giorni dalla data del suo ricevimento;<br \/>\n\u2022 Saranno mantenute le interlocuzioni con la persona segnalante a cui verr\u00e0 richiesto, se necessario, integrazioni e\/o chiarimenti utili per gestire al meglio la segnalazione;<br \/>\n\u2022 Verr\u00e0 dato diligente seguito alle segnalazioni ricevute, svolgendo la relativa istruttoria;<br \/>\n\u2022 Verr\u00e0 comunicato alla persona segnalante l\u2019esito finale entro tre mesi dall\u2019avviso di ricevimento della segnalazione.<\/p>\n        <\/div>\n\n        \n        \n    <\/div>\n<\/div>\n\n\n\n\n<div class=\"fascia-tit-text-btn bgcolor-white \">\n    <div class=\"container-fascia-tit-text-btn\">\n\n        \n        <div style=\"text-align: left\" class=\"testo-fascia\">\n            <p><strong>Soggetti la cui riservatezza viene tutelata<\/strong><br \/>\n\u2022 L\u2019identit\u00e0 del segnalante non pu\u00f2 essere rivelata a persone diverse da quelle competenti a ricevere o a dare seguito alle segnalazioni;<br \/>\n\u2022 La protezione riguarda non solo il nominativo del segnalante, ma anche tutti gli elementi della segnalazione dai quali si possa ricavare, anche indirettamente, l\u2019identificazione del segnalante;<br \/>\n\u2022 La segnalazione \u00e8 sottratta all\u2019accesso agli atti amministrativi e al diritto di accesso civico generalizzato;<br \/>\n\u2022 La protezione della riservatezza \u00e8 estesa all\u2019identit\u00e0 delle persone coinvolte (segnalati) e delle persone menzionate nella segnalazione nonch\u00e9 ai facilitatori, alle persone del medesimo contesto lavorativo e ai colleghi di lavoro del segnalante, nel rispetto delle medesime garanzie previste in favore della persona segnalante.<\/p>\n<p>&nbsp;<\/p>\n<p>La protezione \u00e8 garantita se:<\/p>\n<p>\u2022 Al momento della segnalazione o della denuncia all\u2019autorit\u00e0 giudiziaria o contabile o della divulgazione pubblica, la persona segnalante o denunciante aveva fondato motivo di ritenere che le informazioni sulle violazioni segnalate, divulgate pubblicamente o denunciate fossero vere e rientrassero nell\u2019ambito di applicazione oggettivo della segnalazione (art. 1 co 1 D. Lgs. 24\/23);<\/p>\n<p>\u2022 La segnalazione o divulgazione pubblica \u00e8 stata effettuata sulla base di quanto previsto dal capo II del D. Lgs. 24\/23, ovvero coi canali e alle condizioni ivi individuate.<\/p>\n<p>&nbsp;<\/p>\n<p>Salvo le specifiche limitazioni di responsabilit\u00e0 previste dall\u2019<a href=\"https:\/\/www.gazzettaufficiale.it\/atto\/serie_generale\/caricaArticolo?art.versione=1&amp;art.idGruppo=3&amp;art.flagTipoArticolo=0&amp;art.codiceRedazionale=23G00032&amp;art.idArticolo=20&amp;art.idSottoArticolo=1&amp;art.idSottoArticolo1=10&amp;art.dataPubblicazioneGazzetta=2023-03-15&amp;art.progressivo=0#art\">articolo 20 del D. Lgs. 24\/23<\/a>, quando \u00e8 accertata, anche con sentenza di primo grado, la responsabilit\u00e0 penale della persona segnalante per i reati di diffamazione o di calunnia o comunque per i medesimi reati commessi con la denuncia all\u2019autorit\u00e0 giudiziaria o contabile ovvero la sua responsabilit\u00e0 civile, per lo stesso titolo, nei casi di dolo o colpa grave, le tutele di riservatezza non sono garantite e alla persona segnalante o denunciante \u00e8 irrogata una sanzione disciplinare.<\/p>\n        <\/div>\n\n        \n        \n    <\/div>\n<\/div>\n\n\n\n\n<div class=\"fascia-tit-text-btn bgcolor-grey \">\n    <div class=\"container-fascia-tit-text-btn\">\n\n        \n        <div style=\"text-align: left\" class=\"testo-fascia\">\n            <p><strong>Protezione dei dati personali<\/strong><\/p>\n<p>Il trattamento di dati personali relativi al ricevimento e alla gestione delle segnalazioni \u00e8 effettuato da STALAM S.p.A., in qualit\u00e0 di titolare del trattamento, nel rispetto dei princ\u00ecpi europei e nazionali in materia di protezione di dati personali, fornendo idonee informazioni alle persone segnalanti e alle persone coinvolte nelle segnalazioni, nonch\u00e9 adottando misure appropriate a tutela dei diritti e delle libert\u00e0 degli interessati.<\/p>\n<p>&nbsp;<\/p>\n<p>Inoltre, sono garantiti i diritti di accesso, rettifica e cancellazione di cui agli articoli da 15 a 22 del regolamento (UE) 2016\/679, salvo le limitazioni indicate all\u2019articolo 2-undecies del decreto legislativo 30 giugno 2003, n. 196.<\/p>\n<p>&nbsp;<\/p>\n<p>Le segnalazioni e la relativa documentazione sono conservate per il tempo necessario al trattamento della segnalazione stessa e, comunque, non oltre 5 anni a decorrere dalla data della comunicazione dell\u2019esito finale del procedimento, nel rispetto degli obblighi di riservatezza di cui alla normativa europea e nazionale in materia di protezione di dati personali.<\/p>\n<p>&nbsp;<\/p>\n<p class=\"has-text-align-left\">Leggi l\u2019informativa\u00a0<a href=\"https:\/\/www.stalam.com\/whistleblowing-informativa\/\"><strong>qui<\/strong><\/a>\u00a0(link alla informativa WB)<\/p>\n        <\/div>\n\n        \n        \n    <\/div>\n<\/div>\n\n\n\n\n<div class=\"fascia-tit-text-btn bgcolor-white \">\n    <div class=\"container-fascia-tit-text-btn\">\n\n        \n        <div style=\"text-align: left\" class=\"testo-fascia\">\n            <p><!-- wp:paragraph --><\/p>\n<h3 style=\"text-align: center;\"><strong>SEGNALAZIONE<\/strong><\/h3>\n<p>&nbsp;<\/p>\n<p>La segnalazione avviene tramite piattaforma dedicata (<strong><a href=\"https:\/\/stalam.integryalert.com\/\">clicca qui<\/a><\/strong>), che garantisce i necessari livelli di riservatezza e protezione del segnalante, e del contenuto della segnalazione.<br \/>\nSempre tramite la piattaforma pu\u00f2 essere richiesto colloquio con il Soggetto Gestore al fine di presentare la segnalazione personalmente.<\/p>\n<p>&nbsp;<\/p>\n<p>La procedura predisposta da STALAM S.p.A, relativa al Whistleblowing \u00e8 scaricabile <strong><a href=\"https:\/\/www.stalam.com\/wp-content\/uploads\/2024\/01\/STALAM_Procedura_Whistleblowing_dlgs_24_2023.pdf\">qui<\/a><\/strong><\/p>\n<p>&nbsp;<\/p>\n        <\/div>\n\n        \n        \n    <\/div>\n<\/div>\n\n","protected":false},"excerpt":{"rendered":"","protected":false},"author":2,"featured_media":0,"parent":0,"menu_order":0,"comment_status":"closed","ping_status":"closed","template":"","meta":{"_acf_changed":false,"content-type":"","footnotes":""},"class_list":["post-8642","page","type-page","status-publish","hentry"],"acf":[],"yoast_head":"<!-- This site is optimized with the Yoast SEO Premium plugin v23.9 (Yoast SEO v27.3) - https:\/\/yoast.com\/product\/yoast-seo-premium-wordpress\/ -->\n<title>Direttiva Whistleblowing - D.lgs 24\/2023 | Stalam<\/title>\n<meta name=\"description\" content=\"Ai sensi del D. Lgs. 24\/2023, STALAM S.p.A. ha implementato il proprio canale interno per segnalare comportamenti, atti od omissioni che ledano l\u2019interesse pubblico o l\u2019integrit\u00e0 dell\u2019amministrazione pubblica o dell\u2019ente privato, garantendo la riservatezza dei soggetti tutelati dal Decreto.\" \/>\n<meta name=\"robots\" content=\"index, follow, max-snippet:-1, max-image-preview:large, max-video-preview:-1\" \/>\n<link rel=\"canonical\" href=\"https:\/\/www.stalam.com\/es\/whistleblowing-dlgs-24-2023\/\" \/>\n<meta property=\"og:locale\" content=\"es_ES\" \/>\n<meta property=\"og:type\" content=\"article\" \/>\n<meta property=\"og:title\" content=\"Whistleblowing - D.lgs 24\/2023\" \/>\n<meta property=\"og:description\" content=\"Ai sensi del D. Lgs. 24\/2023, STALAM S.p.A. ha implementato il proprio canale interno per segnalare comportamenti, atti od omissioni che ledano l\u2019interesse pubblico o l\u2019integrit\u00e0 dell\u2019amministrazione pubblica o dell\u2019ente privato, garantendo la riservatezza dei soggetti tutelati dal Decreto.\" \/>\n<meta property=\"og:url\" content=\"https:\/\/www.stalam.com\/es\/whistleblowing-dlgs-24-2023\/\" \/>\n<meta property=\"og:site_name\" content=\"Stalam\" \/>\n<meta property=\"article:publisher\" content=\"https:\/\/www.facebook.com\/Stalam-184036235760438\/\" \/>\n<meta property=\"article:modified_time\" content=\"2025-05-27T08:46:03+00:00\" \/>\n<meta property=\"og:image\" content=\"https:\/\/www.stalam.com\/wp-content\/uploads\/2023\/06\/stalam-logo.png\" \/>\n\t<meta property=\"og:image:width\" content=\"634\" \/>\n\t<meta property=\"og:image:height\" content=\"176\" \/>\n\t<meta property=\"og:image:type\" content=\"image\/png\" \/>\n<meta name=\"twitter:card\" content=\"summary_large_image\" \/>\n<script type=\"application\/ld+json\" class=\"yoast-schema-graph\">{\"@context\":\"https:\\\/\\\/schema.org\",\"@graph\":[{\"@type\":\"WebPage\",\"@id\":\"https:\\\/\\\/www.stalam.com\\\/es\\\/whistleblowing-dlgs-24-2023\\\/\",\"url\":\"https:\\\/\\\/www.stalam.com\\\/es\\\/whistleblowing-dlgs-24-2023\\\/\",\"name\":\"Direttiva Whistleblowing - D.lgs 24\\\/2023 | Stalam\",\"isPartOf\":{\"@id\":\"https:\\\/\\\/www.stalam.com\\\/#website\"},\"datePublished\":\"2023-12-18T13:51:32+00:00\",\"dateModified\":\"2025-05-27T08:46:03+00:00\",\"description\":\"Ai sensi del D. Lgs. 24\\\/2023, STALAM S.p.A. ha implementato il proprio canale interno per segnalare comportamenti, atti od omissioni che ledano l\u2019interesse pubblico o l\u2019integrit\u00e0 dell\u2019amministrazione pubblica o dell\u2019ente privato, garantendo la riservatezza dei soggetti tutelati dal Decreto.\",\"breadcrumb\":{\"@id\":\"https:\\\/\\\/www.stalam.com\\\/es\\\/whistleblowing-dlgs-24-2023\\\/#breadcrumb\"},\"inLanguage\":\"es\",\"potentialAction\":[{\"@type\":\"ReadAction\",\"target\":[\"https:\\\/\\\/www.stalam.com\\\/es\\\/whistleblowing-dlgs-24-2023\\\/\"]}]},{\"@type\":\"BreadcrumbList\",\"@id\":\"https:\\\/\\\/www.stalam.com\\\/es\\\/whistleblowing-dlgs-24-2023\\\/#breadcrumb\",\"itemListElement\":[{\"@type\":\"ListItem\",\"position\":1,\"name\":\"Home\",\"item\":\"https:\\\/\\\/www.stalam.com\\\/es\\\/\"},{\"@type\":\"ListItem\",\"position\":2,\"name\":\"Whistleblowing &#8211; D.lgs 24\\\/2023\"}]},{\"@type\":\"WebSite\",\"@id\":\"https:\\\/\\\/www.stalam.com\\\/#website\",\"url\":\"https:\\\/\\\/www.stalam.com\\\/\",\"name\":\"Stalam\",\"description\":\"\",\"publisher\":{\"@id\":\"https:\\\/\\\/www.stalam.com\\\/#organization\"},\"potentialAction\":[{\"@type\":\"SearchAction\",\"target\":{\"@type\":\"EntryPoint\",\"urlTemplate\":\"https:\\\/\\\/www.stalam.com\\\/?s={search_term_string}\"},\"query-input\":{\"@type\":\"PropertyValueSpecification\",\"valueRequired\":true,\"valueName\":\"search_term_string\"}}],\"inLanguage\":\"es\"},{\"@type\":\"Organization\",\"@id\":\"https:\\\/\\\/www.stalam.com\\\/#organization\",\"name\":\"Stalam\",\"url\":\"https:\\\/\\\/www.stalam.com\\\/\",\"logo\":{\"@type\":\"ImageObject\",\"inLanguage\":\"es\",\"@id\":\"https:\\\/\\\/www.stalam.com\\\/#\\\/schema\\\/logo\\\/image\\\/\",\"url\":\"https:\\\/\\\/www.stalam.com\\\/wp-content\\\/uploads\\\/2023\\\/06\\\/stalam-logo.png\",\"contentUrl\":\"https:\\\/\\\/www.stalam.com\\\/wp-content\\\/uploads\\\/2023\\\/06\\\/stalam-logo.png\",\"width\":634,\"height\":176,\"caption\":\"Stalam\"},\"image\":{\"@id\":\"https:\\\/\\\/www.stalam.com\\\/#\\\/schema\\\/logo\\\/image\\\/\"},\"sameAs\":[\"https:\\\/\\\/www.facebook.com\\\/Stalam-184036235760438\\\/\",\"https:\\\/\\\/www.linkedin.com\\\/company\\\/stalam\\\/\",\"https:\\\/\\\/www.youtube.com\\\/channel\\\/UCcl2pZ10KrADorPJccCu43Q\"]}]}<\/script>\n<!-- \/ Yoast SEO Premium plugin. -->","yoast_head_json":{"title":"Direttiva Whistleblowing - D.lgs 24\/2023 | Stalam","description":"Ai sensi del D. Lgs. 24\/2023, STALAM S.p.A. ha implementato il proprio canale interno per segnalare comportamenti, atti od omissioni che ledano l\u2019interesse pubblico o l\u2019integrit\u00e0 dell\u2019amministrazione pubblica o dell\u2019ente privato, garantendo la riservatezza dei soggetti tutelati dal Decreto.","robots":{"index":"index","follow":"follow","max-snippet":"max-snippet:-1","max-image-preview":"max-image-preview:large","max-video-preview":"max-video-preview:-1"},"canonical":"https:\/\/www.stalam.com\/es\/whistleblowing-dlgs-24-2023\/","og_locale":"es_ES","og_type":"article","og_title":"Whistleblowing - D.lgs 24\/2023","og_description":"Ai sensi del D. Lgs. 24\/2023, STALAM S.p.A. ha implementato il proprio canale interno per segnalare comportamenti, atti od omissioni che ledano l\u2019interesse pubblico o l\u2019integrit\u00e0 dell\u2019amministrazione pubblica o dell\u2019ente privato, garantendo la riservatezza dei soggetti tutelati dal Decreto.","og_url":"https:\/\/www.stalam.com\/es\/whistleblowing-dlgs-24-2023\/","og_site_name":"Stalam","article_publisher":"https:\/\/www.facebook.com\/Stalam-184036235760438\/","article_modified_time":"2025-05-27T08:46:03+00:00","og_image":[{"width":634,"height":176,"url":"https:\/\/www.stalam.com\/wp-content\/uploads\/2023\/06\/stalam-logo.png","type":"image\/png"}],"twitter_card":"summary_large_image","schema":{"@context":"https:\/\/schema.org","@graph":[{"@type":"WebPage","@id":"https:\/\/www.stalam.com\/es\/whistleblowing-dlgs-24-2023\/","url":"https:\/\/www.stalam.com\/es\/whistleblowing-dlgs-24-2023\/","name":"Direttiva Whistleblowing - D.lgs 24\/2023 | Stalam","isPartOf":{"@id":"https:\/\/www.stalam.com\/#website"},"datePublished":"2023-12-18T13:51:32+00:00","dateModified":"2025-05-27T08:46:03+00:00","description":"Ai sensi del D. Lgs. 24\/2023, STALAM S.p.A. ha implementato il proprio canale interno per segnalare comportamenti, atti od omissioni che ledano l\u2019interesse pubblico o l\u2019integrit\u00e0 dell\u2019amministrazione pubblica o dell\u2019ente privato, garantendo la riservatezza dei soggetti tutelati dal Decreto.","breadcrumb":{"@id":"https:\/\/www.stalam.com\/es\/whistleblowing-dlgs-24-2023\/#breadcrumb"},"inLanguage":"es","potentialAction":[{"@type":"ReadAction","target":["https:\/\/www.stalam.com\/es\/whistleblowing-dlgs-24-2023\/"]}]},{"@type":"BreadcrumbList","@id":"https:\/\/www.stalam.com\/es\/whistleblowing-dlgs-24-2023\/#breadcrumb","itemListElement":[{"@type":"ListItem","position":1,"name":"Home","item":"https:\/\/www.stalam.com\/es\/"},{"@type":"ListItem","position":2,"name":"Whistleblowing &#8211; D.lgs 24\/2023"}]},{"@type":"WebSite","@id":"https:\/\/www.stalam.com\/#website","url":"https:\/\/www.stalam.com\/","name":"Stalam","description":"","publisher":{"@id":"https:\/\/www.stalam.com\/#organization"},"potentialAction":[{"@type":"SearchAction","target":{"@type":"EntryPoint","urlTemplate":"https:\/\/www.stalam.com\/?s={search_term_string}"},"query-input":{"@type":"PropertyValueSpecification","valueRequired":true,"valueName":"search_term_string"}}],"inLanguage":"es"},{"@type":"Organization","@id":"https:\/\/www.stalam.com\/#organization","name":"Stalam","url":"https:\/\/www.stalam.com\/","logo":{"@type":"ImageObject","inLanguage":"es","@id":"https:\/\/www.stalam.com\/#\/schema\/logo\/image\/","url":"https:\/\/www.stalam.com\/wp-content\/uploads\/2023\/06\/stalam-logo.png","contentUrl":"https:\/\/www.stalam.com\/wp-content\/uploads\/2023\/06\/stalam-logo.png","width":634,"height":176,"caption":"Stalam"},"image":{"@id":"https:\/\/www.stalam.com\/#\/schema\/logo\/image\/"},"sameAs":["https:\/\/www.facebook.com\/Stalam-184036235760438\/","https:\/\/www.linkedin.com\/company\/stalam\/","https:\/\/www.youtube.com\/channel\/UCcl2pZ10KrADorPJccCu43Q"]}]}},"_links":{"self":[{"href":"https:\/\/www.stalam.com\/es\/wp-json\/wp\/v2\/pages\/8642","targetHints":{"allow":["GET"]}}],"collection":[{"href":"https:\/\/www.stalam.com\/es\/wp-json\/wp\/v2\/pages"}],"about":[{"href":"https:\/\/www.stalam.com\/es\/wp-json\/wp\/v2\/types\/page"}],"author":[{"embeddable":true,"href":"https:\/\/www.stalam.com\/es\/wp-json\/wp\/v2\/users\/2"}],"replies":[{"embeddable":true,"href":"https:\/\/www.stalam.com\/es\/wp-json\/wp\/v2\/comments?post=8642"}],"version-history":[{"count":10,"href":"https:\/\/www.stalam.com\/es\/wp-json\/wp\/v2\/pages\/8642\/revisions"}],"predecessor-version":[{"id":15197,"href":"https:\/\/www.stalam.com\/es\/wp-json\/wp\/v2\/pages\/8642\/revisions\/15197"}],"wp:attachment":[{"href":"https:\/\/www.stalam.com\/es\/wp-json\/wp\/v2\/media?parent=8642"}],"curies":[{"name":"wp","href":"https:\/\/api.w.org\/{rel}","templated":true}]}}