{"id":8941,"date":"2024-02-28T11:29:05","date_gmt":"2024-02-28T10:29:05","guid":{"rendered":"https:\/\/www.stalam.com\/?page_id=8941"},"modified":"2024-09-13T14:11:55","modified_gmt":"2024-09-13T12:11:55","slug":"calculadora-de-recuperacion-de-perdidas-por-goteo","status":"publish","type":"page","link":"https:\/\/www.stalam.com\/es\/alimentario\/atemperado-y-descongelacion\/calculadora-de-recuperacion-de-perdidas-por-goteo\/","title":{"rendered":"Calculadora \u00abDrip Loss Payback\u00bb"},"content":{"rendered":"\n<div class=\"fascia-bread-title bgcolor-white \">\n    <div class=\"container-fascia-bread-title\">\n        <p id=\"breadcrumbs\"><span><span><a href=\"https:\/\/www.stalam.com\/es\/\">Home<\/a><\/span><\/span><\/p>                <h1 class=\"title-big\">Calculadora \u00abDrip Loss Payback\u00bb<\/h1>\n    <\/div>\n<\/div>\n\n\n\n<div class=\"fascia-img-header\">\n    <img loading=\"lazy\" decoding=\"async\" src=\"https:\/\/www.stalam.com\/wp-content\/uploads\/2024\/09\/new_drip.jpg\" alt=\"Drip Loss Payback\u201d calculator\" width=\"600\" height=\"400\">\n<\/div>\n\n\n\n\n<div style=\"height:40px\" aria-hidden=\"true\" class=\"wp-block-spacer\"><\/div>\n\n\n\n<p>La elecci\u00f3n, implementaci\u00f3n y supervisi\u00f3n de los m\u00e9todos de congelaci\u00f3n y descongelaci\u00f3n es de suma importancia en el control de <strong>calidad de materias<\/strong> primas alimenticias y productos procesados. Con los m\u00e9todos de descongelaci\u00f3n tradicionales, pueden producirse altas p\u00e9rdidas por goteo debido a tiempos de descongelaci\u00f3n prolongados, lo que provoca cambios en la textura de la carne y provoca una p\u00e9rdida econ\u00f3mica significativa.<\/p>\n\n\n\n<p>Por el contrario, la velocidad del proceso y la uniformidad del m\u00e9todo de <strong>descongelaci\u00f3n RF<\/strong> introduce una serie de beneficios, incluida tambi\u00e9n la <strong>minimizaci\u00f3n de las p\u00e9rdidas por goteo<\/strong>, ayudando as\u00ed a aumentar el rendimiento y preservar en el mejor de los casos la calidad del producto.<\/p>\n\n\n\n<p>Hemos desarrollado una herramienta sencilla para estimar el <strong>retorno de la inversi\u00f3n<\/strong> de <strong>equipo de descongelaci\u00f3n STALAM<\/strong>, teniendo en cuenta \u00fanicamente las ventajas de la reducci\u00f3n de p\u00e9rdidas por goteo.<\/p>\n\n\n\n<div style=\"height:40px\" aria-hidden=\"true\" class=\"wp-block-spacer\"><\/div>\n\n\n    <div class=\"instructions\"><strong>Complete el siguiente formulario para obtener los resultados de lo payback de la p\u00e9rdida por goteo<\/strong><\/div>\n                    <form action=\"#\" method=\"post\" class=\"form-drip-loss\"><div class=\"the-field\">\n                            <label for=\"val-1\">Capacidad de producci\u00f3n requerida por hora (kg\/h)<\/label>\n                            <span class=\"aria-descr\">Ilenar cuantos kilos necesitas procesar por hora<\/span>\n                            <select name=\"val-1\" required>\n                                <option value=\"\"><\/option>\n                                <option value=\"130\">130<\/option>\n                                <option value=\"400\">400<\/option>\n                                <option value=\"800\">800<\/option>\n                                <option value=\"1500\">1500<\/option>\n                                <option value=\"3000\">3000<\/option>\n                                <option value=\"4500\">4500<\/option>\n                            <\/select>\n                         <\/div>\n                         \n                         <div class=\"the-field\">\n                            <label for=\"val-4\">Coste de Electricidad (Eur\/kWh)<\/label>\n                            <span class=\"aria-descr\">Ilenar el coste de la electricidad en Eur\/kWh<\/span>\n                            <input type=\"number\"  required step=\"0.1\" name=\"val-4\" \/>\n                         <\/div>\n                         \n                         <div class=\"the-field\">\n                            <label for=\"val-2\">Horas de trabajo\/d\u00eda de la m\u00e1quina de RF<\/label>\n                            <span class=\"aria-descr\">Ilenar la cantidad de horas por d\u00eda que la m\u00e1quina de RF estar\u00e1 en funcionamiento.<\/span>\n                            <input type=\"number\"  required max=\"24\" name=\"val-2\" \/>\n                         <\/div>\n                         \n                         <div class=\"the-field\">\n                            <label for=\"val-5\">Mermas de descongelaci\u00f3n actual (%)<\/label>\n                            <span class=\"aria-descr\">Ilenar la p\u00e9rdida de peso (en %) por liberaci\u00f3n de l\u00edquido con su sistema de templado actual<\/span>\n                            <input type=\"number\"  required max=\"100\" name=\"val-5\" \/>\n                         <\/div>\n                         \n                         <div class=\"the-field\">\n                            <label for=\"val-3\">D\u00edas laborables\/a\u00f1o de la m\u00e1quina de RF<\/label>\n                            <span class=\"aria-descr\">Ilenar cu\u00e1ntos d\u00edas al a\u00f1o funcionar\u00e1 la m\u00e1quina de RF<\/span>\n                            <input type=\"number\"  required max=\"365\" name=\"val-3\" \/>\n                         <\/div>\n                         \n                         <div class=\"the-field\">\n                            <label for=\"val-6\">Costo de la carne congelada (Eur\/kg)<\/label>\n                            <span class=\"aria-descr\">Ilenar cu\u00e1l es el costo de tu carne<\/span>\n                            <input type=\"number\"  required name=\"val-6\" \/>\n                         <\/div>\n                         \n                         <input type=\"hidden\" name=\"send\" value=\"1\" \/><span style=\"display:block;clear:both\"><\/span><input type=\"submit\" value=\"Obtener el resultado\" \/><\/form>\n        <style type=\"text\/css\">\n            .driploss-result{\n                background: #b5dec9;\n                padding: 20px;\n                margin-bottom: 40px;\n                border-radius: 10px;\n                width: calc(98% - 24px);\n            }\n            .driploss-result h3{\n                margin:0;\n            }\n            .form-drip-loss{\n                margin-top: 30px;\n                margin-bottom: 30px;\n            }\n            .form-drip-loss .the-field{\n                margin-bottom: 15px;\n            }\n            @media (min-width: 64em) {\n                .form-drip-loss .the-field{\n                    float:left;\n                    width: 46%;\n                    margin-right: 4%;\n                }\n            }\n            .form-drip-loss .the-field label{\n                display: block;\n                margin: 0;\n                line-height: 1;\n            }\n            .form-drip-loss .aria-descr{\n                display: block;\n                font-size: 69%;\n                font-style: italic;\n            }\n            .form-drip-loss input,\n            .form-drip-loss select{\n                border-radius: 10px;\n                border: 1px solid #000;\n                color:#000;\n                padding: 10px;\n            }\n            .form-drip-loss select{\n                padding: 7px;\n            }\n            .form-drip-loss input[type=\"submit\"]{\n                display: block;\n    width: 96% !important;\n                font-size: 18px !important;\n                height: auto !important;\n                line-height: normal !important;\n                text-align: center;\n                background: rgba(183,39,38,1) !important;\n                border-width: 1px;\n                border-color: rgba(183,39,38,1) !important;\n                border-style: solid;\n                color: rgba(255,255,255,1) !important;\n                cursor: pointer;\n                font-weight: bold !important;\n                -moz-border-radius: 10px !important;\n                -webkit-border-radius: 10px !important;\n                border-radius: 10px !important;\n                text-shadow: none;\n                padding: 10px 40px !important;\n                -moz-box-sizing: border-box;\n                box-sizing: border-box;\n                -ms-box-sizing: border-box;\n                -moz-box-shadow: 0 1px 1px #eeeeee;\n                -webkit-box-shadow: 0 1px 1px #eeeeee;\n                box-shadow: 0 1px 1px #eeeeee;\n                margin-top: 20px;\n                margin-left: 0;\n                margin-right: 0;\n                vertical-align: middle;\n            }\n        <\/style>\n        \n\n\n\n<div style=\"height:100px\" aria-hidden=\"true\" class=\"wp-block-spacer\"><\/div>\n","protected":false},"excerpt":{"rendered":"<p>La elecci\u00f3n, implementaci\u00f3n y supervisi\u00f3n de los m\u00e9todos de congelaci\u00f3n y descongelaci\u00f3n es de [&hellip;]<\/p>\n","protected":false},"author":1,"featured_media":0,"parent":3822,"menu_order":5,"comment_status":"closed","ping_status":"closed","template":"","meta":{"_acf_changed":false,"content-type":"","footnotes":""},"class_list":["post-8941","page","type-page","status-publish","hentry"],"acf":[],"yoast_head":"<!-- This site is optimized with the Yoast SEO Premium plugin v23.9 (Yoast SEO v27.3) - https:\/\/yoast.com\/product\/yoast-seo-premium-wordpress\/ -->\n<title>Calculadora &quot;Drip Loss Payback&quot; | Stalam<\/title>\n<meta name=\"description\" content=\"Descubre las ventajas del descongelamiento RF: desde la mayor velocidad y uniformidad del proceso hasta la minimizaci\u00f3n de las p\u00e9rdidas por goteo.\" \/>\n<meta name=\"robots\" content=\"index, follow, max-snippet:-1, max-image-preview:large, max-video-preview:-1\" \/>\n<link rel=\"canonical\" href=\"https:\/\/www.stalam.com\/es\/alimentario\/atemperado-y-descongelacion\/calculadora-de-recuperacion-de-perdidas-por-goteo\/\" \/>\n<meta property=\"og:locale\" content=\"es_ES\" \/>\n<meta property=\"og:type\" content=\"article\" \/>\n<meta property=\"og:title\" content=\"Calculadora &quot;Drip Loss Payback&quot;\" \/>\n<meta property=\"og:description\" content=\"Descubre las ventajas del descongelamiento RF: desde la mayor velocidad y uniformidad del proceso hasta la minimizaci\u00f3n de las p\u00e9rdidas por goteo.\" \/>\n<meta property=\"og:url\" content=\"https:\/\/www.stalam.com\/es\/alimentario\/atemperado-y-descongelacion\/calculadora-de-recuperacion-de-perdidas-por-goteo\/\" \/>\n<meta property=\"og:site_name\" content=\"Stalam\" \/>\n<meta property=\"article:publisher\" content=\"https:\/\/www.facebook.com\/Stalam-184036235760438\/\" \/>\n<meta property=\"article:modified_time\" content=\"2024-09-13T12:11:55+00:00\" \/>\n<meta property=\"og:image\" content=\"https:\/\/www.stalam.com\/wp-content\/uploads\/2023\/06\/stalam-logo.png\" \/>\n\t<meta property=\"og:image:width\" content=\"634\" \/>\n\t<meta property=\"og:image:height\" content=\"176\" \/>\n\t<meta property=\"og:image:type\" content=\"image\/png\" \/>\n<meta name=\"twitter:card\" content=\"summary_large_image\" \/>\n<meta name=\"twitter:label1\" content=\"Tiempo de lectura\" \/>\n\t<meta name=\"twitter:data1\" content=\"1 minuto\" \/>\n<script type=\"application\/ld+json\" class=\"yoast-schema-graph\">{\"@context\":\"https:\\\/\\\/schema.org\",\"@graph\":[{\"@type\":\"WebPage\",\"@id\":\"https:\\\/\\\/www.stalam.com\\\/es\\\/alimentario\\\/atemperado-y-descongelacion\\\/calculadora-de-recuperacion-de-perdidas-por-goteo\\\/\",\"url\":\"https:\\\/\\\/www.stalam.com\\\/es\\\/alimentario\\\/atemperado-y-descongelacion\\\/calculadora-de-recuperacion-de-perdidas-por-goteo\\\/\",\"name\":\"Calculadora \\\"Drip Loss Payback\\\" | Stalam\",\"isPartOf\":{\"@id\":\"https:\\\/\\\/www.stalam.com\\\/#website\"},\"datePublished\":\"2024-02-28T10:29:05+00:00\",\"dateModified\":\"2024-09-13T12:11:55+00:00\",\"description\":\"Descubre las ventajas del descongelamiento RF: desde la mayor velocidad y uniformidad del proceso hasta la minimizaci\u00f3n de las p\u00e9rdidas por goteo.\",\"breadcrumb\":{\"@id\":\"https:\\\/\\\/www.stalam.com\\\/es\\\/alimentario\\\/atemperado-y-descongelacion\\\/calculadora-de-recuperacion-de-perdidas-por-goteo\\\/#breadcrumb\"},\"inLanguage\":\"es\",\"potentialAction\":[{\"@type\":\"ReadAction\",\"target\":[\"https:\\\/\\\/www.stalam.com\\\/es\\\/alimentario\\\/atemperado-y-descongelacion\\\/calculadora-de-recuperacion-de-perdidas-por-goteo\\\/\"]}]},{\"@type\":\"BreadcrumbList\",\"@id\":\"https:\\\/\\\/www.stalam.com\\\/es\\\/alimentario\\\/atemperado-y-descongelacion\\\/calculadora-de-recuperacion-de-perdidas-por-goteo\\\/#breadcrumb\",\"itemListElement\":[{\"@type\":\"ListItem\",\"position\":1,\"name\":\"Home\",\"item\":\"https:\\\/\\\/www.stalam.com\\\/es\\\/\"},{\"@type\":\"ListItem\",\"position\":2,\"name\":\"Alimentario\",\"item\":\"https:\\\/\\\/www.stalam.com\\\/es\\\/alimentario\\\/\"},{\"@type\":\"ListItem\",\"position\":3,\"name\":\"Atemperado y descongelacion\",\"item\":\"https:\\\/\\\/www.stalam.com\\\/es\\\/alimentario\\\/atemperado-y-descongelacion\\\/\"},{\"@type\":\"ListItem\",\"position\":4,\"name\":\"Calculadora &#8220;Drip Loss Payback&#8221;\"}]},{\"@type\":\"WebSite\",\"@id\":\"https:\\\/\\\/www.stalam.com\\\/#website\",\"url\":\"https:\\\/\\\/www.stalam.com\\\/\",\"name\":\"Stalam\",\"description\":\"\",\"publisher\":{\"@id\":\"https:\\\/\\\/www.stalam.com\\\/#organization\"},\"potentialAction\":[{\"@type\":\"SearchAction\",\"target\":{\"@type\":\"EntryPoint\",\"urlTemplate\":\"https:\\\/\\\/www.stalam.com\\\/?s={search_term_string}\"},\"query-input\":{\"@type\":\"PropertyValueSpecification\",\"valueRequired\":true,\"valueName\":\"search_term_string\"}}],\"inLanguage\":\"es\"},{\"@type\":\"Organization\",\"@id\":\"https:\\\/\\\/www.stalam.com\\\/#organization\",\"name\":\"Stalam\",\"url\":\"https:\\\/\\\/www.stalam.com\\\/\",\"logo\":{\"@type\":\"ImageObject\",\"inLanguage\":\"es\",\"@id\":\"https:\\\/\\\/www.stalam.com\\\/#\\\/schema\\\/logo\\\/image\\\/\",\"url\":\"https:\\\/\\\/www.stalam.com\\\/wp-content\\\/uploads\\\/2023\\\/06\\\/stalam-logo.png\",\"contentUrl\":\"https:\\\/\\\/www.stalam.com\\\/wp-content\\\/uploads\\\/2023\\\/06\\\/stalam-logo.png\",\"width\":634,\"height\":176,\"caption\":\"Stalam\"},\"image\":{\"@id\":\"https:\\\/\\\/www.stalam.com\\\/#\\\/schema\\\/logo\\\/image\\\/\"},\"sameAs\":[\"https:\\\/\\\/www.facebook.com\\\/Stalam-184036235760438\\\/\",\"https:\\\/\\\/www.linkedin.com\\\/company\\\/stalam\\\/\",\"https:\\\/\\\/www.youtube.com\\\/channel\\\/UCcl2pZ10KrADorPJccCu43Q\"]}]}<\/script>\n<!-- \/ Yoast SEO Premium plugin. -->","yoast_head_json":{"title":"Calculadora \"Drip Loss Payback\" | Stalam","description":"Descubre las ventajas del descongelamiento RF: desde la mayor velocidad y uniformidad del proceso hasta la minimizaci\u00f3n de las p\u00e9rdidas por goteo.","robots":{"index":"index","follow":"follow","max-snippet":"max-snippet:-1","max-image-preview":"max-image-preview:large","max-video-preview":"max-video-preview:-1"},"canonical":"https:\/\/www.stalam.com\/es\/alimentario\/atemperado-y-descongelacion\/calculadora-de-recuperacion-de-perdidas-por-goteo\/","og_locale":"es_ES","og_type":"article","og_title":"Calculadora \"Drip Loss Payback\"","og_description":"Descubre las ventajas del descongelamiento RF: desde la mayor velocidad y uniformidad del proceso hasta la minimizaci\u00f3n de las p\u00e9rdidas por goteo.","og_url":"https:\/\/www.stalam.com\/es\/alimentario\/atemperado-y-descongelacion\/calculadora-de-recuperacion-de-perdidas-por-goteo\/","og_site_name":"Stalam","article_publisher":"https:\/\/www.facebook.com\/Stalam-184036235760438\/","article_modified_time":"2024-09-13T12:11:55+00:00","og_image":[{"width":634,"height":176,"url":"https:\/\/www.stalam.com\/wp-content\/uploads\/2023\/06\/stalam-logo.png","type":"image\/png"}],"twitter_card":"summary_large_image","twitter_misc":{"Tiempo de lectura":"1 minuto"},"schema":{"@context":"https:\/\/schema.org","@graph":[{"@type":"WebPage","@id":"https:\/\/www.stalam.com\/es\/alimentario\/atemperado-y-descongelacion\/calculadora-de-recuperacion-de-perdidas-por-goteo\/","url":"https:\/\/www.stalam.com\/es\/alimentario\/atemperado-y-descongelacion\/calculadora-de-recuperacion-de-perdidas-por-goteo\/","name":"Calculadora \"Drip Loss Payback\" | Stalam","isPartOf":{"@id":"https:\/\/www.stalam.com\/#website"},"datePublished":"2024-02-28T10:29:05+00:00","dateModified":"2024-09-13T12:11:55+00:00","description":"Descubre las ventajas del descongelamiento RF: desde la mayor velocidad y uniformidad del proceso hasta la minimizaci\u00f3n de las p\u00e9rdidas por goteo.","breadcrumb":{"@id":"https:\/\/www.stalam.com\/es\/alimentario\/atemperado-y-descongelacion\/calculadora-de-recuperacion-de-perdidas-por-goteo\/#breadcrumb"},"inLanguage":"es","potentialAction":[{"@type":"ReadAction","target":["https:\/\/www.stalam.com\/es\/alimentario\/atemperado-y-descongelacion\/calculadora-de-recuperacion-de-perdidas-por-goteo\/"]}]},{"@type":"BreadcrumbList","@id":"https:\/\/www.stalam.com\/es\/alimentario\/atemperado-y-descongelacion\/calculadora-de-recuperacion-de-perdidas-por-goteo\/#breadcrumb","itemListElement":[{"@type":"ListItem","position":1,"name":"Home","item":"https:\/\/www.stalam.com\/es\/"},{"@type":"ListItem","position":2,"name":"Alimentario","item":"https:\/\/www.stalam.com\/es\/alimentario\/"},{"@type":"ListItem","position":3,"name":"Atemperado y descongelacion","item":"https:\/\/www.stalam.com\/es\/alimentario\/atemperado-y-descongelacion\/"},{"@type":"ListItem","position":4,"name":"Calculadora &#8220;Drip Loss Payback&#8221;"}]},{"@type":"WebSite","@id":"https:\/\/www.stalam.com\/#website","url":"https:\/\/www.stalam.com\/","name":"Stalam","description":"","publisher":{"@id":"https:\/\/www.stalam.com\/#organization"},"potentialAction":[{"@type":"SearchAction","target":{"@type":"EntryPoint","urlTemplate":"https:\/\/www.stalam.com\/?s={search_term_string}"},"query-input":{"@type":"PropertyValueSpecification","valueRequired":true,"valueName":"search_term_string"}}],"inLanguage":"es"},{"@type":"Organization","@id":"https:\/\/www.stalam.com\/#organization","name":"Stalam","url":"https:\/\/www.stalam.com\/","logo":{"@type":"ImageObject","inLanguage":"es","@id":"https:\/\/www.stalam.com\/#\/schema\/logo\/image\/","url":"https:\/\/www.stalam.com\/wp-content\/uploads\/2023\/06\/stalam-logo.png","contentUrl":"https:\/\/www.stalam.com\/wp-content\/uploads\/2023\/06\/stalam-logo.png","width":634,"height":176,"caption":"Stalam"},"image":{"@id":"https:\/\/www.stalam.com\/#\/schema\/logo\/image\/"},"sameAs":["https:\/\/www.facebook.com\/Stalam-184036235760438\/","https:\/\/www.linkedin.com\/company\/stalam\/","https:\/\/www.youtube.com\/channel\/UCcl2pZ10KrADorPJccCu43Q"]}]}},"_links":{"self":[{"href":"https:\/\/www.stalam.com\/es\/wp-json\/wp\/v2\/pages\/8941","targetHints":{"allow":["GET"]}}],"collection":[{"href":"https:\/\/www.stalam.com\/es\/wp-json\/wp\/v2\/pages"}],"about":[{"href":"https:\/\/www.stalam.com\/es\/wp-json\/wp\/v2\/types\/page"}],"author":[{"embeddable":true,"href":"https:\/\/www.stalam.com\/es\/wp-json\/wp\/v2\/users\/1"}],"replies":[{"embeddable":true,"href":"https:\/\/www.stalam.com\/es\/wp-json\/wp\/v2\/comments?post=8941"}],"version-history":[{"count":13,"href":"https:\/\/www.stalam.com\/es\/wp-json\/wp\/v2\/pages\/8941\/revisions"}],"predecessor-version":[{"id":12880,"href":"https:\/\/www.stalam.com\/es\/wp-json\/wp\/v2\/pages\/8941\/revisions\/12880"}],"up":[{"embeddable":true,"href":"https:\/\/www.stalam.com\/es\/wp-json\/wp\/v2\/pages\/3822"}],"wp:attachment":[{"href":"https:\/\/www.stalam.com\/es\/wp-json\/wp\/v2\/media?parent=8941"}],"curies":[{"name":"wp","href":"https:\/\/api.w.org\/{rel}","templated":true}]}}